{"id":120067,"date":"2016-01-08T13:03:04","date_gmt":"2016-01-08T13:03:04","guid":{"rendered":"https:\/\/henrik.www.ivinio.com\/?product=garofoli-kerria"},"modified":"2020-12-09T04:45:26","modified_gmt":"2020-12-09T04:45:26","slug":"garofoli-kerria","status":"publish","type":"product","link":"https:\/\/www.ivinio.com\/sv\/produkt\/garofoli-kerria\/","title":{"rendered":"Garofoli &#8211; Kerria"},"content":{"rendered":"<p>Kerria fr&aring;n Garofoli framst&auml;lls&nbsp;av 100% Lacrima di Morro d&#39;Alba. Druvorna sk&ouml;rdas vid full mognad och pressas l&auml;tt innan de macereras i 6 dagar f&ouml;r att sedan l&aring;tas j&auml;sa i 8-10 dagar. Den malolaktiska j&auml;sningen f&ouml;ljer och tar ungef&auml;r 20 dagar. Vinet lagras 4 m&aring;nader p&aring; st&aring;ltank f&ouml;r att mogna innan det tappas p&aring; flaska.&nbsp;<\/p>\n","protected":false},"excerpt":{"rendered":"<p>Kerria fr&aring;n Garofoli &auml;r ett&nbsp;r&ouml;dvin framst&auml;llt av 100% Lacrima di morro d&#39;alba. Ett fruktigt, halvfylligt r&ouml;dvin med blommig doft att servera till charkuterier,&nbsp;antipasti och plockmat.<\/p>\n","protected":false},"featured_media":120068,"comment_status":"open","ping_status":"closed","template":"","meta":{"_monsterinsights_skip_tracking":false,"_monsterinsights_sitenote_active":false,"_monsterinsights_sitenote_note":"","_monsterinsights_sitenote_category":0,"_uf_show_specific_survey":0,"_uf_disable_surveys":false},"product_brand":[],"product_cat":[36591,36669],"product_tag":[],"class_list":{"0":"post-120067","1":"product","2":"type-product","3":"status-publish","4":"has-post-thumbnail","6":"product_cat-italienska-viner","7":"product_cat-sv-marche","8":"pa_alcohol-degree-12-sv","9":"pa_classification-doc-lacrima-di-morro-dalba-sv","10":"pa_color-rod-sv","11":"pa_country-italien-sv","12":"pa_grape-variety-lacrima-di-morro-dalba-sv","13":"pa_region-marche-sv","14":"pa_storage-potential-ett-par-ar-sv","15":"pa_vintage-2014-sv","16":"pa_volume-75-cl-sv","18":"first","19":"instock","20":"taxable","21":"shipping-taxable","22":"purchasable","23":"product-type-simple"},"bundled_by":[],"bundle_stock_status":"instock","bundle_stock_quantity":1,"bundle_virtual":false,"bundle_layout":"","bundle_add_to_cart_form_location":"","bundle_editable_in_cart":false,"bundle_sold_individually_context":"","bundle_item_grouping":"","bundle_min_size":"","bundle_max_size":"","bundle_price":[],"bundled_items":[],"bundle_sell_ids":[],"yoast_head":"<!-- This site is optimized with the Yoast SEO plugin v27.5 - https:\/\/yoast.com\/product\/yoast-seo-wordpress\/ -->\n<title>K\u00f6pa vin Italien p\u00e5 n\u00e4tet - k\u00f6pa italienska viner - vinbutik online Ivinio.com<\/title>\n<meta name=\"description\" content=\"Kerria fr\u00e5n Garofoli \u00e4r ett r\u00f6dvin framst\u00e4llt av 100% Lacrima di morro d&#039;alba. Ett fruktigt, halvfylligt r\u00f6dvin med blommig doft att servera till charkuterier, antipasti och plockmat.\" \/>\n<meta name=\"robots\" content=\"index, follow, max-snippet:-1, max-image-preview:large, max-video-preview:-1\" \/>\n<link rel=\"canonical\" href=\"https:\/\/www.ivinio.com\/sv\/produkt\/garofoli-kerria\/\" \/>\n<meta property=\"og:locale\" content=\"sv_SE\" \/>\n<meta property=\"og:type\" content=\"article\" \/>\n<meta property=\"og:title\" content=\"K\u00f6pa vin Italien p\u00e5 n\u00e4tet - k\u00f6pa italienska viner - vinbutik online Ivinio.com\" \/>\n<meta property=\"og:description\" content=\"Kerria fr\u00e5n Garofoli \u00e4r ett r\u00f6dvin framst\u00e4llt av 100% Lacrima di morro d&#039;alba. Ett fruktigt, halvfylligt r\u00f6dvin med blommig doft att servera till charkuterier, antipasti och plockmat.\" \/>\n<meta property=\"og:url\" content=\"https:\/\/www.ivinio.com\/sv\/produkt\/garofoli-kerria\/\" \/>\n<meta property=\"og:site_name\" content=\"IVINIO Vinbutik\" \/>\n<meta property=\"article:publisher\" content=\"https:\/\/www.facebook.com\/groups\/165217837022391\/?ref=bookmarks\" \/>\n<meta property=\"article:modified_time\" content=\"2020-12-09T04:45:26+00:00\" \/>\n<meta property=\"og:image\" content=\"https:\/\/www.ivinio.com\/wp-content\/uploads\/nc\/public\/modules\/file\/pictures\/6119.Garofoli-Kerria-Ivinio.jpg\" \/>\n\t<meta property=\"og:image:width\" content=\"500\" \/>\n\t<meta property=\"og:image:height\" content=\"500\" \/>\n\t<meta property=\"og:image:type\" content=\"image\/jpeg\" \/>\n<meta name=\"twitter:card\" content=\"summary_large_image\" \/>\n<script type=\"application\/ld+json\" class=\"yoast-schema-graph\">{\"@context\":\"https:\\\/\\\/schema.org\",\"@graph\":[{\"@type\":\"WebPage\",\"@id\":\"https:\\\/\\\/www.ivinio.com\\\/sv\\\/produkt\\\/garofoli-kerria\\\/\",\"url\":\"https:\\\/\\\/www.ivinio.com\\\/sv\\\/produkt\\\/garofoli-kerria\\\/\",\"name\":\"K\u00f6pa vin Italien p\u00e5 n\u00e4tet - k\u00f6pa italienska viner - vinbutik online Ivinio.com\",\"isPartOf\":{\"@id\":\"https:\\\/\\\/www.ivinio.com\\\/sv\\\/#website\"},\"primaryImageOfPage\":{\"@id\":\"https:\\\/\\\/www.ivinio.com\\\/sv\\\/produkt\\\/garofoli-kerria\\\/#primaryimage\"},\"image\":{\"@id\":\"https:\\\/\\\/www.ivinio.com\\\/sv\\\/produkt\\\/garofoli-kerria\\\/#primaryimage\"},\"thumbnailUrl\":\"https:\\\/\\\/www.ivinio.com\\\/wp-content\\\/uploads\\\/nc\\\/public\\\/modules\\\/file\\\/pictures\\\/6119.Garofoli-Kerria-Ivinio.jpg\",\"datePublished\":\"2016-01-08T13:03:04+00:00\",\"dateModified\":\"2020-12-09T04:45:26+00:00\",\"description\":\"Kerria fr\u00e5n Garofoli \u00e4r ett r\u00f6dvin framst\u00e4llt av 100% Lacrima di morro d'alba. Ett fruktigt, halvfylligt r\u00f6dvin med blommig doft att servera till charkuterier, antipasti och plockmat.\",\"breadcrumb\":{\"@id\":\"https:\\\/\\\/www.ivinio.com\\\/sv\\\/produkt\\\/garofoli-kerria\\\/#breadcrumb\"},\"inLanguage\":\"sv-SE\",\"potentialAction\":[{\"@type\":\"ReadAction\",\"target\":[\"https:\\\/\\\/www.ivinio.com\\\/sv\\\/produkt\\\/garofoli-kerria\\\/\"]}]},{\"@type\":\"ImageObject\",\"inLanguage\":\"sv-SE\",\"@id\":\"https:\\\/\\\/www.ivinio.com\\\/sv\\\/produkt\\\/garofoli-kerria\\\/#primaryimage\",\"url\":\"https:\\\/\\\/www.ivinio.com\\\/wp-content\\\/uploads\\\/nc\\\/public\\\/modules\\\/file\\\/pictures\\\/6119.Garofoli-Kerria-Ivinio.jpg\",\"contentUrl\":\"https:\\\/\\\/www.ivinio.com\\\/wp-content\\\/uploads\\\/nc\\\/public\\\/modules\\\/file\\\/pictures\\\/6119.Garofoli-Kerria-Ivinio.jpg\",\"width\":500,\"height\":500},{\"@type\":\"BreadcrumbList\",\"@id\":\"https:\\\/\\\/www.ivinio.com\\\/sv\\\/produkt\\\/garofoli-kerria\\\/#breadcrumb\",\"itemListElement\":[{\"@type\":\"ListItem\",\"position\":1,\"name\":\"Hem\",\"item\":\"https:\\\/\\\/www.ivinio.com\\\/sv\\\/\"},{\"@type\":\"ListItem\",\"position\":2,\"name\":\"Vinbutik\",\"item\":\"https:\\\/\\\/www.ivinio.com\\\/sv\\\/vinbutik\\\/\"},{\"@type\":\"ListItem\",\"position\":3,\"name\":\"Garofoli &#8211; Kerria\"}]},{\"@type\":\"WebSite\",\"@id\":\"https:\\\/\\\/www.ivinio.com\\\/sv\\\/#website\",\"url\":\"https:\\\/\\\/www.ivinio.com\\\/sv\\\/\",\"name\":\"IVINIO Vinbutik\",\"description\":\"Vin fr\u00e5n Frankrike och Italien med leverans hem till din d\u00f6rr\",\"publisher\":{\"@id\":\"https:\\\/\\\/www.ivinio.com\\\/sv\\\/#organization\"},\"potentialAction\":[{\"@type\":\"SearchAction\",\"target\":{\"@type\":\"EntryPoint\",\"urlTemplate\":\"https:\\\/\\\/www.ivinio.com\\\/sv\\\/?s={search_term_string}\"},\"query-input\":{\"@type\":\"PropertyValueSpecification\",\"valueRequired\":true,\"valueName\":\"search_term_string\"}}],\"inLanguage\":\"sv-SE\"},{\"@type\":\"Organization\",\"@id\":\"https:\\\/\\\/www.ivinio.com\\\/sv\\\/#organization\",\"name\":\"IVINIO\",\"url\":\"https:\\\/\\\/www.ivinio.com\\\/sv\\\/\",\"logo\":{\"@type\":\"ImageObject\",\"inLanguage\":\"sv-SE\",\"@id\":\"https:\\\/\\\/www.ivinio.com\\\/sv\\\/#\\\/schema\\\/logo\\\/image\\\/\",\"url\":\"https:\\\/\\\/www.ivinio.com\\\/wp-content\\\/uploads\\\/2021\\\/01\\\/Logo-Ivinio-v2.jpg\",\"contentUrl\":\"https:\\\/\\\/www.ivinio.com\\\/wp-content\\\/uploads\\\/2021\\\/01\\\/Logo-Ivinio-v2.jpg\",\"width\":1194,\"height\":1194,\"caption\":\"IVINIO\"},\"image\":{\"@id\":\"https:\\\/\\\/www.ivinio.com\\\/sv\\\/#\\\/schema\\\/logo\\\/image\\\/\"},\"sameAs\":[\"https:\\\/\\\/www.facebook.com\\\/groups\\\/165217837022391\\\/?ref=bookmarks\",\"https:\\\/\\\/www.instagram.com\\\/_ivinio_\\\/?hl=fr\"]}]}<\/script>\n<!-- \/ Yoast SEO plugin. -->","yoast_head_json":{"title":"K\u00f6pa vin Italien p\u00e5 n\u00e4tet - k\u00f6pa italienska viner - vinbutik online Ivinio.com","description":"Kerria fr\u00e5n Garofoli \u00e4r ett r\u00f6dvin framst\u00e4llt av 100% Lacrima di morro d'alba. Ett fruktigt, halvfylligt r\u00f6dvin med blommig doft att servera till charkuterier, antipasti och plockmat.","robots":{"index":"index","follow":"follow","max-snippet":"max-snippet:-1","max-image-preview":"max-image-preview:large","max-video-preview":"max-video-preview:-1"},"canonical":"https:\/\/www.ivinio.com\/sv\/produkt\/garofoli-kerria\/","og_locale":"sv_SE","og_type":"article","og_title":"K\u00f6pa vin Italien p\u00e5 n\u00e4tet - k\u00f6pa italienska viner - vinbutik online Ivinio.com","og_description":"Kerria fr\u00e5n Garofoli \u00e4r ett r\u00f6dvin framst\u00e4llt av 100% Lacrima di morro d'alba. Ett fruktigt, halvfylligt r\u00f6dvin med blommig doft att servera till charkuterier, antipasti och plockmat.","og_url":"https:\/\/www.ivinio.com\/sv\/produkt\/garofoli-kerria\/","og_site_name":"IVINIO Vinbutik","article_publisher":"https:\/\/www.facebook.com\/groups\/165217837022391\/?ref=bookmarks","article_modified_time":"2020-12-09T04:45:26+00:00","og_image":[{"width":500,"height":500,"url":"https:\/\/www.ivinio.com\/wp-content\/uploads\/nc\/public\/modules\/file\/pictures\/6119.Garofoli-Kerria-Ivinio.jpg","type":"image\/jpeg"}],"twitter_card":"summary_large_image","schema":{"@context":"https:\/\/schema.org","@graph":[{"@type":"WebPage","@id":"https:\/\/www.ivinio.com\/sv\/produkt\/garofoli-kerria\/","url":"https:\/\/www.ivinio.com\/sv\/produkt\/garofoli-kerria\/","name":"K\u00f6pa vin Italien p\u00e5 n\u00e4tet - k\u00f6pa italienska viner - vinbutik online Ivinio.com","isPartOf":{"@id":"https:\/\/www.ivinio.com\/sv\/#website"},"primaryImageOfPage":{"@id":"https:\/\/www.ivinio.com\/sv\/produkt\/garofoli-kerria\/#primaryimage"},"image":{"@id":"https:\/\/www.ivinio.com\/sv\/produkt\/garofoli-kerria\/#primaryimage"},"thumbnailUrl":"https:\/\/www.ivinio.com\/wp-content\/uploads\/nc\/public\/modules\/file\/pictures\/6119.Garofoli-Kerria-Ivinio.jpg","datePublished":"2016-01-08T13:03:04+00:00","dateModified":"2020-12-09T04:45:26+00:00","description":"Kerria fr\u00e5n Garofoli \u00e4r ett r\u00f6dvin framst\u00e4llt av 100% Lacrima di morro d'alba. Ett fruktigt, halvfylligt r\u00f6dvin med blommig doft att servera till charkuterier, antipasti och plockmat.","breadcrumb":{"@id":"https:\/\/www.ivinio.com\/sv\/produkt\/garofoli-kerria\/#breadcrumb"},"inLanguage":"sv-SE","potentialAction":[{"@type":"ReadAction","target":["https:\/\/www.ivinio.com\/sv\/produkt\/garofoli-kerria\/"]}]},{"@type":"ImageObject","inLanguage":"sv-SE","@id":"https:\/\/www.ivinio.com\/sv\/produkt\/garofoli-kerria\/#primaryimage","url":"https:\/\/www.ivinio.com\/wp-content\/uploads\/nc\/public\/modules\/file\/pictures\/6119.Garofoli-Kerria-Ivinio.jpg","contentUrl":"https:\/\/www.ivinio.com\/wp-content\/uploads\/nc\/public\/modules\/file\/pictures\/6119.Garofoli-Kerria-Ivinio.jpg","width":500,"height":500},{"@type":"BreadcrumbList","@id":"https:\/\/www.ivinio.com\/sv\/produkt\/garofoli-kerria\/#breadcrumb","itemListElement":[{"@type":"ListItem","position":1,"name":"Hem","item":"https:\/\/www.ivinio.com\/sv\/"},{"@type":"ListItem","position":2,"name":"Vinbutik","item":"https:\/\/www.ivinio.com\/sv\/vinbutik\/"},{"@type":"ListItem","position":3,"name":"Garofoli &#8211; Kerria"}]},{"@type":"WebSite","@id":"https:\/\/www.ivinio.com\/sv\/#website","url":"https:\/\/www.ivinio.com\/sv\/","name":"IVINIO Vinbutik","description":"Vin fr\u00e5n Frankrike och Italien med leverans hem till din d\u00f6rr","publisher":{"@id":"https:\/\/www.ivinio.com\/sv\/#organization"},"potentialAction":[{"@type":"SearchAction","target":{"@type":"EntryPoint","urlTemplate":"https:\/\/www.ivinio.com\/sv\/?s={search_term_string}"},"query-input":{"@type":"PropertyValueSpecification","valueRequired":true,"valueName":"search_term_string"}}],"inLanguage":"sv-SE"},{"@type":"Organization","@id":"https:\/\/www.ivinio.com\/sv\/#organization","name":"IVINIO","url":"https:\/\/www.ivinio.com\/sv\/","logo":{"@type":"ImageObject","inLanguage":"sv-SE","@id":"https:\/\/www.ivinio.com\/sv\/#\/schema\/logo\/image\/","url":"https:\/\/www.ivinio.com\/wp-content\/uploads\/2021\/01\/Logo-Ivinio-v2.jpg","contentUrl":"https:\/\/www.ivinio.com\/wp-content\/uploads\/2021\/01\/Logo-Ivinio-v2.jpg","width":1194,"height":1194,"caption":"IVINIO"},"image":{"@id":"https:\/\/www.ivinio.com\/sv\/#\/schema\/logo\/image\/"},"sameAs":["https:\/\/www.facebook.com\/groups\/165217837022391\/?ref=bookmarks","https:\/\/www.instagram.com\/_ivinio_\/?hl=fr"]}]}},"jetpack_sharing_enabled":true,"_links":{"self":[{"href":"https:\/\/www.ivinio.com\/sv\/wp-json\/wp\/v2\/product\/120067","targetHints":{"allow":["GET"]}}],"collection":[{"href":"https:\/\/www.ivinio.com\/sv\/wp-json\/wp\/v2\/product"}],"about":[{"href":"https:\/\/www.ivinio.com\/sv\/wp-json\/wp\/v2\/types\/product"}],"replies":[{"embeddable":true,"href":"https:\/\/www.ivinio.com\/sv\/wp-json\/wp\/v2\/comments?post=120067"}],"wp:featuredmedia":[{"embeddable":true,"href":"https:\/\/www.ivinio.com\/sv\/wp-json\/wp\/v2\/media\/120068"}],"wp:attachment":[{"href":"https:\/\/www.ivinio.com\/sv\/wp-json\/wp\/v2\/media?parent=120067"}],"wp:term":[{"taxonomy":"product_brand","embeddable":true,"href":"https:\/\/www.ivinio.com\/sv\/wp-json\/wp\/v2\/product_brand?post=120067"},{"taxonomy":"product_cat","embeddable":true,"href":"https:\/\/www.ivinio.com\/sv\/wp-json\/wp\/v2\/product_cat?post=120067"},{"taxonomy":"product_tag","embeddable":true,"href":"https:\/\/www.ivinio.com\/sv\/wp-json\/wp\/v2\/product_tag?post=120067"}],"curies":[{"name":"wp","href":"https:\/\/api.w.org\/{rel}","templated":true}]}}