{"id":119986,"date":"2015-11-23T20:14:44","date_gmt":"2015-11-23T20:14:44","guid":{"rendered":"https:\/\/henrik.www.ivinio.com\/?product=domaine-rene-bouvier-marsannay-en-ouzeloy-rod"},"modified":"2026-02-19T12:07:11","modified_gmt":"2026-02-19T11:07:11","slug":"domaine-rene-bouvier-marsannay-en-ouzeloy-rod","status":"publish","type":"product","link":"https:\/\/www.ivinio.com\/sv\/produkt\/domaine-rene-bouvier-marsannay-en-ouzeloy-rod\/","title":{"rendered":"Domaine Ren\u00e9 Bouvier &#8211; Marsannay &#8220;En Ouzeloy&#8221; &#8211; R\u00f6d"},"content":{"rendered":"<p>Marsannay &#8220;En Ouzeloy&#8221; fr\u00e5n Domaine Ren\u00e9 Bouvier \u00e4r ett ekologiskt r\u00f6dvin framst\u00e4lls av 100% Pinot noir odlade p\u00e5 i genomsnitt 50 \u00e5riga vinstockar. Sk\u00f6rden sker manuellt och druvorna gallras. Vinframst\u00e4llningen sker efter klassisk metod under i genomsnitt 20 dagar. Det f\u00e4rdiga vinet lagras p\u00e5 ekfat, varav 30% \u00e4r nya, i 18 m\u00e5naders tid.<\/p>\n","protected":false},"excerpt":{"rendered":"<p>Marsannay &#8220;En Ouzeloy&#8221; fr\u00e5n Ren\u00e9 Bouvier \u00e4r en vacker Marsannay med typisk gener\u00f6s burgundisk Pinot noir n\u00e4r den \u00e4r som b\u00e4st. En doft av hallon och komplex fruktig\u00a0smak, l\u00e4tt kryddig. Att servera till r\u00e4tter av r\u00f6tt k\u00f6tt, vilt eller en torsk- alt. marulksfil\u00e9.<\/p>\n","protected":false},"featured_media":119987,"comment_status":"open","ping_status":"closed","template":"","meta":{"_monsterinsights_skip_tracking":false,"_monsterinsights_sitenote_active":false,"_monsterinsights_sitenote_note":"","_monsterinsights_sitenote_category":0,"_uf_show_specific_survey":0,"_uf_disable_surveys":false},"product_brand":[],"product_cat":[36612,36588],"product_tag":[],"class_list":{"0":"post-119986","1":"product","2":"type-product","3":"status-publish","4":"has-post-thumbnail","6":"product_cat-sv-bourgogne","7":"product_cat-franska-viner","8":"pa_alcohol-degree-13-sv","9":"pa_awards-la-revue-du-vin-de-france-sv","10":"pa_classification-aop-marsannay-sv","11":"pa_color-rod-sv","12":"pa_country-frankrike-sv","13":"pa_grape-variety-pinot-noir-sv","14":"pa_package-1x1-sv","15":"pa_package-1x6-sv","16":"pa_region-bourgogne-sv","17":"pa_storage-potential-7-ar","18":"pa_vintage-41218","19":"pa_volume-75-cl-sv","21":"first","22":"instock","23":"taxable","24":"shipping-taxable","25":"purchasable","26":"product-type-variable"},"bundled_by":[],"bundle_stock_status":"instock","bundle_stock_quantity":null,"bundle_virtual":false,"bundle_layout":"","bundle_add_to_cart_form_location":"","bundle_editable_in_cart":false,"bundle_sold_individually_context":"","bundle_item_grouping":"","bundle_min_size":"","bundle_max_size":"","bundle_price":[],"bundled_items":[],"bundle_sell_ids":[],"yoast_head":"<!-- This site is optimized with the Yoast SEO plugin v27.5 - https:\/\/yoast.com\/product\/yoast-seo-wordpress\/ -->\n<title>K\u00f6pa Domaine Ren\u00e9 Bouvier - Marsannay &quot;En Ouzeloy&quot; - R\u00f6dvin - IVINIO Vinbutik<\/title>\n<meta name=\"description\" content=\"K\u00f6pa Domaine Ren\u00e9 Bouvier - Marsannay &quot;En Ouzeloy&quot; - R\u00f6dvin. En vacker Marsannay, doft av hallon och komplex fruktig smak, l\u00e4tt kryddig.\" \/>\n<meta name=\"robots\" content=\"index, follow, max-snippet:-1, max-image-preview:large, max-video-preview:-1\" \/>\n<link rel=\"canonical\" href=\"https:\/\/www.ivinio.com\/sv\/produkt\/domaine-rene-bouvier-marsannay-en-ouzeloy-rod\/\" \/>\n<meta property=\"og:locale\" content=\"sv_SE\" \/>\n<meta property=\"og:type\" content=\"article\" \/>\n<meta property=\"og:title\" content=\"K\u00f6pa Domaine Ren\u00e9 Bouvier - Marsannay &quot;En Ouzeloy&quot; - R\u00f6dvin - IVINIO Vinbutik\" \/>\n<meta property=\"og:description\" content=\"K\u00f6pa Domaine Ren\u00e9 Bouvier - Marsannay &quot;En Ouzeloy&quot; - R\u00f6dvin. En vacker Marsannay, doft av hallon och komplex fruktig smak, l\u00e4tt kryddig.\" \/>\n<meta property=\"og:url\" content=\"https:\/\/www.ivinio.com\/sv\/produkt\/domaine-rene-bouvier-marsannay-en-ouzeloy-rod\/\" \/>\n<meta property=\"og:site_name\" content=\"IVINIO Vinbutik\" \/>\n<meta property=\"article:publisher\" content=\"https:\/\/www.facebook.com\/groups\/165217837022391\/?ref=bookmarks\" \/>\n<meta property=\"article:modified_time\" content=\"2026-02-19T11:07:11+00:00\" \/>\n<meta property=\"og:image\" content=\"https:\/\/www.ivinio.com\/wp-content\/uploads\/nc\/public\/modules\/file\/pictures\/6089.Ren-Bouvier-Marsannay-En-Ouzeloy-ivinio.jpg\" \/>\n\t<meta property=\"og:image:width\" content=\"500\" \/>\n\t<meta property=\"og:image:height\" content=\"500\" \/>\n\t<meta property=\"og:image:type\" content=\"image\/jpeg\" \/>\n<meta name=\"twitter:card\" content=\"summary_large_image\" \/>\n<meta name=\"twitter:label1\" content=\"Ber\u00e4knad l\u00e4stid\" \/>\n\t<meta name=\"twitter:data1\" content=\"1 minut\" \/>\n<script type=\"application\/ld+json\" class=\"yoast-schema-graph\">{\"@context\":\"https:\\\/\\\/schema.org\",\"@graph\":[{\"@type\":\"WebPage\",\"@id\":\"https:\\\/\\\/www.ivinio.com\\\/sv\\\/produkt\\\/domaine-rene-bouvier-marsannay-en-ouzeloy-rod\\\/\",\"url\":\"https:\\\/\\\/www.ivinio.com\\\/sv\\\/produkt\\\/domaine-rene-bouvier-marsannay-en-ouzeloy-rod\\\/\",\"name\":\"K\u00f6pa Domaine Ren\u00e9 Bouvier - Marsannay \\\"En Ouzeloy\\\" - R\u00f6dvin - IVINIO Vinbutik\",\"isPartOf\":{\"@id\":\"https:\\\/\\\/www.ivinio.com\\\/sv\\\/#website\"},\"primaryImageOfPage\":{\"@id\":\"https:\\\/\\\/www.ivinio.com\\\/sv\\\/produkt\\\/domaine-rene-bouvier-marsannay-en-ouzeloy-rod\\\/#primaryimage\"},\"image\":{\"@id\":\"https:\\\/\\\/www.ivinio.com\\\/sv\\\/produkt\\\/domaine-rene-bouvier-marsannay-en-ouzeloy-rod\\\/#primaryimage\"},\"thumbnailUrl\":\"https:\\\/\\\/www.ivinio.com\\\/wp-content\\\/uploads\\\/nc\\\/public\\\/modules\\\/file\\\/pictures\\\/6089.Ren-Bouvier-Marsannay-En-Ouzeloy-ivinio.jpg\",\"datePublished\":\"2015-11-23T20:14:44+00:00\",\"dateModified\":\"2026-02-19T11:07:11+00:00\",\"description\":\"K\u00f6pa Domaine Ren\u00e9 Bouvier - Marsannay \\\"En Ouzeloy\\\" - R\u00f6dvin. En vacker Marsannay, doft av hallon och komplex fruktig smak, l\u00e4tt kryddig.\",\"breadcrumb\":{\"@id\":\"https:\\\/\\\/www.ivinio.com\\\/sv\\\/produkt\\\/domaine-rene-bouvier-marsannay-en-ouzeloy-rod\\\/#breadcrumb\"},\"inLanguage\":\"sv-SE\",\"potentialAction\":[{\"@type\":\"ReadAction\",\"target\":[\"https:\\\/\\\/www.ivinio.com\\\/sv\\\/produkt\\\/domaine-rene-bouvier-marsannay-en-ouzeloy-rod\\\/\"]}]},{\"@type\":\"ImageObject\",\"inLanguage\":\"sv-SE\",\"@id\":\"https:\\\/\\\/www.ivinio.com\\\/sv\\\/produkt\\\/domaine-rene-bouvier-marsannay-en-ouzeloy-rod\\\/#primaryimage\",\"url\":\"https:\\\/\\\/www.ivinio.com\\\/wp-content\\\/uploads\\\/nc\\\/public\\\/modules\\\/file\\\/pictures\\\/6089.Ren-Bouvier-Marsannay-En-Ouzeloy-ivinio.jpg\",\"contentUrl\":\"https:\\\/\\\/www.ivinio.com\\\/wp-content\\\/uploads\\\/nc\\\/public\\\/modules\\\/file\\\/pictures\\\/6089.Ren-Bouvier-Marsannay-En-Ouzeloy-ivinio.jpg\",\"width\":500,\"height\":500,\"caption\":\"Domaine Ren\u00e9 Bouvier - Marsannay \\\"En Ouzeloy\\\"\"},{\"@type\":\"BreadcrumbList\",\"@id\":\"https:\\\/\\\/www.ivinio.com\\\/sv\\\/produkt\\\/domaine-rene-bouvier-marsannay-en-ouzeloy-rod\\\/#breadcrumb\",\"itemListElement\":[{\"@type\":\"ListItem\",\"position\":1,\"name\":\"Hem\",\"item\":\"https:\\\/\\\/www.ivinio.com\\\/sv\\\/\"},{\"@type\":\"ListItem\",\"position\":2,\"name\":\"Vinbutik\",\"item\":\"https:\\\/\\\/www.ivinio.com\\\/sv\\\/vinbutik\\\/\"},{\"@type\":\"ListItem\",\"position\":3,\"name\":\"Domaine Ren\u00e9 Bouvier &#8211; Marsannay &#8220;En Ouzeloy&#8221; &#8211; R\u00f6d\"}]},{\"@type\":\"WebSite\",\"@id\":\"https:\\\/\\\/www.ivinio.com\\\/sv\\\/#website\",\"url\":\"https:\\\/\\\/www.ivinio.com\\\/sv\\\/\",\"name\":\"IVINIO Vinbutik\",\"description\":\"Vin fr\u00e5n Frankrike och Italien med leverans hem till din d\u00f6rr\",\"publisher\":{\"@id\":\"https:\\\/\\\/www.ivinio.com\\\/sv\\\/#organization\"},\"potentialAction\":[{\"@type\":\"SearchAction\",\"target\":{\"@type\":\"EntryPoint\",\"urlTemplate\":\"https:\\\/\\\/www.ivinio.com\\\/sv\\\/?s={search_term_string}\"},\"query-input\":{\"@type\":\"PropertyValueSpecification\",\"valueRequired\":true,\"valueName\":\"search_term_string\"}}],\"inLanguage\":\"sv-SE\"},{\"@type\":\"Organization\",\"@id\":\"https:\\\/\\\/www.ivinio.com\\\/sv\\\/#organization\",\"name\":\"IVINIO\",\"url\":\"https:\\\/\\\/www.ivinio.com\\\/sv\\\/\",\"logo\":{\"@type\":\"ImageObject\",\"inLanguage\":\"sv-SE\",\"@id\":\"https:\\\/\\\/www.ivinio.com\\\/sv\\\/#\\\/schema\\\/logo\\\/image\\\/\",\"url\":\"https:\\\/\\\/www.ivinio.com\\\/wp-content\\\/uploads\\\/2021\\\/01\\\/Logo-Ivinio-v2.jpg\",\"contentUrl\":\"https:\\\/\\\/www.ivinio.com\\\/wp-content\\\/uploads\\\/2021\\\/01\\\/Logo-Ivinio-v2.jpg\",\"width\":1194,\"height\":1194,\"caption\":\"IVINIO\"},\"image\":{\"@id\":\"https:\\\/\\\/www.ivinio.com\\\/sv\\\/#\\\/schema\\\/logo\\\/image\\\/\"},\"sameAs\":[\"https:\\\/\\\/www.facebook.com\\\/groups\\\/165217837022391\\\/?ref=bookmarks\",\"https:\\\/\\\/www.instagram.com\\\/_ivinio_\\\/?hl=fr\"]}]}<\/script>\n<!-- \/ Yoast SEO plugin. -->","yoast_head_json":{"title":"K\u00f6pa Domaine Ren\u00e9 Bouvier - Marsannay \"En Ouzeloy\" - R\u00f6dvin - IVINIO Vinbutik","description":"K\u00f6pa Domaine Ren\u00e9 Bouvier - Marsannay \"En Ouzeloy\" - R\u00f6dvin. En vacker Marsannay, doft av hallon och komplex fruktig smak, l\u00e4tt kryddig.","robots":{"index":"index","follow":"follow","max-snippet":"max-snippet:-1","max-image-preview":"max-image-preview:large","max-video-preview":"max-video-preview:-1"},"canonical":"https:\/\/www.ivinio.com\/sv\/produkt\/domaine-rene-bouvier-marsannay-en-ouzeloy-rod\/","og_locale":"sv_SE","og_type":"article","og_title":"K\u00f6pa Domaine Ren\u00e9 Bouvier - Marsannay \"En Ouzeloy\" - R\u00f6dvin - IVINIO Vinbutik","og_description":"K\u00f6pa Domaine Ren\u00e9 Bouvier - Marsannay \"En Ouzeloy\" - R\u00f6dvin. En vacker Marsannay, doft av hallon och komplex fruktig smak, l\u00e4tt kryddig.","og_url":"https:\/\/www.ivinio.com\/sv\/produkt\/domaine-rene-bouvier-marsannay-en-ouzeloy-rod\/","og_site_name":"IVINIO Vinbutik","article_publisher":"https:\/\/www.facebook.com\/groups\/165217837022391\/?ref=bookmarks","article_modified_time":"2026-02-19T11:07:11+00:00","og_image":[{"width":500,"height":500,"url":"https:\/\/www.ivinio.com\/wp-content\/uploads\/nc\/public\/modules\/file\/pictures\/6089.Ren-Bouvier-Marsannay-En-Ouzeloy-ivinio.jpg","type":"image\/jpeg"}],"twitter_card":"summary_large_image","twitter_misc":{"Ber\u00e4knad l\u00e4stid":"1 minut"},"schema":{"@context":"https:\/\/schema.org","@graph":[{"@type":"WebPage","@id":"https:\/\/www.ivinio.com\/sv\/produkt\/domaine-rene-bouvier-marsannay-en-ouzeloy-rod\/","url":"https:\/\/www.ivinio.com\/sv\/produkt\/domaine-rene-bouvier-marsannay-en-ouzeloy-rod\/","name":"K\u00f6pa Domaine Ren\u00e9 Bouvier - Marsannay \"En Ouzeloy\" - R\u00f6dvin - IVINIO Vinbutik","isPartOf":{"@id":"https:\/\/www.ivinio.com\/sv\/#website"},"primaryImageOfPage":{"@id":"https:\/\/www.ivinio.com\/sv\/produkt\/domaine-rene-bouvier-marsannay-en-ouzeloy-rod\/#primaryimage"},"image":{"@id":"https:\/\/www.ivinio.com\/sv\/produkt\/domaine-rene-bouvier-marsannay-en-ouzeloy-rod\/#primaryimage"},"thumbnailUrl":"https:\/\/www.ivinio.com\/wp-content\/uploads\/nc\/public\/modules\/file\/pictures\/6089.Ren-Bouvier-Marsannay-En-Ouzeloy-ivinio.jpg","datePublished":"2015-11-23T20:14:44+00:00","dateModified":"2026-02-19T11:07:11+00:00","description":"K\u00f6pa Domaine Ren\u00e9 Bouvier - Marsannay \"En Ouzeloy\" - R\u00f6dvin. En vacker Marsannay, doft av hallon och komplex fruktig smak, l\u00e4tt kryddig.","breadcrumb":{"@id":"https:\/\/www.ivinio.com\/sv\/produkt\/domaine-rene-bouvier-marsannay-en-ouzeloy-rod\/#breadcrumb"},"inLanguage":"sv-SE","potentialAction":[{"@type":"ReadAction","target":["https:\/\/www.ivinio.com\/sv\/produkt\/domaine-rene-bouvier-marsannay-en-ouzeloy-rod\/"]}]},{"@type":"ImageObject","inLanguage":"sv-SE","@id":"https:\/\/www.ivinio.com\/sv\/produkt\/domaine-rene-bouvier-marsannay-en-ouzeloy-rod\/#primaryimage","url":"https:\/\/www.ivinio.com\/wp-content\/uploads\/nc\/public\/modules\/file\/pictures\/6089.Ren-Bouvier-Marsannay-En-Ouzeloy-ivinio.jpg","contentUrl":"https:\/\/www.ivinio.com\/wp-content\/uploads\/nc\/public\/modules\/file\/pictures\/6089.Ren-Bouvier-Marsannay-En-Ouzeloy-ivinio.jpg","width":500,"height":500,"caption":"Domaine Ren\u00e9 Bouvier - Marsannay \"En Ouzeloy\""},{"@type":"BreadcrumbList","@id":"https:\/\/www.ivinio.com\/sv\/produkt\/domaine-rene-bouvier-marsannay-en-ouzeloy-rod\/#breadcrumb","itemListElement":[{"@type":"ListItem","position":1,"name":"Hem","item":"https:\/\/www.ivinio.com\/sv\/"},{"@type":"ListItem","position":2,"name":"Vinbutik","item":"https:\/\/www.ivinio.com\/sv\/vinbutik\/"},{"@type":"ListItem","position":3,"name":"Domaine Ren\u00e9 Bouvier &#8211; Marsannay &#8220;En Ouzeloy&#8221; &#8211; R\u00f6d"}]},{"@type":"WebSite","@id":"https:\/\/www.ivinio.com\/sv\/#website","url":"https:\/\/www.ivinio.com\/sv\/","name":"IVINIO Vinbutik","description":"Vin fr\u00e5n Frankrike och Italien med leverans hem till din d\u00f6rr","publisher":{"@id":"https:\/\/www.ivinio.com\/sv\/#organization"},"potentialAction":[{"@type":"SearchAction","target":{"@type":"EntryPoint","urlTemplate":"https:\/\/www.ivinio.com\/sv\/?s={search_term_string}"},"query-input":{"@type":"PropertyValueSpecification","valueRequired":true,"valueName":"search_term_string"}}],"inLanguage":"sv-SE"},{"@type":"Organization","@id":"https:\/\/www.ivinio.com\/sv\/#organization","name":"IVINIO","url":"https:\/\/www.ivinio.com\/sv\/","logo":{"@type":"ImageObject","inLanguage":"sv-SE","@id":"https:\/\/www.ivinio.com\/sv\/#\/schema\/logo\/image\/","url":"https:\/\/www.ivinio.com\/wp-content\/uploads\/2021\/01\/Logo-Ivinio-v2.jpg","contentUrl":"https:\/\/www.ivinio.com\/wp-content\/uploads\/2021\/01\/Logo-Ivinio-v2.jpg","width":1194,"height":1194,"caption":"IVINIO"},"image":{"@id":"https:\/\/www.ivinio.com\/sv\/#\/schema\/logo\/image\/"},"sameAs":["https:\/\/www.facebook.com\/groups\/165217837022391\/?ref=bookmarks","https:\/\/www.instagram.com\/_ivinio_\/?hl=fr"]}]}},"jetpack_sharing_enabled":true,"_links":{"self":[{"href":"https:\/\/www.ivinio.com\/sv\/wp-json\/wp\/v2\/product\/119986","targetHints":{"allow":["GET"]}}],"collection":[{"href":"https:\/\/www.ivinio.com\/sv\/wp-json\/wp\/v2\/product"}],"about":[{"href":"https:\/\/www.ivinio.com\/sv\/wp-json\/wp\/v2\/types\/product"}],"replies":[{"embeddable":true,"href":"https:\/\/www.ivinio.com\/sv\/wp-json\/wp\/v2\/comments?post=119986"}],"wp:featuredmedia":[{"embeddable":true,"href":"https:\/\/www.ivinio.com\/sv\/wp-json\/wp\/v2\/media\/119987"}],"wp:attachment":[{"href":"https:\/\/www.ivinio.com\/sv\/wp-json\/wp\/v2\/media?parent=119986"}],"wp:term":[{"taxonomy":"product_brand","embeddable":true,"href":"https:\/\/www.ivinio.com\/sv\/wp-json\/wp\/v2\/product_brand?post=119986"},{"taxonomy":"product_cat","embeddable":true,"href":"https:\/\/www.ivinio.com\/sv\/wp-json\/wp\/v2\/product_cat?post=119986"},{"taxonomy":"product_tag","embeddable":true,"href":"https:\/\/www.ivinio.com\/sv\/wp-json\/wp\/v2\/product_tag?post=119986"}],"curies":[{"name":"wp","href":"https:\/\/api.w.org\/{rel}","templated":true}]}}