{"id":119943,"date":"2014-09-22T16:24:40","date_gmt":"2014-09-22T14:24:40","guid":{"rendered":"https:\/\/henrik.www.ivinio.com\/?product=henriot-champagne-brut-souverain"},"modified":"2023-01-03T12:06:40","modified_gmt":"2023-01-03T11:06:40","slug":"henriot-champagne-brut-souverain","status":"publish","type":"product","link":"https:\/\/www.ivinio.com\/sv\/produkt\/henriot-champagne-brut-souverain\/","title":{"rendered":"Henriot Champagne &#8220;Brut Souverain&#8221;"},"content":{"rendered":"<p>Brut Souverain fr\u00e5n Henriot, framst\u00e4lls av lika delar Pinot noir fr\u00e5n Montagne de Reims\u00a0och Chardonnaydruvor fr\u00e5n C\u00f4tes des blancs samt en liten del Pinot Meunier f\u00f6r sin fruktiga karakt\u00e4r. Inte mindre \u00e4n 25 olika &#8220;cuv\u00e9er&#8221; anv\u00e4nds fr\u00e5n bl.a.\u00a0Mesnil sur Oger, Oger, Avize, Cramant, Chouilly, A\u00ff, Verzy, Verzenay, Beaumont, Sillery, Mailly Champagne. Vinet framst\u00e4lls med 20% av &#8220;vin de r\u00e9serve&#8221; och det f\u00e4rdiga vinet lagras ungef\u00e4r 3\u00a0\u00e5r i vink\u00e4llarna i Reims\u00a0innan det g\u00e5r till f\u00f6rs\u00e4ljning.<\/p>\n","protected":false},"excerpt":{"rendered":"<p>Champagne Henriot Brut Souverain \u00e4r en fruktig och aromatiskt champagne, framst\u00e4lld av lika delar Pinot noir och Chardonnay samt en liten del Pinot Meunier.\u00a0En champagne som passar s\u00e5v\u00e4l\u00a0till aperitif som till bords!<\/p>\n","protected":false},"featured_media":119944,"comment_status":"open","ping_status":"closed","template":"","meta":{"_monsterinsights_skip_tracking":false,"_monsterinsights_sitenote_active":false,"_monsterinsights_sitenote_note":"","_monsterinsights_sitenote_category":0,"_uf_show_specific_survey":0,"_uf_disable_surveys":false},"product_brand":[],"product_cat":[36615,36588],"product_tag":[],"class_list":{"0":"post-119943","1":"product","2":"type-product","3":"status-publish","4":"has-post-thumbnail","6":"product_cat-sv-champagne","7":"product_cat-franska-viner","8":"pa_alcohol-degree-12-5-sv","9":"pa_awards-bettanedesseauve-sv","10":"pa_awards-gault-millau-vins-sv","11":"pa_awards-la-revue-du-vin-de-france-sv","12":"pa_awards-robert-parker-sv","13":"pa_awards-wine-spectator","14":"pa_classification-aop-champagne-sv","15":"pa_color-mousserande-sv","16":"pa_country-frankrike-sv","17":"pa_grape-variety-chardonnay-sv","18":"pa_grape-variety-pinot-meunier","19":"pa_grape-variety-pinot-noir-sv","20":"pa_package-1x1-sv","21":"pa_package-1x6-sv","22":"pa_region-champagne-sv","23":"pa_storage-potential-10-ar-sv","24":"pa_volume-75-cl-sv","26":"first","27":"instock","28":"taxable","29":"shipping-taxable","30":"purchasable","31":"product-type-variable"},"bundled_by":[],"bundle_stock_status":"instock","bundle_stock_quantity":null,"bundle_virtual":false,"bundle_layout":"","bundle_add_to_cart_form_location":"","bundle_editable_in_cart":false,"bundle_sold_individually_context":"","bundle_item_grouping":"","bundle_min_size":"","bundle_max_size":"","bundle_price":[],"bundled_items":[],"bundle_sell_ids":[],"yoast_head":"<!-- This site is optimized with the Yoast SEO plugin v27.5 - https:\/\/yoast.com\/product\/yoast-seo-wordpress\/ -->\n<title>K\u00f6pa Henriot Champagne &quot;Brut Souverain&quot; - IVINIO Vinbutik<\/title>\n<meta name=\"description\" content=\"K\u00f6pa Henriot Champagne &quot;Brut Souverain&quot;. En fruktig och aromatiskt champagne, framst\u00e4lld av lika delar Pinot noir och Chardonnay samt en liten del Pinot Meunier.\" \/>\n<meta name=\"robots\" content=\"index, follow, max-snippet:-1, max-image-preview:large, max-video-preview:-1\" \/>\n<link rel=\"canonical\" href=\"https:\/\/www.ivinio.com\/sv\/produkt\/henriot-champagne-brut-souverain\/\" \/>\n<meta property=\"og:locale\" content=\"sv_SE\" \/>\n<meta property=\"og:type\" content=\"article\" \/>\n<meta property=\"og:title\" content=\"K\u00f6pa Henriot Champagne &quot;Brut Souverain&quot; - IVINIO Vinbutik\" \/>\n<meta property=\"og:description\" content=\"K\u00f6pa Henriot Champagne &quot;Brut Souverain&quot;. En fruktig och aromatiskt champagne, framst\u00e4lld av lika delar Pinot noir och Chardonnay samt en liten del Pinot Meunier.\" \/>\n<meta property=\"og:url\" content=\"https:\/\/www.ivinio.com\/sv\/produkt\/henriot-champagne-brut-souverain\/\" \/>\n<meta property=\"og:site_name\" content=\"IVINIO Vinbutik\" \/>\n<meta property=\"article:publisher\" content=\"https:\/\/www.facebook.com\/groups\/165217837022391\/?ref=bookmarks\" \/>\n<meta property=\"article:modified_time\" content=\"2023-01-03T11:06:40+00:00\" \/>\n<meta property=\"og:image\" content=\"https:\/\/www.ivinio.com\/wp-content\/uploads\/nc\/public\/modules\/file\/pictures\/6220.henriot-brut-souverain-ivinio.jpg\" \/>\n\t<meta property=\"og:image:width\" content=\"500\" \/>\n\t<meta property=\"og:image:height\" content=\"500\" \/>\n\t<meta property=\"og:image:type\" content=\"image\/jpeg\" \/>\n<meta name=\"twitter:card\" content=\"summary_large_image\" \/>\n<script type=\"application\/ld+json\" class=\"yoast-schema-graph\">{\"@context\":\"https:\\\/\\\/schema.org\",\"@graph\":[{\"@type\":\"WebPage\",\"@id\":\"https:\\\/\\\/www.ivinio.com\\\/sv\\\/produkt\\\/henriot-champagne-brut-souverain\\\/\",\"url\":\"https:\\\/\\\/www.ivinio.com\\\/sv\\\/produkt\\\/henriot-champagne-brut-souverain\\\/\",\"name\":\"K\u00f6pa Henriot Champagne \\\"Brut Souverain\\\" - IVINIO Vinbutik\",\"isPartOf\":{\"@id\":\"https:\\\/\\\/www.ivinio.com\\\/sv\\\/#website\"},\"primaryImageOfPage\":{\"@id\":\"https:\\\/\\\/www.ivinio.com\\\/sv\\\/produkt\\\/henriot-champagne-brut-souverain\\\/#primaryimage\"},\"image\":{\"@id\":\"https:\\\/\\\/www.ivinio.com\\\/sv\\\/produkt\\\/henriot-champagne-brut-souverain\\\/#primaryimage\"},\"thumbnailUrl\":\"https:\\\/\\\/www.ivinio.com\\\/wp-content\\\/uploads\\\/nc\\\/public\\\/modules\\\/file\\\/pictures\\\/6220.henriot-brut-souverain-ivinio.jpg\",\"datePublished\":\"2014-09-22T14:24:40+00:00\",\"dateModified\":\"2023-01-03T11:06:40+00:00\",\"description\":\"K\u00f6pa Henriot Champagne \\\"Brut Souverain\\\". En fruktig och aromatiskt champagne, framst\u00e4lld av lika delar Pinot noir och Chardonnay samt en liten del Pinot Meunier.\",\"breadcrumb\":{\"@id\":\"https:\\\/\\\/www.ivinio.com\\\/sv\\\/produkt\\\/henriot-champagne-brut-souverain\\\/#breadcrumb\"},\"inLanguage\":\"sv-SE\",\"potentialAction\":[{\"@type\":\"ReadAction\",\"target\":[\"https:\\\/\\\/www.ivinio.com\\\/sv\\\/produkt\\\/henriot-champagne-brut-souverain\\\/\"]}]},{\"@type\":\"ImageObject\",\"inLanguage\":\"sv-SE\",\"@id\":\"https:\\\/\\\/www.ivinio.com\\\/sv\\\/produkt\\\/henriot-champagne-brut-souverain\\\/#primaryimage\",\"url\":\"https:\\\/\\\/www.ivinio.com\\\/wp-content\\\/uploads\\\/nc\\\/public\\\/modules\\\/file\\\/pictures\\\/6220.henriot-brut-souverain-ivinio.jpg\",\"contentUrl\":\"https:\\\/\\\/www.ivinio.com\\\/wp-content\\\/uploads\\\/nc\\\/public\\\/modules\\\/file\\\/pictures\\\/6220.henriot-brut-souverain-ivinio.jpg\",\"width\":500,\"height\":500},{\"@type\":\"BreadcrumbList\",\"@id\":\"https:\\\/\\\/www.ivinio.com\\\/sv\\\/produkt\\\/henriot-champagne-brut-souverain\\\/#breadcrumb\",\"itemListElement\":[{\"@type\":\"ListItem\",\"position\":1,\"name\":\"Hem\",\"item\":\"https:\\\/\\\/www.ivinio.com\\\/sv\\\/\"},{\"@type\":\"ListItem\",\"position\":2,\"name\":\"Vinbutik\",\"item\":\"https:\\\/\\\/www.ivinio.com\\\/sv\\\/vinbutik\\\/\"},{\"@type\":\"ListItem\",\"position\":3,\"name\":\"Henriot Champagne &#8220;Brut Souverain&#8221;\"}]},{\"@type\":\"WebSite\",\"@id\":\"https:\\\/\\\/www.ivinio.com\\\/sv\\\/#website\",\"url\":\"https:\\\/\\\/www.ivinio.com\\\/sv\\\/\",\"name\":\"IVINIO Vinbutik\",\"description\":\"Vin fr\u00e5n Frankrike och Italien med leverans hem till din d\u00f6rr\",\"publisher\":{\"@id\":\"https:\\\/\\\/www.ivinio.com\\\/sv\\\/#organization\"},\"potentialAction\":[{\"@type\":\"SearchAction\",\"target\":{\"@type\":\"EntryPoint\",\"urlTemplate\":\"https:\\\/\\\/www.ivinio.com\\\/sv\\\/?s={search_term_string}\"},\"query-input\":{\"@type\":\"PropertyValueSpecification\",\"valueRequired\":true,\"valueName\":\"search_term_string\"}}],\"inLanguage\":\"sv-SE\"},{\"@type\":\"Organization\",\"@id\":\"https:\\\/\\\/www.ivinio.com\\\/sv\\\/#organization\",\"name\":\"IVINIO\",\"url\":\"https:\\\/\\\/www.ivinio.com\\\/sv\\\/\",\"logo\":{\"@type\":\"ImageObject\",\"inLanguage\":\"sv-SE\",\"@id\":\"https:\\\/\\\/www.ivinio.com\\\/sv\\\/#\\\/schema\\\/logo\\\/image\\\/\",\"url\":\"https:\\\/\\\/www.ivinio.com\\\/wp-content\\\/uploads\\\/2021\\\/01\\\/Logo-Ivinio-v2.jpg\",\"contentUrl\":\"https:\\\/\\\/www.ivinio.com\\\/wp-content\\\/uploads\\\/2021\\\/01\\\/Logo-Ivinio-v2.jpg\",\"width\":1194,\"height\":1194,\"caption\":\"IVINIO\"},\"image\":{\"@id\":\"https:\\\/\\\/www.ivinio.com\\\/sv\\\/#\\\/schema\\\/logo\\\/image\\\/\"},\"sameAs\":[\"https:\\\/\\\/www.facebook.com\\\/groups\\\/165217837022391\\\/?ref=bookmarks\",\"https:\\\/\\\/www.instagram.com\\\/_ivinio_\\\/?hl=fr\"]}]}<\/script>\n<!-- \/ Yoast SEO plugin. -->","yoast_head_json":{"title":"K\u00f6pa Henriot Champagne \"Brut Souverain\" - IVINIO Vinbutik","description":"K\u00f6pa Henriot Champagne \"Brut Souverain\". En fruktig och aromatiskt champagne, framst\u00e4lld av lika delar Pinot noir och Chardonnay samt en liten del Pinot Meunier.","robots":{"index":"index","follow":"follow","max-snippet":"max-snippet:-1","max-image-preview":"max-image-preview:large","max-video-preview":"max-video-preview:-1"},"canonical":"https:\/\/www.ivinio.com\/sv\/produkt\/henriot-champagne-brut-souverain\/","og_locale":"sv_SE","og_type":"article","og_title":"K\u00f6pa Henriot Champagne \"Brut Souverain\" - IVINIO Vinbutik","og_description":"K\u00f6pa Henriot Champagne \"Brut Souverain\". En fruktig och aromatiskt champagne, framst\u00e4lld av lika delar Pinot noir och Chardonnay samt en liten del Pinot Meunier.","og_url":"https:\/\/www.ivinio.com\/sv\/produkt\/henriot-champagne-brut-souverain\/","og_site_name":"IVINIO Vinbutik","article_publisher":"https:\/\/www.facebook.com\/groups\/165217837022391\/?ref=bookmarks","article_modified_time":"2023-01-03T11:06:40+00:00","og_image":[{"width":500,"height":500,"url":"https:\/\/www.ivinio.com\/wp-content\/uploads\/nc\/public\/modules\/file\/pictures\/6220.henriot-brut-souverain-ivinio.jpg","type":"image\/jpeg"}],"twitter_card":"summary_large_image","schema":{"@context":"https:\/\/schema.org","@graph":[{"@type":"WebPage","@id":"https:\/\/www.ivinio.com\/sv\/produkt\/henriot-champagne-brut-souverain\/","url":"https:\/\/www.ivinio.com\/sv\/produkt\/henriot-champagne-brut-souverain\/","name":"K\u00f6pa Henriot Champagne \"Brut Souverain\" - IVINIO Vinbutik","isPartOf":{"@id":"https:\/\/www.ivinio.com\/sv\/#website"},"primaryImageOfPage":{"@id":"https:\/\/www.ivinio.com\/sv\/produkt\/henriot-champagne-brut-souverain\/#primaryimage"},"image":{"@id":"https:\/\/www.ivinio.com\/sv\/produkt\/henriot-champagne-brut-souverain\/#primaryimage"},"thumbnailUrl":"https:\/\/www.ivinio.com\/wp-content\/uploads\/nc\/public\/modules\/file\/pictures\/6220.henriot-brut-souverain-ivinio.jpg","datePublished":"2014-09-22T14:24:40+00:00","dateModified":"2023-01-03T11:06:40+00:00","description":"K\u00f6pa Henriot Champagne \"Brut Souverain\". En fruktig och aromatiskt champagne, framst\u00e4lld av lika delar Pinot noir och Chardonnay samt en liten del Pinot Meunier.","breadcrumb":{"@id":"https:\/\/www.ivinio.com\/sv\/produkt\/henriot-champagne-brut-souverain\/#breadcrumb"},"inLanguage":"sv-SE","potentialAction":[{"@type":"ReadAction","target":["https:\/\/www.ivinio.com\/sv\/produkt\/henriot-champagne-brut-souverain\/"]}]},{"@type":"ImageObject","inLanguage":"sv-SE","@id":"https:\/\/www.ivinio.com\/sv\/produkt\/henriot-champagne-brut-souverain\/#primaryimage","url":"https:\/\/www.ivinio.com\/wp-content\/uploads\/nc\/public\/modules\/file\/pictures\/6220.henriot-brut-souverain-ivinio.jpg","contentUrl":"https:\/\/www.ivinio.com\/wp-content\/uploads\/nc\/public\/modules\/file\/pictures\/6220.henriot-brut-souverain-ivinio.jpg","width":500,"height":500},{"@type":"BreadcrumbList","@id":"https:\/\/www.ivinio.com\/sv\/produkt\/henriot-champagne-brut-souverain\/#breadcrumb","itemListElement":[{"@type":"ListItem","position":1,"name":"Hem","item":"https:\/\/www.ivinio.com\/sv\/"},{"@type":"ListItem","position":2,"name":"Vinbutik","item":"https:\/\/www.ivinio.com\/sv\/vinbutik\/"},{"@type":"ListItem","position":3,"name":"Henriot Champagne &#8220;Brut Souverain&#8221;"}]},{"@type":"WebSite","@id":"https:\/\/www.ivinio.com\/sv\/#website","url":"https:\/\/www.ivinio.com\/sv\/","name":"IVINIO Vinbutik","description":"Vin fr\u00e5n Frankrike och Italien med leverans hem till din d\u00f6rr","publisher":{"@id":"https:\/\/www.ivinio.com\/sv\/#organization"},"potentialAction":[{"@type":"SearchAction","target":{"@type":"EntryPoint","urlTemplate":"https:\/\/www.ivinio.com\/sv\/?s={search_term_string}"},"query-input":{"@type":"PropertyValueSpecification","valueRequired":true,"valueName":"search_term_string"}}],"inLanguage":"sv-SE"},{"@type":"Organization","@id":"https:\/\/www.ivinio.com\/sv\/#organization","name":"IVINIO","url":"https:\/\/www.ivinio.com\/sv\/","logo":{"@type":"ImageObject","inLanguage":"sv-SE","@id":"https:\/\/www.ivinio.com\/sv\/#\/schema\/logo\/image\/","url":"https:\/\/www.ivinio.com\/wp-content\/uploads\/2021\/01\/Logo-Ivinio-v2.jpg","contentUrl":"https:\/\/www.ivinio.com\/wp-content\/uploads\/2021\/01\/Logo-Ivinio-v2.jpg","width":1194,"height":1194,"caption":"IVINIO"},"image":{"@id":"https:\/\/www.ivinio.com\/sv\/#\/schema\/logo\/image\/"},"sameAs":["https:\/\/www.facebook.com\/groups\/165217837022391\/?ref=bookmarks","https:\/\/www.instagram.com\/_ivinio_\/?hl=fr"]}]}},"jetpack_sharing_enabled":true,"_links":{"self":[{"href":"https:\/\/www.ivinio.com\/sv\/wp-json\/wp\/v2\/product\/119943","targetHints":{"allow":["GET"]}}],"collection":[{"href":"https:\/\/www.ivinio.com\/sv\/wp-json\/wp\/v2\/product"}],"about":[{"href":"https:\/\/www.ivinio.com\/sv\/wp-json\/wp\/v2\/types\/product"}],"replies":[{"embeddable":true,"href":"https:\/\/www.ivinio.com\/sv\/wp-json\/wp\/v2\/comments?post=119943"}],"wp:featuredmedia":[{"embeddable":true,"href":"https:\/\/www.ivinio.com\/sv\/wp-json\/wp\/v2\/media\/119944"}],"wp:attachment":[{"href":"https:\/\/www.ivinio.com\/sv\/wp-json\/wp\/v2\/media?parent=119943"}],"wp:term":[{"taxonomy":"product_brand","embeddable":true,"href":"https:\/\/www.ivinio.com\/sv\/wp-json\/wp\/v2\/product_brand?post=119943"},{"taxonomy":"product_cat","embeddable":true,"href":"https:\/\/www.ivinio.com\/sv\/wp-json\/wp\/v2\/product_cat?post=119943"},{"taxonomy":"product_tag","embeddable":true,"href":"https:\/\/www.ivinio.com\/sv\/wp-json\/wp\/v2\/product_tag?post=119943"}],"curies":[{"name":"wp","href":"https:\/\/api.w.org\/{rel}","templated":true}]}}