{"id":119933,"date":"2015-11-13T20:27:33","date_gmt":"2015-11-13T20:27:33","guid":{"rendered":"https:\/\/henrik.www.ivinio.com\/?product=rod-rose-fran-italien-blandad-vinlada-2x3-flaskor"},"modified":"2025-03-26T10:35:05","modified_gmt":"2025-03-26T09:35:05","slug":"rod-rose-fran-italien-blandad-vinlada-2x3-flaskor","status":"publish","type":"product","link":"https:\/\/www.ivinio.com\/sv\/produkt\/rod-rose-fran-italien-blandad-vinlada-2x3-flaskor\/","title":{"rendered":"R\u00f6d &#038; ros\u00e9 fr\u00e5n Italien ! Blandad vinl\u00e5da 2&#215;3 flaskor"},"content":{"rendered":"<p>Denna vinl\u00e5da inneh\u00e5ller 3 r\u00f6dviner fr\u00e5n Sicilien, framst\u00e4llda av Nero d&#8217;avoladruvor, samt 3 flaskor ros\u00e9vin fr\u00e5n Colline dei Filari i Veneto. 2 mycket bra viner till sitt pris !<\/p>\n","protected":false},"excerpt":{"rendered":"<p>Denna prisv&auml;rda vinl&aring;da inneh&aring;ller 3 r&ouml;dviner fr&aring;n Sicilien och 3 italienska ros&eacute;viner fr&aring;n Veneto i nord. En perfekt l&aring;da f&ouml;r hela middagen, fr&aring;n aperitif till osten !<\/p>\n","protected":false},"featured_media":119934,"comment_status":"open","ping_status":"closed","template":"","meta":{"_monsterinsights_skip_tracking":false,"_monsterinsights_sitenote_active":false,"_monsterinsights_sitenote_note":"","_monsterinsights_sitenote_category":0,"_uf_show_specific_survey":0,"_uf_disable_surveys":false},"product_brand":[],"product_cat":[36645],"product_tag":[],"class_list":{"0":"post-119933","1":"product","2":"type-product","3":"status-publish","4":"has-post-thumbnail","6":"product_cat-blandade-provsmakningslador","7":"pa_package-1x1-sv","8":"pa_package-1x6-sv","10":"first","11":"instock","12":"taxable","13":"shipping-taxable","14":"purchasable","15":"product-type-bundle"},"bundled_by":[],"bundle_stock_status":"instock","bundle_stock_quantity":"","bundle_virtual":false,"bundle_layout":"grid","bundle_add_to_cart_form_location":"after_summary","bundle_editable_in_cart":false,"bundle_sold_individually_context":"product","bundle_item_grouping":"noindent","bundle_min_size":"","bundle_max_size":"","bundle_price":{"price":{"min":{"incl_tax":"35","excl_tax":"35"},"max":{"incl_tax":"35","excl_tax":"35"}},"regular_price":{"min":{"incl_tax":"35","excl_tax":"35"},"max":{"incl_tax":"35","excl_tax":"35"}}},"bundled_items":[{"bundled_item_id":7704,"product_id":119928,"menu_order":0,"quantity_min":1,"quantity_max":1,"quantity_default":1,"priced_individually":false,"shipped_individually":false,"override_title":false,"title":"Terre di Zagara - Nero d'avola - r\u00f6d","override_description":false,"description":null,"optional":false,"hide_thumbnail":false,"discount":"","override_variations":true,"allowed_variations":[""],"override_default_variation_attributes":true,"default_variation_attributes":[],"single_product_visibility":"visible","cart_visibility":"hidden","order_visibility":"visible","single_product_price_visibility":"visible","cart_price_visibility":"visible","order_price_visibility":"visible","stock_status":"in_stock"},{"bundled_item_id":7705,"product_id":119731,"menu_order":1,"quantity_min":1,"quantity_max":1,"quantity_default":1,"priced_individually":false,"shipped_individually":false,"override_title":false,"title":"Rosato Trevenezie I.G.T. Le Colline Dei Filari - Ros\u00e9","override_description":false,"description":null,"optional":false,"hide_thumbnail":false,"discount":"","override_variations":true,"allowed_variations":[""],"override_default_variation_attributes":true,"default_variation_attributes":[],"single_product_visibility":"visible","cart_visibility":"hidden","order_visibility":"visible","single_product_price_visibility":"visible","cart_price_visibility":"visible","order_price_visibility":"visible","stock_status":"in_stock"}],"bundle_sell_ids":[],"yoast_head":"<!-- This site is optimized with the Yoast SEO plugin v27.5 - https:\/\/yoast.com\/product\/yoast-seo-wordpress\/ -->\n<title>R\u00f6d &amp; ros\u00e9 fr\u00e5n Italien ! - IVINIO Vinbutik<\/title>\n<meta name=\"description\" content=\"R\u00f6d &amp; ros\u00e9 fr\u00e5n Italien !. Denna prisv\u00e4rda vinl\u00e5da inneh\u00e5ller 3 r\u00f6dviner fr\u00e5n Sicilien och 3 italienska ros\u00e9viner fr\u00e5n Veneto i nord.\" \/>\n<meta name=\"robots\" content=\"index, follow, max-snippet:-1, max-image-preview:large, max-video-preview:-1\" \/>\n<link rel=\"canonical\" href=\"https:\/\/www.ivinio.com\/sv\/produkt\/rod-rose-fran-italien-blandad-vinlada-2x3-flaskor\/\" \/>\n<meta property=\"og:locale\" content=\"sv_SE\" \/>\n<meta property=\"og:type\" content=\"article\" \/>\n<meta property=\"og:title\" content=\"R\u00f6d &amp; ros\u00e9 fr\u00e5n Italien ! - IVINIO Vinbutik\" \/>\n<meta property=\"og:description\" content=\"R\u00f6d &amp; ros\u00e9 fr\u00e5n Italien !. Denna prisv\u00e4rda vinl\u00e5da inneh\u00e5ller 3 r\u00f6dviner fr\u00e5n Sicilien och 3 italienska ros\u00e9viner fr\u00e5n Veneto i nord.\" \/>\n<meta property=\"og:url\" content=\"https:\/\/www.ivinio.com\/sv\/produkt\/rod-rose-fran-italien-blandad-vinlada-2x3-flaskor\/\" \/>\n<meta property=\"og:site_name\" content=\"IVINIO Vinbutik\" \/>\n<meta property=\"article:publisher\" content=\"https:\/\/www.facebook.com\/groups\/165217837022391\/?ref=bookmarks\" \/>\n<meta property=\"article:modified_time\" content=\"2025-03-26T09:35:05+00:00\" \/>\n<meta property=\"og:image\" content=\"https:\/\/www.ivinio.com\/wp-content\/uploads\/nc\/public\/modules\/file\/pictures\/6048.terre-di-zagaro-box-ivinio.jpg\" \/>\n\t<meta property=\"og:image:width\" content=\"500\" \/>\n\t<meta property=\"og:image:height\" content=\"500\" \/>\n\t<meta property=\"og:image:type\" content=\"image\/jpeg\" \/>\n<meta name=\"twitter:card\" content=\"summary_large_image\" \/>\n<meta name=\"twitter:label1\" content=\"Ber\u00e4knad l\u00e4stid\" \/>\n\t<meta name=\"twitter:data1\" content=\"1 minut\" \/>\n<script type=\"application\/ld+json\" class=\"yoast-schema-graph\">{\"@context\":\"https:\\\/\\\/schema.org\",\"@graph\":[{\"@type\":\"WebPage\",\"@id\":\"https:\\\/\\\/www.ivinio.com\\\/sv\\\/produkt\\\/rod-rose-fran-italien-blandad-vinlada-2x3-flaskor\\\/\",\"url\":\"https:\\\/\\\/www.ivinio.com\\\/sv\\\/produkt\\\/rod-rose-fran-italien-blandad-vinlada-2x3-flaskor\\\/\",\"name\":\"R\u00f6d & ros\u00e9 fr\u00e5n Italien ! - IVINIO Vinbutik\",\"isPartOf\":{\"@id\":\"https:\\\/\\\/www.ivinio.com\\\/sv\\\/#website\"},\"primaryImageOfPage\":{\"@id\":\"https:\\\/\\\/www.ivinio.com\\\/sv\\\/produkt\\\/rod-rose-fran-italien-blandad-vinlada-2x3-flaskor\\\/#primaryimage\"},\"image\":{\"@id\":\"https:\\\/\\\/www.ivinio.com\\\/sv\\\/produkt\\\/rod-rose-fran-italien-blandad-vinlada-2x3-flaskor\\\/#primaryimage\"},\"thumbnailUrl\":\"https:\\\/\\\/www.ivinio.com\\\/wp-content\\\/uploads\\\/nc\\\/public\\\/modules\\\/file\\\/pictures\\\/6048.terre-di-zagaro-box-ivinio.jpg\",\"datePublished\":\"2015-11-13T20:27:33+00:00\",\"dateModified\":\"2025-03-26T09:35:05+00:00\",\"description\":\"R\u00f6d & ros\u00e9 fr\u00e5n Italien !. Denna prisv\u00e4rda vinl\u00e5da inneh\u00e5ller 3 r\u00f6dviner fr\u00e5n Sicilien och 3 italienska ros\u00e9viner fr\u00e5n Veneto i nord.\",\"breadcrumb\":{\"@id\":\"https:\\\/\\\/www.ivinio.com\\\/sv\\\/produkt\\\/rod-rose-fran-italien-blandad-vinlada-2x3-flaskor\\\/#breadcrumb\"},\"inLanguage\":\"sv-SE\",\"potentialAction\":[{\"@type\":\"ReadAction\",\"target\":[\"https:\\\/\\\/www.ivinio.com\\\/sv\\\/produkt\\\/rod-rose-fran-italien-blandad-vinlada-2x3-flaskor\\\/\"]}]},{\"@type\":\"ImageObject\",\"inLanguage\":\"sv-SE\",\"@id\":\"https:\\\/\\\/www.ivinio.com\\\/sv\\\/produkt\\\/rod-rose-fran-italien-blandad-vinlada-2x3-flaskor\\\/#primaryimage\",\"url\":\"https:\\\/\\\/www.ivinio.com\\\/wp-content\\\/uploads\\\/nc\\\/public\\\/modules\\\/file\\\/pictures\\\/6048.terre-di-zagaro-box-ivinio.jpg\",\"contentUrl\":\"https:\\\/\\\/www.ivinio.com\\\/wp-content\\\/uploads\\\/nc\\\/public\\\/modules\\\/file\\\/pictures\\\/6048.terre-di-zagaro-box-ivinio.jpg\",\"width\":500,\"height\":500},{\"@type\":\"BreadcrumbList\",\"@id\":\"https:\\\/\\\/www.ivinio.com\\\/sv\\\/produkt\\\/rod-rose-fran-italien-blandad-vinlada-2x3-flaskor\\\/#breadcrumb\",\"itemListElement\":[{\"@type\":\"ListItem\",\"position\":1,\"name\":\"Hem\",\"item\":\"https:\\\/\\\/www.ivinio.com\\\/sv\\\/\"},{\"@type\":\"ListItem\",\"position\":2,\"name\":\"Vinbutik\",\"item\":\"https:\\\/\\\/www.ivinio.com\\\/sv\\\/vinbutik\\\/\"},{\"@type\":\"ListItem\",\"position\":3,\"name\":\"R\u00f6d &#038; ros\u00e9 fr\u00e5n Italien ! Blandad vinl\u00e5da 2&#215;3 flaskor\"}]},{\"@type\":\"WebSite\",\"@id\":\"https:\\\/\\\/www.ivinio.com\\\/sv\\\/#website\",\"url\":\"https:\\\/\\\/www.ivinio.com\\\/sv\\\/\",\"name\":\"IVINIO Vinbutik\",\"description\":\"Vin fr\u00e5n Frankrike och Italien med leverans hem till din d\u00f6rr\",\"publisher\":{\"@id\":\"https:\\\/\\\/www.ivinio.com\\\/sv\\\/#organization\"},\"potentialAction\":[{\"@type\":\"SearchAction\",\"target\":{\"@type\":\"EntryPoint\",\"urlTemplate\":\"https:\\\/\\\/www.ivinio.com\\\/sv\\\/?s={search_term_string}\"},\"query-input\":{\"@type\":\"PropertyValueSpecification\",\"valueRequired\":true,\"valueName\":\"search_term_string\"}}],\"inLanguage\":\"sv-SE\"},{\"@type\":\"Organization\",\"@id\":\"https:\\\/\\\/www.ivinio.com\\\/sv\\\/#organization\",\"name\":\"IVINIO\",\"url\":\"https:\\\/\\\/www.ivinio.com\\\/sv\\\/\",\"logo\":{\"@type\":\"ImageObject\",\"inLanguage\":\"sv-SE\",\"@id\":\"https:\\\/\\\/www.ivinio.com\\\/sv\\\/#\\\/schema\\\/logo\\\/image\\\/\",\"url\":\"https:\\\/\\\/www.ivinio.com\\\/wp-content\\\/uploads\\\/2021\\\/01\\\/Logo-Ivinio-v2.jpg\",\"contentUrl\":\"https:\\\/\\\/www.ivinio.com\\\/wp-content\\\/uploads\\\/2021\\\/01\\\/Logo-Ivinio-v2.jpg\",\"width\":1194,\"height\":1194,\"caption\":\"IVINIO\"},\"image\":{\"@id\":\"https:\\\/\\\/www.ivinio.com\\\/sv\\\/#\\\/schema\\\/logo\\\/image\\\/\"},\"sameAs\":[\"https:\\\/\\\/www.facebook.com\\\/groups\\\/165217837022391\\\/?ref=bookmarks\",\"https:\\\/\\\/www.instagram.com\\\/_ivinio_\\\/?hl=fr\"]}]}<\/script>\n<!-- \/ Yoast SEO plugin. -->","yoast_head_json":{"title":"R\u00f6d & ros\u00e9 fr\u00e5n Italien ! - IVINIO Vinbutik","description":"R\u00f6d & ros\u00e9 fr\u00e5n Italien !. Denna prisv\u00e4rda vinl\u00e5da inneh\u00e5ller 3 r\u00f6dviner fr\u00e5n Sicilien och 3 italienska ros\u00e9viner fr\u00e5n Veneto i nord.","robots":{"index":"index","follow":"follow","max-snippet":"max-snippet:-1","max-image-preview":"max-image-preview:large","max-video-preview":"max-video-preview:-1"},"canonical":"https:\/\/www.ivinio.com\/sv\/produkt\/rod-rose-fran-italien-blandad-vinlada-2x3-flaskor\/","og_locale":"sv_SE","og_type":"article","og_title":"R\u00f6d & ros\u00e9 fr\u00e5n Italien ! - IVINIO Vinbutik","og_description":"R\u00f6d & ros\u00e9 fr\u00e5n Italien !. Denna prisv\u00e4rda vinl\u00e5da inneh\u00e5ller 3 r\u00f6dviner fr\u00e5n Sicilien och 3 italienska ros\u00e9viner fr\u00e5n Veneto i nord.","og_url":"https:\/\/www.ivinio.com\/sv\/produkt\/rod-rose-fran-italien-blandad-vinlada-2x3-flaskor\/","og_site_name":"IVINIO Vinbutik","article_publisher":"https:\/\/www.facebook.com\/groups\/165217837022391\/?ref=bookmarks","article_modified_time":"2025-03-26T09:35:05+00:00","og_image":[{"width":500,"height":500,"url":"https:\/\/www.ivinio.com\/wp-content\/uploads\/nc\/public\/modules\/file\/pictures\/6048.terre-di-zagaro-box-ivinio.jpg","type":"image\/jpeg"}],"twitter_card":"summary_large_image","twitter_misc":{"Ber\u00e4knad l\u00e4stid":"1 minut"},"schema":{"@context":"https:\/\/schema.org","@graph":[{"@type":"WebPage","@id":"https:\/\/www.ivinio.com\/sv\/produkt\/rod-rose-fran-italien-blandad-vinlada-2x3-flaskor\/","url":"https:\/\/www.ivinio.com\/sv\/produkt\/rod-rose-fran-italien-blandad-vinlada-2x3-flaskor\/","name":"R\u00f6d & ros\u00e9 fr\u00e5n Italien ! - IVINIO Vinbutik","isPartOf":{"@id":"https:\/\/www.ivinio.com\/sv\/#website"},"primaryImageOfPage":{"@id":"https:\/\/www.ivinio.com\/sv\/produkt\/rod-rose-fran-italien-blandad-vinlada-2x3-flaskor\/#primaryimage"},"image":{"@id":"https:\/\/www.ivinio.com\/sv\/produkt\/rod-rose-fran-italien-blandad-vinlada-2x3-flaskor\/#primaryimage"},"thumbnailUrl":"https:\/\/www.ivinio.com\/wp-content\/uploads\/nc\/public\/modules\/file\/pictures\/6048.terre-di-zagaro-box-ivinio.jpg","datePublished":"2015-11-13T20:27:33+00:00","dateModified":"2025-03-26T09:35:05+00:00","description":"R\u00f6d & ros\u00e9 fr\u00e5n Italien !. Denna prisv\u00e4rda vinl\u00e5da inneh\u00e5ller 3 r\u00f6dviner fr\u00e5n Sicilien och 3 italienska ros\u00e9viner fr\u00e5n Veneto i nord.","breadcrumb":{"@id":"https:\/\/www.ivinio.com\/sv\/produkt\/rod-rose-fran-italien-blandad-vinlada-2x3-flaskor\/#breadcrumb"},"inLanguage":"sv-SE","potentialAction":[{"@type":"ReadAction","target":["https:\/\/www.ivinio.com\/sv\/produkt\/rod-rose-fran-italien-blandad-vinlada-2x3-flaskor\/"]}]},{"@type":"ImageObject","inLanguage":"sv-SE","@id":"https:\/\/www.ivinio.com\/sv\/produkt\/rod-rose-fran-italien-blandad-vinlada-2x3-flaskor\/#primaryimage","url":"https:\/\/www.ivinio.com\/wp-content\/uploads\/nc\/public\/modules\/file\/pictures\/6048.terre-di-zagaro-box-ivinio.jpg","contentUrl":"https:\/\/www.ivinio.com\/wp-content\/uploads\/nc\/public\/modules\/file\/pictures\/6048.terre-di-zagaro-box-ivinio.jpg","width":500,"height":500},{"@type":"BreadcrumbList","@id":"https:\/\/www.ivinio.com\/sv\/produkt\/rod-rose-fran-italien-blandad-vinlada-2x3-flaskor\/#breadcrumb","itemListElement":[{"@type":"ListItem","position":1,"name":"Hem","item":"https:\/\/www.ivinio.com\/sv\/"},{"@type":"ListItem","position":2,"name":"Vinbutik","item":"https:\/\/www.ivinio.com\/sv\/vinbutik\/"},{"@type":"ListItem","position":3,"name":"R\u00f6d &#038; ros\u00e9 fr\u00e5n Italien ! Blandad vinl\u00e5da 2&#215;3 flaskor"}]},{"@type":"WebSite","@id":"https:\/\/www.ivinio.com\/sv\/#website","url":"https:\/\/www.ivinio.com\/sv\/","name":"IVINIO Vinbutik","description":"Vin fr\u00e5n Frankrike och Italien med leverans hem till din d\u00f6rr","publisher":{"@id":"https:\/\/www.ivinio.com\/sv\/#organization"},"potentialAction":[{"@type":"SearchAction","target":{"@type":"EntryPoint","urlTemplate":"https:\/\/www.ivinio.com\/sv\/?s={search_term_string}"},"query-input":{"@type":"PropertyValueSpecification","valueRequired":true,"valueName":"search_term_string"}}],"inLanguage":"sv-SE"},{"@type":"Organization","@id":"https:\/\/www.ivinio.com\/sv\/#organization","name":"IVINIO","url":"https:\/\/www.ivinio.com\/sv\/","logo":{"@type":"ImageObject","inLanguage":"sv-SE","@id":"https:\/\/www.ivinio.com\/sv\/#\/schema\/logo\/image\/","url":"https:\/\/www.ivinio.com\/wp-content\/uploads\/2021\/01\/Logo-Ivinio-v2.jpg","contentUrl":"https:\/\/www.ivinio.com\/wp-content\/uploads\/2021\/01\/Logo-Ivinio-v2.jpg","width":1194,"height":1194,"caption":"IVINIO"},"image":{"@id":"https:\/\/www.ivinio.com\/sv\/#\/schema\/logo\/image\/"},"sameAs":["https:\/\/www.facebook.com\/groups\/165217837022391\/?ref=bookmarks","https:\/\/www.instagram.com\/_ivinio_\/?hl=fr"]}]}},"jetpack_sharing_enabled":true,"_links":{"self":[{"href":"https:\/\/www.ivinio.com\/sv\/wp-json\/wp\/v2\/product\/119933","targetHints":{"allow":["GET"]}}],"collection":[{"href":"https:\/\/www.ivinio.com\/sv\/wp-json\/wp\/v2\/product"}],"about":[{"href":"https:\/\/www.ivinio.com\/sv\/wp-json\/wp\/v2\/types\/product"}],"replies":[{"embeddable":true,"href":"https:\/\/www.ivinio.com\/sv\/wp-json\/wp\/v2\/comments?post=119933"}],"wp:featuredmedia":[{"embeddable":true,"href":"https:\/\/www.ivinio.com\/sv\/wp-json\/wp\/v2\/media\/119934"}],"wp:attachment":[{"href":"https:\/\/www.ivinio.com\/sv\/wp-json\/wp\/v2\/media?parent=119933"}],"wp:term":[{"taxonomy":"product_brand","embeddable":true,"href":"https:\/\/www.ivinio.com\/sv\/wp-json\/wp\/v2\/product_brand?post=119933"},{"taxonomy":"product_cat","embeddable":true,"href":"https:\/\/www.ivinio.com\/sv\/wp-json\/wp\/v2\/product_cat?post=119933"},{"taxonomy":"product_tag","embeddable":true,"href":"https:\/\/www.ivinio.com\/sv\/wp-json\/wp\/v2\/product_tag?post=119933"}],"curies":[{"name":"wp","href":"https:\/\/api.w.org\/{rel}","templated":true}]}}