{"id":119920,"date":"2015-05-30T12:31:34","date_gmt":"2015-05-30T12:31:34","guid":{"rendered":"https:\/\/henrik.www.ivinio.com\/?product=soloperto-rubinum-14-primitivo-di-manduria-doc"},"modified":"2021-02-17T22:38:02","modified_gmt":"2021-02-17T21:38:02","slug":"soloperto-rubinum-14-primitivo-di-manduria-doc","status":"publish","type":"product","link":"https:\/\/www.ivinio.com\/sv\/produkt\/soloperto-rubinum-14-primitivo-di-manduria-doc\/","title":{"rendered":"Soloperto &#8211; Rubinum 14\u00b0 &#8211; Primitivo di Manduria DOC"},"content":{"rendered":"<p>Rubinum 14&deg; fr&aring;n Soloperto &auml;r en Primitivo di Manduria som framst&auml;lls av 100% Primitivodruvor odlade i Manduria och i dess&nbsp;omnejd. Vinrankorna &auml;r 35-40 &aring;r gamla och klipps efter den typiskt syditalienska Albarello-stilen. Sk&ouml;rden sker i september vid full mognad. Vinet framst&auml;lls efter traditionell teknik. Lagringen sker i st&aring;ltank och sedan p&aring; ekfat i 6 m&aring;naders tid innan det tappas p&aring; flaska.<\/p>\n","protected":false},"excerpt":{"rendered":"<p>Rubinum 14&deg;&nbsp;fr&aring;n Soloperto &auml;r ett fruktigt halvfylligt&nbsp;r&ouml;dvin framst&auml;llt av primitivodruvor. Aromatiska inslag av rostat kaffe. Bra balans mellan frukt och syra.&nbsp;Att dricka&nbsp;till italienska r&auml;tter, g&auml;rna till&nbsp;antipasti och diverse pastar&auml;tter.<\/p>\n","protected":false},"featured_media":119921,"comment_status":"open","ping_status":"closed","template":"","meta":{"_monsterinsights_skip_tracking":false,"_monsterinsights_sitenote_active":false,"_monsterinsights_sitenote_note":"","_monsterinsights_sitenote_category":0,"_uf_show_specific_survey":0,"_uf_disable_surveys":false},"product_brand":[],"product_cat":[36604,36589],"product_tag":[],"class_list":{"0":"post-119920","1":"product","2":"type-product","3":"status-publish","4":"has-post-thumbnail","6":"product_cat-fr-les-pouilles-campania","7":"product_cat-vins-italiens","8":"pa_alcohol-degree-14-fr","9":"pa_classification-doc-primitivo-di-manduria-fr","10":"pa_color-rouge-fr","11":"pa_country-italie-fr","12":"pa_grape-variety-primitivo-fr","13":"pa_region-pouilles-fr-fr-2","14":"pa_storage-potential-5-ans-fr","15":"pa_vintage-2013-fr","16":"pa_volume-75-cl-fr","18":"first","19":"instock","20":"taxable","21":"shipping-taxable","22":"purchasable","23":"product-type-simple"},"bundled_by":[],"bundle_stock_status":"instock","bundle_stock_quantity":null,"bundle_virtual":false,"bundle_layout":"","bundle_add_to_cart_form_location":"","bundle_editable_in_cart":false,"bundle_sold_individually_context":"","bundle_item_grouping":"","bundle_min_size":"","bundle_max_size":"","bundle_price":[],"bundled_items":[],"bundle_sell_ids":[],"yoast_head":"<!-- This site is optimized with the Yoast SEO plugin v27.5 - https:\/\/yoast.com\/product\/yoast-seo-wordpress\/ -->\n<title>Soloperto - Rubinum 14\u00b0 Primitivo di Manduria DOC - handla italienska viner p\u00e5 n\u00e4tet - vinbutik online Ivinio.com<\/title>\n<meta name=\"description\" content=\"Rubinum 14\u00b0 fr\u00e5n Soloperto \u00e4r ett fruktigt halvfylligt r\u00f6dvin framst\u00e4llt av primitivodruvor. Aromatiska inslag av rostat kaffe. Bra balans mellan frukt och syra. Att dricka till italienska r\u00e4tter, g\u00e4rna till antipasti och diverse pastar\u00e4tter.\" \/>\n<meta name=\"robots\" content=\"index, follow, max-snippet:-1, max-image-preview:large, max-video-preview:-1\" \/>\n<link rel=\"canonical\" href=\"https:\/\/www.ivinio.com\/sv\/produkt\/soloperto-rubinum-14-primitivo-di-manduria-doc\/\" \/>\n<meta property=\"og:locale\" content=\"sv_SE\" \/>\n<meta property=\"og:type\" content=\"article\" \/>\n<meta property=\"og:title\" content=\"Soloperto - Rubinum 14\u00b0 Primitivo di Manduria DOC - handla italienska viner p\u00e5 n\u00e4tet - vinbutik online Ivinio.com\" \/>\n<meta property=\"og:description\" content=\"Rubinum 14\u00b0 fr\u00e5n Soloperto \u00e4r ett fruktigt halvfylligt r\u00f6dvin framst\u00e4llt av primitivodruvor. Aromatiska inslag av rostat kaffe. Bra balans mellan frukt och syra. Att dricka till italienska r\u00e4tter, g\u00e4rna till antipasti och diverse pastar\u00e4tter.\" \/>\n<meta property=\"og:url\" content=\"https:\/\/www.ivinio.com\/sv\/produkt\/soloperto-rubinum-14-primitivo-di-manduria-doc\/\" \/>\n<meta property=\"og:site_name\" content=\"IVINIO Vinbutik\" \/>\n<meta property=\"article:publisher\" content=\"https:\/\/www.facebook.com\/groups\/165217837022391\/?ref=bookmarks\" \/>\n<meta property=\"article:modified_time\" content=\"2021-02-17T21:38:02+00:00\" \/>\n<meta property=\"og:image\" content=\"https:\/\/www.ivinio.com\/wp-content\/uploads\/nc\/public\/modules\/file\/pictures\/6042.Soloperto-Rubinum-14-primitivo-ivinio.jpg\" \/>\n\t<meta property=\"og:image:width\" content=\"500\" \/>\n\t<meta property=\"og:image:height\" content=\"500\" \/>\n\t<meta property=\"og:image:type\" content=\"image\/jpeg\" \/>\n<meta name=\"twitter:card\" content=\"summary_large_image\" \/>\n<script type=\"application\/ld+json\" class=\"yoast-schema-graph\">{\"@context\":\"https:\\\/\\\/schema.org\",\"@graph\":[{\"@type\":\"WebPage\",\"@id\":\"https:\\\/\\\/www.ivinio.com\\\/sv\\\/produkt\\\/soloperto-rubinum-14-primitivo-di-manduria-doc\\\/\",\"url\":\"https:\\\/\\\/www.ivinio.com\\\/sv\\\/produkt\\\/soloperto-rubinum-14-primitivo-di-manduria-doc\\\/\",\"name\":\"Soloperto - Rubinum 14\u00b0 Primitivo di Manduria DOC - handla italienska viner p\u00e5 n\u00e4tet - vinbutik online Ivinio.com\",\"isPartOf\":{\"@id\":\"https:\\\/\\\/www.ivinio.com\\\/sv\\\/#website\"},\"primaryImageOfPage\":{\"@id\":\"https:\\\/\\\/www.ivinio.com\\\/sv\\\/produkt\\\/soloperto-rubinum-14-primitivo-di-manduria-doc\\\/#primaryimage\"},\"image\":{\"@id\":\"https:\\\/\\\/www.ivinio.com\\\/sv\\\/produkt\\\/soloperto-rubinum-14-primitivo-di-manduria-doc\\\/#primaryimage\"},\"thumbnailUrl\":\"https:\\\/\\\/www.ivinio.com\\\/wp-content\\\/uploads\\\/nc\\\/public\\\/modules\\\/file\\\/pictures\\\/6042.Soloperto-Rubinum-14-primitivo-ivinio.jpg\",\"datePublished\":\"2015-05-30T12:31:34+00:00\",\"dateModified\":\"2021-02-17T21:38:02+00:00\",\"description\":\"Rubinum 14\u00b0 fr\u00e5n Soloperto \u00e4r ett fruktigt halvfylligt r\u00f6dvin framst\u00e4llt av primitivodruvor. Aromatiska inslag av rostat kaffe. Bra balans mellan frukt och syra. Att dricka till italienska r\u00e4tter, g\u00e4rna till antipasti och diverse pastar\u00e4tter.\",\"breadcrumb\":{\"@id\":\"https:\\\/\\\/www.ivinio.com\\\/sv\\\/produkt\\\/soloperto-rubinum-14-primitivo-di-manduria-doc\\\/#breadcrumb\"},\"inLanguage\":\"sv-SE\",\"potentialAction\":[{\"@type\":\"ReadAction\",\"target\":[\"https:\\\/\\\/www.ivinio.com\\\/sv\\\/produkt\\\/soloperto-rubinum-14-primitivo-di-manduria-doc\\\/\"]}]},{\"@type\":\"ImageObject\",\"inLanguage\":\"sv-SE\",\"@id\":\"https:\\\/\\\/www.ivinio.com\\\/sv\\\/produkt\\\/soloperto-rubinum-14-primitivo-di-manduria-doc\\\/#primaryimage\",\"url\":\"https:\\\/\\\/www.ivinio.com\\\/wp-content\\\/uploads\\\/nc\\\/public\\\/modules\\\/file\\\/pictures\\\/6042.Soloperto-Rubinum-14-primitivo-ivinio.jpg\",\"contentUrl\":\"https:\\\/\\\/www.ivinio.com\\\/wp-content\\\/uploads\\\/nc\\\/public\\\/modules\\\/file\\\/pictures\\\/6042.Soloperto-Rubinum-14-primitivo-ivinio.jpg\",\"width\":500,\"height\":500},{\"@type\":\"BreadcrumbList\",\"@id\":\"https:\\\/\\\/www.ivinio.com\\\/sv\\\/produkt\\\/soloperto-rubinum-14-primitivo-di-manduria-doc\\\/#breadcrumb\",\"itemListElement\":[{\"@type\":\"ListItem\",\"position\":1,\"name\":\"Hem\",\"item\":\"https:\\\/\\\/www.ivinio.com\\\/sv\\\/\"},{\"@type\":\"ListItem\",\"position\":2,\"name\":\"Vinbutik\",\"item\":\"https:\\\/\\\/www.ivinio.com\\\/sv\\\/vinbutik\\\/\"},{\"@type\":\"ListItem\",\"position\":3,\"name\":\"Soloperto &#8211; Rubinum 14\u00b0 &#8211; Primitivo di Manduria DOC\"}]},{\"@type\":\"WebSite\",\"@id\":\"https:\\\/\\\/www.ivinio.com\\\/sv\\\/#website\",\"url\":\"https:\\\/\\\/www.ivinio.com\\\/sv\\\/\",\"name\":\"IVINIO Vinbutik\",\"description\":\"Vin fr\u00e5n Frankrike och Italien med leverans hem till din d\u00f6rr\",\"publisher\":{\"@id\":\"https:\\\/\\\/www.ivinio.com\\\/sv\\\/#organization\"},\"potentialAction\":[{\"@type\":\"SearchAction\",\"target\":{\"@type\":\"EntryPoint\",\"urlTemplate\":\"https:\\\/\\\/www.ivinio.com\\\/sv\\\/?s={search_term_string}\"},\"query-input\":{\"@type\":\"PropertyValueSpecification\",\"valueRequired\":true,\"valueName\":\"search_term_string\"}}],\"inLanguage\":\"sv-SE\"},{\"@type\":\"Organization\",\"@id\":\"https:\\\/\\\/www.ivinio.com\\\/sv\\\/#organization\",\"name\":\"IVINIO\",\"url\":\"https:\\\/\\\/www.ivinio.com\\\/sv\\\/\",\"logo\":{\"@type\":\"ImageObject\",\"inLanguage\":\"sv-SE\",\"@id\":\"https:\\\/\\\/www.ivinio.com\\\/sv\\\/#\\\/schema\\\/logo\\\/image\\\/\",\"url\":\"https:\\\/\\\/www.ivinio.com\\\/wp-content\\\/uploads\\\/2021\\\/01\\\/Logo-Ivinio-v2.jpg\",\"contentUrl\":\"https:\\\/\\\/www.ivinio.com\\\/wp-content\\\/uploads\\\/2021\\\/01\\\/Logo-Ivinio-v2.jpg\",\"width\":1194,\"height\":1194,\"caption\":\"IVINIO\"},\"image\":{\"@id\":\"https:\\\/\\\/www.ivinio.com\\\/sv\\\/#\\\/schema\\\/logo\\\/image\\\/\"},\"sameAs\":[\"https:\\\/\\\/www.facebook.com\\\/groups\\\/165217837022391\\\/?ref=bookmarks\",\"https:\\\/\\\/www.instagram.com\\\/_ivinio_\\\/?hl=fr\"]}]}<\/script>\n<!-- \/ Yoast SEO plugin. -->","yoast_head_json":{"title":"Soloperto - Rubinum 14\u00b0 Primitivo di Manduria DOC - handla italienska viner p\u00e5 n\u00e4tet - vinbutik online Ivinio.com","description":"Rubinum 14\u00b0 fr\u00e5n Soloperto \u00e4r ett fruktigt halvfylligt r\u00f6dvin framst\u00e4llt av primitivodruvor. Aromatiska inslag av rostat kaffe. Bra balans mellan frukt och syra. Att dricka till italienska r\u00e4tter, g\u00e4rna till antipasti och diverse pastar\u00e4tter.","robots":{"index":"index","follow":"follow","max-snippet":"max-snippet:-1","max-image-preview":"max-image-preview:large","max-video-preview":"max-video-preview:-1"},"canonical":"https:\/\/www.ivinio.com\/sv\/produkt\/soloperto-rubinum-14-primitivo-di-manduria-doc\/","og_locale":"sv_SE","og_type":"article","og_title":"Soloperto - Rubinum 14\u00b0 Primitivo di Manduria DOC - handla italienska viner p\u00e5 n\u00e4tet - vinbutik online Ivinio.com","og_description":"Rubinum 14\u00b0 fr\u00e5n Soloperto \u00e4r ett fruktigt halvfylligt r\u00f6dvin framst\u00e4llt av primitivodruvor. Aromatiska inslag av rostat kaffe. Bra balans mellan frukt och syra. Att dricka till italienska r\u00e4tter, g\u00e4rna till antipasti och diverse pastar\u00e4tter.","og_url":"https:\/\/www.ivinio.com\/sv\/produkt\/soloperto-rubinum-14-primitivo-di-manduria-doc\/","og_site_name":"IVINIO Vinbutik","article_publisher":"https:\/\/www.facebook.com\/groups\/165217837022391\/?ref=bookmarks","article_modified_time":"2021-02-17T21:38:02+00:00","og_image":[{"width":500,"height":500,"url":"https:\/\/www.ivinio.com\/wp-content\/uploads\/nc\/public\/modules\/file\/pictures\/6042.Soloperto-Rubinum-14-primitivo-ivinio.jpg","type":"image\/jpeg"}],"twitter_card":"summary_large_image","schema":{"@context":"https:\/\/schema.org","@graph":[{"@type":"WebPage","@id":"https:\/\/www.ivinio.com\/sv\/produkt\/soloperto-rubinum-14-primitivo-di-manduria-doc\/","url":"https:\/\/www.ivinio.com\/sv\/produkt\/soloperto-rubinum-14-primitivo-di-manduria-doc\/","name":"Soloperto - Rubinum 14\u00b0 Primitivo di Manduria DOC - handla italienska viner p\u00e5 n\u00e4tet - vinbutik online Ivinio.com","isPartOf":{"@id":"https:\/\/www.ivinio.com\/sv\/#website"},"primaryImageOfPage":{"@id":"https:\/\/www.ivinio.com\/sv\/produkt\/soloperto-rubinum-14-primitivo-di-manduria-doc\/#primaryimage"},"image":{"@id":"https:\/\/www.ivinio.com\/sv\/produkt\/soloperto-rubinum-14-primitivo-di-manduria-doc\/#primaryimage"},"thumbnailUrl":"https:\/\/www.ivinio.com\/wp-content\/uploads\/nc\/public\/modules\/file\/pictures\/6042.Soloperto-Rubinum-14-primitivo-ivinio.jpg","datePublished":"2015-05-30T12:31:34+00:00","dateModified":"2021-02-17T21:38:02+00:00","description":"Rubinum 14\u00b0 fr\u00e5n Soloperto \u00e4r ett fruktigt halvfylligt r\u00f6dvin framst\u00e4llt av primitivodruvor. Aromatiska inslag av rostat kaffe. Bra balans mellan frukt och syra. Att dricka till italienska r\u00e4tter, g\u00e4rna till antipasti och diverse pastar\u00e4tter.","breadcrumb":{"@id":"https:\/\/www.ivinio.com\/sv\/produkt\/soloperto-rubinum-14-primitivo-di-manduria-doc\/#breadcrumb"},"inLanguage":"sv-SE","potentialAction":[{"@type":"ReadAction","target":["https:\/\/www.ivinio.com\/sv\/produkt\/soloperto-rubinum-14-primitivo-di-manduria-doc\/"]}]},{"@type":"ImageObject","inLanguage":"sv-SE","@id":"https:\/\/www.ivinio.com\/sv\/produkt\/soloperto-rubinum-14-primitivo-di-manduria-doc\/#primaryimage","url":"https:\/\/www.ivinio.com\/wp-content\/uploads\/nc\/public\/modules\/file\/pictures\/6042.Soloperto-Rubinum-14-primitivo-ivinio.jpg","contentUrl":"https:\/\/www.ivinio.com\/wp-content\/uploads\/nc\/public\/modules\/file\/pictures\/6042.Soloperto-Rubinum-14-primitivo-ivinio.jpg","width":500,"height":500},{"@type":"BreadcrumbList","@id":"https:\/\/www.ivinio.com\/sv\/produkt\/soloperto-rubinum-14-primitivo-di-manduria-doc\/#breadcrumb","itemListElement":[{"@type":"ListItem","position":1,"name":"Hem","item":"https:\/\/www.ivinio.com\/sv\/"},{"@type":"ListItem","position":2,"name":"Vinbutik","item":"https:\/\/www.ivinio.com\/sv\/vinbutik\/"},{"@type":"ListItem","position":3,"name":"Soloperto &#8211; Rubinum 14\u00b0 &#8211; Primitivo di Manduria DOC"}]},{"@type":"WebSite","@id":"https:\/\/www.ivinio.com\/sv\/#website","url":"https:\/\/www.ivinio.com\/sv\/","name":"IVINIO Vinbutik","description":"Vin fr\u00e5n Frankrike och Italien med leverans hem till din d\u00f6rr","publisher":{"@id":"https:\/\/www.ivinio.com\/sv\/#organization"},"potentialAction":[{"@type":"SearchAction","target":{"@type":"EntryPoint","urlTemplate":"https:\/\/www.ivinio.com\/sv\/?s={search_term_string}"},"query-input":{"@type":"PropertyValueSpecification","valueRequired":true,"valueName":"search_term_string"}}],"inLanguage":"sv-SE"},{"@type":"Organization","@id":"https:\/\/www.ivinio.com\/sv\/#organization","name":"IVINIO","url":"https:\/\/www.ivinio.com\/sv\/","logo":{"@type":"ImageObject","inLanguage":"sv-SE","@id":"https:\/\/www.ivinio.com\/sv\/#\/schema\/logo\/image\/","url":"https:\/\/www.ivinio.com\/wp-content\/uploads\/2021\/01\/Logo-Ivinio-v2.jpg","contentUrl":"https:\/\/www.ivinio.com\/wp-content\/uploads\/2021\/01\/Logo-Ivinio-v2.jpg","width":1194,"height":1194,"caption":"IVINIO"},"image":{"@id":"https:\/\/www.ivinio.com\/sv\/#\/schema\/logo\/image\/"},"sameAs":["https:\/\/www.facebook.com\/groups\/165217837022391\/?ref=bookmarks","https:\/\/www.instagram.com\/_ivinio_\/?hl=fr"]}]}},"jetpack_sharing_enabled":true,"_links":{"self":[{"href":"https:\/\/www.ivinio.com\/sv\/wp-json\/wp\/v2\/product\/119920","targetHints":{"allow":["GET"]}}],"collection":[{"href":"https:\/\/www.ivinio.com\/sv\/wp-json\/wp\/v2\/product"}],"about":[{"href":"https:\/\/www.ivinio.com\/sv\/wp-json\/wp\/v2\/types\/product"}],"replies":[{"embeddable":true,"href":"https:\/\/www.ivinio.com\/sv\/wp-json\/wp\/v2\/comments?post=119920"}],"wp:featuredmedia":[{"embeddable":true,"href":"https:\/\/www.ivinio.com\/sv\/wp-json\/wp\/v2\/media\/119921"}],"wp:attachment":[{"href":"https:\/\/www.ivinio.com\/sv\/wp-json\/wp\/v2\/media?parent=119920"}],"wp:term":[{"taxonomy":"product_brand","embeddable":true,"href":"https:\/\/www.ivinio.com\/sv\/wp-json\/wp\/v2\/product_brand?post=119920"},{"taxonomy":"product_cat","embeddable":true,"href":"https:\/\/www.ivinio.com\/sv\/wp-json\/wp\/v2\/product_cat?post=119920"},{"taxonomy":"product_tag","embeddable":true,"href":"https:\/\/www.ivinio.com\/sv\/wp-json\/wp\/v2\/product_tag?post=119920"}],"curies":[{"name":"wp","href":"https:\/\/api.w.org\/{rel}","templated":true}]}}