{"id":119756,"date":"2015-09-12T18:51:05","date_gmt":"2015-09-12T18:51:05","guid":{"rendered":"https:\/\/henrik.www.ivinio.com\/?product=fradiles-bagadiu-igt-isola-dei-nuraghi-rod"},"modified":"2022-07-26T18:54:37","modified_gmt":"2022-07-26T16:54:37","slug":"fradiles-bagadiu-igt-isola-dei-nuraghi-rod","status":"publish","type":"product","link":"https:\/\/www.ivinio.com\/sv\/produkt\/fradiles-bagadiu-igt-isola-dei-nuraghi-rod\/","title":{"rendered":"Fradiles &#8211; Bagad\u00ecu &#8211; IGT Isola dei Nuraghi &#8211; r\u00f6d"},"content":{"rendered":"<p><a href=\"https:\/\/www.fradiles.it\/prodotto\/bagadiu\/?lang=en\">Bagad\u00ecu<\/a>\u00a0fr<span style=\"color: #151515; font-family: arial,helvetica;\">\u00e5n Fradiles betyder ungkarl p\u00e5 sardiska och \u00e4r ett sp\u00e4nnande\u00a0r\u00f6dvin framst\u00e4llt av 100% Muristellodruvor. Muristello ocks\u00e5 kallat Bovalo sardo \u00e4r en typisk druvsort fr\u00e5n sardinien som ing\u00e5r i den cetralsardinska appellationen DOC Mandrolisai. Druvorna \u00e4r sm\u00e5 och skalet \u00e4r relativt tjockt.\u00a0<\/span>Vinet odlas p<span style=\"color: #151515; font-family: arial,helvetica;\">\u00e5 kullarna runt <a href=\"https:\/\/www.sardegnaturismo.it\/fr\/explorer\/atzara\">Atzara<\/a>, 550 meter \u00f6ver havet. Druvorna sk\u00f6rdas f\u00f6r hand i oktober m\u00e5nad och f\u00e5r j\u00e4sa vid kontrollerad temperatur i 15\u00a0dagar. Vinet framst\u00e4lls i st\u00e5ltank, tappas sedan p\u00e5 flaska och\u00a0lagras 8 m\u00e5nader.<\/span><\/p>\n","protected":false},"excerpt":{"rendered":"<p>Bagad\u00ecu \u00e4r ett sp\u00e4nnande varietetsr\u00f6dvin framst\u00e4llt av 100% Muristellodruvor. Ett aromatiskt och kryddigt r\u00f6dvin med inslag av k\u00f6rsb\u00e4r.<\/p>\n","protected":false},"featured_media":119757,"comment_status":"open","ping_status":"closed","template":"","meta":{"_monsterinsights_skip_tracking":false,"_monsterinsights_sitenote_active":false,"_monsterinsights_sitenote_note":"","_monsterinsights_sitenote_category":0,"_uf_show_specific_survey":0,"_uf_disable_surveys":false},"product_brand":[],"product_cat":[36589,36652],"product_tag":[],"class_list":{"0":"post-119756","1":"product","2":"type-product","3":"status-publish","4":"has-post-thumbnail","6":"product_cat-vins-italiens","7":"product_cat-fr-sardaigne","8":"pa_alcohol-degree-145-fr","9":"pa_classification-igt-isola-dei-nuraghi-sv","10":"pa_color-rouge-fr","11":"pa_country-italie-fr","12":"pa_grape-variety-bovale-sardo-fr","13":"pa_grape-variety-cannonau-fr","14":"pa_grape-variety-monica-fr","15":"pa_region-sardaigne-fr","16":"pa_storage-potential-5-ans-fr","17":"pa_vintage-2017-fr","18":"pa_volume-75-cl-fr","20":"first","21":"instock","22":"taxable","23":"shipping-taxable","24":"purchasable","25":"product-type-simple"},"bundled_by":["119815"],"bundle_stock_status":"instock","bundle_stock_quantity":null,"bundle_virtual":false,"bundle_layout":"","bundle_add_to_cart_form_location":"","bundle_editable_in_cart":false,"bundle_sold_individually_context":"","bundle_item_grouping":"","bundle_min_size":"","bundle_max_size":"","bundle_price":[],"bundled_items":[],"bundle_sell_ids":[],"yoast_head":"<!-- This site is optimized with the Yoast SEO plugin v27.5 - https:\/\/yoast.com\/product\/yoast-seo-wordpress\/ -->\n<title>K\u00f6pa vin Fradiles - Bagad\u00ecu - IGT Isola dei Nuraghi - IVINIO Vinbutik<\/title>\n<meta name=\"description\" content=\"K\u00f6pa vin Fradiles - Bagad\u00ecu - IGT Isola dei Nuraghi. Elegant r\u00f6dvin fr\u00e5n Sardinien att servera till viltr\u00e4tter eller till halvlagrade ostar.\" \/>\n<meta name=\"robots\" content=\"index, follow, max-snippet:-1, max-image-preview:large, max-video-preview:-1\" \/>\n<link rel=\"canonical\" href=\"https:\/\/www.ivinio.com\/sv\/produkt\/fradiles-bagadiu-igt-isola-dei-nuraghi-rod\/\" \/>\n<meta property=\"og:locale\" content=\"sv_SE\" \/>\n<meta property=\"og:type\" content=\"article\" \/>\n<meta property=\"og:title\" content=\"K\u00f6pa vin Fradiles - Bagad\u00ecu - IGT Isola dei Nuraghi - IVINIO Vinbutik\" \/>\n<meta property=\"og:description\" content=\"K\u00f6pa vin Fradiles - Bagad\u00ecu - IGT Isola dei Nuraghi. Elegant r\u00f6dvin fr\u00e5n Sardinien att servera till viltr\u00e4tter eller till halvlagrade ostar.\" \/>\n<meta property=\"og:url\" content=\"https:\/\/www.ivinio.com\/sv\/produkt\/fradiles-bagadiu-igt-isola-dei-nuraghi-rod\/\" \/>\n<meta property=\"og:site_name\" content=\"IVINIO Vinbutik\" \/>\n<meta property=\"article:publisher\" content=\"https:\/\/www.facebook.com\/groups\/165217837022391\/?ref=bookmarks\" \/>\n<meta property=\"article:modified_time\" content=\"2022-07-26T16:54:37+00:00\" \/>\n<meta property=\"og:image\" content=\"https:\/\/www.ivinio.com\/wp-content\/uploads\/nc\/public\/modules\/file\/pictures\/5934.Fradiles-Bagadiu-Ivinio.jpg\" \/>\n\t<meta property=\"og:image:width\" content=\"500\" \/>\n\t<meta property=\"og:image:height\" content=\"500\" \/>\n\t<meta property=\"og:image:type\" content=\"image\/jpeg\" \/>\n<meta name=\"twitter:card\" content=\"summary_large_image\" \/>\n<meta name=\"twitter:label1\" content=\"Ber\u00e4knad l\u00e4stid\" \/>\n\t<meta name=\"twitter:data1\" content=\"1 minut\" \/>\n<script type=\"application\/ld+json\" class=\"yoast-schema-graph\">{\"@context\":\"https:\\\/\\\/schema.org\",\"@graph\":[{\"@type\":\"WebPage\",\"@id\":\"https:\\\/\\\/www.ivinio.com\\\/sv\\\/produkt\\\/fradiles-bagadiu-igt-isola-dei-nuraghi-rod\\\/\",\"url\":\"https:\\\/\\\/www.ivinio.com\\\/sv\\\/produkt\\\/fradiles-bagadiu-igt-isola-dei-nuraghi-rod\\\/\",\"name\":\"K\u00f6pa vin Fradiles - Bagad\u00ecu - IGT Isola dei Nuraghi - IVINIO Vinbutik\",\"isPartOf\":{\"@id\":\"https:\\\/\\\/www.ivinio.com\\\/sv\\\/#website\"},\"primaryImageOfPage\":{\"@id\":\"https:\\\/\\\/www.ivinio.com\\\/sv\\\/produkt\\\/fradiles-bagadiu-igt-isola-dei-nuraghi-rod\\\/#primaryimage\"},\"image\":{\"@id\":\"https:\\\/\\\/www.ivinio.com\\\/sv\\\/produkt\\\/fradiles-bagadiu-igt-isola-dei-nuraghi-rod\\\/#primaryimage\"},\"thumbnailUrl\":\"https:\\\/\\\/www.ivinio.com\\\/wp-content\\\/uploads\\\/nc\\\/public\\\/modules\\\/file\\\/pictures\\\/5934.Fradiles-Bagadiu-Ivinio.jpg\",\"datePublished\":\"2015-09-12T18:51:05+00:00\",\"dateModified\":\"2022-07-26T16:54:37+00:00\",\"description\":\"K\u00f6pa vin Fradiles - Bagad\u00ecu - IGT Isola dei Nuraghi. Elegant r\u00f6dvin fr\u00e5n Sardinien att servera till viltr\u00e4tter eller till halvlagrade ostar.\",\"breadcrumb\":{\"@id\":\"https:\\\/\\\/www.ivinio.com\\\/sv\\\/produkt\\\/fradiles-bagadiu-igt-isola-dei-nuraghi-rod\\\/#breadcrumb\"},\"inLanguage\":\"sv-SE\",\"potentialAction\":[{\"@type\":\"ReadAction\",\"target\":[\"https:\\\/\\\/www.ivinio.com\\\/sv\\\/produkt\\\/fradiles-bagadiu-igt-isola-dei-nuraghi-rod\\\/\"]}]},{\"@type\":\"ImageObject\",\"inLanguage\":\"sv-SE\",\"@id\":\"https:\\\/\\\/www.ivinio.com\\\/sv\\\/produkt\\\/fradiles-bagadiu-igt-isola-dei-nuraghi-rod\\\/#primaryimage\",\"url\":\"https:\\\/\\\/www.ivinio.com\\\/wp-content\\\/uploads\\\/nc\\\/public\\\/modules\\\/file\\\/pictures\\\/5934.Fradiles-Bagadiu-Ivinio.jpg\",\"contentUrl\":\"https:\\\/\\\/www.ivinio.com\\\/wp-content\\\/uploads\\\/nc\\\/public\\\/modules\\\/file\\\/pictures\\\/5934.Fradiles-Bagadiu-Ivinio.jpg\",\"width\":500,\"height\":500,\"caption\":\"Fradiles - Bagad\u00ecu\"},{\"@type\":\"BreadcrumbList\",\"@id\":\"https:\\\/\\\/www.ivinio.com\\\/sv\\\/produkt\\\/fradiles-bagadiu-igt-isola-dei-nuraghi-rod\\\/#breadcrumb\",\"itemListElement\":[{\"@type\":\"ListItem\",\"position\":1,\"name\":\"Hem\",\"item\":\"https:\\\/\\\/www.ivinio.com\\\/sv\\\/\"},{\"@type\":\"ListItem\",\"position\":2,\"name\":\"Vinbutik\",\"item\":\"https:\\\/\\\/www.ivinio.com\\\/sv\\\/vinbutik\\\/\"},{\"@type\":\"ListItem\",\"position\":3,\"name\":\"Fradiles &#8211; Bagad\u00ecu &#8211; IGT Isola dei Nuraghi &#8211; r\u00f6d\"}]},{\"@type\":\"WebSite\",\"@id\":\"https:\\\/\\\/www.ivinio.com\\\/sv\\\/#website\",\"url\":\"https:\\\/\\\/www.ivinio.com\\\/sv\\\/\",\"name\":\"IVINIO Vinbutik\",\"description\":\"Vin fr\u00e5n Frankrike och Italien med leverans hem till din d\u00f6rr\",\"publisher\":{\"@id\":\"https:\\\/\\\/www.ivinio.com\\\/sv\\\/#organization\"},\"potentialAction\":[{\"@type\":\"SearchAction\",\"target\":{\"@type\":\"EntryPoint\",\"urlTemplate\":\"https:\\\/\\\/www.ivinio.com\\\/sv\\\/?s={search_term_string}\"},\"query-input\":{\"@type\":\"PropertyValueSpecification\",\"valueRequired\":true,\"valueName\":\"search_term_string\"}}],\"inLanguage\":\"sv-SE\"},{\"@type\":\"Organization\",\"@id\":\"https:\\\/\\\/www.ivinio.com\\\/sv\\\/#organization\",\"name\":\"IVINIO\",\"url\":\"https:\\\/\\\/www.ivinio.com\\\/sv\\\/\",\"logo\":{\"@type\":\"ImageObject\",\"inLanguage\":\"sv-SE\",\"@id\":\"https:\\\/\\\/www.ivinio.com\\\/sv\\\/#\\\/schema\\\/logo\\\/image\\\/\",\"url\":\"https:\\\/\\\/www.ivinio.com\\\/wp-content\\\/uploads\\\/2021\\\/01\\\/Logo-Ivinio-v2.jpg\",\"contentUrl\":\"https:\\\/\\\/www.ivinio.com\\\/wp-content\\\/uploads\\\/2021\\\/01\\\/Logo-Ivinio-v2.jpg\",\"width\":1194,\"height\":1194,\"caption\":\"IVINIO\"},\"image\":{\"@id\":\"https:\\\/\\\/www.ivinio.com\\\/sv\\\/#\\\/schema\\\/logo\\\/image\\\/\"},\"sameAs\":[\"https:\\\/\\\/www.facebook.com\\\/groups\\\/165217837022391\\\/?ref=bookmarks\",\"https:\\\/\\\/www.instagram.com\\\/_ivinio_\\\/?hl=fr\"]}]}<\/script>\n<!-- \/ Yoast SEO plugin. -->","yoast_head_json":{"title":"K\u00f6pa vin Fradiles - Bagad\u00ecu - IGT Isola dei Nuraghi - IVINIO Vinbutik","description":"K\u00f6pa vin Fradiles - Bagad\u00ecu - IGT Isola dei Nuraghi. Elegant r\u00f6dvin fr\u00e5n Sardinien att servera till viltr\u00e4tter eller till halvlagrade ostar.","robots":{"index":"index","follow":"follow","max-snippet":"max-snippet:-1","max-image-preview":"max-image-preview:large","max-video-preview":"max-video-preview:-1"},"canonical":"https:\/\/www.ivinio.com\/sv\/produkt\/fradiles-bagadiu-igt-isola-dei-nuraghi-rod\/","og_locale":"sv_SE","og_type":"article","og_title":"K\u00f6pa vin Fradiles - Bagad\u00ecu - IGT Isola dei Nuraghi - IVINIO Vinbutik","og_description":"K\u00f6pa vin Fradiles - Bagad\u00ecu - IGT Isola dei Nuraghi. Elegant r\u00f6dvin fr\u00e5n Sardinien att servera till viltr\u00e4tter eller till halvlagrade ostar.","og_url":"https:\/\/www.ivinio.com\/sv\/produkt\/fradiles-bagadiu-igt-isola-dei-nuraghi-rod\/","og_site_name":"IVINIO Vinbutik","article_publisher":"https:\/\/www.facebook.com\/groups\/165217837022391\/?ref=bookmarks","article_modified_time":"2022-07-26T16:54:37+00:00","og_image":[{"width":500,"height":500,"url":"https:\/\/www.ivinio.com\/wp-content\/uploads\/nc\/public\/modules\/file\/pictures\/5934.Fradiles-Bagadiu-Ivinio.jpg","type":"image\/jpeg"}],"twitter_card":"summary_large_image","twitter_misc":{"Ber\u00e4knad l\u00e4stid":"1 minut"},"schema":{"@context":"https:\/\/schema.org","@graph":[{"@type":"WebPage","@id":"https:\/\/www.ivinio.com\/sv\/produkt\/fradiles-bagadiu-igt-isola-dei-nuraghi-rod\/","url":"https:\/\/www.ivinio.com\/sv\/produkt\/fradiles-bagadiu-igt-isola-dei-nuraghi-rod\/","name":"K\u00f6pa vin Fradiles - Bagad\u00ecu - IGT Isola dei Nuraghi - IVINIO Vinbutik","isPartOf":{"@id":"https:\/\/www.ivinio.com\/sv\/#website"},"primaryImageOfPage":{"@id":"https:\/\/www.ivinio.com\/sv\/produkt\/fradiles-bagadiu-igt-isola-dei-nuraghi-rod\/#primaryimage"},"image":{"@id":"https:\/\/www.ivinio.com\/sv\/produkt\/fradiles-bagadiu-igt-isola-dei-nuraghi-rod\/#primaryimage"},"thumbnailUrl":"https:\/\/www.ivinio.com\/wp-content\/uploads\/nc\/public\/modules\/file\/pictures\/5934.Fradiles-Bagadiu-Ivinio.jpg","datePublished":"2015-09-12T18:51:05+00:00","dateModified":"2022-07-26T16:54:37+00:00","description":"K\u00f6pa vin Fradiles - Bagad\u00ecu - IGT Isola dei Nuraghi. Elegant r\u00f6dvin fr\u00e5n Sardinien att servera till viltr\u00e4tter eller till halvlagrade ostar.","breadcrumb":{"@id":"https:\/\/www.ivinio.com\/sv\/produkt\/fradiles-bagadiu-igt-isola-dei-nuraghi-rod\/#breadcrumb"},"inLanguage":"sv-SE","potentialAction":[{"@type":"ReadAction","target":["https:\/\/www.ivinio.com\/sv\/produkt\/fradiles-bagadiu-igt-isola-dei-nuraghi-rod\/"]}]},{"@type":"ImageObject","inLanguage":"sv-SE","@id":"https:\/\/www.ivinio.com\/sv\/produkt\/fradiles-bagadiu-igt-isola-dei-nuraghi-rod\/#primaryimage","url":"https:\/\/www.ivinio.com\/wp-content\/uploads\/nc\/public\/modules\/file\/pictures\/5934.Fradiles-Bagadiu-Ivinio.jpg","contentUrl":"https:\/\/www.ivinio.com\/wp-content\/uploads\/nc\/public\/modules\/file\/pictures\/5934.Fradiles-Bagadiu-Ivinio.jpg","width":500,"height":500,"caption":"Fradiles - Bagad\u00ecu"},{"@type":"BreadcrumbList","@id":"https:\/\/www.ivinio.com\/sv\/produkt\/fradiles-bagadiu-igt-isola-dei-nuraghi-rod\/#breadcrumb","itemListElement":[{"@type":"ListItem","position":1,"name":"Hem","item":"https:\/\/www.ivinio.com\/sv\/"},{"@type":"ListItem","position":2,"name":"Vinbutik","item":"https:\/\/www.ivinio.com\/sv\/vinbutik\/"},{"@type":"ListItem","position":3,"name":"Fradiles &#8211; Bagad\u00ecu &#8211; IGT Isola dei Nuraghi &#8211; r\u00f6d"}]},{"@type":"WebSite","@id":"https:\/\/www.ivinio.com\/sv\/#website","url":"https:\/\/www.ivinio.com\/sv\/","name":"IVINIO Vinbutik","description":"Vin fr\u00e5n Frankrike och Italien med leverans hem till din d\u00f6rr","publisher":{"@id":"https:\/\/www.ivinio.com\/sv\/#organization"},"potentialAction":[{"@type":"SearchAction","target":{"@type":"EntryPoint","urlTemplate":"https:\/\/www.ivinio.com\/sv\/?s={search_term_string}"},"query-input":{"@type":"PropertyValueSpecification","valueRequired":true,"valueName":"search_term_string"}}],"inLanguage":"sv-SE"},{"@type":"Organization","@id":"https:\/\/www.ivinio.com\/sv\/#organization","name":"IVINIO","url":"https:\/\/www.ivinio.com\/sv\/","logo":{"@type":"ImageObject","inLanguage":"sv-SE","@id":"https:\/\/www.ivinio.com\/sv\/#\/schema\/logo\/image\/","url":"https:\/\/www.ivinio.com\/wp-content\/uploads\/2021\/01\/Logo-Ivinio-v2.jpg","contentUrl":"https:\/\/www.ivinio.com\/wp-content\/uploads\/2021\/01\/Logo-Ivinio-v2.jpg","width":1194,"height":1194,"caption":"IVINIO"},"image":{"@id":"https:\/\/www.ivinio.com\/sv\/#\/schema\/logo\/image\/"},"sameAs":["https:\/\/www.facebook.com\/groups\/165217837022391\/?ref=bookmarks","https:\/\/www.instagram.com\/_ivinio_\/?hl=fr"]}]}},"jetpack_sharing_enabled":true,"_links":{"self":[{"href":"https:\/\/www.ivinio.com\/sv\/wp-json\/wp\/v2\/product\/119756","targetHints":{"allow":["GET"]}}],"collection":[{"href":"https:\/\/www.ivinio.com\/sv\/wp-json\/wp\/v2\/product"}],"about":[{"href":"https:\/\/www.ivinio.com\/sv\/wp-json\/wp\/v2\/types\/product"}],"replies":[{"embeddable":true,"href":"https:\/\/www.ivinio.com\/sv\/wp-json\/wp\/v2\/comments?post=119756"}],"wp:featuredmedia":[{"embeddable":true,"href":"https:\/\/www.ivinio.com\/sv\/wp-json\/wp\/v2\/media\/119757"}],"wp:attachment":[{"href":"https:\/\/www.ivinio.com\/sv\/wp-json\/wp\/v2\/media?parent=119756"}],"wp:term":[{"taxonomy":"product_brand","embeddable":true,"href":"https:\/\/www.ivinio.com\/sv\/wp-json\/wp\/v2\/product_brand?post=119756"},{"taxonomy":"product_cat","embeddable":true,"href":"https:\/\/www.ivinio.com\/sv\/wp-json\/wp\/v2\/product_cat?post=119756"},{"taxonomy":"product_tag","embeddable":true,"href":"https:\/\/www.ivinio.com\/sv\/wp-json\/wp\/v2\/product_tag?post=119756"}],"curies":[{"name":"wp","href":"https:\/\/api.w.org\/{rel}","templated":true}]}}