{"id":119691,"date":"2015-02-26T12:07:07","date_gmt":"2015-02-26T12:07:07","guid":{"rendered":"https:\/\/henrik.www.ivinio.com\/?product=planeta-merlot-sito-dellulmo-rod"},"modified":"2025-05-05T20:02:48","modified_gmt":"2025-05-05T18:02:48","slug":"planeta-merlot-sito-dellulmo-rod","status":"publish","type":"product","link":"https:\/\/www.ivinio.com\/sv\/produkt\/planeta-merlot-sito-dellulmo-rod\/","title":{"rendered":"Planeta &#8211; Merlot Sito dell&#8217;Ulmo &#8211; r\u00f6d"},"content":{"rendered":"<p>Merlot Sito dell&#8217;Ulmo fr\u00e5n vinhuset Planeta \u00e4r ett r\u00f6dvin framst\u00e4llt av 100% Merlotdruvor som vuxit i Sambuca p\u00e5 sydv\u00e4stra delen av Sicilien. Druvorna sk\u00f6rdas runt den 10:e september och plockas fr\u00e5n sina klasar. J\u00e4sningen sker under 14 dagars tid vid 28\u00b0 C. Musten sugs sedan ut och skiljs fr\u00e5n de h\u00e5rda j\u00e4sningsresterna (svinatura) innan vinet tappas p\u00e5 ekfat fr\u00e5n Allier i Frankrike och lagras 12 m\u00e5nader innan det tappas p\u00e5 flaska.<\/p>\n","protected":false},"excerpt":{"rendered":"<p>Merlot Sito dell&#8217;Ulmo fr\u00e5n vinhuset Planeta framst\u00e4lls av 100% Merlotdruvor. Ett aromatiskt r\u00f6dvin med inslag av svart vinb\u00e4r, mynta och viol. Ett rund och fyllig Merlot att servera till diverse k\u00f6ttr\u00e4tter och till lagrade ostar.<\/p>\n<p>&nbsp;<\/p>\n","protected":false},"featured_media":132294,"comment_status":"open","ping_status":"closed","template":"","meta":{"_monsterinsights_skip_tracking":false,"_monsterinsights_sitenote_active":false,"_monsterinsights_sitenote_note":"","_monsterinsights_sitenote_category":0,"_uf_show_specific_survey":0,"_uf_disable_surveys":false},"product_brand":[],"product_cat":[36591,36603],"product_tag":[],"class_list":{"0":"post-119691","1":"product","2":"type-product","3":"status-publish","4":"has-post-thumbnail","6":"product_cat-italienska-viner","7":"product_cat-sv-sicilien","8":"pa_alcohol-degree-14-sv","9":"pa_awards-the-wine-advocate","10":"pa_awards-vitae","11":"pa_classification-igp-sicilia-rosso-sv","12":"pa_color-rod-sv","13":"pa_country-italien-sv","14":"pa_grape-variety-merlot-sv","15":"pa_region-sicilien-sv","16":"pa_storage-potential-10-ar-sv","17":"pa_vintage-39899","18":"pa_volume-75-cl-sv","20":"first","21":"instock","22":"taxable","23":"shipping-taxable","24":"purchasable","25":"product-type-simple"},"bundled_by":[],"bundle_stock_status":"instock","bundle_stock_quantity":null,"bundle_virtual":false,"bundle_layout":"","bundle_add_to_cart_form_location":"","bundle_editable_in_cart":false,"bundle_sold_individually_context":"","bundle_item_grouping":"","bundle_min_size":"","bundle_max_size":"","bundle_price":[],"bundled_items":[],"bundle_sell_ids":[],"yoast_head":"<!-- This site is optimized with the Yoast SEO plugin v27.5 - https:\/\/yoast.com\/product\/yoast-seo-wordpress\/ -->\n<title>K\u00f6pa Planeta - Merlot Sito dell&#039;Ulmo - r\u00f6dvin - IVINIO Vinbutik<\/title>\n<meta name=\"description\" content=\"K\u00f6pa Planeta - Merlot Sito dell&#039;Ulmo - r\u00f6dvin. Inslag av svart vinb\u00e4r, mynta och viol. En rund och fyllig Merlot att servera till diverse k\u00f6ttr\u00e4tter.\" \/>\n<meta name=\"robots\" content=\"index, follow, max-snippet:-1, max-image-preview:large, max-video-preview:-1\" \/>\n<link rel=\"canonical\" href=\"https:\/\/www.ivinio.com\/sv\/produkt\/planeta-merlot-sito-dellulmo-rod\/\" \/>\n<meta property=\"og:locale\" content=\"sv_SE\" \/>\n<meta property=\"og:type\" content=\"article\" \/>\n<meta property=\"og:title\" content=\"K\u00f6pa Planeta - Merlot Sito dell&#039;Ulmo - r\u00f6dvin - IVINIO Vinbutik\" \/>\n<meta property=\"og:description\" content=\"K\u00f6pa Planeta - Merlot Sito dell&#039;Ulmo - r\u00f6dvin. Inslag av svart vinb\u00e4r, mynta och viol. En rund och fyllig Merlot att servera till diverse k\u00f6ttr\u00e4tter.\" \/>\n<meta property=\"og:url\" content=\"https:\/\/www.ivinio.com\/sv\/produkt\/planeta-merlot-sito-dellulmo-rod\/\" \/>\n<meta property=\"og:site_name\" content=\"IVINIO Vinbutik\" \/>\n<meta property=\"article:publisher\" content=\"https:\/\/www.facebook.com\/groups\/165217837022391\/?ref=bookmarks\" \/>\n<meta property=\"article:modified_time\" content=\"2025-05-05T18:02:48+00:00\" \/>\n<meta property=\"og:image\" content=\"https:\/\/www.ivinio.com\/wp-content\/uploads\/2015\/02\/Planeta-Sito-dellUlmo-Merlot-IVINIO.jpg\" \/>\n\t<meta property=\"og:image:width\" content=\"500\" \/>\n\t<meta property=\"og:image:height\" content=\"500\" \/>\n\t<meta property=\"og:image:type\" content=\"image\/jpeg\" \/>\n<meta name=\"twitter:card\" content=\"summary_large_image\" \/>\n<meta name=\"twitter:label1\" content=\"Ber\u00e4knad l\u00e4stid\" \/>\n\t<meta name=\"twitter:data1\" content=\"1 minut\" \/>\n<script type=\"application\/ld+json\" class=\"yoast-schema-graph\">{\"@context\":\"https:\\\/\\\/schema.org\",\"@graph\":[{\"@type\":\"WebPage\",\"@id\":\"https:\\\/\\\/www.ivinio.com\\\/sv\\\/produkt\\\/planeta-merlot-sito-dellulmo-rod\\\/\",\"url\":\"https:\\\/\\\/www.ivinio.com\\\/sv\\\/produkt\\\/planeta-merlot-sito-dellulmo-rod\\\/\",\"name\":\"K\u00f6pa Planeta - Merlot Sito dell'Ulmo - r\u00f6dvin - IVINIO Vinbutik\",\"isPartOf\":{\"@id\":\"https:\\\/\\\/www.ivinio.com\\\/sv\\\/#website\"},\"primaryImageOfPage\":{\"@id\":\"https:\\\/\\\/www.ivinio.com\\\/sv\\\/produkt\\\/planeta-merlot-sito-dellulmo-rod\\\/#primaryimage\"},\"image\":{\"@id\":\"https:\\\/\\\/www.ivinio.com\\\/sv\\\/produkt\\\/planeta-merlot-sito-dellulmo-rod\\\/#primaryimage\"},\"thumbnailUrl\":\"https:\\\/\\\/www.ivinio.com\\\/wp-content\\\/uploads\\\/2015\\\/02\\\/Planeta-Sito-dellUlmo-Merlot-IVINIO.jpg\",\"datePublished\":\"2015-02-26T12:07:07+00:00\",\"dateModified\":\"2025-05-05T18:02:48+00:00\",\"description\":\"K\u00f6pa Planeta - Merlot Sito dell'Ulmo - r\u00f6dvin. Inslag av svart vinb\u00e4r, mynta och viol. En rund och fyllig Merlot att servera till diverse k\u00f6ttr\u00e4tter.\",\"breadcrumb\":{\"@id\":\"https:\\\/\\\/www.ivinio.com\\\/sv\\\/produkt\\\/planeta-merlot-sito-dellulmo-rod\\\/#breadcrumb\"},\"inLanguage\":\"sv-SE\",\"potentialAction\":[{\"@type\":\"ReadAction\",\"target\":[\"https:\\\/\\\/www.ivinio.com\\\/sv\\\/produkt\\\/planeta-merlot-sito-dellulmo-rod\\\/\"]}]},{\"@type\":\"ImageObject\",\"inLanguage\":\"sv-SE\",\"@id\":\"https:\\\/\\\/www.ivinio.com\\\/sv\\\/produkt\\\/planeta-merlot-sito-dellulmo-rod\\\/#primaryimage\",\"url\":\"https:\\\/\\\/www.ivinio.com\\\/wp-content\\\/uploads\\\/2015\\\/02\\\/Planeta-Sito-dellUlmo-Merlot-IVINIO.jpg\",\"contentUrl\":\"https:\\\/\\\/www.ivinio.com\\\/wp-content\\\/uploads\\\/2015\\\/02\\\/Planeta-Sito-dellUlmo-Merlot-IVINIO.jpg\",\"width\":500,\"height\":500},{\"@type\":\"BreadcrumbList\",\"@id\":\"https:\\\/\\\/www.ivinio.com\\\/sv\\\/produkt\\\/planeta-merlot-sito-dellulmo-rod\\\/#breadcrumb\",\"itemListElement\":[{\"@type\":\"ListItem\",\"position\":1,\"name\":\"Hem\",\"item\":\"https:\\\/\\\/www.ivinio.com\\\/sv\\\/\"},{\"@type\":\"ListItem\",\"position\":2,\"name\":\"Vinbutik\",\"item\":\"https:\\\/\\\/www.ivinio.com\\\/sv\\\/vinbutik\\\/\"},{\"@type\":\"ListItem\",\"position\":3,\"name\":\"Planeta &#8211; Merlot Sito dell&#8217;Ulmo &#8211; r\u00f6d\"}]},{\"@type\":\"WebSite\",\"@id\":\"https:\\\/\\\/www.ivinio.com\\\/sv\\\/#website\",\"url\":\"https:\\\/\\\/www.ivinio.com\\\/sv\\\/\",\"name\":\"IVINIO Vinbutik\",\"description\":\"Vin fr\u00e5n Frankrike och Italien med leverans hem till din d\u00f6rr\",\"publisher\":{\"@id\":\"https:\\\/\\\/www.ivinio.com\\\/sv\\\/#organization\"},\"potentialAction\":[{\"@type\":\"SearchAction\",\"target\":{\"@type\":\"EntryPoint\",\"urlTemplate\":\"https:\\\/\\\/www.ivinio.com\\\/sv\\\/?s={search_term_string}\"},\"query-input\":{\"@type\":\"PropertyValueSpecification\",\"valueRequired\":true,\"valueName\":\"search_term_string\"}}],\"inLanguage\":\"sv-SE\"},{\"@type\":\"Organization\",\"@id\":\"https:\\\/\\\/www.ivinio.com\\\/sv\\\/#organization\",\"name\":\"IVINIO\",\"url\":\"https:\\\/\\\/www.ivinio.com\\\/sv\\\/\",\"logo\":{\"@type\":\"ImageObject\",\"inLanguage\":\"sv-SE\",\"@id\":\"https:\\\/\\\/www.ivinio.com\\\/sv\\\/#\\\/schema\\\/logo\\\/image\\\/\",\"url\":\"https:\\\/\\\/www.ivinio.com\\\/wp-content\\\/uploads\\\/2021\\\/01\\\/Logo-Ivinio-v2.jpg\",\"contentUrl\":\"https:\\\/\\\/www.ivinio.com\\\/wp-content\\\/uploads\\\/2021\\\/01\\\/Logo-Ivinio-v2.jpg\",\"width\":1194,\"height\":1194,\"caption\":\"IVINIO\"},\"image\":{\"@id\":\"https:\\\/\\\/www.ivinio.com\\\/sv\\\/#\\\/schema\\\/logo\\\/image\\\/\"},\"sameAs\":[\"https:\\\/\\\/www.facebook.com\\\/groups\\\/165217837022391\\\/?ref=bookmarks\",\"https:\\\/\\\/www.instagram.com\\\/_ivinio_\\\/?hl=fr\"]}]}<\/script>\n<!-- \/ Yoast SEO plugin. -->","yoast_head_json":{"title":"K\u00f6pa Planeta - Merlot Sito dell'Ulmo - r\u00f6dvin - IVINIO Vinbutik","description":"K\u00f6pa Planeta - Merlot Sito dell'Ulmo - r\u00f6dvin. Inslag av svart vinb\u00e4r, mynta och viol. En rund och fyllig Merlot att servera till diverse k\u00f6ttr\u00e4tter.","robots":{"index":"index","follow":"follow","max-snippet":"max-snippet:-1","max-image-preview":"max-image-preview:large","max-video-preview":"max-video-preview:-1"},"canonical":"https:\/\/www.ivinio.com\/sv\/produkt\/planeta-merlot-sito-dellulmo-rod\/","og_locale":"sv_SE","og_type":"article","og_title":"K\u00f6pa Planeta - Merlot Sito dell'Ulmo - r\u00f6dvin - IVINIO Vinbutik","og_description":"K\u00f6pa Planeta - Merlot Sito dell'Ulmo - r\u00f6dvin. Inslag av svart vinb\u00e4r, mynta och viol. En rund och fyllig Merlot att servera till diverse k\u00f6ttr\u00e4tter.","og_url":"https:\/\/www.ivinio.com\/sv\/produkt\/planeta-merlot-sito-dellulmo-rod\/","og_site_name":"IVINIO Vinbutik","article_publisher":"https:\/\/www.facebook.com\/groups\/165217837022391\/?ref=bookmarks","article_modified_time":"2025-05-05T18:02:48+00:00","og_image":[{"width":500,"height":500,"url":"https:\/\/www.ivinio.com\/wp-content\/uploads\/2015\/02\/Planeta-Sito-dellUlmo-Merlot-IVINIO.jpg","type":"image\/jpeg"}],"twitter_card":"summary_large_image","twitter_misc":{"Ber\u00e4knad l\u00e4stid":"1 minut"},"schema":{"@context":"https:\/\/schema.org","@graph":[{"@type":"WebPage","@id":"https:\/\/www.ivinio.com\/sv\/produkt\/planeta-merlot-sito-dellulmo-rod\/","url":"https:\/\/www.ivinio.com\/sv\/produkt\/planeta-merlot-sito-dellulmo-rod\/","name":"K\u00f6pa Planeta - Merlot Sito dell'Ulmo - r\u00f6dvin - IVINIO Vinbutik","isPartOf":{"@id":"https:\/\/www.ivinio.com\/sv\/#website"},"primaryImageOfPage":{"@id":"https:\/\/www.ivinio.com\/sv\/produkt\/planeta-merlot-sito-dellulmo-rod\/#primaryimage"},"image":{"@id":"https:\/\/www.ivinio.com\/sv\/produkt\/planeta-merlot-sito-dellulmo-rod\/#primaryimage"},"thumbnailUrl":"https:\/\/www.ivinio.com\/wp-content\/uploads\/2015\/02\/Planeta-Sito-dellUlmo-Merlot-IVINIO.jpg","datePublished":"2015-02-26T12:07:07+00:00","dateModified":"2025-05-05T18:02:48+00:00","description":"K\u00f6pa Planeta - Merlot Sito dell'Ulmo - r\u00f6dvin. Inslag av svart vinb\u00e4r, mynta och viol. En rund och fyllig Merlot att servera till diverse k\u00f6ttr\u00e4tter.","breadcrumb":{"@id":"https:\/\/www.ivinio.com\/sv\/produkt\/planeta-merlot-sito-dellulmo-rod\/#breadcrumb"},"inLanguage":"sv-SE","potentialAction":[{"@type":"ReadAction","target":["https:\/\/www.ivinio.com\/sv\/produkt\/planeta-merlot-sito-dellulmo-rod\/"]}]},{"@type":"ImageObject","inLanguage":"sv-SE","@id":"https:\/\/www.ivinio.com\/sv\/produkt\/planeta-merlot-sito-dellulmo-rod\/#primaryimage","url":"https:\/\/www.ivinio.com\/wp-content\/uploads\/2015\/02\/Planeta-Sito-dellUlmo-Merlot-IVINIO.jpg","contentUrl":"https:\/\/www.ivinio.com\/wp-content\/uploads\/2015\/02\/Planeta-Sito-dellUlmo-Merlot-IVINIO.jpg","width":500,"height":500},{"@type":"BreadcrumbList","@id":"https:\/\/www.ivinio.com\/sv\/produkt\/planeta-merlot-sito-dellulmo-rod\/#breadcrumb","itemListElement":[{"@type":"ListItem","position":1,"name":"Hem","item":"https:\/\/www.ivinio.com\/sv\/"},{"@type":"ListItem","position":2,"name":"Vinbutik","item":"https:\/\/www.ivinio.com\/sv\/vinbutik\/"},{"@type":"ListItem","position":3,"name":"Planeta &#8211; Merlot Sito dell&#8217;Ulmo &#8211; r\u00f6d"}]},{"@type":"WebSite","@id":"https:\/\/www.ivinio.com\/sv\/#website","url":"https:\/\/www.ivinio.com\/sv\/","name":"IVINIO Vinbutik","description":"Vin fr\u00e5n Frankrike och Italien med leverans hem till din d\u00f6rr","publisher":{"@id":"https:\/\/www.ivinio.com\/sv\/#organization"},"potentialAction":[{"@type":"SearchAction","target":{"@type":"EntryPoint","urlTemplate":"https:\/\/www.ivinio.com\/sv\/?s={search_term_string}"},"query-input":{"@type":"PropertyValueSpecification","valueRequired":true,"valueName":"search_term_string"}}],"inLanguage":"sv-SE"},{"@type":"Organization","@id":"https:\/\/www.ivinio.com\/sv\/#organization","name":"IVINIO","url":"https:\/\/www.ivinio.com\/sv\/","logo":{"@type":"ImageObject","inLanguage":"sv-SE","@id":"https:\/\/www.ivinio.com\/sv\/#\/schema\/logo\/image\/","url":"https:\/\/www.ivinio.com\/wp-content\/uploads\/2021\/01\/Logo-Ivinio-v2.jpg","contentUrl":"https:\/\/www.ivinio.com\/wp-content\/uploads\/2021\/01\/Logo-Ivinio-v2.jpg","width":1194,"height":1194,"caption":"IVINIO"},"image":{"@id":"https:\/\/www.ivinio.com\/sv\/#\/schema\/logo\/image\/"},"sameAs":["https:\/\/www.facebook.com\/groups\/165217837022391\/?ref=bookmarks","https:\/\/www.instagram.com\/_ivinio_\/?hl=fr"]}]}},"jetpack_sharing_enabled":true,"_links":{"self":[{"href":"https:\/\/www.ivinio.com\/sv\/wp-json\/wp\/v2\/product\/119691","targetHints":{"allow":["GET"]}}],"collection":[{"href":"https:\/\/www.ivinio.com\/sv\/wp-json\/wp\/v2\/product"}],"about":[{"href":"https:\/\/www.ivinio.com\/sv\/wp-json\/wp\/v2\/types\/product"}],"replies":[{"embeddable":true,"href":"https:\/\/www.ivinio.com\/sv\/wp-json\/wp\/v2\/comments?post=119691"}],"wp:featuredmedia":[{"embeddable":true,"href":"https:\/\/www.ivinio.com\/sv\/wp-json\/wp\/v2\/media\/132294"}],"wp:attachment":[{"href":"https:\/\/www.ivinio.com\/sv\/wp-json\/wp\/v2\/media?parent=119691"}],"wp:term":[{"taxonomy":"product_brand","embeddable":true,"href":"https:\/\/www.ivinio.com\/sv\/wp-json\/wp\/v2\/product_brand?post=119691"},{"taxonomy":"product_cat","embeddable":true,"href":"https:\/\/www.ivinio.com\/sv\/wp-json\/wp\/v2\/product_cat?post=119691"},{"taxonomy":"product_tag","embeddable":true,"href":"https:\/\/www.ivinio.com\/sv\/wp-json\/wp\/v2\/product_tag?post=119691"}],"curies":[{"name":"wp","href":"https:\/\/api.w.org\/{rel}","templated":true}]}}