{"id":119686,"date":"2015-02-26T12:07:07","date_gmt":"2015-02-26T12:07:07","guid":{"rendered":"https:\/\/henrik.www.ivinio.com\/?product=planeta-syrah-maroccoli-rod"},"modified":"2026-02-19T16:11:57","modified_gmt":"2026-02-19T15:11:57","slug":"planeta-syrah-maroccoli-rod","status":"publish","type":"product","link":"https:\/\/www.ivinio.com\/sv\/produkt\/planeta-syrah-maroccoli-rod\/","title":{"rendered":"Planeta &#8211; Syrah Maroccoli &#8211; R\u00f6d"},"content":{"rendered":"<p>Syrah Maroccoli fr\u00e5n vinhuset Planeta \u00e4r ett r\u00f6dvin framst\u00e4llt av 100% Syrah-druvor som vuxit i Sambuca p\u00e5 sydv\u00e4stra delen av Sicilien. Druvorna sk\u00f6rdas i b\u00f6rjan av september och plockas fr\u00e5n sina klasar. J\u00e4sningen sker under 12 dagars tid vid 25\u00b0 C. Musten sugs sedan ut och skiljs fr\u00e5n de h\u00e5rda j\u00e4sningsresterna (svinatura) innan vinet tappas p\u00e5 ekfat fr\u00e5n Allier i Frankrike (varav 1\/3-del nya) och lagras 12 m\u00e5nader innan det tappas p\u00e5 flaska.<\/p>\n","protected":false},"excerpt":{"rendered":"<p>Maroccoli Syrah fr\u00e5n vinhuset Planeta framst\u00e4lls av 100% Syrahdruvor. Ett aromatiskt r\u00f6dvin med inslag av frukt, choklad, mynta, peppar och kanel. Att servera till en lammstek.<\/p>\n","protected":false},"featured_media":119687,"comment_status":"open","ping_status":"closed","template":"","meta":{"_monsterinsights_skip_tracking":false,"_monsterinsights_sitenote_active":false,"_monsterinsights_sitenote_note":"","_monsterinsights_sitenote_category":0,"_uf_show_specific_survey":0,"_uf_disable_surveys":false},"product_brand":[],"product_cat":[36591,36603],"product_tag":[],"class_list":{"0":"post-119686","1":"product","2":"type-product","3":"status-publish","4":"has-post-thumbnail","6":"product_cat-italienska-viner","7":"product_cat-sv-sicilien","8":"pa_alcohol-degree-14-5-sv","9":"pa_awards-wine-enthusiast","10":"pa_classification-igp-sicilia-rosso-sv","11":"pa_color-rod-sv","12":"pa_country-italien-sv","13":"pa_grape-variety-syrah-sv","14":"pa_region-sicilien-sv","15":"pa_storage-potential-7-ar","16":"pa_vintage-2018-sv","17":"pa_volume-75-cl-sv","19":"first","20":"instock","21":"taxable","22":"shipping-taxable","23":"purchasable","24":"product-type-simple"},"bundled_by":[],"bundle_stock_status":"instock","bundle_stock_quantity":null,"bundle_virtual":false,"bundle_layout":"","bundle_add_to_cart_form_location":"","bundle_editable_in_cart":false,"bundle_sold_individually_context":"","bundle_item_grouping":"","bundle_min_size":"","bundle_max_size":"","bundle_price":[],"bundled_items":[],"bundle_sell_ids":[],"yoast_head":"<!-- This site is optimized with the Yoast SEO plugin v27.5 - https:\/\/yoast.com\/product\/yoast-seo-wordpress\/ -->\n<title>K\u00f6pa Planeta - Syrah Maroccoli - r\u00f6dvin - IVINIO Vinbutik<\/title>\n<meta name=\"description\" content=\"K\u00f6pa Planeta - Syrah Maroccoli - r\u00f6dvin. 100% Syrahdruvor. Inslag av frukt, choklad, mynta, peppar och kanel. Att servera till en lammstek eller till orientaliska r\u00e4tter.\" \/>\n<meta name=\"robots\" content=\"index, follow, max-snippet:-1, max-image-preview:large, max-video-preview:-1\" \/>\n<link rel=\"canonical\" href=\"https:\/\/www.ivinio.com\/sv\/produkt\/planeta-syrah-maroccoli-rod\/\" \/>\n<meta property=\"og:locale\" content=\"sv_SE\" \/>\n<meta property=\"og:type\" content=\"article\" \/>\n<meta property=\"og:title\" content=\"K\u00f6pa Planeta - Syrah Maroccoli - r\u00f6dvin - IVINIO Vinbutik\" \/>\n<meta property=\"og:description\" content=\"K\u00f6pa Planeta - Syrah Maroccoli - r\u00f6dvin. 100% Syrahdruvor. Inslag av frukt, choklad, mynta, peppar och kanel. Att servera till en lammstek eller till orientaliska r\u00e4tter.\" \/>\n<meta property=\"og:url\" content=\"https:\/\/www.ivinio.com\/sv\/produkt\/planeta-syrah-maroccoli-rod\/\" \/>\n<meta property=\"og:site_name\" content=\"IVINIO Vinbutik\" \/>\n<meta property=\"article:publisher\" content=\"https:\/\/www.facebook.com\/groups\/165217837022391\/?ref=bookmarks\" \/>\n<meta property=\"article:modified_time\" content=\"2026-02-19T15:11:57+00:00\" \/>\n<meta property=\"og:image\" content=\"https:\/\/www.ivinio.com\/wp-content\/uploads\/nc\/public\/modules\/file\/pictures\/5860.planeta-syrah-ivinio.jpg\" \/>\n\t<meta property=\"og:image:width\" content=\"500\" \/>\n\t<meta property=\"og:image:height\" content=\"500\" \/>\n\t<meta property=\"og:image:type\" content=\"image\/jpeg\" \/>\n<meta name=\"twitter:card\" content=\"summary_large_image\" \/>\n<meta name=\"twitter:label1\" content=\"Ber\u00e4knad l\u00e4stid\" \/>\n\t<meta name=\"twitter:data1\" content=\"1 minut\" \/>\n<script type=\"application\/ld+json\" class=\"yoast-schema-graph\">{\"@context\":\"https:\\\/\\\/schema.org\",\"@graph\":[{\"@type\":\"WebPage\",\"@id\":\"https:\\\/\\\/www.ivinio.com\\\/sv\\\/produkt\\\/planeta-syrah-maroccoli-rod\\\/\",\"url\":\"https:\\\/\\\/www.ivinio.com\\\/sv\\\/produkt\\\/planeta-syrah-maroccoli-rod\\\/\",\"name\":\"K\u00f6pa Planeta - Syrah Maroccoli - r\u00f6dvin - IVINIO Vinbutik\",\"isPartOf\":{\"@id\":\"https:\\\/\\\/www.ivinio.com\\\/sv\\\/#website\"},\"primaryImageOfPage\":{\"@id\":\"https:\\\/\\\/www.ivinio.com\\\/sv\\\/produkt\\\/planeta-syrah-maroccoli-rod\\\/#primaryimage\"},\"image\":{\"@id\":\"https:\\\/\\\/www.ivinio.com\\\/sv\\\/produkt\\\/planeta-syrah-maroccoli-rod\\\/#primaryimage\"},\"thumbnailUrl\":\"https:\\\/\\\/www.ivinio.com\\\/wp-content\\\/uploads\\\/nc\\\/public\\\/modules\\\/file\\\/pictures\\\/5860.planeta-syrah-ivinio.jpg\",\"datePublished\":\"2015-02-26T12:07:07+00:00\",\"dateModified\":\"2026-02-19T15:11:57+00:00\",\"description\":\"K\u00f6pa Planeta - Syrah Maroccoli - r\u00f6dvin. 100% Syrahdruvor. Inslag av frukt, choklad, mynta, peppar och kanel. Att servera till en lammstek eller till orientaliska r\u00e4tter.\",\"breadcrumb\":{\"@id\":\"https:\\\/\\\/www.ivinio.com\\\/sv\\\/produkt\\\/planeta-syrah-maroccoli-rod\\\/#breadcrumb\"},\"inLanguage\":\"sv-SE\",\"potentialAction\":[{\"@type\":\"ReadAction\",\"target\":[\"https:\\\/\\\/www.ivinio.com\\\/sv\\\/produkt\\\/planeta-syrah-maroccoli-rod\\\/\"]}]},{\"@type\":\"ImageObject\",\"inLanguage\":\"sv-SE\",\"@id\":\"https:\\\/\\\/www.ivinio.com\\\/sv\\\/produkt\\\/planeta-syrah-maroccoli-rod\\\/#primaryimage\",\"url\":\"https:\\\/\\\/www.ivinio.com\\\/wp-content\\\/uploads\\\/nc\\\/public\\\/modules\\\/file\\\/pictures\\\/5860.planeta-syrah-ivinio.jpg\",\"contentUrl\":\"https:\\\/\\\/www.ivinio.com\\\/wp-content\\\/uploads\\\/nc\\\/public\\\/modules\\\/file\\\/pictures\\\/5860.planeta-syrah-ivinio.jpg\",\"width\":500,\"height\":500},{\"@type\":\"BreadcrumbList\",\"@id\":\"https:\\\/\\\/www.ivinio.com\\\/sv\\\/produkt\\\/planeta-syrah-maroccoli-rod\\\/#breadcrumb\",\"itemListElement\":[{\"@type\":\"ListItem\",\"position\":1,\"name\":\"Hem\",\"item\":\"https:\\\/\\\/www.ivinio.com\\\/sv\\\/\"},{\"@type\":\"ListItem\",\"position\":2,\"name\":\"Vinbutik\",\"item\":\"https:\\\/\\\/www.ivinio.com\\\/sv\\\/vinbutik\\\/\"},{\"@type\":\"ListItem\",\"position\":3,\"name\":\"Planeta &#8211; Syrah Maroccoli &#8211; R\u00f6d\"}]},{\"@type\":\"WebSite\",\"@id\":\"https:\\\/\\\/www.ivinio.com\\\/sv\\\/#website\",\"url\":\"https:\\\/\\\/www.ivinio.com\\\/sv\\\/\",\"name\":\"IVINIO Vinbutik\",\"description\":\"Vin fr\u00e5n Frankrike och Italien med leverans hem till din d\u00f6rr\",\"publisher\":{\"@id\":\"https:\\\/\\\/www.ivinio.com\\\/sv\\\/#organization\"},\"potentialAction\":[{\"@type\":\"SearchAction\",\"target\":{\"@type\":\"EntryPoint\",\"urlTemplate\":\"https:\\\/\\\/www.ivinio.com\\\/sv\\\/?s={search_term_string}\"},\"query-input\":{\"@type\":\"PropertyValueSpecification\",\"valueRequired\":true,\"valueName\":\"search_term_string\"}}],\"inLanguage\":\"sv-SE\"},{\"@type\":\"Organization\",\"@id\":\"https:\\\/\\\/www.ivinio.com\\\/sv\\\/#organization\",\"name\":\"IVINIO\",\"url\":\"https:\\\/\\\/www.ivinio.com\\\/sv\\\/\",\"logo\":{\"@type\":\"ImageObject\",\"inLanguage\":\"sv-SE\",\"@id\":\"https:\\\/\\\/www.ivinio.com\\\/sv\\\/#\\\/schema\\\/logo\\\/image\\\/\",\"url\":\"https:\\\/\\\/www.ivinio.com\\\/wp-content\\\/uploads\\\/2021\\\/01\\\/Logo-Ivinio-v2.jpg\",\"contentUrl\":\"https:\\\/\\\/www.ivinio.com\\\/wp-content\\\/uploads\\\/2021\\\/01\\\/Logo-Ivinio-v2.jpg\",\"width\":1194,\"height\":1194,\"caption\":\"IVINIO\"},\"image\":{\"@id\":\"https:\\\/\\\/www.ivinio.com\\\/sv\\\/#\\\/schema\\\/logo\\\/image\\\/\"},\"sameAs\":[\"https:\\\/\\\/www.facebook.com\\\/groups\\\/165217837022391\\\/?ref=bookmarks\",\"https:\\\/\\\/www.instagram.com\\\/_ivinio_\\\/?hl=fr\"]}]}<\/script>\n<!-- \/ Yoast SEO plugin. -->","yoast_head_json":{"title":"K\u00f6pa Planeta - Syrah Maroccoli - r\u00f6dvin - IVINIO Vinbutik","description":"K\u00f6pa Planeta - Syrah Maroccoli - r\u00f6dvin. 100% Syrahdruvor. Inslag av frukt, choklad, mynta, peppar och kanel. Att servera till en lammstek eller till orientaliska r\u00e4tter.","robots":{"index":"index","follow":"follow","max-snippet":"max-snippet:-1","max-image-preview":"max-image-preview:large","max-video-preview":"max-video-preview:-1"},"canonical":"https:\/\/www.ivinio.com\/sv\/produkt\/planeta-syrah-maroccoli-rod\/","og_locale":"sv_SE","og_type":"article","og_title":"K\u00f6pa Planeta - Syrah Maroccoli - r\u00f6dvin - IVINIO Vinbutik","og_description":"K\u00f6pa Planeta - Syrah Maroccoli - r\u00f6dvin. 100% Syrahdruvor. Inslag av frukt, choklad, mynta, peppar och kanel. Att servera till en lammstek eller till orientaliska r\u00e4tter.","og_url":"https:\/\/www.ivinio.com\/sv\/produkt\/planeta-syrah-maroccoli-rod\/","og_site_name":"IVINIO Vinbutik","article_publisher":"https:\/\/www.facebook.com\/groups\/165217837022391\/?ref=bookmarks","article_modified_time":"2026-02-19T15:11:57+00:00","og_image":[{"width":500,"height":500,"url":"https:\/\/www.ivinio.com\/wp-content\/uploads\/nc\/public\/modules\/file\/pictures\/5860.planeta-syrah-ivinio.jpg","type":"image\/jpeg"}],"twitter_card":"summary_large_image","twitter_misc":{"Ber\u00e4knad l\u00e4stid":"1 minut"},"schema":{"@context":"https:\/\/schema.org","@graph":[{"@type":"WebPage","@id":"https:\/\/www.ivinio.com\/sv\/produkt\/planeta-syrah-maroccoli-rod\/","url":"https:\/\/www.ivinio.com\/sv\/produkt\/planeta-syrah-maroccoli-rod\/","name":"K\u00f6pa Planeta - Syrah Maroccoli - r\u00f6dvin - IVINIO Vinbutik","isPartOf":{"@id":"https:\/\/www.ivinio.com\/sv\/#website"},"primaryImageOfPage":{"@id":"https:\/\/www.ivinio.com\/sv\/produkt\/planeta-syrah-maroccoli-rod\/#primaryimage"},"image":{"@id":"https:\/\/www.ivinio.com\/sv\/produkt\/planeta-syrah-maroccoli-rod\/#primaryimage"},"thumbnailUrl":"https:\/\/www.ivinio.com\/wp-content\/uploads\/nc\/public\/modules\/file\/pictures\/5860.planeta-syrah-ivinio.jpg","datePublished":"2015-02-26T12:07:07+00:00","dateModified":"2026-02-19T15:11:57+00:00","description":"K\u00f6pa Planeta - Syrah Maroccoli - r\u00f6dvin. 100% Syrahdruvor. Inslag av frukt, choklad, mynta, peppar och kanel. Att servera till en lammstek eller till orientaliska r\u00e4tter.","breadcrumb":{"@id":"https:\/\/www.ivinio.com\/sv\/produkt\/planeta-syrah-maroccoli-rod\/#breadcrumb"},"inLanguage":"sv-SE","potentialAction":[{"@type":"ReadAction","target":["https:\/\/www.ivinio.com\/sv\/produkt\/planeta-syrah-maroccoli-rod\/"]}]},{"@type":"ImageObject","inLanguage":"sv-SE","@id":"https:\/\/www.ivinio.com\/sv\/produkt\/planeta-syrah-maroccoli-rod\/#primaryimage","url":"https:\/\/www.ivinio.com\/wp-content\/uploads\/nc\/public\/modules\/file\/pictures\/5860.planeta-syrah-ivinio.jpg","contentUrl":"https:\/\/www.ivinio.com\/wp-content\/uploads\/nc\/public\/modules\/file\/pictures\/5860.planeta-syrah-ivinio.jpg","width":500,"height":500},{"@type":"BreadcrumbList","@id":"https:\/\/www.ivinio.com\/sv\/produkt\/planeta-syrah-maroccoli-rod\/#breadcrumb","itemListElement":[{"@type":"ListItem","position":1,"name":"Hem","item":"https:\/\/www.ivinio.com\/sv\/"},{"@type":"ListItem","position":2,"name":"Vinbutik","item":"https:\/\/www.ivinio.com\/sv\/vinbutik\/"},{"@type":"ListItem","position":3,"name":"Planeta &#8211; Syrah Maroccoli &#8211; R\u00f6d"}]},{"@type":"WebSite","@id":"https:\/\/www.ivinio.com\/sv\/#website","url":"https:\/\/www.ivinio.com\/sv\/","name":"IVINIO Vinbutik","description":"Vin fr\u00e5n Frankrike och Italien med leverans hem till din d\u00f6rr","publisher":{"@id":"https:\/\/www.ivinio.com\/sv\/#organization"},"potentialAction":[{"@type":"SearchAction","target":{"@type":"EntryPoint","urlTemplate":"https:\/\/www.ivinio.com\/sv\/?s={search_term_string}"},"query-input":{"@type":"PropertyValueSpecification","valueRequired":true,"valueName":"search_term_string"}}],"inLanguage":"sv-SE"},{"@type":"Organization","@id":"https:\/\/www.ivinio.com\/sv\/#organization","name":"IVINIO","url":"https:\/\/www.ivinio.com\/sv\/","logo":{"@type":"ImageObject","inLanguage":"sv-SE","@id":"https:\/\/www.ivinio.com\/sv\/#\/schema\/logo\/image\/","url":"https:\/\/www.ivinio.com\/wp-content\/uploads\/2021\/01\/Logo-Ivinio-v2.jpg","contentUrl":"https:\/\/www.ivinio.com\/wp-content\/uploads\/2021\/01\/Logo-Ivinio-v2.jpg","width":1194,"height":1194,"caption":"IVINIO"},"image":{"@id":"https:\/\/www.ivinio.com\/sv\/#\/schema\/logo\/image\/"},"sameAs":["https:\/\/www.facebook.com\/groups\/165217837022391\/?ref=bookmarks","https:\/\/www.instagram.com\/_ivinio_\/?hl=fr"]}]}},"jetpack_sharing_enabled":true,"_links":{"self":[{"href":"https:\/\/www.ivinio.com\/sv\/wp-json\/wp\/v2\/product\/119686","targetHints":{"allow":["GET"]}}],"collection":[{"href":"https:\/\/www.ivinio.com\/sv\/wp-json\/wp\/v2\/product"}],"about":[{"href":"https:\/\/www.ivinio.com\/sv\/wp-json\/wp\/v2\/types\/product"}],"replies":[{"embeddable":true,"href":"https:\/\/www.ivinio.com\/sv\/wp-json\/wp\/v2\/comments?post=119686"}],"wp:featuredmedia":[{"embeddable":true,"href":"https:\/\/www.ivinio.com\/sv\/wp-json\/wp\/v2\/media\/119687"}],"wp:attachment":[{"href":"https:\/\/www.ivinio.com\/sv\/wp-json\/wp\/v2\/media?parent=119686"}],"wp:term":[{"taxonomy":"product_brand","embeddable":true,"href":"https:\/\/www.ivinio.com\/sv\/wp-json\/wp\/v2\/product_brand?post=119686"},{"taxonomy":"product_cat","embeddable":true,"href":"https:\/\/www.ivinio.com\/sv\/wp-json\/wp\/v2\/product_cat?post=119686"},{"taxonomy":"product_tag","embeddable":true,"href":"https:\/\/www.ivinio.com\/sv\/wp-json\/wp\/v2\/product_tag?post=119686"}],"curies":[{"name":"wp","href":"https:\/\/api.w.org\/{rel}","templated":true}]}}