{"id":119668,"date":"2015-02-26T12:07:07","date_gmt":"2015-02-26T12:07:07","guid":{"rendered":"https:\/\/henrik.www.ivinio.com\/?product=planeta-frappato-rod"},"modified":"2022-12-14T19:29:22","modified_gmt":"2022-12-14T18:29:22","slug":"planeta-frappato-rod","status":"publish","type":"product","link":"https:\/\/www.ivinio.com\/sv\/produkt\/planeta-frappato-rod\/","title":{"rendered":"Planeta &#8211; Frappato &#8211; r\u00f6d"},"content":{"rendered":"<p>Frappato fr\u00e5n vinhuset\u00a0Planeta \u00e4r ett r\u00f6dvin framst\u00e4llt av 100% Frappatodruvor odlade i Vittoria, n\u00e4rmare best\u00e4mt det\u00a0\u00f6stra h\u00f6rnet av Sicilien, n\u00e4ra Sankta Lucias Syrakusa. Druvorna sk\u00f6rdas och plockas fr\u00e5n sina klasar. J\u00e4sningen sker under 12 dagars tid med druvskalet. Musten sugs ut och skiljs fr\u00e5n\u00a0de h\u00e5rda resterna (svinatura)\u00a0och den malolaktiska j\u00e4sningen genomf\u00f6rs innan det f\u00e4rdiga vinet tappas p\u00e5 flaska.<\/p>\n","protected":false},"excerpt":{"rendered":"<p>Frappato fr\u00e5n\u00a0Planeta \u00e4r ett halvfylligt r\u00f6dvin gjort av 100% Frappatodruvor. Ett orginellt r\u00f6dvin fr<span style=\"color: #151515; font-family: arial,helvetica;\">\u00e5n druvor som vuxit i den r\u00f6da sanden i Vittoria, n\u00e4ra Ragusa. Universellt r\u00f6dvin att servera till en<\/span>\u00a0spagetti och k\u00f6ttf\u00e4rss\u00e5s, men ocks<span style=\"color: #151515; font-family: arial,helvetica;\">\u00e5 till\u00a0<\/span>lasagne, pizza, hamburgare och med mjuka ostar.<\/p>\n","protected":false},"featured_media":119669,"comment_status":"open","ping_status":"closed","template":"","meta":{"_monsterinsights_skip_tracking":false,"_monsterinsights_sitenote_active":false,"_monsterinsights_sitenote_note":"","_monsterinsights_sitenote_category":0,"_uf_show_specific_survey":0,"_uf_disable_surveys":false},"product_brand":[],"product_cat":[36591,36603],"product_tag":[],"class_list":{"0":"post-119668","1":"product","2":"type-product","3":"status-publish","4":"has-post-thumbnail","6":"product_cat-italienska-viner","7":"product_cat-sv-sicilien","8":"pa_alcohol-degree-13-5-sv","9":"pa_classification-dop-vittoria-sv","10":"pa_color-rod-sv","11":"pa_country-italien-sv","12":"pa_grape-variety-frappato-sv","13":"pa_region-sicilien-sv","14":"pa_storage-potential-3-ar-sv","15":"pa_vintage-41019","16":"pa_volume-75-cl-sv","18":"first","19":"instock","20":"taxable","21":"shipping-taxable","22":"purchasable","23":"product-type-simple"},"bundled_by":[],"bundle_stock_status":"instock","bundle_stock_quantity":null,"bundle_virtual":false,"bundle_layout":"","bundle_add_to_cart_form_location":"","bundle_editable_in_cart":false,"bundle_sold_individually_context":"","bundle_item_grouping":"","bundle_min_size":"","bundle_max_size":"","bundle_price":[],"bundled_items":[],"bundle_sell_ids":[],"yoast_head":"<!-- This site is optimized with the Yoast SEO plugin v27.5 - https:\/\/yoast.com\/product\/yoast-seo-wordpress\/ -->\n<title>K\u00f6pa Planeta - Frappato - r\u00f6d - Vin fr\u00e5n Sicilien - IVINIO Vinbutik<\/title>\n<meta name=\"description\" content=\"K\u00f6pa Planeta - Frappato - r\u00f6d - Vin fr\u00e5n Sicilien. Ett halvfylligt r\u00f6dvin gjort av 100% Frappatodruvor. Ett orginellt r\u00f6dvin fr\u00e5n Vittoria.\" \/>\n<meta name=\"robots\" content=\"index, follow, max-snippet:-1, max-image-preview:large, max-video-preview:-1\" \/>\n<link rel=\"canonical\" href=\"https:\/\/www.ivinio.com\/sv\/produkt\/planeta-frappato-rod\/\" \/>\n<meta property=\"og:locale\" content=\"sv_SE\" \/>\n<meta property=\"og:type\" content=\"article\" \/>\n<meta property=\"og:title\" content=\"K\u00f6pa Planeta - Frappato - r\u00f6d - Vin fr\u00e5n Sicilien - IVINIO Vinbutik\" \/>\n<meta property=\"og:description\" content=\"K\u00f6pa Planeta - Frappato - r\u00f6d - Vin fr\u00e5n Sicilien. Ett halvfylligt r\u00f6dvin gjort av 100% Frappatodruvor. Ett orginellt r\u00f6dvin fr\u00e5n Vittoria.\" \/>\n<meta property=\"og:url\" content=\"https:\/\/www.ivinio.com\/sv\/produkt\/planeta-frappato-rod\/\" \/>\n<meta property=\"og:site_name\" content=\"IVINIO Vinbutik\" \/>\n<meta property=\"article:publisher\" content=\"https:\/\/www.facebook.com\/groups\/165217837022391\/?ref=bookmarks\" \/>\n<meta property=\"article:modified_time\" content=\"2022-12-14T18:29:22+00:00\" \/>\n<meta property=\"og:image\" content=\"https:\/\/www.ivinio.com\/wp-content\/uploads\/nc\/public\/modules\/file\/pictures\/5853.planeta-Frappato-Ivinio.jpg\" \/>\n\t<meta property=\"og:image:width\" content=\"500\" \/>\n\t<meta property=\"og:image:height\" content=\"500\" \/>\n\t<meta property=\"og:image:type\" content=\"image\/jpeg\" \/>\n<meta name=\"twitter:card\" content=\"summary_large_image\" \/>\n<script type=\"application\/ld+json\" class=\"yoast-schema-graph\">{\"@context\":\"https:\\\/\\\/schema.org\",\"@graph\":[{\"@type\":\"WebPage\",\"@id\":\"https:\\\/\\\/www.ivinio.com\\\/sv\\\/produkt\\\/planeta-frappato-rod\\\/\",\"url\":\"https:\\\/\\\/www.ivinio.com\\\/sv\\\/produkt\\\/planeta-frappato-rod\\\/\",\"name\":\"K\u00f6pa Planeta - Frappato - r\u00f6d - Vin fr\u00e5n Sicilien - IVINIO Vinbutik\",\"isPartOf\":{\"@id\":\"https:\\\/\\\/www.ivinio.com\\\/sv\\\/#website\"},\"primaryImageOfPage\":{\"@id\":\"https:\\\/\\\/www.ivinio.com\\\/sv\\\/produkt\\\/planeta-frappato-rod\\\/#primaryimage\"},\"image\":{\"@id\":\"https:\\\/\\\/www.ivinio.com\\\/sv\\\/produkt\\\/planeta-frappato-rod\\\/#primaryimage\"},\"thumbnailUrl\":\"https:\\\/\\\/www.ivinio.com\\\/wp-content\\\/uploads\\\/nc\\\/public\\\/modules\\\/file\\\/pictures\\\/5853.planeta-Frappato-Ivinio.jpg\",\"datePublished\":\"2015-02-26T12:07:07+00:00\",\"dateModified\":\"2022-12-14T18:29:22+00:00\",\"description\":\"K\u00f6pa Planeta - Frappato - r\u00f6d - Vin fr\u00e5n Sicilien. Ett halvfylligt r\u00f6dvin gjort av 100% Frappatodruvor. Ett orginellt r\u00f6dvin fr\u00e5n Vittoria.\",\"breadcrumb\":{\"@id\":\"https:\\\/\\\/www.ivinio.com\\\/sv\\\/produkt\\\/planeta-frappato-rod\\\/#breadcrumb\"},\"inLanguage\":\"sv-SE\",\"potentialAction\":[{\"@type\":\"ReadAction\",\"target\":[\"https:\\\/\\\/www.ivinio.com\\\/sv\\\/produkt\\\/planeta-frappato-rod\\\/\"]}]},{\"@type\":\"ImageObject\",\"inLanguage\":\"sv-SE\",\"@id\":\"https:\\\/\\\/www.ivinio.com\\\/sv\\\/produkt\\\/planeta-frappato-rod\\\/#primaryimage\",\"url\":\"https:\\\/\\\/www.ivinio.com\\\/wp-content\\\/uploads\\\/nc\\\/public\\\/modules\\\/file\\\/pictures\\\/5853.planeta-Frappato-Ivinio.jpg\",\"contentUrl\":\"https:\\\/\\\/www.ivinio.com\\\/wp-content\\\/uploads\\\/nc\\\/public\\\/modules\\\/file\\\/pictures\\\/5853.planeta-Frappato-Ivinio.jpg\",\"width\":500,\"height\":500,\"caption\":\"Planeta - Frappato\"},{\"@type\":\"BreadcrumbList\",\"@id\":\"https:\\\/\\\/www.ivinio.com\\\/sv\\\/produkt\\\/planeta-frappato-rod\\\/#breadcrumb\",\"itemListElement\":[{\"@type\":\"ListItem\",\"position\":1,\"name\":\"Hem\",\"item\":\"https:\\\/\\\/www.ivinio.com\\\/sv\\\/\"},{\"@type\":\"ListItem\",\"position\":2,\"name\":\"Vinbutik\",\"item\":\"https:\\\/\\\/www.ivinio.com\\\/sv\\\/vinbutik\\\/\"},{\"@type\":\"ListItem\",\"position\":3,\"name\":\"Planeta &#8211; Frappato &#8211; r\u00f6d\"}]},{\"@type\":\"WebSite\",\"@id\":\"https:\\\/\\\/www.ivinio.com\\\/sv\\\/#website\",\"url\":\"https:\\\/\\\/www.ivinio.com\\\/sv\\\/\",\"name\":\"IVINIO Vinbutik\",\"description\":\"Vin fr\u00e5n Frankrike och Italien med leverans hem till din d\u00f6rr\",\"publisher\":{\"@id\":\"https:\\\/\\\/www.ivinio.com\\\/sv\\\/#organization\"},\"potentialAction\":[{\"@type\":\"SearchAction\",\"target\":{\"@type\":\"EntryPoint\",\"urlTemplate\":\"https:\\\/\\\/www.ivinio.com\\\/sv\\\/?s={search_term_string}\"},\"query-input\":{\"@type\":\"PropertyValueSpecification\",\"valueRequired\":true,\"valueName\":\"search_term_string\"}}],\"inLanguage\":\"sv-SE\"},{\"@type\":\"Organization\",\"@id\":\"https:\\\/\\\/www.ivinio.com\\\/sv\\\/#organization\",\"name\":\"IVINIO\",\"url\":\"https:\\\/\\\/www.ivinio.com\\\/sv\\\/\",\"logo\":{\"@type\":\"ImageObject\",\"inLanguage\":\"sv-SE\",\"@id\":\"https:\\\/\\\/www.ivinio.com\\\/sv\\\/#\\\/schema\\\/logo\\\/image\\\/\",\"url\":\"https:\\\/\\\/www.ivinio.com\\\/wp-content\\\/uploads\\\/2021\\\/01\\\/Logo-Ivinio-v2.jpg\",\"contentUrl\":\"https:\\\/\\\/www.ivinio.com\\\/wp-content\\\/uploads\\\/2021\\\/01\\\/Logo-Ivinio-v2.jpg\",\"width\":1194,\"height\":1194,\"caption\":\"IVINIO\"},\"image\":{\"@id\":\"https:\\\/\\\/www.ivinio.com\\\/sv\\\/#\\\/schema\\\/logo\\\/image\\\/\"},\"sameAs\":[\"https:\\\/\\\/www.facebook.com\\\/groups\\\/165217837022391\\\/?ref=bookmarks\",\"https:\\\/\\\/www.instagram.com\\\/_ivinio_\\\/?hl=fr\"]}]}<\/script>\n<!-- \/ Yoast SEO plugin. -->","yoast_head_json":{"title":"K\u00f6pa Planeta - Frappato - r\u00f6d - Vin fr\u00e5n Sicilien - IVINIO Vinbutik","description":"K\u00f6pa Planeta - Frappato - r\u00f6d - Vin fr\u00e5n Sicilien. Ett halvfylligt r\u00f6dvin gjort av 100% Frappatodruvor. Ett orginellt r\u00f6dvin fr\u00e5n Vittoria.","robots":{"index":"index","follow":"follow","max-snippet":"max-snippet:-1","max-image-preview":"max-image-preview:large","max-video-preview":"max-video-preview:-1"},"canonical":"https:\/\/www.ivinio.com\/sv\/produkt\/planeta-frappato-rod\/","og_locale":"sv_SE","og_type":"article","og_title":"K\u00f6pa Planeta - Frappato - r\u00f6d - Vin fr\u00e5n Sicilien - IVINIO Vinbutik","og_description":"K\u00f6pa Planeta - Frappato - r\u00f6d - Vin fr\u00e5n Sicilien. Ett halvfylligt r\u00f6dvin gjort av 100% Frappatodruvor. Ett orginellt r\u00f6dvin fr\u00e5n Vittoria.","og_url":"https:\/\/www.ivinio.com\/sv\/produkt\/planeta-frappato-rod\/","og_site_name":"IVINIO Vinbutik","article_publisher":"https:\/\/www.facebook.com\/groups\/165217837022391\/?ref=bookmarks","article_modified_time":"2022-12-14T18:29:22+00:00","og_image":[{"width":500,"height":500,"url":"https:\/\/www.ivinio.com\/wp-content\/uploads\/nc\/public\/modules\/file\/pictures\/5853.planeta-Frappato-Ivinio.jpg","type":"image\/jpeg"}],"twitter_card":"summary_large_image","schema":{"@context":"https:\/\/schema.org","@graph":[{"@type":"WebPage","@id":"https:\/\/www.ivinio.com\/sv\/produkt\/planeta-frappato-rod\/","url":"https:\/\/www.ivinio.com\/sv\/produkt\/planeta-frappato-rod\/","name":"K\u00f6pa Planeta - Frappato - r\u00f6d - Vin fr\u00e5n Sicilien - IVINIO Vinbutik","isPartOf":{"@id":"https:\/\/www.ivinio.com\/sv\/#website"},"primaryImageOfPage":{"@id":"https:\/\/www.ivinio.com\/sv\/produkt\/planeta-frappato-rod\/#primaryimage"},"image":{"@id":"https:\/\/www.ivinio.com\/sv\/produkt\/planeta-frappato-rod\/#primaryimage"},"thumbnailUrl":"https:\/\/www.ivinio.com\/wp-content\/uploads\/nc\/public\/modules\/file\/pictures\/5853.planeta-Frappato-Ivinio.jpg","datePublished":"2015-02-26T12:07:07+00:00","dateModified":"2022-12-14T18:29:22+00:00","description":"K\u00f6pa Planeta - Frappato - r\u00f6d - Vin fr\u00e5n Sicilien. Ett halvfylligt r\u00f6dvin gjort av 100% Frappatodruvor. Ett orginellt r\u00f6dvin fr\u00e5n Vittoria.","breadcrumb":{"@id":"https:\/\/www.ivinio.com\/sv\/produkt\/planeta-frappato-rod\/#breadcrumb"},"inLanguage":"sv-SE","potentialAction":[{"@type":"ReadAction","target":["https:\/\/www.ivinio.com\/sv\/produkt\/planeta-frappato-rod\/"]}]},{"@type":"ImageObject","inLanguage":"sv-SE","@id":"https:\/\/www.ivinio.com\/sv\/produkt\/planeta-frappato-rod\/#primaryimage","url":"https:\/\/www.ivinio.com\/wp-content\/uploads\/nc\/public\/modules\/file\/pictures\/5853.planeta-Frappato-Ivinio.jpg","contentUrl":"https:\/\/www.ivinio.com\/wp-content\/uploads\/nc\/public\/modules\/file\/pictures\/5853.planeta-Frappato-Ivinio.jpg","width":500,"height":500,"caption":"Planeta - Frappato"},{"@type":"BreadcrumbList","@id":"https:\/\/www.ivinio.com\/sv\/produkt\/planeta-frappato-rod\/#breadcrumb","itemListElement":[{"@type":"ListItem","position":1,"name":"Hem","item":"https:\/\/www.ivinio.com\/sv\/"},{"@type":"ListItem","position":2,"name":"Vinbutik","item":"https:\/\/www.ivinio.com\/sv\/vinbutik\/"},{"@type":"ListItem","position":3,"name":"Planeta &#8211; Frappato &#8211; r\u00f6d"}]},{"@type":"WebSite","@id":"https:\/\/www.ivinio.com\/sv\/#website","url":"https:\/\/www.ivinio.com\/sv\/","name":"IVINIO Vinbutik","description":"Vin fr\u00e5n Frankrike och Italien med leverans hem till din d\u00f6rr","publisher":{"@id":"https:\/\/www.ivinio.com\/sv\/#organization"},"potentialAction":[{"@type":"SearchAction","target":{"@type":"EntryPoint","urlTemplate":"https:\/\/www.ivinio.com\/sv\/?s={search_term_string}"},"query-input":{"@type":"PropertyValueSpecification","valueRequired":true,"valueName":"search_term_string"}}],"inLanguage":"sv-SE"},{"@type":"Organization","@id":"https:\/\/www.ivinio.com\/sv\/#organization","name":"IVINIO","url":"https:\/\/www.ivinio.com\/sv\/","logo":{"@type":"ImageObject","inLanguage":"sv-SE","@id":"https:\/\/www.ivinio.com\/sv\/#\/schema\/logo\/image\/","url":"https:\/\/www.ivinio.com\/wp-content\/uploads\/2021\/01\/Logo-Ivinio-v2.jpg","contentUrl":"https:\/\/www.ivinio.com\/wp-content\/uploads\/2021\/01\/Logo-Ivinio-v2.jpg","width":1194,"height":1194,"caption":"IVINIO"},"image":{"@id":"https:\/\/www.ivinio.com\/sv\/#\/schema\/logo\/image\/"},"sameAs":["https:\/\/www.facebook.com\/groups\/165217837022391\/?ref=bookmarks","https:\/\/www.instagram.com\/_ivinio_\/?hl=fr"]}]}},"jetpack_sharing_enabled":true,"_links":{"self":[{"href":"https:\/\/www.ivinio.com\/sv\/wp-json\/wp\/v2\/product\/119668","targetHints":{"allow":["GET"]}}],"collection":[{"href":"https:\/\/www.ivinio.com\/sv\/wp-json\/wp\/v2\/product"}],"about":[{"href":"https:\/\/www.ivinio.com\/sv\/wp-json\/wp\/v2\/types\/product"}],"replies":[{"embeddable":true,"href":"https:\/\/www.ivinio.com\/sv\/wp-json\/wp\/v2\/comments?post=119668"}],"wp:featuredmedia":[{"embeddable":true,"href":"https:\/\/www.ivinio.com\/sv\/wp-json\/wp\/v2\/media\/119669"}],"wp:attachment":[{"href":"https:\/\/www.ivinio.com\/sv\/wp-json\/wp\/v2\/media?parent=119668"}],"wp:term":[{"taxonomy":"product_brand","embeddable":true,"href":"https:\/\/www.ivinio.com\/sv\/wp-json\/wp\/v2\/product_brand?post=119668"},{"taxonomy":"product_cat","embeddable":true,"href":"https:\/\/www.ivinio.com\/sv\/wp-json\/wp\/v2\/product_cat?post=119668"},{"taxonomy":"product_tag","embeddable":true,"href":"https:\/\/www.ivinio.com\/sv\/wp-json\/wp\/v2\/product_tag?post=119668"}],"curies":[{"name":"wp","href":"https:\/\/api.w.org\/{rel}","templated":true}]}}