{"id":119653,"date":"2015-08-04T11:58:29","date_gmt":"2015-08-04T11:58:29","guid":{"rendered":"https:\/\/henrik.www.ivinio.com\/?product=palari-faro-rod"},"modified":"2026-02-19T12:29:16","modified_gmt":"2026-02-19T11:29:16","slug":"palari-faro-rod","status":"publish","type":"product","link":"https:\/\/www.ivinio.com\/sv\/produkt\/palari-faro-rod\/","title":{"rendered":"Palari &#8211; Faro &#8211; r\u00f6d"},"content":{"rendered":"<p>Faro som \u00e4r namnet p<span style=\"color: #151515; font-family: arial,helvetica;\">\u00e5 micro-appellationen runt Messina i nordv\u00e4stra Sicilien framst\u00e4lls av lokala druvsorter i en autentisk blandning av Nerello Mascalese, Nerello Cappuccio samt en del Nocera, Cappuccio Tignolino, Acitana, Galatena och Calabrese. Vinodlingarna \u00e4r<\/span><span style=\"background-color: #ffffff; color: #333333; font-family: arial,helvetica,sans-serif; font-size: 12px;\">\u00a0<\/span><span style=\"color: #151515; font-family: arial,helvetica;\">albarello-klippta och\u00a0<\/span><span style=\"font-family: arial,helvetica,sans-serif; font-size: 12px;\">planterade p<\/span><span style=\"color: #151515; font-family: arial,helvetica;\">\u00e5 branta sluttningar (i genomsnitt 78\u00b0 lutning)\u00a0orienterade i syd\u00f6stlig riktning. Druvorna sk\u00f6rdas f\u00f6r hand och endast 1 kg druvor utvinns per albarello-ranka. Vinet framst\u00e4lls traditionellt enligt gammal tradition och kontrollerad temperatur p<\/span><span style=\"color: #151515; font-family: arial,helvetica;\">\u00e5 st\u00e5ltank. Vinet lagras sedan p\u00e5 ekfat innan det tappas p\u00e5 flaska och lagras ytterligare 18 m\u00e5nader innan f\u00f6rs\u00e4ljning.<\/span><\/p>\n<p>&nbsp;<\/p>\n","protected":false},"excerpt":{"rendered":"<p>Faro fr\u00e5n Palari \u00e4r ett typiskt, n\u00e4stan handgjort r\u00f6dvin framst\u00e4llt av de lokala druvsorterna\u00a0Nerello Mascalese, Nerello Cappuccio samt en del Nocera, Cappuccio Tignolino, Acitana, Galatena och\u00a0Calabrese. Ett exklusivt aromatiskt r\u00f6dvin att servera till en Boeuf Bourgignon eller diverse k\u00f6ttr\u00e4tter.<\/p>\n","protected":false},"featured_media":119654,"comment_status":"open","ping_status":"closed","template":"","meta":{"_monsterinsights_skip_tracking":false,"_monsterinsights_sitenote_active":false,"_monsterinsights_sitenote_note":"","_monsterinsights_sitenote_category":0,"_uf_show_specific_survey":0,"_uf_disable_surveys":false},"product_brand":[],"product_cat":[36591,36603],"product_tag":[],"class_list":{"0":"post-119653","1":"product","2":"type-product","3":"status-publish","4":"has-post-thumbnail","6":"product_cat-italienska-viner","7":"product_cat-sv-sicilien","8":"pa_alcohol-degree-14-5-sv","9":"pa_awards-gambero-rosso","10":"pa_awards-jancis-robinson","11":"pa_awards-wine-enthusiast","12":"pa_classification-doc-faro-sv","13":"pa_color-rod-sv","14":"pa_country-italien-sv","15":"pa_grape-variety-acitana","16":"pa_grape-variety-calabrese","17":"pa_grape-variety-cappuccio-tignolino-sv","18":"pa_grape-variety-galatena-sv","19":"pa_grape-variety-nerello-cappuccio","20":"pa_grape-variety-nerello-mascalese","21":"pa_grape-variety-nocera","22":"pa_package-1x1-sv","23":"pa_package-1x6-sv","24":"pa_region-sicilien-sv","25":"pa_storage-potential-15-ar-sv","26":"pa_vintage-2015-sv","27":"pa_volume-75-cl-sv","29":"first","30":"instock","31":"taxable","32":"shipping-taxable","33":"purchasable","34":"product-type-variable"},"bundled_by":[],"bundle_stock_status":"instock","bundle_stock_quantity":null,"bundle_virtual":false,"bundle_layout":"","bundle_add_to_cart_form_location":"","bundle_editable_in_cart":false,"bundle_sold_individually_context":"","bundle_item_grouping":"","bundle_min_size":"","bundle_max_size":"","bundle_price":[],"bundled_items":[],"bundle_sell_ids":[],"yoast_head":"<!-- This site is optimized with the Yoast SEO plugin v27.4 - https:\/\/yoast.com\/product\/yoast-seo-wordpress\/ -->\n<title>Palari - Faro - r\u00f6dvin<\/title>\n<meta name=\"description\" content=\"Faro fr\u00e5n Palari \u00e4r ett typiskt, n\u00e4stan handgjort r\u00f6dvin framst\u00e4llt av de lokala druvsorterna Nerello Mascalese, Nerello Cappuccio samt en del Nocera, Cappuccio Tignolino, Acitana, Galatena och Calabrese. Ett exklusivt aromatiskt r\u00f6dvin att servera t\" \/>\n<meta name=\"robots\" content=\"index, follow, max-snippet:-1, max-image-preview:large, max-video-preview:-1\" \/>\n<link rel=\"canonical\" href=\"https:\/\/www.ivinio.com\/sv\/produkt\/palari-faro-rod\/\" \/>\n<meta property=\"og:locale\" content=\"sv_SE\" \/>\n<meta property=\"og:type\" content=\"article\" \/>\n<meta property=\"og:title\" content=\"Palari - Faro - r\u00f6dvin\" \/>\n<meta property=\"og:description\" content=\"Faro fr\u00e5n Palari \u00e4r ett typiskt, n\u00e4stan handgjort r\u00f6dvin framst\u00e4llt av de lokala druvsorterna Nerello Mascalese, Nerello Cappuccio samt en del Nocera, Cappuccio Tignolino, Acitana, Galatena och Calabrese. Ett exklusivt aromatiskt r\u00f6dvin att servera t\" \/>\n<meta property=\"og:url\" content=\"https:\/\/www.ivinio.com\/sv\/produkt\/palari-faro-rod\/\" \/>\n<meta property=\"og:site_name\" content=\"IVINIO Vinbutik\" \/>\n<meta property=\"article:publisher\" content=\"https:\/\/www.facebook.com\/groups\/165217837022391\/?ref=bookmarks\" \/>\n<meta property=\"article:modified_time\" content=\"2026-02-19T11:29:16+00:00\" \/>\n<meta property=\"og:image\" content=\"https:\/\/www.ivinio.com\/wp-content\/uploads\/nc\/public\/modules\/file\/pictures\/5848.palari-faro-ivinio.jpg\" \/>\n\t<meta property=\"og:image:width\" content=\"500\" \/>\n\t<meta property=\"og:image:height\" content=\"500\" \/>\n\t<meta property=\"og:image:type\" content=\"image\/jpeg\" \/>\n<meta name=\"twitter:card\" content=\"summary_large_image\" \/>\n<meta name=\"twitter:label1\" content=\"Ber\u00e4knad l\u00e4stid\" \/>\n\t<meta name=\"twitter:data1\" content=\"1 minut\" \/>\n<script type=\"application\/ld+json\" class=\"yoast-schema-graph\">{\"@context\":\"https:\\\/\\\/schema.org\",\"@graph\":[{\"@type\":\"WebPage\",\"@id\":\"https:\\\/\\\/www.ivinio.com\\\/sv\\\/produkt\\\/palari-faro-rod\\\/\",\"url\":\"https:\\\/\\\/www.ivinio.com\\\/sv\\\/produkt\\\/palari-faro-rod\\\/\",\"name\":\"Palari - Faro - r\u00f6dvin\",\"isPartOf\":{\"@id\":\"https:\\\/\\\/www.ivinio.com\\\/sv\\\/#website\"},\"primaryImageOfPage\":{\"@id\":\"https:\\\/\\\/www.ivinio.com\\\/sv\\\/produkt\\\/palari-faro-rod\\\/#primaryimage\"},\"image\":{\"@id\":\"https:\\\/\\\/www.ivinio.com\\\/sv\\\/produkt\\\/palari-faro-rod\\\/#primaryimage\"},\"thumbnailUrl\":\"https:\\\/\\\/www.ivinio.com\\\/wp-content\\\/uploads\\\/nc\\\/public\\\/modules\\\/file\\\/pictures\\\/5848.palari-faro-ivinio.jpg\",\"datePublished\":\"2015-08-04T11:58:29+00:00\",\"dateModified\":\"2026-02-19T11:29:16+00:00\",\"description\":\"Faro fr\u00e5n Palari \u00e4r ett typiskt, n\u00e4stan handgjort r\u00f6dvin framst\u00e4llt av de lokala druvsorterna Nerello Mascalese, Nerello Cappuccio samt en del Nocera, Cappuccio Tignolino, Acitana, Galatena och Calabrese. Ett exklusivt aromatiskt r\u00f6dvin att servera t\",\"breadcrumb\":{\"@id\":\"https:\\\/\\\/www.ivinio.com\\\/sv\\\/produkt\\\/palari-faro-rod\\\/#breadcrumb\"},\"inLanguage\":\"sv-SE\",\"potentialAction\":[{\"@type\":\"ReadAction\",\"target\":[\"https:\\\/\\\/www.ivinio.com\\\/sv\\\/produkt\\\/palari-faro-rod\\\/\"]}]},{\"@type\":\"ImageObject\",\"inLanguage\":\"sv-SE\",\"@id\":\"https:\\\/\\\/www.ivinio.com\\\/sv\\\/produkt\\\/palari-faro-rod\\\/#primaryimage\",\"url\":\"https:\\\/\\\/www.ivinio.com\\\/wp-content\\\/uploads\\\/nc\\\/public\\\/modules\\\/file\\\/pictures\\\/5848.palari-faro-ivinio.jpg\",\"contentUrl\":\"https:\\\/\\\/www.ivinio.com\\\/wp-content\\\/uploads\\\/nc\\\/public\\\/modules\\\/file\\\/pictures\\\/5848.palari-faro-ivinio.jpg\",\"width\":500,\"height\":500},{\"@type\":\"BreadcrumbList\",\"@id\":\"https:\\\/\\\/www.ivinio.com\\\/sv\\\/produkt\\\/palari-faro-rod\\\/#breadcrumb\",\"itemListElement\":[{\"@type\":\"ListItem\",\"position\":1,\"name\":\"Hem\",\"item\":\"https:\\\/\\\/www.ivinio.com\\\/sv\\\/\"},{\"@type\":\"ListItem\",\"position\":2,\"name\":\"Vinbutik\",\"item\":\"https:\\\/\\\/www.ivinio.com\\\/sv\\\/vinbutik\\\/\"},{\"@type\":\"ListItem\",\"position\":3,\"name\":\"Palari &#8211; Faro &#8211; r\u00f6d\"}]},{\"@type\":\"WebSite\",\"@id\":\"https:\\\/\\\/www.ivinio.com\\\/sv\\\/#website\",\"url\":\"https:\\\/\\\/www.ivinio.com\\\/sv\\\/\",\"name\":\"IVINIO Vinbutik\",\"description\":\"Vin fr\u00e5n Frankrike och Italien med leverans hem till din d\u00f6rr\",\"publisher\":{\"@id\":\"https:\\\/\\\/www.ivinio.com\\\/sv\\\/#organization\"},\"potentialAction\":[{\"@type\":\"SearchAction\",\"target\":{\"@type\":\"EntryPoint\",\"urlTemplate\":\"https:\\\/\\\/www.ivinio.com\\\/sv\\\/?s={search_term_string}\"},\"query-input\":{\"@type\":\"PropertyValueSpecification\",\"valueRequired\":true,\"valueName\":\"search_term_string\"}}],\"inLanguage\":\"sv-SE\"},{\"@type\":\"Organization\",\"@id\":\"https:\\\/\\\/www.ivinio.com\\\/sv\\\/#organization\",\"name\":\"IVINIO\",\"url\":\"https:\\\/\\\/www.ivinio.com\\\/sv\\\/\",\"logo\":{\"@type\":\"ImageObject\",\"inLanguage\":\"sv-SE\",\"@id\":\"https:\\\/\\\/www.ivinio.com\\\/sv\\\/#\\\/schema\\\/logo\\\/image\\\/\",\"url\":\"https:\\\/\\\/www.ivinio.com\\\/wp-content\\\/uploads\\\/2021\\\/01\\\/Logo-Ivinio-v2.jpg\",\"contentUrl\":\"https:\\\/\\\/www.ivinio.com\\\/wp-content\\\/uploads\\\/2021\\\/01\\\/Logo-Ivinio-v2.jpg\",\"width\":1194,\"height\":1194,\"caption\":\"IVINIO\"},\"image\":{\"@id\":\"https:\\\/\\\/www.ivinio.com\\\/sv\\\/#\\\/schema\\\/logo\\\/image\\\/\"},\"sameAs\":[\"https:\\\/\\\/www.facebook.com\\\/groups\\\/165217837022391\\\/?ref=bookmarks\",\"https:\\\/\\\/www.instagram.com\\\/_ivinio_\\\/?hl=fr\"]}]}<\/script>\n<!-- \/ Yoast SEO plugin. -->","yoast_head_json":{"title":"Palari - Faro - r\u00f6dvin","description":"Faro fr\u00e5n Palari \u00e4r ett typiskt, n\u00e4stan handgjort r\u00f6dvin framst\u00e4llt av de lokala druvsorterna Nerello Mascalese, Nerello Cappuccio samt en del Nocera, Cappuccio Tignolino, Acitana, Galatena och Calabrese. Ett exklusivt aromatiskt r\u00f6dvin att servera t","robots":{"index":"index","follow":"follow","max-snippet":"max-snippet:-1","max-image-preview":"max-image-preview:large","max-video-preview":"max-video-preview:-1"},"canonical":"https:\/\/www.ivinio.com\/sv\/produkt\/palari-faro-rod\/","og_locale":"sv_SE","og_type":"article","og_title":"Palari - Faro - r\u00f6dvin","og_description":"Faro fr\u00e5n Palari \u00e4r ett typiskt, n\u00e4stan handgjort r\u00f6dvin framst\u00e4llt av de lokala druvsorterna Nerello Mascalese, Nerello Cappuccio samt en del Nocera, Cappuccio Tignolino, Acitana, Galatena och Calabrese. Ett exklusivt aromatiskt r\u00f6dvin att servera t","og_url":"https:\/\/www.ivinio.com\/sv\/produkt\/palari-faro-rod\/","og_site_name":"IVINIO Vinbutik","article_publisher":"https:\/\/www.facebook.com\/groups\/165217837022391\/?ref=bookmarks","article_modified_time":"2026-02-19T11:29:16+00:00","og_image":[{"width":500,"height":500,"url":"https:\/\/www.ivinio.com\/wp-content\/uploads\/nc\/public\/modules\/file\/pictures\/5848.palari-faro-ivinio.jpg","type":"image\/jpeg"}],"twitter_card":"summary_large_image","twitter_misc":{"Ber\u00e4knad l\u00e4stid":"1 minut"},"schema":{"@context":"https:\/\/schema.org","@graph":[{"@type":"WebPage","@id":"https:\/\/www.ivinio.com\/sv\/produkt\/palari-faro-rod\/","url":"https:\/\/www.ivinio.com\/sv\/produkt\/palari-faro-rod\/","name":"Palari - Faro - r\u00f6dvin","isPartOf":{"@id":"https:\/\/www.ivinio.com\/sv\/#website"},"primaryImageOfPage":{"@id":"https:\/\/www.ivinio.com\/sv\/produkt\/palari-faro-rod\/#primaryimage"},"image":{"@id":"https:\/\/www.ivinio.com\/sv\/produkt\/palari-faro-rod\/#primaryimage"},"thumbnailUrl":"https:\/\/www.ivinio.com\/wp-content\/uploads\/nc\/public\/modules\/file\/pictures\/5848.palari-faro-ivinio.jpg","datePublished":"2015-08-04T11:58:29+00:00","dateModified":"2026-02-19T11:29:16+00:00","description":"Faro fr\u00e5n Palari \u00e4r ett typiskt, n\u00e4stan handgjort r\u00f6dvin framst\u00e4llt av de lokala druvsorterna Nerello Mascalese, Nerello Cappuccio samt en del Nocera, Cappuccio Tignolino, Acitana, Galatena och Calabrese. Ett exklusivt aromatiskt r\u00f6dvin att servera t","breadcrumb":{"@id":"https:\/\/www.ivinio.com\/sv\/produkt\/palari-faro-rod\/#breadcrumb"},"inLanguage":"sv-SE","potentialAction":[{"@type":"ReadAction","target":["https:\/\/www.ivinio.com\/sv\/produkt\/palari-faro-rod\/"]}]},{"@type":"ImageObject","inLanguage":"sv-SE","@id":"https:\/\/www.ivinio.com\/sv\/produkt\/palari-faro-rod\/#primaryimage","url":"https:\/\/www.ivinio.com\/wp-content\/uploads\/nc\/public\/modules\/file\/pictures\/5848.palari-faro-ivinio.jpg","contentUrl":"https:\/\/www.ivinio.com\/wp-content\/uploads\/nc\/public\/modules\/file\/pictures\/5848.palari-faro-ivinio.jpg","width":500,"height":500},{"@type":"BreadcrumbList","@id":"https:\/\/www.ivinio.com\/sv\/produkt\/palari-faro-rod\/#breadcrumb","itemListElement":[{"@type":"ListItem","position":1,"name":"Hem","item":"https:\/\/www.ivinio.com\/sv\/"},{"@type":"ListItem","position":2,"name":"Vinbutik","item":"https:\/\/www.ivinio.com\/sv\/vinbutik\/"},{"@type":"ListItem","position":3,"name":"Palari &#8211; Faro &#8211; r\u00f6d"}]},{"@type":"WebSite","@id":"https:\/\/www.ivinio.com\/sv\/#website","url":"https:\/\/www.ivinio.com\/sv\/","name":"IVINIO Vinbutik","description":"Vin fr\u00e5n Frankrike och Italien med leverans hem till din d\u00f6rr","publisher":{"@id":"https:\/\/www.ivinio.com\/sv\/#organization"},"potentialAction":[{"@type":"SearchAction","target":{"@type":"EntryPoint","urlTemplate":"https:\/\/www.ivinio.com\/sv\/?s={search_term_string}"},"query-input":{"@type":"PropertyValueSpecification","valueRequired":true,"valueName":"search_term_string"}}],"inLanguage":"sv-SE"},{"@type":"Organization","@id":"https:\/\/www.ivinio.com\/sv\/#organization","name":"IVINIO","url":"https:\/\/www.ivinio.com\/sv\/","logo":{"@type":"ImageObject","inLanguage":"sv-SE","@id":"https:\/\/www.ivinio.com\/sv\/#\/schema\/logo\/image\/","url":"https:\/\/www.ivinio.com\/wp-content\/uploads\/2021\/01\/Logo-Ivinio-v2.jpg","contentUrl":"https:\/\/www.ivinio.com\/wp-content\/uploads\/2021\/01\/Logo-Ivinio-v2.jpg","width":1194,"height":1194,"caption":"IVINIO"},"image":{"@id":"https:\/\/www.ivinio.com\/sv\/#\/schema\/logo\/image\/"},"sameAs":["https:\/\/www.facebook.com\/groups\/165217837022391\/?ref=bookmarks","https:\/\/www.instagram.com\/_ivinio_\/?hl=fr"]}]}},"jetpack_sharing_enabled":true,"_links":{"self":[{"href":"https:\/\/www.ivinio.com\/sv\/wp-json\/wp\/v2\/product\/119653","targetHints":{"allow":["GET"]}}],"collection":[{"href":"https:\/\/www.ivinio.com\/sv\/wp-json\/wp\/v2\/product"}],"about":[{"href":"https:\/\/www.ivinio.com\/sv\/wp-json\/wp\/v2\/types\/product"}],"replies":[{"embeddable":true,"href":"https:\/\/www.ivinio.com\/sv\/wp-json\/wp\/v2\/comments?post=119653"}],"wp:featuredmedia":[{"embeddable":true,"href":"https:\/\/www.ivinio.com\/sv\/wp-json\/wp\/v2\/media\/119654"}],"wp:attachment":[{"href":"https:\/\/www.ivinio.com\/sv\/wp-json\/wp\/v2\/media?parent=119653"}],"wp:term":[{"taxonomy":"product_brand","embeddable":true,"href":"https:\/\/www.ivinio.com\/sv\/wp-json\/wp\/v2\/product_brand?post=119653"},{"taxonomy":"product_cat","embeddable":true,"href":"https:\/\/www.ivinio.com\/sv\/wp-json\/wp\/v2\/product_cat?post=119653"},{"taxonomy":"product_tag","embeddable":true,"href":"https:\/\/www.ivinio.com\/sv\/wp-json\/wp\/v2\/product_tag?post=119653"}],"curies":[{"name":"wp","href":"https:\/\/api.w.org\/{rel}","templated":true}]}}