{"id":119599,"date":"2015-07-29T14:45:24","date_gmt":"2015-07-29T14:45:24","guid":{"rendered":"https:\/\/henrik.www.ivinio.com\/?product=donnafugata-anthilia-white"},"modified":"2024-04-09T17:19:06","modified_gmt":"2024-04-09T15:19:06","slug":"donnafugata-anthilia-vit","status":"publish","type":"product","link":"https:\/\/www.ivinio.com\/sv\/produkt\/donnafugata-anthilia-vit\/","title":{"rendered":"Donnafugata &#8211; Anth\u00eclia &#8211; vit"},"content":{"rendered":"<p>Anth\u00eclia \u00e4r det namn romarna gav den elimiska staden Entella som har sitt ursprung fr\u00e5n 400-200 f.Kr och l\u00e5g i de inre v\u00e4stra delarna av Sicilien. Anth\u00eclia fr\u00e5n Donnafugata framst\u00e4lls av fr\u00e4mst den lokala Catarrattodruvan, men ocks\u00e5 av diverse andra vita druvsorter. Druvorna odlas i den s\u00f6dra delen av Sicilien, 200-600 meter \u00f6ver havet i mineralhaltig lerjord. Druvorna sk\u00f6rdas i slutet av september. Druvorna pressas och f\u00e5r j\u00e4sa vid 14-16\u00b0. Vinet lagras i st\u00e5l tank innan det tappas p\u00e5 flaska och f\u00e5r lagras ytterligare 2 m\u00e5nader. Ant\u00eclia \u00e4r det f\u00f6rsta vin som Donnafugata b\u00f6rjade framst\u00e4lla.<\/p>\n","protected":false},"excerpt":{"rendered":"<p>Anth\u00eclia fr<span style=\"color: #151515; font-family: arial,helvetica;\">\u00e5n Donnafugata \u00e4r ett sicilianskt vitvin som fr\u00e4mst framst\u00e4llts av den lokala Catarrattodruvan. Ett mjukt, v\u00e4lbalanserat vitvin med aromatiska inslag av \u00e4pple och persika. Ett vitvin med ett brett anv\u00e4ndningsomr\u00e5de.\u00a0\u00a0<\/span><\/p>\n","protected":false},"featured_media":119600,"comment_status":"open","ping_status":"closed","template":"","meta":{"_monsterinsights_skip_tracking":false,"_monsterinsights_sitenote_active":false,"_monsterinsights_sitenote_note":"","_monsterinsights_sitenote_category":0,"_uf_show_specific_survey":0,"_uf_disable_surveys":false},"product_brand":[],"product_cat":[36591,36603],"product_tag":[],"class_list":{"0":"post-119599","1":"product","2":"type-product","3":"status-publish","4":"has-post-thumbnail","6":"product_cat-italienska-viner","7":"product_cat-sv-sicilien","8":"pa_alcohol-degree-13-sv","9":"pa_awards-vinum-wine-magazine-sv","10":"pa_classification-doc-sicilia-sv","11":"pa_color-vit-sv","12":"pa_country-italien-sv","13":"pa_grape-variety-catarratto-sv","14":"pa_region-sicilien-sv","15":"pa_storage-potential-3-ar-sv","16":"pa_vintage-41365","18":"first","19":"instock","20":"taxable","21":"shipping-taxable","22":"purchasable","23":"product-type-simple"},"bundled_by":[],"bundle_stock_status":"instock","bundle_stock_quantity":null,"bundle_virtual":false,"bundle_layout":"","bundle_add_to_cart_form_location":"","bundle_editable_in_cart":false,"bundle_sold_individually_context":"","bundle_item_grouping":"","bundle_min_size":"","bundle_max_size":"","bundle_price":[],"bundled_items":[],"bundle_sell_ids":[],"yoast_head":"<!-- This site is optimized with the Yoast SEO plugin v27.5 - https:\/\/yoast.com\/product\/yoast-seo-wordpress\/ -->\n<title>K\u00f6pa Donnafugata - Anth\u00eclia - vitvin - IVINIO Vinbutik<\/title>\n<meta name=\"description\" content=\"K\u00f6pa Donnafugata - Anth\u00eclia - vitvin. Ett sicilianskt vitvin som fr\u00e4mst framst\u00e4llts av den lokala Catarrattodruvan. Ett mjukt, v\u00e4lbalanserat vitvin med aromatiska inslag av \u00e4pple och persika.\" \/>\n<meta name=\"robots\" content=\"index, follow, max-snippet:-1, max-image-preview:large, max-video-preview:-1\" \/>\n<link rel=\"canonical\" href=\"https:\/\/www.ivinio.com\/sv\/produkt\/donnafugata-anthilia-vit\/\" \/>\n<meta property=\"og:locale\" content=\"sv_SE\" \/>\n<meta property=\"og:type\" content=\"article\" \/>\n<meta property=\"og:title\" content=\"K\u00f6pa Donnafugata - Anth\u00eclia - vitvin - IVINIO Vinbutik\" \/>\n<meta property=\"og:description\" content=\"K\u00f6pa Donnafugata - Anth\u00eclia - vitvin. Ett sicilianskt vitvin som fr\u00e4mst framst\u00e4llts av den lokala Catarrattodruvan. Ett mjukt, v\u00e4lbalanserat vitvin med aromatiska inslag av \u00e4pple och persika.\" \/>\n<meta property=\"og:url\" content=\"https:\/\/www.ivinio.com\/sv\/produkt\/donnafugata-anthilia-vit\/\" \/>\n<meta property=\"og:site_name\" content=\"IVINIO Vinbutik\" \/>\n<meta property=\"article:publisher\" content=\"https:\/\/www.facebook.com\/groups\/165217837022391\/?ref=bookmarks\" \/>\n<meta property=\"article:modified_time\" content=\"2024-04-09T15:19:06+00:00\" \/>\n<meta property=\"og:image\" content=\"https:\/\/www.ivinio.com\/wp-content\/uploads\/nc\/public\/modules\/file\/pictures\/5833.donnafugata-anth-lia-Ivinio.jpg\" \/>\n\t<meta property=\"og:image:width\" content=\"500\" \/>\n\t<meta property=\"og:image:height\" content=\"500\" \/>\n\t<meta property=\"og:image:type\" content=\"image\/jpeg\" \/>\n<meta name=\"twitter:card\" content=\"summary_large_image\" \/>\n<meta name=\"twitter:label1\" content=\"Ber\u00e4knad l\u00e4stid\" \/>\n\t<meta name=\"twitter:data1\" content=\"1 minut\" \/>\n<script type=\"application\/ld+json\" class=\"yoast-schema-graph\">{\"@context\":\"https:\\\/\\\/schema.org\",\"@graph\":[{\"@type\":\"WebPage\",\"@id\":\"https:\\\/\\\/www.ivinio.com\\\/sv\\\/produkt\\\/donnafugata-anthilia-vit\\\/\",\"url\":\"https:\\\/\\\/www.ivinio.com\\\/sv\\\/produkt\\\/donnafugata-anthilia-vit\\\/\",\"name\":\"K\u00f6pa Donnafugata - Anth\u00eclia - vitvin - IVINIO Vinbutik\",\"isPartOf\":{\"@id\":\"https:\\\/\\\/www.ivinio.com\\\/sv\\\/#website\"},\"primaryImageOfPage\":{\"@id\":\"https:\\\/\\\/www.ivinio.com\\\/sv\\\/produkt\\\/donnafugata-anthilia-vit\\\/#primaryimage\"},\"image\":{\"@id\":\"https:\\\/\\\/www.ivinio.com\\\/sv\\\/produkt\\\/donnafugata-anthilia-vit\\\/#primaryimage\"},\"thumbnailUrl\":\"https:\\\/\\\/www.ivinio.com\\\/wp-content\\\/uploads\\\/nc\\\/public\\\/modules\\\/file\\\/pictures\\\/5833.donnafugata-anth-lia-Ivinio.jpg\",\"datePublished\":\"2015-07-29T14:45:24+00:00\",\"dateModified\":\"2024-04-09T15:19:06+00:00\",\"description\":\"K\u00f6pa Donnafugata - Anth\u00eclia - vitvin. Ett sicilianskt vitvin som fr\u00e4mst framst\u00e4llts av den lokala Catarrattodruvan. Ett mjukt, v\u00e4lbalanserat vitvin med aromatiska inslag av \u00e4pple och persika.\",\"breadcrumb\":{\"@id\":\"https:\\\/\\\/www.ivinio.com\\\/sv\\\/produkt\\\/donnafugata-anthilia-vit\\\/#breadcrumb\"},\"inLanguage\":\"sv-SE\",\"potentialAction\":[{\"@type\":\"ReadAction\",\"target\":[\"https:\\\/\\\/www.ivinio.com\\\/sv\\\/produkt\\\/donnafugata-anthilia-vit\\\/\"]}]},{\"@type\":\"ImageObject\",\"inLanguage\":\"sv-SE\",\"@id\":\"https:\\\/\\\/www.ivinio.com\\\/sv\\\/produkt\\\/donnafugata-anthilia-vit\\\/#primaryimage\",\"url\":\"https:\\\/\\\/www.ivinio.com\\\/wp-content\\\/uploads\\\/nc\\\/public\\\/modules\\\/file\\\/pictures\\\/5833.donnafugata-anth-lia-Ivinio.jpg\",\"contentUrl\":\"https:\\\/\\\/www.ivinio.com\\\/wp-content\\\/uploads\\\/nc\\\/public\\\/modules\\\/file\\\/pictures\\\/5833.donnafugata-anth-lia-Ivinio.jpg\",\"width\":500,\"height\":500,\"caption\":\"Donnafugata - Anth\u00eclia\"},{\"@type\":\"BreadcrumbList\",\"@id\":\"https:\\\/\\\/www.ivinio.com\\\/sv\\\/produkt\\\/donnafugata-anthilia-vit\\\/#breadcrumb\",\"itemListElement\":[{\"@type\":\"ListItem\",\"position\":1,\"name\":\"Hem\",\"item\":\"https:\\\/\\\/www.ivinio.com\\\/sv\\\/\"},{\"@type\":\"ListItem\",\"position\":2,\"name\":\"Vinbutik\",\"item\":\"https:\\\/\\\/www.ivinio.com\\\/sv\\\/vinbutik\\\/\"},{\"@type\":\"ListItem\",\"position\":3,\"name\":\"Donnafugata &#8211; Anth\u00eclia &#8211; vit\"}]},{\"@type\":\"WebSite\",\"@id\":\"https:\\\/\\\/www.ivinio.com\\\/sv\\\/#website\",\"url\":\"https:\\\/\\\/www.ivinio.com\\\/sv\\\/\",\"name\":\"IVINIO Vinbutik\",\"description\":\"Vin fr\u00e5n Frankrike och Italien med leverans hem till din d\u00f6rr\",\"publisher\":{\"@id\":\"https:\\\/\\\/www.ivinio.com\\\/sv\\\/#organization\"},\"potentialAction\":[{\"@type\":\"SearchAction\",\"target\":{\"@type\":\"EntryPoint\",\"urlTemplate\":\"https:\\\/\\\/www.ivinio.com\\\/sv\\\/?s={search_term_string}\"},\"query-input\":{\"@type\":\"PropertyValueSpecification\",\"valueRequired\":true,\"valueName\":\"search_term_string\"}}],\"inLanguage\":\"sv-SE\"},{\"@type\":\"Organization\",\"@id\":\"https:\\\/\\\/www.ivinio.com\\\/sv\\\/#organization\",\"name\":\"IVINIO\",\"url\":\"https:\\\/\\\/www.ivinio.com\\\/sv\\\/\",\"logo\":{\"@type\":\"ImageObject\",\"inLanguage\":\"sv-SE\",\"@id\":\"https:\\\/\\\/www.ivinio.com\\\/sv\\\/#\\\/schema\\\/logo\\\/image\\\/\",\"url\":\"https:\\\/\\\/www.ivinio.com\\\/wp-content\\\/uploads\\\/2021\\\/01\\\/Logo-Ivinio-v2.jpg\",\"contentUrl\":\"https:\\\/\\\/www.ivinio.com\\\/wp-content\\\/uploads\\\/2021\\\/01\\\/Logo-Ivinio-v2.jpg\",\"width\":1194,\"height\":1194,\"caption\":\"IVINIO\"},\"image\":{\"@id\":\"https:\\\/\\\/www.ivinio.com\\\/sv\\\/#\\\/schema\\\/logo\\\/image\\\/\"},\"sameAs\":[\"https:\\\/\\\/www.facebook.com\\\/groups\\\/165217837022391\\\/?ref=bookmarks\",\"https:\\\/\\\/www.instagram.com\\\/_ivinio_\\\/?hl=fr\"]}]}<\/script>\n<!-- \/ Yoast SEO plugin. -->","yoast_head_json":{"title":"K\u00f6pa Donnafugata - Anth\u00eclia - vitvin - IVINIO Vinbutik","description":"K\u00f6pa Donnafugata - Anth\u00eclia - vitvin. Ett sicilianskt vitvin som fr\u00e4mst framst\u00e4llts av den lokala Catarrattodruvan. Ett mjukt, v\u00e4lbalanserat vitvin med aromatiska inslag av \u00e4pple och persika.","robots":{"index":"index","follow":"follow","max-snippet":"max-snippet:-1","max-image-preview":"max-image-preview:large","max-video-preview":"max-video-preview:-1"},"canonical":"https:\/\/www.ivinio.com\/sv\/produkt\/donnafugata-anthilia-vit\/","og_locale":"sv_SE","og_type":"article","og_title":"K\u00f6pa Donnafugata - Anth\u00eclia - vitvin - IVINIO Vinbutik","og_description":"K\u00f6pa Donnafugata - Anth\u00eclia - vitvin. Ett sicilianskt vitvin som fr\u00e4mst framst\u00e4llts av den lokala Catarrattodruvan. Ett mjukt, v\u00e4lbalanserat vitvin med aromatiska inslag av \u00e4pple och persika.","og_url":"https:\/\/www.ivinio.com\/sv\/produkt\/donnafugata-anthilia-vit\/","og_site_name":"IVINIO Vinbutik","article_publisher":"https:\/\/www.facebook.com\/groups\/165217837022391\/?ref=bookmarks","article_modified_time":"2024-04-09T15:19:06+00:00","og_image":[{"width":500,"height":500,"url":"https:\/\/www.ivinio.com\/wp-content\/uploads\/nc\/public\/modules\/file\/pictures\/5833.donnafugata-anth-lia-Ivinio.jpg","type":"image\/jpeg"}],"twitter_card":"summary_large_image","twitter_misc":{"Ber\u00e4knad l\u00e4stid":"1 minut"},"schema":{"@context":"https:\/\/schema.org","@graph":[{"@type":"WebPage","@id":"https:\/\/www.ivinio.com\/sv\/produkt\/donnafugata-anthilia-vit\/","url":"https:\/\/www.ivinio.com\/sv\/produkt\/donnafugata-anthilia-vit\/","name":"K\u00f6pa Donnafugata - Anth\u00eclia - vitvin - IVINIO Vinbutik","isPartOf":{"@id":"https:\/\/www.ivinio.com\/sv\/#website"},"primaryImageOfPage":{"@id":"https:\/\/www.ivinio.com\/sv\/produkt\/donnafugata-anthilia-vit\/#primaryimage"},"image":{"@id":"https:\/\/www.ivinio.com\/sv\/produkt\/donnafugata-anthilia-vit\/#primaryimage"},"thumbnailUrl":"https:\/\/www.ivinio.com\/wp-content\/uploads\/nc\/public\/modules\/file\/pictures\/5833.donnafugata-anth-lia-Ivinio.jpg","datePublished":"2015-07-29T14:45:24+00:00","dateModified":"2024-04-09T15:19:06+00:00","description":"K\u00f6pa Donnafugata - Anth\u00eclia - vitvin. Ett sicilianskt vitvin som fr\u00e4mst framst\u00e4llts av den lokala Catarrattodruvan. Ett mjukt, v\u00e4lbalanserat vitvin med aromatiska inslag av \u00e4pple och persika.","breadcrumb":{"@id":"https:\/\/www.ivinio.com\/sv\/produkt\/donnafugata-anthilia-vit\/#breadcrumb"},"inLanguage":"sv-SE","potentialAction":[{"@type":"ReadAction","target":["https:\/\/www.ivinio.com\/sv\/produkt\/donnafugata-anthilia-vit\/"]}]},{"@type":"ImageObject","inLanguage":"sv-SE","@id":"https:\/\/www.ivinio.com\/sv\/produkt\/donnafugata-anthilia-vit\/#primaryimage","url":"https:\/\/www.ivinio.com\/wp-content\/uploads\/nc\/public\/modules\/file\/pictures\/5833.donnafugata-anth-lia-Ivinio.jpg","contentUrl":"https:\/\/www.ivinio.com\/wp-content\/uploads\/nc\/public\/modules\/file\/pictures\/5833.donnafugata-anth-lia-Ivinio.jpg","width":500,"height":500,"caption":"Donnafugata - Anth\u00eclia"},{"@type":"BreadcrumbList","@id":"https:\/\/www.ivinio.com\/sv\/produkt\/donnafugata-anthilia-vit\/#breadcrumb","itemListElement":[{"@type":"ListItem","position":1,"name":"Hem","item":"https:\/\/www.ivinio.com\/sv\/"},{"@type":"ListItem","position":2,"name":"Vinbutik","item":"https:\/\/www.ivinio.com\/sv\/vinbutik\/"},{"@type":"ListItem","position":3,"name":"Donnafugata &#8211; Anth\u00eclia &#8211; vit"}]},{"@type":"WebSite","@id":"https:\/\/www.ivinio.com\/sv\/#website","url":"https:\/\/www.ivinio.com\/sv\/","name":"IVINIO Vinbutik","description":"Vin fr\u00e5n Frankrike och Italien med leverans hem till din d\u00f6rr","publisher":{"@id":"https:\/\/www.ivinio.com\/sv\/#organization"},"potentialAction":[{"@type":"SearchAction","target":{"@type":"EntryPoint","urlTemplate":"https:\/\/www.ivinio.com\/sv\/?s={search_term_string}"},"query-input":{"@type":"PropertyValueSpecification","valueRequired":true,"valueName":"search_term_string"}}],"inLanguage":"sv-SE"},{"@type":"Organization","@id":"https:\/\/www.ivinio.com\/sv\/#organization","name":"IVINIO","url":"https:\/\/www.ivinio.com\/sv\/","logo":{"@type":"ImageObject","inLanguage":"sv-SE","@id":"https:\/\/www.ivinio.com\/sv\/#\/schema\/logo\/image\/","url":"https:\/\/www.ivinio.com\/wp-content\/uploads\/2021\/01\/Logo-Ivinio-v2.jpg","contentUrl":"https:\/\/www.ivinio.com\/wp-content\/uploads\/2021\/01\/Logo-Ivinio-v2.jpg","width":1194,"height":1194,"caption":"IVINIO"},"image":{"@id":"https:\/\/www.ivinio.com\/sv\/#\/schema\/logo\/image\/"},"sameAs":["https:\/\/www.facebook.com\/groups\/165217837022391\/?ref=bookmarks","https:\/\/www.instagram.com\/_ivinio_\/?hl=fr"]}]}},"jetpack_sharing_enabled":true,"_links":{"self":[{"href":"https:\/\/www.ivinio.com\/sv\/wp-json\/wp\/v2\/product\/119599","targetHints":{"allow":["GET"]}}],"collection":[{"href":"https:\/\/www.ivinio.com\/sv\/wp-json\/wp\/v2\/product"}],"about":[{"href":"https:\/\/www.ivinio.com\/sv\/wp-json\/wp\/v2\/types\/product"}],"replies":[{"embeddable":true,"href":"https:\/\/www.ivinio.com\/sv\/wp-json\/wp\/v2\/comments?post=119599"}],"wp:featuredmedia":[{"embeddable":true,"href":"https:\/\/www.ivinio.com\/sv\/wp-json\/wp\/v2\/media\/119600"}],"wp:attachment":[{"href":"https:\/\/www.ivinio.com\/sv\/wp-json\/wp\/v2\/media?parent=119599"}],"wp:term":[{"taxonomy":"product_brand","embeddable":true,"href":"https:\/\/www.ivinio.com\/sv\/wp-json\/wp\/v2\/product_brand?post=119599"},{"taxonomy":"product_cat","embeddable":true,"href":"https:\/\/www.ivinio.com\/sv\/wp-json\/wp\/v2\/product_cat?post=119599"},{"taxonomy":"product_tag","embeddable":true,"href":"https:\/\/www.ivinio.com\/sv\/wp-json\/wp\/v2\/product_tag?post=119599"}],"curies":[{"name":"wp","href":"https:\/\/api.w.org\/{rel}","templated":true}]}}