{"id":119556,"date":"2014-05-21T10:20:34","date_gmt":"2014-05-21T08:20:34","guid":{"rendered":"https:\/\/henrik.www.ivinio.com\/?product=chateau-la-mascaronne-vita-bella-vit"},"modified":"2021-11-24T10:39:53","modified_gmt":"2021-11-24T09:39:53","slug":"chateau-la-mascaronne-vita-bella-vit-1","status":"publish","type":"product","link":"https:\/\/www.ivinio.com\/sv\/produkt\/chateau-la-mascaronne-vita-bella-vit-1\/","title":{"rendered":"Ch\u00e2teau La Mascaronne Vita Bella &#8211; Vit"},"content":{"rendered":"<p>Vita Bella&nbsp;framst&auml;lls av Ugni Blanc druvor fr&aring;n gamla vinstockar samt av Rolledruvor. Druvorna handplockas och filosofin f&ouml;r ving&aring;rden &auml;r att begr&auml;nsa produktion (40 hectoliter\/hektar) till endast vinifiering av de b&auml;sta druvorna. Jordbruket&nbsp;befinner sig&nbsp;idag i en &ouml;verg&aring;ngsperiod till status som ekologiskt jordbruk.<\/p>\n","protected":false},"excerpt":{"rendered":"<p>Vita Bella&nbsp;fr&aring;n Ch&acirc;teau&nbsp;La Mascaronne &auml;r framst&auml;llt av Ugni Blanc och Rolledruvor. Ett runt fruktigt vitvin med inslag av mogna vita frukter. Passar till aperitif eller till diverse matr&auml;tter ur k&ouml;ket fr&aring;n Medelhavsregionen.<\/p>\n","protected":false},"featured_media":119557,"comment_status":"open","ping_status":"closed","template":"","meta":{"_monsterinsights_skip_tracking":false,"_monsterinsights_sitenote_active":false,"_monsterinsights_sitenote_note":"","_monsterinsights_sitenote_category":0,"_uf_show_specific_survey":0,"_uf_disable_surveys":false},"product_brand":[],"product_cat":[36588,36624],"product_tag":[],"class_list":{"0":"post-119556","1":"product","2":"type-product","3":"status-publish","4":"has-post-thumbnail","6":"product_cat-franska-viner","7":"product_cat-sv-provence","8":"pa_alcohol-degree-14-5-sv","9":"pa_classification-aop-cotes-de-provence-sv","10":"pa_color-vit-sv","11":"pa_country-frankrike-sv","12":"pa_region-provence-sv","13":"pa_storage-potential-5-ar-sv","14":"pa_vintage-2018-sv","15":"pa_volume-75-cl-sv","17":"first","18":"outofstock","19":"taxable","20":"shipping-taxable","21":"purchasable","22":"product-type-simple"},"bundled_by":["119561"],"bundle_stock_status":"outofstock","bundle_stock_quantity":null,"bundle_virtual":false,"bundle_layout":"","bundle_add_to_cart_form_location":"","bundle_editable_in_cart":false,"bundle_sold_individually_context":"","bundle_item_grouping":"","bundle_min_size":"","bundle_max_size":"","bundle_price":[],"bundled_items":[],"bundle_sell_ids":[],"yoast_head":"<!-- This site is optimized with the Yoast SEO plugin v27.4 - https:\/\/yoast.com\/product\/yoast-seo-wordpress\/ -->\n<title>Chateau la Mascaronne Vita Bella - k\u00f6pa provenceviner p\u00e5 n\u00e4tet - vinbutik online Ivinio.com<\/title>\n<meta name=\"description\" content=\"Vita Bella fr\u00e5n Chateau La Mascaronne \u00e4r framst\u00e4llt av Ugni Blanc och Rolledruvor. Ett runt fruktigt vitvin med inslag av mogna vita frukter. Passar till aperitif eller till diverse matr\u00e4tter ur k\u00f6ket fr\u00e5n Medelhavsregionen.\" \/>\n<meta name=\"robots\" content=\"index, follow, max-snippet:-1, max-image-preview:large, max-video-preview:-1\" \/>\n<link rel=\"canonical\" href=\"https:\/\/www.ivinio.com\/sv\/produkt\/chateau-la-mascaronne-vita-bella-vit-1\/\" \/>\n<meta property=\"og:locale\" content=\"sv_SE\" \/>\n<meta property=\"og:type\" content=\"article\" \/>\n<meta property=\"og:title\" content=\"Chateau la Mascaronne Vita Bella - k\u00f6pa provenceviner p\u00e5 n\u00e4tet - vinbutik online Ivinio.com\" \/>\n<meta property=\"og:description\" content=\"Vita Bella fr\u00e5n Chateau La Mascaronne \u00e4r framst\u00e4llt av Ugni Blanc och Rolledruvor. Ett runt fruktigt vitvin med inslag av mogna vita frukter. Passar till aperitif eller till diverse matr\u00e4tter ur k\u00f6ket fr\u00e5n Medelhavsregionen.\" \/>\n<meta property=\"og:url\" content=\"https:\/\/www.ivinio.com\/sv\/produkt\/chateau-la-mascaronne-vita-bella-vit-1\/\" \/>\n<meta property=\"og:site_name\" content=\"IVINIO Vinbutik\" \/>\n<meta property=\"article:publisher\" content=\"https:\/\/www.facebook.com\/groups\/165217837022391\/?ref=bookmarks\" \/>\n<meta property=\"article:modified_time\" content=\"2021-11-24T09:39:53+00:00\" \/>\n<meta property=\"og:image\" content=\"https:\/\/www.ivinio.com\/wp-content\/uploads\/nc\/public\/modules\/file\/pictures\/5776.Ch-teau-la-Mascaronne-Vita-Bella-Ivinio.jpg\" \/>\n\t<meta property=\"og:image:width\" content=\"500\" \/>\n\t<meta property=\"og:image:height\" content=\"500\" \/>\n\t<meta property=\"og:image:type\" content=\"image\/jpeg\" \/>\n<meta name=\"twitter:card\" content=\"summary_large_image\" \/>\n<script type=\"application\/ld+json\" class=\"yoast-schema-graph\">{\"@context\":\"https:\\\/\\\/schema.org\",\"@graph\":[{\"@type\":\"WebPage\",\"@id\":\"https:\\\/\\\/www.ivinio.com\\\/sv\\\/produkt\\\/chateau-la-mascaronne-vita-bella-vit-1\\\/\",\"url\":\"https:\\\/\\\/www.ivinio.com\\\/sv\\\/produkt\\\/chateau-la-mascaronne-vita-bella-vit-1\\\/\",\"name\":\"Chateau la Mascaronne Vita Bella - k\u00f6pa provenceviner p\u00e5 n\u00e4tet - vinbutik online Ivinio.com\",\"isPartOf\":{\"@id\":\"https:\\\/\\\/www.ivinio.com\\\/sv\\\/#website\"},\"primaryImageOfPage\":{\"@id\":\"https:\\\/\\\/www.ivinio.com\\\/sv\\\/produkt\\\/chateau-la-mascaronne-vita-bella-vit-1\\\/#primaryimage\"},\"image\":{\"@id\":\"https:\\\/\\\/www.ivinio.com\\\/sv\\\/produkt\\\/chateau-la-mascaronne-vita-bella-vit-1\\\/#primaryimage\"},\"thumbnailUrl\":\"https:\\\/\\\/www.ivinio.com\\\/wp-content\\\/uploads\\\/nc\\\/public\\\/modules\\\/file\\\/pictures\\\/5776.Ch-teau-la-Mascaronne-Vita-Bella-Ivinio.jpg\",\"datePublished\":\"2014-05-21T08:20:34+00:00\",\"dateModified\":\"2021-11-24T09:39:53+00:00\",\"description\":\"Vita Bella fr\u00e5n Chateau La Mascaronne \u00e4r framst\u00e4llt av Ugni Blanc och Rolledruvor. Ett runt fruktigt vitvin med inslag av mogna vita frukter. Passar till aperitif eller till diverse matr\u00e4tter ur k\u00f6ket fr\u00e5n Medelhavsregionen.\",\"breadcrumb\":{\"@id\":\"https:\\\/\\\/www.ivinio.com\\\/sv\\\/produkt\\\/chateau-la-mascaronne-vita-bella-vit-1\\\/#breadcrumb\"},\"inLanguage\":\"sv-SE\",\"potentialAction\":[{\"@type\":\"ReadAction\",\"target\":[\"https:\\\/\\\/www.ivinio.com\\\/sv\\\/produkt\\\/chateau-la-mascaronne-vita-bella-vit-1\\\/\"]}]},{\"@type\":\"ImageObject\",\"inLanguage\":\"sv-SE\",\"@id\":\"https:\\\/\\\/www.ivinio.com\\\/sv\\\/produkt\\\/chateau-la-mascaronne-vita-bella-vit-1\\\/#primaryimage\",\"url\":\"https:\\\/\\\/www.ivinio.com\\\/wp-content\\\/uploads\\\/nc\\\/public\\\/modules\\\/file\\\/pictures\\\/5776.Ch-teau-la-Mascaronne-Vita-Bella-Ivinio.jpg\",\"contentUrl\":\"https:\\\/\\\/www.ivinio.com\\\/wp-content\\\/uploads\\\/nc\\\/public\\\/modules\\\/file\\\/pictures\\\/5776.Ch-teau-la-Mascaronne-Vita-Bella-Ivinio.jpg\",\"width\":500,\"height\":500},{\"@type\":\"BreadcrumbList\",\"@id\":\"https:\\\/\\\/www.ivinio.com\\\/sv\\\/produkt\\\/chateau-la-mascaronne-vita-bella-vit-1\\\/#breadcrumb\",\"itemListElement\":[{\"@type\":\"ListItem\",\"position\":1,\"name\":\"Hem\",\"item\":\"https:\\\/\\\/www.ivinio.com\\\/sv\\\/\"},{\"@type\":\"ListItem\",\"position\":2,\"name\":\"Vinbutik\",\"item\":\"https:\\\/\\\/www.ivinio.com\\\/sv\\\/vinbutik\\\/\"},{\"@type\":\"ListItem\",\"position\":3,\"name\":\"Ch\u00e2teau La Mascaronne Vita Bella &#8211; Vit\"}]},{\"@type\":\"WebSite\",\"@id\":\"https:\\\/\\\/www.ivinio.com\\\/sv\\\/#website\",\"url\":\"https:\\\/\\\/www.ivinio.com\\\/sv\\\/\",\"name\":\"IVINIO Vinbutik\",\"description\":\"Vin fr\u00e5n Frankrike och Italien med leverans hem till din d\u00f6rr\",\"publisher\":{\"@id\":\"https:\\\/\\\/www.ivinio.com\\\/sv\\\/#organization\"},\"potentialAction\":[{\"@type\":\"SearchAction\",\"target\":{\"@type\":\"EntryPoint\",\"urlTemplate\":\"https:\\\/\\\/www.ivinio.com\\\/sv\\\/?s={search_term_string}\"},\"query-input\":{\"@type\":\"PropertyValueSpecification\",\"valueRequired\":true,\"valueName\":\"search_term_string\"}}],\"inLanguage\":\"sv-SE\"},{\"@type\":\"Organization\",\"@id\":\"https:\\\/\\\/www.ivinio.com\\\/sv\\\/#organization\",\"name\":\"IVINIO\",\"url\":\"https:\\\/\\\/www.ivinio.com\\\/sv\\\/\",\"logo\":{\"@type\":\"ImageObject\",\"inLanguage\":\"sv-SE\",\"@id\":\"https:\\\/\\\/www.ivinio.com\\\/sv\\\/#\\\/schema\\\/logo\\\/image\\\/\",\"url\":\"https:\\\/\\\/www.ivinio.com\\\/wp-content\\\/uploads\\\/2021\\\/01\\\/Logo-Ivinio-v2.jpg\",\"contentUrl\":\"https:\\\/\\\/www.ivinio.com\\\/wp-content\\\/uploads\\\/2021\\\/01\\\/Logo-Ivinio-v2.jpg\",\"width\":1194,\"height\":1194,\"caption\":\"IVINIO\"},\"image\":{\"@id\":\"https:\\\/\\\/www.ivinio.com\\\/sv\\\/#\\\/schema\\\/logo\\\/image\\\/\"},\"sameAs\":[\"https:\\\/\\\/www.facebook.com\\\/groups\\\/165217837022391\\\/?ref=bookmarks\",\"https:\\\/\\\/www.instagram.com\\\/_ivinio_\\\/?hl=fr\"]}]}<\/script>\n<!-- \/ Yoast SEO plugin. -->","yoast_head_json":{"title":"Chateau la Mascaronne Vita Bella - k\u00f6pa provenceviner p\u00e5 n\u00e4tet - vinbutik online Ivinio.com","description":"Vita Bella fr\u00e5n Chateau La Mascaronne \u00e4r framst\u00e4llt av Ugni Blanc och Rolledruvor. Ett runt fruktigt vitvin med inslag av mogna vita frukter. Passar till aperitif eller till diverse matr\u00e4tter ur k\u00f6ket fr\u00e5n Medelhavsregionen.","robots":{"index":"index","follow":"follow","max-snippet":"max-snippet:-1","max-image-preview":"max-image-preview:large","max-video-preview":"max-video-preview:-1"},"canonical":"https:\/\/www.ivinio.com\/sv\/produkt\/chateau-la-mascaronne-vita-bella-vit-1\/","og_locale":"sv_SE","og_type":"article","og_title":"Chateau la Mascaronne Vita Bella - k\u00f6pa provenceviner p\u00e5 n\u00e4tet - vinbutik online Ivinio.com","og_description":"Vita Bella fr\u00e5n Chateau La Mascaronne \u00e4r framst\u00e4llt av Ugni Blanc och Rolledruvor. Ett runt fruktigt vitvin med inslag av mogna vita frukter. Passar till aperitif eller till diverse matr\u00e4tter ur k\u00f6ket fr\u00e5n Medelhavsregionen.","og_url":"https:\/\/www.ivinio.com\/sv\/produkt\/chateau-la-mascaronne-vita-bella-vit-1\/","og_site_name":"IVINIO Vinbutik","article_publisher":"https:\/\/www.facebook.com\/groups\/165217837022391\/?ref=bookmarks","article_modified_time":"2021-11-24T09:39:53+00:00","og_image":[{"width":500,"height":500,"url":"https:\/\/www.ivinio.com\/wp-content\/uploads\/nc\/public\/modules\/file\/pictures\/5776.Ch-teau-la-Mascaronne-Vita-Bella-Ivinio.jpg","type":"image\/jpeg"}],"twitter_card":"summary_large_image","schema":{"@context":"https:\/\/schema.org","@graph":[{"@type":"WebPage","@id":"https:\/\/www.ivinio.com\/sv\/produkt\/chateau-la-mascaronne-vita-bella-vit-1\/","url":"https:\/\/www.ivinio.com\/sv\/produkt\/chateau-la-mascaronne-vita-bella-vit-1\/","name":"Chateau la Mascaronne Vita Bella - k\u00f6pa provenceviner p\u00e5 n\u00e4tet - vinbutik online Ivinio.com","isPartOf":{"@id":"https:\/\/www.ivinio.com\/sv\/#website"},"primaryImageOfPage":{"@id":"https:\/\/www.ivinio.com\/sv\/produkt\/chateau-la-mascaronne-vita-bella-vit-1\/#primaryimage"},"image":{"@id":"https:\/\/www.ivinio.com\/sv\/produkt\/chateau-la-mascaronne-vita-bella-vit-1\/#primaryimage"},"thumbnailUrl":"https:\/\/www.ivinio.com\/wp-content\/uploads\/nc\/public\/modules\/file\/pictures\/5776.Ch-teau-la-Mascaronne-Vita-Bella-Ivinio.jpg","datePublished":"2014-05-21T08:20:34+00:00","dateModified":"2021-11-24T09:39:53+00:00","description":"Vita Bella fr\u00e5n Chateau La Mascaronne \u00e4r framst\u00e4llt av Ugni Blanc och Rolledruvor. Ett runt fruktigt vitvin med inslag av mogna vita frukter. Passar till aperitif eller till diverse matr\u00e4tter ur k\u00f6ket fr\u00e5n Medelhavsregionen.","breadcrumb":{"@id":"https:\/\/www.ivinio.com\/sv\/produkt\/chateau-la-mascaronne-vita-bella-vit-1\/#breadcrumb"},"inLanguage":"sv-SE","potentialAction":[{"@type":"ReadAction","target":["https:\/\/www.ivinio.com\/sv\/produkt\/chateau-la-mascaronne-vita-bella-vit-1\/"]}]},{"@type":"ImageObject","inLanguage":"sv-SE","@id":"https:\/\/www.ivinio.com\/sv\/produkt\/chateau-la-mascaronne-vita-bella-vit-1\/#primaryimage","url":"https:\/\/www.ivinio.com\/wp-content\/uploads\/nc\/public\/modules\/file\/pictures\/5776.Ch-teau-la-Mascaronne-Vita-Bella-Ivinio.jpg","contentUrl":"https:\/\/www.ivinio.com\/wp-content\/uploads\/nc\/public\/modules\/file\/pictures\/5776.Ch-teau-la-Mascaronne-Vita-Bella-Ivinio.jpg","width":500,"height":500},{"@type":"BreadcrumbList","@id":"https:\/\/www.ivinio.com\/sv\/produkt\/chateau-la-mascaronne-vita-bella-vit-1\/#breadcrumb","itemListElement":[{"@type":"ListItem","position":1,"name":"Hem","item":"https:\/\/www.ivinio.com\/sv\/"},{"@type":"ListItem","position":2,"name":"Vinbutik","item":"https:\/\/www.ivinio.com\/sv\/vinbutik\/"},{"@type":"ListItem","position":3,"name":"Ch\u00e2teau La Mascaronne Vita Bella &#8211; Vit"}]},{"@type":"WebSite","@id":"https:\/\/www.ivinio.com\/sv\/#website","url":"https:\/\/www.ivinio.com\/sv\/","name":"IVINIO Vinbutik","description":"Vin fr\u00e5n Frankrike och Italien med leverans hem till din d\u00f6rr","publisher":{"@id":"https:\/\/www.ivinio.com\/sv\/#organization"},"potentialAction":[{"@type":"SearchAction","target":{"@type":"EntryPoint","urlTemplate":"https:\/\/www.ivinio.com\/sv\/?s={search_term_string}"},"query-input":{"@type":"PropertyValueSpecification","valueRequired":true,"valueName":"search_term_string"}}],"inLanguage":"sv-SE"},{"@type":"Organization","@id":"https:\/\/www.ivinio.com\/sv\/#organization","name":"IVINIO","url":"https:\/\/www.ivinio.com\/sv\/","logo":{"@type":"ImageObject","inLanguage":"sv-SE","@id":"https:\/\/www.ivinio.com\/sv\/#\/schema\/logo\/image\/","url":"https:\/\/www.ivinio.com\/wp-content\/uploads\/2021\/01\/Logo-Ivinio-v2.jpg","contentUrl":"https:\/\/www.ivinio.com\/wp-content\/uploads\/2021\/01\/Logo-Ivinio-v2.jpg","width":1194,"height":1194,"caption":"IVINIO"},"image":{"@id":"https:\/\/www.ivinio.com\/sv\/#\/schema\/logo\/image\/"},"sameAs":["https:\/\/www.facebook.com\/groups\/165217837022391\/?ref=bookmarks","https:\/\/www.instagram.com\/_ivinio_\/?hl=fr"]}]}},"jetpack_sharing_enabled":true,"_links":{"self":[{"href":"https:\/\/www.ivinio.com\/sv\/wp-json\/wp\/v2\/product\/119556","targetHints":{"allow":["GET"]}}],"collection":[{"href":"https:\/\/www.ivinio.com\/sv\/wp-json\/wp\/v2\/product"}],"about":[{"href":"https:\/\/www.ivinio.com\/sv\/wp-json\/wp\/v2\/types\/product"}],"replies":[{"embeddable":true,"href":"https:\/\/www.ivinio.com\/sv\/wp-json\/wp\/v2\/comments?post=119556"}],"wp:featuredmedia":[{"embeddable":true,"href":"https:\/\/www.ivinio.com\/sv\/wp-json\/wp\/v2\/media\/119557"}],"wp:attachment":[{"href":"https:\/\/www.ivinio.com\/sv\/wp-json\/wp\/v2\/media?parent=119556"}],"wp:term":[{"taxonomy":"product_brand","embeddable":true,"href":"https:\/\/www.ivinio.com\/sv\/wp-json\/wp\/v2\/product_brand?post=119556"},{"taxonomy":"product_cat","embeddable":true,"href":"https:\/\/www.ivinio.com\/sv\/wp-json\/wp\/v2\/product_cat?post=119556"},{"taxonomy":"product_tag","embeddable":true,"href":"https:\/\/www.ivinio.com\/sv\/wp-json\/wp\/v2\/product_tag?post=119556"}],"curies":[{"name":"wp","href":"https:\/\/api.w.org\/{rel}","templated":true}]}}