{"id":119546,"date":"2014-05-21T10:20:32","date_gmt":"2014-05-21T10:20:32","guid":{"rendered":"https:\/\/henrik.www.ivinio.com\/?product=domaine-de-la-giscle-moulin-de-lisle-vit"},"modified":"2026-04-15T16:28:05","modified_gmt":"2026-04-15T14:28:05","slug":"domaine-de-la-giscle-moulin-de-lisle-vit","status":"publish","type":"product","link":"https:\/\/www.ivinio.com\/sv\/produkt\/domaine-de-la-giscle-moulin-de-lisle-vit\/","title":{"rendered":"Domaine de la Giscle &#8220;Moulin de l&#8217;Isle&#8221; &#8211; Vit"},"content":{"rendered":"<p>&#8220;Moulin de l&#8217;Isle&#8221; fr\u00e5n Domaine de la Giscle\u00a0framst\u00e4lls av 100% Rolle-druvor. Druvorna pressas direkt efter sk\u00f6rd och druvsaften f\u00e5r j\u00e4sa direkt p\u00e5 ekfat. Vinet framst\u00e4lls i luftkonditionerad lokal och efter j\u00e4sningen lagras vinet ytterligare ett par m\u00e5nader p\u00e5 ekfat och r\u00f6rs om varannan dag f\u00f6r att utvinna komplexa aromer fr\u00e5n bottensatsen. Vinet tappas d\u00e4refter p\u00e5 flaska och lagras ytterligare ett par m\u00e5nader.<\/p>\n","protected":false},"excerpt":{"rendered":"<p>Domaine de la Giscles &#8220;Moulin de l&#8217;Isle&#8221; \u00e4r ett fruktigt vitvin framst\u00e4llt av 100% Rolledruvor. Ett\u00a0aromatiskt vitvin lagrat p\u00e5 ekfat\u00a0att dricka som aperitif eller till diverse fiskr\u00e4tter, g\u00e4rna en grat\u00e4ng !<\/p>\n","protected":false},"featured_media":119547,"comment_status":"open","ping_status":"closed","template":"","meta":{"_monsterinsights_skip_tracking":false,"_monsterinsights_sitenote_active":false,"_monsterinsights_sitenote_note":"","_monsterinsights_sitenote_category":0,"_uf_show_specific_survey":0,"_uf_disable_surveys":false},"product_brand":[],"product_cat":[36586,36622],"product_tag":[],"class_list":{"0":"post-119546","1":"product","2":"type-product","3":"status-publish","4":"has-post-thumbnail","6":"product_cat-vins-francais","7":"product_cat-fr-provence","8":"pa_alcohol-degree-13-fr","9":"pa_awards-guide-hachette","10":"pa_classification-aop-cotes-de-provence-fr","11":"pa_color-blanc","12":"pa_country-france","13":"pa_grape-variety-rolle-aussi-appele-vermentino","14":"pa_region-provence-fr","15":"pa_storage-potential-3-ans","16":"pa_vintage-41574","17":"pa_volume-75-cl-fr","19":"first","20":"instock","21":"taxable","22":"shipping-taxable","23":"purchasable","24":"product-type-simple"},"bundled_by":[],"bundle_stock_status":"instock","bundle_stock_quantity":null,"bundle_virtual":false,"bundle_layout":"","bundle_add_to_cart_form_location":"","bundle_editable_in_cart":false,"bundle_sold_individually_context":"","bundle_item_grouping":"","bundle_min_size":"","bundle_max_size":"","bundle_price":[],"bundled_items":[],"bundle_sell_ids":[],"yoast_head":"<!-- This site is optimized with the Yoast SEO plugin v27.4 - https:\/\/yoast.com\/product\/yoast-seo-wordpress\/ -->\n<title>K\u00f6pa Domaine de la Giscle &quot;Moulin de l&#039;Isle&quot; - Vitvin - IVINIO Vinbutik<\/title>\n<meta name=\"description\" content=\"K\u00f6pa Domaine de la Giscle &quot;Moulin de l&#039;Isle&quot; - Vitvin. Fruktigt vitvin framst\u00e4llt av 100% Rolledruvor. Ett aromatiskt vitvin lagrat p\u00e5 ekfat.\" \/>\n<meta name=\"robots\" content=\"index, follow, max-snippet:-1, max-image-preview:large, max-video-preview:-1\" \/>\n<link rel=\"canonical\" href=\"https:\/\/www.ivinio.com\/sv\/produkt\/domaine-de-la-giscle-moulin-de-lisle-vit\/\" \/>\n<meta property=\"og:locale\" content=\"sv_SE\" \/>\n<meta property=\"og:type\" content=\"article\" \/>\n<meta property=\"og:title\" content=\"K\u00f6pa Domaine de la Giscle &quot;Moulin de l&#039;Isle&quot; - Vitvin - IVINIO Vinbutik\" \/>\n<meta property=\"og:description\" content=\"K\u00f6pa Domaine de la Giscle &quot;Moulin de l&#039;Isle&quot; - Vitvin. Fruktigt vitvin framst\u00e4llt av 100% Rolledruvor. Ett aromatiskt vitvin lagrat p\u00e5 ekfat.\" \/>\n<meta property=\"og:url\" content=\"https:\/\/www.ivinio.com\/sv\/produkt\/domaine-de-la-giscle-moulin-de-lisle-vit\/\" \/>\n<meta property=\"og:site_name\" content=\"IVINIO Vinbutik\" \/>\n<meta property=\"article:publisher\" content=\"https:\/\/www.facebook.com\/groups\/165217837022391\/?ref=bookmarks\" \/>\n<meta property=\"article:modified_time\" content=\"2026-04-15T14:28:05+00:00\" \/>\n<meta property=\"og:image\" content=\"https:\/\/www.ivinio.com\/wp-content\/uploads\/nc\/public\/modules\/file\/pictures\/5769.domaine-de-la-giscle-moulin-de-l-isle-blanc-Ivinio.jpg\" \/>\n\t<meta property=\"og:image:width\" content=\"500\" \/>\n\t<meta property=\"og:image:height\" content=\"500\" \/>\n\t<meta property=\"og:image:type\" content=\"image\/jpeg\" \/>\n<meta name=\"twitter:card\" content=\"summary_large_image\" \/>\n<meta name=\"twitter:label1\" content=\"Ber\u00e4knad l\u00e4stid\" \/>\n\t<meta name=\"twitter:data1\" content=\"1 minut\" \/>\n<script type=\"application\/ld+json\" class=\"yoast-schema-graph\">{\"@context\":\"https:\\\/\\\/schema.org\",\"@graph\":[{\"@type\":\"WebPage\",\"@id\":\"https:\\\/\\\/www.ivinio.com\\\/sv\\\/produkt\\\/domaine-de-la-giscle-moulin-de-lisle-vit\\\/\",\"url\":\"https:\\\/\\\/www.ivinio.com\\\/sv\\\/produkt\\\/domaine-de-la-giscle-moulin-de-lisle-vit\\\/\",\"name\":\"K\u00f6pa Domaine de la Giscle \\\"Moulin de l'Isle\\\" - Vitvin - IVINIO Vinbutik\",\"isPartOf\":{\"@id\":\"https:\\\/\\\/www.ivinio.com\\\/sv\\\/#website\"},\"primaryImageOfPage\":{\"@id\":\"https:\\\/\\\/www.ivinio.com\\\/sv\\\/produkt\\\/domaine-de-la-giscle-moulin-de-lisle-vit\\\/#primaryimage\"},\"image\":{\"@id\":\"https:\\\/\\\/www.ivinio.com\\\/sv\\\/produkt\\\/domaine-de-la-giscle-moulin-de-lisle-vit\\\/#primaryimage\"},\"thumbnailUrl\":\"https:\\\/\\\/www.ivinio.com\\\/wp-content\\\/uploads\\\/nc\\\/public\\\/modules\\\/file\\\/pictures\\\/5769.domaine-de-la-giscle-moulin-de-l-isle-blanc-Ivinio.jpg\",\"datePublished\":\"2014-05-21T10:20:32+00:00\",\"dateModified\":\"2026-04-15T14:28:05+00:00\",\"description\":\"K\u00f6pa Domaine de la Giscle \\\"Moulin de l'Isle\\\" - Vitvin. Fruktigt vitvin framst\u00e4llt av 100% Rolledruvor. Ett aromatiskt vitvin lagrat p\u00e5 ekfat.\",\"breadcrumb\":{\"@id\":\"https:\\\/\\\/www.ivinio.com\\\/sv\\\/produkt\\\/domaine-de-la-giscle-moulin-de-lisle-vit\\\/#breadcrumb\"},\"inLanguage\":\"sv-SE\",\"potentialAction\":[{\"@type\":\"ReadAction\",\"target\":[\"https:\\\/\\\/www.ivinio.com\\\/sv\\\/produkt\\\/domaine-de-la-giscle-moulin-de-lisle-vit\\\/\"]}]},{\"@type\":\"ImageObject\",\"inLanguage\":\"sv-SE\",\"@id\":\"https:\\\/\\\/www.ivinio.com\\\/sv\\\/produkt\\\/domaine-de-la-giscle-moulin-de-lisle-vit\\\/#primaryimage\",\"url\":\"https:\\\/\\\/www.ivinio.com\\\/wp-content\\\/uploads\\\/nc\\\/public\\\/modules\\\/file\\\/pictures\\\/5769.domaine-de-la-giscle-moulin-de-l-isle-blanc-Ivinio.jpg\",\"contentUrl\":\"https:\\\/\\\/www.ivinio.com\\\/wp-content\\\/uploads\\\/nc\\\/public\\\/modules\\\/file\\\/pictures\\\/5769.domaine-de-la-giscle-moulin-de-l-isle-blanc-Ivinio.jpg\",\"width\":500,\"height\":500,\"caption\":\"Domaine de la Giscle \\\"Moulin de l'Isle\\\"\"},{\"@type\":\"BreadcrumbList\",\"@id\":\"https:\\\/\\\/www.ivinio.com\\\/sv\\\/produkt\\\/domaine-de-la-giscle-moulin-de-lisle-vit\\\/#breadcrumb\",\"itemListElement\":[{\"@type\":\"ListItem\",\"position\":1,\"name\":\"Hem\",\"item\":\"https:\\\/\\\/www.ivinio.com\\\/sv\\\/\"},{\"@type\":\"ListItem\",\"position\":2,\"name\":\"Vinbutik\",\"item\":\"https:\\\/\\\/www.ivinio.com\\\/sv\\\/vinbutik\\\/\"},{\"@type\":\"ListItem\",\"position\":3,\"name\":\"Domaine de la Giscle &#8220;Moulin de l&#8217;Isle&#8221; &#8211; Vit\"}]},{\"@type\":\"WebSite\",\"@id\":\"https:\\\/\\\/www.ivinio.com\\\/sv\\\/#website\",\"url\":\"https:\\\/\\\/www.ivinio.com\\\/sv\\\/\",\"name\":\"IVINIO Vinbutik\",\"description\":\"Vin fr\u00e5n Frankrike och Italien med leverans hem till din d\u00f6rr\",\"publisher\":{\"@id\":\"https:\\\/\\\/www.ivinio.com\\\/sv\\\/#organization\"},\"potentialAction\":[{\"@type\":\"SearchAction\",\"target\":{\"@type\":\"EntryPoint\",\"urlTemplate\":\"https:\\\/\\\/www.ivinio.com\\\/sv\\\/?s={search_term_string}\"},\"query-input\":{\"@type\":\"PropertyValueSpecification\",\"valueRequired\":true,\"valueName\":\"search_term_string\"}}],\"inLanguage\":\"sv-SE\"},{\"@type\":\"Organization\",\"@id\":\"https:\\\/\\\/www.ivinio.com\\\/sv\\\/#organization\",\"name\":\"IVINIO\",\"url\":\"https:\\\/\\\/www.ivinio.com\\\/sv\\\/\",\"logo\":{\"@type\":\"ImageObject\",\"inLanguage\":\"sv-SE\",\"@id\":\"https:\\\/\\\/www.ivinio.com\\\/sv\\\/#\\\/schema\\\/logo\\\/image\\\/\",\"url\":\"https:\\\/\\\/www.ivinio.com\\\/wp-content\\\/uploads\\\/2021\\\/01\\\/Logo-Ivinio-v2.jpg\",\"contentUrl\":\"https:\\\/\\\/www.ivinio.com\\\/wp-content\\\/uploads\\\/2021\\\/01\\\/Logo-Ivinio-v2.jpg\",\"width\":1194,\"height\":1194,\"caption\":\"IVINIO\"},\"image\":{\"@id\":\"https:\\\/\\\/www.ivinio.com\\\/sv\\\/#\\\/schema\\\/logo\\\/image\\\/\"},\"sameAs\":[\"https:\\\/\\\/www.facebook.com\\\/groups\\\/165217837022391\\\/?ref=bookmarks\",\"https:\\\/\\\/www.instagram.com\\\/_ivinio_\\\/?hl=fr\"]}]}<\/script>\n<!-- \/ Yoast SEO plugin. -->","yoast_head_json":{"title":"K\u00f6pa Domaine de la Giscle \"Moulin de l'Isle\" - Vitvin - IVINIO Vinbutik","description":"K\u00f6pa Domaine de la Giscle \"Moulin de l'Isle\" - Vitvin. Fruktigt vitvin framst\u00e4llt av 100% Rolledruvor. Ett aromatiskt vitvin lagrat p\u00e5 ekfat.","robots":{"index":"index","follow":"follow","max-snippet":"max-snippet:-1","max-image-preview":"max-image-preview:large","max-video-preview":"max-video-preview:-1"},"canonical":"https:\/\/www.ivinio.com\/sv\/produkt\/domaine-de-la-giscle-moulin-de-lisle-vit\/","og_locale":"sv_SE","og_type":"article","og_title":"K\u00f6pa Domaine de la Giscle \"Moulin de l'Isle\" - Vitvin - IVINIO Vinbutik","og_description":"K\u00f6pa Domaine de la Giscle \"Moulin de l'Isle\" - Vitvin. Fruktigt vitvin framst\u00e4llt av 100% Rolledruvor. Ett aromatiskt vitvin lagrat p\u00e5 ekfat.","og_url":"https:\/\/www.ivinio.com\/sv\/produkt\/domaine-de-la-giscle-moulin-de-lisle-vit\/","og_site_name":"IVINIO Vinbutik","article_publisher":"https:\/\/www.facebook.com\/groups\/165217837022391\/?ref=bookmarks","article_modified_time":"2026-04-15T14:28:05+00:00","og_image":[{"width":500,"height":500,"url":"https:\/\/www.ivinio.com\/wp-content\/uploads\/nc\/public\/modules\/file\/pictures\/5769.domaine-de-la-giscle-moulin-de-l-isle-blanc-Ivinio.jpg","type":"image\/jpeg"}],"twitter_card":"summary_large_image","twitter_misc":{"Ber\u00e4knad l\u00e4stid":"1 minut"},"schema":{"@context":"https:\/\/schema.org","@graph":[{"@type":"WebPage","@id":"https:\/\/www.ivinio.com\/sv\/produkt\/domaine-de-la-giscle-moulin-de-lisle-vit\/","url":"https:\/\/www.ivinio.com\/sv\/produkt\/domaine-de-la-giscle-moulin-de-lisle-vit\/","name":"K\u00f6pa Domaine de la Giscle \"Moulin de l'Isle\" - Vitvin - IVINIO Vinbutik","isPartOf":{"@id":"https:\/\/www.ivinio.com\/sv\/#website"},"primaryImageOfPage":{"@id":"https:\/\/www.ivinio.com\/sv\/produkt\/domaine-de-la-giscle-moulin-de-lisle-vit\/#primaryimage"},"image":{"@id":"https:\/\/www.ivinio.com\/sv\/produkt\/domaine-de-la-giscle-moulin-de-lisle-vit\/#primaryimage"},"thumbnailUrl":"https:\/\/www.ivinio.com\/wp-content\/uploads\/nc\/public\/modules\/file\/pictures\/5769.domaine-de-la-giscle-moulin-de-l-isle-blanc-Ivinio.jpg","datePublished":"2014-05-21T10:20:32+00:00","dateModified":"2026-04-15T14:28:05+00:00","description":"K\u00f6pa Domaine de la Giscle \"Moulin de l'Isle\" - Vitvin. Fruktigt vitvin framst\u00e4llt av 100% Rolledruvor. Ett aromatiskt vitvin lagrat p\u00e5 ekfat.","breadcrumb":{"@id":"https:\/\/www.ivinio.com\/sv\/produkt\/domaine-de-la-giscle-moulin-de-lisle-vit\/#breadcrumb"},"inLanguage":"sv-SE","potentialAction":[{"@type":"ReadAction","target":["https:\/\/www.ivinio.com\/sv\/produkt\/domaine-de-la-giscle-moulin-de-lisle-vit\/"]}]},{"@type":"ImageObject","inLanguage":"sv-SE","@id":"https:\/\/www.ivinio.com\/sv\/produkt\/domaine-de-la-giscle-moulin-de-lisle-vit\/#primaryimage","url":"https:\/\/www.ivinio.com\/wp-content\/uploads\/nc\/public\/modules\/file\/pictures\/5769.domaine-de-la-giscle-moulin-de-l-isle-blanc-Ivinio.jpg","contentUrl":"https:\/\/www.ivinio.com\/wp-content\/uploads\/nc\/public\/modules\/file\/pictures\/5769.domaine-de-la-giscle-moulin-de-l-isle-blanc-Ivinio.jpg","width":500,"height":500,"caption":"Domaine de la Giscle \"Moulin de l'Isle\""},{"@type":"BreadcrumbList","@id":"https:\/\/www.ivinio.com\/sv\/produkt\/domaine-de-la-giscle-moulin-de-lisle-vit\/#breadcrumb","itemListElement":[{"@type":"ListItem","position":1,"name":"Hem","item":"https:\/\/www.ivinio.com\/sv\/"},{"@type":"ListItem","position":2,"name":"Vinbutik","item":"https:\/\/www.ivinio.com\/sv\/vinbutik\/"},{"@type":"ListItem","position":3,"name":"Domaine de la Giscle &#8220;Moulin de l&#8217;Isle&#8221; &#8211; Vit"}]},{"@type":"WebSite","@id":"https:\/\/www.ivinio.com\/sv\/#website","url":"https:\/\/www.ivinio.com\/sv\/","name":"IVINIO Vinbutik","description":"Vin fr\u00e5n Frankrike och Italien med leverans hem till din d\u00f6rr","publisher":{"@id":"https:\/\/www.ivinio.com\/sv\/#organization"},"potentialAction":[{"@type":"SearchAction","target":{"@type":"EntryPoint","urlTemplate":"https:\/\/www.ivinio.com\/sv\/?s={search_term_string}"},"query-input":{"@type":"PropertyValueSpecification","valueRequired":true,"valueName":"search_term_string"}}],"inLanguage":"sv-SE"},{"@type":"Organization","@id":"https:\/\/www.ivinio.com\/sv\/#organization","name":"IVINIO","url":"https:\/\/www.ivinio.com\/sv\/","logo":{"@type":"ImageObject","inLanguage":"sv-SE","@id":"https:\/\/www.ivinio.com\/sv\/#\/schema\/logo\/image\/","url":"https:\/\/www.ivinio.com\/wp-content\/uploads\/2021\/01\/Logo-Ivinio-v2.jpg","contentUrl":"https:\/\/www.ivinio.com\/wp-content\/uploads\/2021\/01\/Logo-Ivinio-v2.jpg","width":1194,"height":1194,"caption":"IVINIO"},"image":{"@id":"https:\/\/www.ivinio.com\/sv\/#\/schema\/logo\/image\/"},"sameAs":["https:\/\/www.facebook.com\/groups\/165217837022391\/?ref=bookmarks","https:\/\/www.instagram.com\/_ivinio_\/?hl=fr"]}]}},"jetpack_sharing_enabled":true,"_links":{"self":[{"href":"https:\/\/www.ivinio.com\/sv\/wp-json\/wp\/v2\/product\/119546","targetHints":{"allow":["GET"]}}],"collection":[{"href":"https:\/\/www.ivinio.com\/sv\/wp-json\/wp\/v2\/product"}],"about":[{"href":"https:\/\/www.ivinio.com\/sv\/wp-json\/wp\/v2\/types\/product"}],"replies":[{"embeddable":true,"href":"https:\/\/www.ivinio.com\/sv\/wp-json\/wp\/v2\/comments?post=119546"}],"wp:featuredmedia":[{"embeddable":true,"href":"https:\/\/www.ivinio.com\/sv\/wp-json\/wp\/v2\/media\/119547"}],"wp:attachment":[{"href":"https:\/\/www.ivinio.com\/sv\/wp-json\/wp\/v2\/media?parent=119546"}],"wp:term":[{"taxonomy":"product_brand","embeddable":true,"href":"https:\/\/www.ivinio.com\/sv\/wp-json\/wp\/v2\/product_brand?post=119546"},{"taxonomy":"product_cat","embeddable":true,"href":"https:\/\/www.ivinio.com\/sv\/wp-json\/wp\/v2\/product_cat?post=119546"},{"taxonomy":"product_tag","embeddable":true,"href":"https:\/\/www.ivinio.com\/sv\/wp-json\/wp\/v2\/product_tag?post=119546"}],"curies":[{"name":"wp","href":"https:\/\/api.w.org\/{rel}","templated":true}]}}