{"id":119530,"date":"2015-06-03T12:24:20","date_gmt":"2015-06-03T12:24:20","guid":{"rendered":"https:\/\/henrik.www.ivinio.com\/?product=chateau-aydie-maydie-rod"},"modified":"2025-01-16T10:44:48","modified_gmt":"2025-01-16T09:44:48","slug":"chateau-aydie-maydie-rod","status":"publish","type":"product","link":"https:\/\/www.ivinio.com\/sv\/produkt\/chateau-aydie-maydie-rod\/","title":{"rendered":"Ch\u00e2teau Aydie &#8211; Maydie &#8211; lik\u00f6rvin"},"content":{"rendered":"<p>Ch\u00e2teau Aydie &#8211; Maydie &#8211; R\u00f6dvin framst\u00e4lls av 100 % Tannat-druvor som vuxit i Saint-Lanne, Aydie och i Moncaup. Druvorna plockas f\u00f6r hand d\u00e5\u00a0 de blivit \u00f6vermogna. Druvorna kylmacereras f\u00f6rst ett par dagar i ekfat f\u00f6r att extrahera s\u00e5\u00a0 stor m\u00e4ngd f\u00e4rg och aromer som m\u00f6jligt. D\u00e4refter blandas druvorna med distillerad alkohol och f\u00e5r macereras ytterligare 3 veckor. Dessertvinet lagras sedan 2 \u00e5r p\u00e5\u00a0 ekfat innan det tappas p\u00e5 flaska.<\/p>\n","protected":false},"excerpt":{"rendered":"<p>Maydie\u00a0fr\u00e5n Chateau Aydie \u00e4r ett r\u00f6tt dessertvin som fullst\u00e4ndigt saknar dess like ! En s\u00f6t, fruktig smak av bj\u00f6rnb\u00e4r och bl\u00e5b\u00e4r, en fantastisk dryck till allt som g\u00f6rs av m\u00f6rk choklad eller g\u00e4rna\u00a0tillsammans med en cigarr i slutet av m\u00e5ltiden !<\/p>\n","protected":false},"featured_media":119531,"comment_status":"open","ping_status":"closed","template":"","meta":{"_monsterinsights_skip_tracking":false,"_monsterinsights_sitenote_active":false,"_monsterinsights_sitenote_note":"","_monsterinsights_sitenote_category":0,"_uf_show_specific_survey":0,"_uf_disable_surveys":false},"product_brand":[],"product_cat":[36586,36637],"product_tag":[],"class_list":{"0":"post-119530","1":"product","2":"type-product","3":"status-publish","4":"has-post-thumbnail","6":"product_cat-vins-francais","7":"product_cat-fr-sud-ouest","8":"pa_alcohol-degree-17-fr","9":"pa_classification-aop-vin-de-liqueur-fr","10":"pa_color-rouge-fr","11":"pa_country-france-fr","12":"pa_grape-variety-tannat-fr-fr","13":"pa_region-sud-ouest-fr","14":"pa_storage-potential-10-ans-fr","15":"pa_vintage-2018-fr","16":"pa_volume-50-cl-fr","18":"first","19":"instock","20":"taxable","21":"shipping-taxable","22":"purchasable","23":"product-type-simple"},"bundled_by":["119805"],"bundle_stock_status":"instock","bundle_stock_quantity":null,"bundle_virtual":false,"bundle_layout":"","bundle_add_to_cart_form_location":"","bundle_editable_in_cart":false,"bundle_sold_individually_context":"","bundle_item_grouping":"","bundle_min_size":"","bundle_max_size":"","bundle_price":[],"bundled_items":[],"bundle_sell_ids":[],"yoast_head":"<!-- This site is optimized with the Yoast SEO plugin v27.5 - https:\/\/yoast.com\/product\/yoast-seo-wordpress\/ -->\n<title>K\u00f6pa Ch\u00e2teau Aydie - Maydie - lik\u00f6rvin - IVINIO Vinbutik<\/title>\n<meta name=\"description\" content=\"Ch\u00e2teau Aydie - Maydie - lik\u00f6rvin, som fullst\u00e4ndigt saknar dess like ! En s\u00f6t, fruktig smak av bj\u00f6rnb\u00e4r och bl\u00e5b\u00e4r, en fantastisk dryck till allt som g\u00f6rs av m\u00f6rk choklad.\" \/>\n<meta name=\"robots\" content=\"index, follow, max-snippet:-1, max-image-preview:large, max-video-preview:-1\" \/>\n<link rel=\"canonical\" href=\"https:\/\/www.ivinio.com\/sv\/produkt\/chateau-aydie-maydie-rod\/\" \/>\n<meta property=\"og:locale\" content=\"sv_SE\" \/>\n<meta property=\"og:type\" content=\"article\" \/>\n<meta property=\"og:title\" content=\"K\u00f6pa Ch\u00e2teau Aydie - Maydie - lik\u00f6rvin - IVINIO Vinbutik\" \/>\n<meta property=\"og:description\" content=\"Ch\u00e2teau Aydie - Maydie - lik\u00f6rvin, som fullst\u00e4ndigt saknar dess like ! En s\u00f6t, fruktig smak av bj\u00f6rnb\u00e4r och bl\u00e5b\u00e4r, en fantastisk dryck till allt som g\u00f6rs av m\u00f6rk choklad.\" \/>\n<meta property=\"og:url\" content=\"https:\/\/www.ivinio.com\/sv\/produkt\/chateau-aydie-maydie-rod\/\" \/>\n<meta property=\"og:site_name\" content=\"IVINIO Vinbutik\" \/>\n<meta property=\"article:publisher\" content=\"https:\/\/www.facebook.com\/groups\/165217837022391\/?ref=bookmarks\" \/>\n<meta property=\"article:modified_time\" content=\"2025-01-16T09:44:48+00:00\" \/>\n<meta property=\"og:image\" content=\"https:\/\/www.ivinio.com\/wp-content\/uploads\/nc\/public\/modules\/file\/pictures\/5761.Chateau-aydie-Maydie-Ivinio.jpg\" \/>\n\t<meta property=\"og:image:width\" content=\"500\" \/>\n\t<meta property=\"og:image:height\" content=\"500\" \/>\n\t<meta property=\"og:image:type\" content=\"image\/jpeg\" \/>\n<meta name=\"twitter:card\" content=\"summary_large_image\" \/>\n<meta name=\"twitter:label1\" content=\"Ber\u00e4knad l\u00e4stid\" \/>\n\t<meta name=\"twitter:data1\" content=\"1 minut\" \/>\n<script type=\"application\/ld+json\" class=\"yoast-schema-graph\">{\"@context\":\"https:\\\/\\\/schema.org\",\"@graph\":[{\"@type\":\"WebPage\",\"@id\":\"https:\\\/\\\/www.ivinio.com\\\/sv\\\/produkt\\\/chateau-aydie-maydie-rod\\\/\",\"url\":\"https:\\\/\\\/www.ivinio.com\\\/sv\\\/produkt\\\/chateau-aydie-maydie-rod\\\/\",\"name\":\"K\u00f6pa Ch\u00e2teau Aydie - Maydie - lik\u00f6rvin - IVINIO Vinbutik\",\"isPartOf\":{\"@id\":\"https:\\\/\\\/www.ivinio.com\\\/sv\\\/#website\"},\"primaryImageOfPage\":{\"@id\":\"https:\\\/\\\/www.ivinio.com\\\/sv\\\/produkt\\\/chateau-aydie-maydie-rod\\\/#primaryimage\"},\"image\":{\"@id\":\"https:\\\/\\\/www.ivinio.com\\\/sv\\\/produkt\\\/chateau-aydie-maydie-rod\\\/#primaryimage\"},\"thumbnailUrl\":\"https:\\\/\\\/www.ivinio.com\\\/wp-content\\\/uploads\\\/nc\\\/public\\\/modules\\\/file\\\/pictures\\\/5761.Chateau-aydie-Maydie-Ivinio.jpg\",\"datePublished\":\"2015-06-03T12:24:20+00:00\",\"dateModified\":\"2025-01-16T09:44:48+00:00\",\"description\":\"Ch\u00e2teau Aydie - Maydie - lik\u00f6rvin, som fullst\u00e4ndigt saknar dess like ! En s\u00f6t, fruktig smak av bj\u00f6rnb\u00e4r och bl\u00e5b\u00e4r, en fantastisk dryck till allt som g\u00f6rs av m\u00f6rk choklad.\",\"breadcrumb\":{\"@id\":\"https:\\\/\\\/www.ivinio.com\\\/sv\\\/produkt\\\/chateau-aydie-maydie-rod\\\/#breadcrumb\"},\"inLanguage\":\"sv-SE\",\"potentialAction\":[{\"@type\":\"ReadAction\",\"target\":[\"https:\\\/\\\/www.ivinio.com\\\/sv\\\/produkt\\\/chateau-aydie-maydie-rod\\\/\"]}]},{\"@type\":\"ImageObject\",\"inLanguage\":\"sv-SE\",\"@id\":\"https:\\\/\\\/www.ivinio.com\\\/sv\\\/produkt\\\/chateau-aydie-maydie-rod\\\/#primaryimage\",\"url\":\"https:\\\/\\\/www.ivinio.com\\\/wp-content\\\/uploads\\\/nc\\\/public\\\/modules\\\/file\\\/pictures\\\/5761.Chateau-aydie-Maydie-Ivinio.jpg\",\"contentUrl\":\"https:\\\/\\\/www.ivinio.com\\\/wp-content\\\/uploads\\\/nc\\\/public\\\/modules\\\/file\\\/pictures\\\/5761.Chateau-aydie-Maydie-Ivinio.jpg\",\"width\":500,\"height\":500},{\"@type\":\"BreadcrumbList\",\"@id\":\"https:\\\/\\\/www.ivinio.com\\\/sv\\\/produkt\\\/chateau-aydie-maydie-rod\\\/#breadcrumb\",\"itemListElement\":[{\"@type\":\"ListItem\",\"position\":1,\"name\":\"Hem\",\"item\":\"https:\\\/\\\/www.ivinio.com\\\/sv\\\/\"},{\"@type\":\"ListItem\",\"position\":2,\"name\":\"Vinbutik\",\"item\":\"https:\\\/\\\/www.ivinio.com\\\/sv\\\/vinbutik\\\/\"},{\"@type\":\"ListItem\",\"position\":3,\"name\":\"Ch\u00e2teau Aydie &#8211; Maydie &#8211; lik\u00f6rvin\"}]},{\"@type\":\"WebSite\",\"@id\":\"https:\\\/\\\/www.ivinio.com\\\/sv\\\/#website\",\"url\":\"https:\\\/\\\/www.ivinio.com\\\/sv\\\/\",\"name\":\"IVINIO Vinbutik\",\"description\":\"Vin fr\u00e5n Frankrike och Italien med leverans hem till din d\u00f6rr\",\"publisher\":{\"@id\":\"https:\\\/\\\/www.ivinio.com\\\/sv\\\/#organization\"},\"potentialAction\":[{\"@type\":\"SearchAction\",\"target\":{\"@type\":\"EntryPoint\",\"urlTemplate\":\"https:\\\/\\\/www.ivinio.com\\\/sv\\\/?s={search_term_string}\"},\"query-input\":{\"@type\":\"PropertyValueSpecification\",\"valueRequired\":true,\"valueName\":\"search_term_string\"}}],\"inLanguage\":\"sv-SE\"},{\"@type\":\"Organization\",\"@id\":\"https:\\\/\\\/www.ivinio.com\\\/sv\\\/#organization\",\"name\":\"IVINIO\",\"url\":\"https:\\\/\\\/www.ivinio.com\\\/sv\\\/\",\"logo\":{\"@type\":\"ImageObject\",\"inLanguage\":\"sv-SE\",\"@id\":\"https:\\\/\\\/www.ivinio.com\\\/sv\\\/#\\\/schema\\\/logo\\\/image\\\/\",\"url\":\"https:\\\/\\\/www.ivinio.com\\\/wp-content\\\/uploads\\\/2021\\\/01\\\/Logo-Ivinio-v2.jpg\",\"contentUrl\":\"https:\\\/\\\/www.ivinio.com\\\/wp-content\\\/uploads\\\/2021\\\/01\\\/Logo-Ivinio-v2.jpg\",\"width\":1194,\"height\":1194,\"caption\":\"IVINIO\"},\"image\":{\"@id\":\"https:\\\/\\\/www.ivinio.com\\\/sv\\\/#\\\/schema\\\/logo\\\/image\\\/\"},\"sameAs\":[\"https:\\\/\\\/www.facebook.com\\\/groups\\\/165217837022391\\\/?ref=bookmarks\",\"https:\\\/\\\/www.instagram.com\\\/_ivinio_\\\/?hl=fr\"]}]}<\/script>\n<!-- \/ Yoast SEO plugin. -->","yoast_head_json":{"title":"K\u00f6pa Ch\u00e2teau Aydie - Maydie - lik\u00f6rvin - IVINIO Vinbutik","description":"Ch\u00e2teau Aydie - Maydie - lik\u00f6rvin, som fullst\u00e4ndigt saknar dess like ! En s\u00f6t, fruktig smak av bj\u00f6rnb\u00e4r och bl\u00e5b\u00e4r, en fantastisk dryck till allt som g\u00f6rs av m\u00f6rk choklad.","robots":{"index":"index","follow":"follow","max-snippet":"max-snippet:-1","max-image-preview":"max-image-preview:large","max-video-preview":"max-video-preview:-1"},"canonical":"https:\/\/www.ivinio.com\/sv\/produkt\/chateau-aydie-maydie-rod\/","og_locale":"sv_SE","og_type":"article","og_title":"K\u00f6pa Ch\u00e2teau Aydie - Maydie - lik\u00f6rvin - IVINIO Vinbutik","og_description":"Ch\u00e2teau Aydie - Maydie - lik\u00f6rvin, som fullst\u00e4ndigt saknar dess like ! En s\u00f6t, fruktig smak av bj\u00f6rnb\u00e4r och bl\u00e5b\u00e4r, en fantastisk dryck till allt som g\u00f6rs av m\u00f6rk choklad.","og_url":"https:\/\/www.ivinio.com\/sv\/produkt\/chateau-aydie-maydie-rod\/","og_site_name":"IVINIO Vinbutik","article_publisher":"https:\/\/www.facebook.com\/groups\/165217837022391\/?ref=bookmarks","article_modified_time":"2025-01-16T09:44:48+00:00","og_image":[{"width":500,"height":500,"url":"https:\/\/www.ivinio.com\/wp-content\/uploads\/nc\/public\/modules\/file\/pictures\/5761.Chateau-aydie-Maydie-Ivinio.jpg","type":"image\/jpeg"}],"twitter_card":"summary_large_image","twitter_misc":{"Ber\u00e4knad l\u00e4stid":"1 minut"},"schema":{"@context":"https:\/\/schema.org","@graph":[{"@type":"WebPage","@id":"https:\/\/www.ivinio.com\/sv\/produkt\/chateau-aydie-maydie-rod\/","url":"https:\/\/www.ivinio.com\/sv\/produkt\/chateau-aydie-maydie-rod\/","name":"K\u00f6pa Ch\u00e2teau Aydie - Maydie - lik\u00f6rvin - IVINIO Vinbutik","isPartOf":{"@id":"https:\/\/www.ivinio.com\/sv\/#website"},"primaryImageOfPage":{"@id":"https:\/\/www.ivinio.com\/sv\/produkt\/chateau-aydie-maydie-rod\/#primaryimage"},"image":{"@id":"https:\/\/www.ivinio.com\/sv\/produkt\/chateau-aydie-maydie-rod\/#primaryimage"},"thumbnailUrl":"https:\/\/www.ivinio.com\/wp-content\/uploads\/nc\/public\/modules\/file\/pictures\/5761.Chateau-aydie-Maydie-Ivinio.jpg","datePublished":"2015-06-03T12:24:20+00:00","dateModified":"2025-01-16T09:44:48+00:00","description":"Ch\u00e2teau Aydie - Maydie - lik\u00f6rvin, som fullst\u00e4ndigt saknar dess like ! En s\u00f6t, fruktig smak av bj\u00f6rnb\u00e4r och bl\u00e5b\u00e4r, en fantastisk dryck till allt som g\u00f6rs av m\u00f6rk choklad.","breadcrumb":{"@id":"https:\/\/www.ivinio.com\/sv\/produkt\/chateau-aydie-maydie-rod\/#breadcrumb"},"inLanguage":"sv-SE","potentialAction":[{"@type":"ReadAction","target":["https:\/\/www.ivinio.com\/sv\/produkt\/chateau-aydie-maydie-rod\/"]}]},{"@type":"ImageObject","inLanguage":"sv-SE","@id":"https:\/\/www.ivinio.com\/sv\/produkt\/chateau-aydie-maydie-rod\/#primaryimage","url":"https:\/\/www.ivinio.com\/wp-content\/uploads\/nc\/public\/modules\/file\/pictures\/5761.Chateau-aydie-Maydie-Ivinio.jpg","contentUrl":"https:\/\/www.ivinio.com\/wp-content\/uploads\/nc\/public\/modules\/file\/pictures\/5761.Chateau-aydie-Maydie-Ivinio.jpg","width":500,"height":500},{"@type":"BreadcrumbList","@id":"https:\/\/www.ivinio.com\/sv\/produkt\/chateau-aydie-maydie-rod\/#breadcrumb","itemListElement":[{"@type":"ListItem","position":1,"name":"Hem","item":"https:\/\/www.ivinio.com\/sv\/"},{"@type":"ListItem","position":2,"name":"Vinbutik","item":"https:\/\/www.ivinio.com\/sv\/vinbutik\/"},{"@type":"ListItem","position":3,"name":"Ch\u00e2teau Aydie &#8211; Maydie &#8211; lik\u00f6rvin"}]},{"@type":"WebSite","@id":"https:\/\/www.ivinio.com\/sv\/#website","url":"https:\/\/www.ivinio.com\/sv\/","name":"IVINIO Vinbutik","description":"Vin fr\u00e5n Frankrike och Italien med leverans hem till din d\u00f6rr","publisher":{"@id":"https:\/\/www.ivinio.com\/sv\/#organization"},"potentialAction":[{"@type":"SearchAction","target":{"@type":"EntryPoint","urlTemplate":"https:\/\/www.ivinio.com\/sv\/?s={search_term_string}"},"query-input":{"@type":"PropertyValueSpecification","valueRequired":true,"valueName":"search_term_string"}}],"inLanguage":"sv-SE"},{"@type":"Organization","@id":"https:\/\/www.ivinio.com\/sv\/#organization","name":"IVINIO","url":"https:\/\/www.ivinio.com\/sv\/","logo":{"@type":"ImageObject","inLanguage":"sv-SE","@id":"https:\/\/www.ivinio.com\/sv\/#\/schema\/logo\/image\/","url":"https:\/\/www.ivinio.com\/wp-content\/uploads\/2021\/01\/Logo-Ivinio-v2.jpg","contentUrl":"https:\/\/www.ivinio.com\/wp-content\/uploads\/2021\/01\/Logo-Ivinio-v2.jpg","width":1194,"height":1194,"caption":"IVINIO"},"image":{"@id":"https:\/\/www.ivinio.com\/sv\/#\/schema\/logo\/image\/"},"sameAs":["https:\/\/www.facebook.com\/groups\/165217837022391\/?ref=bookmarks","https:\/\/www.instagram.com\/_ivinio_\/?hl=fr"]}]}},"jetpack_sharing_enabled":true,"_links":{"self":[{"href":"https:\/\/www.ivinio.com\/sv\/wp-json\/wp\/v2\/product\/119530","targetHints":{"allow":["GET"]}}],"collection":[{"href":"https:\/\/www.ivinio.com\/sv\/wp-json\/wp\/v2\/product"}],"about":[{"href":"https:\/\/www.ivinio.com\/sv\/wp-json\/wp\/v2\/types\/product"}],"replies":[{"embeddable":true,"href":"https:\/\/www.ivinio.com\/sv\/wp-json\/wp\/v2\/comments?post=119530"}],"wp:featuredmedia":[{"embeddable":true,"href":"https:\/\/www.ivinio.com\/sv\/wp-json\/wp\/v2\/media\/119531"}],"wp:attachment":[{"href":"https:\/\/www.ivinio.com\/sv\/wp-json\/wp\/v2\/media?parent=119530"}],"wp:term":[{"taxonomy":"product_brand","embeddable":true,"href":"https:\/\/www.ivinio.com\/sv\/wp-json\/wp\/v2\/product_brand?post=119530"},{"taxonomy":"product_cat","embeddable":true,"href":"https:\/\/www.ivinio.com\/sv\/wp-json\/wp\/v2\/product_cat?post=119530"},{"taxonomy":"product_tag","embeddable":true,"href":"https:\/\/www.ivinio.com\/sv\/wp-json\/wp\/v2\/product_tag?post=119530"}],"curies":[{"name":"wp","href":"https:\/\/api.w.org\/{rel}","templated":true}]}}