{"id":119435,"date":"2015-04-14T16:57:30","date_gmt":"2015-04-14T16:57:30","guid":{"rendered":"https:\/\/henrik.www.ivinio.com\/?product=ivinio-rosevin-fran-provence"},"modified":"2026-04-14T18:24:42","modified_gmt":"2026-04-14T16:24:42","slug":"ivinio-rosevin-fran-provence","status":"publish","type":"product","link":"https:\/\/www.ivinio.com\/sv\/produkt\/ivinio-rosevin-fran-provence\/","title":{"rendered":"IVINIO ros\u00e9vin fr\u00e5n Provence !"},"content":{"rendered":"<p>IVINIO&#8217;s egna ros\u00e9vin \u00e4r speciellt utvalt f\u00f6r att till b\u00e4sta pris passa alla tillf\u00e4llen hela sommaren igenom. Vinet \u00e4r framst\u00e4llt av Grenache, Cinsault och Tibourenc. Druvorna pressas direkt efter sk\u00f6rd och f\u00e5r j\u00e4sa under kontrollerad temperatur.<\/p>\n","protected":false},"excerpt":{"rendered":"<p>Det h\u00e4r \u00e4r v\u00e5rt\u00a0specialutvalda genuina ros\u00e9vin IVINIO\u00a0fr\u00e5n Provence &#8211; ljust laxrosa, fruktigt och l\u00e4tt !\u00a0Passar till all sommarmat fr\u00e5n grill till enklare kalla buff\u00e9er !<\/p>\n","protected":false},"featured_media":119436,"comment_status":"open","ping_status":"closed","template":"","meta":{"_monsterinsights_skip_tracking":false,"_monsterinsights_sitenote_active":false,"_monsterinsights_sitenote_note":"","_monsterinsights_sitenote_category":0,"_uf_show_specific_survey":0,"_uf_disable_surveys":false},"product_brand":[],"product_cat":[36587,36623],"product_tag":[],"class_list":{"0":"post-119435","1":"product","2":"type-product","3":"status-publish","4":"has-post-thumbnail","6":"product_cat-french-wines","7":"product_cat-en-provence","8":"pa_alcohol-degree-12-5-en","9":"pa_classification-igp-vin-de-pays-de-mediterranee-en","10":"pa_color-rose-en","11":"pa_country-france-en","12":"pa_grape-variety-cinsault-en","13":"pa_grape-variety-grenache-en","14":"pa_grape-variety-tibouren-en","15":"pa_region-provence-en","16":"pa_storage-potential-1-year-en","17":"pa_vintage-2022-en","18":"pa_volume-75-cl-en","20":"first","21":"instock","22":"taxable","23":"shipping-taxable","24":"purchasable","25":"product-type-simple"},"bundled_by":[],"bundle_stock_status":"instock","bundle_stock_quantity":null,"bundle_virtual":false,"bundle_layout":"","bundle_add_to_cart_form_location":"","bundle_editable_in_cart":false,"bundle_sold_individually_context":"","bundle_item_grouping":"","bundle_min_size":"","bundle_max_size":"","bundle_price":[],"bundled_items":[],"bundle_sell_ids":[],"yoast_head":"<!-- This site is optimized with the Yoast SEO plugin v27.5 - https:\/\/yoast.com\/product\/yoast-seo-wordpress\/ -->\n<title>K\u00f6pa IVINIO ros\u00e9vin fr\u00e5n Provence - IVINIO Vinbutik<\/title>\n<meta name=\"description\" content=\"K\u00f6pa IVINIO ros\u00e9vin fr\u00e5n Provence. Specialutvaldt ros\u00e9vin IVINIO fr\u00e5n Provence - ljust laxrosa, fruktigt och l\u00e4tt ! Till all sommarmat !\" \/>\n<meta name=\"robots\" content=\"index, follow, max-snippet:-1, max-image-preview:large, max-video-preview:-1\" \/>\n<link rel=\"canonical\" href=\"https:\/\/www.ivinio.com\/sv\/produkt\/ivinio-rosevin-fran-provence\/\" \/>\n<meta property=\"og:locale\" content=\"sv_SE\" \/>\n<meta property=\"og:type\" content=\"article\" \/>\n<meta property=\"og:title\" content=\"K\u00f6pa IVINIO ros\u00e9vin fr\u00e5n Provence - IVINIO Vinbutik\" \/>\n<meta property=\"og:description\" content=\"K\u00f6pa IVINIO ros\u00e9vin fr\u00e5n Provence. Specialutvaldt ros\u00e9vin IVINIO fr\u00e5n Provence - ljust laxrosa, fruktigt och l\u00e4tt ! Till all sommarmat !\" \/>\n<meta property=\"og:url\" content=\"https:\/\/www.ivinio.com\/sv\/produkt\/ivinio-rosevin-fran-provence\/\" \/>\n<meta property=\"og:site_name\" content=\"IVINIO Vinbutik\" \/>\n<meta property=\"article:publisher\" content=\"https:\/\/www.facebook.com\/groups\/165217837022391\/?ref=bookmarks\" \/>\n<meta property=\"article:modified_time\" content=\"2026-04-14T16:24:42+00:00\" \/>\n<meta property=\"og:image\" content=\"https:\/\/www.ivinio.com\/wp-content\/uploads\/nc\/public\/modules\/file\/pictures\/5665.Ivinio-ros.jpg\" \/>\n\t<meta property=\"og:image:width\" content=\"500\" \/>\n\t<meta property=\"og:image:height\" content=\"500\" \/>\n\t<meta property=\"og:image:type\" content=\"image\/jpeg\" \/>\n<meta name=\"twitter:card\" content=\"summary_large_image\" \/>\n<meta name=\"twitter:label1\" content=\"Ber\u00e4knad l\u00e4stid\" \/>\n\t<meta name=\"twitter:data1\" content=\"1 minut\" \/>\n<script type=\"application\/ld+json\" class=\"yoast-schema-graph\">{\"@context\":\"https:\\\/\\\/schema.org\",\"@graph\":[{\"@type\":\"WebPage\",\"@id\":\"https:\\\/\\\/www.ivinio.com\\\/sv\\\/produkt\\\/ivinio-rosevin-fran-provence\\\/\",\"url\":\"https:\\\/\\\/www.ivinio.com\\\/sv\\\/produkt\\\/ivinio-rosevin-fran-provence\\\/\",\"name\":\"K\u00f6pa IVINIO ros\u00e9vin fr\u00e5n Provence - IVINIO Vinbutik\",\"isPartOf\":{\"@id\":\"https:\\\/\\\/www.ivinio.com\\\/sv\\\/#website\"},\"primaryImageOfPage\":{\"@id\":\"https:\\\/\\\/www.ivinio.com\\\/sv\\\/produkt\\\/ivinio-rosevin-fran-provence\\\/#primaryimage\"},\"image\":{\"@id\":\"https:\\\/\\\/www.ivinio.com\\\/sv\\\/produkt\\\/ivinio-rosevin-fran-provence\\\/#primaryimage\"},\"thumbnailUrl\":\"https:\\\/\\\/www.ivinio.com\\\/wp-content\\\/uploads\\\/nc\\\/public\\\/modules\\\/file\\\/pictures\\\/5665.Ivinio-ros.jpg\",\"datePublished\":\"2015-04-14T16:57:30+00:00\",\"dateModified\":\"2026-04-14T16:24:42+00:00\",\"description\":\"K\u00f6pa IVINIO ros\u00e9vin fr\u00e5n Provence. Specialutvaldt ros\u00e9vin IVINIO fr\u00e5n Provence - ljust laxrosa, fruktigt och l\u00e4tt ! Till all sommarmat !\",\"breadcrumb\":{\"@id\":\"https:\\\/\\\/www.ivinio.com\\\/sv\\\/produkt\\\/ivinio-rosevin-fran-provence\\\/#breadcrumb\"},\"inLanguage\":\"sv-SE\",\"potentialAction\":[{\"@type\":\"ReadAction\",\"target\":[\"https:\\\/\\\/www.ivinio.com\\\/sv\\\/produkt\\\/ivinio-rosevin-fran-provence\\\/\"]}]},{\"@type\":\"ImageObject\",\"inLanguage\":\"sv-SE\",\"@id\":\"https:\\\/\\\/www.ivinio.com\\\/sv\\\/produkt\\\/ivinio-rosevin-fran-provence\\\/#primaryimage\",\"url\":\"https:\\\/\\\/www.ivinio.com\\\/wp-content\\\/uploads\\\/nc\\\/public\\\/modules\\\/file\\\/pictures\\\/5665.Ivinio-ros.jpg\",\"contentUrl\":\"https:\\\/\\\/www.ivinio.com\\\/wp-content\\\/uploads\\\/nc\\\/public\\\/modules\\\/file\\\/pictures\\\/5665.Ivinio-ros.jpg\",\"width\":500,\"height\":500,\"caption\":\"IVINIO ros\u00e9vin fr\u00e5n Provence\"},{\"@type\":\"BreadcrumbList\",\"@id\":\"https:\\\/\\\/www.ivinio.com\\\/sv\\\/produkt\\\/ivinio-rosevin-fran-provence\\\/#breadcrumb\",\"itemListElement\":[{\"@type\":\"ListItem\",\"position\":1,\"name\":\"Hem\",\"item\":\"https:\\\/\\\/www.ivinio.com\\\/sv\\\/\"},{\"@type\":\"ListItem\",\"position\":2,\"name\":\"Vinbutik\",\"item\":\"https:\\\/\\\/www.ivinio.com\\\/sv\\\/vinbutik\\\/\"},{\"@type\":\"ListItem\",\"position\":3,\"name\":\"IVINIO ros\u00e9vin fr\u00e5n Provence !\"}]},{\"@type\":\"WebSite\",\"@id\":\"https:\\\/\\\/www.ivinio.com\\\/sv\\\/#website\",\"url\":\"https:\\\/\\\/www.ivinio.com\\\/sv\\\/\",\"name\":\"IVINIO Vinbutik\",\"description\":\"Vin fr\u00e5n Frankrike och Italien med leverans hem till din d\u00f6rr\",\"publisher\":{\"@id\":\"https:\\\/\\\/www.ivinio.com\\\/sv\\\/#organization\"},\"potentialAction\":[{\"@type\":\"SearchAction\",\"target\":{\"@type\":\"EntryPoint\",\"urlTemplate\":\"https:\\\/\\\/www.ivinio.com\\\/sv\\\/?s={search_term_string}\"},\"query-input\":{\"@type\":\"PropertyValueSpecification\",\"valueRequired\":true,\"valueName\":\"search_term_string\"}}],\"inLanguage\":\"sv-SE\"},{\"@type\":\"Organization\",\"@id\":\"https:\\\/\\\/www.ivinio.com\\\/sv\\\/#organization\",\"name\":\"IVINIO\",\"url\":\"https:\\\/\\\/www.ivinio.com\\\/sv\\\/\",\"logo\":{\"@type\":\"ImageObject\",\"inLanguage\":\"sv-SE\",\"@id\":\"https:\\\/\\\/www.ivinio.com\\\/sv\\\/#\\\/schema\\\/logo\\\/image\\\/\",\"url\":\"https:\\\/\\\/www.ivinio.com\\\/wp-content\\\/uploads\\\/2021\\\/01\\\/Logo-Ivinio-v2.jpg\",\"contentUrl\":\"https:\\\/\\\/www.ivinio.com\\\/wp-content\\\/uploads\\\/2021\\\/01\\\/Logo-Ivinio-v2.jpg\",\"width\":1194,\"height\":1194,\"caption\":\"IVINIO\"},\"image\":{\"@id\":\"https:\\\/\\\/www.ivinio.com\\\/sv\\\/#\\\/schema\\\/logo\\\/image\\\/\"},\"sameAs\":[\"https:\\\/\\\/www.facebook.com\\\/groups\\\/165217837022391\\\/?ref=bookmarks\",\"https:\\\/\\\/www.instagram.com\\\/_ivinio_\\\/?hl=fr\"]}]}<\/script>\n<!-- \/ Yoast SEO plugin. -->","yoast_head_json":{"title":"K\u00f6pa IVINIO ros\u00e9vin fr\u00e5n Provence - IVINIO Vinbutik","description":"K\u00f6pa IVINIO ros\u00e9vin fr\u00e5n Provence. Specialutvaldt ros\u00e9vin IVINIO fr\u00e5n Provence - ljust laxrosa, fruktigt och l\u00e4tt ! Till all sommarmat !","robots":{"index":"index","follow":"follow","max-snippet":"max-snippet:-1","max-image-preview":"max-image-preview:large","max-video-preview":"max-video-preview:-1"},"canonical":"https:\/\/www.ivinio.com\/sv\/produkt\/ivinio-rosevin-fran-provence\/","og_locale":"sv_SE","og_type":"article","og_title":"K\u00f6pa IVINIO ros\u00e9vin fr\u00e5n Provence - IVINIO Vinbutik","og_description":"K\u00f6pa IVINIO ros\u00e9vin fr\u00e5n Provence. Specialutvaldt ros\u00e9vin IVINIO fr\u00e5n Provence - ljust laxrosa, fruktigt och l\u00e4tt ! Till all sommarmat !","og_url":"https:\/\/www.ivinio.com\/sv\/produkt\/ivinio-rosevin-fran-provence\/","og_site_name":"IVINIO Vinbutik","article_publisher":"https:\/\/www.facebook.com\/groups\/165217837022391\/?ref=bookmarks","article_modified_time":"2026-04-14T16:24:42+00:00","og_image":[{"width":500,"height":500,"url":"https:\/\/www.ivinio.com\/wp-content\/uploads\/nc\/public\/modules\/file\/pictures\/5665.Ivinio-ros.jpg","type":"image\/jpeg"}],"twitter_card":"summary_large_image","twitter_misc":{"Ber\u00e4knad l\u00e4stid":"1 minut"},"schema":{"@context":"https:\/\/schema.org","@graph":[{"@type":"WebPage","@id":"https:\/\/www.ivinio.com\/sv\/produkt\/ivinio-rosevin-fran-provence\/","url":"https:\/\/www.ivinio.com\/sv\/produkt\/ivinio-rosevin-fran-provence\/","name":"K\u00f6pa IVINIO ros\u00e9vin fr\u00e5n Provence - IVINIO Vinbutik","isPartOf":{"@id":"https:\/\/www.ivinio.com\/sv\/#website"},"primaryImageOfPage":{"@id":"https:\/\/www.ivinio.com\/sv\/produkt\/ivinio-rosevin-fran-provence\/#primaryimage"},"image":{"@id":"https:\/\/www.ivinio.com\/sv\/produkt\/ivinio-rosevin-fran-provence\/#primaryimage"},"thumbnailUrl":"https:\/\/www.ivinio.com\/wp-content\/uploads\/nc\/public\/modules\/file\/pictures\/5665.Ivinio-ros.jpg","datePublished":"2015-04-14T16:57:30+00:00","dateModified":"2026-04-14T16:24:42+00:00","description":"K\u00f6pa IVINIO ros\u00e9vin fr\u00e5n Provence. Specialutvaldt ros\u00e9vin IVINIO fr\u00e5n Provence - ljust laxrosa, fruktigt och l\u00e4tt ! Till all sommarmat !","breadcrumb":{"@id":"https:\/\/www.ivinio.com\/sv\/produkt\/ivinio-rosevin-fran-provence\/#breadcrumb"},"inLanguage":"sv-SE","potentialAction":[{"@type":"ReadAction","target":["https:\/\/www.ivinio.com\/sv\/produkt\/ivinio-rosevin-fran-provence\/"]}]},{"@type":"ImageObject","inLanguage":"sv-SE","@id":"https:\/\/www.ivinio.com\/sv\/produkt\/ivinio-rosevin-fran-provence\/#primaryimage","url":"https:\/\/www.ivinio.com\/wp-content\/uploads\/nc\/public\/modules\/file\/pictures\/5665.Ivinio-ros.jpg","contentUrl":"https:\/\/www.ivinio.com\/wp-content\/uploads\/nc\/public\/modules\/file\/pictures\/5665.Ivinio-ros.jpg","width":500,"height":500,"caption":"IVINIO ros\u00e9vin fr\u00e5n Provence"},{"@type":"BreadcrumbList","@id":"https:\/\/www.ivinio.com\/sv\/produkt\/ivinio-rosevin-fran-provence\/#breadcrumb","itemListElement":[{"@type":"ListItem","position":1,"name":"Hem","item":"https:\/\/www.ivinio.com\/sv\/"},{"@type":"ListItem","position":2,"name":"Vinbutik","item":"https:\/\/www.ivinio.com\/sv\/vinbutik\/"},{"@type":"ListItem","position":3,"name":"IVINIO ros\u00e9vin fr\u00e5n Provence !"}]},{"@type":"WebSite","@id":"https:\/\/www.ivinio.com\/sv\/#website","url":"https:\/\/www.ivinio.com\/sv\/","name":"IVINIO Vinbutik","description":"Vin fr\u00e5n Frankrike och Italien med leverans hem till din d\u00f6rr","publisher":{"@id":"https:\/\/www.ivinio.com\/sv\/#organization"},"potentialAction":[{"@type":"SearchAction","target":{"@type":"EntryPoint","urlTemplate":"https:\/\/www.ivinio.com\/sv\/?s={search_term_string}"},"query-input":{"@type":"PropertyValueSpecification","valueRequired":true,"valueName":"search_term_string"}}],"inLanguage":"sv-SE"},{"@type":"Organization","@id":"https:\/\/www.ivinio.com\/sv\/#organization","name":"IVINIO","url":"https:\/\/www.ivinio.com\/sv\/","logo":{"@type":"ImageObject","inLanguage":"sv-SE","@id":"https:\/\/www.ivinio.com\/sv\/#\/schema\/logo\/image\/","url":"https:\/\/www.ivinio.com\/wp-content\/uploads\/2021\/01\/Logo-Ivinio-v2.jpg","contentUrl":"https:\/\/www.ivinio.com\/wp-content\/uploads\/2021\/01\/Logo-Ivinio-v2.jpg","width":1194,"height":1194,"caption":"IVINIO"},"image":{"@id":"https:\/\/www.ivinio.com\/sv\/#\/schema\/logo\/image\/"},"sameAs":["https:\/\/www.facebook.com\/groups\/165217837022391\/?ref=bookmarks","https:\/\/www.instagram.com\/_ivinio_\/?hl=fr"]}]}},"jetpack_sharing_enabled":true,"_links":{"self":[{"href":"https:\/\/www.ivinio.com\/sv\/wp-json\/wp\/v2\/product\/119435","targetHints":{"allow":["GET"]}}],"collection":[{"href":"https:\/\/www.ivinio.com\/sv\/wp-json\/wp\/v2\/product"}],"about":[{"href":"https:\/\/www.ivinio.com\/sv\/wp-json\/wp\/v2\/types\/product"}],"replies":[{"embeddable":true,"href":"https:\/\/www.ivinio.com\/sv\/wp-json\/wp\/v2\/comments?post=119435"}],"wp:featuredmedia":[{"embeddable":true,"href":"https:\/\/www.ivinio.com\/sv\/wp-json\/wp\/v2\/media\/119436"}],"wp:attachment":[{"href":"https:\/\/www.ivinio.com\/sv\/wp-json\/wp\/v2\/media?parent=119435"}],"wp:term":[{"taxonomy":"product_brand","embeddable":true,"href":"https:\/\/www.ivinio.com\/sv\/wp-json\/wp\/v2\/product_brand?post=119435"},{"taxonomy":"product_cat","embeddable":true,"href":"https:\/\/www.ivinio.com\/sv\/wp-json\/wp\/v2\/product_cat?post=119435"},{"taxonomy":"product_tag","embeddable":true,"href":"https:\/\/www.ivinio.com\/sv\/wp-json\/wp\/v2\/product_tag?post=119435"}],"curies":[{"name":"wp","href":"https:\/\/api.w.org\/{rel}","templated":true}]}}