{"id":119340,"date":"2015-03-12T17:55:44","date_gmt":"2015-03-12T17:55:44","guid":{"rendered":"https:\/\/henrik.www.ivinio.com\/?product=chateau-fonsalade-f"},"modified":"2024-11-29T23:00:21","modified_gmt":"2024-11-29T22:00:21","slug":"chateau-fonsalade-f","status":"publish","type":"product","link":"https:\/\/www.ivinio.com\/sv\/produkt\/chateau-fonsalade-f\/","title":{"rendered":"Ch\u00e2teau Fonsalade &#8211; &#8220;f&#8221;"},"content":{"rendered":"<p>&#8220;f&#8221; fr\u00e5n Ch\u00e2teau Fonsalade st\u00e5r f\u00f6r <em>Fr\u00e9d\u00e9ric<\/em> och \u00e4r ett best\u00e4llningsarbete fr\u00e5n svenska Systembolaget. N\u00e4r vinet var framst\u00e4llt k\u00f6ptes det aldrig av bolaget utan gick ist\u00e4llet till den lokala franska marknaden och blev d\u00e4r genast en succ\u00e9. Vinet framst\u00e4lls av\u00a0 och 50 % Grenache och 50 % Syrahdruvor. Druvorna odlas i mycket speciell och varierande terr\u00e4ng best\u00e5ende av kalklerig schistjord t\u00e4ckt av runda stenar. Druvorna macereras 3 veckor i temperaturreglerad betongtank och l\u00e5ts sedan j\u00e4sas i 2 veckors tid vid 17-20\u00b0 temperatur. D\u00e4refter f\u00f6ljer den malolaktiska j\u00e4sningen. Vinet lagras d\u00e4refter p\u00e5 betongtankar i 12 m\u00e5naders tid innan det tappas p\u00e5 flaska.<\/p>\n","protected":false},"excerpt":{"rendered":"<p>&#8220;f&#8221; fr\u00e5n Ch\u00e2teau Fonsalade \u00e4r i grunden ett best\u00e4llningsarbete fr\u00e5n svenska Systembolaget. Bolaget k\u00f6pte aldrig sitt best\u00e4llda vin och franska konsumenter kunde ist\u00e4llet erbjudas ett vin som nu blivit en riktig succ\u00e9 i hemlandet !<\/p>\n","protected":false},"featured_media":133431,"comment_status":"open","ping_status":"closed","template":"","meta":{"_monsterinsights_skip_tracking":false,"_monsterinsights_sitenote_active":false,"_monsterinsights_sitenote_note":"","_monsterinsights_sitenote_category":0,"_uf_show_specific_survey":0,"_uf_disable_surveys":false},"product_brand":[],"product_cat":[36588,36627],"product_tag":[],"class_list":{"0":"post-119340","1":"product","2":"type-product","3":"status-publish","4":"has-post-thumbnail","6":"product_cat-franska-viner","7":"product_cat-sv-languedoc","8":"pa_alcohol-degree-14-sv","9":"pa_awards-gault-millau-vins-sv","10":"pa_awards-gilbert-gaillard","11":"pa_classification-aop-saint-chinian-sv","12":"pa_color-rod-sv","13":"pa_country-frankrike-sv","14":"pa_grape-variety-grenache-sv","15":"pa_grape-variety-syrah-sv","16":"pa_region-languedoc-sv","17":"pa_storage-potential-4-ar-sv","18":"pa_vintage-41218","19":"pa_volume-75-cl-sv","21":"first","22":"instock","23":"taxable","24":"shipping-taxable","25":"purchasable","26":"product-type-simple"},"bundled_by":["119347"],"bundle_stock_status":"instock","bundle_stock_quantity":null,"bundle_virtual":false,"bundle_layout":"","bundle_add_to_cart_form_location":"","bundle_editable_in_cart":false,"bundle_sold_individually_context":"","bundle_item_grouping":"","bundle_min_size":"","bundle_max_size":"","bundle_price":[],"bundled_items":[],"bundle_sell_ids":[],"yoast_head":"<!-- This site is optimized with the Yoast SEO plugin v27.5 - https:\/\/yoast.com\/product\/yoast-seo-wordpress\/ -->\n<title>k\u00f6pa Ch\u00e2teau Fonsalade - &quot;f&quot; - Saint-Chinian - IVINIO Vinbutik<\/title>\n<meta name=\"description\" content=\"k\u00f6pa Ch\u00e2teau Fonsalade - &quot;f&quot;. Ett komplext och fylligt r\u00f6dvin med inslag av v\u00e4lmogna svarta vinb\u00e4r, kanderad frukt och mentol.\" \/>\n<meta name=\"robots\" content=\"index, follow, max-snippet:-1, max-image-preview:large, max-video-preview:-1\" \/>\n<link rel=\"canonical\" href=\"https:\/\/www.ivinio.com\/sv\/produkt\/chateau-fonsalade-f\/\" \/>\n<meta property=\"og:locale\" content=\"sv_SE\" \/>\n<meta property=\"og:type\" content=\"article\" \/>\n<meta property=\"og:title\" content=\"k\u00f6pa Ch\u00e2teau Fonsalade - &quot;f&quot; - Saint-Chinian - IVINIO Vinbutik\" \/>\n<meta property=\"og:description\" content=\"k\u00f6pa Ch\u00e2teau Fonsalade - &quot;f&quot;. Ett komplext och fylligt r\u00f6dvin med inslag av v\u00e4lmogna svarta vinb\u00e4r, kanderad frukt och mentol.\" \/>\n<meta property=\"og:url\" content=\"https:\/\/www.ivinio.com\/sv\/produkt\/chateau-fonsalade-f\/\" \/>\n<meta property=\"og:site_name\" content=\"IVINIO Vinbutik\" \/>\n<meta property=\"article:publisher\" content=\"https:\/\/www.facebook.com\/groups\/165217837022391\/?ref=bookmarks\" \/>\n<meta property=\"article:modified_time\" content=\"2024-11-29T22:00:21+00:00\" \/>\n<meta property=\"og:image\" content=\"https:\/\/www.ivinio.com\/wp-content\/uploads\/2015\/03\/Chateau-Fonsalade-f-IVINIO.jpg\" \/>\n\t<meta property=\"og:image:width\" content=\"500\" \/>\n\t<meta property=\"og:image:height\" content=\"500\" \/>\n\t<meta property=\"og:image:type\" content=\"image\/jpeg\" \/>\n<meta name=\"twitter:card\" content=\"summary_large_image\" \/>\n<meta name=\"twitter:label1\" content=\"Ber\u00e4knad l\u00e4stid\" \/>\n\t<meta name=\"twitter:data1\" content=\"1 minut\" \/>\n<script type=\"application\/ld+json\" class=\"yoast-schema-graph\">{\"@context\":\"https:\\\/\\\/schema.org\",\"@graph\":[{\"@type\":\"WebPage\",\"@id\":\"https:\\\/\\\/www.ivinio.com\\\/sv\\\/produkt\\\/chateau-fonsalade-f\\\/\",\"url\":\"https:\\\/\\\/www.ivinio.com\\\/sv\\\/produkt\\\/chateau-fonsalade-f\\\/\",\"name\":\"k\u00f6pa Ch\u00e2teau Fonsalade - \\\"f\\\" - Saint-Chinian - IVINIO Vinbutik\",\"isPartOf\":{\"@id\":\"https:\\\/\\\/www.ivinio.com\\\/sv\\\/#website\"},\"primaryImageOfPage\":{\"@id\":\"https:\\\/\\\/www.ivinio.com\\\/sv\\\/produkt\\\/chateau-fonsalade-f\\\/#primaryimage\"},\"image\":{\"@id\":\"https:\\\/\\\/www.ivinio.com\\\/sv\\\/produkt\\\/chateau-fonsalade-f\\\/#primaryimage\"},\"thumbnailUrl\":\"https:\\\/\\\/www.ivinio.com\\\/wp-content\\\/uploads\\\/2015\\\/03\\\/Chateau-Fonsalade-f-IVINIO.jpg\",\"datePublished\":\"2015-03-12T17:55:44+00:00\",\"dateModified\":\"2024-11-29T22:00:21+00:00\",\"description\":\"k\u00f6pa Ch\u00e2teau Fonsalade - \\\"f\\\". Ett komplext och fylligt r\u00f6dvin med inslag av v\u00e4lmogna svarta vinb\u00e4r, kanderad frukt och mentol.\",\"breadcrumb\":{\"@id\":\"https:\\\/\\\/www.ivinio.com\\\/sv\\\/produkt\\\/chateau-fonsalade-f\\\/#breadcrumb\"},\"inLanguage\":\"sv-SE\",\"potentialAction\":[{\"@type\":\"ReadAction\",\"target\":[\"https:\\\/\\\/www.ivinio.com\\\/sv\\\/produkt\\\/chateau-fonsalade-f\\\/\"]}]},{\"@type\":\"ImageObject\",\"inLanguage\":\"sv-SE\",\"@id\":\"https:\\\/\\\/www.ivinio.com\\\/sv\\\/produkt\\\/chateau-fonsalade-f\\\/#primaryimage\",\"url\":\"https:\\\/\\\/www.ivinio.com\\\/wp-content\\\/uploads\\\/2015\\\/03\\\/Chateau-Fonsalade-f-IVINIO.jpg\",\"contentUrl\":\"https:\\\/\\\/www.ivinio.com\\\/wp-content\\\/uploads\\\/2015\\\/03\\\/Chateau-Fonsalade-f-IVINIO.jpg\",\"width\":500,\"height\":500},{\"@type\":\"BreadcrumbList\",\"@id\":\"https:\\\/\\\/www.ivinio.com\\\/sv\\\/produkt\\\/chateau-fonsalade-f\\\/#breadcrumb\",\"itemListElement\":[{\"@type\":\"ListItem\",\"position\":1,\"name\":\"Hem\",\"item\":\"https:\\\/\\\/www.ivinio.com\\\/sv\\\/\"},{\"@type\":\"ListItem\",\"position\":2,\"name\":\"Vinbutik\",\"item\":\"https:\\\/\\\/www.ivinio.com\\\/sv\\\/vinbutik\\\/\"},{\"@type\":\"ListItem\",\"position\":3,\"name\":\"Ch\u00e2teau Fonsalade &#8211; &#8220;f&#8221;\"}]},{\"@type\":\"WebSite\",\"@id\":\"https:\\\/\\\/www.ivinio.com\\\/sv\\\/#website\",\"url\":\"https:\\\/\\\/www.ivinio.com\\\/sv\\\/\",\"name\":\"IVINIO Vinbutik\",\"description\":\"Vin fr\u00e5n Frankrike och Italien med leverans hem till din d\u00f6rr\",\"publisher\":{\"@id\":\"https:\\\/\\\/www.ivinio.com\\\/sv\\\/#organization\"},\"potentialAction\":[{\"@type\":\"SearchAction\",\"target\":{\"@type\":\"EntryPoint\",\"urlTemplate\":\"https:\\\/\\\/www.ivinio.com\\\/sv\\\/?s={search_term_string}\"},\"query-input\":{\"@type\":\"PropertyValueSpecification\",\"valueRequired\":true,\"valueName\":\"search_term_string\"}}],\"inLanguage\":\"sv-SE\"},{\"@type\":\"Organization\",\"@id\":\"https:\\\/\\\/www.ivinio.com\\\/sv\\\/#organization\",\"name\":\"IVINIO\",\"url\":\"https:\\\/\\\/www.ivinio.com\\\/sv\\\/\",\"logo\":{\"@type\":\"ImageObject\",\"inLanguage\":\"sv-SE\",\"@id\":\"https:\\\/\\\/www.ivinio.com\\\/sv\\\/#\\\/schema\\\/logo\\\/image\\\/\",\"url\":\"https:\\\/\\\/www.ivinio.com\\\/wp-content\\\/uploads\\\/2021\\\/01\\\/Logo-Ivinio-v2.jpg\",\"contentUrl\":\"https:\\\/\\\/www.ivinio.com\\\/wp-content\\\/uploads\\\/2021\\\/01\\\/Logo-Ivinio-v2.jpg\",\"width\":1194,\"height\":1194,\"caption\":\"IVINIO\"},\"image\":{\"@id\":\"https:\\\/\\\/www.ivinio.com\\\/sv\\\/#\\\/schema\\\/logo\\\/image\\\/\"},\"sameAs\":[\"https:\\\/\\\/www.facebook.com\\\/groups\\\/165217837022391\\\/?ref=bookmarks\",\"https:\\\/\\\/www.instagram.com\\\/_ivinio_\\\/?hl=fr\"]}]}<\/script>\n<!-- \/ Yoast SEO plugin. -->","yoast_head_json":{"title":"k\u00f6pa Ch\u00e2teau Fonsalade - \"f\" - Saint-Chinian - IVINIO Vinbutik","description":"k\u00f6pa Ch\u00e2teau Fonsalade - \"f\". Ett komplext och fylligt r\u00f6dvin med inslag av v\u00e4lmogna svarta vinb\u00e4r, kanderad frukt och mentol.","robots":{"index":"index","follow":"follow","max-snippet":"max-snippet:-1","max-image-preview":"max-image-preview:large","max-video-preview":"max-video-preview:-1"},"canonical":"https:\/\/www.ivinio.com\/sv\/produkt\/chateau-fonsalade-f\/","og_locale":"sv_SE","og_type":"article","og_title":"k\u00f6pa Ch\u00e2teau Fonsalade - \"f\" - Saint-Chinian - IVINIO Vinbutik","og_description":"k\u00f6pa Ch\u00e2teau Fonsalade - \"f\". Ett komplext och fylligt r\u00f6dvin med inslag av v\u00e4lmogna svarta vinb\u00e4r, kanderad frukt och mentol.","og_url":"https:\/\/www.ivinio.com\/sv\/produkt\/chateau-fonsalade-f\/","og_site_name":"IVINIO Vinbutik","article_publisher":"https:\/\/www.facebook.com\/groups\/165217837022391\/?ref=bookmarks","article_modified_time":"2024-11-29T22:00:21+00:00","og_image":[{"width":500,"height":500,"url":"https:\/\/www.ivinio.com\/wp-content\/uploads\/2015\/03\/Chateau-Fonsalade-f-IVINIO.jpg","type":"image\/jpeg"}],"twitter_card":"summary_large_image","twitter_misc":{"Ber\u00e4knad l\u00e4stid":"1 minut"},"schema":{"@context":"https:\/\/schema.org","@graph":[{"@type":"WebPage","@id":"https:\/\/www.ivinio.com\/sv\/produkt\/chateau-fonsalade-f\/","url":"https:\/\/www.ivinio.com\/sv\/produkt\/chateau-fonsalade-f\/","name":"k\u00f6pa Ch\u00e2teau Fonsalade - \"f\" - Saint-Chinian - IVINIO Vinbutik","isPartOf":{"@id":"https:\/\/www.ivinio.com\/sv\/#website"},"primaryImageOfPage":{"@id":"https:\/\/www.ivinio.com\/sv\/produkt\/chateau-fonsalade-f\/#primaryimage"},"image":{"@id":"https:\/\/www.ivinio.com\/sv\/produkt\/chateau-fonsalade-f\/#primaryimage"},"thumbnailUrl":"https:\/\/www.ivinio.com\/wp-content\/uploads\/2015\/03\/Chateau-Fonsalade-f-IVINIO.jpg","datePublished":"2015-03-12T17:55:44+00:00","dateModified":"2024-11-29T22:00:21+00:00","description":"k\u00f6pa Ch\u00e2teau Fonsalade - \"f\". Ett komplext och fylligt r\u00f6dvin med inslag av v\u00e4lmogna svarta vinb\u00e4r, kanderad frukt och mentol.","breadcrumb":{"@id":"https:\/\/www.ivinio.com\/sv\/produkt\/chateau-fonsalade-f\/#breadcrumb"},"inLanguage":"sv-SE","potentialAction":[{"@type":"ReadAction","target":["https:\/\/www.ivinio.com\/sv\/produkt\/chateau-fonsalade-f\/"]}]},{"@type":"ImageObject","inLanguage":"sv-SE","@id":"https:\/\/www.ivinio.com\/sv\/produkt\/chateau-fonsalade-f\/#primaryimage","url":"https:\/\/www.ivinio.com\/wp-content\/uploads\/2015\/03\/Chateau-Fonsalade-f-IVINIO.jpg","contentUrl":"https:\/\/www.ivinio.com\/wp-content\/uploads\/2015\/03\/Chateau-Fonsalade-f-IVINIO.jpg","width":500,"height":500},{"@type":"BreadcrumbList","@id":"https:\/\/www.ivinio.com\/sv\/produkt\/chateau-fonsalade-f\/#breadcrumb","itemListElement":[{"@type":"ListItem","position":1,"name":"Hem","item":"https:\/\/www.ivinio.com\/sv\/"},{"@type":"ListItem","position":2,"name":"Vinbutik","item":"https:\/\/www.ivinio.com\/sv\/vinbutik\/"},{"@type":"ListItem","position":3,"name":"Ch\u00e2teau Fonsalade &#8211; &#8220;f&#8221;"}]},{"@type":"WebSite","@id":"https:\/\/www.ivinio.com\/sv\/#website","url":"https:\/\/www.ivinio.com\/sv\/","name":"IVINIO Vinbutik","description":"Vin fr\u00e5n Frankrike och Italien med leverans hem till din d\u00f6rr","publisher":{"@id":"https:\/\/www.ivinio.com\/sv\/#organization"},"potentialAction":[{"@type":"SearchAction","target":{"@type":"EntryPoint","urlTemplate":"https:\/\/www.ivinio.com\/sv\/?s={search_term_string}"},"query-input":{"@type":"PropertyValueSpecification","valueRequired":true,"valueName":"search_term_string"}}],"inLanguage":"sv-SE"},{"@type":"Organization","@id":"https:\/\/www.ivinio.com\/sv\/#organization","name":"IVINIO","url":"https:\/\/www.ivinio.com\/sv\/","logo":{"@type":"ImageObject","inLanguage":"sv-SE","@id":"https:\/\/www.ivinio.com\/sv\/#\/schema\/logo\/image\/","url":"https:\/\/www.ivinio.com\/wp-content\/uploads\/2021\/01\/Logo-Ivinio-v2.jpg","contentUrl":"https:\/\/www.ivinio.com\/wp-content\/uploads\/2021\/01\/Logo-Ivinio-v2.jpg","width":1194,"height":1194,"caption":"IVINIO"},"image":{"@id":"https:\/\/www.ivinio.com\/sv\/#\/schema\/logo\/image\/"},"sameAs":["https:\/\/www.facebook.com\/groups\/165217837022391\/?ref=bookmarks","https:\/\/www.instagram.com\/_ivinio_\/?hl=fr"]}]}},"jetpack_sharing_enabled":true,"_links":{"self":[{"href":"https:\/\/www.ivinio.com\/sv\/wp-json\/wp\/v2\/product\/119340","targetHints":{"allow":["GET"]}}],"collection":[{"href":"https:\/\/www.ivinio.com\/sv\/wp-json\/wp\/v2\/product"}],"about":[{"href":"https:\/\/www.ivinio.com\/sv\/wp-json\/wp\/v2\/types\/product"}],"replies":[{"embeddable":true,"href":"https:\/\/www.ivinio.com\/sv\/wp-json\/wp\/v2\/comments?post=119340"}],"wp:featuredmedia":[{"embeddable":true,"href":"https:\/\/www.ivinio.com\/sv\/wp-json\/wp\/v2\/media\/133431"}],"wp:attachment":[{"href":"https:\/\/www.ivinio.com\/sv\/wp-json\/wp\/v2\/media?parent=119340"}],"wp:term":[{"taxonomy":"product_brand","embeddable":true,"href":"https:\/\/www.ivinio.com\/sv\/wp-json\/wp\/v2\/product_brand?post=119340"},{"taxonomy":"product_cat","embeddable":true,"href":"https:\/\/www.ivinio.com\/sv\/wp-json\/wp\/v2\/product_cat?post=119340"},{"taxonomy":"product_tag","embeddable":true,"href":"https:\/\/www.ivinio.com\/sv\/wp-json\/wp\/v2\/product_tag?post=119340"}],"curies":[{"name":"wp","href":"https:\/\/api.w.org\/{rel}","templated":true}]}}