{"id":119250,"date":"2015-02-24T20:13:29","date_gmt":"2015-02-24T20:13:29","guid":{"rendered":"https:\/\/henrik.www.ivinio.com\/?product=vignoble-art-mas-il-etait-une-fois-rod"},"modified":"2026-04-25T17:11:34","modified_gmt":"2026-04-25T15:11:34","slug":"vignoble-art-mas-il-etait-une-fois-rod","status":"publish","type":"product","link":"https:\/\/www.ivinio.com\/sv\/produkt\/vignoble-art-mas-il-etait-une-fois-rod\/","title":{"rendered":"Vignoble Art Mas &#8211; Il \u00e9tait une fois&#8230; &#8211; R\u00f6d"},"content":{"rendered":"<p>Il \u00e9tait une fois&#8230; betyder &#8220;Det var en g\u00e5ng&#8230;&#8221;\u00a0och\u00a0\u00e4r en hyllning till Xavier Combes farfar\u00a0vars vinjer idag\u00a0odlas enligt samma m\u00f6nster som &#8220;p\u00e5 den tiden&#8221;. Vinet \u00e4r\u00a0biologiskt odlat och framst\u00e4lls\u00a0av 70% Syrah och 30% Grenache som v\u00e4xer i \u00f6stlig riktning. Inte nog med det, Xavier intresserar sig f\u00f6r biodynamisk vinodling och f\u00f6ljer bl.a. de astrala kriterierna\u00a0i vinframst\u00e4llningen. Vinet odlas i Visan, en mindre ort mellan de mer k\u00e4nda Vacqueyras och Gigondas.<\/p>\n","protected":false},"excerpt":{"rendered":"<p>Il \u00e9tait une fois&#8230; fr\u00e5n\u00a0Vignoble Art Mas \u00e4r\u00a0ett biologiskt odlat r\u00f6dvin\u00a0framst\u00e4lld av 70% Syrah och 30% Grenache. En riktig &#8220;fruktbomb&#8221; med inslag av svarta och r\u00f6da vinb\u00e4r med en mycket behaglig fr\u00e4sch\u00f6r.<\/p>\n","protected":false},"featured_media":119251,"comment_status":"open","ping_status":"closed","template":"","meta":{"_monsterinsights_skip_tracking":false,"_monsterinsights_sitenote_active":false,"_monsterinsights_sitenote_note":"","_monsterinsights_sitenote_category":0,"_uf_show_specific_survey":0,"_uf_disable_surveys":false},"product_brand":[],"product_cat":[36588,36621],"product_tag":[],"class_list":{"0":"post-119250","1":"product","2":"type-product","3":"status-publish","4":"has-post-thumbnail","6":"product_cat-franska-viner","7":"product_cat-sv-rhone-dalen","8":"pa_alcohol-degree-14-sv","9":"pa_awards-guide-hachette-sv","10":"pa_classification-aop-cotes-du-rhone-villages-visan-sv","11":"pa_color-rod-sv","12":"pa_country-frankrike-sv","13":"pa_grape-variety-grenache-sv","14":"pa_grape-variety-syrah-sv","15":"pa_region-rhonedalen-sv","16":"pa_storage-potential-5-ar-sv","17":"pa_vintage-41365","18":"pa_volume-75-cl-sv","20":"first","21":"instock","22":"taxable","23":"shipping-taxable","24":"purchasable","25":"product-type-simple"},"bundled_by":["119390"],"bundle_stock_status":"instock","bundle_stock_quantity":null,"bundle_virtual":false,"bundle_layout":"","bundle_add_to_cart_form_location":"","bundle_editable_in_cart":false,"bundle_sold_individually_context":"","bundle_item_grouping":"","bundle_min_size":"","bundle_max_size":"","bundle_price":[],"bundled_items":[],"bundle_sell_ids":[],"yoast_head":"<!-- This site is optimized with the Yoast SEO plugin v27.5 - https:\/\/yoast.com\/product\/yoast-seo-wordpress\/ -->\n<title>K\u00f6pa Vignoble Art Mas - Il \u00e9tait une fois... - R\u00f6dvin - IVINIO Vinbutik<\/title>\n<meta name=\"description\" content=\"Vignoble Art Mas - Il \u00e9tait une fois... - R\u00f6dvin. Biodynamisk, en riktig &quot;fruktbomb&quot; med inslag av svarta och r\u00f6da vinb\u00e4r med en mycket behaglig fr\u00e4sch\u00f6r.\" \/>\n<meta name=\"robots\" content=\"index, follow, max-snippet:-1, max-image-preview:large, max-video-preview:-1\" \/>\n<link rel=\"canonical\" href=\"https:\/\/www.ivinio.com\/sv\/produkt\/vignoble-art-mas-il-etait-une-fois-rod\/\" \/>\n<meta property=\"og:locale\" content=\"sv_SE\" \/>\n<meta property=\"og:type\" content=\"article\" \/>\n<meta property=\"og:title\" content=\"K\u00f6pa Vignoble Art Mas - Il \u00e9tait une fois... - R\u00f6dvin - IVINIO Vinbutik\" \/>\n<meta property=\"og:description\" content=\"Vignoble Art Mas - Il \u00e9tait une fois... - R\u00f6dvin. Biodynamisk, en riktig &quot;fruktbomb&quot; med inslag av svarta och r\u00f6da vinb\u00e4r med en mycket behaglig fr\u00e4sch\u00f6r.\" \/>\n<meta property=\"og:url\" content=\"https:\/\/www.ivinio.com\/sv\/produkt\/vignoble-art-mas-il-etait-une-fois-rod\/\" \/>\n<meta property=\"og:site_name\" content=\"IVINIO Vinbutik\" \/>\n<meta property=\"article:publisher\" content=\"https:\/\/www.facebook.com\/groups\/165217837022391\/?ref=bookmarks\" \/>\n<meta property=\"article:modified_time\" content=\"2026-04-25T15:11:34+00:00\" \/>\n<meta property=\"og:image\" content=\"https:\/\/www.ivinio.com\/wp-content\/uploads\/nc\/public\/modules\/file\/pictures\/5490.art-mas-il-tait-une-fois-ivinio.jpg\" \/>\n\t<meta property=\"og:image:width\" content=\"500\" \/>\n\t<meta property=\"og:image:height\" content=\"500\" \/>\n\t<meta property=\"og:image:type\" content=\"image\/jpeg\" \/>\n<meta name=\"twitter:card\" content=\"summary_large_image\" \/>\n<meta name=\"twitter:label1\" content=\"Ber\u00e4knad l\u00e4stid\" \/>\n\t<meta name=\"twitter:data1\" content=\"1 minut\" \/>\n<script type=\"application\/ld+json\" class=\"yoast-schema-graph\">{\"@context\":\"https:\\\/\\\/schema.org\",\"@graph\":[{\"@type\":\"WebPage\",\"@id\":\"https:\\\/\\\/www.ivinio.com\\\/sv\\\/produkt\\\/vignoble-art-mas-il-etait-une-fois-rod\\\/\",\"url\":\"https:\\\/\\\/www.ivinio.com\\\/sv\\\/produkt\\\/vignoble-art-mas-il-etait-une-fois-rod\\\/\",\"name\":\"K\u00f6pa Vignoble Art Mas - Il \u00e9tait une fois... - R\u00f6dvin - IVINIO Vinbutik\",\"isPartOf\":{\"@id\":\"https:\\\/\\\/www.ivinio.com\\\/sv\\\/#website\"},\"primaryImageOfPage\":{\"@id\":\"https:\\\/\\\/www.ivinio.com\\\/sv\\\/produkt\\\/vignoble-art-mas-il-etait-une-fois-rod\\\/#primaryimage\"},\"image\":{\"@id\":\"https:\\\/\\\/www.ivinio.com\\\/sv\\\/produkt\\\/vignoble-art-mas-il-etait-une-fois-rod\\\/#primaryimage\"},\"thumbnailUrl\":\"https:\\\/\\\/www.ivinio.com\\\/wp-content\\\/uploads\\\/nc\\\/public\\\/modules\\\/file\\\/pictures\\\/5490.art-mas-il-tait-une-fois-ivinio.jpg\",\"datePublished\":\"2015-02-24T20:13:29+00:00\",\"dateModified\":\"2026-04-25T15:11:34+00:00\",\"description\":\"Vignoble Art Mas - Il \u00e9tait une fois... - R\u00f6dvin. Biodynamisk, en riktig \\\"fruktbomb\\\" med inslag av svarta och r\u00f6da vinb\u00e4r med en mycket behaglig fr\u00e4sch\u00f6r.\",\"breadcrumb\":{\"@id\":\"https:\\\/\\\/www.ivinio.com\\\/sv\\\/produkt\\\/vignoble-art-mas-il-etait-une-fois-rod\\\/#breadcrumb\"},\"inLanguage\":\"sv-SE\",\"potentialAction\":[{\"@type\":\"ReadAction\",\"target\":[\"https:\\\/\\\/www.ivinio.com\\\/sv\\\/produkt\\\/vignoble-art-mas-il-etait-une-fois-rod\\\/\"]}]},{\"@type\":\"ImageObject\",\"inLanguage\":\"sv-SE\",\"@id\":\"https:\\\/\\\/www.ivinio.com\\\/sv\\\/produkt\\\/vignoble-art-mas-il-etait-une-fois-rod\\\/#primaryimage\",\"url\":\"https:\\\/\\\/www.ivinio.com\\\/wp-content\\\/uploads\\\/nc\\\/public\\\/modules\\\/file\\\/pictures\\\/5490.art-mas-il-tait-une-fois-ivinio.jpg\",\"contentUrl\":\"https:\\\/\\\/www.ivinio.com\\\/wp-content\\\/uploads\\\/nc\\\/public\\\/modules\\\/file\\\/pictures\\\/5490.art-mas-il-tait-une-fois-ivinio.jpg\",\"width\":500,\"height\":500,\"caption\":\"Vignoble Art Mas - Il \u00e9tait une fois...\"},{\"@type\":\"BreadcrumbList\",\"@id\":\"https:\\\/\\\/www.ivinio.com\\\/sv\\\/produkt\\\/vignoble-art-mas-il-etait-une-fois-rod\\\/#breadcrumb\",\"itemListElement\":[{\"@type\":\"ListItem\",\"position\":1,\"name\":\"Hem\",\"item\":\"https:\\\/\\\/www.ivinio.com\\\/sv\\\/\"},{\"@type\":\"ListItem\",\"position\":2,\"name\":\"Vinbutik\",\"item\":\"https:\\\/\\\/www.ivinio.com\\\/sv\\\/vinbutik\\\/\"},{\"@type\":\"ListItem\",\"position\":3,\"name\":\"Vignoble Art Mas &#8211; Il \u00e9tait une fois&#8230; &#8211; R\u00f6d\"}]},{\"@type\":\"WebSite\",\"@id\":\"https:\\\/\\\/www.ivinio.com\\\/sv\\\/#website\",\"url\":\"https:\\\/\\\/www.ivinio.com\\\/sv\\\/\",\"name\":\"IVINIO Vinbutik\",\"description\":\"Vin fr\u00e5n Frankrike och Italien med leverans hem till din d\u00f6rr\",\"publisher\":{\"@id\":\"https:\\\/\\\/www.ivinio.com\\\/sv\\\/#organization\"},\"potentialAction\":[{\"@type\":\"SearchAction\",\"target\":{\"@type\":\"EntryPoint\",\"urlTemplate\":\"https:\\\/\\\/www.ivinio.com\\\/sv\\\/?s={search_term_string}\"},\"query-input\":{\"@type\":\"PropertyValueSpecification\",\"valueRequired\":true,\"valueName\":\"search_term_string\"}}],\"inLanguage\":\"sv-SE\"},{\"@type\":\"Organization\",\"@id\":\"https:\\\/\\\/www.ivinio.com\\\/sv\\\/#organization\",\"name\":\"IVINIO\",\"url\":\"https:\\\/\\\/www.ivinio.com\\\/sv\\\/\",\"logo\":{\"@type\":\"ImageObject\",\"inLanguage\":\"sv-SE\",\"@id\":\"https:\\\/\\\/www.ivinio.com\\\/sv\\\/#\\\/schema\\\/logo\\\/image\\\/\",\"url\":\"https:\\\/\\\/www.ivinio.com\\\/wp-content\\\/uploads\\\/2021\\\/01\\\/Logo-Ivinio-v2.jpg\",\"contentUrl\":\"https:\\\/\\\/www.ivinio.com\\\/wp-content\\\/uploads\\\/2021\\\/01\\\/Logo-Ivinio-v2.jpg\",\"width\":1194,\"height\":1194,\"caption\":\"IVINIO\"},\"image\":{\"@id\":\"https:\\\/\\\/www.ivinio.com\\\/sv\\\/#\\\/schema\\\/logo\\\/image\\\/\"},\"sameAs\":[\"https:\\\/\\\/www.facebook.com\\\/groups\\\/165217837022391\\\/?ref=bookmarks\",\"https:\\\/\\\/www.instagram.com\\\/_ivinio_\\\/?hl=fr\"]}]}<\/script>\n<!-- \/ Yoast SEO plugin. -->","yoast_head_json":{"title":"K\u00f6pa Vignoble Art Mas - Il \u00e9tait une fois... - R\u00f6dvin - IVINIO Vinbutik","description":"Vignoble Art Mas - Il \u00e9tait une fois... - R\u00f6dvin. Biodynamisk, en riktig \"fruktbomb\" med inslag av svarta och r\u00f6da vinb\u00e4r med en mycket behaglig fr\u00e4sch\u00f6r.","robots":{"index":"index","follow":"follow","max-snippet":"max-snippet:-1","max-image-preview":"max-image-preview:large","max-video-preview":"max-video-preview:-1"},"canonical":"https:\/\/www.ivinio.com\/sv\/produkt\/vignoble-art-mas-il-etait-une-fois-rod\/","og_locale":"sv_SE","og_type":"article","og_title":"K\u00f6pa Vignoble Art Mas - Il \u00e9tait une fois... - R\u00f6dvin - IVINIO Vinbutik","og_description":"Vignoble Art Mas - Il \u00e9tait une fois... - R\u00f6dvin. Biodynamisk, en riktig \"fruktbomb\" med inslag av svarta och r\u00f6da vinb\u00e4r med en mycket behaglig fr\u00e4sch\u00f6r.","og_url":"https:\/\/www.ivinio.com\/sv\/produkt\/vignoble-art-mas-il-etait-une-fois-rod\/","og_site_name":"IVINIO Vinbutik","article_publisher":"https:\/\/www.facebook.com\/groups\/165217837022391\/?ref=bookmarks","article_modified_time":"2026-04-25T15:11:34+00:00","og_image":[{"width":500,"height":500,"url":"https:\/\/www.ivinio.com\/wp-content\/uploads\/nc\/public\/modules\/file\/pictures\/5490.art-mas-il-tait-une-fois-ivinio.jpg","type":"image\/jpeg"}],"twitter_card":"summary_large_image","twitter_misc":{"Ber\u00e4knad l\u00e4stid":"1 minut"},"schema":{"@context":"https:\/\/schema.org","@graph":[{"@type":"WebPage","@id":"https:\/\/www.ivinio.com\/sv\/produkt\/vignoble-art-mas-il-etait-une-fois-rod\/","url":"https:\/\/www.ivinio.com\/sv\/produkt\/vignoble-art-mas-il-etait-une-fois-rod\/","name":"K\u00f6pa Vignoble Art Mas - Il \u00e9tait une fois... - R\u00f6dvin - IVINIO Vinbutik","isPartOf":{"@id":"https:\/\/www.ivinio.com\/sv\/#website"},"primaryImageOfPage":{"@id":"https:\/\/www.ivinio.com\/sv\/produkt\/vignoble-art-mas-il-etait-une-fois-rod\/#primaryimage"},"image":{"@id":"https:\/\/www.ivinio.com\/sv\/produkt\/vignoble-art-mas-il-etait-une-fois-rod\/#primaryimage"},"thumbnailUrl":"https:\/\/www.ivinio.com\/wp-content\/uploads\/nc\/public\/modules\/file\/pictures\/5490.art-mas-il-tait-une-fois-ivinio.jpg","datePublished":"2015-02-24T20:13:29+00:00","dateModified":"2026-04-25T15:11:34+00:00","description":"Vignoble Art Mas - Il \u00e9tait une fois... - R\u00f6dvin. Biodynamisk, en riktig \"fruktbomb\" med inslag av svarta och r\u00f6da vinb\u00e4r med en mycket behaglig fr\u00e4sch\u00f6r.","breadcrumb":{"@id":"https:\/\/www.ivinio.com\/sv\/produkt\/vignoble-art-mas-il-etait-une-fois-rod\/#breadcrumb"},"inLanguage":"sv-SE","potentialAction":[{"@type":"ReadAction","target":["https:\/\/www.ivinio.com\/sv\/produkt\/vignoble-art-mas-il-etait-une-fois-rod\/"]}]},{"@type":"ImageObject","inLanguage":"sv-SE","@id":"https:\/\/www.ivinio.com\/sv\/produkt\/vignoble-art-mas-il-etait-une-fois-rod\/#primaryimage","url":"https:\/\/www.ivinio.com\/wp-content\/uploads\/nc\/public\/modules\/file\/pictures\/5490.art-mas-il-tait-une-fois-ivinio.jpg","contentUrl":"https:\/\/www.ivinio.com\/wp-content\/uploads\/nc\/public\/modules\/file\/pictures\/5490.art-mas-il-tait-une-fois-ivinio.jpg","width":500,"height":500,"caption":"Vignoble Art Mas - Il \u00e9tait une fois..."},{"@type":"BreadcrumbList","@id":"https:\/\/www.ivinio.com\/sv\/produkt\/vignoble-art-mas-il-etait-une-fois-rod\/#breadcrumb","itemListElement":[{"@type":"ListItem","position":1,"name":"Hem","item":"https:\/\/www.ivinio.com\/sv\/"},{"@type":"ListItem","position":2,"name":"Vinbutik","item":"https:\/\/www.ivinio.com\/sv\/vinbutik\/"},{"@type":"ListItem","position":3,"name":"Vignoble Art Mas &#8211; Il \u00e9tait une fois&#8230; &#8211; R\u00f6d"}]},{"@type":"WebSite","@id":"https:\/\/www.ivinio.com\/sv\/#website","url":"https:\/\/www.ivinio.com\/sv\/","name":"IVINIO Vinbutik","description":"Vin fr\u00e5n Frankrike och Italien med leverans hem till din d\u00f6rr","publisher":{"@id":"https:\/\/www.ivinio.com\/sv\/#organization"},"potentialAction":[{"@type":"SearchAction","target":{"@type":"EntryPoint","urlTemplate":"https:\/\/www.ivinio.com\/sv\/?s={search_term_string}"},"query-input":{"@type":"PropertyValueSpecification","valueRequired":true,"valueName":"search_term_string"}}],"inLanguage":"sv-SE"},{"@type":"Organization","@id":"https:\/\/www.ivinio.com\/sv\/#organization","name":"IVINIO","url":"https:\/\/www.ivinio.com\/sv\/","logo":{"@type":"ImageObject","inLanguage":"sv-SE","@id":"https:\/\/www.ivinio.com\/sv\/#\/schema\/logo\/image\/","url":"https:\/\/www.ivinio.com\/wp-content\/uploads\/2021\/01\/Logo-Ivinio-v2.jpg","contentUrl":"https:\/\/www.ivinio.com\/wp-content\/uploads\/2021\/01\/Logo-Ivinio-v2.jpg","width":1194,"height":1194,"caption":"IVINIO"},"image":{"@id":"https:\/\/www.ivinio.com\/sv\/#\/schema\/logo\/image\/"},"sameAs":["https:\/\/www.facebook.com\/groups\/165217837022391\/?ref=bookmarks","https:\/\/www.instagram.com\/_ivinio_\/?hl=fr"]}]}},"jetpack_sharing_enabled":true,"_links":{"self":[{"href":"https:\/\/www.ivinio.com\/sv\/wp-json\/wp\/v2\/product\/119250","targetHints":{"allow":["GET"]}}],"collection":[{"href":"https:\/\/www.ivinio.com\/sv\/wp-json\/wp\/v2\/product"}],"about":[{"href":"https:\/\/www.ivinio.com\/sv\/wp-json\/wp\/v2\/types\/product"}],"replies":[{"embeddable":true,"href":"https:\/\/www.ivinio.com\/sv\/wp-json\/wp\/v2\/comments?post=119250"}],"wp:featuredmedia":[{"embeddable":true,"href":"https:\/\/www.ivinio.com\/sv\/wp-json\/wp\/v2\/media\/119251"}],"wp:attachment":[{"href":"https:\/\/www.ivinio.com\/sv\/wp-json\/wp\/v2\/media?parent=119250"}],"wp:term":[{"taxonomy":"product_brand","embeddable":true,"href":"https:\/\/www.ivinio.com\/sv\/wp-json\/wp\/v2\/product_brand?post=119250"},{"taxonomy":"product_cat","embeddable":true,"href":"https:\/\/www.ivinio.com\/sv\/wp-json\/wp\/v2\/product_cat?post=119250"},{"taxonomy":"product_tag","embeddable":true,"href":"https:\/\/www.ivinio.com\/sv\/wp-json\/wp\/v2\/product_tag?post=119250"}],"curies":[{"name":"wp","href":"https:\/\/api.w.org\/{rel}","templated":true}]}}