{"id":119214,"date":"2015-02-12T20:50:04","date_gmt":"2015-02-12T20:50:04","guid":{"rendered":"https:\/\/henrik.www.ivinio.com\/?product=domaine-de-venus-leffrontee-cotes-du-roussillon-vit"},"modified":"2026-04-25T11:56:17","modified_gmt":"2026-04-25T09:56:17","slug":"domaine-de-venus-leffrontee-cotes-du-roussillon-vit","status":"publish","type":"product","link":"https:\/\/www.ivinio.com\/sv\/produkt\/domaine-de-venus-leffrontee-cotes-du-roussillon-vit\/","title":{"rendered":"Domaine de V\u00e9nus &#8211; &#8220;L&#8217;Effront\u00e9e&#8221; C\u00f4tes du Roussillon &#8211; vit"},"content":{"rendered":"<p>Domaine de V\u00e9nus &#8211; &#8220;L&#8217;Effront\u00e9e&#8221; C\u00f4tes du Roussillon &#8211; vitvin framst\u00e4lls av 50% Macabeu, 25% Grenache gris, 15% Carignan blanc och 10% Vermentino. Alla vinstockar \u00e4r mer \u00e4n 50 \u00e5r gamla.\u00a0 Druvorna pressas direkt efter sk\u00f6rden och musten klarnas under en dags tid vid 8\u00b0C \u00a0\u00a0\u00a0(debourbage). B\u00f6rjan av j\u00e4sningen sker p\u00e5 st\u00e5ltank 16-18\u00b0 och avslutas p\u00e5 ekfat. Vinet lagras sedan i minst ett \u00e5r p\u00e5 sin bottensats innan det tappas p\u00e5 flaska.<\/p>\n","protected":false},"excerpt":{"rendered":"<p>&#8220;L&#8217;Effront\u00e9e&#8221; C\u00f4tes\u00a0du Roussillon\u00a0fr\u00e5n Domaine de V\u00e9nus \u00e4r ett mycket elegant och typiskt vitvin fr\u00e5n Roussillon, lagrat p\u00e5 ekfat i burgundisk stil. Framst\u00e4llt av 50% Macabeu, 25% Grenache gris, 15% Carignan blanc och 10% Vermentino, alla stockar p\u00e5 mer \u00e4n 50 \u00e5rs \u00e5lder. Ett vitvin att dricka till fisk och f\u00e5gelr\u00e4tter, g\u00e4rna i en gr\u00e4dds\u00e5s.<\/p>\n","protected":false},"featured_media":119215,"comment_status":"open","ping_status":"closed","template":"","meta":{"_monsterinsights_skip_tracking":false,"_monsterinsights_sitenote_active":false,"_monsterinsights_sitenote_note":"","_monsterinsights_sitenote_category":0,"_uf_show_specific_survey":0,"_uf_disable_surveys":false},"product_brand":[],"product_cat":[36588,36651],"product_tag":[],"class_list":{"0":"post-119214","1":"product","2":"type-product","3":"status-publish","4":"has-post-thumbnail","6":"product_cat-franska-viner","7":"product_cat-sv-roussillon","8":"pa_alcohol-degree-14-sv","9":"pa_awards-decanter-sv","10":"pa_awards-jancis-robinson","11":"pa_classification-aop-cotes-du-roussillon-sv","12":"pa_grape-variety-carignan-blanc","13":"pa_grape-variety-grenache-gris","14":"pa_grape-variety-macabeu-sv","15":"pa_grape-variety-vermentino-sv","16":"pa_region-roussillon-sv","17":"pa_vintage-2016-sv","18":"pa_volume-75-cl-sv","20":"first","21":"instock","22":"taxable","23":"shipping-taxable","24":"purchasable","25":"product-type-simple"},"bundled_by":["119219"],"bundle_stock_status":"instock","bundle_stock_quantity":null,"bundle_virtual":false,"bundle_layout":"","bundle_add_to_cart_form_location":"","bundle_editable_in_cart":false,"bundle_sold_individually_context":"","bundle_item_grouping":"","bundle_min_size":"","bundle_max_size":"","bundle_price":[],"bundled_items":[],"bundle_sell_ids":[],"yoast_head":"<!-- This site is optimized with the Yoast SEO plugin v27.5 - https:\/\/yoast.com\/product\/yoast-seo-wordpress\/ -->\n<title>Domaine de V\u00e9nus - &quot;L&#039;Effront\u00e9e&quot; C\u00f4tes du Roussillon - vitvin - IVINIO Vinbutik<\/title>\n<meta name=\"description\" content=\"Domaine de V\u00e9nus - &quot;L&#039;Effront\u00e9e&quot; C\u00f4tes du Roussillon - vitvin. Ett mycket elegant och typiskt vitvin fr\u00e5n Roussillon, lagrat p\u00e5 ekfat i burgundisk stil.\" \/>\n<meta name=\"robots\" content=\"index, follow, max-snippet:-1, max-image-preview:large, max-video-preview:-1\" \/>\n<link rel=\"canonical\" href=\"https:\/\/www.ivinio.com\/sv\/produkt\/domaine-de-venus-leffrontee-cotes-du-roussillon-vit\/\" \/>\n<meta property=\"og:locale\" content=\"sv_SE\" \/>\n<meta property=\"og:type\" content=\"article\" \/>\n<meta property=\"og:title\" content=\"Domaine de V\u00e9nus - &quot;L&#039;Effront\u00e9e&quot; C\u00f4tes du Roussillon - vitvin - IVINIO Vinbutik\" \/>\n<meta property=\"og:description\" content=\"Domaine de V\u00e9nus - &quot;L&#039;Effront\u00e9e&quot; C\u00f4tes du Roussillon - vitvin. Ett mycket elegant och typiskt vitvin fr\u00e5n Roussillon, lagrat p\u00e5 ekfat i burgundisk stil.\" \/>\n<meta property=\"og:url\" content=\"https:\/\/www.ivinio.com\/sv\/produkt\/domaine-de-venus-leffrontee-cotes-du-roussillon-vit\/\" \/>\n<meta property=\"og:site_name\" content=\"IVINIO Vinbutik\" \/>\n<meta property=\"article:publisher\" content=\"https:\/\/www.facebook.com\/groups\/165217837022391\/?ref=bookmarks\" \/>\n<meta property=\"article:modified_time\" content=\"2026-04-25T09:56:17+00:00\" \/>\n<meta property=\"og:image\" content=\"https:\/\/www.ivinio.com\/wp-content\/uploads\/nc\/public\/modules\/file\/pictures\/5446.domaine-de-v-nus-l-Effront.jpg\" \/>\n\t<meta property=\"og:image:width\" content=\"500\" \/>\n\t<meta property=\"og:image:height\" content=\"500\" \/>\n\t<meta property=\"og:image:type\" content=\"image\/jpeg\" \/>\n<meta name=\"twitter:card\" content=\"summary_large_image\" \/>\n<meta name=\"twitter:label1\" content=\"Ber\u00e4knad l\u00e4stid\" \/>\n\t<meta name=\"twitter:data1\" content=\"1 minut\" \/>\n<script type=\"application\/ld+json\" class=\"yoast-schema-graph\">{\"@context\":\"https:\\\/\\\/schema.org\",\"@graph\":[{\"@type\":\"WebPage\",\"@id\":\"https:\\\/\\\/www.ivinio.com\\\/sv\\\/produkt\\\/domaine-de-venus-leffrontee-cotes-du-roussillon-vit\\\/\",\"url\":\"https:\\\/\\\/www.ivinio.com\\\/sv\\\/produkt\\\/domaine-de-venus-leffrontee-cotes-du-roussillon-vit\\\/\",\"name\":\"Domaine de V\u00e9nus - \\\"L'Effront\u00e9e\\\" C\u00f4tes du Roussillon - vitvin - IVINIO Vinbutik\",\"isPartOf\":{\"@id\":\"https:\\\/\\\/www.ivinio.com\\\/sv\\\/#website\"},\"primaryImageOfPage\":{\"@id\":\"https:\\\/\\\/www.ivinio.com\\\/sv\\\/produkt\\\/domaine-de-venus-leffrontee-cotes-du-roussillon-vit\\\/#primaryimage\"},\"image\":{\"@id\":\"https:\\\/\\\/www.ivinio.com\\\/sv\\\/produkt\\\/domaine-de-venus-leffrontee-cotes-du-roussillon-vit\\\/#primaryimage\"},\"thumbnailUrl\":\"https:\\\/\\\/www.ivinio.com\\\/wp-content\\\/uploads\\\/nc\\\/public\\\/modules\\\/file\\\/pictures\\\/5446.domaine-de-v-nus-l-Effront.jpg\",\"datePublished\":\"2015-02-12T20:50:04+00:00\",\"dateModified\":\"2026-04-25T09:56:17+00:00\",\"description\":\"Domaine de V\u00e9nus - \\\"L'Effront\u00e9e\\\" C\u00f4tes du Roussillon - vitvin. Ett mycket elegant och typiskt vitvin fr\u00e5n Roussillon, lagrat p\u00e5 ekfat i burgundisk stil.\",\"breadcrumb\":{\"@id\":\"https:\\\/\\\/www.ivinio.com\\\/sv\\\/produkt\\\/domaine-de-venus-leffrontee-cotes-du-roussillon-vit\\\/#breadcrumb\"},\"inLanguage\":\"sv-SE\",\"potentialAction\":[{\"@type\":\"ReadAction\",\"target\":[\"https:\\\/\\\/www.ivinio.com\\\/sv\\\/produkt\\\/domaine-de-venus-leffrontee-cotes-du-roussillon-vit\\\/\"]}]},{\"@type\":\"ImageObject\",\"inLanguage\":\"sv-SE\",\"@id\":\"https:\\\/\\\/www.ivinio.com\\\/sv\\\/produkt\\\/domaine-de-venus-leffrontee-cotes-du-roussillon-vit\\\/#primaryimage\",\"url\":\"https:\\\/\\\/www.ivinio.com\\\/wp-content\\\/uploads\\\/nc\\\/public\\\/modules\\\/file\\\/pictures\\\/5446.domaine-de-v-nus-l-Effront.jpg\",\"contentUrl\":\"https:\\\/\\\/www.ivinio.com\\\/wp-content\\\/uploads\\\/nc\\\/public\\\/modules\\\/file\\\/pictures\\\/5446.domaine-de-v-nus-l-Effront.jpg\",\"width\":500,\"height\":500,\"caption\":\"Domaine de V\u00e9nus - \\\"L'Effront\u00e9e\\\" C\u00f4tes du Roussillon\"},{\"@type\":\"BreadcrumbList\",\"@id\":\"https:\\\/\\\/www.ivinio.com\\\/sv\\\/produkt\\\/domaine-de-venus-leffrontee-cotes-du-roussillon-vit\\\/#breadcrumb\",\"itemListElement\":[{\"@type\":\"ListItem\",\"position\":1,\"name\":\"Hem\",\"item\":\"https:\\\/\\\/www.ivinio.com\\\/sv\\\/\"},{\"@type\":\"ListItem\",\"position\":2,\"name\":\"Vinbutik\",\"item\":\"https:\\\/\\\/www.ivinio.com\\\/sv\\\/vinbutik\\\/\"},{\"@type\":\"ListItem\",\"position\":3,\"name\":\"Domaine de V\u00e9nus &#8211; &#8220;L&#8217;Effront\u00e9e&#8221; C\u00f4tes du Roussillon &#8211; vit\"}]},{\"@type\":\"WebSite\",\"@id\":\"https:\\\/\\\/www.ivinio.com\\\/sv\\\/#website\",\"url\":\"https:\\\/\\\/www.ivinio.com\\\/sv\\\/\",\"name\":\"IVINIO Vinbutik\",\"description\":\"Vin fr\u00e5n Frankrike och Italien med leverans hem till din d\u00f6rr\",\"publisher\":{\"@id\":\"https:\\\/\\\/www.ivinio.com\\\/sv\\\/#organization\"},\"potentialAction\":[{\"@type\":\"SearchAction\",\"target\":{\"@type\":\"EntryPoint\",\"urlTemplate\":\"https:\\\/\\\/www.ivinio.com\\\/sv\\\/?s={search_term_string}\"},\"query-input\":{\"@type\":\"PropertyValueSpecification\",\"valueRequired\":true,\"valueName\":\"search_term_string\"}}],\"inLanguage\":\"sv-SE\"},{\"@type\":\"Organization\",\"@id\":\"https:\\\/\\\/www.ivinio.com\\\/sv\\\/#organization\",\"name\":\"IVINIO\",\"url\":\"https:\\\/\\\/www.ivinio.com\\\/sv\\\/\",\"logo\":{\"@type\":\"ImageObject\",\"inLanguage\":\"sv-SE\",\"@id\":\"https:\\\/\\\/www.ivinio.com\\\/sv\\\/#\\\/schema\\\/logo\\\/image\\\/\",\"url\":\"https:\\\/\\\/www.ivinio.com\\\/wp-content\\\/uploads\\\/2021\\\/01\\\/Logo-Ivinio-v2.jpg\",\"contentUrl\":\"https:\\\/\\\/www.ivinio.com\\\/wp-content\\\/uploads\\\/2021\\\/01\\\/Logo-Ivinio-v2.jpg\",\"width\":1194,\"height\":1194,\"caption\":\"IVINIO\"},\"image\":{\"@id\":\"https:\\\/\\\/www.ivinio.com\\\/sv\\\/#\\\/schema\\\/logo\\\/image\\\/\"},\"sameAs\":[\"https:\\\/\\\/www.facebook.com\\\/groups\\\/165217837022391\\\/?ref=bookmarks\",\"https:\\\/\\\/www.instagram.com\\\/_ivinio_\\\/?hl=fr\"]}]}<\/script>\n<!-- \/ Yoast SEO plugin. -->","yoast_head_json":{"title":"Domaine de V\u00e9nus - \"L'Effront\u00e9e\" C\u00f4tes du Roussillon - vitvin - IVINIO Vinbutik","description":"Domaine de V\u00e9nus - \"L'Effront\u00e9e\" C\u00f4tes du Roussillon - vitvin. Ett mycket elegant och typiskt vitvin fr\u00e5n Roussillon, lagrat p\u00e5 ekfat i burgundisk stil.","robots":{"index":"index","follow":"follow","max-snippet":"max-snippet:-1","max-image-preview":"max-image-preview:large","max-video-preview":"max-video-preview:-1"},"canonical":"https:\/\/www.ivinio.com\/sv\/produkt\/domaine-de-venus-leffrontee-cotes-du-roussillon-vit\/","og_locale":"sv_SE","og_type":"article","og_title":"Domaine de V\u00e9nus - \"L'Effront\u00e9e\" C\u00f4tes du Roussillon - vitvin - IVINIO Vinbutik","og_description":"Domaine de V\u00e9nus - \"L'Effront\u00e9e\" C\u00f4tes du Roussillon - vitvin. Ett mycket elegant och typiskt vitvin fr\u00e5n Roussillon, lagrat p\u00e5 ekfat i burgundisk stil.","og_url":"https:\/\/www.ivinio.com\/sv\/produkt\/domaine-de-venus-leffrontee-cotes-du-roussillon-vit\/","og_site_name":"IVINIO Vinbutik","article_publisher":"https:\/\/www.facebook.com\/groups\/165217837022391\/?ref=bookmarks","article_modified_time":"2026-04-25T09:56:17+00:00","og_image":[{"width":500,"height":500,"url":"https:\/\/www.ivinio.com\/wp-content\/uploads\/nc\/public\/modules\/file\/pictures\/5446.domaine-de-v-nus-l-Effront.jpg","type":"image\/jpeg"}],"twitter_card":"summary_large_image","twitter_misc":{"Ber\u00e4knad l\u00e4stid":"1 minut"},"schema":{"@context":"https:\/\/schema.org","@graph":[{"@type":"WebPage","@id":"https:\/\/www.ivinio.com\/sv\/produkt\/domaine-de-venus-leffrontee-cotes-du-roussillon-vit\/","url":"https:\/\/www.ivinio.com\/sv\/produkt\/domaine-de-venus-leffrontee-cotes-du-roussillon-vit\/","name":"Domaine de V\u00e9nus - \"L'Effront\u00e9e\" C\u00f4tes du Roussillon - vitvin - IVINIO Vinbutik","isPartOf":{"@id":"https:\/\/www.ivinio.com\/sv\/#website"},"primaryImageOfPage":{"@id":"https:\/\/www.ivinio.com\/sv\/produkt\/domaine-de-venus-leffrontee-cotes-du-roussillon-vit\/#primaryimage"},"image":{"@id":"https:\/\/www.ivinio.com\/sv\/produkt\/domaine-de-venus-leffrontee-cotes-du-roussillon-vit\/#primaryimage"},"thumbnailUrl":"https:\/\/www.ivinio.com\/wp-content\/uploads\/nc\/public\/modules\/file\/pictures\/5446.domaine-de-v-nus-l-Effront.jpg","datePublished":"2015-02-12T20:50:04+00:00","dateModified":"2026-04-25T09:56:17+00:00","description":"Domaine de V\u00e9nus - \"L'Effront\u00e9e\" C\u00f4tes du Roussillon - vitvin. Ett mycket elegant och typiskt vitvin fr\u00e5n Roussillon, lagrat p\u00e5 ekfat i burgundisk stil.","breadcrumb":{"@id":"https:\/\/www.ivinio.com\/sv\/produkt\/domaine-de-venus-leffrontee-cotes-du-roussillon-vit\/#breadcrumb"},"inLanguage":"sv-SE","potentialAction":[{"@type":"ReadAction","target":["https:\/\/www.ivinio.com\/sv\/produkt\/domaine-de-venus-leffrontee-cotes-du-roussillon-vit\/"]}]},{"@type":"ImageObject","inLanguage":"sv-SE","@id":"https:\/\/www.ivinio.com\/sv\/produkt\/domaine-de-venus-leffrontee-cotes-du-roussillon-vit\/#primaryimage","url":"https:\/\/www.ivinio.com\/wp-content\/uploads\/nc\/public\/modules\/file\/pictures\/5446.domaine-de-v-nus-l-Effront.jpg","contentUrl":"https:\/\/www.ivinio.com\/wp-content\/uploads\/nc\/public\/modules\/file\/pictures\/5446.domaine-de-v-nus-l-Effront.jpg","width":500,"height":500,"caption":"Domaine de V\u00e9nus - \"L'Effront\u00e9e\" C\u00f4tes du Roussillon"},{"@type":"BreadcrumbList","@id":"https:\/\/www.ivinio.com\/sv\/produkt\/domaine-de-venus-leffrontee-cotes-du-roussillon-vit\/#breadcrumb","itemListElement":[{"@type":"ListItem","position":1,"name":"Hem","item":"https:\/\/www.ivinio.com\/sv\/"},{"@type":"ListItem","position":2,"name":"Vinbutik","item":"https:\/\/www.ivinio.com\/sv\/vinbutik\/"},{"@type":"ListItem","position":3,"name":"Domaine de V\u00e9nus &#8211; &#8220;L&#8217;Effront\u00e9e&#8221; C\u00f4tes du Roussillon &#8211; vit"}]},{"@type":"WebSite","@id":"https:\/\/www.ivinio.com\/sv\/#website","url":"https:\/\/www.ivinio.com\/sv\/","name":"IVINIO Vinbutik","description":"Vin fr\u00e5n Frankrike och Italien med leverans hem till din d\u00f6rr","publisher":{"@id":"https:\/\/www.ivinio.com\/sv\/#organization"},"potentialAction":[{"@type":"SearchAction","target":{"@type":"EntryPoint","urlTemplate":"https:\/\/www.ivinio.com\/sv\/?s={search_term_string}"},"query-input":{"@type":"PropertyValueSpecification","valueRequired":true,"valueName":"search_term_string"}}],"inLanguage":"sv-SE"},{"@type":"Organization","@id":"https:\/\/www.ivinio.com\/sv\/#organization","name":"IVINIO","url":"https:\/\/www.ivinio.com\/sv\/","logo":{"@type":"ImageObject","inLanguage":"sv-SE","@id":"https:\/\/www.ivinio.com\/sv\/#\/schema\/logo\/image\/","url":"https:\/\/www.ivinio.com\/wp-content\/uploads\/2021\/01\/Logo-Ivinio-v2.jpg","contentUrl":"https:\/\/www.ivinio.com\/wp-content\/uploads\/2021\/01\/Logo-Ivinio-v2.jpg","width":1194,"height":1194,"caption":"IVINIO"},"image":{"@id":"https:\/\/www.ivinio.com\/sv\/#\/schema\/logo\/image\/"},"sameAs":["https:\/\/www.facebook.com\/groups\/165217837022391\/?ref=bookmarks","https:\/\/www.instagram.com\/_ivinio_\/?hl=fr"]}]}},"jetpack_sharing_enabled":true,"_links":{"self":[{"href":"https:\/\/www.ivinio.com\/sv\/wp-json\/wp\/v2\/product\/119214","targetHints":{"allow":["GET"]}}],"collection":[{"href":"https:\/\/www.ivinio.com\/sv\/wp-json\/wp\/v2\/product"}],"about":[{"href":"https:\/\/www.ivinio.com\/sv\/wp-json\/wp\/v2\/types\/product"}],"replies":[{"embeddable":true,"href":"https:\/\/www.ivinio.com\/sv\/wp-json\/wp\/v2\/comments?post=119214"}],"wp:featuredmedia":[{"embeddable":true,"href":"https:\/\/www.ivinio.com\/sv\/wp-json\/wp\/v2\/media\/119215"}],"wp:attachment":[{"href":"https:\/\/www.ivinio.com\/sv\/wp-json\/wp\/v2\/media?parent=119214"}],"wp:term":[{"taxonomy":"product_brand","embeddable":true,"href":"https:\/\/www.ivinio.com\/sv\/wp-json\/wp\/v2\/product_brand?post=119214"},{"taxonomy":"product_cat","embeddable":true,"href":"https:\/\/www.ivinio.com\/sv\/wp-json\/wp\/v2\/product_cat?post=119214"},{"taxonomy":"product_tag","embeddable":true,"href":"https:\/\/www.ivinio.com\/sv\/wp-json\/wp\/v2\/product_tag?post=119214"}],"curies":[{"name":"wp","href":"https:\/\/api.w.org\/{rel}","templated":true}]}}