{"id":119176,"date":"2015-01-31T19:31:53","date_gmt":"2015-01-31T19:31:53","guid":{"rendered":"https:\/\/henrik.www.ivinio.com\/?product=santi-solane-valpolicella-classico-superiore-ripasso-doc-rod"},"modified":"2021-11-24T01:06:21","modified_gmt":"2021-11-24T00:06:21","slug":"santi-solane-valpolicella-classico-superiore-ripasso-doc-rod","status":"publish","type":"product","link":"https:\/\/www.ivinio.com\/sv\/produkt\/santi-solane-valpolicella-classico-superiore-ripasso-doc-rod\/","title":{"rendered":"Santi &#8211; &#8220;Solane&#8221; Valpolicella Classico Superiore Ripasso DOC &#8211; r\u00f6d"},"content":{"rendered":"<p>&#8220;Solane&#8221; Valpolicella Classico Superiore Ripasso fr\u00e5n Santi framst\u00e4lls av 70% Corvina- och 30% Rondinelladruvor. Vinet odlas i pergolaplanteringar i Classicodistriktet i stenig lerkalkig jord. Druvorna handplockas i b\u00f6rjan av oktober. J\u00e4sningen p\u00e5g\u00e5r i 15 dagar vid reglerad temperatur samt regelbunden omr\u00f6rning.\u00a0I november\u00a0f\u00e5r\u00a0en del av vinet j\u00e4sa p\u00e5 nytt med hela druvor som delvis torkats (appassite). Resten av vinet sparas till februari och\u00a0\u00e4r d\u00e5 &#8220;ripassata&#8221; p\u00e5 Amaronens bottensats och vinner p\u00e5 s\u00e5 s\u00e4tt i\u00a0kraft och karakt\u00e4r. De 2 olika\u00a0vinerna blandas sedan och f\u00e5r lagra p\u00e5 ek i 15 m\u00e5nader. Vinet tappas p\u00e5 flaska och lagras sedan ytterligare en viss tid.<\/p>\n","protected":false},"excerpt":{"rendered":"<p>&#8220;Solane&#8221; Valpolicella Classico Superiore Ripasso fr\u00e5n Santi \u00e4r framst\u00e4llt av 70% Corvina- och 30% Rondinelladruvor. Ett koncentrerat ripassor\u00f6dvin med\u00a0inslag av k\u00f6rsb\u00e4rskompott. &#8220;Solane&#8221; \u00e4r det lokala ordet f\u00f6r lokalerna utan tak d\u00e4r druvorna torkas. Att drickas till grillat r\u00f6tt k\u00f6tt, vilt eller till v\u00e4llagrade ostar.<\/p>\n","protected":false},"featured_media":119177,"comment_status":"open","ping_status":"closed","template":"","meta":{"_monsterinsights_skip_tracking":false,"_monsterinsights_sitenote_active":false,"_monsterinsights_sitenote_note":"","_monsterinsights_sitenote_category":0,"_uf_show_specific_survey":0,"_uf_disable_surveys":false},"product_brand":[],"product_cat":[36590,36593],"product_tag":[],"class_list":{"0":"post-119176","1":"product","2":"type-product","3":"status-publish","4":"has-post-thumbnail","6":"product_cat-italian-wines","7":"product_cat-en-veneto-friuli","8":"pa_alcohol-degree-15-2-en","9":"pa_awards-jancis-robinson-en","10":"pa_classification-doc-valpolicella-classico-superiore-ripasso-en","11":"pa_color-red","12":"pa_country-italy-en","13":"pa_grape-variety-corvina-en","14":"pa_grape-variety-rondinella-en","15":"pa_region-veneto-en","16":"pa_storage-potential-10-years-en","17":"pa_vintage-2018-en","18":"pa_volume-75-cl-en","20":"first","21":"instock","22":"taxable","23":"shipping-taxable","24":"purchasable","25":"product-type-simple"},"bundled_by":["119180"],"bundle_stock_status":"instock","bundle_stock_quantity":null,"bundle_virtual":false,"bundle_layout":"","bundle_add_to_cart_form_location":"","bundle_editable_in_cart":false,"bundle_sold_individually_context":"","bundle_item_grouping":"","bundle_min_size":"","bundle_max_size":"","bundle_price":[],"bundled_items":[],"bundle_sell_ids":[],"yoast_head":"<!-- This site is optimized with the Yoast SEO plugin v27.4 - https:\/\/yoast.com\/product\/yoast-seo-wordpress\/ -->\n<title>K\u00f6pa Santi - &quot;Solane&quot; Valpolicella Classico Superiore Ripasso - IVINIO Vinbutik<\/title>\n<meta name=\"description\" content=\"K\u00f6pa Santi - &quot;Solane&quot; Valpolicella Classico Superiore Ripasso. Ett koncentrerat och komplext r\u00f6dvin med kryddiga inslag av k\u00f6rsb\u00e4r.\" \/>\n<meta name=\"robots\" content=\"index, follow, max-snippet:-1, max-image-preview:large, max-video-preview:-1\" \/>\n<link rel=\"canonical\" href=\"https:\/\/www.ivinio.com\/sv\/produkt\/santi-solane-valpolicella-classico-superiore-ripasso-doc-rod\/\" \/>\n<meta property=\"og:locale\" content=\"sv_SE\" \/>\n<meta property=\"og:type\" content=\"article\" \/>\n<meta property=\"og:title\" content=\"K\u00f6pa Santi - &quot;Solane&quot; Valpolicella Classico Superiore Ripasso - IVINIO Vinbutik\" \/>\n<meta property=\"og:description\" content=\"K\u00f6pa Santi - &quot;Solane&quot; Valpolicella Classico Superiore Ripasso. Ett koncentrerat och komplext r\u00f6dvin med kryddiga inslag av k\u00f6rsb\u00e4r.\" \/>\n<meta property=\"og:url\" content=\"https:\/\/www.ivinio.com\/sv\/produkt\/santi-solane-valpolicella-classico-superiore-ripasso-doc-rod\/\" \/>\n<meta property=\"og:site_name\" content=\"IVINIO Vinbutik\" \/>\n<meta property=\"article:publisher\" content=\"https:\/\/www.facebook.com\/groups\/165217837022391\/?ref=bookmarks\" \/>\n<meta property=\"article:modified_time\" content=\"2021-11-24T00:06:21+00:00\" \/>\n<meta property=\"og:image\" content=\"https:\/\/www.ivinio.com\/wp-content\/uploads\/nc\/public\/modules\/file\/pictures\/5415.Santi-Solane-Ivinio.jpg\" \/>\n\t<meta property=\"og:image:width\" content=\"500\" \/>\n\t<meta property=\"og:image:height\" content=\"500\" \/>\n\t<meta property=\"og:image:type\" content=\"image\/jpeg\" \/>\n<meta name=\"twitter:card\" content=\"summary_large_image\" \/>\n<meta name=\"twitter:label1\" content=\"Ber\u00e4knad l\u00e4stid\" \/>\n\t<meta name=\"twitter:data1\" content=\"1 minut\" \/>\n<script type=\"application\/ld+json\" class=\"yoast-schema-graph\">{\"@context\":\"https:\\\/\\\/schema.org\",\"@graph\":[{\"@type\":\"WebPage\",\"@id\":\"https:\\\/\\\/www.ivinio.com\\\/sv\\\/produkt\\\/santi-solane-valpolicella-classico-superiore-ripasso-doc-rod\\\/\",\"url\":\"https:\\\/\\\/www.ivinio.com\\\/sv\\\/produkt\\\/santi-solane-valpolicella-classico-superiore-ripasso-doc-rod\\\/\",\"name\":\"K\u00f6pa Santi - \\\"Solane\\\" Valpolicella Classico Superiore Ripasso - IVINIO Vinbutik\",\"isPartOf\":{\"@id\":\"https:\\\/\\\/www.ivinio.com\\\/sv\\\/#website\"},\"primaryImageOfPage\":{\"@id\":\"https:\\\/\\\/www.ivinio.com\\\/sv\\\/produkt\\\/santi-solane-valpolicella-classico-superiore-ripasso-doc-rod\\\/#primaryimage\"},\"image\":{\"@id\":\"https:\\\/\\\/www.ivinio.com\\\/sv\\\/produkt\\\/santi-solane-valpolicella-classico-superiore-ripasso-doc-rod\\\/#primaryimage\"},\"thumbnailUrl\":\"https:\\\/\\\/www.ivinio.com\\\/wp-content\\\/uploads\\\/nc\\\/public\\\/modules\\\/file\\\/pictures\\\/5415.Santi-Solane-Ivinio.jpg\",\"datePublished\":\"2015-01-31T19:31:53+00:00\",\"dateModified\":\"2021-11-24T00:06:21+00:00\",\"description\":\"K\u00f6pa Santi - \\\"Solane\\\" Valpolicella Classico Superiore Ripasso. Ett koncentrerat och komplext r\u00f6dvin med kryddiga inslag av k\u00f6rsb\u00e4r.\",\"breadcrumb\":{\"@id\":\"https:\\\/\\\/www.ivinio.com\\\/sv\\\/produkt\\\/santi-solane-valpolicella-classico-superiore-ripasso-doc-rod\\\/#breadcrumb\"},\"inLanguage\":\"sv-SE\",\"potentialAction\":[{\"@type\":\"ReadAction\",\"target\":[\"https:\\\/\\\/www.ivinio.com\\\/sv\\\/produkt\\\/santi-solane-valpolicella-classico-superiore-ripasso-doc-rod\\\/\"]}]},{\"@type\":\"ImageObject\",\"inLanguage\":\"sv-SE\",\"@id\":\"https:\\\/\\\/www.ivinio.com\\\/sv\\\/produkt\\\/santi-solane-valpolicella-classico-superiore-ripasso-doc-rod\\\/#primaryimage\",\"url\":\"https:\\\/\\\/www.ivinio.com\\\/wp-content\\\/uploads\\\/nc\\\/public\\\/modules\\\/file\\\/pictures\\\/5415.Santi-Solane-Ivinio.jpg\",\"contentUrl\":\"https:\\\/\\\/www.ivinio.com\\\/wp-content\\\/uploads\\\/nc\\\/public\\\/modules\\\/file\\\/pictures\\\/5415.Santi-Solane-Ivinio.jpg\",\"width\":500,\"height\":500,\"caption\":\"Santi - \\\"Solane\\\" Valpolicella Classico Superiore Ripasso\"},{\"@type\":\"BreadcrumbList\",\"@id\":\"https:\\\/\\\/www.ivinio.com\\\/sv\\\/produkt\\\/santi-solane-valpolicella-classico-superiore-ripasso-doc-rod\\\/#breadcrumb\",\"itemListElement\":[{\"@type\":\"ListItem\",\"position\":1,\"name\":\"Hem\",\"item\":\"https:\\\/\\\/www.ivinio.com\\\/sv\\\/\"},{\"@type\":\"ListItem\",\"position\":2,\"name\":\"Vinbutik\",\"item\":\"https:\\\/\\\/www.ivinio.com\\\/sv\\\/vinbutik\\\/\"},{\"@type\":\"ListItem\",\"position\":3,\"name\":\"Santi &#8211; &#8220;Solane&#8221; Valpolicella Classico Superiore Ripasso DOC &#8211; r\u00f6d\"}]},{\"@type\":\"WebSite\",\"@id\":\"https:\\\/\\\/www.ivinio.com\\\/sv\\\/#website\",\"url\":\"https:\\\/\\\/www.ivinio.com\\\/sv\\\/\",\"name\":\"IVINIO Vinbutik\",\"description\":\"Vin fr\u00e5n Frankrike och Italien med leverans hem till din d\u00f6rr\",\"publisher\":{\"@id\":\"https:\\\/\\\/www.ivinio.com\\\/sv\\\/#organization\"},\"potentialAction\":[{\"@type\":\"SearchAction\",\"target\":{\"@type\":\"EntryPoint\",\"urlTemplate\":\"https:\\\/\\\/www.ivinio.com\\\/sv\\\/?s={search_term_string}\"},\"query-input\":{\"@type\":\"PropertyValueSpecification\",\"valueRequired\":true,\"valueName\":\"search_term_string\"}}],\"inLanguage\":\"sv-SE\"},{\"@type\":\"Organization\",\"@id\":\"https:\\\/\\\/www.ivinio.com\\\/sv\\\/#organization\",\"name\":\"IVINIO\",\"url\":\"https:\\\/\\\/www.ivinio.com\\\/sv\\\/\",\"logo\":{\"@type\":\"ImageObject\",\"inLanguage\":\"sv-SE\",\"@id\":\"https:\\\/\\\/www.ivinio.com\\\/sv\\\/#\\\/schema\\\/logo\\\/image\\\/\",\"url\":\"https:\\\/\\\/www.ivinio.com\\\/wp-content\\\/uploads\\\/2021\\\/01\\\/Logo-Ivinio-v2.jpg\",\"contentUrl\":\"https:\\\/\\\/www.ivinio.com\\\/wp-content\\\/uploads\\\/2021\\\/01\\\/Logo-Ivinio-v2.jpg\",\"width\":1194,\"height\":1194,\"caption\":\"IVINIO\"},\"image\":{\"@id\":\"https:\\\/\\\/www.ivinio.com\\\/sv\\\/#\\\/schema\\\/logo\\\/image\\\/\"},\"sameAs\":[\"https:\\\/\\\/www.facebook.com\\\/groups\\\/165217837022391\\\/?ref=bookmarks\",\"https:\\\/\\\/www.instagram.com\\\/_ivinio_\\\/?hl=fr\"]}]}<\/script>\n<!-- \/ Yoast SEO plugin. -->","yoast_head_json":{"title":"K\u00f6pa Santi - \"Solane\" Valpolicella Classico Superiore Ripasso - IVINIO Vinbutik","description":"K\u00f6pa Santi - \"Solane\" Valpolicella Classico Superiore Ripasso. Ett koncentrerat och komplext r\u00f6dvin med kryddiga inslag av k\u00f6rsb\u00e4r.","robots":{"index":"index","follow":"follow","max-snippet":"max-snippet:-1","max-image-preview":"max-image-preview:large","max-video-preview":"max-video-preview:-1"},"canonical":"https:\/\/www.ivinio.com\/sv\/produkt\/santi-solane-valpolicella-classico-superiore-ripasso-doc-rod\/","og_locale":"sv_SE","og_type":"article","og_title":"K\u00f6pa Santi - \"Solane\" Valpolicella Classico Superiore Ripasso - IVINIO Vinbutik","og_description":"K\u00f6pa Santi - \"Solane\" Valpolicella Classico Superiore Ripasso. Ett koncentrerat och komplext r\u00f6dvin med kryddiga inslag av k\u00f6rsb\u00e4r.","og_url":"https:\/\/www.ivinio.com\/sv\/produkt\/santi-solane-valpolicella-classico-superiore-ripasso-doc-rod\/","og_site_name":"IVINIO Vinbutik","article_publisher":"https:\/\/www.facebook.com\/groups\/165217837022391\/?ref=bookmarks","article_modified_time":"2021-11-24T00:06:21+00:00","og_image":[{"width":500,"height":500,"url":"https:\/\/www.ivinio.com\/wp-content\/uploads\/nc\/public\/modules\/file\/pictures\/5415.Santi-Solane-Ivinio.jpg","type":"image\/jpeg"}],"twitter_card":"summary_large_image","twitter_misc":{"Ber\u00e4knad l\u00e4stid":"1 minut"},"schema":{"@context":"https:\/\/schema.org","@graph":[{"@type":"WebPage","@id":"https:\/\/www.ivinio.com\/sv\/produkt\/santi-solane-valpolicella-classico-superiore-ripasso-doc-rod\/","url":"https:\/\/www.ivinio.com\/sv\/produkt\/santi-solane-valpolicella-classico-superiore-ripasso-doc-rod\/","name":"K\u00f6pa Santi - \"Solane\" Valpolicella Classico Superiore Ripasso - IVINIO Vinbutik","isPartOf":{"@id":"https:\/\/www.ivinio.com\/sv\/#website"},"primaryImageOfPage":{"@id":"https:\/\/www.ivinio.com\/sv\/produkt\/santi-solane-valpolicella-classico-superiore-ripasso-doc-rod\/#primaryimage"},"image":{"@id":"https:\/\/www.ivinio.com\/sv\/produkt\/santi-solane-valpolicella-classico-superiore-ripasso-doc-rod\/#primaryimage"},"thumbnailUrl":"https:\/\/www.ivinio.com\/wp-content\/uploads\/nc\/public\/modules\/file\/pictures\/5415.Santi-Solane-Ivinio.jpg","datePublished":"2015-01-31T19:31:53+00:00","dateModified":"2021-11-24T00:06:21+00:00","description":"K\u00f6pa Santi - \"Solane\" Valpolicella Classico Superiore Ripasso. Ett koncentrerat och komplext r\u00f6dvin med kryddiga inslag av k\u00f6rsb\u00e4r.","breadcrumb":{"@id":"https:\/\/www.ivinio.com\/sv\/produkt\/santi-solane-valpolicella-classico-superiore-ripasso-doc-rod\/#breadcrumb"},"inLanguage":"sv-SE","potentialAction":[{"@type":"ReadAction","target":["https:\/\/www.ivinio.com\/sv\/produkt\/santi-solane-valpolicella-classico-superiore-ripasso-doc-rod\/"]}]},{"@type":"ImageObject","inLanguage":"sv-SE","@id":"https:\/\/www.ivinio.com\/sv\/produkt\/santi-solane-valpolicella-classico-superiore-ripasso-doc-rod\/#primaryimage","url":"https:\/\/www.ivinio.com\/wp-content\/uploads\/nc\/public\/modules\/file\/pictures\/5415.Santi-Solane-Ivinio.jpg","contentUrl":"https:\/\/www.ivinio.com\/wp-content\/uploads\/nc\/public\/modules\/file\/pictures\/5415.Santi-Solane-Ivinio.jpg","width":500,"height":500,"caption":"Santi - \"Solane\" Valpolicella Classico Superiore Ripasso"},{"@type":"BreadcrumbList","@id":"https:\/\/www.ivinio.com\/sv\/produkt\/santi-solane-valpolicella-classico-superiore-ripasso-doc-rod\/#breadcrumb","itemListElement":[{"@type":"ListItem","position":1,"name":"Hem","item":"https:\/\/www.ivinio.com\/sv\/"},{"@type":"ListItem","position":2,"name":"Vinbutik","item":"https:\/\/www.ivinio.com\/sv\/vinbutik\/"},{"@type":"ListItem","position":3,"name":"Santi &#8211; &#8220;Solane&#8221; Valpolicella Classico Superiore Ripasso DOC &#8211; r\u00f6d"}]},{"@type":"WebSite","@id":"https:\/\/www.ivinio.com\/sv\/#website","url":"https:\/\/www.ivinio.com\/sv\/","name":"IVINIO Vinbutik","description":"Vin fr\u00e5n Frankrike och Italien med leverans hem till din d\u00f6rr","publisher":{"@id":"https:\/\/www.ivinio.com\/sv\/#organization"},"potentialAction":[{"@type":"SearchAction","target":{"@type":"EntryPoint","urlTemplate":"https:\/\/www.ivinio.com\/sv\/?s={search_term_string}"},"query-input":{"@type":"PropertyValueSpecification","valueRequired":true,"valueName":"search_term_string"}}],"inLanguage":"sv-SE"},{"@type":"Organization","@id":"https:\/\/www.ivinio.com\/sv\/#organization","name":"IVINIO","url":"https:\/\/www.ivinio.com\/sv\/","logo":{"@type":"ImageObject","inLanguage":"sv-SE","@id":"https:\/\/www.ivinio.com\/sv\/#\/schema\/logo\/image\/","url":"https:\/\/www.ivinio.com\/wp-content\/uploads\/2021\/01\/Logo-Ivinio-v2.jpg","contentUrl":"https:\/\/www.ivinio.com\/wp-content\/uploads\/2021\/01\/Logo-Ivinio-v2.jpg","width":1194,"height":1194,"caption":"IVINIO"},"image":{"@id":"https:\/\/www.ivinio.com\/sv\/#\/schema\/logo\/image\/"},"sameAs":["https:\/\/www.facebook.com\/groups\/165217837022391\/?ref=bookmarks","https:\/\/www.instagram.com\/_ivinio_\/?hl=fr"]}]}},"jetpack_sharing_enabled":true,"_links":{"self":[{"href":"https:\/\/www.ivinio.com\/sv\/wp-json\/wp\/v2\/product\/119176","targetHints":{"allow":["GET"]}}],"collection":[{"href":"https:\/\/www.ivinio.com\/sv\/wp-json\/wp\/v2\/product"}],"about":[{"href":"https:\/\/www.ivinio.com\/sv\/wp-json\/wp\/v2\/types\/product"}],"replies":[{"embeddable":true,"href":"https:\/\/www.ivinio.com\/sv\/wp-json\/wp\/v2\/comments?post=119176"}],"wp:featuredmedia":[{"embeddable":true,"href":"https:\/\/www.ivinio.com\/sv\/wp-json\/wp\/v2\/media\/119177"}],"wp:attachment":[{"href":"https:\/\/www.ivinio.com\/sv\/wp-json\/wp\/v2\/media?parent=119176"}],"wp:term":[{"taxonomy":"product_brand","embeddable":true,"href":"https:\/\/www.ivinio.com\/sv\/wp-json\/wp\/v2\/product_brand?post=119176"},{"taxonomy":"product_cat","embeddable":true,"href":"https:\/\/www.ivinio.com\/sv\/wp-json\/wp\/v2\/product_cat?post=119176"},{"taxonomy":"product_tag","embeddable":true,"href":"https:\/\/www.ivinio.com\/sv\/wp-json\/wp\/v2\/product_tag?post=119176"}],"curies":[{"name":"wp","href":"https:\/\/api.w.org\/{rel}","templated":true}]}}