{"id":119159,"date":"2014-05-21T10:20:34","date_gmt":"2014-05-21T10:20:34","guid":{"rendered":"https:\/\/henrik.www.ivinio.com\/?product=daldin-mesai-prosecco-doc-treviso-brut-mousserande"},"modified":"2026-02-19T12:41:55","modified_gmt":"2026-02-19T11:41:55","slug":"daldin-mesai-prosecco-doc-treviso-brut-mousserande","status":"publish","type":"product","link":"https:\/\/www.ivinio.com\/sv\/produkt\/daldin-mesai-prosecco-doc-treviso-brut-mousserande\/","title":{"rendered":"Dal din \u2013 Mesai Extra-dry Prosecco DOC Treviso"},"content":{"rendered":"<p>Dal din \u2013 Mesai Extra-dry Prosecco DOC Treviso framst\u00e4lls av 100% Glera-druvor odlade p\u00e5 kullarna runt Valdobbiadene och Conegliano. Druvorna sk\u00f6rdas mellan den andra delen av september m\u00e5nad till den f\u00f6rsta delen av oktober. Druvorna pressas och det mousserande vinet framst\u00e4lls enligt den i Italien ofta anv\u00e4nda \u00a0Charmatmetoden. Charmat \u00e4r densamma som den traditionella metoden med den enda skillnaden att vinets bubblor framst\u00e4lls i st\u00e5ltank under tryck och inte i flaskan. Tappningen sker allts\u00e5 efter bubbelframst\u00e4llningen.<\/p>\n","protected":false},"excerpt":{"rendered":"<p>Dal din \u2013 Mesai Extra-dry Prosecco DOC Treviso \u00e4r en torr men aromatisk Prosecco fr\u00e5n kullarna runt Valdobbiadene och Conegliano.<\/p>\n","protected":false},"featured_media":129400,"comment_status":"open","ping_status":"closed","template":"","meta":{"_monsterinsights_skip_tracking":false,"_monsterinsights_sitenote_active":false,"_monsterinsights_sitenote_note":"","_monsterinsights_sitenote_category":0,"_uf_show_specific_survey":0,"_uf_disable_surveys":false},"product_brand":[],"product_cat":[36591,36594],"product_tag":[],"class_list":{"0":"post-119159","1":"product","2":"type-product","3":"status-publish","4":"has-post-thumbnail","6":"product_cat-italienska-viner","7":"product_cat-sv-veneto-friuli","8":"pa_alcohol-degree-11-sv","9":"pa_awards-falstaff-sv","10":"pa_awards-mostra-nazionale-vini-sv","11":"pa_classification-doc-prosecco-treviso-sv","12":"pa_color-mousserande-sv","13":"pa_country-italien-sv","14":"pa_grape-variety-glera-sv","15":"pa_region-veneto-sv","16":"pa_storage-potential-2-ar-sv","17":"pa_volume-75-cl-sv","19":"first","20":"instock","21":"taxable","22":"shipping-taxable","23":"purchasable","24":"product-type-simple"},"bundled_by":["119727"],"bundle_stock_status":"instock","bundle_stock_quantity":null,"bundle_virtual":false,"bundle_layout":"","bundle_add_to_cart_form_location":"","bundle_editable_in_cart":false,"bundle_sold_individually_context":"","bundle_item_grouping":"","bundle_min_size":"","bundle_max_size":"","bundle_price":[],"bundled_items":[],"bundle_sell_ids":[],"yoast_head":"<!-- This site is optimized with the Yoast SEO plugin v27.5 - https:\/\/yoast.com\/product\/yoast-seo-wordpress\/ -->\n<title>K\u00f6pa Dal din \u2013 Mesai Extra-dry Prosecco DOC Treviso- IVINIO Vinbutik<\/title>\n<meta name=\"description\" content=\"K\u00f6pa Dal din \u2013 Mesai Extra-dry Prosecco DOC Treviso. Torrt och aromatisk italienskt mousserande vin fr\u00e5n regionen Veneto. Aromer av \u00e4pple och citron.\" \/>\n<meta name=\"robots\" content=\"index, follow, max-snippet:-1, max-image-preview:large, max-video-preview:-1\" \/>\n<link rel=\"canonical\" href=\"https:\/\/www.ivinio.com\/sv\/produkt\/daldin-mesai-prosecco-doc-treviso-brut-mousserande\/\" \/>\n<meta property=\"og:locale\" content=\"sv_SE\" \/>\n<meta property=\"og:type\" content=\"article\" \/>\n<meta property=\"og:title\" content=\"K\u00f6pa Dal din \u2013 Mesai Extra-dry Prosecco DOC Treviso- IVINIO Vinbutik\" \/>\n<meta property=\"og:description\" content=\"K\u00f6pa Dal din \u2013 Mesai Extra-dry Prosecco DOC Treviso. Torrt och aromatisk italienskt mousserande vin fr\u00e5n regionen Veneto. Aromer av \u00e4pple och citron.\" \/>\n<meta property=\"og:url\" content=\"https:\/\/www.ivinio.com\/sv\/produkt\/daldin-mesai-prosecco-doc-treviso-brut-mousserande\/\" \/>\n<meta property=\"og:site_name\" content=\"IVINIO Vinbutik\" \/>\n<meta property=\"article:publisher\" content=\"https:\/\/www.facebook.com\/groups\/165217837022391\/?ref=bookmarks\" \/>\n<meta property=\"article:modified_time\" content=\"2026-02-19T11:41:55+00:00\" \/>\n<meta property=\"og:image\" content=\"https:\/\/www.ivinio.com\/wp-content\/uploads\/nc\/public\/modules\/file\/pictures\/6280.daldin-mesai-prosecco-extradry-ivinio.jpg\" \/>\n\t<meta property=\"og:image:width\" content=\"500\" \/>\n\t<meta property=\"og:image:height\" content=\"500\" \/>\n\t<meta property=\"og:image:type\" content=\"image\/jpeg\" \/>\n<meta name=\"twitter:card\" content=\"summary_large_image\" \/>\n<meta name=\"twitter:label1\" content=\"Ber\u00e4knad l\u00e4stid\" \/>\n\t<meta name=\"twitter:data1\" content=\"1 minut\" \/>\n<script type=\"application\/ld+json\" class=\"yoast-schema-graph\">{\"@context\":\"https:\\\/\\\/schema.org\",\"@graph\":[{\"@type\":\"WebPage\",\"@id\":\"https:\\\/\\\/www.ivinio.com\\\/sv\\\/produkt\\\/daldin-mesai-prosecco-doc-treviso-brut-mousserande\\\/\",\"url\":\"https:\\\/\\\/www.ivinio.com\\\/sv\\\/produkt\\\/daldin-mesai-prosecco-doc-treviso-brut-mousserande\\\/\",\"name\":\"K\u00f6pa Dal din \u2013 Mesai Extra-dry Prosecco DOC Treviso- IVINIO Vinbutik\",\"isPartOf\":{\"@id\":\"https:\\\/\\\/www.ivinio.com\\\/sv\\\/#website\"},\"primaryImageOfPage\":{\"@id\":\"https:\\\/\\\/www.ivinio.com\\\/sv\\\/produkt\\\/daldin-mesai-prosecco-doc-treviso-brut-mousserande\\\/#primaryimage\"},\"image\":{\"@id\":\"https:\\\/\\\/www.ivinio.com\\\/sv\\\/produkt\\\/daldin-mesai-prosecco-doc-treviso-brut-mousserande\\\/#primaryimage\"},\"thumbnailUrl\":\"https:\\\/\\\/www.ivinio.com\\\/wp-content\\\/uploads\\\/nc\\\/public\\\/modules\\\/file\\\/pictures\\\/6280.daldin-mesai-prosecco-extradry-ivinio.jpg\",\"datePublished\":\"2014-05-21T10:20:34+00:00\",\"dateModified\":\"2026-02-19T11:41:55+00:00\",\"description\":\"K\u00f6pa Dal din \u2013 Mesai Extra-dry Prosecco DOC Treviso. Torrt och aromatisk italienskt mousserande vin fr\u00e5n regionen Veneto. Aromer av \u00e4pple och citron.\",\"breadcrumb\":{\"@id\":\"https:\\\/\\\/www.ivinio.com\\\/sv\\\/produkt\\\/daldin-mesai-prosecco-doc-treviso-brut-mousserande\\\/#breadcrumb\"},\"inLanguage\":\"sv-SE\",\"potentialAction\":[{\"@type\":\"ReadAction\",\"target\":[\"https:\\\/\\\/www.ivinio.com\\\/sv\\\/produkt\\\/daldin-mesai-prosecco-doc-treviso-brut-mousserande\\\/\"]}]},{\"@type\":\"ImageObject\",\"inLanguage\":\"sv-SE\",\"@id\":\"https:\\\/\\\/www.ivinio.com\\\/sv\\\/produkt\\\/daldin-mesai-prosecco-doc-treviso-brut-mousserande\\\/#primaryimage\",\"url\":\"https:\\\/\\\/www.ivinio.com\\\/wp-content\\\/uploads\\\/nc\\\/public\\\/modules\\\/file\\\/pictures\\\/6280.daldin-mesai-prosecco-extradry-ivinio.jpg\",\"contentUrl\":\"https:\\\/\\\/www.ivinio.com\\\/wp-content\\\/uploads\\\/nc\\\/public\\\/modules\\\/file\\\/pictures\\\/6280.daldin-mesai-prosecco-extradry-ivinio.jpg\",\"width\":500,\"height\":500,\"caption\":\"Dal din - Mesai Brut Prosecco DOC Treviso\"},{\"@type\":\"BreadcrumbList\",\"@id\":\"https:\\\/\\\/www.ivinio.com\\\/sv\\\/produkt\\\/daldin-mesai-prosecco-doc-treviso-brut-mousserande\\\/#breadcrumb\",\"itemListElement\":[{\"@type\":\"ListItem\",\"position\":1,\"name\":\"Hem\",\"item\":\"https:\\\/\\\/www.ivinio.com\\\/sv\\\/\"},{\"@type\":\"ListItem\",\"position\":2,\"name\":\"Vinbutik\",\"item\":\"https:\\\/\\\/www.ivinio.com\\\/sv\\\/vinbutik\\\/\"},{\"@type\":\"ListItem\",\"position\":3,\"name\":\"Dal din \u2013 Mesai Extra-dry Prosecco DOC Treviso\"}]},{\"@type\":\"WebSite\",\"@id\":\"https:\\\/\\\/www.ivinio.com\\\/sv\\\/#website\",\"url\":\"https:\\\/\\\/www.ivinio.com\\\/sv\\\/\",\"name\":\"IVINIO Vinbutik\",\"description\":\"Vin fr\u00e5n Frankrike och Italien med leverans hem till din d\u00f6rr\",\"publisher\":{\"@id\":\"https:\\\/\\\/www.ivinio.com\\\/sv\\\/#organization\"},\"potentialAction\":[{\"@type\":\"SearchAction\",\"target\":{\"@type\":\"EntryPoint\",\"urlTemplate\":\"https:\\\/\\\/www.ivinio.com\\\/sv\\\/?s={search_term_string}\"},\"query-input\":{\"@type\":\"PropertyValueSpecification\",\"valueRequired\":true,\"valueName\":\"search_term_string\"}}],\"inLanguage\":\"sv-SE\"},{\"@type\":\"Organization\",\"@id\":\"https:\\\/\\\/www.ivinio.com\\\/sv\\\/#organization\",\"name\":\"IVINIO\",\"url\":\"https:\\\/\\\/www.ivinio.com\\\/sv\\\/\",\"logo\":{\"@type\":\"ImageObject\",\"inLanguage\":\"sv-SE\",\"@id\":\"https:\\\/\\\/www.ivinio.com\\\/sv\\\/#\\\/schema\\\/logo\\\/image\\\/\",\"url\":\"https:\\\/\\\/www.ivinio.com\\\/wp-content\\\/uploads\\\/2021\\\/01\\\/Logo-Ivinio-v2.jpg\",\"contentUrl\":\"https:\\\/\\\/www.ivinio.com\\\/wp-content\\\/uploads\\\/2021\\\/01\\\/Logo-Ivinio-v2.jpg\",\"width\":1194,\"height\":1194,\"caption\":\"IVINIO\"},\"image\":{\"@id\":\"https:\\\/\\\/www.ivinio.com\\\/sv\\\/#\\\/schema\\\/logo\\\/image\\\/\"},\"sameAs\":[\"https:\\\/\\\/www.facebook.com\\\/groups\\\/165217837022391\\\/?ref=bookmarks\",\"https:\\\/\\\/www.instagram.com\\\/_ivinio_\\\/?hl=fr\"]}]}<\/script>\n<!-- \/ Yoast SEO plugin. -->","yoast_head_json":{"title":"K\u00f6pa Dal din \u2013 Mesai Extra-dry Prosecco DOC Treviso- IVINIO Vinbutik","description":"K\u00f6pa Dal din \u2013 Mesai Extra-dry Prosecco DOC Treviso. Torrt och aromatisk italienskt mousserande vin fr\u00e5n regionen Veneto. Aromer av \u00e4pple och citron.","robots":{"index":"index","follow":"follow","max-snippet":"max-snippet:-1","max-image-preview":"max-image-preview:large","max-video-preview":"max-video-preview:-1"},"canonical":"https:\/\/www.ivinio.com\/sv\/produkt\/daldin-mesai-prosecco-doc-treviso-brut-mousserande\/","og_locale":"sv_SE","og_type":"article","og_title":"K\u00f6pa Dal din \u2013 Mesai Extra-dry Prosecco DOC Treviso- IVINIO Vinbutik","og_description":"K\u00f6pa Dal din \u2013 Mesai Extra-dry Prosecco DOC Treviso. Torrt och aromatisk italienskt mousserande vin fr\u00e5n regionen Veneto. Aromer av \u00e4pple och citron.","og_url":"https:\/\/www.ivinio.com\/sv\/produkt\/daldin-mesai-prosecco-doc-treviso-brut-mousserande\/","og_site_name":"IVINIO Vinbutik","article_publisher":"https:\/\/www.facebook.com\/groups\/165217837022391\/?ref=bookmarks","article_modified_time":"2026-02-19T11:41:55+00:00","og_image":[{"width":500,"height":500,"url":"https:\/\/www.ivinio.com\/wp-content\/uploads\/nc\/public\/modules\/file\/pictures\/6280.daldin-mesai-prosecco-extradry-ivinio.jpg","type":"image\/jpeg"}],"twitter_card":"summary_large_image","twitter_misc":{"Ber\u00e4knad l\u00e4stid":"1 minut"},"schema":{"@context":"https:\/\/schema.org","@graph":[{"@type":"WebPage","@id":"https:\/\/www.ivinio.com\/sv\/produkt\/daldin-mesai-prosecco-doc-treviso-brut-mousserande\/","url":"https:\/\/www.ivinio.com\/sv\/produkt\/daldin-mesai-prosecco-doc-treviso-brut-mousserande\/","name":"K\u00f6pa Dal din \u2013 Mesai Extra-dry Prosecco DOC Treviso- IVINIO Vinbutik","isPartOf":{"@id":"https:\/\/www.ivinio.com\/sv\/#website"},"primaryImageOfPage":{"@id":"https:\/\/www.ivinio.com\/sv\/produkt\/daldin-mesai-prosecco-doc-treviso-brut-mousserande\/#primaryimage"},"image":{"@id":"https:\/\/www.ivinio.com\/sv\/produkt\/daldin-mesai-prosecco-doc-treviso-brut-mousserande\/#primaryimage"},"thumbnailUrl":"https:\/\/www.ivinio.com\/wp-content\/uploads\/nc\/public\/modules\/file\/pictures\/6280.daldin-mesai-prosecco-extradry-ivinio.jpg","datePublished":"2014-05-21T10:20:34+00:00","dateModified":"2026-02-19T11:41:55+00:00","description":"K\u00f6pa Dal din \u2013 Mesai Extra-dry Prosecco DOC Treviso. Torrt och aromatisk italienskt mousserande vin fr\u00e5n regionen Veneto. Aromer av \u00e4pple och citron.","breadcrumb":{"@id":"https:\/\/www.ivinio.com\/sv\/produkt\/daldin-mesai-prosecco-doc-treviso-brut-mousserande\/#breadcrumb"},"inLanguage":"sv-SE","potentialAction":[{"@type":"ReadAction","target":["https:\/\/www.ivinio.com\/sv\/produkt\/daldin-mesai-prosecco-doc-treviso-brut-mousserande\/"]}]},{"@type":"ImageObject","inLanguage":"sv-SE","@id":"https:\/\/www.ivinio.com\/sv\/produkt\/daldin-mesai-prosecco-doc-treviso-brut-mousserande\/#primaryimage","url":"https:\/\/www.ivinio.com\/wp-content\/uploads\/nc\/public\/modules\/file\/pictures\/6280.daldin-mesai-prosecco-extradry-ivinio.jpg","contentUrl":"https:\/\/www.ivinio.com\/wp-content\/uploads\/nc\/public\/modules\/file\/pictures\/6280.daldin-mesai-prosecco-extradry-ivinio.jpg","width":500,"height":500,"caption":"Dal din - Mesai Brut Prosecco DOC Treviso"},{"@type":"BreadcrumbList","@id":"https:\/\/www.ivinio.com\/sv\/produkt\/daldin-mesai-prosecco-doc-treviso-brut-mousserande\/#breadcrumb","itemListElement":[{"@type":"ListItem","position":1,"name":"Hem","item":"https:\/\/www.ivinio.com\/sv\/"},{"@type":"ListItem","position":2,"name":"Vinbutik","item":"https:\/\/www.ivinio.com\/sv\/vinbutik\/"},{"@type":"ListItem","position":3,"name":"Dal din \u2013 Mesai Extra-dry Prosecco DOC Treviso"}]},{"@type":"WebSite","@id":"https:\/\/www.ivinio.com\/sv\/#website","url":"https:\/\/www.ivinio.com\/sv\/","name":"IVINIO Vinbutik","description":"Vin fr\u00e5n Frankrike och Italien med leverans hem till din d\u00f6rr","publisher":{"@id":"https:\/\/www.ivinio.com\/sv\/#organization"},"potentialAction":[{"@type":"SearchAction","target":{"@type":"EntryPoint","urlTemplate":"https:\/\/www.ivinio.com\/sv\/?s={search_term_string}"},"query-input":{"@type":"PropertyValueSpecification","valueRequired":true,"valueName":"search_term_string"}}],"inLanguage":"sv-SE"},{"@type":"Organization","@id":"https:\/\/www.ivinio.com\/sv\/#organization","name":"IVINIO","url":"https:\/\/www.ivinio.com\/sv\/","logo":{"@type":"ImageObject","inLanguage":"sv-SE","@id":"https:\/\/www.ivinio.com\/sv\/#\/schema\/logo\/image\/","url":"https:\/\/www.ivinio.com\/wp-content\/uploads\/2021\/01\/Logo-Ivinio-v2.jpg","contentUrl":"https:\/\/www.ivinio.com\/wp-content\/uploads\/2021\/01\/Logo-Ivinio-v2.jpg","width":1194,"height":1194,"caption":"IVINIO"},"image":{"@id":"https:\/\/www.ivinio.com\/sv\/#\/schema\/logo\/image\/"},"sameAs":["https:\/\/www.facebook.com\/groups\/165217837022391\/?ref=bookmarks","https:\/\/www.instagram.com\/_ivinio_\/?hl=fr"]}]}},"jetpack_sharing_enabled":true,"_links":{"self":[{"href":"https:\/\/www.ivinio.com\/sv\/wp-json\/wp\/v2\/product\/119159","targetHints":{"allow":["GET"]}}],"collection":[{"href":"https:\/\/www.ivinio.com\/sv\/wp-json\/wp\/v2\/product"}],"about":[{"href":"https:\/\/www.ivinio.com\/sv\/wp-json\/wp\/v2\/types\/product"}],"replies":[{"embeddable":true,"href":"https:\/\/www.ivinio.com\/sv\/wp-json\/wp\/v2\/comments?post=119159"}],"wp:featuredmedia":[{"embeddable":true,"href":"https:\/\/www.ivinio.com\/sv\/wp-json\/wp\/v2\/media\/129400"}],"wp:attachment":[{"href":"https:\/\/www.ivinio.com\/sv\/wp-json\/wp\/v2\/media?parent=119159"}],"wp:term":[{"taxonomy":"product_brand","embeddable":true,"href":"https:\/\/www.ivinio.com\/sv\/wp-json\/wp\/v2\/product_brand?post=119159"},{"taxonomy":"product_cat","embeddable":true,"href":"https:\/\/www.ivinio.com\/sv\/wp-json\/wp\/v2\/product_cat?post=119159"},{"taxonomy":"product_tag","embeddable":true,"href":"https:\/\/www.ivinio.com\/sv\/wp-json\/wp\/v2\/product_tag?post=119159"}],"curies":[{"name":"wp","href":"https:\/\/api.w.org\/{rel}","templated":true}]}}