{"id":119118,"date":"2015-01-29T18:08:09","date_gmt":"2015-01-29T18:08:09","guid":{"rendered":"https:\/\/henrik.www.ivinio.com\/?product=azienda-agricola-manara-postera-amarone-della-valpolicella-d-o-c-classico-rod"},"modified":"2025-06-13T19:28:25","modified_gmt":"2025-06-13T17:28:25","slug":"azienda-agricola-manara-postera-amarone-della-valpolicella-classico-rod","status":"publish","type":"product","link":"https:\/\/www.ivinio.com\/sv\/produkt\/azienda-agricola-manara-postera-amarone-della-valpolicella-classico-rod\/","title":{"rendered":"Azienda Agricola Manara &#8211; \u201cPostera\u201d Amarone della Valpolicella Classico &#8211; R\u00f6d"},"content":{"rendered":"<p><a href=\"https:\/\/www.manaravini.it\/fr\/wine\/postera\">Azienda Agricola Manara Postera<\/a> \u00e4r en Amarone della Valpolicella Classico som framst\u00e4llts av 70% Corvina, 20% Rondinella, 10% Croatina, Oseleta samt andra druvsorter. Druvorna v\u00e4xer p\u00e5 ett f\u00e4lt ovan Mirabele, mitt i Valpolicella Classico-distriktet i Marano. Namnet &#8220;Postera&#8221; kommer fr\u00e5n lokal dialekt och refererar till det afktum att vinf\u00e4ltet \u00e4r solexponerat hela dagen. Torkningsprocessen tar ungef\u00e4r 3 m\u00e5nader. Druvorna krossas sedan l\u00e4tt och f\u00e5r j\u00e4sa l\u00e5ngsamt i st\u00e5ltank i 40-60 dagar. Vinet lagras i 18 m\u00e5nader p\u00e5 slovenska ekfat och sedan ytterligare 18 m\u00e5nader p\u00e5 st\u00e5ltank. Det f\u00e4rdiga vinet tappas p\u00e5 flaska och lagras sedan ytterligare 6 till 12 m\u00e5nader.<\/p>\n","protected":false},"excerpt":{"rendered":"<p>&#8220;Postera&#8221; fr\u00e5n Azienda Agricola Manara \u00e4r en Amarone Classico gjord av 70% Corvina, 20% Rondinella, 10%\u00a0Croatina, Oseleta samt\u00a0andra druvsorter. En kvalitetsamarone att dricka till grillat k\u00f6tt, vilt eller smakstarka ostar.<\/p>\n","protected":false},"featured_media":131937,"comment_status":"open","ping_status":"closed","template":"","meta":{"_monsterinsights_skip_tracking":false,"_monsterinsights_sitenote_active":false,"_monsterinsights_sitenote_note":"","_monsterinsights_sitenote_category":0,"_uf_show_specific_survey":0,"_uf_disable_surveys":false},"product_brand":[],"product_cat":[36591,36594],"product_tag":[],"class_list":{"0":"post-119118","1":"product","2":"type-product","3":"status-publish","4":"has-post-thumbnail","6":"product_cat-italienska-viner","7":"product_cat-sv-veneto-friuli","8":"pa_alcohol-degree-15-sv","9":"pa_awards-go-wine-sv","10":"pa_classification-docg-amarone-della-valpolicella-classico","11":"pa_color-rod-sv","12":"pa_country-italien-sv","13":"pa_grape-variety-corvina","14":"pa_grape-variety-croatina-sv","15":"pa_grape-variety-oseleta","16":"pa_grape-variety-rondinella-sv","17":"pa_package-1x1-sv","18":"pa_package-1x6-sv","19":"pa_region-veneto-sv","20":"pa_storage-potential-mer-an-10-ar-sv","21":"pa_vintage-39899","22":"pa_volume-75-cl-sv","24":"first","25":"instock","26":"taxable","27":"shipping-taxable","28":"purchasable","29":"product-type-variable"},"bundled_by":[],"bundle_stock_status":"instock","bundle_stock_quantity":null,"bundle_virtual":false,"bundle_layout":"","bundle_add_to_cart_form_location":"","bundle_editable_in_cart":false,"bundle_sold_individually_context":"","bundle_item_grouping":"","bundle_min_size":"","bundle_max_size":"","bundle_price":[],"bundled_items":[],"bundle_sell_ids":[],"yoast_head":"<!-- This site is optimized with the Yoast SEO plugin v27.5 - https:\/\/yoast.com\/product\/yoast-seo-wordpress\/ -->\n<title>K\u00f6pa Azienda Agricola Manara - \u201cPOSTERA\u201d AMARONE Classico - IVINIO Vinbutik<\/title>\n<meta name=\"description\" content=\"K\u00f6pa Azienda Agricola Manara - \u201cPOSTERA\u201d AMARONE DELLA VALPOLICELLA D.O.C. Classico. Ett fylligt r\u00f6dvin att dricka till en risotto.\" \/>\n<meta name=\"robots\" content=\"index, follow, max-snippet:-1, max-image-preview:large, max-video-preview:-1\" \/>\n<link rel=\"canonical\" href=\"https:\/\/www.ivinio.com\/sv\/produkt\/azienda-agricola-manara-postera-amarone-della-valpolicella-classico-rod\/\" \/>\n<meta property=\"og:locale\" content=\"sv_SE\" \/>\n<meta property=\"og:type\" content=\"article\" \/>\n<meta property=\"og:title\" content=\"K\u00f6pa Azienda Agricola Manara - \u201cPOSTERA\u201d AMARONE Classico - IVINIO Vinbutik\" \/>\n<meta property=\"og:description\" content=\"K\u00f6pa Azienda Agricola Manara - \u201cPOSTERA\u201d AMARONE DELLA VALPOLICELLA D.O.C. Classico. Ett fylligt r\u00f6dvin att dricka till en risotto.\" \/>\n<meta property=\"og:url\" content=\"https:\/\/www.ivinio.com\/sv\/produkt\/azienda-agricola-manara-postera-amarone-della-valpolicella-classico-rod\/\" \/>\n<meta property=\"og:site_name\" content=\"IVINIO Vinbutik\" \/>\n<meta property=\"article:publisher\" content=\"https:\/\/www.facebook.com\/groups\/165217837022391\/?ref=bookmarks\" \/>\n<meta property=\"article:modified_time\" content=\"2025-06-13T17:28:25+00:00\" \/>\n<meta property=\"og:image\" content=\"https:\/\/www.ivinio.com\/wp-content\/uploads\/2015\/01\/Manara-amarone-postera-IVINIO.jpg\" \/>\n\t<meta property=\"og:image:width\" content=\"500\" \/>\n\t<meta property=\"og:image:height\" content=\"500\" \/>\n\t<meta property=\"og:image:type\" content=\"image\/jpeg\" \/>\n<meta name=\"twitter:card\" content=\"summary_large_image\" \/>\n<meta name=\"twitter:label1\" content=\"Ber\u00e4knad l\u00e4stid\" \/>\n\t<meta name=\"twitter:data1\" content=\"1 minut\" \/>\n<script type=\"application\/ld+json\" class=\"yoast-schema-graph\">{\"@context\":\"https:\\\/\\\/schema.org\",\"@graph\":[{\"@type\":\"WebPage\",\"@id\":\"https:\\\/\\\/www.ivinio.com\\\/sv\\\/produkt\\\/azienda-agricola-manara-postera-amarone-della-valpolicella-classico-rod\\\/\",\"url\":\"https:\\\/\\\/www.ivinio.com\\\/sv\\\/produkt\\\/azienda-agricola-manara-postera-amarone-della-valpolicella-classico-rod\\\/\",\"name\":\"K\u00f6pa Azienda Agricola Manara - \u201cPOSTERA\u201d AMARONE Classico - IVINIO Vinbutik\",\"isPartOf\":{\"@id\":\"https:\\\/\\\/www.ivinio.com\\\/sv\\\/#website\"},\"primaryImageOfPage\":{\"@id\":\"https:\\\/\\\/www.ivinio.com\\\/sv\\\/produkt\\\/azienda-agricola-manara-postera-amarone-della-valpolicella-classico-rod\\\/#primaryimage\"},\"image\":{\"@id\":\"https:\\\/\\\/www.ivinio.com\\\/sv\\\/produkt\\\/azienda-agricola-manara-postera-amarone-della-valpolicella-classico-rod\\\/#primaryimage\"},\"thumbnailUrl\":\"https:\\\/\\\/www.ivinio.com\\\/wp-content\\\/uploads\\\/2015\\\/01\\\/Manara-amarone-postera-IVINIO.jpg\",\"datePublished\":\"2015-01-29T18:08:09+00:00\",\"dateModified\":\"2025-06-13T17:28:25+00:00\",\"description\":\"K\u00f6pa Azienda Agricola Manara - \u201cPOSTERA\u201d AMARONE DELLA VALPOLICELLA D.O.C. Classico. Ett fylligt r\u00f6dvin att dricka till en risotto.\",\"breadcrumb\":{\"@id\":\"https:\\\/\\\/www.ivinio.com\\\/sv\\\/produkt\\\/azienda-agricola-manara-postera-amarone-della-valpolicella-classico-rod\\\/#breadcrumb\"},\"inLanguage\":\"sv-SE\",\"potentialAction\":[{\"@type\":\"ReadAction\",\"target\":[\"https:\\\/\\\/www.ivinio.com\\\/sv\\\/produkt\\\/azienda-agricola-manara-postera-amarone-della-valpolicella-classico-rod\\\/\"]}]},{\"@type\":\"ImageObject\",\"inLanguage\":\"sv-SE\",\"@id\":\"https:\\\/\\\/www.ivinio.com\\\/sv\\\/produkt\\\/azienda-agricola-manara-postera-amarone-della-valpolicella-classico-rod\\\/#primaryimage\",\"url\":\"https:\\\/\\\/www.ivinio.com\\\/wp-content\\\/uploads\\\/2015\\\/01\\\/Manara-amarone-postera-IVINIO.jpg\",\"contentUrl\":\"https:\\\/\\\/www.ivinio.com\\\/wp-content\\\/uploads\\\/2015\\\/01\\\/Manara-amarone-postera-IVINIO.jpg\",\"width\":500,\"height\":500},{\"@type\":\"BreadcrumbList\",\"@id\":\"https:\\\/\\\/www.ivinio.com\\\/sv\\\/produkt\\\/azienda-agricola-manara-postera-amarone-della-valpolicella-classico-rod\\\/#breadcrumb\",\"itemListElement\":[{\"@type\":\"ListItem\",\"position\":1,\"name\":\"Hem\",\"item\":\"https:\\\/\\\/www.ivinio.com\\\/sv\\\/\"},{\"@type\":\"ListItem\",\"position\":2,\"name\":\"Vinbutik\",\"item\":\"https:\\\/\\\/www.ivinio.com\\\/sv\\\/vinbutik\\\/\"},{\"@type\":\"ListItem\",\"position\":3,\"name\":\"Azienda Agricola Manara &#8211; \u201cPostera\u201d Amarone della Valpolicella Classico &#8211; R\u00f6d\"}]},{\"@type\":\"WebSite\",\"@id\":\"https:\\\/\\\/www.ivinio.com\\\/sv\\\/#website\",\"url\":\"https:\\\/\\\/www.ivinio.com\\\/sv\\\/\",\"name\":\"IVINIO Vinbutik\",\"description\":\"Vin fr\u00e5n Frankrike och Italien med leverans hem till din d\u00f6rr\",\"publisher\":{\"@id\":\"https:\\\/\\\/www.ivinio.com\\\/sv\\\/#organization\"},\"potentialAction\":[{\"@type\":\"SearchAction\",\"target\":{\"@type\":\"EntryPoint\",\"urlTemplate\":\"https:\\\/\\\/www.ivinio.com\\\/sv\\\/?s={search_term_string}\"},\"query-input\":{\"@type\":\"PropertyValueSpecification\",\"valueRequired\":true,\"valueName\":\"search_term_string\"}}],\"inLanguage\":\"sv-SE\"},{\"@type\":\"Organization\",\"@id\":\"https:\\\/\\\/www.ivinio.com\\\/sv\\\/#organization\",\"name\":\"IVINIO\",\"url\":\"https:\\\/\\\/www.ivinio.com\\\/sv\\\/\",\"logo\":{\"@type\":\"ImageObject\",\"inLanguage\":\"sv-SE\",\"@id\":\"https:\\\/\\\/www.ivinio.com\\\/sv\\\/#\\\/schema\\\/logo\\\/image\\\/\",\"url\":\"https:\\\/\\\/www.ivinio.com\\\/wp-content\\\/uploads\\\/2021\\\/01\\\/Logo-Ivinio-v2.jpg\",\"contentUrl\":\"https:\\\/\\\/www.ivinio.com\\\/wp-content\\\/uploads\\\/2021\\\/01\\\/Logo-Ivinio-v2.jpg\",\"width\":1194,\"height\":1194,\"caption\":\"IVINIO\"},\"image\":{\"@id\":\"https:\\\/\\\/www.ivinio.com\\\/sv\\\/#\\\/schema\\\/logo\\\/image\\\/\"},\"sameAs\":[\"https:\\\/\\\/www.facebook.com\\\/groups\\\/165217837022391\\\/?ref=bookmarks\",\"https:\\\/\\\/www.instagram.com\\\/_ivinio_\\\/?hl=fr\"]}]}<\/script>\n<!-- \/ Yoast SEO plugin. -->","yoast_head_json":{"title":"K\u00f6pa Azienda Agricola Manara - \u201cPOSTERA\u201d AMARONE Classico - IVINIO Vinbutik","description":"K\u00f6pa Azienda Agricola Manara - \u201cPOSTERA\u201d AMARONE DELLA VALPOLICELLA D.O.C. Classico. Ett fylligt r\u00f6dvin att dricka till en risotto.","robots":{"index":"index","follow":"follow","max-snippet":"max-snippet:-1","max-image-preview":"max-image-preview:large","max-video-preview":"max-video-preview:-1"},"canonical":"https:\/\/www.ivinio.com\/sv\/produkt\/azienda-agricola-manara-postera-amarone-della-valpolicella-classico-rod\/","og_locale":"sv_SE","og_type":"article","og_title":"K\u00f6pa Azienda Agricola Manara - \u201cPOSTERA\u201d AMARONE Classico - IVINIO Vinbutik","og_description":"K\u00f6pa Azienda Agricola Manara - \u201cPOSTERA\u201d AMARONE DELLA VALPOLICELLA D.O.C. Classico. Ett fylligt r\u00f6dvin att dricka till en risotto.","og_url":"https:\/\/www.ivinio.com\/sv\/produkt\/azienda-agricola-manara-postera-amarone-della-valpolicella-classico-rod\/","og_site_name":"IVINIO Vinbutik","article_publisher":"https:\/\/www.facebook.com\/groups\/165217837022391\/?ref=bookmarks","article_modified_time":"2025-06-13T17:28:25+00:00","og_image":[{"width":500,"height":500,"url":"https:\/\/www.ivinio.com\/wp-content\/uploads\/2015\/01\/Manara-amarone-postera-IVINIO.jpg","type":"image\/jpeg"}],"twitter_card":"summary_large_image","twitter_misc":{"Ber\u00e4knad l\u00e4stid":"1 minut"},"schema":{"@context":"https:\/\/schema.org","@graph":[{"@type":"WebPage","@id":"https:\/\/www.ivinio.com\/sv\/produkt\/azienda-agricola-manara-postera-amarone-della-valpolicella-classico-rod\/","url":"https:\/\/www.ivinio.com\/sv\/produkt\/azienda-agricola-manara-postera-amarone-della-valpolicella-classico-rod\/","name":"K\u00f6pa Azienda Agricola Manara - \u201cPOSTERA\u201d AMARONE Classico - IVINIO Vinbutik","isPartOf":{"@id":"https:\/\/www.ivinio.com\/sv\/#website"},"primaryImageOfPage":{"@id":"https:\/\/www.ivinio.com\/sv\/produkt\/azienda-agricola-manara-postera-amarone-della-valpolicella-classico-rod\/#primaryimage"},"image":{"@id":"https:\/\/www.ivinio.com\/sv\/produkt\/azienda-agricola-manara-postera-amarone-della-valpolicella-classico-rod\/#primaryimage"},"thumbnailUrl":"https:\/\/www.ivinio.com\/wp-content\/uploads\/2015\/01\/Manara-amarone-postera-IVINIO.jpg","datePublished":"2015-01-29T18:08:09+00:00","dateModified":"2025-06-13T17:28:25+00:00","description":"K\u00f6pa Azienda Agricola Manara - \u201cPOSTERA\u201d AMARONE DELLA VALPOLICELLA D.O.C. Classico. Ett fylligt r\u00f6dvin att dricka till en risotto.","breadcrumb":{"@id":"https:\/\/www.ivinio.com\/sv\/produkt\/azienda-agricola-manara-postera-amarone-della-valpolicella-classico-rod\/#breadcrumb"},"inLanguage":"sv-SE","potentialAction":[{"@type":"ReadAction","target":["https:\/\/www.ivinio.com\/sv\/produkt\/azienda-agricola-manara-postera-amarone-della-valpolicella-classico-rod\/"]}]},{"@type":"ImageObject","inLanguage":"sv-SE","@id":"https:\/\/www.ivinio.com\/sv\/produkt\/azienda-agricola-manara-postera-amarone-della-valpolicella-classico-rod\/#primaryimage","url":"https:\/\/www.ivinio.com\/wp-content\/uploads\/2015\/01\/Manara-amarone-postera-IVINIO.jpg","contentUrl":"https:\/\/www.ivinio.com\/wp-content\/uploads\/2015\/01\/Manara-amarone-postera-IVINIO.jpg","width":500,"height":500},{"@type":"BreadcrumbList","@id":"https:\/\/www.ivinio.com\/sv\/produkt\/azienda-agricola-manara-postera-amarone-della-valpolicella-classico-rod\/#breadcrumb","itemListElement":[{"@type":"ListItem","position":1,"name":"Hem","item":"https:\/\/www.ivinio.com\/sv\/"},{"@type":"ListItem","position":2,"name":"Vinbutik","item":"https:\/\/www.ivinio.com\/sv\/vinbutik\/"},{"@type":"ListItem","position":3,"name":"Azienda Agricola Manara &#8211; \u201cPostera\u201d Amarone della Valpolicella Classico &#8211; R\u00f6d"}]},{"@type":"WebSite","@id":"https:\/\/www.ivinio.com\/sv\/#website","url":"https:\/\/www.ivinio.com\/sv\/","name":"IVINIO Vinbutik","description":"Vin fr\u00e5n Frankrike och Italien med leverans hem till din d\u00f6rr","publisher":{"@id":"https:\/\/www.ivinio.com\/sv\/#organization"},"potentialAction":[{"@type":"SearchAction","target":{"@type":"EntryPoint","urlTemplate":"https:\/\/www.ivinio.com\/sv\/?s={search_term_string}"},"query-input":{"@type":"PropertyValueSpecification","valueRequired":true,"valueName":"search_term_string"}}],"inLanguage":"sv-SE"},{"@type":"Organization","@id":"https:\/\/www.ivinio.com\/sv\/#organization","name":"IVINIO","url":"https:\/\/www.ivinio.com\/sv\/","logo":{"@type":"ImageObject","inLanguage":"sv-SE","@id":"https:\/\/www.ivinio.com\/sv\/#\/schema\/logo\/image\/","url":"https:\/\/www.ivinio.com\/wp-content\/uploads\/2021\/01\/Logo-Ivinio-v2.jpg","contentUrl":"https:\/\/www.ivinio.com\/wp-content\/uploads\/2021\/01\/Logo-Ivinio-v2.jpg","width":1194,"height":1194,"caption":"IVINIO"},"image":{"@id":"https:\/\/www.ivinio.com\/sv\/#\/schema\/logo\/image\/"},"sameAs":["https:\/\/www.facebook.com\/groups\/165217837022391\/?ref=bookmarks","https:\/\/www.instagram.com\/_ivinio_\/?hl=fr"]}]}},"jetpack_sharing_enabled":true,"_links":{"self":[{"href":"https:\/\/www.ivinio.com\/sv\/wp-json\/wp\/v2\/product\/119118","targetHints":{"allow":["GET"]}}],"collection":[{"href":"https:\/\/www.ivinio.com\/sv\/wp-json\/wp\/v2\/product"}],"about":[{"href":"https:\/\/www.ivinio.com\/sv\/wp-json\/wp\/v2\/types\/product"}],"replies":[{"embeddable":true,"href":"https:\/\/www.ivinio.com\/sv\/wp-json\/wp\/v2\/comments?post=119118"}],"wp:featuredmedia":[{"embeddable":true,"href":"https:\/\/www.ivinio.com\/sv\/wp-json\/wp\/v2\/media\/131937"}],"wp:attachment":[{"href":"https:\/\/www.ivinio.com\/sv\/wp-json\/wp\/v2\/media?parent=119118"}],"wp:term":[{"taxonomy":"product_brand","embeddable":true,"href":"https:\/\/www.ivinio.com\/sv\/wp-json\/wp\/v2\/product_brand?post=119118"},{"taxonomy":"product_cat","embeddable":true,"href":"https:\/\/www.ivinio.com\/sv\/wp-json\/wp\/v2\/product_cat?post=119118"},{"taxonomy":"product_tag","embeddable":true,"href":"https:\/\/www.ivinio.com\/sv\/wp-json\/wp\/v2\/product_tag?post=119118"}],"curies":[{"name":"wp","href":"https:\/\/api.w.org\/{rel}","templated":true}]}}