{"id":119069,"date":"2014-12-11T10:10:53","date_gmt":"2014-12-11T10:10:53","guid":{"rendered":"https:\/\/henrik.www.ivinio.com\/?product=besserat-de-bellefon-cuvee-des-moines-brut"},"modified":"2026-05-01T10:12:46","modified_gmt":"2026-05-01T08:12:46","slug":"besserat-de-bellefon-cuvee-des-moines-brut","status":"publish","type":"product","link":"https:\/\/www.ivinio.com\/sv\/produkt\/besserat-de-bellefon-cuvee-des-moines-brut\/","title":{"rendered":"Besserat de Bellefon &#8211; Bleu Brut &#8211; Cuv\u00e9e des Moines &#8211; Brut"},"content":{"rendered":"<p>Besserat de Bellefon &#8211; Bleu Brut &#8220;Cuv\u00e9e des Moines&#8221; \u00e4r en elegant mousserande champagne framst\u00e4lld av 30% Chardonnay, 25% Pinor noir och 45% Pinot Meunier. Druvorna v\u00e4xer i n\u00e5gra av de b\u00e4sta Champagne-terroirer : Avize, Mesnil-sur-Oger, Louvois, Bisseuil, Vertus, Mareuil-sur-A\u00ff, Grauves och Cumi\u00e8res. Vinet har en egen och unik tillverkningsprocess som utarbetats redan 1930. Maison Besserat de Bellefon anv\u00e4nder mindre liqueur de tirage vilket ger ett l\u00e4ttare och mindre aggressivt skum. Skummet \u00e4r kr\u00e4mig och ih\u00e5llande. Bleu Brut har inte genomg\u00e5tt den malolaktiska j\u00e4sningen. 30 % reservvin p\u00e5 Solera, doseringen \u00e4r 8g\/L och vinet lagras i 3 \u00e5r innan det g\u00e5r till f\u00f6rs\u00e4ljning.<\/p>\n","protected":false},"excerpt":{"rendered":"<p>Besserat de Bellefon &#8220;Cuv\u00e9e des Moines&#8221; Brut \u00e4r en\u00a0torr champagne som gjort sig v\u00e4rldsk\u00e4nd f\u00f6r sin l\u00e4tt mousserande, n\u00e4stan kr\u00e4miga konsistens som g\u00f6r den idealisk som dryck genom en hel m\u00e5ltid.<\/p>\n","protected":false},"featured_media":131510,"comment_status":"open","ping_status":"closed","template":"","meta":{"_monsterinsights_skip_tracking":false,"_monsterinsights_sitenote_active":false,"_monsterinsights_sitenote_note":"","_monsterinsights_sitenote_category":0,"_uf_show_specific_survey":0,"_uf_disable_surveys":false},"product_brand":[],"product_cat":[36615,36588],"product_tag":[],"class_list":{"0":"post-119069","1":"product","2":"type-product","3":"status-publish","4":"has-post-thumbnail","6":"product_cat-sv-champagne","7":"product_cat-franska-viner","8":"pa_alcohol-degree-12-5-sv","9":"pa_grape-variety-chardonnay-sv","10":"pa_grape-variety-pinot-meunier","11":"pa_grape-variety-pinot-noir-sv","12":"pa_package-1x1-sv","13":"pa_package-1x6-sv","14":"pa_region-champagne-sv","15":"pa_volume-75-cl-sv","17":"first","18":"instock","19":"taxable","20":"shipping-taxable","21":"purchasable","22":"product-type-variable","23":"has-default-attributes"},"bundled_by":["119080"],"bundle_stock_status":"instock","bundle_stock_quantity":null,"bundle_virtual":false,"bundle_layout":"","bundle_add_to_cart_form_location":"","bundle_editable_in_cart":false,"bundle_sold_individually_context":"","bundle_item_grouping":"","bundle_min_size":"","bundle_max_size":"","bundle_price":[],"bundled_items":[],"bundle_sell_ids":[],"yoast_head":"<!-- This site is optimized with the Yoast SEO plugin v27.5 - https:\/\/yoast.com\/product\/yoast-seo-wordpress\/ -->\n<title>K\u00f6pa Besserat de Bellefon - Bleu Brut - Cuv\u00e9e des Moines - IVINIO Vinbutik<\/title>\n<meta name=\"description\" content=\"K\u00f6pa Besserat de Bellefon - Bleu Brut - Cuv\u00e9e des Moines - Brut. L\u00e4tt mousserande, kr\u00e4mig konsistens, idealisk som dryck genom en hel m\u00e5ltid.\" \/>\n<meta name=\"robots\" content=\"index, follow, max-snippet:-1, max-image-preview:large, max-video-preview:-1\" \/>\n<link rel=\"canonical\" href=\"https:\/\/www.ivinio.com\/sv\/produkt\/besserat-de-bellefon-cuvee-des-moines-brut\/\" \/>\n<meta property=\"og:locale\" content=\"sv_SE\" \/>\n<meta property=\"og:type\" content=\"article\" \/>\n<meta property=\"og:title\" content=\"K\u00f6pa Besserat de Bellefon - Bleu Brut - Cuv\u00e9e des Moines - IVINIO Vinbutik\" \/>\n<meta property=\"og:description\" content=\"K\u00f6pa Besserat de Bellefon - Bleu Brut - Cuv\u00e9e des Moines - Brut. L\u00e4tt mousserande, kr\u00e4mig konsistens, idealisk som dryck genom en hel m\u00e5ltid.\" \/>\n<meta property=\"og:url\" content=\"https:\/\/www.ivinio.com\/sv\/produkt\/besserat-de-bellefon-cuvee-des-moines-brut\/\" \/>\n<meta property=\"og:site_name\" content=\"IVINIO Vinbutik\" \/>\n<meta property=\"article:publisher\" content=\"https:\/\/www.facebook.com\/groups\/165217837022391\/?ref=bookmarks\" \/>\n<meta property=\"article:modified_time\" content=\"2026-05-01T08:12:46+00:00\" \/>\n<meta property=\"og:image\" content=\"https:\/\/www.ivinio.com\/wp-content\/uploads\/2014\/12\/Besserat-de-Bellefon-Bleu-brut-cuvee-des-moines-IVINIO.jpg\" \/>\n\t<meta property=\"og:image:width\" content=\"500\" \/>\n\t<meta property=\"og:image:height\" content=\"500\" \/>\n\t<meta property=\"og:image:type\" content=\"image\/jpeg\" \/>\n<meta name=\"twitter:card\" content=\"summary_large_image\" \/>\n<meta name=\"twitter:label1\" content=\"Ber\u00e4knad l\u00e4stid\" \/>\n\t<meta name=\"twitter:data1\" content=\"1 minut\" \/>\n<script type=\"application\/ld+json\" class=\"yoast-schema-graph\">{\"@context\":\"https:\\\/\\\/schema.org\",\"@graph\":[{\"@type\":\"WebPage\",\"@id\":\"https:\\\/\\\/www.ivinio.com\\\/sv\\\/produkt\\\/besserat-de-bellefon-cuvee-des-moines-brut\\\/\",\"url\":\"https:\\\/\\\/www.ivinio.com\\\/sv\\\/produkt\\\/besserat-de-bellefon-cuvee-des-moines-brut\\\/\",\"name\":\"K\u00f6pa Besserat de Bellefon - Bleu Brut - Cuv\u00e9e des Moines - IVINIO Vinbutik\",\"isPartOf\":{\"@id\":\"https:\\\/\\\/www.ivinio.com\\\/sv\\\/#website\"},\"primaryImageOfPage\":{\"@id\":\"https:\\\/\\\/www.ivinio.com\\\/sv\\\/produkt\\\/besserat-de-bellefon-cuvee-des-moines-brut\\\/#primaryimage\"},\"image\":{\"@id\":\"https:\\\/\\\/www.ivinio.com\\\/sv\\\/produkt\\\/besserat-de-bellefon-cuvee-des-moines-brut\\\/#primaryimage\"},\"thumbnailUrl\":\"https:\\\/\\\/www.ivinio.com\\\/wp-content\\\/uploads\\\/2014\\\/12\\\/Besserat-de-Bellefon-Bleu-brut-cuvee-des-moines-IVINIO.jpg\",\"datePublished\":\"2014-12-11T10:10:53+00:00\",\"dateModified\":\"2026-05-01T08:12:46+00:00\",\"description\":\"K\u00f6pa Besserat de Bellefon - Bleu Brut - Cuv\u00e9e des Moines - Brut. L\u00e4tt mousserande, kr\u00e4mig konsistens, idealisk som dryck genom en hel m\u00e5ltid.\",\"breadcrumb\":{\"@id\":\"https:\\\/\\\/www.ivinio.com\\\/sv\\\/produkt\\\/besserat-de-bellefon-cuvee-des-moines-brut\\\/#breadcrumb\"},\"inLanguage\":\"sv-SE\",\"potentialAction\":[{\"@type\":\"ReadAction\",\"target\":[\"https:\\\/\\\/www.ivinio.com\\\/sv\\\/produkt\\\/besserat-de-bellefon-cuvee-des-moines-brut\\\/\"]}]},{\"@type\":\"ImageObject\",\"inLanguage\":\"sv-SE\",\"@id\":\"https:\\\/\\\/www.ivinio.com\\\/sv\\\/produkt\\\/besserat-de-bellefon-cuvee-des-moines-brut\\\/#primaryimage\",\"url\":\"https:\\\/\\\/www.ivinio.com\\\/wp-content\\\/uploads\\\/2014\\\/12\\\/Besserat-de-Bellefon-Bleu-brut-cuvee-des-moines-IVINIO.jpg\",\"contentUrl\":\"https:\\\/\\\/www.ivinio.com\\\/wp-content\\\/uploads\\\/2014\\\/12\\\/Besserat-de-Bellefon-Bleu-brut-cuvee-des-moines-IVINIO.jpg\",\"width\":500,\"height\":500,\"caption\":\"Besserat de Bellefon - Bleu Brut - Cuv\u00e9e des Moines\"},{\"@type\":\"BreadcrumbList\",\"@id\":\"https:\\\/\\\/www.ivinio.com\\\/sv\\\/produkt\\\/besserat-de-bellefon-cuvee-des-moines-brut\\\/#breadcrumb\",\"itemListElement\":[{\"@type\":\"ListItem\",\"position\":1,\"name\":\"Hem\",\"item\":\"https:\\\/\\\/www.ivinio.com\\\/sv\\\/\"},{\"@type\":\"ListItem\",\"position\":2,\"name\":\"Vinbutik\",\"item\":\"https:\\\/\\\/www.ivinio.com\\\/sv\\\/vinbutik\\\/\"},{\"@type\":\"ListItem\",\"position\":3,\"name\":\"Besserat de Bellefon &#8211; Bleu Brut &#8211; Cuv\u00e9e des Moines &#8211; Brut\"}]},{\"@type\":\"WebSite\",\"@id\":\"https:\\\/\\\/www.ivinio.com\\\/sv\\\/#website\",\"url\":\"https:\\\/\\\/www.ivinio.com\\\/sv\\\/\",\"name\":\"IVINIO Vinbutik\",\"description\":\"Vin fr\u00e5n Frankrike och Italien med leverans hem till din d\u00f6rr\",\"publisher\":{\"@id\":\"https:\\\/\\\/www.ivinio.com\\\/sv\\\/#organization\"},\"potentialAction\":[{\"@type\":\"SearchAction\",\"target\":{\"@type\":\"EntryPoint\",\"urlTemplate\":\"https:\\\/\\\/www.ivinio.com\\\/sv\\\/?s={search_term_string}\"},\"query-input\":{\"@type\":\"PropertyValueSpecification\",\"valueRequired\":true,\"valueName\":\"search_term_string\"}}],\"inLanguage\":\"sv-SE\"},{\"@type\":\"Organization\",\"@id\":\"https:\\\/\\\/www.ivinio.com\\\/sv\\\/#organization\",\"name\":\"IVINIO\",\"url\":\"https:\\\/\\\/www.ivinio.com\\\/sv\\\/\",\"logo\":{\"@type\":\"ImageObject\",\"inLanguage\":\"sv-SE\",\"@id\":\"https:\\\/\\\/www.ivinio.com\\\/sv\\\/#\\\/schema\\\/logo\\\/image\\\/\",\"url\":\"https:\\\/\\\/www.ivinio.com\\\/wp-content\\\/uploads\\\/2021\\\/01\\\/Logo-Ivinio-v2.jpg\",\"contentUrl\":\"https:\\\/\\\/www.ivinio.com\\\/wp-content\\\/uploads\\\/2021\\\/01\\\/Logo-Ivinio-v2.jpg\",\"width\":1194,\"height\":1194,\"caption\":\"IVINIO\"},\"image\":{\"@id\":\"https:\\\/\\\/www.ivinio.com\\\/sv\\\/#\\\/schema\\\/logo\\\/image\\\/\"},\"sameAs\":[\"https:\\\/\\\/www.facebook.com\\\/groups\\\/165217837022391\\\/?ref=bookmarks\",\"https:\\\/\\\/www.instagram.com\\\/_ivinio_\\\/?hl=fr\"]}]}<\/script>\n<!-- \/ Yoast SEO plugin. -->","yoast_head_json":{"title":"K\u00f6pa Besserat de Bellefon - Bleu Brut - Cuv\u00e9e des Moines - IVINIO Vinbutik","description":"K\u00f6pa Besserat de Bellefon - Bleu Brut - Cuv\u00e9e des Moines - Brut. L\u00e4tt mousserande, kr\u00e4mig konsistens, idealisk som dryck genom en hel m\u00e5ltid.","robots":{"index":"index","follow":"follow","max-snippet":"max-snippet:-1","max-image-preview":"max-image-preview:large","max-video-preview":"max-video-preview:-1"},"canonical":"https:\/\/www.ivinio.com\/sv\/produkt\/besserat-de-bellefon-cuvee-des-moines-brut\/","og_locale":"sv_SE","og_type":"article","og_title":"K\u00f6pa Besserat de Bellefon - Bleu Brut - Cuv\u00e9e des Moines - IVINIO Vinbutik","og_description":"K\u00f6pa Besserat de Bellefon - Bleu Brut - Cuv\u00e9e des Moines - Brut. L\u00e4tt mousserande, kr\u00e4mig konsistens, idealisk som dryck genom en hel m\u00e5ltid.","og_url":"https:\/\/www.ivinio.com\/sv\/produkt\/besserat-de-bellefon-cuvee-des-moines-brut\/","og_site_name":"IVINIO Vinbutik","article_publisher":"https:\/\/www.facebook.com\/groups\/165217837022391\/?ref=bookmarks","article_modified_time":"2026-05-01T08:12:46+00:00","og_image":[{"width":500,"height":500,"url":"https:\/\/www.ivinio.com\/wp-content\/uploads\/2014\/12\/Besserat-de-Bellefon-Bleu-brut-cuvee-des-moines-IVINIO.jpg","type":"image\/jpeg"}],"twitter_card":"summary_large_image","twitter_misc":{"Ber\u00e4knad l\u00e4stid":"1 minut"},"schema":{"@context":"https:\/\/schema.org","@graph":[{"@type":"WebPage","@id":"https:\/\/www.ivinio.com\/sv\/produkt\/besserat-de-bellefon-cuvee-des-moines-brut\/","url":"https:\/\/www.ivinio.com\/sv\/produkt\/besserat-de-bellefon-cuvee-des-moines-brut\/","name":"K\u00f6pa Besserat de Bellefon - Bleu Brut - Cuv\u00e9e des Moines - IVINIO Vinbutik","isPartOf":{"@id":"https:\/\/www.ivinio.com\/sv\/#website"},"primaryImageOfPage":{"@id":"https:\/\/www.ivinio.com\/sv\/produkt\/besserat-de-bellefon-cuvee-des-moines-brut\/#primaryimage"},"image":{"@id":"https:\/\/www.ivinio.com\/sv\/produkt\/besserat-de-bellefon-cuvee-des-moines-brut\/#primaryimage"},"thumbnailUrl":"https:\/\/www.ivinio.com\/wp-content\/uploads\/2014\/12\/Besserat-de-Bellefon-Bleu-brut-cuvee-des-moines-IVINIO.jpg","datePublished":"2014-12-11T10:10:53+00:00","dateModified":"2026-05-01T08:12:46+00:00","description":"K\u00f6pa Besserat de Bellefon - Bleu Brut - Cuv\u00e9e des Moines - Brut. L\u00e4tt mousserande, kr\u00e4mig konsistens, idealisk som dryck genom en hel m\u00e5ltid.","breadcrumb":{"@id":"https:\/\/www.ivinio.com\/sv\/produkt\/besserat-de-bellefon-cuvee-des-moines-brut\/#breadcrumb"},"inLanguage":"sv-SE","potentialAction":[{"@type":"ReadAction","target":["https:\/\/www.ivinio.com\/sv\/produkt\/besserat-de-bellefon-cuvee-des-moines-brut\/"]}]},{"@type":"ImageObject","inLanguage":"sv-SE","@id":"https:\/\/www.ivinio.com\/sv\/produkt\/besserat-de-bellefon-cuvee-des-moines-brut\/#primaryimage","url":"https:\/\/www.ivinio.com\/wp-content\/uploads\/2014\/12\/Besserat-de-Bellefon-Bleu-brut-cuvee-des-moines-IVINIO.jpg","contentUrl":"https:\/\/www.ivinio.com\/wp-content\/uploads\/2014\/12\/Besserat-de-Bellefon-Bleu-brut-cuvee-des-moines-IVINIO.jpg","width":500,"height":500,"caption":"Besserat de Bellefon - Bleu Brut - Cuv\u00e9e des Moines"},{"@type":"BreadcrumbList","@id":"https:\/\/www.ivinio.com\/sv\/produkt\/besserat-de-bellefon-cuvee-des-moines-brut\/#breadcrumb","itemListElement":[{"@type":"ListItem","position":1,"name":"Hem","item":"https:\/\/www.ivinio.com\/sv\/"},{"@type":"ListItem","position":2,"name":"Vinbutik","item":"https:\/\/www.ivinio.com\/sv\/vinbutik\/"},{"@type":"ListItem","position":3,"name":"Besserat de Bellefon &#8211; Bleu Brut &#8211; Cuv\u00e9e des Moines &#8211; Brut"}]},{"@type":"WebSite","@id":"https:\/\/www.ivinio.com\/sv\/#website","url":"https:\/\/www.ivinio.com\/sv\/","name":"IVINIO Vinbutik","description":"Vin fr\u00e5n Frankrike och Italien med leverans hem till din d\u00f6rr","publisher":{"@id":"https:\/\/www.ivinio.com\/sv\/#organization"},"potentialAction":[{"@type":"SearchAction","target":{"@type":"EntryPoint","urlTemplate":"https:\/\/www.ivinio.com\/sv\/?s={search_term_string}"},"query-input":{"@type":"PropertyValueSpecification","valueRequired":true,"valueName":"search_term_string"}}],"inLanguage":"sv-SE"},{"@type":"Organization","@id":"https:\/\/www.ivinio.com\/sv\/#organization","name":"IVINIO","url":"https:\/\/www.ivinio.com\/sv\/","logo":{"@type":"ImageObject","inLanguage":"sv-SE","@id":"https:\/\/www.ivinio.com\/sv\/#\/schema\/logo\/image\/","url":"https:\/\/www.ivinio.com\/wp-content\/uploads\/2021\/01\/Logo-Ivinio-v2.jpg","contentUrl":"https:\/\/www.ivinio.com\/wp-content\/uploads\/2021\/01\/Logo-Ivinio-v2.jpg","width":1194,"height":1194,"caption":"IVINIO"},"image":{"@id":"https:\/\/www.ivinio.com\/sv\/#\/schema\/logo\/image\/"},"sameAs":["https:\/\/www.facebook.com\/groups\/165217837022391\/?ref=bookmarks","https:\/\/www.instagram.com\/_ivinio_\/?hl=fr"]}]}},"jetpack_sharing_enabled":true,"_links":{"self":[{"href":"https:\/\/www.ivinio.com\/sv\/wp-json\/wp\/v2\/product\/119069","targetHints":{"allow":["GET"]}}],"collection":[{"href":"https:\/\/www.ivinio.com\/sv\/wp-json\/wp\/v2\/product"}],"about":[{"href":"https:\/\/www.ivinio.com\/sv\/wp-json\/wp\/v2\/types\/product"}],"replies":[{"embeddable":true,"href":"https:\/\/www.ivinio.com\/sv\/wp-json\/wp\/v2\/comments?post=119069"}],"wp:featuredmedia":[{"embeddable":true,"href":"https:\/\/www.ivinio.com\/sv\/wp-json\/wp\/v2\/media\/131510"}],"wp:attachment":[{"href":"https:\/\/www.ivinio.com\/sv\/wp-json\/wp\/v2\/media?parent=119069"}],"wp:term":[{"taxonomy":"product_brand","embeddable":true,"href":"https:\/\/www.ivinio.com\/sv\/wp-json\/wp\/v2\/product_brand?post=119069"},{"taxonomy":"product_cat","embeddable":true,"href":"https:\/\/www.ivinio.com\/sv\/wp-json\/wp\/v2\/product_cat?post=119069"},{"taxonomy":"product_tag","embeddable":true,"href":"https:\/\/www.ivinio.com\/sv\/wp-json\/wp\/v2\/product_tag?post=119069"}],"curies":[{"name":"wp","href":"https:\/\/api.w.org\/{rel}","templated":true}]}}