{"id":119015,"date":"2015-01-15T17:51:05","date_gmt":"2015-01-15T17:51:05","guid":{"rendered":"https:\/\/henrik.www.ivinio.com\/?product=domaine-vidal-fleury-condrieu-vit"},"modified":"2023-01-04T17:16:06","modified_gmt":"2023-01-04T16:16:06","slug":"domaine-vidal-fleury-condrieu-vit","status":"publish","type":"product","link":"https:\/\/www.ivinio.com\/sv\/produkt\/domaine-vidal-fleury-condrieu-vit\/","title":{"rendered":"Domaine Vidal-Fleury &#8211; Condrieu &#8211; Vit"},"content":{"rendered":"<p>Condrieu\u00a0fr\u00e5n Vidal-Fleury framst\u00e4lls av 100% Viognierdruvor. Druvorna sk\u00f6rdas manuellt i oktober.\u00a0Musten pressas omedelbart med hydraulisk press och macereras vid 12\u00b0C temperatur. J\u00e4sningen sker vid 18\u00b0C, h\u00e4lften p\u00e5 st\u00e5ltank, h\u00e4lften p\u00e5 ekfat och f\u00f6ljs upp med den malolaktiska j\u00e4sningen. Vinet f\u00e5r mogna p\u00e5 sin bottensats i 1 \u00e5r med regelbunden omr\u00f6rning. Vinet filtreras sedan , tappas p\u00e5 flaska och\u00a0f\u00e5r lagras ytterligare\u00a06 m\u00e5nader.<\/p>\n","protected":false},"excerpt":{"rendered":"<p>Condrieu\u00a0fr\u00e5n Vidal Fleury \u00e4r ett elegant vitvin framst\u00e4lld av Viognierdruvor. Ett kvalitetsvin fr\u00e5n det \u00e4ldsta, \u00e4nnu aktiva, vinhuset i C\u00f4tes-du-Rh\u00f4ne att drickas som ap\u00e9ritif, till pilgrimsmusslor eller till en svag getost.<\/p>\n","protected":false},"featured_media":119016,"comment_status":"open","ping_status":"closed","template":"","meta":{"_monsterinsights_skip_tracking":false,"_monsterinsights_sitenote_active":false,"_monsterinsights_sitenote_note":"","_monsterinsights_sitenote_category":0,"_uf_show_specific_survey":0,"_uf_disable_surveys":false},"product_brand":[],"product_cat":[36588,36621],"product_tag":[],"class_list":{"0":"post-119015","1":"product","2":"type-product","3":"status-publish","4":"has-post-thumbnail","6":"product_cat-franska-viner","7":"product_cat-sv-rhone-dalen","8":"pa_alcohol-degree-13-5-sv","9":"pa_awards-jancis-robinson","10":"pa_classification-aop-condrieu-sv","11":"pa_color-vit-sv","12":"pa_country-frankrike-sv","13":"pa_grape-variety-viognier-sv","14":"pa_package-1x1-sv","15":"pa_package-1x6-sv","16":"pa_region-rhonedalen-sv","17":"pa_storage-potential-mer-an-10-ar-sv","18":"pa_vintage-39899","19":"pa_volume-75-cl-sv","21":"first","22":"instock","23":"taxable","24":"shipping-taxable","25":"purchasable","26":"product-type-variable"},"bundled_by":[],"bundle_stock_status":"instock","bundle_stock_quantity":null,"bundle_virtual":false,"bundle_layout":"","bundle_add_to_cart_form_location":"","bundle_editable_in_cart":false,"bundle_sold_individually_context":"","bundle_item_grouping":"","bundle_min_size":"","bundle_max_size":"","bundle_price":[],"bundled_items":[],"bundle_sell_ids":[],"yoast_head":"<!-- This site is optimized with the Yoast SEO plugin v27.5 - https:\/\/yoast.com\/product\/yoast-seo-wordpress\/ -->\n<title>K\u00f6pa Domaine Vidal-Fleury - Condrieu<\/title>\n<meta name=\"description\" content=\"K\u00f6pa Domaine Vidal-Fleury - Condrieu. Ett kvalitetsvin fr\u00e5n det \u00e4ldsta, \u00e4nnu aktiva, vinhuset i C\u00f4tes-du-Rh\u00f4ne. Levereras hem till d\u00f6rren.\" \/>\n<meta name=\"robots\" content=\"index, follow, max-snippet:-1, max-image-preview:large, max-video-preview:-1\" \/>\n<link rel=\"canonical\" href=\"https:\/\/www.ivinio.com\/sv\/produkt\/domaine-vidal-fleury-condrieu-vit\/\" \/>\n<meta property=\"og:locale\" content=\"sv_SE\" \/>\n<meta property=\"og:type\" content=\"article\" \/>\n<meta property=\"og:title\" content=\"K\u00f6pa Domaine Vidal-Fleury - Condrieu\" \/>\n<meta property=\"og:description\" content=\"K\u00f6pa Domaine Vidal-Fleury - Condrieu. Ett kvalitetsvin fr\u00e5n det \u00e4ldsta, \u00e4nnu aktiva, vinhuset i C\u00f4tes-du-Rh\u00f4ne. Levereras hem till d\u00f6rren.\" \/>\n<meta property=\"og:url\" content=\"https:\/\/www.ivinio.com\/sv\/produkt\/domaine-vidal-fleury-condrieu-vit\/\" \/>\n<meta property=\"og:site_name\" content=\"IVINIO Vinbutik\" \/>\n<meta property=\"article:publisher\" content=\"https:\/\/www.facebook.com\/groups\/165217837022391\/?ref=bookmarks\" \/>\n<meta property=\"article:modified_time\" content=\"2023-01-04T16:16:06+00:00\" \/>\n<meta property=\"og:image\" content=\"https:\/\/www.ivinio.com\/wp-content\/uploads\/nc\/public\/modules\/file\/pictures\/5343.vidal-fleury-Condrieu.jpg\" \/>\n\t<meta property=\"og:image:width\" content=\"500\" \/>\n\t<meta property=\"og:image:height\" content=\"500\" \/>\n\t<meta property=\"og:image:type\" content=\"image\/jpeg\" \/>\n<meta name=\"twitter:card\" content=\"summary_large_image\" \/>\n<script type=\"application\/ld+json\" class=\"yoast-schema-graph\">{\"@context\":\"https:\\\/\\\/schema.org\",\"@graph\":[{\"@type\":\"WebPage\",\"@id\":\"https:\\\/\\\/www.ivinio.com\\\/sv\\\/produkt\\\/domaine-vidal-fleury-condrieu-vit\\\/\",\"url\":\"https:\\\/\\\/www.ivinio.com\\\/sv\\\/produkt\\\/domaine-vidal-fleury-condrieu-vit\\\/\",\"name\":\"K\u00f6pa Domaine Vidal-Fleury - Condrieu\",\"isPartOf\":{\"@id\":\"https:\\\/\\\/www.ivinio.com\\\/sv\\\/#website\"},\"primaryImageOfPage\":{\"@id\":\"https:\\\/\\\/www.ivinio.com\\\/sv\\\/produkt\\\/domaine-vidal-fleury-condrieu-vit\\\/#primaryimage\"},\"image\":{\"@id\":\"https:\\\/\\\/www.ivinio.com\\\/sv\\\/produkt\\\/domaine-vidal-fleury-condrieu-vit\\\/#primaryimage\"},\"thumbnailUrl\":\"https:\\\/\\\/www.ivinio.com\\\/wp-content\\\/uploads\\\/nc\\\/public\\\/modules\\\/file\\\/pictures\\\/5343.vidal-fleury-Condrieu.jpg\",\"datePublished\":\"2015-01-15T17:51:05+00:00\",\"dateModified\":\"2023-01-04T16:16:06+00:00\",\"description\":\"K\u00f6pa Domaine Vidal-Fleury - Condrieu. Ett kvalitetsvin fr\u00e5n det \u00e4ldsta, \u00e4nnu aktiva, vinhuset i C\u00f4tes-du-Rh\u00f4ne. Levereras hem till d\u00f6rren.\",\"breadcrumb\":{\"@id\":\"https:\\\/\\\/www.ivinio.com\\\/sv\\\/produkt\\\/domaine-vidal-fleury-condrieu-vit\\\/#breadcrumb\"},\"inLanguage\":\"sv-SE\",\"potentialAction\":[{\"@type\":\"ReadAction\",\"target\":[\"https:\\\/\\\/www.ivinio.com\\\/sv\\\/produkt\\\/domaine-vidal-fleury-condrieu-vit\\\/\"]}]},{\"@type\":\"ImageObject\",\"inLanguage\":\"sv-SE\",\"@id\":\"https:\\\/\\\/www.ivinio.com\\\/sv\\\/produkt\\\/domaine-vidal-fleury-condrieu-vit\\\/#primaryimage\",\"url\":\"https:\\\/\\\/www.ivinio.com\\\/wp-content\\\/uploads\\\/nc\\\/public\\\/modules\\\/file\\\/pictures\\\/5343.vidal-fleury-Condrieu.jpg\",\"contentUrl\":\"https:\\\/\\\/www.ivinio.com\\\/wp-content\\\/uploads\\\/nc\\\/public\\\/modules\\\/file\\\/pictures\\\/5343.vidal-fleury-Condrieu.jpg\",\"width\":500,\"height\":500,\"caption\":\"K\u00f6pa Domaine Vidal-Fleury - Condrieu\"},{\"@type\":\"BreadcrumbList\",\"@id\":\"https:\\\/\\\/www.ivinio.com\\\/sv\\\/produkt\\\/domaine-vidal-fleury-condrieu-vit\\\/#breadcrumb\",\"itemListElement\":[{\"@type\":\"ListItem\",\"position\":1,\"name\":\"Hem\",\"item\":\"https:\\\/\\\/www.ivinio.com\\\/sv\\\/\"},{\"@type\":\"ListItem\",\"position\":2,\"name\":\"Vinbutik\",\"item\":\"https:\\\/\\\/www.ivinio.com\\\/sv\\\/vinbutik\\\/\"},{\"@type\":\"ListItem\",\"position\":3,\"name\":\"Domaine Vidal-Fleury &#8211; Condrieu &#8211; Vit\"}]},{\"@type\":\"WebSite\",\"@id\":\"https:\\\/\\\/www.ivinio.com\\\/sv\\\/#website\",\"url\":\"https:\\\/\\\/www.ivinio.com\\\/sv\\\/\",\"name\":\"IVINIO Vinbutik\",\"description\":\"Vin fr\u00e5n Frankrike och Italien med leverans hem till din d\u00f6rr\",\"publisher\":{\"@id\":\"https:\\\/\\\/www.ivinio.com\\\/sv\\\/#organization\"},\"potentialAction\":[{\"@type\":\"SearchAction\",\"target\":{\"@type\":\"EntryPoint\",\"urlTemplate\":\"https:\\\/\\\/www.ivinio.com\\\/sv\\\/?s={search_term_string}\"},\"query-input\":{\"@type\":\"PropertyValueSpecification\",\"valueRequired\":true,\"valueName\":\"search_term_string\"}}],\"inLanguage\":\"sv-SE\"},{\"@type\":\"Organization\",\"@id\":\"https:\\\/\\\/www.ivinio.com\\\/sv\\\/#organization\",\"name\":\"IVINIO\",\"url\":\"https:\\\/\\\/www.ivinio.com\\\/sv\\\/\",\"logo\":{\"@type\":\"ImageObject\",\"inLanguage\":\"sv-SE\",\"@id\":\"https:\\\/\\\/www.ivinio.com\\\/sv\\\/#\\\/schema\\\/logo\\\/image\\\/\",\"url\":\"https:\\\/\\\/www.ivinio.com\\\/wp-content\\\/uploads\\\/2021\\\/01\\\/Logo-Ivinio-v2.jpg\",\"contentUrl\":\"https:\\\/\\\/www.ivinio.com\\\/wp-content\\\/uploads\\\/2021\\\/01\\\/Logo-Ivinio-v2.jpg\",\"width\":1194,\"height\":1194,\"caption\":\"IVINIO\"},\"image\":{\"@id\":\"https:\\\/\\\/www.ivinio.com\\\/sv\\\/#\\\/schema\\\/logo\\\/image\\\/\"},\"sameAs\":[\"https:\\\/\\\/www.facebook.com\\\/groups\\\/165217837022391\\\/?ref=bookmarks\",\"https:\\\/\\\/www.instagram.com\\\/_ivinio_\\\/?hl=fr\"]}]}<\/script>\n<!-- \/ Yoast SEO plugin. -->","yoast_head_json":{"title":"K\u00f6pa Domaine Vidal-Fleury - Condrieu","description":"K\u00f6pa Domaine Vidal-Fleury - Condrieu. Ett kvalitetsvin fr\u00e5n det \u00e4ldsta, \u00e4nnu aktiva, vinhuset i C\u00f4tes-du-Rh\u00f4ne. Levereras hem till d\u00f6rren.","robots":{"index":"index","follow":"follow","max-snippet":"max-snippet:-1","max-image-preview":"max-image-preview:large","max-video-preview":"max-video-preview:-1"},"canonical":"https:\/\/www.ivinio.com\/sv\/produkt\/domaine-vidal-fleury-condrieu-vit\/","og_locale":"sv_SE","og_type":"article","og_title":"K\u00f6pa Domaine Vidal-Fleury - Condrieu","og_description":"K\u00f6pa Domaine Vidal-Fleury - Condrieu. Ett kvalitetsvin fr\u00e5n det \u00e4ldsta, \u00e4nnu aktiva, vinhuset i C\u00f4tes-du-Rh\u00f4ne. Levereras hem till d\u00f6rren.","og_url":"https:\/\/www.ivinio.com\/sv\/produkt\/domaine-vidal-fleury-condrieu-vit\/","og_site_name":"IVINIO Vinbutik","article_publisher":"https:\/\/www.facebook.com\/groups\/165217837022391\/?ref=bookmarks","article_modified_time":"2023-01-04T16:16:06+00:00","og_image":[{"width":500,"height":500,"url":"https:\/\/www.ivinio.com\/wp-content\/uploads\/nc\/public\/modules\/file\/pictures\/5343.vidal-fleury-Condrieu.jpg","type":"image\/jpeg"}],"twitter_card":"summary_large_image","schema":{"@context":"https:\/\/schema.org","@graph":[{"@type":"WebPage","@id":"https:\/\/www.ivinio.com\/sv\/produkt\/domaine-vidal-fleury-condrieu-vit\/","url":"https:\/\/www.ivinio.com\/sv\/produkt\/domaine-vidal-fleury-condrieu-vit\/","name":"K\u00f6pa Domaine Vidal-Fleury - Condrieu","isPartOf":{"@id":"https:\/\/www.ivinio.com\/sv\/#website"},"primaryImageOfPage":{"@id":"https:\/\/www.ivinio.com\/sv\/produkt\/domaine-vidal-fleury-condrieu-vit\/#primaryimage"},"image":{"@id":"https:\/\/www.ivinio.com\/sv\/produkt\/domaine-vidal-fleury-condrieu-vit\/#primaryimage"},"thumbnailUrl":"https:\/\/www.ivinio.com\/wp-content\/uploads\/nc\/public\/modules\/file\/pictures\/5343.vidal-fleury-Condrieu.jpg","datePublished":"2015-01-15T17:51:05+00:00","dateModified":"2023-01-04T16:16:06+00:00","description":"K\u00f6pa Domaine Vidal-Fleury - Condrieu. Ett kvalitetsvin fr\u00e5n det \u00e4ldsta, \u00e4nnu aktiva, vinhuset i C\u00f4tes-du-Rh\u00f4ne. Levereras hem till d\u00f6rren.","breadcrumb":{"@id":"https:\/\/www.ivinio.com\/sv\/produkt\/domaine-vidal-fleury-condrieu-vit\/#breadcrumb"},"inLanguage":"sv-SE","potentialAction":[{"@type":"ReadAction","target":["https:\/\/www.ivinio.com\/sv\/produkt\/domaine-vidal-fleury-condrieu-vit\/"]}]},{"@type":"ImageObject","inLanguage":"sv-SE","@id":"https:\/\/www.ivinio.com\/sv\/produkt\/domaine-vidal-fleury-condrieu-vit\/#primaryimage","url":"https:\/\/www.ivinio.com\/wp-content\/uploads\/nc\/public\/modules\/file\/pictures\/5343.vidal-fleury-Condrieu.jpg","contentUrl":"https:\/\/www.ivinio.com\/wp-content\/uploads\/nc\/public\/modules\/file\/pictures\/5343.vidal-fleury-Condrieu.jpg","width":500,"height":500,"caption":"K\u00f6pa Domaine Vidal-Fleury - Condrieu"},{"@type":"BreadcrumbList","@id":"https:\/\/www.ivinio.com\/sv\/produkt\/domaine-vidal-fleury-condrieu-vit\/#breadcrumb","itemListElement":[{"@type":"ListItem","position":1,"name":"Hem","item":"https:\/\/www.ivinio.com\/sv\/"},{"@type":"ListItem","position":2,"name":"Vinbutik","item":"https:\/\/www.ivinio.com\/sv\/vinbutik\/"},{"@type":"ListItem","position":3,"name":"Domaine Vidal-Fleury &#8211; Condrieu &#8211; Vit"}]},{"@type":"WebSite","@id":"https:\/\/www.ivinio.com\/sv\/#website","url":"https:\/\/www.ivinio.com\/sv\/","name":"IVINIO Vinbutik","description":"Vin fr\u00e5n Frankrike och Italien med leverans hem till din d\u00f6rr","publisher":{"@id":"https:\/\/www.ivinio.com\/sv\/#organization"},"potentialAction":[{"@type":"SearchAction","target":{"@type":"EntryPoint","urlTemplate":"https:\/\/www.ivinio.com\/sv\/?s={search_term_string}"},"query-input":{"@type":"PropertyValueSpecification","valueRequired":true,"valueName":"search_term_string"}}],"inLanguage":"sv-SE"},{"@type":"Organization","@id":"https:\/\/www.ivinio.com\/sv\/#organization","name":"IVINIO","url":"https:\/\/www.ivinio.com\/sv\/","logo":{"@type":"ImageObject","inLanguage":"sv-SE","@id":"https:\/\/www.ivinio.com\/sv\/#\/schema\/logo\/image\/","url":"https:\/\/www.ivinio.com\/wp-content\/uploads\/2021\/01\/Logo-Ivinio-v2.jpg","contentUrl":"https:\/\/www.ivinio.com\/wp-content\/uploads\/2021\/01\/Logo-Ivinio-v2.jpg","width":1194,"height":1194,"caption":"IVINIO"},"image":{"@id":"https:\/\/www.ivinio.com\/sv\/#\/schema\/logo\/image\/"},"sameAs":["https:\/\/www.facebook.com\/groups\/165217837022391\/?ref=bookmarks","https:\/\/www.instagram.com\/_ivinio_\/?hl=fr"]}]}},"jetpack_sharing_enabled":true,"_links":{"self":[{"href":"https:\/\/www.ivinio.com\/sv\/wp-json\/wp\/v2\/product\/119015","targetHints":{"allow":["GET"]}}],"collection":[{"href":"https:\/\/www.ivinio.com\/sv\/wp-json\/wp\/v2\/product"}],"about":[{"href":"https:\/\/www.ivinio.com\/sv\/wp-json\/wp\/v2\/types\/product"}],"replies":[{"embeddable":true,"href":"https:\/\/www.ivinio.com\/sv\/wp-json\/wp\/v2\/comments?post=119015"}],"wp:featuredmedia":[{"embeddable":true,"href":"https:\/\/www.ivinio.com\/sv\/wp-json\/wp\/v2\/media\/119016"}],"wp:attachment":[{"href":"https:\/\/www.ivinio.com\/sv\/wp-json\/wp\/v2\/media?parent=119015"}],"wp:term":[{"taxonomy":"product_brand","embeddable":true,"href":"https:\/\/www.ivinio.com\/sv\/wp-json\/wp\/v2\/product_brand?post=119015"},{"taxonomy":"product_cat","embeddable":true,"href":"https:\/\/www.ivinio.com\/sv\/wp-json\/wp\/v2\/product_cat?post=119015"},{"taxonomy":"product_tag","embeddable":true,"href":"https:\/\/www.ivinio.com\/sv\/wp-json\/wp\/v2\/product_tag?post=119015"}],"curies":[{"name":"wp","href":"https:\/\/api.w.org\/{rel}","templated":true}]}}