{"id":118984,"date":"2014-12-28T17:47:23","date_gmt":"2014-12-28T16:47:23","guid":{"rendered":"https:\/\/henrik.www.ivinio.com\/?product=domaine-du-meteore-clos-de-bijou-rod"},"modified":"2023-01-03T13:44:29","modified_gmt":"2023-01-03T12:44:29","slug":"domaine-du-meteore-clos-de-bijou-rod","status":"publish","type":"product","link":"https:\/\/www.ivinio.com\/sv\/produkt\/domaine-du-meteore-clos-de-bijou-rod\/","title":{"rendered":"Domaine du M\u00e9t\u00e9ore &#8211; Clos de Bijou &#8211; R\u00f6d"},"content":{"rendered":"<p>Clos de Bijou fr\u00e5n Domaine du M\u00e9t\u00e9ore framst\u00e4lls av 50% Syrah, 20% Carignan och 30% Grenache. Vinet \u00e4r biologiskt odlat, sk\u00f6rden g\u00f6rs f\u00f6r hand och j\u00e4sningen genomf\u00f6rs separat per druvsort. Det f\u00e4rdiga vinet lagras p\u00e5 st\u00e5ltank f\u00f6r att p\u00e5 s\u00e5 s\u00e4tt bevara frukten och den fr\u00e4cha smaken i vinet.<\/p>\n","protected":false},"excerpt":{"rendered":"<p>Clos de Bijou fr\u00e5n Domaine du M\u00e9t\u00e9ore \u00e4r ett biololiskt odlat fylligt r\u00f6dvin fr\u00e5n appelationen Saint-Chinian. Runda tanniner med en fruktig\u00a0smak med inslag av lakrits som passar till grillat k\u00f6tt.<\/p>\n","protected":false},"featured_media":118985,"comment_status":"open","ping_status":"closed","template":"","meta":{"_monsterinsights_skip_tracking":false,"_monsterinsights_sitenote_active":false,"_monsterinsights_sitenote_note":"","_monsterinsights_sitenote_category":0,"_uf_show_specific_survey":0,"_uf_disable_surveys":false},"product_brand":[],"product_cat":[36588,36627],"product_tag":[],"class_list":{"0":"post-118984","1":"product","2":"type-product","3":"status-publish","4":"has-post-thumbnail","6":"product_cat-franska-viner","7":"product_cat-sv-languedoc","8":"pa_alcohol-degree-14-sv","9":"pa_classification-aop-saint-chinian-sv","10":"pa_color-rod-sv","11":"pa_country-frankrike-sv","12":"pa_grape-variety-carignan-sv","13":"pa_grape-variety-grenache-sv","14":"pa_grape-variety-mourvedre-sv","15":"pa_grape-variety-syrah-sv","16":"pa_region-languedoc-sv","17":"pa_vintage-2016-sv","18":"pa_volume-75-cl-sv","20":"first","21":"outofstock","22":"taxable","23":"shipping-taxable","24":"purchasable","25":"product-type-simple"},"bundled_by":["118993","119481"],"bundle_stock_status":"outofstock","bundle_stock_quantity":null,"bundle_virtual":false,"bundle_layout":"","bundle_add_to_cart_form_location":"","bundle_editable_in_cart":false,"bundle_sold_individually_context":"","bundle_item_grouping":"","bundle_min_size":"","bundle_max_size":"","bundle_price":[],"bundled_items":[],"bundle_sell_ids":[],"yoast_head":"<!-- This site is optimized with the Yoast SEO plugin v27.4 - https:\/\/yoast.com\/product\/yoast-seo-wordpress\/ -->\n<title>Domaine du M\u00e9t\u00e9ore - Clos de Bijou - k\u00f6pa vin p\u00e5 n\u00e4tet - vinbutik online Ivinio.com<\/title>\n<meta name=\"description\" content=\"Clos de Bijou fr\u00e5n Domaine du M\u00e9t\u00e9ore \u00e4r ett biololiskt odlat fylligt r\u00f6dvin fr\u00e5n appelationen Saint-Chiniansom levereras direkt hem till d\u00f6rren.\" \/>\n<meta name=\"robots\" content=\"index, follow, max-snippet:-1, max-image-preview:large, max-video-preview:-1\" \/>\n<link rel=\"canonical\" href=\"https:\/\/www.ivinio.com\/sv\/produkt\/domaine-du-meteore-clos-de-bijou-rod\/\" \/>\n<meta property=\"og:locale\" content=\"sv_SE\" \/>\n<meta property=\"og:type\" content=\"article\" \/>\n<meta property=\"og:title\" content=\"Domaine du M\u00e9t\u00e9ore - Clos de Bijou - k\u00f6pa vin p\u00e5 n\u00e4tet - vinbutik online Ivinio.com\" \/>\n<meta property=\"og:description\" content=\"Clos de Bijou fr\u00e5n Domaine du M\u00e9t\u00e9ore \u00e4r ett biololiskt odlat fylligt r\u00f6dvin fr\u00e5n appelationen Saint-Chiniansom levereras direkt hem till d\u00f6rren.\" \/>\n<meta property=\"og:url\" content=\"https:\/\/www.ivinio.com\/sv\/produkt\/domaine-du-meteore-clos-de-bijou-rod\/\" \/>\n<meta property=\"og:site_name\" content=\"IVINIO Vinbutik\" \/>\n<meta property=\"article:publisher\" content=\"https:\/\/www.facebook.com\/groups\/165217837022391\/?ref=bookmarks\" \/>\n<meta property=\"article:modified_time\" content=\"2023-01-03T12:44:29+00:00\" \/>\n<meta property=\"og:image\" content=\"https:\/\/www.ivinio.com\/wp-content\/uploads\/nc\/public\/modules\/file\/pictures\/5274.meteroreclosdebijou500x500.jpg\" \/>\n\t<meta property=\"og:image:width\" content=\"500\" \/>\n\t<meta property=\"og:image:height\" content=\"500\" \/>\n\t<meta property=\"og:image:type\" content=\"image\/jpeg\" \/>\n<meta name=\"twitter:card\" content=\"summary_large_image\" \/>\n<script type=\"application\/ld+json\" class=\"yoast-schema-graph\">{\"@context\":\"https:\\\/\\\/schema.org\",\"@graph\":[{\"@type\":\"WebPage\",\"@id\":\"https:\\\/\\\/www.ivinio.com\\\/sv\\\/produkt\\\/domaine-du-meteore-clos-de-bijou-rod\\\/\",\"url\":\"https:\\\/\\\/www.ivinio.com\\\/sv\\\/produkt\\\/domaine-du-meteore-clos-de-bijou-rod\\\/\",\"name\":\"Domaine du M\u00e9t\u00e9ore - Clos de Bijou - k\u00f6pa vin p\u00e5 n\u00e4tet - vinbutik online Ivinio.com\",\"isPartOf\":{\"@id\":\"https:\\\/\\\/www.ivinio.com\\\/sv\\\/#website\"},\"primaryImageOfPage\":{\"@id\":\"https:\\\/\\\/www.ivinio.com\\\/sv\\\/produkt\\\/domaine-du-meteore-clos-de-bijou-rod\\\/#primaryimage\"},\"image\":{\"@id\":\"https:\\\/\\\/www.ivinio.com\\\/sv\\\/produkt\\\/domaine-du-meteore-clos-de-bijou-rod\\\/#primaryimage\"},\"thumbnailUrl\":\"https:\\\/\\\/www.ivinio.com\\\/wp-content\\\/uploads\\\/nc\\\/public\\\/modules\\\/file\\\/pictures\\\/5274.meteroreclosdebijou500x500.jpg\",\"datePublished\":\"2014-12-28T16:47:23+00:00\",\"dateModified\":\"2023-01-03T12:44:29+00:00\",\"description\":\"Clos de Bijou fr\u00e5n Domaine du M\u00e9t\u00e9ore \u00e4r ett biololiskt odlat fylligt r\u00f6dvin fr\u00e5n appelationen Saint-Chiniansom levereras direkt hem till d\u00f6rren.\",\"breadcrumb\":{\"@id\":\"https:\\\/\\\/www.ivinio.com\\\/sv\\\/produkt\\\/domaine-du-meteore-clos-de-bijou-rod\\\/#breadcrumb\"},\"inLanguage\":\"sv-SE\",\"potentialAction\":[{\"@type\":\"ReadAction\",\"target\":[\"https:\\\/\\\/www.ivinio.com\\\/sv\\\/produkt\\\/domaine-du-meteore-clos-de-bijou-rod\\\/\"]}]},{\"@type\":\"ImageObject\",\"inLanguage\":\"sv-SE\",\"@id\":\"https:\\\/\\\/www.ivinio.com\\\/sv\\\/produkt\\\/domaine-du-meteore-clos-de-bijou-rod\\\/#primaryimage\",\"url\":\"https:\\\/\\\/www.ivinio.com\\\/wp-content\\\/uploads\\\/nc\\\/public\\\/modules\\\/file\\\/pictures\\\/5274.meteroreclosdebijou500x500.jpg\",\"contentUrl\":\"https:\\\/\\\/www.ivinio.com\\\/wp-content\\\/uploads\\\/nc\\\/public\\\/modules\\\/file\\\/pictures\\\/5274.meteroreclosdebijou500x500.jpg\",\"width\":500,\"height\":500},{\"@type\":\"BreadcrumbList\",\"@id\":\"https:\\\/\\\/www.ivinio.com\\\/sv\\\/produkt\\\/domaine-du-meteore-clos-de-bijou-rod\\\/#breadcrumb\",\"itemListElement\":[{\"@type\":\"ListItem\",\"position\":1,\"name\":\"Hem\",\"item\":\"https:\\\/\\\/www.ivinio.com\\\/sv\\\/\"},{\"@type\":\"ListItem\",\"position\":2,\"name\":\"Vinbutik\",\"item\":\"https:\\\/\\\/www.ivinio.com\\\/sv\\\/vinbutik\\\/\"},{\"@type\":\"ListItem\",\"position\":3,\"name\":\"Domaine du M\u00e9t\u00e9ore &#8211; Clos de Bijou &#8211; R\u00f6d\"}]},{\"@type\":\"WebSite\",\"@id\":\"https:\\\/\\\/www.ivinio.com\\\/sv\\\/#website\",\"url\":\"https:\\\/\\\/www.ivinio.com\\\/sv\\\/\",\"name\":\"IVINIO Vinbutik\",\"description\":\"Vin fr\u00e5n Frankrike och Italien med leverans hem till din d\u00f6rr\",\"publisher\":{\"@id\":\"https:\\\/\\\/www.ivinio.com\\\/sv\\\/#organization\"},\"potentialAction\":[{\"@type\":\"SearchAction\",\"target\":{\"@type\":\"EntryPoint\",\"urlTemplate\":\"https:\\\/\\\/www.ivinio.com\\\/sv\\\/?s={search_term_string}\"},\"query-input\":{\"@type\":\"PropertyValueSpecification\",\"valueRequired\":true,\"valueName\":\"search_term_string\"}}],\"inLanguage\":\"sv-SE\"},{\"@type\":\"Organization\",\"@id\":\"https:\\\/\\\/www.ivinio.com\\\/sv\\\/#organization\",\"name\":\"IVINIO\",\"url\":\"https:\\\/\\\/www.ivinio.com\\\/sv\\\/\",\"logo\":{\"@type\":\"ImageObject\",\"inLanguage\":\"sv-SE\",\"@id\":\"https:\\\/\\\/www.ivinio.com\\\/sv\\\/#\\\/schema\\\/logo\\\/image\\\/\",\"url\":\"https:\\\/\\\/www.ivinio.com\\\/wp-content\\\/uploads\\\/2021\\\/01\\\/Logo-Ivinio-v2.jpg\",\"contentUrl\":\"https:\\\/\\\/www.ivinio.com\\\/wp-content\\\/uploads\\\/2021\\\/01\\\/Logo-Ivinio-v2.jpg\",\"width\":1194,\"height\":1194,\"caption\":\"IVINIO\"},\"image\":{\"@id\":\"https:\\\/\\\/www.ivinio.com\\\/sv\\\/#\\\/schema\\\/logo\\\/image\\\/\"},\"sameAs\":[\"https:\\\/\\\/www.facebook.com\\\/groups\\\/165217837022391\\\/?ref=bookmarks\",\"https:\\\/\\\/www.instagram.com\\\/_ivinio_\\\/?hl=fr\"]}]}<\/script>\n<!-- \/ Yoast SEO plugin. -->","yoast_head_json":{"title":"Domaine du M\u00e9t\u00e9ore - Clos de Bijou - k\u00f6pa vin p\u00e5 n\u00e4tet - vinbutik online Ivinio.com","description":"Clos de Bijou fr\u00e5n Domaine du M\u00e9t\u00e9ore \u00e4r ett biololiskt odlat fylligt r\u00f6dvin fr\u00e5n appelationen Saint-Chiniansom levereras direkt hem till d\u00f6rren.","robots":{"index":"index","follow":"follow","max-snippet":"max-snippet:-1","max-image-preview":"max-image-preview:large","max-video-preview":"max-video-preview:-1"},"canonical":"https:\/\/www.ivinio.com\/sv\/produkt\/domaine-du-meteore-clos-de-bijou-rod\/","og_locale":"sv_SE","og_type":"article","og_title":"Domaine du M\u00e9t\u00e9ore - Clos de Bijou - k\u00f6pa vin p\u00e5 n\u00e4tet - vinbutik online Ivinio.com","og_description":"Clos de Bijou fr\u00e5n Domaine du M\u00e9t\u00e9ore \u00e4r ett biololiskt odlat fylligt r\u00f6dvin fr\u00e5n appelationen Saint-Chiniansom levereras direkt hem till d\u00f6rren.","og_url":"https:\/\/www.ivinio.com\/sv\/produkt\/domaine-du-meteore-clos-de-bijou-rod\/","og_site_name":"IVINIO Vinbutik","article_publisher":"https:\/\/www.facebook.com\/groups\/165217837022391\/?ref=bookmarks","article_modified_time":"2023-01-03T12:44:29+00:00","og_image":[{"width":500,"height":500,"url":"https:\/\/www.ivinio.com\/wp-content\/uploads\/nc\/public\/modules\/file\/pictures\/5274.meteroreclosdebijou500x500.jpg","type":"image\/jpeg"}],"twitter_card":"summary_large_image","schema":{"@context":"https:\/\/schema.org","@graph":[{"@type":"WebPage","@id":"https:\/\/www.ivinio.com\/sv\/produkt\/domaine-du-meteore-clos-de-bijou-rod\/","url":"https:\/\/www.ivinio.com\/sv\/produkt\/domaine-du-meteore-clos-de-bijou-rod\/","name":"Domaine du M\u00e9t\u00e9ore - Clos de Bijou - k\u00f6pa vin p\u00e5 n\u00e4tet - vinbutik online Ivinio.com","isPartOf":{"@id":"https:\/\/www.ivinio.com\/sv\/#website"},"primaryImageOfPage":{"@id":"https:\/\/www.ivinio.com\/sv\/produkt\/domaine-du-meteore-clos-de-bijou-rod\/#primaryimage"},"image":{"@id":"https:\/\/www.ivinio.com\/sv\/produkt\/domaine-du-meteore-clos-de-bijou-rod\/#primaryimage"},"thumbnailUrl":"https:\/\/www.ivinio.com\/wp-content\/uploads\/nc\/public\/modules\/file\/pictures\/5274.meteroreclosdebijou500x500.jpg","datePublished":"2014-12-28T16:47:23+00:00","dateModified":"2023-01-03T12:44:29+00:00","description":"Clos de Bijou fr\u00e5n Domaine du M\u00e9t\u00e9ore \u00e4r ett biololiskt odlat fylligt r\u00f6dvin fr\u00e5n appelationen Saint-Chiniansom levereras direkt hem till d\u00f6rren.","breadcrumb":{"@id":"https:\/\/www.ivinio.com\/sv\/produkt\/domaine-du-meteore-clos-de-bijou-rod\/#breadcrumb"},"inLanguage":"sv-SE","potentialAction":[{"@type":"ReadAction","target":["https:\/\/www.ivinio.com\/sv\/produkt\/domaine-du-meteore-clos-de-bijou-rod\/"]}]},{"@type":"ImageObject","inLanguage":"sv-SE","@id":"https:\/\/www.ivinio.com\/sv\/produkt\/domaine-du-meteore-clos-de-bijou-rod\/#primaryimage","url":"https:\/\/www.ivinio.com\/wp-content\/uploads\/nc\/public\/modules\/file\/pictures\/5274.meteroreclosdebijou500x500.jpg","contentUrl":"https:\/\/www.ivinio.com\/wp-content\/uploads\/nc\/public\/modules\/file\/pictures\/5274.meteroreclosdebijou500x500.jpg","width":500,"height":500},{"@type":"BreadcrumbList","@id":"https:\/\/www.ivinio.com\/sv\/produkt\/domaine-du-meteore-clos-de-bijou-rod\/#breadcrumb","itemListElement":[{"@type":"ListItem","position":1,"name":"Hem","item":"https:\/\/www.ivinio.com\/sv\/"},{"@type":"ListItem","position":2,"name":"Vinbutik","item":"https:\/\/www.ivinio.com\/sv\/vinbutik\/"},{"@type":"ListItem","position":3,"name":"Domaine du M\u00e9t\u00e9ore &#8211; Clos de Bijou &#8211; R\u00f6d"}]},{"@type":"WebSite","@id":"https:\/\/www.ivinio.com\/sv\/#website","url":"https:\/\/www.ivinio.com\/sv\/","name":"IVINIO Vinbutik","description":"Vin fr\u00e5n Frankrike och Italien med leverans hem till din d\u00f6rr","publisher":{"@id":"https:\/\/www.ivinio.com\/sv\/#organization"},"potentialAction":[{"@type":"SearchAction","target":{"@type":"EntryPoint","urlTemplate":"https:\/\/www.ivinio.com\/sv\/?s={search_term_string}"},"query-input":{"@type":"PropertyValueSpecification","valueRequired":true,"valueName":"search_term_string"}}],"inLanguage":"sv-SE"},{"@type":"Organization","@id":"https:\/\/www.ivinio.com\/sv\/#organization","name":"IVINIO","url":"https:\/\/www.ivinio.com\/sv\/","logo":{"@type":"ImageObject","inLanguage":"sv-SE","@id":"https:\/\/www.ivinio.com\/sv\/#\/schema\/logo\/image\/","url":"https:\/\/www.ivinio.com\/wp-content\/uploads\/2021\/01\/Logo-Ivinio-v2.jpg","contentUrl":"https:\/\/www.ivinio.com\/wp-content\/uploads\/2021\/01\/Logo-Ivinio-v2.jpg","width":1194,"height":1194,"caption":"IVINIO"},"image":{"@id":"https:\/\/www.ivinio.com\/sv\/#\/schema\/logo\/image\/"},"sameAs":["https:\/\/www.facebook.com\/groups\/165217837022391\/?ref=bookmarks","https:\/\/www.instagram.com\/_ivinio_\/?hl=fr"]}]}},"jetpack_sharing_enabled":true,"_links":{"self":[{"href":"https:\/\/www.ivinio.com\/sv\/wp-json\/wp\/v2\/product\/118984","targetHints":{"allow":["GET"]}}],"collection":[{"href":"https:\/\/www.ivinio.com\/sv\/wp-json\/wp\/v2\/product"}],"about":[{"href":"https:\/\/www.ivinio.com\/sv\/wp-json\/wp\/v2\/types\/product"}],"replies":[{"embeddable":true,"href":"https:\/\/www.ivinio.com\/sv\/wp-json\/wp\/v2\/comments?post=118984"}],"wp:featuredmedia":[{"embeddable":true,"href":"https:\/\/www.ivinio.com\/sv\/wp-json\/wp\/v2\/media\/118985"}],"wp:attachment":[{"href":"https:\/\/www.ivinio.com\/sv\/wp-json\/wp\/v2\/media?parent=118984"}],"wp:term":[{"taxonomy":"product_brand","embeddable":true,"href":"https:\/\/www.ivinio.com\/sv\/wp-json\/wp\/v2\/product_brand?post=118984"},{"taxonomy":"product_cat","embeddable":true,"href":"https:\/\/www.ivinio.com\/sv\/wp-json\/wp\/v2\/product_cat?post=118984"},{"taxonomy":"product_tag","embeddable":true,"href":"https:\/\/www.ivinio.com\/sv\/wp-json\/wp\/v2\/product_tag?post=118984"}],"curies":[{"name":"wp","href":"https:\/\/api.w.org\/{rel}","templated":true}]}}