{"id":118925,"date":"2014-11-28T17:47:04","date_gmt":"2014-11-28T17:47:04","guid":{"rendered":"https:\/\/henrik.www.ivinio.com\/?product=domaine-roux-pere-fils-saint-aubin-la-pucelle-2018-vit"},"modified":"2026-03-25T18:09:34","modified_gmt":"2026-03-25T17:09:34","slug":"domaine-roux-pere-fils-saint-aubin-vit","status":"publish","type":"product","link":"https:\/\/www.ivinio.com\/sv\/produkt\/domaine-roux-pere-fils-saint-aubin-vit\/","title":{"rendered":"Domaine Roux P\u00e8re &#038; fils &#8211; Saint-Aubin &#8211; Vit"},"content":{"rendered":"<p>Domaine Roux P\u00e8re &amp; fils &#8211; Saint-Aubin &#8211; Vitvin \u00e4r ett exklusivt vitvin fr\u00e5n appelationen Saint Aubin som framst\u00e4llts av 100% Chardonnay-druvor. Druvorna plockas f\u00f6r hand och vinifieringen \u00e4r klassisk men man tar sig hj\u00e4lp av modern teknik, inte minst vad g\u00e4ller kontrollen av temperaturen under j\u00e4sningsprocessen. Vinet lagras p\u00e5 ekfat, varav 10 till 20% \u00e4r nya.<\/p>\n","protected":false},"excerpt":{"rendered":"<p>Saint Aubin \u00e4r ett exklusivt vitvin fr\u00e5n Domaine Roux P\u00e8re &amp; fils framst\u00e4llt av 100% Chardonnay.<\/p>\n","protected":false},"featured_media":139705,"comment_status":"open","ping_status":"closed","template":"","meta":{"_monsterinsights_skip_tracking":false,"_monsterinsights_sitenote_active":false,"_monsterinsights_sitenote_note":"","_monsterinsights_sitenote_category":0,"_uf_show_specific_survey":0,"_uf_disable_surveys":false},"product_brand":[],"product_cat":[36612,36588],"product_tag":[],"class_list":{"0":"post-118925","1":"product","2":"type-product","3":"status-publish","4":"has-post-thumbnail","6":"product_cat-sv-bourgogne","7":"product_cat-franska-viner","8":"pa_alcohol-degree-13-sv","9":"pa_awards-guide-hachette-sv","10":"pa_color-vit-sv","11":"pa_country-frankrike-sv","12":"pa_grape-variety-chardonnay-sv","13":"pa_package-1x1-sv","14":"pa_package-1x6-sv","15":"pa_region-bourgogne-sv","16":"pa_vintage-2018-sv","17":"pa_volume-75-cl-sv","19":"first","20":"instock","21":"taxable","22":"shipping-taxable","23":"purchasable","24":"product-type-variable"},"bundled_by":["118941"],"bundle_stock_status":"instock","bundle_stock_quantity":null,"bundle_virtual":false,"bundle_layout":"","bundle_add_to_cart_form_location":"","bundle_editable_in_cart":false,"bundle_sold_individually_context":"","bundle_item_grouping":"","bundle_min_size":"","bundle_max_size":"","bundle_price":[],"bundled_items":[],"bundle_sell_ids":[],"yoast_head":"<!-- This site is optimized with the Yoast SEO plugin v27.6 - https:\/\/yoast.com\/product\/yoast-seo-wordpress\/ -->\n<title>Domaine Roux P\u00e8re &amp; fils - Saint-Aubin - Vitvin<\/title>\n<meta name=\"description\" content=\"Domaine Roux P\u00e8re &amp; fils - Saint-Aubin - Vitvin fr\u00e5n Domaine Roux P\u00e8re &amp; fils framst\u00e4llt av 100% Chardonnay levereras direkt hem till d\u00f6rren.\" \/>\n<meta name=\"robots\" content=\"index, follow, max-snippet:-1, max-image-preview:large, max-video-preview:-1\" \/>\n<link rel=\"canonical\" href=\"https:\/\/www.ivinio.com\/sv\/produkt\/domaine-roux-pere-fils-saint-aubin-vit\/\" \/>\n<meta property=\"og:locale\" content=\"sv_SE\" \/>\n<meta property=\"og:type\" content=\"article\" \/>\n<meta property=\"og:title\" content=\"Domaine Roux P\u00e8re &amp; fils - Saint-Aubin - Vitvin\" \/>\n<meta property=\"og:description\" content=\"Domaine Roux P\u00e8re &amp; fils - Saint-Aubin - Vitvin fr\u00e5n Domaine Roux P\u00e8re &amp; fils framst\u00e4llt av 100% Chardonnay levereras direkt hem till d\u00f6rren.\" \/>\n<meta property=\"og:url\" content=\"https:\/\/www.ivinio.com\/sv\/produkt\/domaine-roux-pere-fils-saint-aubin-vit\/\" \/>\n<meta property=\"og:site_name\" content=\"IVINIO Vinbutik\" \/>\n<meta property=\"article:publisher\" content=\"https:\/\/www.facebook.com\/groups\/165217837022391\/?ref=bookmarks\" \/>\n<meta property=\"article:modified_time\" content=\"2026-03-25T17:09:34+00:00\" \/>\n<meta property=\"og:image\" content=\"https:\/\/www.ivinio.com\/wp-content\/uploads\/2014\/11\/Domaine-Roux-Saint-Aubin-IVINIO.jpg\" \/>\n\t<meta property=\"og:image:width\" content=\"500\" \/>\n\t<meta property=\"og:image:height\" content=\"500\" \/>\n\t<meta property=\"og:image:type\" content=\"image\/jpeg\" \/>\n<meta name=\"twitter:card\" content=\"summary_large_image\" \/>\n<meta name=\"twitter:label1\" content=\"Ber\u00e4knad l\u00e4stid\" \/>\n\t<meta name=\"twitter:data1\" content=\"1 minut\" \/>\n<script type=\"application\/ld+json\" class=\"yoast-schema-graph\">{\"@context\":\"https:\\\/\\\/schema.org\",\"@graph\":[{\"@type\":\"WebPage\",\"@id\":\"https:\\\/\\\/www.ivinio.com\\\/sv\\\/produkt\\\/domaine-roux-pere-fils-saint-aubin-vit\\\/\",\"url\":\"https:\\\/\\\/www.ivinio.com\\\/sv\\\/produkt\\\/domaine-roux-pere-fils-saint-aubin-vit\\\/\",\"name\":\"Domaine Roux P\u00e8re & fils - Saint-Aubin - Vitvin\",\"isPartOf\":{\"@id\":\"https:\\\/\\\/www.ivinio.com\\\/sv\\\/#website\"},\"primaryImageOfPage\":{\"@id\":\"https:\\\/\\\/www.ivinio.com\\\/sv\\\/produkt\\\/domaine-roux-pere-fils-saint-aubin-vit\\\/#primaryimage\"},\"image\":{\"@id\":\"https:\\\/\\\/www.ivinio.com\\\/sv\\\/produkt\\\/domaine-roux-pere-fils-saint-aubin-vit\\\/#primaryimage\"},\"thumbnailUrl\":\"https:\\\/\\\/www.ivinio.com\\\/wp-content\\\/uploads\\\/2014\\\/11\\\/Domaine-Roux-Saint-Aubin-IVINIO.jpg\",\"datePublished\":\"2014-11-28T17:47:04+00:00\",\"dateModified\":\"2026-03-25T17:09:34+00:00\",\"description\":\"Domaine Roux P\u00e8re & fils - Saint-Aubin - Vitvin fr\u00e5n Domaine Roux P\u00e8re & fils framst\u00e4llt av 100% Chardonnay levereras direkt hem till d\u00f6rren.\",\"breadcrumb\":{\"@id\":\"https:\\\/\\\/www.ivinio.com\\\/sv\\\/produkt\\\/domaine-roux-pere-fils-saint-aubin-vit\\\/#breadcrumb\"},\"inLanguage\":\"sv-SE\",\"potentialAction\":[{\"@type\":\"ReadAction\",\"target\":[\"https:\\\/\\\/www.ivinio.com\\\/sv\\\/produkt\\\/domaine-roux-pere-fils-saint-aubin-vit\\\/\"]}]},{\"@type\":\"ImageObject\",\"inLanguage\":\"sv-SE\",\"@id\":\"https:\\\/\\\/www.ivinio.com\\\/sv\\\/produkt\\\/domaine-roux-pere-fils-saint-aubin-vit\\\/#primaryimage\",\"url\":\"https:\\\/\\\/www.ivinio.com\\\/wp-content\\\/uploads\\\/2014\\\/11\\\/Domaine-Roux-Saint-Aubin-IVINIO.jpg\",\"contentUrl\":\"https:\\\/\\\/www.ivinio.com\\\/wp-content\\\/uploads\\\/2014\\\/11\\\/Domaine-Roux-Saint-Aubin-IVINIO.jpg\",\"width\":500,\"height\":500},{\"@type\":\"BreadcrumbList\",\"@id\":\"https:\\\/\\\/www.ivinio.com\\\/sv\\\/produkt\\\/domaine-roux-pere-fils-saint-aubin-vit\\\/#breadcrumb\",\"itemListElement\":[{\"@type\":\"ListItem\",\"position\":1,\"name\":\"Hem\",\"item\":\"https:\\\/\\\/www.ivinio.com\\\/sv\\\/\"},{\"@type\":\"ListItem\",\"position\":2,\"name\":\"Vinbutik\",\"item\":\"https:\\\/\\\/www.ivinio.com\\\/sv\\\/vinbutik\\\/\"},{\"@type\":\"ListItem\",\"position\":3,\"name\":\"Domaine Roux P\u00e8re &#038; fils &#8211; Saint-Aubin &#8211; Vit\"}]},{\"@type\":\"WebSite\",\"@id\":\"https:\\\/\\\/www.ivinio.com\\\/sv\\\/#website\",\"url\":\"https:\\\/\\\/www.ivinio.com\\\/sv\\\/\",\"name\":\"IVINIO Vinbutik\",\"description\":\"Vin fr\u00e5n Frankrike och Italien med leverans hem till din d\u00f6rr\",\"publisher\":{\"@id\":\"https:\\\/\\\/www.ivinio.com\\\/sv\\\/#organization\"},\"potentialAction\":[{\"@type\":\"SearchAction\",\"target\":{\"@type\":\"EntryPoint\",\"urlTemplate\":\"https:\\\/\\\/www.ivinio.com\\\/sv\\\/?s={search_term_string}\"},\"query-input\":{\"@type\":\"PropertyValueSpecification\",\"valueRequired\":true,\"valueName\":\"search_term_string\"}}],\"inLanguage\":\"sv-SE\"},{\"@type\":\"Organization\",\"@id\":\"https:\\\/\\\/www.ivinio.com\\\/sv\\\/#organization\",\"name\":\"IVINIO\",\"url\":\"https:\\\/\\\/www.ivinio.com\\\/sv\\\/\",\"logo\":{\"@type\":\"ImageObject\",\"inLanguage\":\"sv-SE\",\"@id\":\"https:\\\/\\\/www.ivinio.com\\\/sv\\\/#\\\/schema\\\/logo\\\/image\\\/\",\"url\":\"https:\\\/\\\/www.ivinio.com\\\/wp-content\\\/uploads\\\/2021\\\/01\\\/Logo-Ivinio-v2.jpg\",\"contentUrl\":\"https:\\\/\\\/www.ivinio.com\\\/wp-content\\\/uploads\\\/2021\\\/01\\\/Logo-Ivinio-v2.jpg\",\"width\":1194,\"height\":1194,\"caption\":\"IVINIO\"},\"image\":{\"@id\":\"https:\\\/\\\/www.ivinio.com\\\/sv\\\/#\\\/schema\\\/logo\\\/image\\\/\"},\"sameAs\":[\"https:\\\/\\\/www.facebook.com\\\/groups\\\/165217837022391\\\/?ref=bookmarks\",\"https:\\\/\\\/www.instagram.com\\\/_ivinio_\\\/?hl=fr\"]}]}<\/script>\n<!-- \/ Yoast SEO plugin. -->","yoast_head_json":{"title":"Domaine Roux P\u00e8re & fils - Saint-Aubin - Vitvin","description":"Domaine Roux P\u00e8re & fils - Saint-Aubin - Vitvin fr\u00e5n Domaine Roux P\u00e8re & fils framst\u00e4llt av 100% Chardonnay levereras direkt hem till d\u00f6rren.","robots":{"index":"index","follow":"follow","max-snippet":"max-snippet:-1","max-image-preview":"max-image-preview:large","max-video-preview":"max-video-preview:-1"},"canonical":"https:\/\/www.ivinio.com\/sv\/produkt\/domaine-roux-pere-fils-saint-aubin-vit\/","og_locale":"sv_SE","og_type":"article","og_title":"Domaine Roux P\u00e8re & fils - Saint-Aubin - Vitvin","og_description":"Domaine Roux P\u00e8re & fils - Saint-Aubin - Vitvin fr\u00e5n Domaine Roux P\u00e8re & fils framst\u00e4llt av 100% Chardonnay levereras direkt hem till d\u00f6rren.","og_url":"https:\/\/www.ivinio.com\/sv\/produkt\/domaine-roux-pere-fils-saint-aubin-vit\/","og_site_name":"IVINIO Vinbutik","article_publisher":"https:\/\/www.facebook.com\/groups\/165217837022391\/?ref=bookmarks","article_modified_time":"2026-03-25T17:09:34+00:00","og_image":[{"width":500,"height":500,"url":"https:\/\/www.ivinio.com\/wp-content\/uploads\/2014\/11\/Domaine-Roux-Saint-Aubin-IVINIO.jpg","type":"image\/jpeg"}],"twitter_card":"summary_large_image","twitter_misc":{"Ber\u00e4knad l\u00e4stid":"1 minut"},"schema":{"@context":"https:\/\/schema.org","@graph":[{"@type":"WebPage","@id":"https:\/\/www.ivinio.com\/sv\/produkt\/domaine-roux-pere-fils-saint-aubin-vit\/","url":"https:\/\/www.ivinio.com\/sv\/produkt\/domaine-roux-pere-fils-saint-aubin-vit\/","name":"Domaine Roux P\u00e8re & fils - Saint-Aubin - Vitvin","isPartOf":{"@id":"https:\/\/www.ivinio.com\/sv\/#website"},"primaryImageOfPage":{"@id":"https:\/\/www.ivinio.com\/sv\/produkt\/domaine-roux-pere-fils-saint-aubin-vit\/#primaryimage"},"image":{"@id":"https:\/\/www.ivinio.com\/sv\/produkt\/domaine-roux-pere-fils-saint-aubin-vit\/#primaryimage"},"thumbnailUrl":"https:\/\/www.ivinio.com\/wp-content\/uploads\/2014\/11\/Domaine-Roux-Saint-Aubin-IVINIO.jpg","datePublished":"2014-11-28T17:47:04+00:00","dateModified":"2026-03-25T17:09:34+00:00","description":"Domaine Roux P\u00e8re & fils - Saint-Aubin - Vitvin fr\u00e5n Domaine Roux P\u00e8re & fils framst\u00e4llt av 100% Chardonnay levereras direkt hem till d\u00f6rren.","breadcrumb":{"@id":"https:\/\/www.ivinio.com\/sv\/produkt\/domaine-roux-pere-fils-saint-aubin-vit\/#breadcrumb"},"inLanguage":"sv-SE","potentialAction":[{"@type":"ReadAction","target":["https:\/\/www.ivinio.com\/sv\/produkt\/domaine-roux-pere-fils-saint-aubin-vit\/"]}]},{"@type":"ImageObject","inLanguage":"sv-SE","@id":"https:\/\/www.ivinio.com\/sv\/produkt\/domaine-roux-pere-fils-saint-aubin-vit\/#primaryimage","url":"https:\/\/www.ivinio.com\/wp-content\/uploads\/2014\/11\/Domaine-Roux-Saint-Aubin-IVINIO.jpg","contentUrl":"https:\/\/www.ivinio.com\/wp-content\/uploads\/2014\/11\/Domaine-Roux-Saint-Aubin-IVINIO.jpg","width":500,"height":500},{"@type":"BreadcrumbList","@id":"https:\/\/www.ivinio.com\/sv\/produkt\/domaine-roux-pere-fils-saint-aubin-vit\/#breadcrumb","itemListElement":[{"@type":"ListItem","position":1,"name":"Hem","item":"https:\/\/www.ivinio.com\/sv\/"},{"@type":"ListItem","position":2,"name":"Vinbutik","item":"https:\/\/www.ivinio.com\/sv\/vinbutik\/"},{"@type":"ListItem","position":3,"name":"Domaine Roux P\u00e8re &#038; fils &#8211; Saint-Aubin &#8211; Vit"}]},{"@type":"WebSite","@id":"https:\/\/www.ivinio.com\/sv\/#website","url":"https:\/\/www.ivinio.com\/sv\/","name":"IVINIO Vinbutik","description":"Vin fr\u00e5n Frankrike och Italien med leverans hem till din d\u00f6rr","publisher":{"@id":"https:\/\/www.ivinio.com\/sv\/#organization"},"potentialAction":[{"@type":"SearchAction","target":{"@type":"EntryPoint","urlTemplate":"https:\/\/www.ivinio.com\/sv\/?s={search_term_string}"},"query-input":{"@type":"PropertyValueSpecification","valueRequired":true,"valueName":"search_term_string"}}],"inLanguage":"sv-SE"},{"@type":"Organization","@id":"https:\/\/www.ivinio.com\/sv\/#organization","name":"IVINIO","url":"https:\/\/www.ivinio.com\/sv\/","logo":{"@type":"ImageObject","inLanguage":"sv-SE","@id":"https:\/\/www.ivinio.com\/sv\/#\/schema\/logo\/image\/","url":"https:\/\/www.ivinio.com\/wp-content\/uploads\/2021\/01\/Logo-Ivinio-v2.jpg","contentUrl":"https:\/\/www.ivinio.com\/wp-content\/uploads\/2021\/01\/Logo-Ivinio-v2.jpg","width":1194,"height":1194,"caption":"IVINIO"},"image":{"@id":"https:\/\/www.ivinio.com\/sv\/#\/schema\/logo\/image\/"},"sameAs":["https:\/\/www.facebook.com\/groups\/165217837022391\/?ref=bookmarks","https:\/\/www.instagram.com\/_ivinio_\/?hl=fr"]}]}},"jetpack_sharing_enabled":true,"_links":{"self":[{"href":"https:\/\/www.ivinio.com\/sv\/wp-json\/wp\/v2\/product\/118925","targetHints":{"allow":["GET"]}}],"collection":[{"href":"https:\/\/www.ivinio.com\/sv\/wp-json\/wp\/v2\/product"}],"about":[{"href":"https:\/\/www.ivinio.com\/sv\/wp-json\/wp\/v2\/types\/product"}],"replies":[{"embeddable":true,"href":"https:\/\/www.ivinio.com\/sv\/wp-json\/wp\/v2\/comments?post=118925"}],"wp:featuredmedia":[{"embeddable":true,"href":"https:\/\/www.ivinio.com\/sv\/wp-json\/wp\/v2\/media\/139705"}],"wp:attachment":[{"href":"https:\/\/www.ivinio.com\/sv\/wp-json\/wp\/v2\/media?parent=118925"}],"wp:term":[{"taxonomy":"product_brand","embeddable":true,"href":"https:\/\/www.ivinio.com\/sv\/wp-json\/wp\/v2\/product_brand?post=118925"},{"taxonomy":"product_cat","embeddable":true,"href":"https:\/\/www.ivinio.com\/sv\/wp-json\/wp\/v2\/product_cat?post=118925"},{"taxonomy":"product_tag","embeddable":true,"href":"https:\/\/www.ivinio.com\/sv\/wp-json\/wp\/v2\/product_tag?post=118925"}],"curies":[{"name":"wp","href":"https:\/\/api.w.org\/{rel}","templated":true}]}}