{"id":118857,"date":"2014-11-01T17:41:26","date_gmt":"2014-11-01T17:41:26","guid":{"rendered":"https:\/\/henrik.www.ivinio.com\/?product=fattoria-zerbina-sangiovese-di-romagna-superiore-torre-di-ceparano-rod"},"modified":"2023-01-07T19:47:03","modified_gmt":"2023-01-07T18:47:03","slug":"fattoria-zerbina-sangiovese-di-romagna-superiore-torre-di-ceparano-rod","status":"publish","type":"product","link":"https:\/\/www.ivinio.com\/sv\/produkt\/fattoria-zerbina-sangiovese-di-romagna-superiore-torre-di-ceparano-rod\/","title":{"rendered":"Fattoria Zerbina &#8211; Sangiovese di Romagna Superiore &#8220;Torre di Ceparano&#8221; &#8211; R\u00f6d"},"content":{"rendered":"<p>&#8220;Torre di Ceparano&#8221; \u00e4r ett Sangiovese di Romagna Superiore Riserva fr\u00e5n Fattoria Zerbina, gjort av 88% Sangiovese-, 5-10 % Syrah-, 5-10% Merlot-, 5% Cabernet sauvignon- och 2-3% Ancellottadruvor.\u00a0Efter sk\u00f6rden l\u00e4ggs druvorna i\u00a0medelstora st\u00e5ltankar f\u00f6r j\u00e4sning i 15-21 dagar. Vinet lagras sedan p\u00e5 franksa ekfat (10% nya) samt i viss m\u00e5n amerikanska fat.<\/p>\n","protected":false},"excerpt":{"rendered":"<p>&#8220;Torre di Ceparano&#8221;\u00a0\u00e4r en\u00a0Sangiovese di Romagna Superiore Riserva\u00a0fr\u00e5n Fattoria Zerbina framst\u00e4lld av sangiovese-, syrah-, \u00a0merlot-, cabernet sauvignon- och ancellottadruvor. Ett fylligt fruktigt r\u00f6dvin som lagrats p\u00e5 ekfat.<\/p>\n","protected":false},"featured_media":118858,"comment_status":"open","ping_status":"closed","template":"","meta":{"_monsterinsights_skip_tracking":false,"_monsterinsights_sitenote_active":false,"_monsterinsights_sitenote_note":"","_monsterinsights_sitenote_category":0,"_uf_show_specific_survey":0,"_uf_disable_surveys":false},"product_brand":[],"product_cat":[36661,36589],"product_tag":[],"class_list":{"0":"post-118857","1":"product","2":"type-product","3":"status-publish","4":"has-post-thumbnail","6":"product_cat-fr-emilia-romagna","7":"product_cat-vins-italiens","8":"pa_alcohol-degree-40057","9":"pa_classification-doc-sangiovese-di-romagna-superiore-riserva-fr","10":"pa_color-rouge-fr","11":"pa_country-italie-fr","12":"pa_region-emilia-romagna-fr","13":"pa_vintage-2011-fr","14":"pa_volume-75-cl-fr","16":"first","17":"outofstock","18":"taxable","19":"shipping-taxable","20":"purchasable","21":"product-type-simple"},"bundled_by":["118866"],"bundle_stock_status":"outofstock","bundle_stock_quantity":null,"bundle_virtual":false,"bundle_layout":"","bundle_add_to_cart_form_location":"","bundle_editable_in_cart":false,"bundle_sold_individually_context":"","bundle_item_grouping":"","bundle_min_size":"","bundle_max_size":"","bundle_price":[],"bundled_items":[],"bundle_sell_ids":[],"yoast_head":"<!-- This site is optimized with the Yoast SEO plugin v27.5 - https:\/\/yoast.com\/product\/yoast-seo-wordpress\/ -->\n<title>Fattoria Zerbina - Sangiovese di Romagna Superiore &quot;Ceregio&quot; - k\u00f6pa italienska viner fr\u00e5n Emilia Romagna p\u00e5 n\u00e4tet - vinbutik online Ivinio.com<\/title>\n<meta name=\"description\" content=\"&quot;Ceregio&quot; \u00e4r en Sangiovese di Romagna Superiore fr\u00e5n Fattoria Zerbina framst\u00e4lld av 100% Sangiovesedruvor. Ett fruktigt och v\u00e4lgjort r\u00f6dvin som levereras direkt hem till d\u00f6rren.\" \/>\n<meta name=\"robots\" content=\"index, follow, max-snippet:-1, max-image-preview:large, max-video-preview:-1\" \/>\n<link rel=\"canonical\" href=\"https:\/\/www.ivinio.com\/sv\/produkt\/fattoria-zerbina-sangiovese-di-romagna-superiore-torre-di-ceparano-rod\/\" \/>\n<meta property=\"og:locale\" content=\"sv_SE\" \/>\n<meta property=\"og:type\" content=\"article\" \/>\n<meta property=\"og:title\" content=\"Fattoria Zerbina - Sangiovese di Romagna Superiore &quot;Ceregio&quot; - k\u00f6pa italienska viner fr\u00e5n Emilia Romagna p\u00e5 n\u00e4tet - vinbutik online Ivinio.com\" \/>\n<meta property=\"og:description\" content=\"&quot;Ceregio&quot; \u00e4r en Sangiovese di Romagna Superiore fr\u00e5n Fattoria Zerbina framst\u00e4lld av 100% Sangiovesedruvor. Ett fruktigt och v\u00e4lgjort r\u00f6dvin som levereras direkt hem till d\u00f6rren.\" \/>\n<meta property=\"og:url\" content=\"https:\/\/www.ivinio.com\/sv\/produkt\/fattoria-zerbina-sangiovese-di-romagna-superiore-torre-di-ceparano-rod\/\" \/>\n<meta property=\"og:site_name\" content=\"IVINIO Vinbutik\" \/>\n<meta property=\"article:publisher\" content=\"https:\/\/www.facebook.com\/groups\/165217837022391\/?ref=bookmarks\" \/>\n<meta property=\"article:modified_time\" content=\"2023-01-07T18:47:03+00:00\" \/>\n<meta property=\"og:image\" content=\"https:\/\/www.ivinio.com\/wp-content\/uploads\/nc\/public\/modules\/file\/pictures\/5185.fattoriazerbinatorredi500x5.jpg\" \/>\n\t<meta property=\"og:image:width\" content=\"500\" \/>\n\t<meta property=\"og:image:height\" content=\"500\" \/>\n\t<meta property=\"og:image:type\" content=\"image\/jpeg\" \/>\n<meta name=\"twitter:card\" content=\"summary_large_image\" \/>\n<script type=\"application\/ld+json\" class=\"yoast-schema-graph\">{\"@context\":\"https:\\\/\\\/schema.org\",\"@graph\":[{\"@type\":\"WebPage\",\"@id\":\"https:\\\/\\\/www.ivinio.com\\\/sv\\\/produkt\\\/fattoria-zerbina-sangiovese-di-romagna-superiore-torre-di-ceparano-rod\\\/\",\"url\":\"https:\\\/\\\/www.ivinio.com\\\/sv\\\/produkt\\\/fattoria-zerbina-sangiovese-di-romagna-superiore-torre-di-ceparano-rod\\\/\",\"name\":\"Fattoria Zerbina - Sangiovese di Romagna Superiore \\\"Ceregio\\\" - k\u00f6pa italienska viner fr\u00e5n Emilia Romagna p\u00e5 n\u00e4tet - vinbutik online Ivinio.com\",\"isPartOf\":{\"@id\":\"https:\\\/\\\/www.ivinio.com\\\/sv\\\/#website\"},\"primaryImageOfPage\":{\"@id\":\"https:\\\/\\\/www.ivinio.com\\\/sv\\\/produkt\\\/fattoria-zerbina-sangiovese-di-romagna-superiore-torre-di-ceparano-rod\\\/#primaryimage\"},\"image\":{\"@id\":\"https:\\\/\\\/www.ivinio.com\\\/sv\\\/produkt\\\/fattoria-zerbina-sangiovese-di-romagna-superiore-torre-di-ceparano-rod\\\/#primaryimage\"},\"thumbnailUrl\":\"https:\\\/\\\/www.ivinio.com\\\/wp-content\\\/uploads\\\/nc\\\/public\\\/modules\\\/file\\\/pictures\\\/5185.fattoriazerbinatorredi500x5.jpg\",\"datePublished\":\"2014-11-01T17:41:26+00:00\",\"dateModified\":\"2023-01-07T18:47:03+00:00\",\"description\":\"\\\"Ceregio\\\" \u00e4r en Sangiovese di Romagna Superiore fr\u00e5n Fattoria Zerbina framst\u00e4lld av 100% Sangiovesedruvor. Ett fruktigt och v\u00e4lgjort r\u00f6dvin som levereras direkt hem till d\u00f6rren.\",\"breadcrumb\":{\"@id\":\"https:\\\/\\\/www.ivinio.com\\\/sv\\\/produkt\\\/fattoria-zerbina-sangiovese-di-romagna-superiore-torre-di-ceparano-rod\\\/#breadcrumb\"},\"inLanguage\":\"sv-SE\",\"potentialAction\":[{\"@type\":\"ReadAction\",\"target\":[\"https:\\\/\\\/www.ivinio.com\\\/sv\\\/produkt\\\/fattoria-zerbina-sangiovese-di-romagna-superiore-torre-di-ceparano-rod\\\/\"]}]},{\"@type\":\"ImageObject\",\"inLanguage\":\"sv-SE\",\"@id\":\"https:\\\/\\\/www.ivinio.com\\\/sv\\\/produkt\\\/fattoria-zerbina-sangiovese-di-romagna-superiore-torre-di-ceparano-rod\\\/#primaryimage\",\"url\":\"https:\\\/\\\/www.ivinio.com\\\/wp-content\\\/uploads\\\/nc\\\/public\\\/modules\\\/file\\\/pictures\\\/5185.fattoriazerbinatorredi500x5.jpg\",\"contentUrl\":\"https:\\\/\\\/www.ivinio.com\\\/wp-content\\\/uploads\\\/nc\\\/public\\\/modules\\\/file\\\/pictures\\\/5185.fattoriazerbinatorredi500x5.jpg\",\"width\":500,\"height\":500},{\"@type\":\"BreadcrumbList\",\"@id\":\"https:\\\/\\\/www.ivinio.com\\\/sv\\\/produkt\\\/fattoria-zerbina-sangiovese-di-romagna-superiore-torre-di-ceparano-rod\\\/#breadcrumb\",\"itemListElement\":[{\"@type\":\"ListItem\",\"position\":1,\"name\":\"Hem\",\"item\":\"https:\\\/\\\/www.ivinio.com\\\/sv\\\/\"},{\"@type\":\"ListItem\",\"position\":2,\"name\":\"Vinbutik\",\"item\":\"https:\\\/\\\/www.ivinio.com\\\/sv\\\/vinbutik\\\/\"},{\"@type\":\"ListItem\",\"position\":3,\"name\":\"Fattoria Zerbina &#8211; Sangiovese di Romagna Superiore &#8220;Torre di Ceparano&#8221; &#8211; R\u00f6d\"}]},{\"@type\":\"WebSite\",\"@id\":\"https:\\\/\\\/www.ivinio.com\\\/sv\\\/#website\",\"url\":\"https:\\\/\\\/www.ivinio.com\\\/sv\\\/\",\"name\":\"IVINIO Vinbutik\",\"description\":\"Vin fr\u00e5n Frankrike och Italien med leverans hem till din d\u00f6rr\",\"publisher\":{\"@id\":\"https:\\\/\\\/www.ivinio.com\\\/sv\\\/#organization\"},\"potentialAction\":[{\"@type\":\"SearchAction\",\"target\":{\"@type\":\"EntryPoint\",\"urlTemplate\":\"https:\\\/\\\/www.ivinio.com\\\/sv\\\/?s={search_term_string}\"},\"query-input\":{\"@type\":\"PropertyValueSpecification\",\"valueRequired\":true,\"valueName\":\"search_term_string\"}}],\"inLanguage\":\"sv-SE\"},{\"@type\":\"Organization\",\"@id\":\"https:\\\/\\\/www.ivinio.com\\\/sv\\\/#organization\",\"name\":\"IVINIO\",\"url\":\"https:\\\/\\\/www.ivinio.com\\\/sv\\\/\",\"logo\":{\"@type\":\"ImageObject\",\"inLanguage\":\"sv-SE\",\"@id\":\"https:\\\/\\\/www.ivinio.com\\\/sv\\\/#\\\/schema\\\/logo\\\/image\\\/\",\"url\":\"https:\\\/\\\/www.ivinio.com\\\/wp-content\\\/uploads\\\/2021\\\/01\\\/Logo-Ivinio-v2.jpg\",\"contentUrl\":\"https:\\\/\\\/www.ivinio.com\\\/wp-content\\\/uploads\\\/2021\\\/01\\\/Logo-Ivinio-v2.jpg\",\"width\":1194,\"height\":1194,\"caption\":\"IVINIO\"},\"image\":{\"@id\":\"https:\\\/\\\/www.ivinio.com\\\/sv\\\/#\\\/schema\\\/logo\\\/image\\\/\"},\"sameAs\":[\"https:\\\/\\\/www.facebook.com\\\/groups\\\/165217837022391\\\/?ref=bookmarks\",\"https:\\\/\\\/www.instagram.com\\\/_ivinio_\\\/?hl=fr\"]}]}<\/script>\n<!-- \/ Yoast SEO plugin. -->","yoast_head_json":{"title":"Fattoria Zerbina - Sangiovese di Romagna Superiore \"Ceregio\" - k\u00f6pa italienska viner fr\u00e5n Emilia Romagna p\u00e5 n\u00e4tet - vinbutik online Ivinio.com","description":"\"Ceregio\" \u00e4r en Sangiovese di Romagna Superiore fr\u00e5n Fattoria Zerbina framst\u00e4lld av 100% Sangiovesedruvor. Ett fruktigt och v\u00e4lgjort r\u00f6dvin som levereras direkt hem till d\u00f6rren.","robots":{"index":"index","follow":"follow","max-snippet":"max-snippet:-1","max-image-preview":"max-image-preview:large","max-video-preview":"max-video-preview:-1"},"canonical":"https:\/\/www.ivinio.com\/sv\/produkt\/fattoria-zerbina-sangiovese-di-romagna-superiore-torre-di-ceparano-rod\/","og_locale":"sv_SE","og_type":"article","og_title":"Fattoria Zerbina - Sangiovese di Romagna Superiore \"Ceregio\" - k\u00f6pa italienska viner fr\u00e5n Emilia Romagna p\u00e5 n\u00e4tet - vinbutik online Ivinio.com","og_description":"\"Ceregio\" \u00e4r en Sangiovese di Romagna Superiore fr\u00e5n Fattoria Zerbina framst\u00e4lld av 100% Sangiovesedruvor. Ett fruktigt och v\u00e4lgjort r\u00f6dvin som levereras direkt hem till d\u00f6rren.","og_url":"https:\/\/www.ivinio.com\/sv\/produkt\/fattoria-zerbina-sangiovese-di-romagna-superiore-torre-di-ceparano-rod\/","og_site_name":"IVINIO Vinbutik","article_publisher":"https:\/\/www.facebook.com\/groups\/165217837022391\/?ref=bookmarks","article_modified_time":"2023-01-07T18:47:03+00:00","og_image":[{"width":500,"height":500,"url":"https:\/\/www.ivinio.com\/wp-content\/uploads\/nc\/public\/modules\/file\/pictures\/5185.fattoriazerbinatorredi500x5.jpg","type":"image\/jpeg"}],"twitter_card":"summary_large_image","schema":{"@context":"https:\/\/schema.org","@graph":[{"@type":"WebPage","@id":"https:\/\/www.ivinio.com\/sv\/produkt\/fattoria-zerbina-sangiovese-di-romagna-superiore-torre-di-ceparano-rod\/","url":"https:\/\/www.ivinio.com\/sv\/produkt\/fattoria-zerbina-sangiovese-di-romagna-superiore-torre-di-ceparano-rod\/","name":"Fattoria Zerbina - Sangiovese di Romagna Superiore \"Ceregio\" - k\u00f6pa italienska viner fr\u00e5n Emilia Romagna p\u00e5 n\u00e4tet - vinbutik online Ivinio.com","isPartOf":{"@id":"https:\/\/www.ivinio.com\/sv\/#website"},"primaryImageOfPage":{"@id":"https:\/\/www.ivinio.com\/sv\/produkt\/fattoria-zerbina-sangiovese-di-romagna-superiore-torre-di-ceparano-rod\/#primaryimage"},"image":{"@id":"https:\/\/www.ivinio.com\/sv\/produkt\/fattoria-zerbina-sangiovese-di-romagna-superiore-torre-di-ceparano-rod\/#primaryimage"},"thumbnailUrl":"https:\/\/www.ivinio.com\/wp-content\/uploads\/nc\/public\/modules\/file\/pictures\/5185.fattoriazerbinatorredi500x5.jpg","datePublished":"2014-11-01T17:41:26+00:00","dateModified":"2023-01-07T18:47:03+00:00","description":"\"Ceregio\" \u00e4r en Sangiovese di Romagna Superiore fr\u00e5n Fattoria Zerbina framst\u00e4lld av 100% Sangiovesedruvor. Ett fruktigt och v\u00e4lgjort r\u00f6dvin som levereras direkt hem till d\u00f6rren.","breadcrumb":{"@id":"https:\/\/www.ivinio.com\/sv\/produkt\/fattoria-zerbina-sangiovese-di-romagna-superiore-torre-di-ceparano-rod\/#breadcrumb"},"inLanguage":"sv-SE","potentialAction":[{"@type":"ReadAction","target":["https:\/\/www.ivinio.com\/sv\/produkt\/fattoria-zerbina-sangiovese-di-romagna-superiore-torre-di-ceparano-rod\/"]}]},{"@type":"ImageObject","inLanguage":"sv-SE","@id":"https:\/\/www.ivinio.com\/sv\/produkt\/fattoria-zerbina-sangiovese-di-romagna-superiore-torre-di-ceparano-rod\/#primaryimage","url":"https:\/\/www.ivinio.com\/wp-content\/uploads\/nc\/public\/modules\/file\/pictures\/5185.fattoriazerbinatorredi500x5.jpg","contentUrl":"https:\/\/www.ivinio.com\/wp-content\/uploads\/nc\/public\/modules\/file\/pictures\/5185.fattoriazerbinatorredi500x5.jpg","width":500,"height":500},{"@type":"BreadcrumbList","@id":"https:\/\/www.ivinio.com\/sv\/produkt\/fattoria-zerbina-sangiovese-di-romagna-superiore-torre-di-ceparano-rod\/#breadcrumb","itemListElement":[{"@type":"ListItem","position":1,"name":"Hem","item":"https:\/\/www.ivinio.com\/sv\/"},{"@type":"ListItem","position":2,"name":"Vinbutik","item":"https:\/\/www.ivinio.com\/sv\/vinbutik\/"},{"@type":"ListItem","position":3,"name":"Fattoria Zerbina &#8211; Sangiovese di Romagna Superiore &#8220;Torre di Ceparano&#8221; &#8211; R\u00f6d"}]},{"@type":"WebSite","@id":"https:\/\/www.ivinio.com\/sv\/#website","url":"https:\/\/www.ivinio.com\/sv\/","name":"IVINIO Vinbutik","description":"Vin fr\u00e5n Frankrike och Italien med leverans hem till din d\u00f6rr","publisher":{"@id":"https:\/\/www.ivinio.com\/sv\/#organization"},"potentialAction":[{"@type":"SearchAction","target":{"@type":"EntryPoint","urlTemplate":"https:\/\/www.ivinio.com\/sv\/?s={search_term_string}"},"query-input":{"@type":"PropertyValueSpecification","valueRequired":true,"valueName":"search_term_string"}}],"inLanguage":"sv-SE"},{"@type":"Organization","@id":"https:\/\/www.ivinio.com\/sv\/#organization","name":"IVINIO","url":"https:\/\/www.ivinio.com\/sv\/","logo":{"@type":"ImageObject","inLanguage":"sv-SE","@id":"https:\/\/www.ivinio.com\/sv\/#\/schema\/logo\/image\/","url":"https:\/\/www.ivinio.com\/wp-content\/uploads\/2021\/01\/Logo-Ivinio-v2.jpg","contentUrl":"https:\/\/www.ivinio.com\/wp-content\/uploads\/2021\/01\/Logo-Ivinio-v2.jpg","width":1194,"height":1194,"caption":"IVINIO"},"image":{"@id":"https:\/\/www.ivinio.com\/sv\/#\/schema\/logo\/image\/"},"sameAs":["https:\/\/www.facebook.com\/groups\/165217837022391\/?ref=bookmarks","https:\/\/www.instagram.com\/_ivinio_\/?hl=fr"]}]}},"jetpack_sharing_enabled":true,"_links":{"self":[{"href":"https:\/\/www.ivinio.com\/sv\/wp-json\/wp\/v2\/product\/118857","targetHints":{"allow":["GET"]}}],"collection":[{"href":"https:\/\/www.ivinio.com\/sv\/wp-json\/wp\/v2\/product"}],"about":[{"href":"https:\/\/www.ivinio.com\/sv\/wp-json\/wp\/v2\/types\/product"}],"replies":[{"embeddable":true,"href":"https:\/\/www.ivinio.com\/sv\/wp-json\/wp\/v2\/comments?post=118857"}],"wp:featuredmedia":[{"embeddable":true,"href":"https:\/\/www.ivinio.com\/sv\/wp-json\/wp\/v2\/media\/118858"}],"wp:attachment":[{"href":"https:\/\/www.ivinio.com\/sv\/wp-json\/wp\/v2\/media?parent=118857"}],"wp:term":[{"taxonomy":"product_brand","embeddable":true,"href":"https:\/\/www.ivinio.com\/sv\/wp-json\/wp\/v2\/product_brand?post=118857"},{"taxonomy":"product_cat","embeddable":true,"href":"https:\/\/www.ivinio.com\/sv\/wp-json\/wp\/v2\/product_cat?post=118857"},{"taxonomy":"product_tag","embeddable":true,"href":"https:\/\/www.ivinio.com\/sv\/wp-json\/wp\/v2\/product_tag?post=118857"}],"curies":[{"name":"wp","href":"https:\/\/api.w.org\/{rel}","templated":true}]}}