{"id":118816,"date":"2014-10-28T18:52:39","date_gmt":"2014-10-28T18:52:39","guid":{"rendered":"https:\/\/henrik.www.ivinio.com\/?product=chateau-la-mascaronne-blandad-vinlada-3x2-flaskor"},"modified":"2023-01-07T19:46:59","modified_gmt":"2023-01-07T18:46:59","slug":"chateau-la-mascaronne-blandad-vinlada-3x2-flaskor","status":"publish","type":"product","link":"https:\/\/www.ivinio.com\/sv\/produkt\/chateau-la-mascaronne-blandad-vinlada-3x2-flaskor\/","title":{"rendered":"Chateau La Mascaronne &#8211; Blandad vinl\u00e5da 3&#215;2 flaskor"},"content":{"rendered":"<p>Chateau\u00a0la Mascaronne ligger i Le Luc i Provence ungef\u00e4r 30km fr\u00e5n medelhavskuststr\u00e4ckan. Ving\u00e5rden \u00e4gs av Tom Bove fr\u00e5n Indiana i Usa som gjort sig k\u00e4nd f\u00f6r att vara den person som s\u00e5lde sitt Chateau Miraval till paret Brad Pitt\/Angelina Jolie f\u00f6r ett par \u00e5r sedan. Idag har han kvar sin juvel\u00a0Chateau la Mascaronne med en med avsikt begr\u00e4nsad produktion och med fokus p\u00e5 kvalitet och r\u00e4tta distributionskanaler hellre \u00e4n kvantitet och massdistribution.<\/p>\n","protected":false},"excerpt":{"rendered":"<p>Prova vinerna &#8220;Guy da Nine&#8221; genom denna l\u00e5da\u00a0fr\u00e5n Chateau La Mascaronne. B\u00e5de\u00a0r\u00f6tt, vitt och lagringsros\u00e9!<\/p>\n","protected":false},"featured_media":118817,"comment_status":"open","ping_status":"closed","template":"","meta":{"_monsterinsights_skip_tracking":false,"_monsterinsights_sitenote_active":false,"_monsterinsights_sitenote_note":"","_monsterinsights_sitenote_category":0,"_uf_show_specific_survey":0,"_uf_disable_surveys":false},"product_brand":[],"product_cat":[36645],"product_tag":[],"class_list":{"0":"post-118816","1":"product","2":"type-product","3":"status-publish","4":"has-post-thumbnail","6":"product_cat-blandade-provsmakningslador","7":"pa_classification-aop-cotes-de-provence-sv","8":"pa_package-1x1-sv","9":"pa_package-1x6-sv","10":"pa_vintage-2015-sv","11":"pa_vintage-2017-sv","13":"first","14":"outofstock","15":"taxable","16":"shipping-taxable","17":"purchasable","18":"product-type-bundle"},"bundled_by":[],"bundle_stock_status":"outofstock","bundle_stock_quantity":0,"bundle_virtual":false,"bundle_layout":"grid","bundle_add_to_cart_form_location":"after_summary","bundle_editable_in_cart":false,"bundle_sold_individually_context":"product","bundle_item_grouping":"noindent","bundle_min_size":"","bundle_max_size":"","bundle_price":{"price":{"min":{"incl_tax":"136.7","excl_tax":"136.666667"},"max":{"incl_tax":"136.7","excl_tax":"136.666667"}},"regular_price":{"min":{"incl_tax":"136.7","excl_tax":"136.666667"},"max":{"incl_tax":"136.7","excl_tax":"136.666667"}}},"bundled_items":[{"bundled_item_id":7430,"product_id":118791,"menu_order":0,"quantity_min":1,"quantity_max":1,"quantity_default":1,"priced_individually":false,"shipped_individually":false,"override_title":false,"title":null,"override_description":false,"description":null,"optional":false,"hide_thumbnail":false,"discount":"","override_variations":true,"allowed_variations":[""],"override_default_variation_attributes":true,"default_variation_attributes":[],"single_product_visibility":"visible","cart_visibility":"hidden","order_visibility":"visible","single_product_price_visibility":"visible","cart_price_visibility":"visible","order_price_visibility":"visible","stock_status":"out_of_stock"},{"bundled_item_id":7431,"product_id":118799,"menu_order":1,"quantity_min":1,"quantity_max":1,"quantity_default":1,"priced_individually":false,"shipped_individually":false,"override_title":false,"title":null,"override_description":false,"description":null,"optional":false,"hide_thumbnail":false,"discount":"","override_variations":true,"allowed_variations":[118804],"override_default_variation_attributes":true,"default_variation_attributes":[{"id":223,"name":"Package :","option":"1x1-sv"}],"single_product_visibility":"visible","cart_visibility":"hidden","order_visibility":"visible","single_product_price_visibility":"visible","cart_price_visibility":"visible","order_price_visibility":"visible","stock_status":"out_of_stock"},{"bundled_item_id":7432,"product_id":118795,"menu_order":2,"quantity_min":1,"quantity_max":1,"quantity_default":1,"priced_individually":false,"shipped_individually":false,"override_title":false,"title":null,"override_description":false,"description":null,"optional":false,"hide_thumbnail":false,"discount":"","override_variations":true,"allowed_variations":[""],"override_default_variation_attributes":true,"default_variation_attributes":[],"single_product_visibility":"visible","cart_visibility":"hidden","order_visibility":"visible","single_product_price_visibility":"visible","cart_price_visibility":"visible","order_price_visibility":"visible","stock_status":"out_of_stock"}],"bundle_sell_ids":[],"yoast_head":"<!-- This site is optimized with the Yoast SEO plugin v27.5 - https:\/\/yoast.com\/product\/yoast-seo-wordpress\/ -->\n<title>Chateau La Mascaronne - &quot;Guy da Nine&quot; - Blandad vinl\u00e5da 3x2 flaskor - k\u00f6pa franska viner p\u00e5 n\u00e4tet - vinbutik online Ivinio.com<\/title>\n<meta name=\"description\" content=\"Chateau la Mascaronne ligger i Le Luc i Provence ungef\u00e4r 30km fr\u00e5n medelhavskuststr\u00e4ckan. Ving\u00e5rden \u00e4gs av Tom Bove fr\u00e5n Indiana i Usa som gjort sig k\u00e4nd f\u00f6r att vara den person som s\u00e5lde sitt Chateau Miraval till paret Brad Pitt\/Angelina Jolie\" \/>\n<meta name=\"robots\" content=\"index, follow, max-snippet:-1, max-image-preview:large, max-video-preview:-1\" \/>\n<link rel=\"canonical\" href=\"https:\/\/www.ivinio.com\/sv\/produkt\/chateau-la-mascaronne-blandad-vinlada-3x2-flaskor\/\" \/>\n<meta property=\"og:locale\" content=\"sv_SE\" \/>\n<meta property=\"og:type\" content=\"article\" \/>\n<meta property=\"og:title\" content=\"Chateau La Mascaronne - &quot;Guy da Nine&quot; - Blandad vinl\u00e5da 3x2 flaskor - k\u00f6pa franska viner p\u00e5 n\u00e4tet - vinbutik online Ivinio.com\" \/>\n<meta property=\"og:description\" content=\"Chateau la Mascaronne ligger i Le Luc i Provence ungef\u00e4r 30km fr\u00e5n medelhavskuststr\u00e4ckan. Ving\u00e5rden \u00e4gs av Tom Bove fr\u00e5n Indiana i Usa som gjort sig k\u00e4nd f\u00f6r att vara den person som s\u00e5lde sitt Chateau Miraval till paret Brad Pitt\/Angelina Jolie\" \/>\n<meta property=\"og:url\" content=\"https:\/\/www.ivinio.com\/sv\/produkt\/chateau-la-mascaronne-blandad-vinlada-3x2-flaskor\/\" \/>\n<meta property=\"og:site_name\" content=\"IVINIO Vinbutik\" \/>\n<meta property=\"article:publisher\" content=\"https:\/\/www.facebook.com\/groups\/165217837022391\/?ref=bookmarks\" \/>\n<meta property=\"article:modified_time\" content=\"2023-01-07T18:46:59+00:00\" \/>\n<meta property=\"og:image\" content=\"https:\/\/www.ivinio.com\/wp-content\/uploads\/nc\/public\/modules\/file\/pictures\/5174.mascaronneguydaninegamme500.jpg\" \/>\n\t<meta property=\"og:image:width\" content=\"500\" \/>\n\t<meta property=\"og:image:height\" content=\"500\" \/>\n\t<meta property=\"og:image:type\" content=\"image\/jpeg\" \/>\n<meta name=\"twitter:card\" content=\"summary_large_image\" \/>\n<script type=\"application\/ld+json\" class=\"yoast-schema-graph\">{\"@context\":\"https:\\\/\\\/schema.org\",\"@graph\":[{\"@type\":\"WebPage\",\"@id\":\"https:\\\/\\\/www.ivinio.com\\\/sv\\\/produkt\\\/chateau-la-mascaronne-blandad-vinlada-3x2-flaskor\\\/\",\"url\":\"https:\\\/\\\/www.ivinio.com\\\/sv\\\/produkt\\\/chateau-la-mascaronne-blandad-vinlada-3x2-flaskor\\\/\",\"name\":\"Chateau La Mascaronne - \\\"Guy da Nine\\\" - Blandad vinl\u00e5da 3x2 flaskor - k\u00f6pa franska viner p\u00e5 n\u00e4tet - vinbutik online Ivinio.com\",\"isPartOf\":{\"@id\":\"https:\\\/\\\/www.ivinio.com\\\/sv\\\/#website\"},\"primaryImageOfPage\":{\"@id\":\"https:\\\/\\\/www.ivinio.com\\\/sv\\\/produkt\\\/chateau-la-mascaronne-blandad-vinlada-3x2-flaskor\\\/#primaryimage\"},\"image\":{\"@id\":\"https:\\\/\\\/www.ivinio.com\\\/sv\\\/produkt\\\/chateau-la-mascaronne-blandad-vinlada-3x2-flaskor\\\/#primaryimage\"},\"thumbnailUrl\":\"https:\\\/\\\/www.ivinio.com\\\/wp-content\\\/uploads\\\/nc\\\/public\\\/modules\\\/file\\\/pictures\\\/5174.mascaronneguydaninegamme500.jpg\",\"datePublished\":\"2014-10-28T18:52:39+00:00\",\"dateModified\":\"2023-01-07T18:46:59+00:00\",\"description\":\"Chateau la Mascaronne ligger i Le Luc i Provence ungef\u00e4r 30km fr\u00e5n medelhavskuststr\u00e4ckan. Ving\u00e5rden \u00e4gs av Tom Bove fr\u00e5n Indiana i Usa som gjort sig k\u00e4nd f\u00f6r att vara den person som s\u00e5lde sitt Chateau Miraval till paret Brad Pitt\\\/Angelina Jolie\",\"breadcrumb\":{\"@id\":\"https:\\\/\\\/www.ivinio.com\\\/sv\\\/produkt\\\/chateau-la-mascaronne-blandad-vinlada-3x2-flaskor\\\/#breadcrumb\"},\"inLanguage\":\"sv-SE\",\"potentialAction\":[{\"@type\":\"ReadAction\",\"target\":[\"https:\\\/\\\/www.ivinio.com\\\/sv\\\/produkt\\\/chateau-la-mascaronne-blandad-vinlada-3x2-flaskor\\\/\"]}]},{\"@type\":\"ImageObject\",\"inLanguage\":\"sv-SE\",\"@id\":\"https:\\\/\\\/www.ivinio.com\\\/sv\\\/produkt\\\/chateau-la-mascaronne-blandad-vinlada-3x2-flaskor\\\/#primaryimage\",\"url\":\"https:\\\/\\\/www.ivinio.com\\\/wp-content\\\/uploads\\\/nc\\\/public\\\/modules\\\/file\\\/pictures\\\/5174.mascaronneguydaninegamme500.jpg\",\"contentUrl\":\"https:\\\/\\\/www.ivinio.com\\\/wp-content\\\/uploads\\\/nc\\\/public\\\/modules\\\/file\\\/pictures\\\/5174.mascaronneguydaninegamme500.jpg\",\"width\":500,\"height\":500},{\"@type\":\"BreadcrumbList\",\"@id\":\"https:\\\/\\\/www.ivinio.com\\\/sv\\\/produkt\\\/chateau-la-mascaronne-blandad-vinlada-3x2-flaskor\\\/#breadcrumb\",\"itemListElement\":[{\"@type\":\"ListItem\",\"position\":1,\"name\":\"Hem\",\"item\":\"https:\\\/\\\/www.ivinio.com\\\/sv\\\/\"},{\"@type\":\"ListItem\",\"position\":2,\"name\":\"Vinbutik\",\"item\":\"https:\\\/\\\/www.ivinio.com\\\/sv\\\/vinbutik\\\/\"},{\"@type\":\"ListItem\",\"position\":3,\"name\":\"Chateau La Mascaronne &#8211; Blandad vinl\u00e5da 3&#215;2 flaskor\"}]},{\"@type\":\"WebSite\",\"@id\":\"https:\\\/\\\/www.ivinio.com\\\/sv\\\/#website\",\"url\":\"https:\\\/\\\/www.ivinio.com\\\/sv\\\/\",\"name\":\"IVINIO Vinbutik\",\"description\":\"Vin fr\u00e5n Frankrike och Italien med leverans hem till din d\u00f6rr\",\"publisher\":{\"@id\":\"https:\\\/\\\/www.ivinio.com\\\/sv\\\/#organization\"},\"potentialAction\":[{\"@type\":\"SearchAction\",\"target\":{\"@type\":\"EntryPoint\",\"urlTemplate\":\"https:\\\/\\\/www.ivinio.com\\\/sv\\\/?s={search_term_string}\"},\"query-input\":{\"@type\":\"PropertyValueSpecification\",\"valueRequired\":true,\"valueName\":\"search_term_string\"}}],\"inLanguage\":\"sv-SE\"},{\"@type\":\"Organization\",\"@id\":\"https:\\\/\\\/www.ivinio.com\\\/sv\\\/#organization\",\"name\":\"IVINIO\",\"url\":\"https:\\\/\\\/www.ivinio.com\\\/sv\\\/\",\"logo\":{\"@type\":\"ImageObject\",\"inLanguage\":\"sv-SE\",\"@id\":\"https:\\\/\\\/www.ivinio.com\\\/sv\\\/#\\\/schema\\\/logo\\\/image\\\/\",\"url\":\"https:\\\/\\\/www.ivinio.com\\\/wp-content\\\/uploads\\\/2021\\\/01\\\/Logo-Ivinio-v2.jpg\",\"contentUrl\":\"https:\\\/\\\/www.ivinio.com\\\/wp-content\\\/uploads\\\/2021\\\/01\\\/Logo-Ivinio-v2.jpg\",\"width\":1194,\"height\":1194,\"caption\":\"IVINIO\"},\"image\":{\"@id\":\"https:\\\/\\\/www.ivinio.com\\\/sv\\\/#\\\/schema\\\/logo\\\/image\\\/\"},\"sameAs\":[\"https:\\\/\\\/www.facebook.com\\\/groups\\\/165217837022391\\\/?ref=bookmarks\",\"https:\\\/\\\/www.instagram.com\\\/_ivinio_\\\/?hl=fr\"]}]}<\/script>\n<!-- \/ Yoast SEO plugin. -->","yoast_head_json":{"title":"Chateau La Mascaronne - \"Guy da Nine\" - Blandad vinl\u00e5da 3x2 flaskor - k\u00f6pa franska viner p\u00e5 n\u00e4tet - vinbutik online Ivinio.com","description":"Chateau la Mascaronne ligger i Le Luc i Provence ungef\u00e4r 30km fr\u00e5n medelhavskuststr\u00e4ckan. Ving\u00e5rden \u00e4gs av Tom Bove fr\u00e5n Indiana i Usa som gjort sig k\u00e4nd f\u00f6r att vara den person som s\u00e5lde sitt Chateau Miraval till paret Brad Pitt\/Angelina Jolie","robots":{"index":"index","follow":"follow","max-snippet":"max-snippet:-1","max-image-preview":"max-image-preview:large","max-video-preview":"max-video-preview:-1"},"canonical":"https:\/\/www.ivinio.com\/sv\/produkt\/chateau-la-mascaronne-blandad-vinlada-3x2-flaskor\/","og_locale":"sv_SE","og_type":"article","og_title":"Chateau La Mascaronne - \"Guy da Nine\" - Blandad vinl\u00e5da 3x2 flaskor - k\u00f6pa franska viner p\u00e5 n\u00e4tet - vinbutik online Ivinio.com","og_description":"Chateau la Mascaronne ligger i Le Luc i Provence ungef\u00e4r 30km fr\u00e5n medelhavskuststr\u00e4ckan. Ving\u00e5rden \u00e4gs av Tom Bove fr\u00e5n Indiana i Usa som gjort sig k\u00e4nd f\u00f6r att vara den person som s\u00e5lde sitt Chateau Miraval till paret Brad Pitt\/Angelina Jolie","og_url":"https:\/\/www.ivinio.com\/sv\/produkt\/chateau-la-mascaronne-blandad-vinlada-3x2-flaskor\/","og_site_name":"IVINIO Vinbutik","article_publisher":"https:\/\/www.facebook.com\/groups\/165217837022391\/?ref=bookmarks","article_modified_time":"2023-01-07T18:46:59+00:00","og_image":[{"width":500,"height":500,"url":"https:\/\/www.ivinio.com\/wp-content\/uploads\/nc\/public\/modules\/file\/pictures\/5174.mascaronneguydaninegamme500.jpg","type":"image\/jpeg"}],"twitter_card":"summary_large_image","schema":{"@context":"https:\/\/schema.org","@graph":[{"@type":"WebPage","@id":"https:\/\/www.ivinio.com\/sv\/produkt\/chateau-la-mascaronne-blandad-vinlada-3x2-flaskor\/","url":"https:\/\/www.ivinio.com\/sv\/produkt\/chateau-la-mascaronne-blandad-vinlada-3x2-flaskor\/","name":"Chateau La Mascaronne - \"Guy da Nine\" - Blandad vinl\u00e5da 3x2 flaskor - k\u00f6pa franska viner p\u00e5 n\u00e4tet - vinbutik online Ivinio.com","isPartOf":{"@id":"https:\/\/www.ivinio.com\/sv\/#website"},"primaryImageOfPage":{"@id":"https:\/\/www.ivinio.com\/sv\/produkt\/chateau-la-mascaronne-blandad-vinlada-3x2-flaskor\/#primaryimage"},"image":{"@id":"https:\/\/www.ivinio.com\/sv\/produkt\/chateau-la-mascaronne-blandad-vinlada-3x2-flaskor\/#primaryimage"},"thumbnailUrl":"https:\/\/www.ivinio.com\/wp-content\/uploads\/nc\/public\/modules\/file\/pictures\/5174.mascaronneguydaninegamme500.jpg","datePublished":"2014-10-28T18:52:39+00:00","dateModified":"2023-01-07T18:46:59+00:00","description":"Chateau la Mascaronne ligger i Le Luc i Provence ungef\u00e4r 30km fr\u00e5n medelhavskuststr\u00e4ckan. Ving\u00e5rden \u00e4gs av Tom Bove fr\u00e5n Indiana i Usa som gjort sig k\u00e4nd f\u00f6r att vara den person som s\u00e5lde sitt Chateau Miraval till paret Brad Pitt\/Angelina Jolie","breadcrumb":{"@id":"https:\/\/www.ivinio.com\/sv\/produkt\/chateau-la-mascaronne-blandad-vinlada-3x2-flaskor\/#breadcrumb"},"inLanguage":"sv-SE","potentialAction":[{"@type":"ReadAction","target":["https:\/\/www.ivinio.com\/sv\/produkt\/chateau-la-mascaronne-blandad-vinlada-3x2-flaskor\/"]}]},{"@type":"ImageObject","inLanguage":"sv-SE","@id":"https:\/\/www.ivinio.com\/sv\/produkt\/chateau-la-mascaronne-blandad-vinlada-3x2-flaskor\/#primaryimage","url":"https:\/\/www.ivinio.com\/wp-content\/uploads\/nc\/public\/modules\/file\/pictures\/5174.mascaronneguydaninegamme500.jpg","contentUrl":"https:\/\/www.ivinio.com\/wp-content\/uploads\/nc\/public\/modules\/file\/pictures\/5174.mascaronneguydaninegamme500.jpg","width":500,"height":500},{"@type":"BreadcrumbList","@id":"https:\/\/www.ivinio.com\/sv\/produkt\/chateau-la-mascaronne-blandad-vinlada-3x2-flaskor\/#breadcrumb","itemListElement":[{"@type":"ListItem","position":1,"name":"Hem","item":"https:\/\/www.ivinio.com\/sv\/"},{"@type":"ListItem","position":2,"name":"Vinbutik","item":"https:\/\/www.ivinio.com\/sv\/vinbutik\/"},{"@type":"ListItem","position":3,"name":"Chateau La Mascaronne &#8211; Blandad vinl\u00e5da 3&#215;2 flaskor"}]},{"@type":"WebSite","@id":"https:\/\/www.ivinio.com\/sv\/#website","url":"https:\/\/www.ivinio.com\/sv\/","name":"IVINIO Vinbutik","description":"Vin fr\u00e5n Frankrike och Italien med leverans hem till din d\u00f6rr","publisher":{"@id":"https:\/\/www.ivinio.com\/sv\/#organization"},"potentialAction":[{"@type":"SearchAction","target":{"@type":"EntryPoint","urlTemplate":"https:\/\/www.ivinio.com\/sv\/?s={search_term_string}"},"query-input":{"@type":"PropertyValueSpecification","valueRequired":true,"valueName":"search_term_string"}}],"inLanguage":"sv-SE"},{"@type":"Organization","@id":"https:\/\/www.ivinio.com\/sv\/#organization","name":"IVINIO","url":"https:\/\/www.ivinio.com\/sv\/","logo":{"@type":"ImageObject","inLanguage":"sv-SE","@id":"https:\/\/www.ivinio.com\/sv\/#\/schema\/logo\/image\/","url":"https:\/\/www.ivinio.com\/wp-content\/uploads\/2021\/01\/Logo-Ivinio-v2.jpg","contentUrl":"https:\/\/www.ivinio.com\/wp-content\/uploads\/2021\/01\/Logo-Ivinio-v2.jpg","width":1194,"height":1194,"caption":"IVINIO"},"image":{"@id":"https:\/\/www.ivinio.com\/sv\/#\/schema\/logo\/image\/"},"sameAs":["https:\/\/www.facebook.com\/groups\/165217837022391\/?ref=bookmarks","https:\/\/www.instagram.com\/_ivinio_\/?hl=fr"]}]}},"jetpack_sharing_enabled":true,"_links":{"self":[{"href":"https:\/\/www.ivinio.com\/sv\/wp-json\/wp\/v2\/product\/118816","targetHints":{"allow":["GET"]}}],"collection":[{"href":"https:\/\/www.ivinio.com\/sv\/wp-json\/wp\/v2\/product"}],"about":[{"href":"https:\/\/www.ivinio.com\/sv\/wp-json\/wp\/v2\/types\/product"}],"replies":[{"embeddable":true,"href":"https:\/\/www.ivinio.com\/sv\/wp-json\/wp\/v2\/comments?post=118816"}],"wp:featuredmedia":[{"embeddable":true,"href":"https:\/\/www.ivinio.com\/sv\/wp-json\/wp\/v2\/media\/118817"}],"wp:attachment":[{"href":"https:\/\/www.ivinio.com\/sv\/wp-json\/wp\/v2\/media?parent=118816"}],"wp:term":[{"taxonomy":"product_brand","embeddable":true,"href":"https:\/\/www.ivinio.com\/sv\/wp-json\/wp\/v2\/product_brand?post=118816"},{"taxonomy":"product_cat","embeddable":true,"href":"https:\/\/www.ivinio.com\/sv\/wp-json\/wp\/v2\/product_cat?post=118816"},{"taxonomy":"product_tag","embeddable":true,"href":"https:\/\/www.ivinio.com\/sv\/wp-json\/wp\/v2\/product_tag?post=118816"}],"curies":[{"name":"wp","href":"https:\/\/api.w.org\/{rel}","templated":true}]}}