{"id":118791,"date":"2014-05-21T10:20:34","date_gmt":"2014-05-21T08:20:34","guid":{"rendered":"https:\/\/henrik.www.ivinio.com\/?product=chateau-la-mascaronne-cuvee-guy-da-nine-rose"},"modified":"2023-01-07T19:46:56","modified_gmt":"2023-01-07T18:46:56","slug":"chateau-la-mascaronne-cuvee-guy-da-nine-rose","status":"publish","type":"product","link":"https:\/\/www.ivinio.com\/sv\/produkt\/chateau-la-mascaronne-cuvee-guy-da-nine-rose\/","title":{"rendered":"Chateau la Mascaronne &#8220;Cuv\u00e9e Guy da Nine&#8221; &#8211; Ros\u00e9"},"content":{"rendered":"<p>Ros\u00e9vinet &#8220;Cuv\u00e9e Guy da Nine&#8221; fr\u00e5n Chateau la Mascaronne framst\u00e4lls av mourv\u00e8dre- och Ugni Blancdruvor som vuxit i kalklerig jord. Sk\u00f6rden g\u00f6rs manuellt och druvorna till\u00e5ts macerera n\u00e5gra timmar innan de pressas f\u00f6rsiktigt. En del av vinet j\u00e4ses direkt p\u00e5 nya franska ekfat.<\/p>\n","protected":false},"excerpt":{"rendered":"<p>&#8220;Cuv\u00e9e Guy da Nine&#8221; fr\u00e5n Chateau\u00a0La Mascaronne \u00e4r ett gastronomiskt h\u00f6gkvalitetsros\u00e9vin att drickas\u00a0till matr\u00e4tter fr\u00e5n medelhavsregionen, kan till skillnad fr\u00e5n de flesta ros\u00e9vin lagras ett par \u00e5r.<\/p>\n","protected":false},"featured_media":118792,"comment_status":"open","ping_status":"closed","template":"","meta":{"_monsterinsights_skip_tracking":false,"_monsterinsights_sitenote_active":false,"_monsterinsights_sitenote_note":"","_monsterinsights_sitenote_category":0,"_uf_show_specific_survey":0,"_uf_disable_surveys":false},"product_brand":[],"product_cat":[36588,36624],"product_tag":[],"class_list":{"0":"post-118791","1":"product","2":"type-product","3":"status-publish","4":"has-post-thumbnail","6":"product_cat-franska-viner","7":"product_cat-sv-provence","8":"pa_alcohol-degree-13-5-sv","9":"pa_classification-aop-cotes-de-provence-sv","10":"pa_color-rose-sv","11":"pa_country-frankrike-sv","12":"pa_grape-variety-mourvedre-sv","13":"pa_grape-variety-ugni-blanc","14":"pa_region-provence-sv","15":"pa_storage-potential-5-ar-sv","16":"pa_vintage-2017-sv","17":"pa_volume-75-cl-sv","19":"first","20":"outofstock","21":"taxable","22":"shipping-taxable","23":"purchasable","24":"product-type-simple"},"bundled_by":["118816"],"bundle_stock_status":"outofstock","bundle_stock_quantity":null,"bundle_virtual":false,"bundle_layout":"","bundle_add_to_cart_form_location":"","bundle_editable_in_cart":false,"bundle_sold_individually_context":"","bundle_item_grouping":"","bundle_min_size":"","bundle_max_size":"","bundle_price":[],"bundled_items":[],"bundle_sell_ids":[],"yoast_head":"<!-- This site is optimized with the Yoast SEO plugin v27.4 - https:\/\/yoast.com\/product\/yoast-seo-wordpress\/ -->\n<title>Chateau la Mascaronne - Cuv\u00e9e Guy da Nine - handla franska viner p\u00e5 n\u00e4tet - vinbutik www.ivinio.com<\/title>\n<meta name=\"description\" content=\"&quot;Cuv\u00e9e Guy da Nine&quot; fr\u00e5n Chateau La Mascaronne \u00e4r ett gastronomiskt h\u00f6gkvalitetsros\u00e9vin att drickas till matr\u00e4tter fr\u00e5n medelhavsregionen, kan till skillnad fr\u00e5n de flesta ros\u00e9vin lagras ett par \u00e5r.\" \/>\n<meta name=\"robots\" content=\"index, follow, max-snippet:-1, max-image-preview:large, max-video-preview:-1\" \/>\n<link rel=\"canonical\" href=\"https:\/\/www.ivinio.com\/sv\/produkt\/chateau-la-mascaronne-cuvee-guy-da-nine-rose\/\" \/>\n<meta property=\"og:locale\" content=\"sv_SE\" \/>\n<meta property=\"og:type\" content=\"article\" \/>\n<meta property=\"og:title\" content=\"Chateau la Mascaronne - Cuv\u00e9e Guy da Nine - handla franska viner p\u00e5 n\u00e4tet - vinbutik www.ivinio.com\" \/>\n<meta property=\"og:description\" content=\"&quot;Cuv\u00e9e Guy da Nine&quot; fr\u00e5n Chateau La Mascaronne \u00e4r ett gastronomiskt h\u00f6gkvalitetsros\u00e9vin att drickas till matr\u00e4tter fr\u00e5n medelhavsregionen, kan till skillnad fr\u00e5n de flesta ros\u00e9vin lagras ett par \u00e5r.\" \/>\n<meta property=\"og:url\" content=\"https:\/\/www.ivinio.com\/sv\/produkt\/chateau-la-mascaronne-cuvee-guy-da-nine-rose\/\" \/>\n<meta property=\"og:site_name\" content=\"IVINIO Vinbutik\" \/>\n<meta property=\"article:publisher\" content=\"https:\/\/www.facebook.com\/groups\/165217837022391\/?ref=bookmarks\" \/>\n<meta property=\"article:modified_time\" content=\"2023-01-07T18:46:56+00:00\" \/>\n<meta property=\"og:image\" content=\"https:\/\/www.ivinio.com\/wp-content\/uploads\/nc\/public\/modules\/file\/pictures\/5146.mascaronneros-500x500.jpg\" \/>\n\t<meta property=\"og:image:width\" content=\"500\" \/>\n\t<meta property=\"og:image:height\" content=\"500\" \/>\n\t<meta property=\"og:image:type\" content=\"image\/jpeg\" \/>\n<meta name=\"twitter:card\" content=\"summary_large_image\" \/>\n<script type=\"application\/ld+json\" class=\"yoast-schema-graph\">{\"@context\":\"https:\\\/\\\/schema.org\",\"@graph\":[{\"@type\":\"WebPage\",\"@id\":\"https:\\\/\\\/www.ivinio.com\\\/sv\\\/produkt\\\/chateau-la-mascaronne-cuvee-guy-da-nine-rose\\\/\",\"url\":\"https:\\\/\\\/www.ivinio.com\\\/sv\\\/produkt\\\/chateau-la-mascaronne-cuvee-guy-da-nine-rose\\\/\",\"name\":\"Chateau la Mascaronne - Cuv\u00e9e Guy da Nine - handla franska viner p\u00e5 n\u00e4tet - vinbutik www.ivinio.com\",\"isPartOf\":{\"@id\":\"https:\\\/\\\/www.ivinio.com\\\/sv\\\/#website\"},\"primaryImageOfPage\":{\"@id\":\"https:\\\/\\\/www.ivinio.com\\\/sv\\\/produkt\\\/chateau-la-mascaronne-cuvee-guy-da-nine-rose\\\/#primaryimage\"},\"image\":{\"@id\":\"https:\\\/\\\/www.ivinio.com\\\/sv\\\/produkt\\\/chateau-la-mascaronne-cuvee-guy-da-nine-rose\\\/#primaryimage\"},\"thumbnailUrl\":\"https:\\\/\\\/www.ivinio.com\\\/wp-content\\\/uploads\\\/nc\\\/public\\\/modules\\\/file\\\/pictures\\\/5146.mascaronneros-500x500.jpg\",\"datePublished\":\"2014-05-21T08:20:34+00:00\",\"dateModified\":\"2023-01-07T18:46:56+00:00\",\"description\":\"\\\"Cuv\u00e9e Guy da Nine\\\" fr\u00e5n Chateau La Mascaronne \u00e4r ett gastronomiskt h\u00f6gkvalitetsros\u00e9vin att drickas till matr\u00e4tter fr\u00e5n medelhavsregionen, kan till skillnad fr\u00e5n de flesta ros\u00e9vin lagras ett par \u00e5r.\",\"breadcrumb\":{\"@id\":\"https:\\\/\\\/www.ivinio.com\\\/sv\\\/produkt\\\/chateau-la-mascaronne-cuvee-guy-da-nine-rose\\\/#breadcrumb\"},\"inLanguage\":\"sv-SE\",\"potentialAction\":[{\"@type\":\"ReadAction\",\"target\":[\"https:\\\/\\\/www.ivinio.com\\\/sv\\\/produkt\\\/chateau-la-mascaronne-cuvee-guy-da-nine-rose\\\/\"]}]},{\"@type\":\"ImageObject\",\"inLanguage\":\"sv-SE\",\"@id\":\"https:\\\/\\\/www.ivinio.com\\\/sv\\\/produkt\\\/chateau-la-mascaronne-cuvee-guy-da-nine-rose\\\/#primaryimage\",\"url\":\"https:\\\/\\\/www.ivinio.com\\\/wp-content\\\/uploads\\\/nc\\\/public\\\/modules\\\/file\\\/pictures\\\/5146.mascaronneros-500x500.jpg\",\"contentUrl\":\"https:\\\/\\\/www.ivinio.com\\\/wp-content\\\/uploads\\\/nc\\\/public\\\/modules\\\/file\\\/pictures\\\/5146.mascaronneros-500x500.jpg\",\"width\":500,\"height\":500},{\"@type\":\"BreadcrumbList\",\"@id\":\"https:\\\/\\\/www.ivinio.com\\\/sv\\\/produkt\\\/chateau-la-mascaronne-cuvee-guy-da-nine-rose\\\/#breadcrumb\",\"itemListElement\":[{\"@type\":\"ListItem\",\"position\":1,\"name\":\"Hem\",\"item\":\"https:\\\/\\\/www.ivinio.com\\\/sv\\\/\"},{\"@type\":\"ListItem\",\"position\":2,\"name\":\"Vinbutik\",\"item\":\"https:\\\/\\\/www.ivinio.com\\\/sv\\\/vinbutik\\\/\"},{\"@type\":\"ListItem\",\"position\":3,\"name\":\"Chateau la Mascaronne &#8220;Cuv\u00e9e Guy da Nine&#8221; &#8211; Ros\u00e9\"}]},{\"@type\":\"WebSite\",\"@id\":\"https:\\\/\\\/www.ivinio.com\\\/sv\\\/#website\",\"url\":\"https:\\\/\\\/www.ivinio.com\\\/sv\\\/\",\"name\":\"IVINIO Vinbutik\",\"description\":\"Vin fr\u00e5n Frankrike och Italien med leverans hem till din d\u00f6rr\",\"publisher\":{\"@id\":\"https:\\\/\\\/www.ivinio.com\\\/sv\\\/#organization\"},\"potentialAction\":[{\"@type\":\"SearchAction\",\"target\":{\"@type\":\"EntryPoint\",\"urlTemplate\":\"https:\\\/\\\/www.ivinio.com\\\/sv\\\/?s={search_term_string}\"},\"query-input\":{\"@type\":\"PropertyValueSpecification\",\"valueRequired\":true,\"valueName\":\"search_term_string\"}}],\"inLanguage\":\"sv-SE\"},{\"@type\":\"Organization\",\"@id\":\"https:\\\/\\\/www.ivinio.com\\\/sv\\\/#organization\",\"name\":\"IVINIO\",\"url\":\"https:\\\/\\\/www.ivinio.com\\\/sv\\\/\",\"logo\":{\"@type\":\"ImageObject\",\"inLanguage\":\"sv-SE\",\"@id\":\"https:\\\/\\\/www.ivinio.com\\\/sv\\\/#\\\/schema\\\/logo\\\/image\\\/\",\"url\":\"https:\\\/\\\/www.ivinio.com\\\/wp-content\\\/uploads\\\/2021\\\/01\\\/Logo-Ivinio-v2.jpg\",\"contentUrl\":\"https:\\\/\\\/www.ivinio.com\\\/wp-content\\\/uploads\\\/2021\\\/01\\\/Logo-Ivinio-v2.jpg\",\"width\":1194,\"height\":1194,\"caption\":\"IVINIO\"},\"image\":{\"@id\":\"https:\\\/\\\/www.ivinio.com\\\/sv\\\/#\\\/schema\\\/logo\\\/image\\\/\"},\"sameAs\":[\"https:\\\/\\\/www.facebook.com\\\/groups\\\/165217837022391\\\/?ref=bookmarks\",\"https:\\\/\\\/www.instagram.com\\\/_ivinio_\\\/?hl=fr\"]}]}<\/script>\n<!-- \/ Yoast SEO plugin. -->","yoast_head_json":{"title":"Chateau la Mascaronne - Cuv\u00e9e Guy da Nine - handla franska viner p\u00e5 n\u00e4tet - vinbutik www.ivinio.com","description":"\"Cuv\u00e9e Guy da Nine\" fr\u00e5n Chateau La Mascaronne \u00e4r ett gastronomiskt h\u00f6gkvalitetsros\u00e9vin att drickas till matr\u00e4tter fr\u00e5n medelhavsregionen, kan till skillnad fr\u00e5n de flesta ros\u00e9vin lagras ett par \u00e5r.","robots":{"index":"index","follow":"follow","max-snippet":"max-snippet:-1","max-image-preview":"max-image-preview:large","max-video-preview":"max-video-preview:-1"},"canonical":"https:\/\/www.ivinio.com\/sv\/produkt\/chateau-la-mascaronne-cuvee-guy-da-nine-rose\/","og_locale":"sv_SE","og_type":"article","og_title":"Chateau la Mascaronne - Cuv\u00e9e Guy da Nine - handla franska viner p\u00e5 n\u00e4tet - vinbutik www.ivinio.com","og_description":"\"Cuv\u00e9e Guy da Nine\" fr\u00e5n Chateau La Mascaronne \u00e4r ett gastronomiskt h\u00f6gkvalitetsros\u00e9vin att drickas till matr\u00e4tter fr\u00e5n medelhavsregionen, kan till skillnad fr\u00e5n de flesta ros\u00e9vin lagras ett par \u00e5r.","og_url":"https:\/\/www.ivinio.com\/sv\/produkt\/chateau-la-mascaronne-cuvee-guy-da-nine-rose\/","og_site_name":"IVINIO Vinbutik","article_publisher":"https:\/\/www.facebook.com\/groups\/165217837022391\/?ref=bookmarks","article_modified_time":"2023-01-07T18:46:56+00:00","og_image":[{"width":500,"height":500,"url":"https:\/\/www.ivinio.com\/wp-content\/uploads\/nc\/public\/modules\/file\/pictures\/5146.mascaronneros-500x500.jpg","type":"image\/jpeg"}],"twitter_card":"summary_large_image","schema":{"@context":"https:\/\/schema.org","@graph":[{"@type":"WebPage","@id":"https:\/\/www.ivinio.com\/sv\/produkt\/chateau-la-mascaronne-cuvee-guy-da-nine-rose\/","url":"https:\/\/www.ivinio.com\/sv\/produkt\/chateau-la-mascaronne-cuvee-guy-da-nine-rose\/","name":"Chateau la Mascaronne - Cuv\u00e9e Guy da Nine - handla franska viner p\u00e5 n\u00e4tet - vinbutik www.ivinio.com","isPartOf":{"@id":"https:\/\/www.ivinio.com\/sv\/#website"},"primaryImageOfPage":{"@id":"https:\/\/www.ivinio.com\/sv\/produkt\/chateau-la-mascaronne-cuvee-guy-da-nine-rose\/#primaryimage"},"image":{"@id":"https:\/\/www.ivinio.com\/sv\/produkt\/chateau-la-mascaronne-cuvee-guy-da-nine-rose\/#primaryimage"},"thumbnailUrl":"https:\/\/www.ivinio.com\/wp-content\/uploads\/nc\/public\/modules\/file\/pictures\/5146.mascaronneros-500x500.jpg","datePublished":"2014-05-21T08:20:34+00:00","dateModified":"2023-01-07T18:46:56+00:00","description":"\"Cuv\u00e9e Guy da Nine\" fr\u00e5n Chateau La Mascaronne \u00e4r ett gastronomiskt h\u00f6gkvalitetsros\u00e9vin att drickas till matr\u00e4tter fr\u00e5n medelhavsregionen, kan till skillnad fr\u00e5n de flesta ros\u00e9vin lagras ett par \u00e5r.","breadcrumb":{"@id":"https:\/\/www.ivinio.com\/sv\/produkt\/chateau-la-mascaronne-cuvee-guy-da-nine-rose\/#breadcrumb"},"inLanguage":"sv-SE","potentialAction":[{"@type":"ReadAction","target":["https:\/\/www.ivinio.com\/sv\/produkt\/chateau-la-mascaronne-cuvee-guy-da-nine-rose\/"]}]},{"@type":"ImageObject","inLanguage":"sv-SE","@id":"https:\/\/www.ivinio.com\/sv\/produkt\/chateau-la-mascaronne-cuvee-guy-da-nine-rose\/#primaryimage","url":"https:\/\/www.ivinio.com\/wp-content\/uploads\/nc\/public\/modules\/file\/pictures\/5146.mascaronneros-500x500.jpg","contentUrl":"https:\/\/www.ivinio.com\/wp-content\/uploads\/nc\/public\/modules\/file\/pictures\/5146.mascaronneros-500x500.jpg","width":500,"height":500},{"@type":"BreadcrumbList","@id":"https:\/\/www.ivinio.com\/sv\/produkt\/chateau-la-mascaronne-cuvee-guy-da-nine-rose\/#breadcrumb","itemListElement":[{"@type":"ListItem","position":1,"name":"Hem","item":"https:\/\/www.ivinio.com\/sv\/"},{"@type":"ListItem","position":2,"name":"Vinbutik","item":"https:\/\/www.ivinio.com\/sv\/vinbutik\/"},{"@type":"ListItem","position":3,"name":"Chateau la Mascaronne &#8220;Cuv\u00e9e Guy da Nine&#8221; &#8211; Ros\u00e9"}]},{"@type":"WebSite","@id":"https:\/\/www.ivinio.com\/sv\/#website","url":"https:\/\/www.ivinio.com\/sv\/","name":"IVINIO Vinbutik","description":"Vin fr\u00e5n Frankrike och Italien med leverans hem till din d\u00f6rr","publisher":{"@id":"https:\/\/www.ivinio.com\/sv\/#organization"},"potentialAction":[{"@type":"SearchAction","target":{"@type":"EntryPoint","urlTemplate":"https:\/\/www.ivinio.com\/sv\/?s={search_term_string}"},"query-input":{"@type":"PropertyValueSpecification","valueRequired":true,"valueName":"search_term_string"}}],"inLanguage":"sv-SE"},{"@type":"Organization","@id":"https:\/\/www.ivinio.com\/sv\/#organization","name":"IVINIO","url":"https:\/\/www.ivinio.com\/sv\/","logo":{"@type":"ImageObject","inLanguage":"sv-SE","@id":"https:\/\/www.ivinio.com\/sv\/#\/schema\/logo\/image\/","url":"https:\/\/www.ivinio.com\/wp-content\/uploads\/2021\/01\/Logo-Ivinio-v2.jpg","contentUrl":"https:\/\/www.ivinio.com\/wp-content\/uploads\/2021\/01\/Logo-Ivinio-v2.jpg","width":1194,"height":1194,"caption":"IVINIO"},"image":{"@id":"https:\/\/www.ivinio.com\/sv\/#\/schema\/logo\/image\/"},"sameAs":["https:\/\/www.facebook.com\/groups\/165217837022391\/?ref=bookmarks","https:\/\/www.instagram.com\/_ivinio_\/?hl=fr"]}]}},"jetpack_sharing_enabled":true,"_links":{"self":[{"href":"https:\/\/www.ivinio.com\/sv\/wp-json\/wp\/v2\/product\/118791","targetHints":{"allow":["GET"]}}],"collection":[{"href":"https:\/\/www.ivinio.com\/sv\/wp-json\/wp\/v2\/product"}],"about":[{"href":"https:\/\/www.ivinio.com\/sv\/wp-json\/wp\/v2\/types\/product"}],"replies":[{"embeddable":true,"href":"https:\/\/www.ivinio.com\/sv\/wp-json\/wp\/v2\/comments?post=118791"}],"wp:featuredmedia":[{"embeddable":true,"href":"https:\/\/www.ivinio.com\/sv\/wp-json\/wp\/v2\/media\/118792"}],"wp:attachment":[{"href":"https:\/\/www.ivinio.com\/sv\/wp-json\/wp\/v2\/media?parent=118791"}],"wp:term":[{"taxonomy":"product_brand","embeddable":true,"href":"https:\/\/www.ivinio.com\/sv\/wp-json\/wp\/v2\/product_brand?post=118791"},{"taxonomy":"product_cat","embeddable":true,"href":"https:\/\/www.ivinio.com\/sv\/wp-json\/wp\/v2\/product_cat?post=118791"},{"taxonomy":"product_tag","embeddable":true,"href":"https:\/\/www.ivinio.com\/sv\/wp-json\/wp\/v2\/product_tag?post=118791"}],"curies":[{"name":"wp","href":"https:\/\/api.w.org\/{rel}","templated":true}]}}