{"id":118618,"date":"2014-10-02T11:30:28","date_gmt":"2014-10-02T09:30:28","guid":{"rendered":"https:\/\/henrik.www.ivinio.com\/?product=icario-vino-nobile-di-montepulciano-rouge"},"modified":"2023-05-23T18:55:42","modified_gmt":"2023-05-23T16:55:42","slug":"icario-vino-nobile-di-montepulciano-rouge","status":"publish","type":"product","link":"https:\/\/www.ivinio.com\/sv\/produkt\/icario-vino-nobile-di-montepulciano-rouge\/","title":{"rendered":"Icario &#8211; Vino nobile di Montepulciano &#8211; rouge"},"content":{"rendered":"<p>Vino nobile di Montepulciano framst\u00e4lls av 90% prugnolo gentile som \u00e4r en lokal klon av den mer k\u00e4nda Sangiovesedruvan, samt 10% Canaiolo, Mammolo och Colorinodruvor. Druvorna plockas f\u00f6r hand och sorteras i anpassade korgar d\u00e4r blad och eventuella kvistar sorteras bort. J\u00e4sningen tar 20-22 dagar och genomf\u00f6rs under kontrollerad temperatur. Den malolaktiska j\u00e4sningen f\u00f6ljer d\u00e4refter vid 18-20\u00b0C temperatur. Vinet f\u00f6rs d\u00e4refter \u00f6ver p\u00e5 ekfat d\u00e4r det lagras i 18 m\u00e5nader innan vinet tappas p\u00e5 flaska. Flaskorna lagras d\u00e4refter ytterligare 6 m\u00e5nader innan de g\u00e5r till f\u00f6rs\u00e4ljning.<\/p>\n","protected":false},"excerpt":{"rendered":"<p>Vino nobile di Montepulciano \u00e4r ett elegant fylligt r\u00f6dvin med mjuka tanniner. Passar till\u00a0en \u00e4lgbiff med rotgr\u00f6nsaker\u00a0eller mer italienskt till en osso bucco eller en\u00a0finare pastar\u00e4tt.<\/p>\n","protected":false},"featured_media":118619,"comment_status":"open","ping_status":"closed","template":"","meta":{"_monsterinsights_skip_tracking":false,"_monsterinsights_sitenote_active":false,"_monsterinsights_sitenote_note":"","_monsterinsights_sitenote_category":0,"_uf_show_specific_survey":0,"_uf_disable_surveys":false},"product_brand":[],"product_cat":[36589,36595],"product_tag":[],"class_list":{"0":"post-118618","1":"product","2":"type-product","3":"status-publish","4":"has-post-thumbnail","6":"product_cat-vins-italiens","7":"product_cat-fr-toscane","8":"pa_alcohol-degree-14-fr","9":"pa_classification-docg-vino-nobile-di-montepulciano-fr","10":"pa_color-rouge-fr","11":"pa_country-italie-fr","12":"pa_grape-variety-canaiolo-fr","13":"pa_grape-variety-colorino-fr","14":"pa_grape-variety-mammolo-fr","15":"pa_grape-variety-prugnolo-gentile-fr","16":"pa_region-toscane-fr","17":"pa_storage-potential-plus-de-10-ans-fr","18":"pa_vintage-2012-fr","19":"pa_volume-75-cl-fr","21":"first","22":"outofstock","23":"taxable","24":"shipping-taxable","25":"purchasable","26":"product-type-simple"},"bundled_by":[],"bundle_stock_status":"outofstock","bundle_stock_quantity":null,"bundle_virtual":false,"bundle_layout":"","bundle_add_to_cart_form_location":"","bundle_editable_in_cart":false,"bundle_sold_individually_context":"","bundle_item_grouping":"","bundle_min_size":"","bundle_max_size":"","bundle_price":[],"bundled_items":[],"bundle_sell_ids":[],"yoast_head":"<!-- This site is optimized with the Yoast SEO plugin v27.4 - https:\/\/yoast.com\/product\/yoast-seo-wordpress\/ -->\n<title>Icario - Vino nobile di Montepulciano - toscanaviner - italienska viner - r\u00f6dvin - sangioveseviner - brunello di montalcino<\/title>\n<meta name=\"description\" content=\"Vino nobile di Montepulciano \u00e4r ett elegant fylligt r\u00f6dvin med mjuka tanniner. Passar till en \u00e4lgbiff med rotgr\u00f6nsaker eller mer italienskt till en osso bucco eller en finare pastar\u00e4tt.\" \/>\n<meta name=\"robots\" content=\"index, follow, max-snippet:-1, max-image-preview:large, max-video-preview:-1\" \/>\n<link rel=\"canonical\" href=\"https:\/\/www.ivinio.com\/sv\/produkt\/icario-vino-nobile-di-montepulciano-rouge\/\" \/>\n<meta property=\"og:locale\" content=\"sv_SE\" \/>\n<meta property=\"og:type\" content=\"article\" \/>\n<meta property=\"og:title\" content=\"Icario - Vino nobile di Montepulciano - toscanaviner - italienska viner - r\u00f6dvin - sangioveseviner - brunello di montalcino\" \/>\n<meta property=\"og:description\" content=\"Vino nobile di Montepulciano \u00e4r ett elegant fylligt r\u00f6dvin med mjuka tanniner. Passar till en \u00e4lgbiff med rotgr\u00f6nsaker eller mer italienskt till en osso bucco eller en finare pastar\u00e4tt.\" \/>\n<meta property=\"og:url\" content=\"https:\/\/www.ivinio.com\/sv\/produkt\/icario-vino-nobile-di-montepulciano-rouge\/\" \/>\n<meta property=\"og:site_name\" content=\"IVINIO Vinbutik\" \/>\n<meta property=\"article:publisher\" content=\"https:\/\/www.facebook.com\/groups\/165217837022391\/?ref=bookmarks\" \/>\n<meta property=\"article:modified_time\" content=\"2023-05-23T16:55:42+00:00\" \/>\n<meta property=\"og:image\" content=\"https:\/\/www.ivinio.com\/wp-content\/uploads\/nc\/public\/modules\/file\/pictures\/5095.icariovinonobile500x500.jpg\" \/>\n\t<meta property=\"og:image:width\" content=\"500\" \/>\n\t<meta property=\"og:image:height\" content=\"500\" \/>\n\t<meta property=\"og:image:type\" content=\"image\/jpeg\" \/>\n<meta name=\"twitter:card\" content=\"summary_large_image\" \/>\n<meta name=\"twitter:label1\" content=\"Ber\u00e4knad l\u00e4stid\" \/>\n\t<meta name=\"twitter:data1\" content=\"1 minut\" \/>\n<script type=\"application\/ld+json\" class=\"yoast-schema-graph\">{\"@context\":\"https:\\\/\\\/schema.org\",\"@graph\":[{\"@type\":\"WebPage\",\"@id\":\"https:\\\/\\\/www.ivinio.com\\\/sv\\\/produkt\\\/icario-vino-nobile-di-montepulciano-rouge\\\/\",\"url\":\"https:\\\/\\\/www.ivinio.com\\\/sv\\\/produkt\\\/icario-vino-nobile-di-montepulciano-rouge\\\/\",\"name\":\"Icario - Vino nobile di Montepulciano - toscanaviner - italienska viner - r\u00f6dvin - sangioveseviner - brunello di montalcino\",\"isPartOf\":{\"@id\":\"https:\\\/\\\/www.ivinio.com\\\/sv\\\/#website\"},\"primaryImageOfPage\":{\"@id\":\"https:\\\/\\\/www.ivinio.com\\\/sv\\\/produkt\\\/icario-vino-nobile-di-montepulciano-rouge\\\/#primaryimage\"},\"image\":{\"@id\":\"https:\\\/\\\/www.ivinio.com\\\/sv\\\/produkt\\\/icario-vino-nobile-di-montepulciano-rouge\\\/#primaryimage\"},\"thumbnailUrl\":\"https:\\\/\\\/www.ivinio.com\\\/wp-content\\\/uploads\\\/nc\\\/public\\\/modules\\\/file\\\/pictures\\\/5095.icariovinonobile500x500.jpg\",\"datePublished\":\"2014-10-02T09:30:28+00:00\",\"dateModified\":\"2023-05-23T16:55:42+00:00\",\"description\":\"Vino nobile di Montepulciano \u00e4r ett elegant fylligt r\u00f6dvin med mjuka tanniner. Passar till en \u00e4lgbiff med rotgr\u00f6nsaker eller mer italienskt till en osso bucco eller en finare pastar\u00e4tt.\",\"breadcrumb\":{\"@id\":\"https:\\\/\\\/www.ivinio.com\\\/sv\\\/produkt\\\/icario-vino-nobile-di-montepulciano-rouge\\\/#breadcrumb\"},\"inLanguage\":\"sv-SE\",\"potentialAction\":[{\"@type\":\"ReadAction\",\"target\":[\"https:\\\/\\\/www.ivinio.com\\\/sv\\\/produkt\\\/icario-vino-nobile-di-montepulciano-rouge\\\/\"]}]},{\"@type\":\"ImageObject\",\"inLanguage\":\"sv-SE\",\"@id\":\"https:\\\/\\\/www.ivinio.com\\\/sv\\\/produkt\\\/icario-vino-nobile-di-montepulciano-rouge\\\/#primaryimage\",\"url\":\"https:\\\/\\\/www.ivinio.com\\\/wp-content\\\/uploads\\\/nc\\\/public\\\/modules\\\/file\\\/pictures\\\/5095.icariovinonobile500x500.jpg\",\"contentUrl\":\"https:\\\/\\\/www.ivinio.com\\\/wp-content\\\/uploads\\\/nc\\\/public\\\/modules\\\/file\\\/pictures\\\/5095.icariovinonobile500x500.jpg\",\"width\":500,\"height\":500},{\"@type\":\"BreadcrumbList\",\"@id\":\"https:\\\/\\\/www.ivinio.com\\\/sv\\\/produkt\\\/icario-vino-nobile-di-montepulciano-rouge\\\/#breadcrumb\",\"itemListElement\":[{\"@type\":\"ListItem\",\"position\":1,\"name\":\"Hem\",\"item\":\"https:\\\/\\\/www.ivinio.com\\\/sv\\\/\"},{\"@type\":\"ListItem\",\"position\":2,\"name\":\"Vinbutik\",\"item\":\"https:\\\/\\\/www.ivinio.com\\\/sv\\\/vinbutik\\\/\"},{\"@type\":\"ListItem\",\"position\":3,\"name\":\"Icario &#8211; Vino nobile di Montepulciano &#8211; rouge\"}]},{\"@type\":\"WebSite\",\"@id\":\"https:\\\/\\\/www.ivinio.com\\\/sv\\\/#website\",\"url\":\"https:\\\/\\\/www.ivinio.com\\\/sv\\\/\",\"name\":\"IVINIO Vinbutik\",\"description\":\"Vin fr\u00e5n Frankrike och Italien med leverans hem till din d\u00f6rr\",\"publisher\":{\"@id\":\"https:\\\/\\\/www.ivinio.com\\\/sv\\\/#organization\"},\"potentialAction\":[{\"@type\":\"SearchAction\",\"target\":{\"@type\":\"EntryPoint\",\"urlTemplate\":\"https:\\\/\\\/www.ivinio.com\\\/sv\\\/?s={search_term_string}\"},\"query-input\":{\"@type\":\"PropertyValueSpecification\",\"valueRequired\":true,\"valueName\":\"search_term_string\"}}],\"inLanguage\":\"sv-SE\"},{\"@type\":\"Organization\",\"@id\":\"https:\\\/\\\/www.ivinio.com\\\/sv\\\/#organization\",\"name\":\"IVINIO\",\"url\":\"https:\\\/\\\/www.ivinio.com\\\/sv\\\/\",\"logo\":{\"@type\":\"ImageObject\",\"inLanguage\":\"sv-SE\",\"@id\":\"https:\\\/\\\/www.ivinio.com\\\/sv\\\/#\\\/schema\\\/logo\\\/image\\\/\",\"url\":\"https:\\\/\\\/www.ivinio.com\\\/wp-content\\\/uploads\\\/2021\\\/01\\\/Logo-Ivinio-v2.jpg\",\"contentUrl\":\"https:\\\/\\\/www.ivinio.com\\\/wp-content\\\/uploads\\\/2021\\\/01\\\/Logo-Ivinio-v2.jpg\",\"width\":1194,\"height\":1194,\"caption\":\"IVINIO\"},\"image\":{\"@id\":\"https:\\\/\\\/www.ivinio.com\\\/sv\\\/#\\\/schema\\\/logo\\\/image\\\/\"},\"sameAs\":[\"https:\\\/\\\/www.facebook.com\\\/groups\\\/165217837022391\\\/?ref=bookmarks\",\"https:\\\/\\\/www.instagram.com\\\/_ivinio_\\\/?hl=fr\"]}]}<\/script>\n<!-- \/ Yoast SEO plugin. -->","yoast_head_json":{"title":"Icario - Vino nobile di Montepulciano - toscanaviner - italienska viner - r\u00f6dvin - sangioveseviner - brunello di montalcino","description":"Vino nobile di Montepulciano \u00e4r ett elegant fylligt r\u00f6dvin med mjuka tanniner. Passar till en \u00e4lgbiff med rotgr\u00f6nsaker eller mer italienskt till en osso bucco eller en finare pastar\u00e4tt.","robots":{"index":"index","follow":"follow","max-snippet":"max-snippet:-1","max-image-preview":"max-image-preview:large","max-video-preview":"max-video-preview:-1"},"canonical":"https:\/\/www.ivinio.com\/sv\/produkt\/icario-vino-nobile-di-montepulciano-rouge\/","og_locale":"sv_SE","og_type":"article","og_title":"Icario - Vino nobile di Montepulciano - toscanaviner - italienska viner - r\u00f6dvin - sangioveseviner - brunello di montalcino","og_description":"Vino nobile di Montepulciano \u00e4r ett elegant fylligt r\u00f6dvin med mjuka tanniner. Passar till en \u00e4lgbiff med rotgr\u00f6nsaker eller mer italienskt till en osso bucco eller en finare pastar\u00e4tt.","og_url":"https:\/\/www.ivinio.com\/sv\/produkt\/icario-vino-nobile-di-montepulciano-rouge\/","og_site_name":"IVINIO Vinbutik","article_publisher":"https:\/\/www.facebook.com\/groups\/165217837022391\/?ref=bookmarks","article_modified_time":"2023-05-23T16:55:42+00:00","og_image":[{"width":500,"height":500,"url":"https:\/\/www.ivinio.com\/wp-content\/uploads\/nc\/public\/modules\/file\/pictures\/5095.icariovinonobile500x500.jpg","type":"image\/jpeg"}],"twitter_card":"summary_large_image","twitter_misc":{"Ber\u00e4knad l\u00e4stid":"1 minut"},"schema":{"@context":"https:\/\/schema.org","@graph":[{"@type":"WebPage","@id":"https:\/\/www.ivinio.com\/sv\/produkt\/icario-vino-nobile-di-montepulciano-rouge\/","url":"https:\/\/www.ivinio.com\/sv\/produkt\/icario-vino-nobile-di-montepulciano-rouge\/","name":"Icario - Vino nobile di Montepulciano - toscanaviner - italienska viner - r\u00f6dvin - sangioveseviner - brunello di montalcino","isPartOf":{"@id":"https:\/\/www.ivinio.com\/sv\/#website"},"primaryImageOfPage":{"@id":"https:\/\/www.ivinio.com\/sv\/produkt\/icario-vino-nobile-di-montepulciano-rouge\/#primaryimage"},"image":{"@id":"https:\/\/www.ivinio.com\/sv\/produkt\/icario-vino-nobile-di-montepulciano-rouge\/#primaryimage"},"thumbnailUrl":"https:\/\/www.ivinio.com\/wp-content\/uploads\/nc\/public\/modules\/file\/pictures\/5095.icariovinonobile500x500.jpg","datePublished":"2014-10-02T09:30:28+00:00","dateModified":"2023-05-23T16:55:42+00:00","description":"Vino nobile di Montepulciano \u00e4r ett elegant fylligt r\u00f6dvin med mjuka tanniner. Passar till en \u00e4lgbiff med rotgr\u00f6nsaker eller mer italienskt till en osso bucco eller en finare pastar\u00e4tt.","breadcrumb":{"@id":"https:\/\/www.ivinio.com\/sv\/produkt\/icario-vino-nobile-di-montepulciano-rouge\/#breadcrumb"},"inLanguage":"sv-SE","potentialAction":[{"@type":"ReadAction","target":["https:\/\/www.ivinio.com\/sv\/produkt\/icario-vino-nobile-di-montepulciano-rouge\/"]}]},{"@type":"ImageObject","inLanguage":"sv-SE","@id":"https:\/\/www.ivinio.com\/sv\/produkt\/icario-vino-nobile-di-montepulciano-rouge\/#primaryimage","url":"https:\/\/www.ivinio.com\/wp-content\/uploads\/nc\/public\/modules\/file\/pictures\/5095.icariovinonobile500x500.jpg","contentUrl":"https:\/\/www.ivinio.com\/wp-content\/uploads\/nc\/public\/modules\/file\/pictures\/5095.icariovinonobile500x500.jpg","width":500,"height":500},{"@type":"BreadcrumbList","@id":"https:\/\/www.ivinio.com\/sv\/produkt\/icario-vino-nobile-di-montepulciano-rouge\/#breadcrumb","itemListElement":[{"@type":"ListItem","position":1,"name":"Hem","item":"https:\/\/www.ivinio.com\/sv\/"},{"@type":"ListItem","position":2,"name":"Vinbutik","item":"https:\/\/www.ivinio.com\/sv\/vinbutik\/"},{"@type":"ListItem","position":3,"name":"Icario &#8211; Vino nobile di Montepulciano &#8211; rouge"}]},{"@type":"WebSite","@id":"https:\/\/www.ivinio.com\/sv\/#website","url":"https:\/\/www.ivinio.com\/sv\/","name":"IVINIO Vinbutik","description":"Vin fr\u00e5n Frankrike och Italien med leverans hem till din d\u00f6rr","publisher":{"@id":"https:\/\/www.ivinio.com\/sv\/#organization"},"potentialAction":[{"@type":"SearchAction","target":{"@type":"EntryPoint","urlTemplate":"https:\/\/www.ivinio.com\/sv\/?s={search_term_string}"},"query-input":{"@type":"PropertyValueSpecification","valueRequired":true,"valueName":"search_term_string"}}],"inLanguage":"sv-SE"},{"@type":"Organization","@id":"https:\/\/www.ivinio.com\/sv\/#organization","name":"IVINIO","url":"https:\/\/www.ivinio.com\/sv\/","logo":{"@type":"ImageObject","inLanguage":"sv-SE","@id":"https:\/\/www.ivinio.com\/sv\/#\/schema\/logo\/image\/","url":"https:\/\/www.ivinio.com\/wp-content\/uploads\/2021\/01\/Logo-Ivinio-v2.jpg","contentUrl":"https:\/\/www.ivinio.com\/wp-content\/uploads\/2021\/01\/Logo-Ivinio-v2.jpg","width":1194,"height":1194,"caption":"IVINIO"},"image":{"@id":"https:\/\/www.ivinio.com\/sv\/#\/schema\/logo\/image\/"},"sameAs":["https:\/\/www.facebook.com\/groups\/165217837022391\/?ref=bookmarks","https:\/\/www.instagram.com\/_ivinio_\/?hl=fr"]}]}},"jetpack_sharing_enabled":true,"_links":{"self":[{"href":"https:\/\/www.ivinio.com\/sv\/wp-json\/wp\/v2\/product\/118618","targetHints":{"allow":["GET"]}}],"collection":[{"href":"https:\/\/www.ivinio.com\/sv\/wp-json\/wp\/v2\/product"}],"about":[{"href":"https:\/\/www.ivinio.com\/sv\/wp-json\/wp\/v2\/types\/product"}],"replies":[{"embeddable":true,"href":"https:\/\/www.ivinio.com\/sv\/wp-json\/wp\/v2\/comments?post=118618"}],"wp:featuredmedia":[{"embeddable":true,"href":"https:\/\/www.ivinio.com\/sv\/wp-json\/wp\/v2\/media\/118619"}],"wp:attachment":[{"href":"https:\/\/www.ivinio.com\/sv\/wp-json\/wp\/v2\/media?parent=118618"}],"wp:term":[{"taxonomy":"product_brand","embeddable":true,"href":"https:\/\/www.ivinio.com\/sv\/wp-json\/wp\/v2\/product_brand?post=118618"},{"taxonomy":"product_cat","embeddable":true,"href":"https:\/\/www.ivinio.com\/sv\/wp-json\/wp\/v2\/product_cat?post=118618"},{"taxonomy":"product_tag","embeddable":true,"href":"https:\/\/www.ivinio.com\/sv\/wp-json\/wp\/v2\/product_tag?post=118618"}],"curies":[{"name":"wp","href":"https:\/\/api.w.org\/{rel}","templated":true}]}}