{"id":118479,"date":"2014-09-19T12:12:10","date_gmt":"2014-09-19T12:12:10","guid":{"rendered":"https:\/\/henrik.www.ivinio.com\/?product=les-fiefs-de-lagrange-2016-rod"},"modified":"2023-01-07T19:46:21","modified_gmt":"2023-01-07T18:46:21","slug":"chateau-lagrange-les-fiefs-de-lagrange-rod","status":"publish","type":"product","link":"https:\/\/www.ivinio.com\/sv\/produkt\/chateau-lagrange-les-fiefs-de-lagrange-rod\/","title":{"rendered":"Ch\u00e2teau Lagrange &#8211; Les fiefs de Lagrange &#8211; r\u00f6d"},"content":{"rendered":"<p>Les fiefs de Lagrange\u00a0kommer fr\u00e5n vinstockar som i genomsnitt \u00e4r 30 \u00e5r och planterade i fin grusrik jord f\u00f6r Cabernet Sauvignon- och lerjord f\u00f6r Merlotdruvorna.\u00a0 Vinet framst\u00e4lls\u00a0som &#8220;Le Grand Vin&#8221;, d\u00e4r man s\u00f6ker mognad och koncentration i druvorna, en vinifiering som g\u00f6rs per \u00e5kerpl\u00e4tt samt en lagring som beror p\u00e5\u00a0tanninernas struktur.\u00a0Druvorna sk\u00f6rdas f\u00f6r hand och sorteras. J\u00e4sningen tar 15-20 dagar och vinet lagras d\u00e4refter 1 \u00e5r p\u00e5 ekfat varav 25% av faten \u00e4r nya. M\u00e5ls\u00e4ttningen \u00e4r att g\u00f6ra ett runt vin med mjuka tanniner. Aromer av r\u00f6da och svarta\u00a0b\u00e4r n\u00e4r det \u00e4r ungt med god\u00a0lagringspotential.<\/p>\n","protected":false},"excerpt":{"rendered":"<p>Det h\u00e4r \u00e4r 2:a vinet fr\u00e5n exklusiva Chateau Lagrange, 3\u00e8me Grand Cru\u00a0i Saint Julien. Inslag av svartvinb\u00e4r, lakrits och kryddor, ett vackert vin i en mycket bra\u00a0\u00e5rg\u00e5ng!<\/p>\n","protected":false},"featured_media":118480,"comment_status":"open","ping_status":"closed","template":"","meta":{"_monsterinsights_skip_tracking":false,"_monsterinsights_sitenote_active":false,"_monsterinsights_sitenote_note":"","_monsterinsights_sitenote_category":0,"_uf_show_specific_survey":0,"_uf_disable_surveys":false},"product_brand":[],"product_cat":[36633,36588],"product_tag":[],"class_list":{"0":"post-118479","1":"product","2":"type-product","3":"status-publish","4":"has-post-thumbnail","6":"product_cat-sv-bordeaux","7":"product_cat-franska-viner","8":"pa_alcohol-degree-13-5-sv","9":"pa_awards-vinum-wine-magazine-sv","10":"pa_classification-aop-saint-julien-sv","11":"pa_color-rod-sv","12":"pa_country-frankrike-sv","13":"pa_grape-variety-cabernet-sauvignon","14":"pa_grape-variety-merlot-sv","15":"pa_grape-variety-petit-verdot","16":"pa_package-1x1-sv","17":"pa_package-1x6-sv","18":"pa_region-bordeaux-sv","19":"pa_storage-potential-mer-an-10-ar-sv","20":"pa_vintage-2019-sv","21":"pa_volume-75-cl-sv","23":"first","24":"instock","25":"taxable","26":"shipping-taxable","27":"purchasable","28":"product-type-variable"},"bundled_by":["118498"],"bundle_stock_status":"instock","bundle_stock_quantity":null,"bundle_virtual":false,"bundle_layout":"","bundle_add_to_cart_form_location":"","bundle_editable_in_cart":false,"bundle_sold_individually_context":"","bundle_item_grouping":"","bundle_min_size":"","bundle_max_size":"","bundle_price":[],"bundled_items":[],"bundle_sell_ids":[],"yoast_head":"<!-- This site is optimized with the Yoast SEO plugin v27.3 - https:\/\/yoast.com\/product\/yoast-seo-wordpress\/ -->\n<title>K\u00f6pa Ch\u00e2teau Lagrange - Les fiefs de Lagrange - r\u00f6dvin - IVINIO Wine Shop<\/title>\n<meta name=\"description\" content=\"K\u00f6pa Ch\u00e2teau Lagrange - Les fiefs de Lagrange - r\u00f6dvin. 2:a vinet fr\u00e5n exklusiva Ch\u00e2teau Lagrange, 3\u00e8me Grand Cru i Saint Julien.\" \/>\n<meta name=\"robots\" content=\"index, follow, max-snippet:-1, max-image-preview:large, max-video-preview:-1\" \/>\n<link rel=\"canonical\" href=\"https:\/\/www.ivinio.com\/sv\/produkt\/chateau-lagrange-les-fiefs-de-lagrange-rod\/\" \/>\n<meta property=\"og:locale\" content=\"sv_SE\" \/>\n<meta property=\"og:type\" content=\"article\" \/>\n<meta property=\"og:title\" content=\"K\u00f6pa Ch\u00e2teau Lagrange - Les fiefs de Lagrange - r\u00f6dvin - IVINIO Wine Shop\" \/>\n<meta property=\"og:description\" content=\"K\u00f6pa Ch\u00e2teau Lagrange - Les fiefs de Lagrange - r\u00f6dvin. 2:a vinet fr\u00e5n exklusiva Ch\u00e2teau Lagrange, 3\u00e8me Grand Cru i Saint Julien.\" \/>\n<meta property=\"og:url\" content=\"https:\/\/www.ivinio.com\/sv\/produkt\/chateau-lagrange-les-fiefs-de-lagrange-rod\/\" \/>\n<meta property=\"og:site_name\" content=\"IVINIO Wine Shop\" \/>\n<meta property=\"article:publisher\" content=\"https:\/\/www.facebook.com\/groups\/165217837022391\/?ref=bookmarks\" \/>\n<meta property=\"article:modified_time\" content=\"2023-01-07T18:46:21+00:00\" \/>\n<meta property=\"og:image\" content=\"https:\/\/www.ivinio.com\/wp-content\/uploads\/nc\/public\/modules\/file\/pictures\/5035.fiefslagrange500x500.jpg\" \/>\n\t<meta property=\"og:image:width\" content=\"500\" \/>\n\t<meta property=\"og:image:height\" content=\"500\" \/>\n\t<meta property=\"og:image:type\" content=\"image\/jpeg\" \/>\n<meta name=\"twitter:card\" content=\"summary_large_image\" \/>\n<meta name=\"twitter:label1\" content=\"Ber\u00e4knad l\u00e4stid\" \/>\n\t<meta name=\"twitter:data1\" content=\"1 minut\" \/>\n<script type=\"application\/ld+json\" class=\"yoast-schema-graph\">{\"@context\":\"https:\\\/\\\/schema.org\",\"@graph\":[{\"@type\":\"WebPage\",\"@id\":\"https:\\\/\\\/www.ivinio.com\\\/sv\\\/produkt\\\/chateau-lagrange-les-fiefs-de-lagrange-rod\\\/\",\"url\":\"https:\\\/\\\/www.ivinio.com\\\/sv\\\/produkt\\\/chateau-lagrange-les-fiefs-de-lagrange-rod\\\/\",\"name\":\"K\u00f6pa Ch\u00e2teau Lagrange - Les fiefs de Lagrange - r\u00f6dvin - IVINIO Wine Shop\",\"isPartOf\":{\"@id\":\"https:\\\/\\\/www.ivinio.com\\\/sv\\\/#website\"},\"primaryImageOfPage\":{\"@id\":\"https:\\\/\\\/www.ivinio.com\\\/sv\\\/produkt\\\/chateau-lagrange-les-fiefs-de-lagrange-rod\\\/#primaryimage\"},\"image\":{\"@id\":\"https:\\\/\\\/www.ivinio.com\\\/sv\\\/produkt\\\/chateau-lagrange-les-fiefs-de-lagrange-rod\\\/#primaryimage\"},\"thumbnailUrl\":\"https:\\\/\\\/www.ivinio.com\\\/wp-content\\\/uploads\\\/nc\\\/public\\\/modules\\\/file\\\/pictures\\\/5035.fiefslagrange500x500.jpg\",\"datePublished\":\"2014-09-19T12:12:10+00:00\",\"dateModified\":\"2023-01-07T18:46:21+00:00\",\"description\":\"K\u00f6pa Ch\u00e2teau Lagrange - Les fiefs de Lagrange - r\u00f6dvin. 2:a vinet fr\u00e5n exklusiva Ch\u00e2teau Lagrange, 3\u00e8me Grand Cru i Saint Julien.\",\"breadcrumb\":{\"@id\":\"https:\\\/\\\/www.ivinio.com\\\/sv\\\/produkt\\\/chateau-lagrange-les-fiefs-de-lagrange-rod\\\/#breadcrumb\"},\"inLanguage\":\"sv-SE\",\"potentialAction\":[{\"@type\":\"ReadAction\",\"target\":[\"https:\\\/\\\/www.ivinio.com\\\/sv\\\/produkt\\\/chateau-lagrange-les-fiefs-de-lagrange-rod\\\/\"]}]},{\"@type\":\"ImageObject\",\"inLanguage\":\"sv-SE\",\"@id\":\"https:\\\/\\\/www.ivinio.com\\\/sv\\\/produkt\\\/chateau-lagrange-les-fiefs-de-lagrange-rod\\\/#primaryimage\",\"url\":\"https:\\\/\\\/www.ivinio.com\\\/wp-content\\\/uploads\\\/nc\\\/public\\\/modules\\\/file\\\/pictures\\\/5035.fiefslagrange500x500.jpg\",\"contentUrl\":\"https:\\\/\\\/www.ivinio.com\\\/wp-content\\\/uploads\\\/nc\\\/public\\\/modules\\\/file\\\/pictures\\\/5035.fiefslagrange500x500.jpg\",\"width\":500,\"height\":500,\"caption\":\"Ch\u00e2teau Lagrange - Les fiefs de Lagrange\"},{\"@type\":\"BreadcrumbList\",\"@id\":\"https:\\\/\\\/www.ivinio.com\\\/sv\\\/produkt\\\/chateau-lagrange-les-fiefs-de-lagrange-rod\\\/#breadcrumb\",\"itemListElement\":[{\"@type\":\"ListItem\",\"position\":1,\"name\":\"Hem\",\"item\":\"https:\\\/\\\/www.ivinio.com\\\/sv\\\/\"},{\"@type\":\"ListItem\",\"position\":2,\"name\":\"Vinbutik\",\"item\":\"https:\\\/\\\/www.ivinio.com\\\/sv\\\/vinbutik\\\/\"},{\"@type\":\"ListItem\",\"position\":3,\"name\":\"Ch\u00e2teau Lagrange &#8211; Les fiefs de Lagrange &#8211; r\u00f6d\"}]},{\"@type\":\"WebSite\",\"@id\":\"https:\\\/\\\/www.ivinio.com\\\/sv\\\/#website\",\"url\":\"https:\\\/\\\/www.ivinio.com\\\/sv\\\/\",\"name\":\"IVINIO Wine Shop\",\"description\":\"French and Italian wines with delivery to your door\",\"publisher\":{\"@id\":\"https:\\\/\\\/www.ivinio.com\\\/sv\\\/#organization\"},\"potentialAction\":[{\"@type\":\"SearchAction\",\"target\":{\"@type\":\"EntryPoint\",\"urlTemplate\":\"https:\\\/\\\/www.ivinio.com\\\/sv\\\/?s={search_term_string}\"},\"query-input\":{\"@type\":\"PropertyValueSpecification\",\"valueRequired\":true,\"valueName\":\"search_term_string\"}}],\"inLanguage\":\"sv-SE\"},{\"@type\":\"Organization\",\"@id\":\"https:\\\/\\\/www.ivinio.com\\\/sv\\\/#organization\",\"name\":\"IVINIO\",\"url\":\"https:\\\/\\\/www.ivinio.com\\\/sv\\\/\",\"logo\":{\"@type\":\"ImageObject\",\"inLanguage\":\"sv-SE\",\"@id\":\"https:\\\/\\\/www.ivinio.com\\\/sv\\\/#\\\/schema\\\/logo\\\/image\\\/\",\"url\":\"https:\\\/\\\/www.ivinio.com\\\/wp-content\\\/uploads\\\/2021\\\/01\\\/Logo-Ivinio-v2.jpg\",\"contentUrl\":\"https:\\\/\\\/www.ivinio.com\\\/wp-content\\\/uploads\\\/2021\\\/01\\\/Logo-Ivinio-v2.jpg\",\"width\":1194,\"height\":1194,\"caption\":\"IVINIO\"},\"image\":{\"@id\":\"https:\\\/\\\/www.ivinio.com\\\/sv\\\/#\\\/schema\\\/logo\\\/image\\\/\"},\"sameAs\":[\"https:\\\/\\\/www.facebook.com\\\/groups\\\/165217837022391\\\/?ref=bookmarks\",\"https:\\\/\\\/www.instagram.com\\\/_ivinio_\\\/?hl=fr\"]}]}<\/script>\n<!-- \/ Yoast SEO plugin. -->","yoast_head_json":{"title":"K\u00f6pa Ch\u00e2teau Lagrange - Les fiefs de Lagrange - r\u00f6dvin - IVINIO Wine Shop","description":"K\u00f6pa Ch\u00e2teau Lagrange - Les fiefs de Lagrange - r\u00f6dvin. 2:a vinet fr\u00e5n exklusiva Ch\u00e2teau Lagrange, 3\u00e8me Grand Cru i Saint Julien.","robots":{"index":"index","follow":"follow","max-snippet":"max-snippet:-1","max-image-preview":"max-image-preview:large","max-video-preview":"max-video-preview:-1"},"canonical":"https:\/\/www.ivinio.com\/sv\/produkt\/chateau-lagrange-les-fiefs-de-lagrange-rod\/","og_locale":"sv_SE","og_type":"article","og_title":"K\u00f6pa Ch\u00e2teau Lagrange - Les fiefs de Lagrange - r\u00f6dvin - IVINIO Wine Shop","og_description":"K\u00f6pa Ch\u00e2teau Lagrange - Les fiefs de Lagrange - r\u00f6dvin. 2:a vinet fr\u00e5n exklusiva Ch\u00e2teau Lagrange, 3\u00e8me Grand Cru i Saint Julien.","og_url":"https:\/\/www.ivinio.com\/sv\/produkt\/chateau-lagrange-les-fiefs-de-lagrange-rod\/","og_site_name":"IVINIO Wine Shop","article_publisher":"https:\/\/www.facebook.com\/groups\/165217837022391\/?ref=bookmarks","article_modified_time":"2023-01-07T18:46:21+00:00","og_image":[{"width":500,"height":500,"url":"https:\/\/www.ivinio.com\/wp-content\/uploads\/nc\/public\/modules\/file\/pictures\/5035.fiefslagrange500x500.jpg","type":"image\/jpeg"}],"twitter_card":"summary_large_image","twitter_misc":{"Ber\u00e4knad l\u00e4stid":"1 minut"},"schema":{"@context":"https:\/\/schema.org","@graph":[{"@type":"WebPage","@id":"https:\/\/www.ivinio.com\/sv\/produkt\/chateau-lagrange-les-fiefs-de-lagrange-rod\/","url":"https:\/\/www.ivinio.com\/sv\/produkt\/chateau-lagrange-les-fiefs-de-lagrange-rod\/","name":"K\u00f6pa Ch\u00e2teau Lagrange - Les fiefs de Lagrange - r\u00f6dvin - IVINIO Wine Shop","isPartOf":{"@id":"https:\/\/www.ivinio.com\/sv\/#website"},"primaryImageOfPage":{"@id":"https:\/\/www.ivinio.com\/sv\/produkt\/chateau-lagrange-les-fiefs-de-lagrange-rod\/#primaryimage"},"image":{"@id":"https:\/\/www.ivinio.com\/sv\/produkt\/chateau-lagrange-les-fiefs-de-lagrange-rod\/#primaryimage"},"thumbnailUrl":"https:\/\/www.ivinio.com\/wp-content\/uploads\/nc\/public\/modules\/file\/pictures\/5035.fiefslagrange500x500.jpg","datePublished":"2014-09-19T12:12:10+00:00","dateModified":"2023-01-07T18:46:21+00:00","description":"K\u00f6pa Ch\u00e2teau Lagrange - Les fiefs de Lagrange - r\u00f6dvin. 2:a vinet fr\u00e5n exklusiva Ch\u00e2teau Lagrange, 3\u00e8me Grand Cru i Saint Julien.","breadcrumb":{"@id":"https:\/\/www.ivinio.com\/sv\/produkt\/chateau-lagrange-les-fiefs-de-lagrange-rod\/#breadcrumb"},"inLanguage":"sv-SE","potentialAction":[{"@type":"ReadAction","target":["https:\/\/www.ivinio.com\/sv\/produkt\/chateau-lagrange-les-fiefs-de-lagrange-rod\/"]}]},{"@type":"ImageObject","inLanguage":"sv-SE","@id":"https:\/\/www.ivinio.com\/sv\/produkt\/chateau-lagrange-les-fiefs-de-lagrange-rod\/#primaryimage","url":"https:\/\/www.ivinio.com\/wp-content\/uploads\/nc\/public\/modules\/file\/pictures\/5035.fiefslagrange500x500.jpg","contentUrl":"https:\/\/www.ivinio.com\/wp-content\/uploads\/nc\/public\/modules\/file\/pictures\/5035.fiefslagrange500x500.jpg","width":500,"height":500,"caption":"Ch\u00e2teau Lagrange - Les fiefs de Lagrange"},{"@type":"BreadcrumbList","@id":"https:\/\/www.ivinio.com\/sv\/produkt\/chateau-lagrange-les-fiefs-de-lagrange-rod\/#breadcrumb","itemListElement":[{"@type":"ListItem","position":1,"name":"Hem","item":"https:\/\/www.ivinio.com\/sv\/"},{"@type":"ListItem","position":2,"name":"Vinbutik","item":"https:\/\/www.ivinio.com\/sv\/vinbutik\/"},{"@type":"ListItem","position":3,"name":"Ch\u00e2teau Lagrange &#8211; Les fiefs de Lagrange &#8211; r\u00f6d"}]},{"@type":"WebSite","@id":"https:\/\/www.ivinio.com\/sv\/#website","url":"https:\/\/www.ivinio.com\/sv\/","name":"IVINIO Wine Shop","description":"French and Italian wines with delivery to your door","publisher":{"@id":"https:\/\/www.ivinio.com\/sv\/#organization"},"potentialAction":[{"@type":"SearchAction","target":{"@type":"EntryPoint","urlTemplate":"https:\/\/www.ivinio.com\/sv\/?s={search_term_string}"},"query-input":{"@type":"PropertyValueSpecification","valueRequired":true,"valueName":"search_term_string"}}],"inLanguage":"sv-SE"},{"@type":"Organization","@id":"https:\/\/www.ivinio.com\/sv\/#organization","name":"IVINIO","url":"https:\/\/www.ivinio.com\/sv\/","logo":{"@type":"ImageObject","inLanguage":"sv-SE","@id":"https:\/\/www.ivinio.com\/sv\/#\/schema\/logo\/image\/","url":"https:\/\/www.ivinio.com\/wp-content\/uploads\/2021\/01\/Logo-Ivinio-v2.jpg","contentUrl":"https:\/\/www.ivinio.com\/wp-content\/uploads\/2021\/01\/Logo-Ivinio-v2.jpg","width":1194,"height":1194,"caption":"IVINIO"},"image":{"@id":"https:\/\/www.ivinio.com\/sv\/#\/schema\/logo\/image\/"},"sameAs":["https:\/\/www.facebook.com\/groups\/165217837022391\/?ref=bookmarks","https:\/\/www.instagram.com\/_ivinio_\/?hl=fr"]}]}},"jetpack_sharing_enabled":true,"_links":{"self":[{"href":"https:\/\/www.ivinio.com\/sv\/wp-json\/wp\/v2\/product\/118479","targetHints":{"allow":["GET"]}}],"collection":[{"href":"https:\/\/www.ivinio.com\/sv\/wp-json\/wp\/v2\/product"}],"about":[{"href":"https:\/\/www.ivinio.com\/sv\/wp-json\/wp\/v2\/types\/product"}],"replies":[{"embeddable":true,"href":"https:\/\/www.ivinio.com\/sv\/wp-json\/wp\/v2\/comments?post=118479"}],"wp:featuredmedia":[{"embeddable":true,"href":"https:\/\/www.ivinio.com\/sv\/wp-json\/wp\/v2\/media\/118480"}],"wp:attachment":[{"href":"https:\/\/www.ivinio.com\/sv\/wp-json\/wp\/v2\/media?parent=118479"}],"wp:term":[{"taxonomy":"product_brand","embeddable":true,"href":"https:\/\/www.ivinio.com\/sv\/wp-json\/wp\/v2\/product_brand?post=118479"},{"taxonomy":"product_cat","embeddable":true,"href":"https:\/\/www.ivinio.com\/sv\/wp-json\/wp\/v2\/product_cat?post=118479"},{"taxonomy":"product_tag","embeddable":true,"href":"https:\/\/www.ivinio.com\/sv\/wp-json\/wp\/v2\/product_tag?post=118479"}],"curies":[{"name":"wp","href":"https:\/\/api.w.org\/{rel}","templated":true}]}}