{"id":118392,"date":"2014-09-06T19:00:08","date_gmt":"2014-09-06T19:00:08","guid":{"rendered":"https:\/\/henrik.www.ivinio.com\/?product=domaine-du-fogolar-cuvee-prestige-collet-de-bovis-vit"},"modified":"2024-03-13T10:44:41","modified_gmt":"2024-03-13T09:44:41","slug":"domaine-du-fogolar-cuvee-prestige-collet-de-bovis-vit","status":"publish","type":"product","link":"https:\/\/www.ivinio.com\/sv\/produkt\/domaine-du-fogolar-cuvee-prestige-collet-de-bovis-vit\/","title":{"rendered":"Domaine du Fogolar &#8211; Cuv\u00e9e Prestige &#8211; Collet de Bovis &#8211; Vit"},"content":{"rendered":"<p>Domaine du Fogolar &#8211; Cuv\u00e9e Prestige &#8211; Collet de Bovis &#8211; Vitvin framst\u00e4lls av 100% Rolledruvor. Druvorna sk\u00f6rdas f\u00f6r hand runt den 20:e september. Druvorna pressas l\u00e4tt s\u00f6nder och f\u00e5r macerera innan druvorna pressa helt och musten separeras fr\u00e5n druvskalen. Vinet j\u00e4ses direkt p\u00e5 ekfat.<\/p>\n","protected":false},"excerpt":{"rendered":"<p>Collet de Bovis \u00e4r ett sm\u00f6rigt vitvin fr\u00e5n Bellet som p\u00e5minner om en Meursault fr\u00e5n Bourgogne, dock gjort av 100% Rolledruvor (vermentino).<\/p>\n","protected":false},"featured_media":118393,"comment_status":"open","ping_status":"closed","template":"","meta":{"_monsterinsights_skip_tracking":false,"_monsterinsights_sitenote_active":false,"_monsterinsights_sitenote_note":"","_monsterinsights_sitenote_category":0,"_uf_show_specific_survey":0,"_uf_disable_surveys":false},"product_brand":[],"product_cat":[36588,36624],"product_tag":[],"class_list":{"0":"post-118392","1":"product","2":"type-product","3":"status-publish","4":"has-post-thumbnail","6":"product_cat-franska-viner","7":"product_cat-sv-provence","8":"pa_alcohol-degree-14-sv","9":"pa_awards-concours-general-agricole-de-paris","10":"pa_awards-guide-hachette-sv","11":"pa_classification-aop-bellet-sv","12":"pa_color-vit-sv","13":"pa_country-frankrike-sv","14":"pa_grape-variety-rolle-sv","15":"pa_region-provence-sv","16":"pa_storage-potential-10-ar-sv","17":"pa_vintage-41019","18":"pa_volume-75-cl-sv","20":"first","21":"instock","22":"taxable","23":"shipping-taxable","24":"purchasable","25":"product-type-simple"},"bundled_by":[],"bundle_stock_status":"instock","bundle_stock_quantity":null,"bundle_virtual":false,"bundle_layout":"","bundle_add_to_cart_form_location":"","bundle_editable_in_cart":false,"bundle_sold_individually_context":"","bundle_item_grouping":"","bundle_min_size":"","bundle_max_size":"","bundle_price":[],"bundled_items":[],"bundle_sell_ids":[],"yoast_head":"<!-- This site is optimized with the Yoast SEO plugin v27.3 - https:\/\/yoast.com\/product\/yoast-seo-wordpress\/ -->\n<title>Domaine du Fogolar - Cuv\u00e9e Prestige - Collet de Bovis - Vitvin - IVINIO Wine Shop<\/title>\n<meta name=\"description\" content=\"Domaine du Fogolar - Cuv\u00e9e Prestige - Collet de Bovis - Vitvin. Collet de Bovis \u00e4r ett sm\u00f6rigt vitvin fr\u00e5n Bellet som p\u00e5minner om en Meurault fr\u00e5n Bourgogne.\" \/>\n<meta name=\"robots\" content=\"index, follow, max-snippet:-1, max-image-preview:large, max-video-preview:-1\" \/>\n<link rel=\"canonical\" href=\"https:\/\/www.ivinio.com\/sv\/produkt\/domaine-du-fogolar-cuvee-prestige-collet-de-bovis-vit\/\" \/>\n<meta property=\"og:locale\" content=\"sv_SE\" \/>\n<meta property=\"og:type\" content=\"article\" \/>\n<meta property=\"og:title\" content=\"Domaine du Fogolar - Cuv\u00e9e Prestige - Collet de Bovis - Vitvin - IVINIO Wine Shop\" \/>\n<meta property=\"og:description\" content=\"Domaine du Fogolar - Cuv\u00e9e Prestige - Collet de Bovis - Vitvin. Collet de Bovis \u00e4r ett sm\u00f6rigt vitvin fr\u00e5n Bellet som p\u00e5minner om en Meurault fr\u00e5n Bourgogne.\" \/>\n<meta property=\"og:url\" content=\"https:\/\/www.ivinio.com\/sv\/produkt\/domaine-du-fogolar-cuvee-prestige-collet-de-bovis-vit\/\" \/>\n<meta property=\"og:site_name\" content=\"IVINIO Wine Shop\" \/>\n<meta property=\"article:publisher\" content=\"https:\/\/www.facebook.com\/groups\/165217837022391\/?ref=bookmarks\" \/>\n<meta property=\"article:modified_time\" content=\"2024-03-13T09:44:41+00:00\" \/>\n<meta property=\"og:image\" content=\"https:\/\/www.ivinio.com\/wp-content\/uploads\/nc\/public\/modules\/file\/pictures\/4989.colletdebovis500x500.jpg\" \/>\n\t<meta property=\"og:image:width\" content=\"500\" \/>\n\t<meta property=\"og:image:height\" content=\"500\" \/>\n\t<meta property=\"og:image:type\" content=\"image\/jpeg\" \/>\n<meta name=\"twitter:card\" content=\"summary_large_image\" \/>\n<meta name=\"twitter:label1\" content=\"Ber\u00e4knad l\u00e4stid\" \/>\n\t<meta name=\"twitter:data1\" content=\"1 minut\" \/>\n<script type=\"application\/ld+json\" class=\"yoast-schema-graph\">{\"@context\":\"https:\\\/\\\/schema.org\",\"@graph\":[{\"@type\":\"WebPage\",\"@id\":\"https:\\\/\\\/www.ivinio.com\\\/sv\\\/produkt\\\/domaine-du-fogolar-cuvee-prestige-collet-de-bovis-vit\\\/\",\"url\":\"https:\\\/\\\/www.ivinio.com\\\/sv\\\/produkt\\\/domaine-du-fogolar-cuvee-prestige-collet-de-bovis-vit\\\/\",\"name\":\"Domaine du Fogolar - Cuv\u00e9e Prestige - Collet de Bovis - Vitvin - IVINIO Wine Shop\",\"isPartOf\":{\"@id\":\"https:\\\/\\\/www.ivinio.com\\\/sv\\\/#website\"},\"primaryImageOfPage\":{\"@id\":\"https:\\\/\\\/www.ivinio.com\\\/sv\\\/produkt\\\/domaine-du-fogolar-cuvee-prestige-collet-de-bovis-vit\\\/#primaryimage\"},\"image\":{\"@id\":\"https:\\\/\\\/www.ivinio.com\\\/sv\\\/produkt\\\/domaine-du-fogolar-cuvee-prestige-collet-de-bovis-vit\\\/#primaryimage\"},\"thumbnailUrl\":\"https:\\\/\\\/www.ivinio.com\\\/wp-content\\\/uploads\\\/nc\\\/public\\\/modules\\\/file\\\/pictures\\\/4989.colletdebovis500x500.jpg\",\"datePublished\":\"2014-09-06T19:00:08+00:00\",\"dateModified\":\"2024-03-13T09:44:41+00:00\",\"description\":\"Domaine du Fogolar - Cuv\u00e9e Prestige - Collet de Bovis - Vitvin. Collet de Bovis \u00e4r ett sm\u00f6rigt vitvin fr\u00e5n Bellet som p\u00e5minner om en Meurault fr\u00e5n Bourgogne.\",\"breadcrumb\":{\"@id\":\"https:\\\/\\\/www.ivinio.com\\\/sv\\\/produkt\\\/domaine-du-fogolar-cuvee-prestige-collet-de-bovis-vit\\\/#breadcrumb\"},\"inLanguage\":\"sv-SE\",\"potentialAction\":[{\"@type\":\"ReadAction\",\"target\":[\"https:\\\/\\\/www.ivinio.com\\\/sv\\\/produkt\\\/domaine-du-fogolar-cuvee-prestige-collet-de-bovis-vit\\\/\"]}]},{\"@type\":\"ImageObject\",\"inLanguage\":\"sv-SE\",\"@id\":\"https:\\\/\\\/www.ivinio.com\\\/sv\\\/produkt\\\/domaine-du-fogolar-cuvee-prestige-collet-de-bovis-vit\\\/#primaryimage\",\"url\":\"https:\\\/\\\/www.ivinio.com\\\/wp-content\\\/uploads\\\/nc\\\/public\\\/modules\\\/file\\\/pictures\\\/4989.colletdebovis500x500.jpg\",\"contentUrl\":\"https:\\\/\\\/www.ivinio.com\\\/wp-content\\\/uploads\\\/nc\\\/public\\\/modules\\\/file\\\/pictures\\\/4989.colletdebovis500x500.jpg\",\"width\":500,\"height\":500,\"caption\":\"Domaine du Fogolar \\\"Cuv\u00e9e Prestige\\\" - Collet de Bovis\"},{\"@type\":\"BreadcrumbList\",\"@id\":\"https:\\\/\\\/www.ivinio.com\\\/sv\\\/produkt\\\/domaine-du-fogolar-cuvee-prestige-collet-de-bovis-vit\\\/#breadcrumb\",\"itemListElement\":[{\"@type\":\"ListItem\",\"position\":1,\"name\":\"Hem\",\"item\":\"https:\\\/\\\/www.ivinio.com\\\/sv\\\/\"},{\"@type\":\"ListItem\",\"position\":2,\"name\":\"Vinbutik\",\"item\":\"https:\\\/\\\/www.ivinio.com\\\/sv\\\/vinbutik\\\/\"},{\"@type\":\"ListItem\",\"position\":3,\"name\":\"Domaine du Fogolar &#8211; Cuv\u00e9e Prestige &#8211; Collet de Bovis &#8211; Vit\"}]},{\"@type\":\"WebSite\",\"@id\":\"https:\\\/\\\/www.ivinio.com\\\/sv\\\/#website\",\"url\":\"https:\\\/\\\/www.ivinio.com\\\/sv\\\/\",\"name\":\"IVINIO Wine Shop\",\"description\":\"French and Italian wines with delivery to your door\",\"publisher\":{\"@id\":\"https:\\\/\\\/www.ivinio.com\\\/sv\\\/#organization\"},\"potentialAction\":[{\"@type\":\"SearchAction\",\"target\":{\"@type\":\"EntryPoint\",\"urlTemplate\":\"https:\\\/\\\/www.ivinio.com\\\/sv\\\/?s={search_term_string}\"},\"query-input\":{\"@type\":\"PropertyValueSpecification\",\"valueRequired\":true,\"valueName\":\"search_term_string\"}}],\"inLanguage\":\"sv-SE\"},{\"@type\":\"Organization\",\"@id\":\"https:\\\/\\\/www.ivinio.com\\\/sv\\\/#organization\",\"name\":\"IVINIO\",\"url\":\"https:\\\/\\\/www.ivinio.com\\\/sv\\\/\",\"logo\":{\"@type\":\"ImageObject\",\"inLanguage\":\"sv-SE\",\"@id\":\"https:\\\/\\\/www.ivinio.com\\\/sv\\\/#\\\/schema\\\/logo\\\/image\\\/\",\"url\":\"https:\\\/\\\/www.ivinio.com\\\/wp-content\\\/uploads\\\/2021\\\/01\\\/Logo-Ivinio-v2.jpg\",\"contentUrl\":\"https:\\\/\\\/www.ivinio.com\\\/wp-content\\\/uploads\\\/2021\\\/01\\\/Logo-Ivinio-v2.jpg\",\"width\":1194,\"height\":1194,\"caption\":\"IVINIO\"},\"image\":{\"@id\":\"https:\\\/\\\/www.ivinio.com\\\/sv\\\/#\\\/schema\\\/logo\\\/image\\\/\"},\"sameAs\":[\"https:\\\/\\\/www.facebook.com\\\/groups\\\/165217837022391\\\/?ref=bookmarks\",\"https:\\\/\\\/www.instagram.com\\\/_ivinio_\\\/?hl=fr\"]}]}<\/script>\n<!-- \/ Yoast SEO plugin. -->","yoast_head_json":{"title":"Domaine du Fogolar - Cuv\u00e9e Prestige - Collet de Bovis - Vitvin - IVINIO Wine Shop","description":"Domaine du Fogolar - Cuv\u00e9e Prestige - Collet de Bovis - Vitvin. Collet de Bovis \u00e4r ett sm\u00f6rigt vitvin fr\u00e5n Bellet som p\u00e5minner om en Meurault fr\u00e5n Bourgogne.","robots":{"index":"index","follow":"follow","max-snippet":"max-snippet:-1","max-image-preview":"max-image-preview:large","max-video-preview":"max-video-preview:-1"},"canonical":"https:\/\/www.ivinio.com\/sv\/produkt\/domaine-du-fogolar-cuvee-prestige-collet-de-bovis-vit\/","og_locale":"sv_SE","og_type":"article","og_title":"Domaine du Fogolar - Cuv\u00e9e Prestige - Collet de Bovis - Vitvin - IVINIO Wine Shop","og_description":"Domaine du Fogolar - Cuv\u00e9e Prestige - Collet de Bovis - Vitvin. Collet de Bovis \u00e4r ett sm\u00f6rigt vitvin fr\u00e5n Bellet som p\u00e5minner om en Meurault fr\u00e5n Bourgogne.","og_url":"https:\/\/www.ivinio.com\/sv\/produkt\/domaine-du-fogolar-cuvee-prestige-collet-de-bovis-vit\/","og_site_name":"IVINIO Wine Shop","article_publisher":"https:\/\/www.facebook.com\/groups\/165217837022391\/?ref=bookmarks","article_modified_time":"2024-03-13T09:44:41+00:00","og_image":[{"width":500,"height":500,"url":"https:\/\/www.ivinio.com\/wp-content\/uploads\/nc\/public\/modules\/file\/pictures\/4989.colletdebovis500x500.jpg","type":"image\/jpeg"}],"twitter_card":"summary_large_image","twitter_misc":{"Ber\u00e4knad l\u00e4stid":"1 minut"},"schema":{"@context":"https:\/\/schema.org","@graph":[{"@type":"WebPage","@id":"https:\/\/www.ivinio.com\/sv\/produkt\/domaine-du-fogolar-cuvee-prestige-collet-de-bovis-vit\/","url":"https:\/\/www.ivinio.com\/sv\/produkt\/domaine-du-fogolar-cuvee-prestige-collet-de-bovis-vit\/","name":"Domaine du Fogolar - Cuv\u00e9e Prestige - Collet de Bovis - Vitvin - IVINIO Wine Shop","isPartOf":{"@id":"https:\/\/www.ivinio.com\/sv\/#website"},"primaryImageOfPage":{"@id":"https:\/\/www.ivinio.com\/sv\/produkt\/domaine-du-fogolar-cuvee-prestige-collet-de-bovis-vit\/#primaryimage"},"image":{"@id":"https:\/\/www.ivinio.com\/sv\/produkt\/domaine-du-fogolar-cuvee-prestige-collet-de-bovis-vit\/#primaryimage"},"thumbnailUrl":"https:\/\/www.ivinio.com\/wp-content\/uploads\/nc\/public\/modules\/file\/pictures\/4989.colletdebovis500x500.jpg","datePublished":"2014-09-06T19:00:08+00:00","dateModified":"2024-03-13T09:44:41+00:00","description":"Domaine du Fogolar - Cuv\u00e9e Prestige - Collet de Bovis - Vitvin. Collet de Bovis \u00e4r ett sm\u00f6rigt vitvin fr\u00e5n Bellet som p\u00e5minner om en Meurault fr\u00e5n Bourgogne.","breadcrumb":{"@id":"https:\/\/www.ivinio.com\/sv\/produkt\/domaine-du-fogolar-cuvee-prestige-collet-de-bovis-vit\/#breadcrumb"},"inLanguage":"sv-SE","potentialAction":[{"@type":"ReadAction","target":["https:\/\/www.ivinio.com\/sv\/produkt\/domaine-du-fogolar-cuvee-prestige-collet-de-bovis-vit\/"]}]},{"@type":"ImageObject","inLanguage":"sv-SE","@id":"https:\/\/www.ivinio.com\/sv\/produkt\/domaine-du-fogolar-cuvee-prestige-collet-de-bovis-vit\/#primaryimage","url":"https:\/\/www.ivinio.com\/wp-content\/uploads\/nc\/public\/modules\/file\/pictures\/4989.colletdebovis500x500.jpg","contentUrl":"https:\/\/www.ivinio.com\/wp-content\/uploads\/nc\/public\/modules\/file\/pictures\/4989.colletdebovis500x500.jpg","width":500,"height":500,"caption":"Domaine du Fogolar \"Cuv\u00e9e Prestige\" - Collet de Bovis"},{"@type":"BreadcrumbList","@id":"https:\/\/www.ivinio.com\/sv\/produkt\/domaine-du-fogolar-cuvee-prestige-collet-de-bovis-vit\/#breadcrumb","itemListElement":[{"@type":"ListItem","position":1,"name":"Hem","item":"https:\/\/www.ivinio.com\/sv\/"},{"@type":"ListItem","position":2,"name":"Vinbutik","item":"https:\/\/www.ivinio.com\/sv\/vinbutik\/"},{"@type":"ListItem","position":3,"name":"Domaine du Fogolar &#8211; Cuv\u00e9e Prestige &#8211; Collet de Bovis &#8211; Vit"}]},{"@type":"WebSite","@id":"https:\/\/www.ivinio.com\/sv\/#website","url":"https:\/\/www.ivinio.com\/sv\/","name":"IVINIO Wine Shop","description":"French and Italian wines with delivery to your door","publisher":{"@id":"https:\/\/www.ivinio.com\/sv\/#organization"},"potentialAction":[{"@type":"SearchAction","target":{"@type":"EntryPoint","urlTemplate":"https:\/\/www.ivinio.com\/sv\/?s={search_term_string}"},"query-input":{"@type":"PropertyValueSpecification","valueRequired":true,"valueName":"search_term_string"}}],"inLanguage":"sv-SE"},{"@type":"Organization","@id":"https:\/\/www.ivinio.com\/sv\/#organization","name":"IVINIO","url":"https:\/\/www.ivinio.com\/sv\/","logo":{"@type":"ImageObject","inLanguage":"sv-SE","@id":"https:\/\/www.ivinio.com\/sv\/#\/schema\/logo\/image\/","url":"https:\/\/www.ivinio.com\/wp-content\/uploads\/2021\/01\/Logo-Ivinio-v2.jpg","contentUrl":"https:\/\/www.ivinio.com\/wp-content\/uploads\/2021\/01\/Logo-Ivinio-v2.jpg","width":1194,"height":1194,"caption":"IVINIO"},"image":{"@id":"https:\/\/www.ivinio.com\/sv\/#\/schema\/logo\/image\/"},"sameAs":["https:\/\/www.facebook.com\/groups\/165217837022391\/?ref=bookmarks","https:\/\/www.instagram.com\/_ivinio_\/?hl=fr"]}]}},"jetpack_sharing_enabled":true,"_links":{"self":[{"href":"https:\/\/www.ivinio.com\/sv\/wp-json\/wp\/v2\/product\/118392","targetHints":{"allow":["GET"]}}],"collection":[{"href":"https:\/\/www.ivinio.com\/sv\/wp-json\/wp\/v2\/product"}],"about":[{"href":"https:\/\/www.ivinio.com\/sv\/wp-json\/wp\/v2\/types\/product"}],"replies":[{"embeddable":true,"href":"https:\/\/www.ivinio.com\/sv\/wp-json\/wp\/v2\/comments?post=118392"}],"wp:featuredmedia":[{"embeddable":true,"href":"https:\/\/www.ivinio.com\/sv\/wp-json\/wp\/v2\/media\/118393"}],"wp:attachment":[{"href":"https:\/\/www.ivinio.com\/sv\/wp-json\/wp\/v2\/media?parent=118392"}],"wp:term":[{"taxonomy":"product_brand","embeddable":true,"href":"https:\/\/www.ivinio.com\/sv\/wp-json\/wp\/v2\/product_brand?post=118392"},{"taxonomy":"product_cat","embeddable":true,"href":"https:\/\/www.ivinio.com\/sv\/wp-json\/wp\/v2\/product_cat?post=118392"},{"taxonomy":"product_tag","embeddable":true,"href":"https:\/\/www.ivinio.com\/sv\/wp-json\/wp\/v2\/product_tag?post=118392"}],"curies":[{"name":"wp","href":"https:\/\/api.w.org\/{rel}","templated":true}]}}