{"id":118347,"date":"2014-09-02T15:02:08","date_gmt":"2014-09-02T15:02:08","guid":{"rendered":"https:\/\/henrik.www.ivinio.com\/?product=leonardo-salustri-marleo-montecucco-doc-rod"},"modified":"2023-01-07T19:45:55","modified_gmt":"2023-01-07T18:45:55","slug":"leonardo-salustri-marleo-montecucco-doc-rod","status":"publish","type":"product","link":"https:\/\/www.ivinio.com\/sv\/produkt\/leonardo-salustri-marleo-montecucco-doc-rod\/","title":{"rendered":"Leonardo Salustri  &#8211; &#8220;Marleo&#8221; Montecucco DOC R\u00f6d"},"content":{"rendered":"<p>Marleo \u00e4r\u00a0sammaslagningen av\u00a0Leonardos och sonen Marcos\u00a0f\u00f6rnamn. Vinet \u00e4r ekologiskt odlat och druvorna v\u00e4xer 380 meter \u00f6ver havet. Sk\u00f6rden g\u00f6rs\u00a0i slutet av september och j\u00e4sningen sker vid relativt h\u00f6g temperatur (27\u00b0). Vinet lagras i st\u00e5ltank.<\/p>\n","protected":false},"excerpt":{"rendered":"<p>&#8220;Marleo&#8221; \u00e4r den enklare varianten av Leonardo Salustris ekologiska\u00a0r\u00f6dviner. Gjort av 90% Sangiovese och 10% Cigliegiolodruvor\u00a0och med inslag av\u00a0k\u00f6rsb\u00e4r av plommon passar det som ett bra allroundvin till de flesta k\u00f6ttr\u00e4tter.<\/p>\n","protected":false},"featured_media":118348,"comment_status":"open","ping_status":"closed","template":"","meta":{"_monsterinsights_skip_tracking":false,"_monsterinsights_sitenote_active":false,"_monsterinsights_sitenote_note":"","_monsterinsights_sitenote_category":0,"_uf_show_specific_survey":0,"_uf_disable_surveys":false},"product_brand":[],"product_cat":[36591,36597],"product_tag":[],"class_list":{"0":"post-118347","1":"product","2":"type-product","3":"status-publish","4":"has-post-thumbnail","6":"product_cat-italienska-viner","7":"product_cat-sv-toscana","8":"pa_alcohol-degree-14-sv","9":"pa_awards-slow-wine-sv","10":"pa_classification-doc-montecucco-rosso","11":"pa_color-rod-sv","12":"pa_country-italien-sv","13":"pa_grape-variety-cigliegiole-sv","14":"pa_grape-variety-sangiovese","15":"pa_region-toscana-sv","16":"pa_storage-potential-5-ar-sv","17":"pa_vintage-2017-sv","18":"pa_volume-75-cl-sv","20":"first","21":"instock","22":"taxable","23":"shipping-taxable","24":"purchasable","25":"product-type-simple"},"bundled_by":[],"bundle_stock_status":"instock","bundle_stock_quantity":null,"bundle_virtual":false,"bundle_layout":"","bundle_add_to_cart_form_location":"","bundle_editable_in_cart":false,"bundle_sold_individually_context":"","bundle_item_grouping":"","bundle_min_size":"","bundle_max_size":"","bundle_price":[],"bundled_items":[],"bundle_sell_ids":[],"yoast_head":"<!-- This site is optimized with the Yoast SEO plugin v27.4 - https:\/\/yoast.com\/product\/yoast-seo-wordpress\/ -->\n<title>Acheter Leonardo Salustri - &quot;Marleo&quot; Montecucco - IVINIO Vinbutik<\/title>\n<meta name=\"description\" content=\"Acheter Leonardo Salustri - &quot;Marleo&quot; Montecucco. Sangiovese och Cigliegiolodruvor med inslag av k\u00f6rsb\u00e4r av plommon.\" \/>\n<meta name=\"robots\" content=\"index, follow, max-snippet:-1, max-image-preview:large, max-video-preview:-1\" \/>\n<link rel=\"canonical\" href=\"https:\/\/www.ivinio.com\/sv\/produkt\/leonardo-salustri-marleo-montecucco-doc-rod\/\" \/>\n<meta property=\"og:locale\" content=\"sv_SE\" \/>\n<meta property=\"og:type\" content=\"article\" \/>\n<meta property=\"og:title\" content=\"Acheter Leonardo Salustri - &quot;Marleo&quot; Montecucco - IVINIO Vinbutik\" \/>\n<meta property=\"og:description\" content=\"Acheter Leonardo Salustri - &quot;Marleo&quot; Montecucco. Sangiovese och Cigliegiolodruvor med inslag av k\u00f6rsb\u00e4r av plommon.\" \/>\n<meta property=\"og:url\" content=\"https:\/\/www.ivinio.com\/sv\/produkt\/leonardo-salustri-marleo-montecucco-doc-rod\/\" \/>\n<meta property=\"og:site_name\" content=\"IVINIO Vinbutik\" \/>\n<meta property=\"article:publisher\" content=\"https:\/\/www.facebook.com\/groups\/165217837022391\/?ref=bookmarks\" \/>\n<meta property=\"article:modified_time\" content=\"2023-01-07T18:45:55+00:00\" \/>\n<meta property=\"og:image\" content=\"https:\/\/www.ivinio.com\/wp-content\/uploads\/nc\/public\/modules\/file\/pictures\/4961.salustrimarleo500x500.jpg\" \/>\n\t<meta property=\"og:image:width\" content=\"500\" \/>\n\t<meta property=\"og:image:height\" content=\"500\" \/>\n\t<meta property=\"og:image:type\" content=\"image\/jpeg\" \/>\n<meta name=\"twitter:card\" content=\"summary_large_image\" \/>\n<script type=\"application\/ld+json\" class=\"yoast-schema-graph\">{\"@context\":\"https:\\\/\\\/schema.org\",\"@graph\":[{\"@type\":\"WebPage\",\"@id\":\"https:\\\/\\\/www.ivinio.com\\\/sv\\\/produkt\\\/leonardo-salustri-marleo-montecucco-doc-rod\\\/\",\"url\":\"https:\\\/\\\/www.ivinio.com\\\/sv\\\/produkt\\\/leonardo-salustri-marleo-montecucco-doc-rod\\\/\",\"name\":\"Acheter Leonardo Salustri - \\\"Marleo\\\" Montecucco - IVINIO Vinbutik\",\"isPartOf\":{\"@id\":\"https:\\\/\\\/www.ivinio.com\\\/sv\\\/#website\"},\"primaryImageOfPage\":{\"@id\":\"https:\\\/\\\/www.ivinio.com\\\/sv\\\/produkt\\\/leonardo-salustri-marleo-montecucco-doc-rod\\\/#primaryimage\"},\"image\":{\"@id\":\"https:\\\/\\\/www.ivinio.com\\\/sv\\\/produkt\\\/leonardo-salustri-marleo-montecucco-doc-rod\\\/#primaryimage\"},\"thumbnailUrl\":\"https:\\\/\\\/www.ivinio.com\\\/wp-content\\\/uploads\\\/nc\\\/public\\\/modules\\\/file\\\/pictures\\\/4961.salustrimarleo500x500.jpg\",\"datePublished\":\"2014-09-02T15:02:08+00:00\",\"dateModified\":\"2023-01-07T18:45:55+00:00\",\"description\":\"Acheter Leonardo Salustri - \\\"Marleo\\\" Montecucco. Sangiovese och Cigliegiolodruvor med inslag av k\u00f6rsb\u00e4r av plommon.\",\"breadcrumb\":{\"@id\":\"https:\\\/\\\/www.ivinio.com\\\/sv\\\/produkt\\\/leonardo-salustri-marleo-montecucco-doc-rod\\\/#breadcrumb\"},\"inLanguage\":\"sv-SE\",\"potentialAction\":[{\"@type\":\"ReadAction\",\"target\":[\"https:\\\/\\\/www.ivinio.com\\\/sv\\\/produkt\\\/leonardo-salustri-marleo-montecucco-doc-rod\\\/\"]}]},{\"@type\":\"ImageObject\",\"inLanguage\":\"sv-SE\",\"@id\":\"https:\\\/\\\/www.ivinio.com\\\/sv\\\/produkt\\\/leonardo-salustri-marleo-montecucco-doc-rod\\\/#primaryimage\",\"url\":\"https:\\\/\\\/www.ivinio.com\\\/wp-content\\\/uploads\\\/nc\\\/public\\\/modules\\\/file\\\/pictures\\\/4961.salustrimarleo500x500.jpg\",\"contentUrl\":\"https:\\\/\\\/www.ivinio.com\\\/wp-content\\\/uploads\\\/nc\\\/public\\\/modules\\\/file\\\/pictures\\\/4961.salustrimarleo500x500.jpg\",\"width\":500,\"height\":500},{\"@type\":\"BreadcrumbList\",\"@id\":\"https:\\\/\\\/www.ivinio.com\\\/sv\\\/produkt\\\/leonardo-salustri-marleo-montecucco-doc-rod\\\/#breadcrumb\",\"itemListElement\":[{\"@type\":\"ListItem\",\"position\":1,\"name\":\"Hem\",\"item\":\"https:\\\/\\\/www.ivinio.com\\\/sv\\\/\"},{\"@type\":\"ListItem\",\"position\":2,\"name\":\"Vinbutik\",\"item\":\"https:\\\/\\\/www.ivinio.com\\\/sv\\\/vinbutik\\\/\"},{\"@type\":\"ListItem\",\"position\":3,\"name\":\"Leonardo Salustri &#8211; &#8220;Marleo&#8221; Montecucco DOC R\u00f6d\"}]},{\"@type\":\"WebSite\",\"@id\":\"https:\\\/\\\/www.ivinio.com\\\/sv\\\/#website\",\"url\":\"https:\\\/\\\/www.ivinio.com\\\/sv\\\/\",\"name\":\"IVINIO Vinbutik\",\"description\":\"Vin fr\u00e5n Frankrike och Italien med leverans hem till din d\u00f6rr\",\"publisher\":{\"@id\":\"https:\\\/\\\/www.ivinio.com\\\/sv\\\/#organization\"},\"potentialAction\":[{\"@type\":\"SearchAction\",\"target\":{\"@type\":\"EntryPoint\",\"urlTemplate\":\"https:\\\/\\\/www.ivinio.com\\\/sv\\\/?s={search_term_string}\"},\"query-input\":{\"@type\":\"PropertyValueSpecification\",\"valueRequired\":true,\"valueName\":\"search_term_string\"}}],\"inLanguage\":\"sv-SE\"},{\"@type\":\"Organization\",\"@id\":\"https:\\\/\\\/www.ivinio.com\\\/sv\\\/#organization\",\"name\":\"IVINIO\",\"url\":\"https:\\\/\\\/www.ivinio.com\\\/sv\\\/\",\"logo\":{\"@type\":\"ImageObject\",\"inLanguage\":\"sv-SE\",\"@id\":\"https:\\\/\\\/www.ivinio.com\\\/sv\\\/#\\\/schema\\\/logo\\\/image\\\/\",\"url\":\"https:\\\/\\\/www.ivinio.com\\\/wp-content\\\/uploads\\\/2021\\\/01\\\/Logo-Ivinio-v2.jpg\",\"contentUrl\":\"https:\\\/\\\/www.ivinio.com\\\/wp-content\\\/uploads\\\/2021\\\/01\\\/Logo-Ivinio-v2.jpg\",\"width\":1194,\"height\":1194,\"caption\":\"IVINIO\"},\"image\":{\"@id\":\"https:\\\/\\\/www.ivinio.com\\\/sv\\\/#\\\/schema\\\/logo\\\/image\\\/\"},\"sameAs\":[\"https:\\\/\\\/www.facebook.com\\\/groups\\\/165217837022391\\\/?ref=bookmarks\",\"https:\\\/\\\/www.instagram.com\\\/_ivinio_\\\/?hl=fr\"]}]}<\/script>\n<!-- \/ Yoast SEO plugin. -->","yoast_head_json":{"title":"Acheter Leonardo Salustri - \"Marleo\" Montecucco - IVINIO Vinbutik","description":"Acheter Leonardo Salustri - \"Marleo\" Montecucco. Sangiovese och Cigliegiolodruvor med inslag av k\u00f6rsb\u00e4r av plommon.","robots":{"index":"index","follow":"follow","max-snippet":"max-snippet:-1","max-image-preview":"max-image-preview:large","max-video-preview":"max-video-preview:-1"},"canonical":"https:\/\/www.ivinio.com\/sv\/produkt\/leonardo-salustri-marleo-montecucco-doc-rod\/","og_locale":"sv_SE","og_type":"article","og_title":"Acheter Leonardo Salustri - \"Marleo\" Montecucco - IVINIO Vinbutik","og_description":"Acheter Leonardo Salustri - \"Marleo\" Montecucco. Sangiovese och Cigliegiolodruvor med inslag av k\u00f6rsb\u00e4r av plommon.","og_url":"https:\/\/www.ivinio.com\/sv\/produkt\/leonardo-salustri-marleo-montecucco-doc-rod\/","og_site_name":"IVINIO Vinbutik","article_publisher":"https:\/\/www.facebook.com\/groups\/165217837022391\/?ref=bookmarks","article_modified_time":"2023-01-07T18:45:55+00:00","og_image":[{"width":500,"height":500,"url":"https:\/\/www.ivinio.com\/wp-content\/uploads\/nc\/public\/modules\/file\/pictures\/4961.salustrimarleo500x500.jpg","type":"image\/jpeg"}],"twitter_card":"summary_large_image","schema":{"@context":"https:\/\/schema.org","@graph":[{"@type":"WebPage","@id":"https:\/\/www.ivinio.com\/sv\/produkt\/leonardo-salustri-marleo-montecucco-doc-rod\/","url":"https:\/\/www.ivinio.com\/sv\/produkt\/leonardo-salustri-marleo-montecucco-doc-rod\/","name":"Acheter Leonardo Salustri - \"Marleo\" Montecucco - IVINIO Vinbutik","isPartOf":{"@id":"https:\/\/www.ivinio.com\/sv\/#website"},"primaryImageOfPage":{"@id":"https:\/\/www.ivinio.com\/sv\/produkt\/leonardo-salustri-marleo-montecucco-doc-rod\/#primaryimage"},"image":{"@id":"https:\/\/www.ivinio.com\/sv\/produkt\/leonardo-salustri-marleo-montecucco-doc-rod\/#primaryimage"},"thumbnailUrl":"https:\/\/www.ivinio.com\/wp-content\/uploads\/nc\/public\/modules\/file\/pictures\/4961.salustrimarleo500x500.jpg","datePublished":"2014-09-02T15:02:08+00:00","dateModified":"2023-01-07T18:45:55+00:00","description":"Acheter Leonardo Salustri - \"Marleo\" Montecucco. Sangiovese och Cigliegiolodruvor med inslag av k\u00f6rsb\u00e4r av plommon.","breadcrumb":{"@id":"https:\/\/www.ivinio.com\/sv\/produkt\/leonardo-salustri-marleo-montecucco-doc-rod\/#breadcrumb"},"inLanguage":"sv-SE","potentialAction":[{"@type":"ReadAction","target":["https:\/\/www.ivinio.com\/sv\/produkt\/leonardo-salustri-marleo-montecucco-doc-rod\/"]}]},{"@type":"ImageObject","inLanguage":"sv-SE","@id":"https:\/\/www.ivinio.com\/sv\/produkt\/leonardo-salustri-marleo-montecucco-doc-rod\/#primaryimage","url":"https:\/\/www.ivinio.com\/wp-content\/uploads\/nc\/public\/modules\/file\/pictures\/4961.salustrimarleo500x500.jpg","contentUrl":"https:\/\/www.ivinio.com\/wp-content\/uploads\/nc\/public\/modules\/file\/pictures\/4961.salustrimarleo500x500.jpg","width":500,"height":500},{"@type":"BreadcrumbList","@id":"https:\/\/www.ivinio.com\/sv\/produkt\/leonardo-salustri-marleo-montecucco-doc-rod\/#breadcrumb","itemListElement":[{"@type":"ListItem","position":1,"name":"Hem","item":"https:\/\/www.ivinio.com\/sv\/"},{"@type":"ListItem","position":2,"name":"Vinbutik","item":"https:\/\/www.ivinio.com\/sv\/vinbutik\/"},{"@type":"ListItem","position":3,"name":"Leonardo Salustri &#8211; &#8220;Marleo&#8221; Montecucco DOC R\u00f6d"}]},{"@type":"WebSite","@id":"https:\/\/www.ivinio.com\/sv\/#website","url":"https:\/\/www.ivinio.com\/sv\/","name":"IVINIO Vinbutik","description":"Vin fr\u00e5n Frankrike och Italien med leverans hem till din d\u00f6rr","publisher":{"@id":"https:\/\/www.ivinio.com\/sv\/#organization"},"potentialAction":[{"@type":"SearchAction","target":{"@type":"EntryPoint","urlTemplate":"https:\/\/www.ivinio.com\/sv\/?s={search_term_string}"},"query-input":{"@type":"PropertyValueSpecification","valueRequired":true,"valueName":"search_term_string"}}],"inLanguage":"sv-SE"},{"@type":"Organization","@id":"https:\/\/www.ivinio.com\/sv\/#organization","name":"IVINIO","url":"https:\/\/www.ivinio.com\/sv\/","logo":{"@type":"ImageObject","inLanguage":"sv-SE","@id":"https:\/\/www.ivinio.com\/sv\/#\/schema\/logo\/image\/","url":"https:\/\/www.ivinio.com\/wp-content\/uploads\/2021\/01\/Logo-Ivinio-v2.jpg","contentUrl":"https:\/\/www.ivinio.com\/wp-content\/uploads\/2021\/01\/Logo-Ivinio-v2.jpg","width":1194,"height":1194,"caption":"IVINIO"},"image":{"@id":"https:\/\/www.ivinio.com\/sv\/#\/schema\/logo\/image\/"},"sameAs":["https:\/\/www.facebook.com\/groups\/165217837022391\/?ref=bookmarks","https:\/\/www.instagram.com\/_ivinio_\/?hl=fr"]}]}},"jetpack_sharing_enabled":true,"_links":{"self":[{"href":"https:\/\/www.ivinio.com\/sv\/wp-json\/wp\/v2\/product\/118347","targetHints":{"allow":["GET"]}}],"collection":[{"href":"https:\/\/www.ivinio.com\/sv\/wp-json\/wp\/v2\/product"}],"about":[{"href":"https:\/\/www.ivinio.com\/sv\/wp-json\/wp\/v2\/types\/product"}],"replies":[{"embeddable":true,"href":"https:\/\/www.ivinio.com\/sv\/wp-json\/wp\/v2\/comments?post=118347"}],"wp:featuredmedia":[{"embeddable":true,"href":"https:\/\/www.ivinio.com\/sv\/wp-json\/wp\/v2\/media\/118348"}],"wp:attachment":[{"href":"https:\/\/www.ivinio.com\/sv\/wp-json\/wp\/v2\/media?parent=118347"}],"wp:term":[{"taxonomy":"product_brand","embeddable":true,"href":"https:\/\/www.ivinio.com\/sv\/wp-json\/wp\/v2\/product_brand?post=118347"},{"taxonomy":"product_cat","embeddable":true,"href":"https:\/\/www.ivinio.com\/sv\/wp-json\/wp\/v2\/product_cat?post=118347"},{"taxonomy":"product_tag","embeddable":true,"href":"https:\/\/www.ivinio.com\/sv\/wp-json\/wp\/v2\/product_tag?post=118347"}],"curies":[{"name":"wp","href":"https:\/\/api.w.org\/{rel}","templated":true}]}}