{"id":118324,"date":"2014-08-29T09:19:02","date_gmt":"2014-08-29T09:19:02","guid":{"rendered":"https:\/\/henrik.www.ivinio.com\/?product=domaine-meyer-fonne-riesling-pfoeller-vit"},"modified":"2023-01-07T19:45:53","modified_gmt":"2023-01-07T18:45:53","slug":"domaine-meyer-fonne-riesling-pfoeller-vit","status":"publish","type":"product","link":"https:\/\/www.ivinio.com\/sv\/produkt\/domaine-meyer-fonne-riesling-pfoeller-vit\/","title":{"rendered":"Domaine Meyer-Fonn\u00e9 Riesling &#8220;Pfoeller&#8221; &#8211; Vit"},"content":{"rendered":"<p>&#8220;Pfoeller&#8221; har namngivits efter en del (terroir) i Katzenthal best\u00e5endes av kalkrik jord, s.k. Munschelkalk. Rieslingdruvorna plockas f\u00f6r hand och vinifieringen sker efter klassisk metod. Det f\u00e4rdiga vinet f\u00e5r sedan mogna i sin bottensats innan buteljeringen. Ett vin som kan lagras en l\u00e4ngre tid.<\/p>\n","protected":false},"excerpt":{"rendered":"<p>&#8220;Pfoeller&#8221; \u00e4r\u00a0gjord p\u00e5 Rieslingdruvor fr\u00e5n omr\u00e5det &#8220;terroir&#8221; Pfoeller&#8221; i Katzenthal. Ett elegant vitvin med aromatiska inslag av cirtusfrukter och en viss mineralitet. Ett torrt vin med en diskret s\u00f6tma som inte g\u00e5r till \u00f6verdrift. Att drickas till aperitif eller till en Alsacisk Choucroute.<\/p>\n","protected":false},"featured_media":118325,"comment_status":"open","ping_status":"closed","template":"","meta":{"_monsterinsights_skip_tracking":false,"_monsterinsights_sitenote_active":false,"_monsterinsights_sitenote_note":"","_monsterinsights_sitenote_category":0,"_uf_show_specific_survey":0,"_uf_disable_surveys":false},"product_brand":[],"product_cat":[36642,36588],"product_tag":[],"class_list":{"0":"post-118324","1":"product","2":"type-product","3":"status-publish","4":"has-post-thumbnail","6":"product_cat-sv-alsace","7":"product_cat-franska-viner","8":"pa_alcohol-degree-13-5-sv","9":"pa_classification-aop-alsace-riesling-sv","10":"pa_color-vit-sv","11":"pa_country-frankrike-sv","12":"pa_grape-variety-riesling-sv","13":"pa_region-alsace-sv","14":"pa_storage-potential-mer-an-5-ar-sv","15":"pa_vintage-2016-sv","16":"pa_volume-75-cl-sv","18":"first","19":"instock","20":"taxable","21":"shipping-taxable","22":"purchasable","23":"product-type-simple"},"bundled_by":[],"bundle_stock_status":"instock","bundle_stock_quantity":null,"bundle_virtual":false,"bundle_layout":"","bundle_add_to_cart_form_location":"","bundle_editable_in_cart":false,"bundle_sold_individually_context":"","bundle_item_grouping":"","bundle_min_size":"","bundle_max_size":"","bundle_price":[],"bundled_items":[],"bundle_sell_ids":[],"yoast_head":"<!-- This site is optimized with the Yoast SEO plugin v27.3 - https:\/\/yoast.com\/product\/yoast-seo-wordpress\/ -->\n<title>Domaine Meyer-Fonn\u00e9 Riesling &quot;Pfoeller&quot; - k\u00f6pa alsaceviner grand cru p\u00e5 n\u00e4tet - vinbutik Ivinio.com<\/title>\n<meta name=\"description\" content=\"&quot;Pfoeller&quot; \u00e4r en &quot;Grand Cru&quot; gjord p\u00e5 Rieslingdruvor. Ett elegant vitvin med aromatiska inslag av cirtusfrukter och en viss mineralitet. Ett torrt vin med en diskret s\u00f6tma som inte g\u00e5r till \u00f6verdrift. Att drickas till aperitif eller till en Alsacisk\" \/>\n<meta name=\"robots\" content=\"index, follow, max-snippet:-1, max-image-preview:large, max-video-preview:-1\" \/>\n<link rel=\"canonical\" href=\"https:\/\/www.ivinio.com\/sv\/produkt\/domaine-meyer-fonne-riesling-pfoeller-vit\/\" \/>\n<meta property=\"og:locale\" content=\"sv_SE\" \/>\n<meta property=\"og:type\" content=\"article\" \/>\n<meta property=\"og:title\" content=\"Domaine Meyer-Fonn\u00e9 Riesling &quot;Pfoeller&quot; - k\u00f6pa alsaceviner grand cru p\u00e5 n\u00e4tet - vinbutik Ivinio.com\" \/>\n<meta property=\"og:description\" content=\"&quot;Pfoeller&quot; \u00e4r en &quot;Grand Cru&quot; gjord p\u00e5 Rieslingdruvor. Ett elegant vitvin med aromatiska inslag av cirtusfrukter och en viss mineralitet. Ett torrt vin med en diskret s\u00f6tma som inte g\u00e5r till \u00f6verdrift. Att drickas till aperitif eller till en Alsacisk\" \/>\n<meta property=\"og:url\" content=\"https:\/\/www.ivinio.com\/sv\/produkt\/domaine-meyer-fonne-riesling-pfoeller-vit\/\" \/>\n<meta property=\"og:site_name\" content=\"IVINIO Vinbutik\" \/>\n<meta property=\"article:publisher\" content=\"https:\/\/www.facebook.com\/groups\/165217837022391\/?ref=bookmarks\" \/>\n<meta property=\"article:modified_time\" content=\"2023-01-07T18:45:53+00:00\" \/>\n<meta property=\"og:image\" content=\"https:\/\/www.ivinio.com\/wp-content\/uploads\/nc\/public\/modules\/file\/pictures\/4959.meyerfonn-pfoeller.jpg\" \/>\n\t<meta property=\"og:image:width\" content=\"500\" \/>\n\t<meta property=\"og:image:height\" content=\"500\" \/>\n\t<meta property=\"og:image:type\" content=\"image\/jpeg\" \/>\n<meta name=\"twitter:card\" content=\"summary_large_image\" \/>\n<script type=\"application\/ld+json\" class=\"yoast-schema-graph\">{\"@context\":\"https:\\\/\\\/schema.org\",\"@graph\":[{\"@type\":\"WebPage\",\"@id\":\"https:\\\/\\\/www.ivinio.com\\\/sv\\\/produkt\\\/domaine-meyer-fonne-riesling-pfoeller-vit\\\/\",\"url\":\"https:\\\/\\\/www.ivinio.com\\\/sv\\\/produkt\\\/domaine-meyer-fonne-riesling-pfoeller-vit\\\/\",\"name\":\"Domaine Meyer-Fonn\u00e9 Riesling \\\"Pfoeller\\\" - k\u00f6pa alsaceviner grand cru p\u00e5 n\u00e4tet - vinbutik Ivinio.com\",\"isPartOf\":{\"@id\":\"https:\\\/\\\/www.ivinio.com\\\/sv\\\/#website\"},\"primaryImageOfPage\":{\"@id\":\"https:\\\/\\\/www.ivinio.com\\\/sv\\\/produkt\\\/domaine-meyer-fonne-riesling-pfoeller-vit\\\/#primaryimage\"},\"image\":{\"@id\":\"https:\\\/\\\/www.ivinio.com\\\/sv\\\/produkt\\\/domaine-meyer-fonne-riesling-pfoeller-vit\\\/#primaryimage\"},\"thumbnailUrl\":\"https:\\\/\\\/www.ivinio.com\\\/wp-content\\\/uploads\\\/nc\\\/public\\\/modules\\\/file\\\/pictures\\\/4959.meyerfonn-pfoeller.jpg\",\"datePublished\":\"2014-08-29T09:19:02+00:00\",\"dateModified\":\"2023-01-07T18:45:53+00:00\",\"description\":\"\\\"Pfoeller\\\" \u00e4r en \\\"Grand Cru\\\" gjord p\u00e5 Rieslingdruvor. Ett elegant vitvin med aromatiska inslag av cirtusfrukter och en viss mineralitet. Ett torrt vin med en diskret s\u00f6tma som inte g\u00e5r till \u00f6verdrift. Att drickas till aperitif eller till en Alsacisk\",\"breadcrumb\":{\"@id\":\"https:\\\/\\\/www.ivinio.com\\\/sv\\\/produkt\\\/domaine-meyer-fonne-riesling-pfoeller-vit\\\/#breadcrumb\"},\"inLanguage\":\"sv-SE\",\"potentialAction\":[{\"@type\":\"ReadAction\",\"target\":[\"https:\\\/\\\/www.ivinio.com\\\/sv\\\/produkt\\\/domaine-meyer-fonne-riesling-pfoeller-vit\\\/\"]}]},{\"@type\":\"ImageObject\",\"inLanguage\":\"sv-SE\",\"@id\":\"https:\\\/\\\/www.ivinio.com\\\/sv\\\/produkt\\\/domaine-meyer-fonne-riesling-pfoeller-vit\\\/#primaryimage\",\"url\":\"https:\\\/\\\/www.ivinio.com\\\/wp-content\\\/uploads\\\/nc\\\/public\\\/modules\\\/file\\\/pictures\\\/4959.meyerfonn-pfoeller.jpg\",\"contentUrl\":\"https:\\\/\\\/www.ivinio.com\\\/wp-content\\\/uploads\\\/nc\\\/public\\\/modules\\\/file\\\/pictures\\\/4959.meyerfonn-pfoeller.jpg\",\"width\":500,\"height\":500},{\"@type\":\"BreadcrumbList\",\"@id\":\"https:\\\/\\\/www.ivinio.com\\\/sv\\\/produkt\\\/domaine-meyer-fonne-riesling-pfoeller-vit\\\/#breadcrumb\",\"itemListElement\":[{\"@type\":\"ListItem\",\"position\":1,\"name\":\"Hem\",\"item\":\"https:\\\/\\\/www.ivinio.com\\\/sv\\\/\"},{\"@type\":\"ListItem\",\"position\":2,\"name\":\"Vinbutik\",\"item\":\"https:\\\/\\\/www.ivinio.com\\\/sv\\\/vinbutik\\\/\"},{\"@type\":\"ListItem\",\"position\":3,\"name\":\"Domaine Meyer-Fonn\u00e9 Riesling &#8220;Pfoeller&#8221; &#8211; Vit\"}]},{\"@type\":\"WebSite\",\"@id\":\"https:\\\/\\\/www.ivinio.com\\\/sv\\\/#website\",\"url\":\"https:\\\/\\\/www.ivinio.com\\\/sv\\\/\",\"name\":\"IVINIO Vinbutik\",\"description\":\"Vin fr\u00e5n Frankrike och Italien med leverans hem till din d\u00f6rr\",\"publisher\":{\"@id\":\"https:\\\/\\\/www.ivinio.com\\\/sv\\\/#organization\"},\"potentialAction\":[{\"@type\":\"SearchAction\",\"target\":{\"@type\":\"EntryPoint\",\"urlTemplate\":\"https:\\\/\\\/www.ivinio.com\\\/sv\\\/?s={search_term_string}\"},\"query-input\":{\"@type\":\"PropertyValueSpecification\",\"valueRequired\":true,\"valueName\":\"search_term_string\"}}],\"inLanguage\":\"sv-SE\"},{\"@type\":\"Organization\",\"@id\":\"https:\\\/\\\/www.ivinio.com\\\/sv\\\/#organization\",\"name\":\"IVINIO\",\"url\":\"https:\\\/\\\/www.ivinio.com\\\/sv\\\/\",\"logo\":{\"@type\":\"ImageObject\",\"inLanguage\":\"sv-SE\",\"@id\":\"https:\\\/\\\/www.ivinio.com\\\/sv\\\/#\\\/schema\\\/logo\\\/image\\\/\",\"url\":\"https:\\\/\\\/www.ivinio.com\\\/wp-content\\\/uploads\\\/2021\\\/01\\\/Logo-Ivinio-v2.jpg\",\"contentUrl\":\"https:\\\/\\\/www.ivinio.com\\\/wp-content\\\/uploads\\\/2021\\\/01\\\/Logo-Ivinio-v2.jpg\",\"width\":1194,\"height\":1194,\"caption\":\"IVINIO\"},\"image\":{\"@id\":\"https:\\\/\\\/www.ivinio.com\\\/sv\\\/#\\\/schema\\\/logo\\\/image\\\/\"},\"sameAs\":[\"https:\\\/\\\/www.facebook.com\\\/groups\\\/165217837022391\\\/?ref=bookmarks\",\"https:\\\/\\\/www.instagram.com\\\/_ivinio_\\\/?hl=fr\"]}]}<\/script>\n<!-- \/ Yoast SEO plugin. -->","yoast_head_json":{"title":"Domaine Meyer-Fonn\u00e9 Riesling \"Pfoeller\" - k\u00f6pa alsaceviner grand cru p\u00e5 n\u00e4tet - vinbutik Ivinio.com","description":"\"Pfoeller\" \u00e4r en \"Grand Cru\" gjord p\u00e5 Rieslingdruvor. Ett elegant vitvin med aromatiska inslag av cirtusfrukter och en viss mineralitet. Ett torrt vin med en diskret s\u00f6tma som inte g\u00e5r till \u00f6verdrift. Att drickas till aperitif eller till en Alsacisk","robots":{"index":"index","follow":"follow","max-snippet":"max-snippet:-1","max-image-preview":"max-image-preview:large","max-video-preview":"max-video-preview:-1"},"canonical":"https:\/\/www.ivinio.com\/sv\/produkt\/domaine-meyer-fonne-riesling-pfoeller-vit\/","og_locale":"sv_SE","og_type":"article","og_title":"Domaine Meyer-Fonn\u00e9 Riesling \"Pfoeller\" - k\u00f6pa alsaceviner grand cru p\u00e5 n\u00e4tet - vinbutik Ivinio.com","og_description":"\"Pfoeller\" \u00e4r en \"Grand Cru\" gjord p\u00e5 Rieslingdruvor. Ett elegant vitvin med aromatiska inslag av cirtusfrukter och en viss mineralitet. Ett torrt vin med en diskret s\u00f6tma som inte g\u00e5r till \u00f6verdrift. Att drickas till aperitif eller till en Alsacisk","og_url":"https:\/\/www.ivinio.com\/sv\/produkt\/domaine-meyer-fonne-riesling-pfoeller-vit\/","og_site_name":"IVINIO Vinbutik","article_publisher":"https:\/\/www.facebook.com\/groups\/165217837022391\/?ref=bookmarks","article_modified_time":"2023-01-07T18:45:53+00:00","og_image":[{"width":500,"height":500,"url":"https:\/\/www.ivinio.com\/wp-content\/uploads\/nc\/public\/modules\/file\/pictures\/4959.meyerfonn-pfoeller.jpg","type":"image\/jpeg"}],"twitter_card":"summary_large_image","schema":{"@context":"https:\/\/schema.org","@graph":[{"@type":"WebPage","@id":"https:\/\/www.ivinio.com\/sv\/produkt\/domaine-meyer-fonne-riesling-pfoeller-vit\/","url":"https:\/\/www.ivinio.com\/sv\/produkt\/domaine-meyer-fonne-riesling-pfoeller-vit\/","name":"Domaine Meyer-Fonn\u00e9 Riesling \"Pfoeller\" - k\u00f6pa alsaceviner grand cru p\u00e5 n\u00e4tet - vinbutik Ivinio.com","isPartOf":{"@id":"https:\/\/www.ivinio.com\/sv\/#website"},"primaryImageOfPage":{"@id":"https:\/\/www.ivinio.com\/sv\/produkt\/domaine-meyer-fonne-riesling-pfoeller-vit\/#primaryimage"},"image":{"@id":"https:\/\/www.ivinio.com\/sv\/produkt\/domaine-meyer-fonne-riesling-pfoeller-vit\/#primaryimage"},"thumbnailUrl":"https:\/\/www.ivinio.com\/wp-content\/uploads\/nc\/public\/modules\/file\/pictures\/4959.meyerfonn-pfoeller.jpg","datePublished":"2014-08-29T09:19:02+00:00","dateModified":"2023-01-07T18:45:53+00:00","description":"\"Pfoeller\" \u00e4r en \"Grand Cru\" gjord p\u00e5 Rieslingdruvor. Ett elegant vitvin med aromatiska inslag av cirtusfrukter och en viss mineralitet. Ett torrt vin med en diskret s\u00f6tma som inte g\u00e5r till \u00f6verdrift. Att drickas till aperitif eller till en Alsacisk","breadcrumb":{"@id":"https:\/\/www.ivinio.com\/sv\/produkt\/domaine-meyer-fonne-riesling-pfoeller-vit\/#breadcrumb"},"inLanguage":"sv-SE","potentialAction":[{"@type":"ReadAction","target":["https:\/\/www.ivinio.com\/sv\/produkt\/domaine-meyer-fonne-riesling-pfoeller-vit\/"]}]},{"@type":"ImageObject","inLanguage":"sv-SE","@id":"https:\/\/www.ivinio.com\/sv\/produkt\/domaine-meyer-fonne-riesling-pfoeller-vit\/#primaryimage","url":"https:\/\/www.ivinio.com\/wp-content\/uploads\/nc\/public\/modules\/file\/pictures\/4959.meyerfonn-pfoeller.jpg","contentUrl":"https:\/\/www.ivinio.com\/wp-content\/uploads\/nc\/public\/modules\/file\/pictures\/4959.meyerfonn-pfoeller.jpg","width":500,"height":500},{"@type":"BreadcrumbList","@id":"https:\/\/www.ivinio.com\/sv\/produkt\/domaine-meyer-fonne-riesling-pfoeller-vit\/#breadcrumb","itemListElement":[{"@type":"ListItem","position":1,"name":"Hem","item":"https:\/\/www.ivinio.com\/sv\/"},{"@type":"ListItem","position":2,"name":"Vinbutik","item":"https:\/\/www.ivinio.com\/sv\/vinbutik\/"},{"@type":"ListItem","position":3,"name":"Domaine Meyer-Fonn\u00e9 Riesling &#8220;Pfoeller&#8221; &#8211; Vit"}]},{"@type":"WebSite","@id":"https:\/\/www.ivinio.com\/sv\/#website","url":"https:\/\/www.ivinio.com\/sv\/","name":"IVINIO Vinbutik","description":"Vin fr\u00e5n Frankrike och Italien med leverans hem till din d\u00f6rr","publisher":{"@id":"https:\/\/www.ivinio.com\/sv\/#organization"},"potentialAction":[{"@type":"SearchAction","target":{"@type":"EntryPoint","urlTemplate":"https:\/\/www.ivinio.com\/sv\/?s={search_term_string}"},"query-input":{"@type":"PropertyValueSpecification","valueRequired":true,"valueName":"search_term_string"}}],"inLanguage":"sv-SE"},{"@type":"Organization","@id":"https:\/\/www.ivinio.com\/sv\/#organization","name":"IVINIO","url":"https:\/\/www.ivinio.com\/sv\/","logo":{"@type":"ImageObject","inLanguage":"sv-SE","@id":"https:\/\/www.ivinio.com\/sv\/#\/schema\/logo\/image\/","url":"https:\/\/www.ivinio.com\/wp-content\/uploads\/2021\/01\/Logo-Ivinio-v2.jpg","contentUrl":"https:\/\/www.ivinio.com\/wp-content\/uploads\/2021\/01\/Logo-Ivinio-v2.jpg","width":1194,"height":1194,"caption":"IVINIO"},"image":{"@id":"https:\/\/www.ivinio.com\/sv\/#\/schema\/logo\/image\/"},"sameAs":["https:\/\/www.facebook.com\/groups\/165217837022391\/?ref=bookmarks","https:\/\/www.instagram.com\/_ivinio_\/?hl=fr"]}]}},"jetpack_sharing_enabled":true,"_links":{"self":[{"href":"https:\/\/www.ivinio.com\/sv\/wp-json\/wp\/v2\/product\/118324","targetHints":{"allow":["GET"]}}],"collection":[{"href":"https:\/\/www.ivinio.com\/sv\/wp-json\/wp\/v2\/product"}],"about":[{"href":"https:\/\/www.ivinio.com\/sv\/wp-json\/wp\/v2\/types\/product"}],"replies":[{"embeddable":true,"href":"https:\/\/www.ivinio.com\/sv\/wp-json\/wp\/v2\/comments?post=118324"}],"wp:featuredmedia":[{"embeddable":true,"href":"https:\/\/www.ivinio.com\/sv\/wp-json\/wp\/v2\/media\/118325"}],"wp:attachment":[{"href":"https:\/\/www.ivinio.com\/sv\/wp-json\/wp\/v2\/media?parent=118324"}],"wp:term":[{"taxonomy":"product_brand","embeddable":true,"href":"https:\/\/www.ivinio.com\/sv\/wp-json\/wp\/v2\/product_brand?post=118324"},{"taxonomy":"product_cat","embeddable":true,"href":"https:\/\/www.ivinio.com\/sv\/wp-json\/wp\/v2\/product_cat?post=118324"},{"taxonomy":"product_tag","embeddable":true,"href":"https:\/\/www.ivinio.com\/sv\/wp-json\/wp\/v2\/product_tag?post=118324"}],"curies":[{"name":"wp","href":"https:\/\/api.w.org\/{rel}","templated":true}]}}