{"id":118300,"date":"2014-08-26T18:32:06","date_gmt":"2014-08-26T18:32:06","guid":{"rendered":"https:\/\/henrik.www.ivinio.com\/?product=albert-bichot-domaine-du-clos-frantin-gevrey-chambertin-les-murots"},"modified":"2026-02-19T16:08:14","modified_gmt":"2026-02-19T15:08:14","slug":"albert-bichot-domaine-du-clos-frantin-gevrey-chambertin-les-murots","status":"publish","type":"product","link":"https:\/\/www.ivinio.com\/sv\/produkt\/albert-bichot-domaine-du-clos-frantin-gevrey-chambertin-les-murots\/","title":{"rendered":"Albert Bichot &#8211; Domaine du Clos Frantin &#8211; Gevrey Chambertin &#8220;Les Murots&#8221;"},"content":{"rendered":"<p>Albert Bichot &#8211; Domaine du Clos Frantin &#8211; Gevrey Chambertin &#8220;Les Murots&#8221; \u00e4r framst\u00e4lld av 100% Pinot noir sk\u00f6rdad manuellt i 25 kilos sk\u00f6rdekorgar. Druvorna transporteras till ving\u00e5rden s\u00e5 snabbt som m\u00f6jligt f\u00f6r att f\u00f6rhindra oxidation. Druvorna passerar sedan genom ett vibrerande sorteringsbord f\u00f6r att ta bort eventuella skadade b\u00e4r eller klasar. Sk\u00f6rden plockas fr\u00e5n klasarna f\u00f6r att undvika \u00f6verdriven beska p\u00e5 grund av stj\u00e4lkarnas tanniner. J\u00e4sningsmacerationen varar sedan 20 till 28 dagar i termoreglerade koniska ekfat. Detta g\u00f6r det m\u00f6jligt att kontrollera j\u00e4sningstemperaturerna som direkt p\u00e5verkar utvinningen av aromer och f\u00e4rg. Slutligen pressas vinet genom en mild och selektiv press. Vinet tappas p\u00e5 flaska och lagras sedan i \u00f6ver ett \u00e5r i ving\u00e5rdens k\u00e4llare p\u00e5 ekfat (30 till 35 % nya fat). Faten har varierande ursprung (tr\u00e4d fr\u00e5n skog i Tron\u00e7ais, Allier, Vosges). Deras specifika rostning och deras \u00e5lder bidrar till s\u00f6kandet efter aromatisk komplexitet i framst\u00e4llningen av detta stora vin.<\/p>\n","protected":false},"excerpt":{"rendered":"<p>Ett vin med djup och elegans. Uttrycksfulla aromer av r\u00f6da b\u00e4r och kryddor med vissa minerala inslag. Mjuk i smaken, med bra koncentration, silkeslen konsistens och fina tanniner. Ett lagringsvin med stor l\u00e4ngd i smaken.<\/p>\n","protected":false},"featured_media":118301,"comment_status":"open","ping_status":"closed","template":"","meta":{"_monsterinsights_skip_tracking":false,"_monsterinsights_sitenote_active":false,"_monsterinsights_sitenote_note":"","_monsterinsights_sitenote_category":0,"_uf_show_specific_survey":0,"_uf_disable_surveys":false},"product_brand":[],"product_cat":[36611,36587],"product_tag":[],"class_list":{"0":"post-118300","1":"product","2":"type-product","3":"status-publish","4":"has-post-thumbnail","6":"product_cat-en-burgundy","7":"product_cat-french-wines","8":"pa_alcohol-degree-13-5-en","9":"pa_awards-wine-enthusiast-en","10":"pa_classification-aop-gevrey-chambertin-en","11":"pa_color-red","12":"pa_country-france-en","13":"pa_grape-variety-pinot-noir","14":"pa_package-1x1-en","15":"pa_package-1x6-en","16":"pa_region-burgundy","17":"pa_storage-potential-15-years","18":"pa_vintage-2022-en","19":"pa_volume-75-cl-en","21":"first","22":"instock","23":"taxable","24":"shipping-taxable","25":"purchasable","26":"product-type-variable"},"bundled_by":[],"bundle_stock_status":"instock","bundle_stock_quantity":null,"bundle_virtual":false,"bundle_layout":"","bundle_add_to_cart_form_location":"","bundle_editable_in_cart":false,"bundle_sold_individually_context":"","bundle_item_grouping":"","bundle_min_size":"","bundle_max_size":"","bundle_price":[],"bundled_items":[],"bundle_sell_ids":[],"yoast_head":"<!-- This site is optimized with the Yoast SEO plugin v27.5 - https:\/\/yoast.com\/product\/yoast-seo-wordpress\/ -->\n<title>Albert Bichot - Domaine du Clos Frantin - Gevrey Chambertin &quot;Les Murots&quot;<\/title>\n<meta name=\"description\" content=\"K\u00f6pa Albert Bichot - Domaine du Clos Frantin - Gevrey Chambertin &quot;Les Murots&quot;. Ett elegant lagringsvin av h\u00f6gsta niv\u00e5. Leverans hem.\" \/>\n<meta name=\"robots\" content=\"index, follow, max-snippet:-1, max-image-preview:large, max-video-preview:-1\" \/>\n<link rel=\"canonical\" href=\"https:\/\/www.ivinio.com\/sv\/produkt\/albert-bichot-domaine-du-clos-frantin-gevrey-chambertin-les-murots\/\" \/>\n<meta property=\"og:locale\" content=\"sv_SE\" \/>\n<meta property=\"og:type\" content=\"article\" \/>\n<meta property=\"og:title\" content=\"Albert Bichot - Domaine du Clos Frantin - Gevrey Chambertin &quot;Les Murots&quot;\" \/>\n<meta property=\"og:description\" content=\"K\u00f6pa Albert Bichot - Domaine du Clos Frantin - Gevrey Chambertin &quot;Les Murots&quot;. Ett elegant lagringsvin av h\u00f6gsta niv\u00e5. Leverans hem.\" \/>\n<meta property=\"og:url\" content=\"https:\/\/www.ivinio.com\/sv\/produkt\/albert-bichot-domaine-du-clos-frantin-gevrey-chambertin-les-murots\/\" \/>\n<meta property=\"og:site_name\" content=\"IVINIO Vinbutik\" \/>\n<meta property=\"article:publisher\" content=\"https:\/\/www.facebook.com\/groups\/165217837022391\/?ref=bookmarks\" \/>\n<meta property=\"article:modified_time\" content=\"2026-02-19T15:08:14+00:00\" \/>\n<meta property=\"og:image\" content=\"https:\/\/www.ivinio.com\/wp-content\/uploads\/nc\/public\/modules\/file\/pictures\/4912.bichotgevrey500x500.jpg\" \/>\n\t<meta property=\"og:image:width\" content=\"500\" \/>\n\t<meta property=\"og:image:height\" content=\"500\" \/>\n\t<meta property=\"og:image:type\" content=\"image\/jpeg\" \/>\n<meta name=\"twitter:card\" content=\"summary_large_image\" \/>\n<meta name=\"twitter:label1\" content=\"Ber\u00e4knad l\u00e4stid\" \/>\n\t<meta name=\"twitter:data1\" content=\"1 minut\" \/>\n<script type=\"application\/ld+json\" class=\"yoast-schema-graph\">{\"@context\":\"https:\\\/\\\/schema.org\",\"@graph\":[{\"@type\":\"WebPage\",\"@id\":\"https:\\\/\\\/www.ivinio.com\\\/sv\\\/produkt\\\/albert-bichot-domaine-du-clos-frantin-gevrey-chambertin-les-murots\\\/\",\"url\":\"https:\\\/\\\/www.ivinio.com\\\/sv\\\/produkt\\\/albert-bichot-domaine-du-clos-frantin-gevrey-chambertin-les-murots\\\/\",\"name\":\"Albert Bichot - Domaine du Clos Frantin - Gevrey Chambertin \\\"Les Murots\\\"\",\"isPartOf\":{\"@id\":\"https:\\\/\\\/www.ivinio.com\\\/sv\\\/#website\"},\"primaryImageOfPage\":{\"@id\":\"https:\\\/\\\/www.ivinio.com\\\/sv\\\/produkt\\\/albert-bichot-domaine-du-clos-frantin-gevrey-chambertin-les-murots\\\/#primaryimage\"},\"image\":{\"@id\":\"https:\\\/\\\/www.ivinio.com\\\/sv\\\/produkt\\\/albert-bichot-domaine-du-clos-frantin-gevrey-chambertin-les-murots\\\/#primaryimage\"},\"thumbnailUrl\":\"https:\\\/\\\/www.ivinio.com\\\/wp-content\\\/uploads\\\/nc\\\/public\\\/modules\\\/file\\\/pictures\\\/4912.bichotgevrey500x500.jpg\",\"datePublished\":\"2014-08-26T18:32:06+00:00\",\"dateModified\":\"2026-02-19T15:08:14+00:00\",\"description\":\"K\u00f6pa Albert Bichot - Domaine du Clos Frantin - Gevrey Chambertin \\\"Les Murots\\\". Ett elegant lagringsvin av h\u00f6gsta niv\u00e5. Leverans hem.\",\"breadcrumb\":{\"@id\":\"https:\\\/\\\/www.ivinio.com\\\/sv\\\/produkt\\\/albert-bichot-domaine-du-clos-frantin-gevrey-chambertin-les-murots\\\/#breadcrumb\"},\"inLanguage\":\"sv-SE\",\"potentialAction\":[{\"@type\":\"ReadAction\",\"target\":[\"https:\\\/\\\/www.ivinio.com\\\/sv\\\/produkt\\\/albert-bichot-domaine-du-clos-frantin-gevrey-chambertin-les-murots\\\/\"]}]},{\"@type\":\"ImageObject\",\"inLanguage\":\"sv-SE\",\"@id\":\"https:\\\/\\\/www.ivinio.com\\\/sv\\\/produkt\\\/albert-bichot-domaine-du-clos-frantin-gevrey-chambertin-les-murots\\\/#primaryimage\",\"url\":\"https:\\\/\\\/www.ivinio.com\\\/wp-content\\\/uploads\\\/nc\\\/public\\\/modules\\\/file\\\/pictures\\\/4912.bichotgevrey500x500.jpg\",\"contentUrl\":\"https:\\\/\\\/www.ivinio.com\\\/wp-content\\\/uploads\\\/nc\\\/public\\\/modules\\\/file\\\/pictures\\\/4912.bichotgevrey500x500.jpg\",\"width\":500,\"height\":500},{\"@type\":\"BreadcrumbList\",\"@id\":\"https:\\\/\\\/www.ivinio.com\\\/sv\\\/produkt\\\/albert-bichot-domaine-du-clos-frantin-gevrey-chambertin-les-murots\\\/#breadcrumb\",\"itemListElement\":[{\"@type\":\"ListItem\",\"position\":1,\"name\":\"Hem\",\"item\":\"https:\\\/\\\/www.ivinio.com\\\/sv\\\/\"},{\"@type\":\"ListItem\",\"position\":2,\"name\":\"Vinbutik\",\"item\":\"https:\\\/\\\/www.ivinio.com\\\/sv\\\/vinbutik\\\/\"},{\"@type\":\"ListItem\",\"position\":3,\"name\":\"Albert Bichot &#8211; Domaine du Clos Frantin &#8211; Gevrey Chambertin &#8220;Les Murots&#8221;\"}]},{\"@type\":\"WebSite\",\"@id\":\"https:\\\/\\\/www.ivinio.com\\\/sv\\\/#website\",\"url\":\"https:\\\/\\\/www.ivinio.com\\\/sv\\\/\",\"name\":\"IVINIO Vinbutik\",\"description\":\"Vin fr\u00e5n Frankrike och Italien med leverans hem till din d\u00f6rr\",\"publisher\":{\"@id\":\"https:\\\/\\\/www.ivinio.com\\\/sv\\\/#organization\"},\"potentialAction\":[{\"@type\":\"SearchAction\",\"target\":{\"@type\":\"EntryPoint\",\"urlTemplate\":\"https:\\\/\\\/www.ivinio.com\\\/sv\\\/?s={search_term_string}\"},\"query-input\":{\"@type\":\"PropertyValueSpecification\",\"valueRequired\":true,\"valueName\":\"search_term_string\"}}],\"inLanguage\":\"sv-SE\"},{\"@type\":\"Organization\",\"@id\":\"https:\\\/\\\/www.ivinio.com\\\/sv\\\/#organization\",\"name\":\"IVINIO\",\"url\":\"https:\\\/\\\/www.ivinio.com\\\/sv\\\/\",\"logo\":{\"@type\":\"ImageObject\",\"inLanguage\":\"sv-SE\",\"@id\":\"https:\\\/\\\/www.ivinio.com\\\/sv\\\/#\\\/schema\\\/logo\\\/image\\\/\",\"url\":\"https:\\\/\\\/www.ivinio.com\\\/wp-content\\\/uploads\\\/2021\\\/01\\\/Logo-Ivinio-v2.jpg\",\"contentUrl\":\"https:\\\/\\\/www.ivinio.com\\\/wp-content\\\/uploads\\\/2021\\\/01\\\/Logo-Ivinio-v2.jpg\",\"width\":1194,\"height\":1194,\"caption\":\"IVINIO\"},\"image\":{\"@id\":\"https:\\\/\\\/www.ivinio.com\\\/sv\\\/#\\\/schema\\\/logo\\\/image\\\/\"},\"sameAs\":[\"https:\\\/\\\/www.facebook.com\\\/groups\\\/165217837022391\\\/?ref=bookmarks\",\"https:\\\/\\\/www.instagram.com\\\/_ivinio_\\\/?hl=fr\"]}]}<\/script>\n<!-- \/ Yoast SEO plugin. -->","yoast_head_json":{"title":"Albert Bichot - Domaine du Clos Frantin - Gevrey Chambertin \"Les Murots\"","description":"K\u00f6pa Albert Bichot - Domaine du Clos Frantin - Gevrey Chambertin \"Les Murots\". Ett elegant lagringsvin av h\u00f6gsta niv\u00e5. Leverans hem.","robots":{"index":"index","follow":"follow","max-snippet":"max-snippet:-1","max-image-preview":"max-image-preview:large","max-video-preview":"max-video-preview:-1"},"canonical":"https:\/\/www.ivinio.com\/sv\/produkt\/albert-bichot-domaine-du-clos-frantin-gevrey-chambertin-les-murots\/","og_locale":"sv_SE","og_type":"article","og_title":"Albert Bichot - Domaine du Clos Frantin - Gevrey Chambertin \"Les Murots\"","og_description":"K\u00f6pa Albert Bichot - Domaine du Clos Frantin - Gevrey Chambertin \"Les Murots\". Ett elegant lagringsvin av h\u00f6gsta niv\u00e5. Leverans hem.","og_url":"https:\/\/www.ivinio.com\/sv\/produkt\/albert-bichot-domaine-du-clos-frantin-gevrey-chambertin-les-murots\/","og_site_name":"IVINIO Vinbutik","article_publisher":"https:\/\/www.facebook.com\/groups\/165217837022391\/?ref=bookmarks","article_modified_time":"2026-02-19T15:08:14+00:00","og_image":[{"width":500,"height":500,"url":"https:\/\/www.ivinio.com\/wp-content\/uploads\/nc\/public\/modules\/file\/pictures\/4912.bichotgevrey500x500.jpg","type":"image\/jpeg"}],"twitter_card":"summary_large_image","twitter_misc":{"Ber\u00e4knad l\u00e4stid":"1 minut"},"schema":{"@context":"https:\/\/schema.org","@graph":[{"@type":"WebPage","@id":"https:\/\/www.ivinio.com\/sv\/produkt\/albert-bichot-domaine-du-clos-frantin-gevrey-chambertin-les-murots\/","url":"https:\/\/www.ivinio.com\/sv\/produkt\/albert-bichot-domaine-du-clos-frantin-gevrey-chambertin-les-murots\/","name":"Albert Bichot - Domaine du Clos Frantin - Gevrey Chambertin \"Les Murots\"","isPartOf":{"@id":"https:\/\/www.ivinio.com\/sv\/#website"},"primaryImageOfPage":{"@id":"https:\/\/www.ivinio.com\/sv\/produkt\/albert-bichot-domaine-du-clos-frantin-gevrey-chambertin-les-murots\/#primaryimage"},"image":{"@id":"https:\/\/www.ivinio.com\/sv\/produkt\/albert-bichot-domaine-du-clos-frantin-gevrey-chambertin-les-murots\/#primaryimage"},"thumbnailUrl":"https:\/\/www.ivinio.com\/wp-content\/uploads\/nc\/public\/modules\/file\/pictures\/4912.bichotgevrey500x500.jpg","datePublished":"2014-08-26T18:32:06+00:00","dateModified":"2026-02-19T15:08:14+00:00","description":"K\u00f6pa Albert Bichot - Domaine du Clos Frantin - Gevrey Chambertin \"Les Murots\". Ett elegant lagringsvin av h\u00f6gsta niv\u00e5. Leverans hem.","breadcrumb":{"@id":"https:\/\/www.ivinio.com\/sv\/produkt\/albert-bichot-domaine-du-clos-frantin-gevrey-chambertin-les-murots\/#breadcrumb"},"inLanguage":"sv-SE","potentialAction":[{"@type":"ReadAction","target":["https:\/\/www.ivinio.com\/sv\/produkt\/albert-bichot-domaine-du-clos-frantin-gevrey-chambertin-les-murots\/"]}]},{"@type":"ImageObject","inLanguage":"sv-SE","@id":"https:\/\/www.ivinio.com\/sv\/produkt\/albert-bichot-domaine-du-clos-frantin-gevrey-chambertin-les-murots\/#primaryimage","url":"https:\/\/www.ivinio.com\/wp-content\/uploads\/nc\/public\/modules\/file\/pictures\/4912.bichotgevrey500x500.jpg","contentUrl":"https:\/\/www.ivinio.com\/wp-content\/uploads\/nc\/public\/modules\/file\/pictures\/4912.bichotgevrey500x500.jpg","width":500,"height":500},{"@type":"BreadcrumbList","@id":"https:\/\/www.ivinio.com\/sv\/produkt\/albert-bichot-domaine-du-clos-frantin-gevrey-chambertin-les-murots\/#breadcrumb","itemListElement":[{"@type":"ListItem","position":1,"name":"Hem","item":"https:\/\/www.ivinio.com\/sv\/"},{"@type":"ListItem","position":2,"name":"Vinbutik","item":"https:\/\/www.ivinio.com\/sv\/vinbutik\/"},{"@type":"ListItem","position":3,"name":"Albert Bichot &#8211; Domaine du Clos Frantin &#8211; Gevrey Chambertin &#8220;Les Murots&#8221;"}]},{"@type":"WebSite","@id":"https:\/\/www.ivinio.com\/sv\/#website","url":"https:\/\/www.ivinio.com\/sv\/","name":"IVINIO Vinbutik","description":"Vin fr\u00e5n Frankrike och Italien med leverans hem till din d\u00f6rr","publisher":{"@id":"https:\/\/www.ivinio.com\/sv\/#organization"},"potentialAction":[{"@type":"SearchAction","target":{"@type":"EntryPoint","urlTemplate":"https:\/\/www.ivinio.com\/sv\/?s={search_term_string}"},"query-input":{"@type":"PropertyValueSpecification","valueRequired":true,"valueName":"search_term_string"}}],"inLanguage":"sv-SE"},{"@type":"Organization","@id":"https:\/\/www.ivinio.com\/sv\/#organization","name":"IVINIO","url":"https:\/\/www.ivinio.com\/sv\/","logo":{"@type":"ImageObject","inLanguage":"sv-SE","@id":"https:\/\/www.ivinio.com\/sv\/#\/schema\/logo\/image\/","url":"https:\/\/www.ivinio.com\/wp-content\/uploads\/2021\/01\/Logo-Ivinio-v2.jpg","contentUrl":"https:\/\/www.ivinio.com\/wp-content\/uploads\/2021\/01\/Logo-Ivinio-v2.jpg","width":1194,"height":1194,"caption":"IVINIO"},"image":{"@id":"https:\/\/www.ivinio.com\/sv\/#\/schema\/logo\/image\/"},"sameAs":["https:\/\/www.facebook.com\/groups\/165217837022391\/?ref=bookmarks","https:\/\/www.instagram.com\/_ivinio_\/?hl=fr"]}]}},"jetpack_sharing_enabled":true,"_links":{"self":[{"href":"https:\/\/www.ivinio.com\/sv\/wp-json\/wp\/v2\/product\/118300","targetHints":{"allow":["GET"]}}],"collection":[{"href":"https:\/\/www.ivinio.com\/sv\/wp-json\/wp\/v2\/product"}],"about":[{"href":"https:\/\/www.ivinio.com\/sv\/wp-json\/wp\/v2\/types\/product"}],"replies":[{"embeddable":true,"href":"https:\/\/www.ivinio.com\/sv\/wp-json\/wp\/v2\/comments?post=118300"}],"wp:featuredmedia":[{"embeddable":true,"href":"https:\/\/www.ivinio.com\/sv\/wp-json\/wp\/v2\/media\/118301"}],"wp:attachment":[{"href":"https:\/\/www.ivinio.com\/sv\/wp-json\/wp\/v2\/media?parent=118300"}],"wp:term":[{"taxonomy":"product_brand","embeddable":true,"href":"https:\/\/www.ivinio.com\/sv\/wp-json\/wp\/v2\/product_brand?post=118300"},{"taxonomy":"product_cat","embeddable":true,"href":"https:\/\/www.ivinio.com\/sv\/wp-json\/wp\/v2\/product_cat?post=118300"},{"taxonomy":"product_tag","embeddable":true,"href":"https:\/\/www.ivinio.com\/sv\/wp-json\/wp\/v2\/product_tag?post=118300"}],"curies":[{"name":"wp","href":"https:\/\/api.w.org\/{rel}","templated":true}]}}