{"id":118294,"date":"2014-08-26T16:54:32","date_gmt":"2014-08-26T16:54:32","guid":{"rendered":"https:\/\/henrik.www.ivinio.com\/?product=beauvignac-picpoul-de-pinet-vit"},"modified":"2025-01-13T18:38:52","modified_gmt":"2025-01-13T17:38:52","slug":"beauvignac-picpoul-de-pinet-vit","status":"publish","type":"product","link":"https:\/\/www.ivinio.com\/sv\/produkt\/beauvignac-picpoul-de-pinet-vit\/","title":{"rendered":"Beauvignac &#8211; Picpoul de Pinet &#8211; Vit"},"content":{"rendered":"<p>Picpoul framst\u00e4lls av just 100% vita picpouldruvor. Druvorna odlas p\u00e5 &#8220;garriguen&#8221; sydfranskt busklandskap n\u00e4ra Langedockusten vid Etang de Thau. Druvorna sk\u00f6rdas nattetid f\u00f6r att undvika oxidering. Druvorna pressas och musten f\u00e5r macerera 48H innan j\u00e4sningen startas och genomf\u00f6rs under kontrollerad temperatur (15\u00b0).<\/p>\n","protected":false},"excerpt":{"rendered":"<p>Picpoul \u00e4r ett friskt och fr\u00e4scht vitvin fr\u00e5n regionen runt Etang de Thau i Languedoc. Vinet \u00e4r som klippt och skuret till ostron och dricks till just ostronen fr\u00e5n Etang de Thau. Passar \u00e4ven till andra skaldjur.<\/p>\n","protected":false},"featured_media":118295,"comment_status":"open","ping_status":"closed","template":"","meta":{"_monsterinsights_skip_tracking":false,"_monsterinsights_sitenote_active":false,"_monsterinsights_sitenote_note":"","_monsterinsights_sitenote_category":0,"_uf_show_specific_survey":0,"_uf_disable_surveys":false},"product_brand":[],"product_cat":[36587,36626],"product_tag":[],"class_list":{"0":"post-118294","1":"product","2":"type-product","3":"status-publish","4":"has-post-thumbnail","6":"product_cat-french-wines","7":"product_cat-en-languedoc","8":"pa_alcohol-degree-12-5-en","9":"pa_awards-concours-general-agricole-de-paris-en","10":"pa_classification-aop-picpoul-de-pinet-en","11":"pa_color-white-en","12":"pa_country-france-en","13":"pa_grape-variety-picpoul","14":"pa_region-languedoc-en","15":"pa_storage-potential-3-years-en","16":"pa_vintage-2023-en","17":"pa_volume-75-cl-en","19":"first","20":"instock","21":"taxable","22":"shipping-taxable","23":"purchasable","24":"product-type-simple"},"bundled_by":["130940"],"bundle_stock_status":"instock","bundle_stock_quantity":null,"bundle_virtual":false,"bundle_layout":"","bundle_add_to_cart_form_location":"","bundle_editable_in_cart":false,"bundle_sold_individually_context":"","bundle_item_grouping":"","bundle_min_size":"","bundle_max_size":"","bundle_price":[],"bundled_items":[],"bundle_sell_ids":[],"yoast_head":"<!-- This site is optimized with the Yoast SEO plugin v27.3 - https:\/\/yoast.com\/product\/yoast-seo-wordpress\/ -->\n<title>K\u00f6pa Beauvignac - Picpoul de Pinet - Vitvin - IVINIO Wine Shop<\/title>\n<meta name=\"description\" content=\"K\u00f6pa Beauvignac - Picpoul de Pinet - Vitvin. Friskt och fr\u00e4scht fr\u00e5n regionen runt Etang de Thau i Languedoc. Vinet \u00e4r som klippt och skuret till ostron.\" \/>\n<meta name=\"robots\" content=\"index, follow, max-snippet:-1, max-image-preview:large, max-video-preview:-1\" \/>\n<link rel=\"canonical\" href=\"https:\/\/www.ivinio.com\/sv\/produkt\/beauvignac-picpoul-de-pinet-vit\/\" \/>\n<meta property=\"og:locale\" content=\"sv_SE\" \/>\n<meta property=\"og:type\" content=\"article\" \/>\n<meta property=\"og:title\" content=\"K\u00f6pa Beauvignac - Picpoul de Pinet - Vitvin - IVINIO Wine Shop\" \/>\n<meta property=\"og:description\" content=\"K\u00f6pa Beauvignac - Picpoul de Pinet - Vitvin. Friskt och fr\u00e4scht fr\u00e5n regionen runt Etang de Thau i Languedoc. Vinet \u00e4r som klippt och skuret till ostron.\" \/>\n<meta property=\"og:url\" content=\"https:\/\/www.ivinio.com\/sv\/produkt\/beauvignac-picpoul-de-pinet-vit\/\" \/>\n<meta property=\"og:site_name\" content=\"IVINIO Wine Shop\" \/>\n<meta property=\"article:publisher\" content=\"https:\/\/www.facebook.com\/groups\/165217837022391\/?ref=bookmarks\" \/>\n<meta property=\"article:modified_time\" content=\"2025-01-13T17:38:52+00:00\" \/>\n<meta property=\"og:image\" content=\"https:\/\/www.ivinio.com\/wp-content\/uploads\/nc\/public\/modules\/file\/pictures\/4907.beauvignacpicpoul500x500.jpg\" \/>\n\t<meta property=\"og:image:width\" content=\"500\" \/>\n\t<meta property=\"og:image:height\" content=\"500\" \/>\n\t<meta property=\"og:image:type\" content=\"image\/jpeg\" \/>\n<meta name=\"twitter:card\" content=\"summary_large_image\" \/>\n<meta name=\"twitter:label1\" content=\"Ber\u00e4knad l\u00e4stid\" \/>\n\t<meta name=\"twitter:data1\" content=\"1 minut\" \/>\n<script type=\"application\/ld+json\" class=\"yoast-schema-graph\">{\"@context\":\"https:\\\/\\\/schema.org\",\"@graph\":[{\"@type\":\"WebPage\",\"@id\":\"https:\\\/\\\/www.ivinio.com\\\/sv\\\/produkt\\\/beauvignac-picpoul-de-pinet-vit\\\/\",\"url\":\"https:\\\/\\\/www.ivinio.com\\\/sv\\\/produkt\\\/beauvignac-picpoul-de-pinet-vit\\\/\",\"name\":\"K\u00f6pa Beauvignac - Picpoul de Pinet - Vitvin - IVINIO Wine Shop\",\"isPartOf\":{\"@id\":\"https:\\\/\\\/www.ivinio.com\\\/sv\\\/#website\"},\"primaryImageOfPage\":{\"@id\":\"https:\\\/\\\/www.ivinio.com\\\/sv\\\/produkt\\\/beauvignac-picpoul-de-pinet-vit\\\/#primaryimage\"},\"image\":{\"@id\":\"https:\\\/\\\/www.ivinio.com\\\/sv\\\/produkt\\\/beauvignac-picpoul-de-pinet-vit\\\/#primaryimage\"},\"thumbnailUrl\":\"https:\\\/\\\/www.ivinio.com\\\/wp-content\\\/uploads\\\/nc\\\/public\\\/modules\\\/file\\\/pictures\\\/4907.beauvignacpicpoul500x500.jpg\",\"datePublished\":\"2014-08-26T16:54:32+00:00\",\"dateModified\":\"2025-01-13T17:38:52+00:00\",\"description\":\"K\u00f6pa Beauvignac - Picpoul de Pinet - Vitvin. Friskt och fr\u00e4scht fr\u00e5n regionen runt Etang de Thau i Languedoc. Vinet \u00e4r som klippt och skuret till ostron.\",\"breadcrumb\":{\"@id\":\"https:\\\/\\\/www.ivinio.com\\\/sv\\\/produkt\\\/beauvignac-picpoul-de-pinet-vit\\\/#breadcrumb\"},\"inLanguage\":\"sv-SE\",\"potentialAction\":[{\"@type\":\"ReadAction\",\"target\":[\"https:\\\/\\\/www.ivinio.com\\\/sv\\\/produkt\\\/beauvignac-picpoul-de-pinet-vit\\\/\"]}]},{\"@type\":\"ImageObject\",\"inLanguage\":\"sv-SE\",\"@id\":\"https:\\\/\\\/www.ivinio.com\\\/sv\\\/produkt\\\/beauvignac-picpoul-de-pinet-vit\\\/#primaryimage\",\"url\":\"https:\\\/\\\/www.ivinio.com\\\/wp-content\\\/uploads\\\/nc\\\/public\\\/modules\\\/file\\\/pictures\\\/4907.beauvignacpicpoul500x500.jpg\",\"contentUrl\":\"https:\\\/\\\/www.ivinio.com\\\/wp-content\\\/uploads\\\/nc\\\/public\\\/modules\\\/file\\\/pictures\\\/4907.beauvignacpicpoul500x500.jpg\",\"width\":500,\"height\":500,\"caption\":\"Beauvignac - Picpoul de Pinet\"},{\"@type\":\"BreadcrumbList\",\"@id\":\"https:\\\/\\\/www.ivinio.com\\\/sv\\\/produkt\\\/beauvignac-picpoul-de-pinet-vit\\\/#breadcrumb\",\"itemListElement\":[{\"@type\":\"ListItem\",\"position\":1,\"name\":\"Hem\",\"item\":\"https:\\\/\\\/www.ivinio.com\\\/sv\\\/\"},{\"@type\":\"ListItem\",\"position\":2,\"name\":\"Vinbutik\",\"item\":\"https:\\\/\\\/www.ivinio.com\\\/sv\\\/vinbutik\\\/\"},{\"@type\":\"ListItem\",\"position\":3,\"name\":\"Beauvignac &#8211; Picpoul de Pinet &#8211; Vit\"}]},{\"@type\":\"WebSite\",\"@id\":\"https:\\\/\\\/www.ivinio.com\\\/sv\\\/#website\",\"url\":\"https:\\\/\\\/www.ivinio.com\\\/sv\\\/\",\"name\":\"IVINIO Wine Shop\",\"description\":\"French and Italian wines with delivery to your door\",\"publisher\":{\"@id\":\"https:\\\/\\\/www.ivinio.com\\\/sv\\\/#organization\"},\"potentialAction\":[{\"@type\":\"SearchAction\",\"target\":{\"@type\":\"EntryPoint\",\"urlTemplate\":\"https:\\\/\\\/www.ivinio.com\\\/sv\\\/?s={search_term_string}\"},\"query-input\":{\"@type\":\"PropertyValueSpecification\",\"valueRequired\":true,\"valueName\":\"search_term_string\"}}],\"inLanguage\":\"sv-SE\"},{\"@type\":\"Organization\",\"@id\":\"https:\\\/\\\/www.ivinio.com\\\/sv\\\/#organization\",\"name\":\"IVINIO\",\"url\":\"https:\\\/\\\/www.ivinio.com\\\/sv\\\/\",\"logo\":{\"@type\":\"ImageObject\",\"inLanguage\":\"sv-SE\",\"@id\":\"https:\\\/\\\/www.ivinio.com\\\/sv\\\/#\\\/schema\\\/logo\\\/image\\\/\",\"url\":\"https:\\\/\\\/www.ivinio.com\\\/wp-content\\\/uploads\\\/2021\\\/01\\\/Logo-Ivinio-v2.jpg\",\"contentUrl\":\"https:\\\/\\\/www.ivinio.com\\\/wp-content\\\/uploads\\\/2021\\\/01\\\/Logo-Ivinio-v2.jpg\",\"width\":1194,\"height\":1194,\"caption\":\"IVINIO\"},\"image\":{\"@id\":\"https:\\\/\\\/www.ivinio.com\\\/sv\\\/#\\\/schema\\\/logo\\\/image\\\/\"},\"sameAs\":[\"https:\\\/\\\/www.facebook.com\\\/groups\\\/165217837022391\\\/?ref=bookmarks\",\"https:\\\/\\\/www.instagram.com\\\/_ivinio_\\\/?hl=fr\"]}]}<\/script>\n<!-- \/ Yoast SEO plugin. -->","yoast_head_json":{"title":"K\u00f6pa Beauvignac - Picpoul de Pinet - Vitvin - IVINIO Wine Shop","description":"K\u00f6pa Beauvignac - Picpoul de Pinet - Vitvin. Friskt och fr\u00e4scht fr\u00e5n regionen runt Etang de Thau i Languedoc. Vinet \u00e4r som klippt och skuret till ostron.","robots":{"index":"index","follow":"follow","max-snippet":"max-snippet:-1","max-image-preview":"max-image-preview:large","max-video-preview":"max-video-preview:-1"},"canonical":"https:\/\/www.ivinio.com\/sv\/produkt\/beauvignac-picpoul-de-pinet-vit\/","og_locale":"sv_SE","og_type":"article","og_title":"K\u00f6pa Beauvignac - Picpoul de Pinet - Vitvin - IVINIO Wine Shop","og_description":"K\u00f6pa Beauvignac - Picpoul de Pinet - Vitvin. Friskt och fr\u00e4scht fr\u00e5n regionen runt Etang de Thau i Languedoc. Vinet \u00e4r som klippt och skuret till ostron.","og_url":"https:\/\/www.ivinio.com\/sv\/produkt\/beauvignac-picpoul-de-pinet-vit\/","og_site_name":"IVINIO Wine Shop","article_publisher":"https:\/\/www.facebook.com\/groups\/165217837022391\/?ref=bookmarks","article_modified_time":"2025-01-13T17:38:52+00:00","og_image":[{"width":500,"height":500,"url":"https:\/\/www.ivinio.com\/wp-content\/uploads\/nc\/public\/modules\/file\/pictures\/4907.beauvignacpicpoul500x500.jpg","type":"image\/jpeg"}],"twitter_card":"summary_large_image","twitter_misc":{"Ber\u00e4knad l\u00e4stid":"1 minut"},"schema":{"@context":"https:\/\/schema.org","@graph":[{"@type":"WebPage","@id":"https:\/\/www.ivinio.com\/sv\/produkt\/beauvignac-picpoul-de-pinet-vit\/","url":"https:\/\/www.ivinio.com\/sv\/produkt\/beauvignac-picpoul-de-pinet-vit\/","name":"K\u00f6pa Beauvignac - Picpoul de Pinet - Vitvin - IVINIO Wine Shop","isPartOf":{"@id":"https:\/\/www.ivinio.com\/sv\/#website"},"primaryImageOfPage":{"@id":"https:\/\/www.ivinio.com\/sv\/produkt\/beauvignac-picpoul-de-pinet-vit\/#primaryimage"},"image":{"@id":"https:\/\/www.ivinio.com\/sv\/produkt\/beauvignac-picpoul-de-pinet-vit\/#primaryimage"},"thumbnailUrl":"https:\/\/www.ivinio.com\/wp-content\/uploads\/nc\/public\/modules\/file\/pictures\/4907.beauvignacpicpoul500x500.jpg","datePublished":"2014-08-26T16:54:32+00:00","dateModified":"2025-01-13T17:38:52+00:00","description":"K\u00f6pa Beauvignac - Picpoul de Pinet - Vitvin. Friskt och fr\u00e4scht fr\u00e5n regionen runt Etang de Thau i Languedoc. Vinet \u00e4r som klippt och skuret till ostron.","breadcrumb":{"@id":"https:\/\/www.ivinio.com\/sv\/produkt\/beauvignac-picpoul-de-pinet-vit\/#breadcrumb"},"inLanguage":"sv-SE","potentialAction":[{"@type":"ReadAction","target":["https:\/\/www.ivinio.com\/sv\/produkt\/beauvignac-picpoul-de-pinet-vit\/"]}]},{"@type":"ImageObject","inLanguage":"sv-SE","@id":"https:\/\/www.ivinio.com\/sv\/produkt\/beauvignac-picpoul-de-pinet-vit\/#primaryimage","url":"https:\/\/www.ivinio.com\/wp-content\/uploads\/nc\/public\/modules\/file\/pictures\/4907.beauvignacpicpoul500x500.jpg","contentUrl":"https:\/\/www.ivinio.com\/wp-content\/uploads\/nc\/public\/modules\/file\/pictures\/4907.beauvignacpicpoul500x500.jpg","width":500,"height":500,"caption":"Beauvignac - Picpoul de Pinet"},{"@type":"BreadcrumbList","@id":"https:\/\/www.ivinio.com\/sv\/produkt\/beauvignac-picpoul-de-pinet-vit\/#breadcrumb","itemListElement":[{"@type":"ListItem","position":1,"name":"Hem","item":"https:\/\/www.ivinio.com\/sv\/"},{"@type":"ListItem","position":2,"name":"Vinbutik","item":"https:\/\/www.ivinio.com\/sv\/vinbutik\/"},{"@type":"ListItem","position":3,"name":"Beauvignac &#8211; Picpoul de Pinet &#8211; Vit"}]},{"@type":"WebSite","@id":"https:\/\/www.ivinio.com\/sv\/#website","url":"https:\/\/www.ivinio.com\/sv\/","name":"IVINIO Wine Shop","description":"French and Italian wines with delivery to your door","publisher":{"@id":"https:\/\/www.ivinio.com\/sv\/#organization"},"potentialAction":[{"@type":"SearchAction","target":{"@type":"EntryPoint","urlTemplate":"https:\/\/www.ivinio.com\/sv\/?s={search_term_string}"},"query-input":{"@type":"PropertyValueSpecification","valueRequired":true,"valueName":"search_term_string"}}],"inLanguage":"sv-SE"},{"@type":"Organization","@id":"https:\/\/www.ivinio.com\/sv\/#organization","name":"IVINIO","url":"https:\/\/www.ivinio.com\/sv\/","logo":{"@type":"ImageObject","inLanguage":"sv-SE","@id":"https:\/\/www.ivinio.com\/sv\/#\/schema\/logo\/image\/","url":"https:\/\/www.ivinio.com\/wp-content\/uploads\/2021\/01\/Logo-Ivinio-v2.jpg","contentUrl":"https:\/\/www.ivinio.com\/wp-content\/uploads\/2021\/01\/Logo-Ivinio-v2.jpg","width":1194,"height":1194,"caption":"IVINIO"},"image":{"@id":"https:\/\/www.ivinio.com\/sv\/#\/schema\/logo\/image\/"},"sameAs":["https:\/\/www.facebook.com\/groups\/165217837022391\/?ref=bookmarks","https:\/\/www.instagram.com\/_ivinio_\/?hl=fr"]}]}},"jetpack_sharing_enabled":true,"_links":{"self":[{"href":"https:\/\/www.ivinio.com\/sv\/wp-json\/wp\/v2\/product\/118294","targetHints":{"allow":["GET"]}}],"collection":[{"href":"https:\/\/www.ivinio.com\/sv\/wp-json\/wp\/v2\/product"}],"about":[{"href":"https:\/\/www.ivinio.com\/sv\/wp-json\/wp\/v2\/types\/product"}],"replies":[{"embeddable":true,"href":"https:\/\/www.ivinio.com\/sv\/wp-json\/wp\/v2\/comments?post=118294"}],"wp:featuredmedia":[{"embeddable":true,"href":"https:\/\/www.ivinio.com\/sv\/wp-json\/wp\/v2\/media\/118295"}],"wp:attachment":[{"href":"https:\/\/www.ivinio.com\/sv\/wp-json\/wp\/v2\/media?parent=118294"}],"wp:term":[{"taxonomy":"product_brand","embeddable":true,"href":"https:\/\/www.ivinio.com\/sv\/wp-json\/wp\/v2\/product_brand?post=118294"},{"taxonomy":"product_cat","embeddable":true,"href":"https:\/\/www.ivinio.com\/sv\/wp-json\/wp\/v2\/product_cat?post=118294"},{"taxonomy":"product_tag","embeddable":true,"href":"https:\/\/www.ivinio.com\/sv\/wp-json\/wp\/v2\/product_tag?post=118294"}],"curies":[{"name":"wp","href":"https:\/\/api.w.org\/{rel}","templated":true}]}}