{"id":118178,"date":"2014-07-05T16:12:23","date_gmt":"2014-07-05T16:12:23","guid":{"rendered":"https:\/\/henrik.www.ivinio.com\/?product=cave-saint-desirat-st-joseph-cuvee-septentrio-2017-rod"},"modified":"2026-04-25T19:31:04","modified_gmt":"2026-04-25T17:31:04","slug":"cave-saint-desirat-st-joseph-cuvee-septentrio-2017-rod","status":"publish","type":"product","link":"https:\/\/www.ivinio.com\/sv\/produkt\/cave-saint-desirat-st-joseph-cuvee-septentrio-2017-rod\/","title":{"rendered":"Cave Saint D\u00e9sirat &#8211; St Joseph Cuv\u00e9e Septentrio &#8211; R\u00f6d"},"content":{"rendered":"<p>St Joseph Cuv\u00e9e Septentrio g\u00f6rs av 100% Syrahdruvor som vid kontrollerad perfekt mognad sk\u00f6rdas manuellt och l\u00e4ggs\u00a0i vinkassar\u00a0f\u00f6r att sedan\u00a0direkt f\u00f6ras till vink\u00e4llaren. Druvorna l\u00e5ts sedan macereras i 3-4 veckor innan j\u00e4sningen startar vid 30\/32\u00b0 temperatur. Den malolaktiska j\u00e4sningen f\u00f6ljer d\u00e4refter och det f\u00e4rdiga vinet f\u00f6rs \u00f6ver till st\u00e5linkl\u00e4dda betongtankar f\u00f6r att d\u00e4r lagras \u00f6ver vintern. Vinet klarnas naturligt under denna tid. Efter ett par m\u00e5nader f\u00f6rs vinet \u00f6ver p\u00e5 ekfat.<\/p>\n","protected":false},"excerpt":{"rendered":"<p>Cuv\u00e9e &#8220;Septentrio&#8221; fr\u00e5n appellationen St Joseph \u00e4r ett r\u00f6dvin gjort av 100% Syrahdruvor. Dofter av svart vinb\u00e4r och bj\u00f6rnb\u00e4r med inslag av vanilj och viss undervegetation.<\/p>\n","protected":false},"featured_media":118179,"comment_status":"open","ping_status":"closed","template":"","meta":{"_monsterinsights_skip_tracking":false,"_monsterinsights_sitenote_active":false,"_monsterinsights_sitenote_note":"","_monsterinsights_sitenote_category":0,"_uf_show_specific_survey":0,"_uf_disable_surveys":false},"product_brand":[],"product_cat":[36588,36621],"product_tag":[],"class_list":{"0":"post-118178","1":"product","2":"type-product","3":"status-publish","4":"has-post-thumbnail","6":"product_cat-franska-viner","7":"product_cat-sv-rhone-dalen","8":"pa_alcohol-degree-13-5-sv","9":"pa_awards-concours-international-des-vins-a-lyon-sv","10":"pa_awards-gilbert-gaillard","11":"pa_awards-guide-hachette-sv","12":"pa_awards-syrah-du-monde-sv","13":"pa_classification-aop-saint-joseph-sv","14":"pa_color-rouge","15":"pa_country-france","16":"pa_grape-variety-syrah-sv","17":"pa_region-vallee-du-rhone","18":"pa_storage-potential-12-ans","19":"pa_vintage-41365","20":"pa_volume-75-cl-sv","22":"first","23":"instock","24":"taxable","25":"shipping-taxable","26":"purchasable","27":"product-type-simple"},"bundled_by":[],"bundle_stock_status":"instock","bundle_stock_quantity":null,"bundle_virtual":false,"bundle_layout":"","bundle_add_to_cart_form_location":"","bundle_editable_in_cart":false,"bundle_sold_individually_context":"","bundle_item_grouping":"","bundle_min_size":"","bundle_max_size":"","bundle_price":[],"bundled_items":[],"bundle_sell_ids":[],"yoast_head":"<!-- This site is optimized with the Yoast SEO plugin v27.5 - https:\/\/yoast.com\/product\/yoast-seo-wordpress\/ -->\n<title>K\u00f6pa Cave Saint D\u00e9sirat - St Joseph Cuv\u00e9e Septentrio - IVINIO Vinbutik<\/title>\n<meta name=\"description\" content=\"K\u00f6pa Cave Saint D\u00e9sirat - St Joseph Cuv\u00e9e Septentrio. R\u00f6dvin 100% Syrah. Svarta vinb\u00e4r, bj\u00f6rnb\u00e4r, vanilj och undervegetation.\" \/>\n<meta name=\"robots\" content=\"index, follow, max-snippet:-1, max-image-preview:large, max-video-preview:-1\" \/>\n<link rel=\"canonical\" href=\"https:\/\/www.ivinio.com\/sv\/produkt\/cave-saint-desirat-st-joseph-cuvee-septentrio-2017-rod\/\" \/>\n<meta property=\"og:locale\" content=\"sv_SE\" \/>\n<meta property=\"og:type\" content=\"article\" \/>\n<meta property=\"og:title\" content=\"K\u00f6pa Cave Saint D\u00e9sirat - St Joseph Cuv\u00e9e Septentrio - IVINIO Vinbutik\" \/>\n<meta property=\"og:description\" content=\"K\u00f6pa Cave Saint D\u00e9sirat - St Joseph Cuv\u00e9e Septentrio. R\u00f6dvin 100% Syrah. Svarta vinb\u00e4r, bj\u00f6rnb\u00e4r, vanilj och undervegetation.\" \/>\n<meta property=\"og:url\" content=\"https:\/\/www.ivinio.com\/sv\/produkt\/cave-saint-desirat-st-joseph-cuvee-septentrio-2017-rod\/\" \/>\n<meta property=\"og:site_name\" content=\"IVINIO Vinbutik\" \/>\n<meta property=\"article:publisher\" content=\"https:\/\/www.facebook.com\/groups\/165217837022391\/?ref=bookmarks\" \/>\n<meta property=\"article:modified_time\" content=\"2026-04-25T17:31:04+00:00\" \/>\n<meta property=\"og:image\" content=\"https:\/\/www.ivinio.com\/wp-content\/uploads\/nc\/public\/modules\/file\/pictures\/4685.saintdesiratseptentrio500x5.jpg\" \/>\n\t<meta property=\"og:image:width\" content=\"500\" \/>\n\t<meta property=\"og:image:height\" content=\"500\" \/>\n\t<meta property=\"og:image:type\" content=\"image\/jpeg\" \/>\n<meta name=\"twitter:card\" content=\"summary_large_image\" \/>\n<meta name=\"twitter:label1\" content=\"Ber\u00e4knad l\u00e4stid\" \/>\n\t<meta name=\"twitter:data1\" content=\"1 minut\" \/>\n<script type=\"application\/ld+json\" class=\"yoast-schema-graph\">{\"@context\":\"https:\\\/\\\/schema.org\",\"@graph\":[{\"@type\":\"WebPage\",\"@id\":\"https:\\\/\\\/www.ivinio.com\\\/sv\\\/produkt\\\/cave-saint-desirat-st-joseph-cuvee-septentrio-2017-rod\\\/\",\"url\":\"https:\\\/\\\/www.ivinio.com\\\/sv\\\/produkt\\\/cave-saint-desirat-st-joseph-cuvee-septentrio-2017-rod\\\/\",\"name\":\"K\u00f6pa Cave Saint D\u00e9sirat - St Joseph Cuv\u00e9e Septentrio - IVINIO Vinbutik\",\"isPartOf\":{\"@id\":\"https:\\\/\\\/www.ivinio.com\\\/sv\\\/#website\"},\"primaryImageOfPage\":{\"@id\":\"https:\\\/\\\/www.ivinio.com\\\/sv\\\/produkt\\\/cave-saint-desirat-st-joseph-cuvee-septentrio-2017-rod\\\/#primaryimage\"},\"image\":{\"@id\":\"https:\\\/\\\/www.ivinio.com\\\/sv\\\/produkt\\\/cave-saint-desirat-st-joseph-cuvee-septentrio-2017-rod\\\/#primaryimage\"},\"thumbnailUrl\":\"https:\\\/\\\/www.ivinio.com\\\/wp-content\\\/uploads\\\/nc\\\/public\\\/modules\\\/file\\\/pictures\\\/4685.saintdesiratseptentrio500x5.jpg\",\"datePublished\":\"2014-07-05T16:12:23+00:00\",\"dateModified\":\"2026-04-25T17:31:04+00:00\",\"description\":\"K\u00f6pa Cave Saint D\u00e9sirat - St Joseph Cuv\u00e9e Septentrio. R\u00f6dvin 100% Syrah. Svarta vinb\u00e4r, bj\u00f6rnb\u00e4r, vanilj och undervegetation.\",\"breadcrumb\":{\"@id\":\"https:\\\/\\\/www.ivinio.com\\\/sv\\\/produkt\\\/cave-saint-desirat-st-joseph-cuvee-septentrio-2017-rod\\\/#breadcrumb\"},\"inLanguage\":\"sv-SE\",\"potentialAction\":[{\"@type\":\"ReadAction\",\"target\":[\"https:\\\/\\\/www.ivinio.com\\\/sv\\\/produkt\\\/cave-saint-desirat-st-joseph-cuvee-septentrio-2017-rod\\\/\"]}]},{\"@type\":\"ImageObject\",\"inLanguage\":\"sv-SE\",\"@id\":\"https:\\\/\\\/www.ivinio.com\\\/sv\\\/produkt\\\/cave-saint-desirat-st-joseph-cuvee-septentrio-2017-rod\\\/#primaryimage\",\"url\":\"https:\\\/\\\/www.ivinio.com\\\/wp-content\\\/uploads\\\/nc\\\/public\\\/modules\\\/file\\\/pictures\\\/4685.saintdesiratseptentrio500x5.jpg\",\"contentUrl\":\"https:\\\/\\\/www.ivinio.com\\\/wp-content\\\/uploads\\\/nc\\\/public\\\/modules\\\/file\\\/pictures\\\/4685.saintdesiratseptentrio500x5.jpg\",\"width\":500,\"height\":500},{\"@type\":\"BreadcrumbList\",\"@id\":\"https:\\\/\\\/www.ivinio.com\\\/sv\\\/produkt\\\/cave-saint-desirat-st-joseph-cuvee-septentrio-2017-rod\\\/#breadcrumb\",\"itemListElement\":[{\"@type\":\"ListItem\",\"position\":1,\"name\":\"Hem\",\"item\":\"https:\\\/\\\/www.ivinio.com\\\/sv\\\/\"},{\"@type\":\"ListItem\",\"position\":2,\"name\":\"Vinbutik\",\"item\":\"https:\\\/\\\/www.ivinio.com\\\/sv\\\/vinbutik\\\/\"},{\"@type\":\"ListItem\",\"position\":3,\"name\":\"Cave Saint D\u00e9sirat &#8211; St Joseph Cuv\u00e9e Septentrio &#8211; R\u00f6d\"}]},{\"@type\":\"WebSite\",\"@id\":\"https:\\\/\\\/www.ivinio.com\\\/sv\\\/#website\",\"url\":\"https:\\\/\\\/www.ivinio.com\\\/sv\\\/\",\"name\":\"IVINIO Vinbutik\",\"description\":\"Vin fr\u00e5n Frankrike och Italien med leverans hem till din d\u00f6rr\",\"publisher\":{\"@id\":\"https:\\\/\\\/www.ivinio.com\\\/sv\\\/#organization\"},\"potentialAction\":[{\"@type\":\"SearchAction\",\"target\":{\"@type\":\"EntryPoint\",\"urlTemplate\":\"https:\\\/\\\/www.ivinio.com\\\/sv\\\/?s={search_term_string}\"},\"query-input\":{\"@type\":\"PropertyValueSpecification\",\"valueRequired\":true,\"valueName\":\"search_term_string\"}}],\"inLanguage\":\"sv-SE\"},{\"@type\":\"Organization\",\"@id\":\"https:\\\/\\\/www.ivinio.com\\\/sv\\\/#organization\",\"name\":\"IVINIO\",\"url\":\"https:\\\/\\\/www.ivinio.com\\\/sv\\\/\",\"logo\":{\"@type\":\"ImageObject\",\"inLanguage\":\"sv-SE\",\"@id\":\"https:\\\/\\\/www.ivinio.com\\\/sv\\\/#\\\/schema\\\/logo\\\/image\\\/\",\"url\":\"https:\\\/\\\/www.ivinio.com\\\/wp-content\\\/uploads\\\/2021\\\/01\\\/Logo-Ivinio-v2.jpg\",\"contentUrl\":\"https:\\\/\\\/www.ivinio.com\\\/wp-content\\\/uploads\\\/2021\\\/01\\\/Logo-Ivinio-v2.jpg\",\"width\":1194,\"height\":1194,\"caption\":\"IVINIO\"},\"image\":{\"@id\":\"https:\\\/\\\/www.ivinio.com\\\/sv\\\/#\\\/schema\\\/logo\\\/image\\\/\"},\"sameAs\":[\"https:\\\/\\\/www.facebook.com\\\/groups\\\/165217837022391\\\/?ref=bookmarks\",\"https:\\\/\\\/www.instagram.com\\\/_ivinio_\\\/?hl=fr\"]}]}<\/script>\n<!-- \/ Yoast SEO plugin. -->","yoast_head_json":{"title":"K\u00f6pa Cave Saint D\u00e9sirat - St Joseph Cuv\u00e9e Septentrio - IVINIO Vinbutik","description":"K\u00f6pa Cave Saint D\u00e9sirat - St Joseph Cuv\u00e9e Septentrio. R\u00f6dvin 100% Syrah. Svarta vinb\u00e4r, bj\u00f6rnb\u00e4r, vanilj och undervegetation.","robots":{"index":"index","follow":"follow","max-snippet":"max-snippet:-1","max-image-preview":"max-image-preview:large","max-video-preview":"max-video-preview:-1"},"canonical":"https:\/\/www.ivinio.com\/sv\/produkt\/cave-saint-desirat-st-joseph-cuvee-septentrio-2017-rod\/","og_locale":"sv_SE","og_type":"article","og_title":"K\u00f6pa Cave Saint D\u00e9sirat - St Joseph Cuv\u00e9e Septentrio - IVINIO Vinbutik","og_description":"K\u00f6pa Cave Saint D\u00e9sirat - St Joseph Cuv\u00e9e Septentrio. R\u00f6dvin 100% Syrah. Svarta vinb\u00e4r, bj\u00f6rnb\u00e4r, vanilj och undervegetation.","og_url":"https:\/\/www.ivinio.com\/sv\/produkt\/cave-saint-desirat-st-joseph-cuvee-septentrio-2017-rod\/","og_site_name":"IVINIO Vinbutik","article_publisher":"https:\/\/www.facebook.com\/groups\/165217837022391\/?ref=bookmarks","article_modified_time":"2026-04-25T17:31:04+00:00","og_image":[{"width":500,"height":500,"url":"https:\/\/www.ivinio.com\/wp-content\/uploads\/nc\/public\/modules\/file\/pictures\/4685.saintdesiratseptentrio500x5.jpg","type":"image\/jpeg"}],"twitter_card":"summary_large_image","twitter_misc":{"Ber\u00e4knad l\u00e4stid":"1 minut"},"schema":{"@context":"https:\/\/schema.org","@graph":[{"@type":"WebPage","@id":"https:\/\/www.ivinio.com\/sv\/produkt\/cave-saint-desirat-st-joseph-cuvee-septentrio-2017-rod\/","url":"https:\/\/www.ivinio.com\/sv\/produkt\/cave-saint-desirat-st-joseph-cuvee-septentrio-2017-rod\/","name":"K\u00f6pa Cave Saint D\u00e9sirat - St Joseph Cuv\u00e9e Septentrio - IVINIO Vinbutik","isPartOf":{"@id":"https:\/\/www.ivinio.com\/sv\/#website"},"primaryImageOfPage":{"@id":"https:\/\/www.ivinio.com\/sv\/produkt\/cave-saint-desirat-st-joseph-cuvee-septentrio-2017-rod\/#primaryimage"},"image":{"@id":"https:\/\/www.ivinio.com\/sv\/produkt\/cave-saint-desirat-st-joseph-cuvee-septentrio-2017-rod\/#primaryimage"},"thumbnailUrl":"https:\/\/www.ivinio.com\/wp-content\/uploads\/nc\/public\/modules\/file\/pictures\/4685.saintdesiratseptentrio500x5.jpg","datePublished":"2014-07-05T16:12:23+00:00","dateModified":"2026-04-25T17:31:04+00:00","description":"K\u00f6pa Cave Saint D\u00e9sirat - St Joseph Cuv\u00e9e Septentrio. R\u00f6dvin 100% Syrah. Svarta vinb\u00e4r, bj\u00f6rnb\u00e4r, vanilj och undervegetation.","breadcrumb":{"@id":"https:\/\/www.ivinio.com\/sv\/produkt\/cave-saint-desirat-st-joseph-cuvee-septentrio-2017-rod\/#breadcrumb"},"inLanguage":"sv-SE","potentialAction":[{"@type":"ReadAction","target":["https:\/\/www.ivinio.com\/sv\/produkt\/cave-saint-desirat-st-joseph-cuvee-septentrio-2017-rod\/"]}]},{"@type":"ImageObject","inLanguage":"sv-SE","@id":"https:\/\/www.ivinio.com\/sv\/produkt\/cave-saint-desirat-st-joseph-cuvee-septentrio-2017-rod\/#primaryimage","url":"https:\/\/www.ivinio.com\/wp-content\/uploads\/nc\/public\/modules\/file\/pictures\/4685.saintdesiratseptentrio500x5.jpg","contentUrl":"https:\/\/www.ivinio.com\/wp-content\/uploads\/nc\/public\/modules\/file\/pictures\/4685.saintdesiratseptentrio500x5.jpg","width":500,"height":500},{"@type":"BreadcrumbList","@id":"https:\/\/www.ivinio.com\/sv\/produkt\/cave-saint-desirat-st-joseph-cuvee-septentrio-2017-rod\/#breadcrumb","itemListElement":[{"@type":"ListItem","position":1,"name":"Hem","item":"https:\/\/www.ivinio.com\/sv\/"},{"@type":"ListItem","position":2,"name":"Vinbutik","item":"https:\/\/www.ivinio.com\/sv\/vinbutik\/"},{"@type":"ListItem","position":3,"name":"Cave Saint D\u00e9sirat &#8211; St Joseph Cuv\u00e9e Septentrio &#8211; R\u00f6d"}]},{"@type":"WebSite","@id":"https:\/\/www.ivinio.com\/sv\/#website","url":"https:\/\/www.ivinio.com\/sv\/","name":"IVINIO Vinbutik","description":"Vin fr\u00e5n Frankrike och Italien med leverans hem till din d\u00f6rr","publisher":{"@id":"https:\/\/www.ivinio.com\/sv\/#organization"},"potentialAction":[{"@type":"SearchAction","target":{"@type":"EntryPoint","urlTemplate":"https:\/\/www.ivinio.com\/sv\/?s={search_term_string}"},"query-input":{"@type":"PropertyValueSpecification","valueRequired":true,"valueName":"search_term_string"}}],"inLanguage":"sv-SE"},{"@type":"Organization","@id":"https:\/\/www.ivinio.com\/sv\/#organization","name":"IVINIO","url":"https:\/\/www.ivinio.com\/sv\/","logo":{"@type":"ImageObject","inLanguage":"sv-SE","@id":"https:\/\/www.ivinio.com\/sv\/#\/schema\/logo\/image\/","url":"https:\/\/www.ivinio.com\/wp-content\/uploads\/2021\/01\/Logo-Ivinio-v2.jpg","contentUrl":"https:\/\/www.ivinio.com\/wp-content\/uploads\/2021\/01\/Logo-Ivinio-v2.jpg","width":1194,"height":1194,"caption":"IVINIO"},"image":{"@id":"https:\/\/www.ivinio.com\/sv\/#\/schema\/logo\/image\/"},"sameAs":["https:\/\/www.facebook.com\/groups\/165217837022391\/?ref=bookmarks","https:\/\/www.instagram.com\/_ivinio_\/?hl=fr"]}]}},"jetpack_sharing_enabled":true,"_links":{"self":[{"href":"https:\/\/www.ivinio.com\/sv\/wp-json\/wp\/v2\/product\/118178","targetHints":{"allow":["GET"]}}],"collection":[{"href":"https:\/\/www.ivinio.com\/sv\/wp-json\/wp\/v2\/product"}],"about":[{"href":"https:\/\/www.ivinio.com\/sv\/wp-json\/wp\/v2\/types\/product"}],"replies":[{"embeddable":true,"href":"https:\/\/www.ivinio.com\/sv\/wp-json\/wp\/v2\/comments?post=118178"}],"wp:featuredmedia":[{"embeddable":true,"href":"https:\/\/www.ivinio.com\/sv\/wp-json\/wp\/v2\/media\/118179"}],"wp:attachment":[{"href":"https:\/\/www.ivinio.com\/sv\/wp-json\/wp\/v2\/media?parent=118178"}],"wp:term":[{"taxonomy":"product_brand","embeddable":true,"href":"https:\/\/www.ivinio.com\/sv\/wp-json\/wp\/v2\/product_brand?post=118178"},{"taxonomy":"product_cat","embeddable":true,"href":"https:\/\/www.ivinio.com\/sv\/wp-json\/wp\/v2\/product_cat?post=118178"},{"taxonomy":"product_tag","embeddable":true,"href":"https:\/\/www.ivinio.com\/sv\/wp-json\/wp\/v2\/product_tag?post=118178"}],"curies":[{"name":"wp","href":"https:\/\/api.w.org\/{rel}","templated":true}]}}