{"id":118167,"date":"2014-07-04T17:31:31","date_gmt":"2014-07-04T17:31:31","guid":{"rendered":"https:\/\/henrik.www.ivinio.com\/?product=chateau-de-belleverne-le-bois-de-chat-julienas-vieilles-vignes-2017-rod"},"modified":"2023-01-07T19:45:21","modified_gmt":"2023-01-07T18:45:21","slug":"chateau-de-belleverne-le-bois-de-chat-julienas-vieilles-vignes-rod","status":"publish","type":"product","link":"https:\/\/www.ivinio.com\/sv\/produkt\/chateau-de-belleverne-le-bois-de-chat-julienas-vieilles-vignes-rod\/","title":{"rendered":"Ch\u00e2teau de Belleverne &#8211; Juli\u00e9nas &#8211; Le bois de chat &#8211; Vieilles Vignes &#8211; R\u00f6d"},"content":{"rendered":"<p>Juli\u00e9nas &#8220;Vieilles Vignes&#8221; framst\u00e4lls av 100% Gamaydruvor fr\u00e5n \u00e4ldre vinrankor vilket ger en bra koncentration till vinet. Druvorna handplockas och och vinifieringen sker p\u00e5 klassiskt vis. Vinet har lagrats p\u00e5 st\u00e5ltank f\u00f6r att framh\u00e4va de fruktiga aromerna av r\u00f6da b\u00e4r. Jordbruket sker utan kemiska bek\u00e4mpningsmedel.<\/p>\n","protected":false},"excerpt":{"rendered":"<p>Juli\u00e9nas Vieilles vignes fr\u00e5n Ch\u00e2teau de Belleverne \u00e4r en r\u00f6d &#8220;Cru&#8221; fr\u00e5n Beaujolaisdistriktet. En typisk Juli\u00e9nas med mycket frukt med blommiga och kryddiga inslag. Passar till all typ av charkuterier eller till l\u00e4ttare kalla m\u00e5ltider.<\/p>\n","protected":false},"featured_media":118168,"comment_status":"open","ping_status":"closed","template":"","meta":{"_monsterinsights_skip_tracking":false,"_monsterinsights_sitenote_active":false,"_monsterinsights_sitenote_note":"","_monsterinsights_sitenote_category":0,"_uf_show_specific_survey":0,"_uf_disable_surveys":false},"product_brand":[],"product_cat":[36616,36586],"product_tag":[],"class_list":{"0":"post-118167","1":"product","2":"type-product","3":"status-publish","4":"has-post-thumbnail","6":"product_cat-fr-beaujolais","7":"product_cat-vins-francais","8":"pa_alcohol-degree-13-fr","9":"pa_awards-concours-de-grands-vins-de-france-macon-fr","10":"pa_classification-aop-julienas-fr","11":"pa_color-rouge-fr","12":"pa_country-france-fr","13":"pa_grape-variety-gamay-fr","14":"pa_region-beaujolais-fr","15":"pa_storage-potential-7-ans","16":"pa_vintage-2020-fr","17":"pa_volume-75-cl-fr","19":"first","20":"instock","21":"taxable","22":"shipping-taxable","23":"purchasable","24":"product-type-simple"},"bundled_by":["119310"],"bundle_stock_status":"instock","bundle_stock_quantity":null,"bundle_virtual":false,"bundle_layout":"","bundle_add_to_cart_form_location":"","bundle_editable_in_cart":false,"bundle_sold_individually_context":"","bundle_item_grouping":"","bundle_min_size":"","bundle_max_size":"","bundle_price":[],"bundled_items":[],"bundle_sell_ids":[],"yoast_head":"<!-- This site is optimized with the Yoast SEO plugin v27.5 - https:\/\/yoast.com\/product\/yoast-seo-wordpress\/ -->\n<title>Ch\u00e2teau de Belleverne - Juli\u00e9nas - Le bois de chat - R\u00f6dvin<\/title>\n<meta name=\"description\" content=\"Ch\u00e2teau de Belleverne - Juli\u00e9nas - Le bois de chat - Vieilles vignes - R\u00f6dvin. En typisk Juli\u00e9nas med mycket frukt med blommiga och kryddiga inslag.\" \/>\n<meta name=\"robots\" content=\"index, follow, max-snippet:-1, max-image-preview:large, max-video-preview:-1\" \/>\n<link rel=\"canonical\" href=\"https:\/\/www.ivinio.com\/sv\/produkt\/chateau-de-belleverne-le-bois-de-chat-julienas-vieilles-vignes-rod\/\" \/>\n<meta property=\"og:locale\" content=\"sv_SE\" \/>\n<meta property=\"og:type\" content=\"article\" \/>\n<meta property=\"og:title\" content=\"Ch\u00e2teau de Belleverne - Juli\u00e9nas - Le bois de chat - R\u00f6dvin\" \/>\n<meta property=\"og:description\" content=\"Ch\u00e2teau de Belleverne - Juli\u00e9nas - Le bois de chat - Vieilles vignes - R\u00f6dvin. En typisk Juli\u00e9nas med mycket frukt med blommiga och kryddiga inslag.\" \/>\n<meta property=\"og:url\" content=\"https:\/\/www.ivinio.com\/sv\/produkt\/chateau-de-belleverne-le-bois-de-chat-julienas-vieilles-vignes-rod\/\" \/>\n<meta property=\"og:site_name\" content=\"IVINIO Vinbutik\" \/>\n<meta property=\"article:publisher\" content=\"https:\/\/www.facebook.com\/groups\/165217837022391\/?ref=bookmarks\" \/>\n<meta property=\"article:modified_time\" content=\"2023-01-07T18:45:21+00:00\" \/>\n<meta property=\"og:image\" content=\"https:\/\/www.ivinio.com\/wp-content\/uploads\/nc\/public\/modules\/file\/pictures\/5477.chateau-belleverne-Juli-nas-ivinio.jpg\" \/>\n\t<meta property=\"og:image:width\" content=\"500\" \/>\n\t<meta property=\"og:image:height\" content=\"500\" \/>\n\t<meta property=\"og:image:type\" content=\"image\/jpeg\" \/>\n<meta name=\"twitter:card\" content=\"summary_large_image\" \/>\n<script type=\"application\/ld+json\" class=\"yoast-schema-graph\">{\"@context\":\"https:\\\/\\\/schema.org\",\"@graph\":[{\"@type\":\"WebPage\",\"@id\":\"https:\\\/\\\/www.ivinio.com\\\/sv\\\/produkt\\\/chateau-de-belleverne-le-bois-de-chat-julienas-vieilles-vignes-rod\\\/\",\"url\":\"https:\\\/\\\/www.ivinio.com\\\/sv\\\/produkt\\\/chateau-de-belleverne-le-bois-de-chat-julienas-vieilles-vignes-rod\\\/\",\"name\":\"Ch\u00e2teau de Belleverne - Juli\u00e9nas - Le bois de chat - R\u00f6dvin\",\"isPartOf\":{\"@id\":\"https:\\\/\\\/www.ivinio.com\\\/sv\\\/#website\"},\"primaryImageOfPage\":{\"@id\":\"https:\\\/\\\/www.ivinio.com\\\/sv\\\/produkt\\\/chateau-de-belleverne-le-bois-de-chat-julienas-vieilles-vignes-rod\\\/#primaryimage\"},\"image\":{\"@id\":\"https:\\\/\\\/www.ivinio.com\\\/sv\\\/produkt\\\/chateau-de-belleverne-le-bois-de-chat-julienas-vieilles-vignes-rod\\\/#primaryimage\"},\"thumbnailUrl\":\"https:\\\/\\\/www.ivinio.com\\\/wp-content\\\/uploads\\\/nc\\\/public\\\/modules\\\/file\\\/pictures\\\/5477.chateau-belleverne-Juli-nas-ivinio.jpg\",\"datePublished\":\"2014-07-04T17:31:31+00:00\",\"dateModified\":\"2023-01-07T18:45:21+00:00\",\"description\":\"Ch\u00e2teau de Belleverne - Juli\u00e9nas - Le bois de chat - Vieilles vignes - R\u00f6dvin. En typisk Juli\u00e9nas med mycket frukt med blommiga och kryddiga inslag.\",\"breadcrumb\":{\"@id\":\"https:\\\/\\\/www.ivinio.com\\\/sv\\\/produkt\\\/chateau-de-belleverne-le-bois-de-chat-julienas-vieilles-vignes-rod\\\/#breadcrumb\"},\"inLanguage\":\"sv-SE\",\"potentialAction\":[{\"@type\":\"ReadAction\",\"target\":[\"https:\\\/\\\/www.ivinio.com\\\/sv\\\/produkt\\\/chateau-de-belleverne-le-bois-de-chat-julienas-vieilles-vignes-rod\\\/\"]}]},{\"@type\":\"ImageObject\",\"inLanguage\":\"sv-SE\",\"@id\":\"https:\\\/\\\/www.ivinio.com\\\/sv\\\/produkt\\\/chateau-de-belleverne-le-bois-de-chat-julienas-vieilles-vignes-rod\\\/#primaryimage\",\"url\":\"https:\\\/\\\/www.ivinio.com\\\/wp-content\\\/uploads\\\/nc\\\/public\\\/modules\\\/file\\\/pictures\\\/5477.chateau-belleverne-Juli-nas-ivinio.jpg\",\"contentUrl\":\"https:\\\/\\\/www.ivinio.com\\\/wp-content\\\/uploads\\\/nc\\\/public\\\/modules\\\/file\\\/pictures\\\/5477.chateau-belleverne-Juli-nas-ivinio.jpg\",\"width\":500,\"height\":500,\"caption\":\"Ch\u00e2teau de Belleverne - Le bois de chat - Juli\u00e9nas Vieilles Vignes\"},{\"@type\":\"BreadcrumbList\",\"@id\":\"https:\\\/\\\/www.ivinio.com\\\/sv\\\/produkt\\\/chateau-de-belleverne-le-bois-de-chat-julienas-vieilles-vignes-rod\\\/#breadcrumb\",\"itemListElement\":[{\"@type\":\"ListItem\",\"position\":1,\"name\":\"Hem\",\"item\":\"https:\\\/\\\/www.ivinio.com\\\/sv\\\/\"},{\"@type\":\"ListItem\",\"position\":2,\"name\":\"Vinbutik\",\"item\":\"https:\\\/\\\/www.ivinio.com\\\/sv\\\/vinbutik\\\/\"},{\"@type\":\"ListItem\",\"position\":3,\"name\":\"Ch\u00e2teau de Belleverne &#8211; Juli\u00e9nas &#8211; Le bois de chat &#8211; Vieilles Vignes &#8211; R\u00f6d\"}]},{\"@type\":\"WebSite\",\"@id\":\"https:\\\/\\\/www.ivinio.com\\\/sv\\\/#website\",\"url\":\"https:\\\/\\\/www.ivinio.com\\\/sv\\\/\",\"name\":\"IVINIO Vinbutik\",\"description\":\"Vin fr\u00e5n Frankrike och Italien med leverans hem till din d\u00f6rr\",\"publisher\":{\"@id\":\"https:\\\/\\\/www.ivinio.com\\\/sv\\\/#organization\"},\"potentialAction\":[{\"@type\":\"SearchAction\",\"target\":{\"@type\":\"EntryPoint\",\"urlTemplate\":\"https:\\\/\\\/www.ivinio.com\\\/sv\\\/?s={search_term_string}\"},\"query-input\":{\"@type\":\"PropertyValueSpecification\",\"valueRequired\":true,\"valueName\":\"search_term_string\"}}],\"inLanguage\":\"sv-SE\"},{\"@type\":\"Organization\",\"@id\":\"https:\\\/\\\/www.ivinio.com\\\/sv\\\/#organization\",\"name\":\"IVINIO\",\"url\":\"https:\\\/\\\/www.ivinio.com\\\/sv\\\/\",\"logo\":{\"@type\":\"ImageObject\",\"inLanguage\":\"sv-SE\",\"@id\":\"https:\\\/\\\/www.ivinio.com\\\/sv\\\/#\\\/schema\\\/logo\\\/image\\\/\",\"url\":\"https:\\\/\\\/www.ivinio.com\\\/wp-content\\\/uploads\\\/2021\\\/01\\\/Logo-Ivinio-v2.jpg\",\"contentUrl\":\"https:\\\/\\\/www.ivinio.com\\\/wp-content\\\/uploads\\\/2021\\\/01\\\/Logo-Ivinio-v2.jpg\",\"width\":1194,\"height\":1194,\"caption\":\"IVINIO\"},\"image\":{\"@id\":\"https:\\\/\\\/www.ivinio.com\\\/sv\\\/#\\\/schema\\\/logo\\\/image\\\/\"},\"sameAs\":[\"https:\\\/\\\/www.facebook.com\\\/groups\\\/165217837022391\\\/?ref=bookmarks\",\"https:\\\/\\\/www.instagram.com\\\/_ivinio_\\\/?hl=fr\"]}]}<\/script>\n<!-- \/ Yoast SEO plugin. -->","yoast_head_json":{"title":"Ch\u00e2teau de Belleverne - Juli\u00e9nas - Le bois de chat - R\u00f6dvin","description":"Ch\u00e2teau de Belleverne - Juli\u00e9nas - Le bois de chat - Vieilles vignes - R\u00f6dvin. En typisk Juli\u00e9nas med mycket frukt med blommiga och kryddiga inslag.","robots":{"index":"index","follow":"follow","max-snippet":"max-snippet:-1","max-image-preview":"max-image-preview:large","max-video-preview":"max-video-preview:-1"},"canonical":"https:\/\/www.ivinio.com\/sv\/produkt\/chateau-de-belleverne-le-bois-de-chat-julienas-vieilles-vignes-rod\/","og_locale":"sv_SE","og_type":"article","og_title":"Ch\u00e2teau de Belleverne - Juli\u00e9nas - Le bois de chat - R\u00f6dvin","og_description":"Ch\u00e2teau de Belleverne - Juli\u00e9nas - Le bois de chat - Vieilles vignes - R\u00f6dvin. En typisk Juli\u00e9nas med mycket frukt med blommiga och kryddiga inslag.","og_url":"https:\/\/www.ivinio.com\/sv\/produkt\/chateau-de-belleverne-le-bois-de-chat-julienas-vieilles-vignes-rod\/","og_site_name":"IVINIO Vinbutik","article_publisher":"https:\/\/www.facebook.com\/groups\/165217837022391\/?ref=bookmarks","article_modified_time":"2023-01-07T18:45:21+00:00","og_image":[{"width":500,"height":500,"url":"https:\/\/www.ivinio.com\/wp-content\/uploads\/nc\/public\/modules\/file\/pictures\/5477.chateau-belleverne-Juli-nas-ivinio.jpg","type":"image\/jpeg"}],"twitter_card":"summary_large_image","schema":{"@context":"https:\/\/schema.org","@graph":[{"@type":"WebPage","@id":"https:\/\/www.ivinio.com\/sv\/produkt\/chateau-de-belleverne-le-bois-de-chat-julienas-vieilles-vignes-rod\/","url":"https:\/\/www.ivinio.com\/sv\/produkt\/chateau-de-belleverne-le-bois-de-chat-julienas-vieilles-vignes-rod\/","name":"Ch\u00e2teau de Belleverne - Juli\u00e9nas - Le bois de chat - R\u00f6dvin","isPartOf":{"@id":"https:\/\/www.ivinio.com\/sv\/#website"},"primaryImageOfPage":{"@id":"https:\/\/www.ivinio.com\/sv\/produkt\/chateau-de-belleverne-le-bois-de-chat-julienas-vieilles-vignes-rod\/#primaryimage"},"image":{"@id":"https:\/\/www.ivinio.com\/sv\/produkt\/chateau-de-belleverne-le-bois-de-chat-julienas-vieilles-vignes-rod\/#primaryimage"},"thumbnailUrl":"https:\/\/www.ivinio.com\/wp-content\/uploads\/nc\/public\/modules\/file\/pictures\/5477.chateau-belleverne-Juli-nas-ivinio.jpg","datePublished":"2014-07-04T17:31:31+00:00","dateModified":"2023-01-07T18:45:21+00:00","description":"Ch\u00e2teau de Belleverne - Juli\u00e9nas - Le bois de chat - Vieilles vignes - R\u00f6dvin. En typisk Juli\u00e9nas med mycket frukt med blommiga och kryddiga inslag.","breadcrumb":{"@id":"https:\/\/www.ivinio.com\/sv\/produkt\/chateau-de-belleverne-le-bois-de-chat-julienas-vieilles-vignes-rod\/#breadcrumb"},"inLanguage":"sv-SE","potentialAction":[{"@type":"ReadAction","target":["https:\/\/www.ivinio.com\/sv\/produkt\/chateau-de-belleverne-le-bois-de-chat-julienas-vieilles-vignes-rod\/"]}]},{"@type":"ImageObject","inLanguage":"sv-SE","@id":"https:\/\/www.ivinio.com\/sv\/produkt\/chateau-de-belleverne-le-bois-de-chat-julienas-vieilles-vignes-rod\/#primaryimage","url":"https:\/\/www.ivinio.com\/wp-content\/uploads\/nc\/public\/modules\/file\/pictures\/5477.chateau-belleverne-Juli-nas-ivinio.jpg","contentUrl":"https:\/\/www.ivinio.com\/wp-content\/uploads\/nc\/public\/modules\/file\/pictures\/5477.chateau-belleverne-Juli-nas-ivinio.jpg","width":500,"height":500,"caption":"Ch\u00e2teau de Belleverne - Le bois de chat - Juli\u00e9nas Vieilles Vignes"},{"@type":"BreadcrumbList","@id":"https:\/\/www.ivinio.com\/sv\/produkt\/chateau-de-belleverne-le-bois-de-chat-julienas-vieilles-vignes-rod\/#breadcrumb","itemListElement":[{"@type":"ListItem","position":1,"name":"Hem","item":"https:\/\/www.ivinio.com\/sv\/"},{"@type":"ListItem","position":2,"name":"Vinbutik","item":"https:\/\/www.ivinio.com\/sv\/vinbutik\/"},{"@type":"ListItem","position":3,"name":"Ch\u00e2teau de Belleverne &#8211; Juli\u00e9nas &#8211; Le bois de chat &#8211; Vieilles Vignes &#8211; R\u00f6d"}]},{"@type":"WebSite","@id":"https:\/\/www.ivinio.com\/sv\/#website","url":"https:\/\/www.ivinio.com\/sv\/","name":"IVINIO Vinbutik","description":"Vin fr\u00e5n Frankrike och Italien med leverans hem till din d\u00f6rr","publisher":{"@id":"https:\/\/www.ivinio.com\/sv\/#organization"},"potentialAction":[{"@type":"SearchAction","target":{"@type":"EntryPoint","urlTemplate":"https:\/\/www.ivinio.com\/sv\/?s={search_term_string}"},"query-input":{"@type":"PropertyValueSpecification","valueRequired":true,"valueName":"search_term_string"}}],"inLanguage":"sv-SE"},{"@type":"Organization","@id":"https:\/\/www.ivinio.com\/sv\/#organization","name":"IVINIO","url":"https:\/\/www.ivinio.com\/sv\/","logo":{"@type":"ImageObject","inLanguage":"sv-SE","@id":"https:\/\/www.ivinio.com\/sv\/#\/schema\/logo\/image\/","url":"https:\/\/www.ivinio.com\/wp-content\/uploads\/2021\/01\/Logo-Ivinio-v2.jpg","contentUrl":"https:\/\/www.ivinio.com\/wp-content\/uploads\/2021\/01\/Logo-Ivinio-v2.jpg","width":1194,"height":1194,"caption":"IVINIO"},"image":{"@id":"https:\/\/www.ivinio.com\/sv\/#\/schema\/logo\/image\/"},"sameAs":["https:\/\/www.facebook.com\/groups\/165217837022391\/?ref=bookmarks","https:\/\/www.instagram.com\/_ivinio_\/?hl=fr"]}]}},"jetpack_sharing_enabled":true,"_links":{"self":[{"href":"https:\/\/www.ivinio.com\/sv\/wp-json\/wp\/v2\/product\/118167","targetHints":{"allow":["GET"]}}],"collection":[{"href":"https:\/\/www.ivinio.com\/sv\/wp-json\/wp\/v2\/product"}],"about":[{"href":"https:\/\/www.ivinio.com\/sv\/wp-json\/wp\/v2\/types\/product"}],"replies":[{"embeddable":true,"href":"https:\/\/www.ivinio.com\/sv\/wp-json\/wp\/v2\/comments?post=118167"}],"wp:featuredmedia":[{"embeddable":true,"href":"https:\/\/www.ivinio.com\/sv\/wp-json\/wp\/v2\/media\/118168"}],"wp:attachment":[{"href":"https:\/\/www.ivinio.com\/sv\/wp-json\/wp\/v2\/media?parent=118167"}],"wp:term":[{"taxonomy":"product_brand","embeddable":true,"href":"https:\/\/www.ivinio.com\/sv\/wp-json\/wp\/v2\/product_brand?post=118167"},{"taxonomy":"product_cat","embeddable":true,"href":"https:\/\/www.ivinio.com\/sv\/wp-json\/wp\/v2\/product_cat?post=118167"},{"taxonomy":"product_tag","embeddable":true,"href":"https:\/\/www.ivinio.com\/sv\/wp-json\/wp\/v2\/product_tag?post=118167"}],"curies":[{"name":"wp","href":"https:\/\/api.w.org\/{rel}","templated":true}]}}