{"id":118096,"date":"2014-07-02T20:47:46","date_gmt":"2014-07-02T18:47:46","guid":{"rendered":"https:\/\/henrik.www.ivinio.com\/?product=anne-gros-jean-paul-tollot-la-50-50-rod"},"modified":"2026-01-20T19:37:27","modified_gmt":"2026-01-20T18:37:27","slug":"anne-gros-jean-paul-tollot-la-50-50-rod","status":"publish","type":"product","link":"https:\/\/www.ivinio.com\/sv\/produkt\/anne-gros-jean-paul-tollot-la-50-50-rod\/","title":{"rendered":"Anne Gros &#8211; Jean-Paul Tollot &#8211; La 50 \/ 50 &#8211; r\u00f6d"},"content":{"rendered":"<p>Anne Gros &#8211; Jean-Paul Tollot &#8211; La 50 \/ 50 &#8211; r\u00f6dvin \u00e4r ett r\u00f6dvin gjort av fr\u00e4mst Grenache, en del Syrah fr\u00e5n 8-\u00e5riga rankor sedan 2011, samt druvor fr\u00e5n 35-\u00e5riga Carignanstockar. Druvorna handplockas och vinet framst\u00e4lls p\u00e5 burgundiskt vis i st\u00e5ltankar.<\/p>\n","protected":false},"excerpt":{"rendered":"<p>50\/50 \u00e4r ett friskt och fruktigt r\u00f6dvin som bjuder in sig sj\u00e4lv till bords mellan v\u00e4nner. Ett riktigt t\u00f6rstsl\u00e4ckande vin\u00a0som erh\u00e5llit stor succ\u00e9 bland vinskribenter och vunnit m\u00e5nga priser. Att drickas till f\u00f6rr\u00e4tter, tapas eller till barbecuen tillsammans med goda v\u00e4nner!<\/p>\n","protected":false},"featured_media":118097,"comment_status":"open","ping_status":"closed","template":"","meta":{"_monsterinsights_skip_tracking":false,"_monsterinsights_sitenote_active":false,"_monsterinsights_sitenote_note":"","_monsterinsights_sitenote_category":0,"_uf_show_specific_survey":0,"_uf_disable_surveys":false},"product_brand":[],"product_cat":[36586,36625],"product_tag":[],"class_list":{"0":"post-118096","1":"product","2":"type-product","3":"status-publish","4":"has-post-thumbnail","6":"product_cat-vins-francais","7":"product_cat-fr-languedoc","8":"pa_alcohol-degree-145-fr","9":"pa_awards-the-wine-advocate-fr","10":"pa_classification-igp-pays-dherault","11":"pa_color-rouge-fr","12":"pa_country-france-fr","13":"pa_grape-variety-carignan-fr","14":"pa_grape-variety-grenache-fr","15":"pa_storage-potential-10-ans-fr","16":"pa_vintage-2018-fr","18":"first","19":"instock","20":"taxable","21":"shipping-taxable","22":"purchasable","23":"product-type-simple"},"bundled_by":["139387"],"bundle_stock_status":"instock","bundle_stock_quantity":null,"bundle_virtual":false,"bundle_layout":"","bundle_add_to_cart_form_location":"","bundle_editable_in_cart":false,"bundle_sold_individually_context":"","bundle_item_grouping":"","bundle_min_size":"","bundle_max_size":"","bundle_price":[],"bundled_items":[],"bundle_sell_ids":[],"yoast_head":"<!-- This site is optimized with the Yoast SEO plugin v27.5 - https:\/\/yoast.com\/product\/yoast-seo-wordpress\/ -->\n<title>Anne Gros - Jean-Paul Tollot - La 50 \/ 50 - r\u00f6dvin -<\/title>\n<meta name=\"description\" content=\"Anne Gros - Jean-Paul Tollot - La 50 \/ 50 - r\u00f6dvin. Ett friskt och fruktigt r\u00f6dvin som bjuder in sig sj\u00e4lv till bords mellan v\u00e4nner. Ett riktigt t\u00f6rstsl\u00e4ckande vin som erh\u00e5llit stor succ\u00e9.\" \/>\n<meta name=\"robots\" content=\"index, follow, max-snippet:-1, max-image-preview:large, max-video-preview:-1\" \/>\n<link rel=\"canonical\" href=\"https:\/\/www.ivinio.com\/sv\/produkt\/anne-gros-jean-paul-tollot-la-50-50-rod\/\" \/>\n<meta property=\"og:locale\" content=\"sv_SE\" \/>\n<meta property=\"og:type\" content=\"article\" \/>\n<meta property=\"og:title\" content=\"Anne Gros - Jean-Paul Tollot - La 50 \/ 50 - r\u00f6dvin -\" \/>\n<meta property=\"og:description\" content=\"Anne Gros - Jean-Paul Tollot - La 50 \/ 50 - r\u00f6dvin. Ett friskt och fruktigt r\u00f6dvin som bjuder in sig sj\u00e4lv till bords mellan v\u00e4nner. Ett riktigt t\u00f6rstsl\u00e4ckande vin som erh\u00e5llit stor succ\u00e9.\" \/>\n<meta property=\"og:url\" content=\"https:\/\/www.ivinio.com\/sv\/produkt\/anne-gros-jean-paul-tollot-la-50-50-rod\/\" \/>\n<meta property=\"og:site_name\" content=\"IVINIO Vinbutik\" \/>\n<meta property=\"article:publisher\" content=\"https:\/\/www.facebook.com\/groups\/165217837022391\/?ref=bookmarks\" \/>\n<meta property=\"article:modified_time\" content=\"2026-01-20T18:37:27+00:00\" \/>\n<meta property=\"og:image\" content=\"https:\/\/www.ivinio.com\/wp-content\/uploads\/nc\/public\/modules\/file\/pictures\/4624.gros50-50-500x500.jpg\" \/>\n\t<meta property=\"og:image:width\" content=\"500\" \/>\n\t<meta property=\"og:image:height\" content=\"500\" \/>\n\t<meta property=\"og:image:type\" content=\"image\/jpeg\" \/>\n<meta name=\"twitter:card\" content=\"summary_large_image\" \/>\n<meta name=\"twitter:label1\" content=\"Ber\u00e4knad l\u00e4stid\" \/>\n\t<meta name=\"twitter:data1\" content=\"1 minut\" \/>\n<script type=\"application\/ld+json\" class=\"yoast-schema-graph\">{\"@context\":\"https:\\\/\\\/schema.org\",\"@graph\":[{\"@type\":\"WebPage\",\"@id\":\"https:\\\/\\\/www.ivinio.com\\\/sv\\\/produkt\\\/anne-gros-jean-paul-tollot-la-50-50-rod\\\/\",\"url\":\"https:\\\/\\\/www.ivinio.com\\\/sv\\\/produkt\\\/anne-gros-jean-paul-tollot-la-50-50-rod\\\/\",\"name\":\"Anne Gros - Jean-Paul Tollot - La 50 \\\/ 50 - r\u00f6dvin -\",\"isPartOf\":{\"@id\":\"https:\\\/\\\/www.ivinio.com\\\/sv\\\/#website\"},\"primaryImageOfPage\":{\"@id\":\"https:\\\/\\\/www.ivinio.com\\\/sv\\\/produkt\\\/anne-gros-jean-paul-tollot-la-50-50-rod\\\/#primaryimage\"},\"image\":{\"@id\":\"https:\\\/\\\/www.ivinio.com\\\/sv\\\/produkt\\\/anne-gros-jean-paul-tollot-la-50-50-rod\\\/#primaryimage\"},\"thumbnailUrl\":\"https:\\\/\\\/www.ivinio.com\\\/wp-content\\\/uploads\\\/nc\\\/public\\\/modules\\\/file\\\/pictures\\\/4624.gros50-50-500x500.jpg\",\"datePublished\":\"2014-07-02T18:47:46+00:00\",\"dateModified\":\"2026-01-20T18:37:27+00:00\",\"description\":\"Anne Gros - Jean-Paul Tollot - La 50 \\\/ 50 - r\u00f6dvin. Ett friskt och fruktigt r\u00f6dvin som bjuder in sig sj\u00e4lv till bords mellan v\u00e4nner. Ett riktigt t\u00f6rstsl\u00e4ckande vin som erh\u00e5llit stor succ\u00e9.\",\"breadcrumb\":{\"@id\":\"https:\\\/\\\/www.ivinio.com\\\/sv\\\/produkt\\\/anne-gros-jean-paul-tollot-la-50-50-rod\\\/#breadcrumb\"},\"inLanguage\":\"sv-SE\",\"potentialAction\":[{\"@type\":\"ReadAction\",\"target\":[\"https:\\\/\\\/www.ivinio.com\\\/sv\\\/produkt\\\/anne-gros-jean-paul-tollot-la-50-50-rod\\\/\"]}]},{\"@type\":\"ImageObject\",\"inLanguage\":\"sv-SE\",\"@id\":\"https:\\\/\\\/www.ivinio.com\\\/sv\\\/produkt\\\/anne-gros-jean-paul-tollot-la-50-50-rod\\\/#primaryimage\",\"url\":\"https:\\\/\\\/www.ivinio.com\\\/wp-content\\\/uploads\\\/nc\\\/public\\\/modules\\\/file\\\/pictures\\\/4624.gros50-50-500x500.jpg\",\"contentUrl\":\"https:\\\/\\\/www.ivinio.com\\\/wp-content\\\/uploads\\\/nc\\\/public\\\/modules\\\/file\\\/pictures\\\/4624.gros50-50-500x500.jpg\",\"width\":500,\"height\":500,\"caption\":\"Anne Gros - Jean-Paul Tollot - La 50 \\\/ 50\"},{\"@type\":\"BreadcrumbList\",\"@id\":\"https:\\\/\\\/www.ivinio.com\\\/sv\\\/produkt\\\/anne-gros-jean-paul-tollot-la-50-50-rod\\\/#breadcrumb\",\"itemListElement\":[{\"@type\":\"ListItem\",\"position\":1,\"name\":\"Hem\",\"item\":\"https:\\\/\\\/www.ivinio.com\\\/sv\\\/\"},{\"@type\":\"ListItem\",\"position\":2,\"name\":\"Vinbutik\",\"item\":\"https:\\\/\\\/www.ivinio.com\\\/sv\\\/vinbutik\\\/\"},{\"@type\":\"ListItem\",\"position\":3,\"name\":\"Anne Gros &#8211; Jean-Paul Tollot &#8211; La 50 \\\/ 50 &#8211; r\u00f6d\"}]},{\"@type\":\"WebSite\",\"@id\":\"https:\\\/\\\/www.ivinio.com\\\/sv\\\/#website\",\"url\":\"https:\\\/\\\/www.ivinio.com\\\/sv\\\/\",\"name\":\"IVINIO Vinbutik\",\"description\":\"Vin fr\u00e5n Frankrike och Italien med leverans hem till din d\u00f6rr\",\"publisher\":{\"@id\":\"https:\\\/\\\/www.ivinio.com\\\/sv\\\/#organization\"},\"potentialAction\":[{\"@type\":\"SearchAction\",\"target\":{\"@type\":\"EntryPoint\",\"urlTemplate\":\"https:\\\/\\\/www.ivinio.com\\\/sv\\\/?s={search_term_string}\"},\"query-input\":{\"@type\":\"PropertyValueSpecification\",\"valueRequired\":true,\"valueName\":\"search_term_string\"}}],\"inLanguage\":\"sv-SE\"},{\"@type\":\"Organization\",\"@id\":\"https:\\\/\\\/www.ivinio.com\\\/sv\\\/#organization\",\"name\":\"IVINIO\",\"url\":\"https:\\\/\\\/www.ivinio.com\\\/sv\\\/\",\"logo\":{\"@type\":\"ImageObject\",\"inLanguage\":\"sv-SE\",\"@id\":\"https:\\\/\\\/www.ivinio.com\\\/sv\\\/#\\\/schema\\\/logo\\\/image\\\/\",\"url\":\"https:\\\/\\\/www.ivinio.com\\\/wp-content\\\/uploads\\\/2021\\\/01\\\/Logo-Ivinio-v2.jpg\",\"contentUrl\":\"https:\\\/\\\/www.ivinio.com\\\/wp-content\\\/uploads\\\/2021\\\/01\\\/Logo-Ivinio-v2.jpg\",\"width\":1194,\"height\":1194,\"caption\":\"IVINIO\"},\"image\":{\"@id\":\"https:\\\/\\\/www.ivinio.com\\\/sv\\\/#\\\/schema\\\/logo\\\/image\\\/\"},\"sameAs\":[\"https:\\\/\\\/www.facebook.com\\\/groups\\\/165217837022391\\\/?ref=bookmarks\",\"https:\\\/\\\/www.instagram.com\\\/_ivinio_\\\/?hl=fr\"]}]}<\/script>\n<!-- \/ Yoast SEO plugin. -->","yoast_head_json":{"title":"Anne Gros - Jean-Paul Tollot - La 50 \/ 50 - r\u00f6dvin -","description":"Anne Gros - Jean-Paul Tollot - La 50 \/ 50 - r\u00f6dvin. Ett friskt och fruktigt r\u00f6dvin som bjuder in sig sj\u00e4lv till bords mellan v\u00e4nner. Ett riktigt t\u00f6rstsl\u00e4ckande vin som erh\u00e5llit stor succ\u00e9.","robots":{"index":"index","follow":"follow","max-snippet":"max-snippet:-1","max-image-preview":"max-image-preview:large","max-video-preview":"max-video-preview:-1"},"canonical":"https:\/\/www.ivinio.com\/sv\/produkt\/anne-gros-jean-paul-tollot-la-50-50-rod\/","og_locale":"sv_SE","og_type":"article","og_title":"Anne Gros - Jean-Paul Tollot - La 50 \/ 50 - r\u00f6dvin -","og_description":"Anne Gros - Jean-Paul Tollot - La 50 \/ 50 - r\u00f6dvin. Ett friskt och fruktigt r\u00f6dvin som bjuder in sig sj\u00e4lv till bords mellan v\u00e4nner. Ett riktigt t\u00f6rstsl\u00e4ckande vin som erh\u00e5llit stor succ\u00e9.","og_url":"https:\/\/www.ivinio.com\/sv\/produkt\/anne-gros-jean-paul-tollot-la-50-50-rod\/","og_site_name":"IVINIO Vinbutik","article_publisher":"https:\/\/www.facebook.com\/groups\/165217837022391\/?ref=bookmarks","article_modified_time":"2026-01-20T18:37:27+00:00","og_image":[{"width":500,"height":500,"url":"https:\/\/www.ivinio.com\/wp-content\/uploads\/nc\/public\/modules\/file\/pictures\/4624.gros50-50-500x500.jpg","type":"image\/jpeg"}],"twitter_card":"summary_large_image","twitter_misc":{"Ber\u00e4knad l\u00e4stid":"1 minut"},"schema":{"@context":"https:\/\/schema.org","@graph":[{"@type":"WebPage","@id":"https:\/\/www.ivinio.com\/sv\/produkt\/anne-gros-jean-paul-tollot-la-50-50-rod\/","url":"https:\/\/www.ivinio.com\/sv\/produkt\/anne-gros-jean-paul-tollot-la-50-50-rod\/","name":"Anne Gros - Jean-Paul Tollot - La 50 \/ 50 - r\u00f6dvin -","isPartOf":{"@id":"https:\/\/www.ivinio.com\/sv\/#website"},"primaryImageOfPage":{"@id":"https:\/\/www.ivinio.com\/sv\/produkt\/anne-gros-jean-paul-tollot-la-50-50-rod\/#primaryimage"},"image":{"@id":"https:\/\/www.ivinio.com\/sv\/produkt\/anne-gros-jean-paul-tollot-la-50-50-rod\/#primaryimage"},"thumbnailUrl":"https:\/\/www.ivinio.com\/wp-content\/uploads\/nc\/public\/modules\/file\/pictures\/4624.gros50-50-500x500.jpg","datePublished":"2014-07-02T18:47:46+00:00","dateModified":"2026-01-20T18:37:27+00:00","description":"Anne Gros - Jean-Paul Tollot - La 50 \/ 50 - r\u00f6dvin. Ett friskt och fruktigt r\u00f6dvin som bjuder in sig sj\u00e4lv till bords mellan v\u00e4nner. Ett riktigt t\u00f6rstsl\u00e4ckande vin som erh\u00e5llit stor succ\u00e9.","breadcrumb":{"@id":"https:\/\/www.ivinio.com\/sv\/produkt\/anne-gros-jean-paul-tollot-la-50-50-rod\/#breadcrumb"},"inLanguage":"sv-SE","potentialAction":[{"@type":"ReadAction","target":["https:\/\/www.ivinio.com\/sv\/produkt\/anne-gros-jean-paul-tollot-la-50-50-rod\/"]}]},{"@type":"ImageObject","inLanguage":"sv-SE","@id":"https:\/\/www.ivinio.com\/sv\/produkt\/anne-gros-jean-paul-tollot-la-50-50-rod\/#primaryimage","url":"https:\/\/www.ivinio.com\/wp-content\/uploads\/nc\/public\/modules\/file\/pictures\/4624.gros50-50-500x500.jpg","contentUrl":"https:\/\/www.ivinio.com\/wp-content\/uploads\/nc\/public\/modules\/file\/pictures\/4624.gros50-50-500x500.jpg","width":500,"height":500,"caption":"Anne Gros - Jean-Paul Tollot - La 50 \/ 50"},{"@type":"BreadcrumbList","@id":"https:\/\/www.ivinio.com\/sv\/produkt\/anne-gros-jean-paul-tollot-la-50-50-rod\/#breadcrumb","itemListElement":[{"@type":"ListItem","position":1,"name":"Hem","item":"https:\/\/www.ivinio.com\/sv\/"},{"@type":"ListItem","position":2,"name":"Vinbutik","item":"https:\/\/www.ivinio.com\/sv\/vinbutik\/"},{"@type":"ListItem","position":3,"name":"Anne Gros &#8211; Jean-Paul Tollot &#8211; La 50 \/ 50 &#8211; r\u00f6d"}]},{"@type":"WebSite","@id":"https:\/\/www.ivinio.com\/sv\/#website","url":"https:\/\/www.ivinio.com\/sv\/","name":"IVINIO Vinbutik","description":"Vin fr\u00e5n Frankrike och Italien med leverans hem till din d\u00f6rr","publisher":{"@id":"https:\/\/www.ivinio.com\/sv\/#organization"},"potentialAction":[{"@type":"SearchAction","target":{"@type":"EntryPoint","urlTemplate":"https:\/\/www.ivinio.com\/sv\/?s={search_term_string}"},"query-input":{"@type":"PropertyValueSpecification","valueRequired":true,"valueName":"search_term_string"}}],"inLanguage":"sv-SE"},{"@type":"Organization","@id":"https:\/\/www.ivinio.com\/sv\/#organization","name":"IVINIO","url":"https:\/\/www.ivinio.com\/sv\/","logo":{"@type":"ImageObject","inLanguage":"sv-SE","@id":"https:\/\/www.ivinio.com\/sv\/#\/schema\/logo\/image\/","url":"https:\/\/www.ivinio.com\/wp-content\/uploads\/2021\/01\/Logo-Ivinio-v2.jpg","contentUrl":"https:\/\/www.ivinio.com\/wp-content\/uploads\/2021\/01\/Logo-Ivinio-v2.jpg","width":1194,"height":1194,"caption":"IVINIO"},"image":{"@id":"https:\/\/www.ivinio.com\/sv\/#\/schema\/logo\/image\/"},"sameAs":["https:\/\/www.facebook.com\/groups\/165217837022391\/?ref=bookmarks","https:\/\/www.instagram.com\/_ivinio_\/?hl=fr"]}]}},"jetpack_sharing_enabled":true,"_links":{"self":[{"href":"https:\/\/www.ivinio.com\/sv\/wp-json\/wp\/v2\/product\/118096","targetHints":{"allow":["GET"]}}],"collection":[{"href":"https:\/\/www.ivinio.com\/sv\/wp-json\/wp\/v2\/product"}],"about":[{"href":"https:\/\/www.ivinio.com\/sv\/wp-json\/wp\/v2\/types\/product"}],"replies":[{"embeddable":true,"href":"https:\/\/www.ivinio.com\/sv\/wp-json\/wp\/v2\/comments?post=118096"}],"wp:featuredmedia":[{"embeddable":true,"href":"https:\/\/www.ivinio.com\/sv\/wp-json\/wp\/v2\/media\/118097"}],"wp:attachment":[{"href":"https:\/\/www.ivinio.com\/sv\/wp-json\/wp\/v2\/media?parent=118096"}],"wp:term":[{"taxonomy":"product_brand","embeddable":true,"href":"https:\/\/www.ivinio.com\/sv\/wp-json\/wp\/v2\/product_brand?post=118096"},{"taxonomy":"product_cat","embeddable":true,"href":"https:\/\/www.ivinio.com\/sv\/wp-json\/wp\/v2\/product_cat?post=118096"},{"taxonomy":"product_tag","embeddable":true,"href":"https:\/\/www.ivinio.com\/sv\/wp-json\/wp\/v2\/product_tag?post=118096"}],"curies":[{"name":"wp","href":"https:\/\/api.w.org\/{rel}","templated":true}]}}