{"id":118092,"date":"2014-07-01T18:58:57","date_gmt":"2014-07-01T18:58:57","guid":{"rendered":"https:\/\/henrik.www.ivinio.com\/?product=la-polenza-cinque-terre-2018-vit"},"modified":"2025-09-18T18:11:31","modified_gmt":"2025-09-18T16:11:31","slug":"la-polenza-cinque-terre-vit","status":"publish","type":"product","link":"https:\/\/www.ivinio.com\/sv\/produkt\/la-polenza-cinque-terre-vit\/","title":{"rendered":"La Polenza &#8211; Cinque Terre &#8211; vit"},"content":{"rendered":"<p>Cinque Terre \u00e4r en del av den \u00f6stligaste\u00a0liguriska kusten best\u00e5endes av 5 medeltida byar; Monterosso, Vernazza, Corniglia, Manarola och Riomaggiore som \u00e4r mycket sv\u00e5rt\u00e5tkomliga med annat \u00e4n kustt\u00e5get. Vin har odlats h\u00e4r sedan mer \u00e4n 1000 \u00e5r, men de n\u00e4stan om\u00e4nskligt sv\u00e5ra bergsf\u00f6rh\u00e5llandena som g\u00f6r det om\u00f6jligt att arbeta med n\u00e5gon form av maskin har gjort att en del av vinlundarna fallit i tr\u00e4da. Idag finns eldsj\u00e4lar som \u00e5terupptagit vinodlingen och som idag\u00a0fr\u00e4mst erbjuder\u00a0vitviner fr\u00e5n appelationen DOC Cinque Terre eller de mer exklusiva dessertvinerna Sciacchetr\u00e0.<\/p>\n","protected":false},"excerpt":{"rendered":"<p>Cinque Terre fr\u00e5n La Polenza \u00e4r ett vitvin gjort av Vermentino, Albarola och Boscodruvor och har odlats p\u00e5 de sv\u00e5r\u00e5tkomliga terrassplanteringarna ovan medelhavet och byarna\u00a0i Cinque Terre. Ett mycket speciellt och intressant vitvin att drickas till aperitif eller diverse fiskr\u00e4tter.<\/p>\n","protected":false},"featured_media":118093,"comment_status":"open","ping_status":"closed","template":"","meta":{"_monsterinsights_skip_tracking":false,"_monsterinsights_sitenote_active":false,"_monsterinsights_sitenote_note":"","_monsterinsights_sitenote_category":0,"_uf_show_specific_survey":0,"_uf_disable_surveys":false},"product_brand":[],"product_cat":[36591,36609],"product_tag":[],"class_list":{"0":"post-118092","1":"product","2":"type-product","3":"status-publish","4":"has-post-thumbnail","6":"product_cat-italienska-viner","7":"product_cat-sv-ligurien","8":"pa_alcohol-degree-12-5-sv","9":"pa_classification-doc-cinque-terre-sv","10":"pa_color-vit-sv","11":"pa_country-italien-sv","12":"pa_grape-variety-arbarola","13":"pa_grape-variety-bosco","14":"pa_grape-variety-vermentino-sv","15":"pa_region-ligurien-sv","16":"pa_storage-potential-4-ar-sv","17":"pa_vintage-39899","18":"pa_volume-75-cl-sv","20":"first","21":"outofstock","22":"taxable","23":"shipping-taxable","24":"purchasable","25":"product-type-simple"},"bundled_by":[],"bundle_stock_status":"outofstock","bundle_stock_quantity":null,"bundle_virtual":false,"bundle_layout":"","bundle_add_to_cart_form_location":"","bundle_editable_in_cart":false,"bundle_sold_individually_context":"","bundle_item_grouping":"","bundle_min_size":"","bundle_max_size":"","bundle_price":[],"bundled_items":[],"bundle_sell_ids":[],"yoast_head":"<!-- This site is optimized with the Yoast SEO plugin v27.5 - https:\/\/yoast.com\/product\/yoast-seo-wordpress\/ -->\n<title>K\u00f6pa La Polenza - Cinque Terre - vitvin - IVINIO Vinbutik<\/title>\n<meta name=\"description\" content=\"K\u00f6pa La Polenza - Cinque Terre - vitvin. Av Vermentino, Albarola och Boscodruvor och har odlats p\u00e5 de sv\u00e5r\u00e5tkomliga terrassplanteringarna ovan medelhavet och byarna i Cinque Terre.\" \/>\n<meta name=\"robots\" content=\"index, follow, max-snippet:-1, max-image-preview:large, max-video-preview:-1\" \/>\n<link rel=\"canonical\" href=\"https:\/\/www.ivinio.com\/sv\/produkt\/la-polenza-cinque-terre-vit\/\" \/>\n<meta property=\"og:locale\" content=\"sv_SE\" \/>\n<meta property=\"og:type\" content=\"article\" \/>\n<meta property=\"og:title\" content=\"K\u00f6pa La Polenza - Cinque Terre - vitvin - IVINIO Vinbutik\" \/>\n<meta property=\"og:description\" content=\"K\u00f6pa La Polenza - Cinque Terre - vitvin. Av Vermentino, Albarola och Boscodruvor och har odlats p\u00e5 de sv\u00e5r\u00e5tkomliga terrassplanteringarna ovan medelhavet och byarna i Cinque Terre.\" \/>\n<meta property=\"og:url\" content=\"https:\/\/www.ivinio.com\/sv\/produkt\/la-polenza-cinque-terre-vit\/\" \/>\n<meta property=\"og:site_name\" content=\"IVINIO Vinbutik\" \/>\n<meta property=\"article:publisher\" content=\"https:\/\/www.facebook.com\/groups\/165217837022391\/?ref=bookmarks\" \/>\n<meta property=\"article:modified_time\" content=\"2025-09-18T16:11:31+00:00\" \/>\n<meta property=\"og:image\" content=\"https:\/\/www.ivinio.com\/wp-content\/uploads\/nc\/public\/modules\/file\/pictures\/4619.polenza5terre.jpg\" \/>\n\t<meta property=\"og:image:width\" content=\"500\" \/>\n\t<meta property=\"og:image:height\" content=\"500\" \/>\n\t<meta property=\"og:image:type\" content=\"image\/jpeg\" \/>\n<meta name=\"twitter:card\" content=\"summary_large_image\" \/>\n<meta name=\"twitter:label1\" content=\"Ber\u00e4knad l\u00e4stid\" \/>\n\t<meta name=\"twitter:data1\" content=\"1 minut\" \/>\n<script type=\"application\/ld+json\" class=\"yoast-schema-graph\">{\"@context\":\"https:\\\/\\\/schema.org\",\"@graph\":[{\"@type\":\"WebPage\",\"@id\":\"https:\\\/\\\/www.ivinio.com\\\/sv\\\/produkt\\\/la-polenza-cinque-terre-vit\\\/\",\"url\":\"https:\\\/\\\/www.ivinio.com\\\/sv\\\/produkt\\\/la-polenza-cinque-terre-vit\\\/\",\"name\":\"K\u00f6pa La Polenza - Cinque Terre - vitvin - IVINIO Vinbutik\",\"isPartOf\":{\"@id\":\"https:\\\/\\\/www.ivinio.com\\\/sv\\\/#website\"},\"primaryImageOfPage\":{\"@id\":\"https:\\\/\\\/www.ivinio.com\\\/sv\\\/produkt\\\/la-polenza-cinque-terre-vit\\\/#primaryimage\"},\"image\":{\"@id\":\"https:\\\/\\\/www.ivinio.com\\\/sv\\\/produkt\\\/la-polenza-cinque-terre-vit\\\/#primaryimage\"},\"thumbnailUrl\":\"https:\\\/\\\/www.ivinio.com\\\/wp-content\\\/uploads\\\/nc\\\/public\\\/modules\\\/file\\\/pictures\\\/4619.polenza5terre.jpg\",\"datePublished\":\"2014-07-01T18:58:57+00:00\",\"dateModified\":\"2025-09-18T16:11:31+00:00\",\"description\":\"K\u00f6pa La Polenza - Cinque Terre - vitvin. Av Vermentino, Albarola och Boscodruvor och har odlats p\u00e5 de sv\u00e5r\u00e5tkomliga terrassplanteringarna ovan medelhavet och byarna i Cinque Terre.\",\"breadcrumb\":{\"@id\":\"https:\\\/\\\/www.ivinio.com\\\/sv\\\/produkt\\\/la-polenza-cinque-terre-vit\\\/#breadcrumb\"},\"inLanguage\":\"sv-SE\",\"potentialAction\":[{\"@type\":\"ReadAction\",\"target\":[\"https:\\\/\\\/www.ivinio.com\\\/sv\\\/produkt\\\/la-polenza-cinque-terre-vit\\\/\"]}]},{\"@type\":\"ImageObject\",\"inLanguage\":\"sv-SE\",\"@id\":\"https:\\\/\\\/www.ivinio.com\\\/sv\\\/produkt\\\/la-polenza-cinque-terre-vit\\\/#primaryimage\",\"url\":\"https:\\\/\\\/www.ivinio.com\\\/wp-content\\\/uploads\\\/nc\\\/public\\\/modules\\\/file\\\/pictures\\\/4619.polenza5terre.jpg\",\"contentUrl\":\"https:\\\/\\\/www.ivinio.com\\\/wp-content\\\/uploads\\\/nc\\\/public\\\/modules\\\/file\\\/pictures\\\/4619.polenza5terre.jpg\",\"width\":500,\"height\":500,\"caption\":\"La Polenza - Cinque Terre\"},{\"@type\":\"BreadcrumbList\",\"@id\":\"https:\\\/\\\/www.ivinio.com\\\/sv\\\/produkt\\\/la-polenza-cinque-terre-vit\\\/#breadcrumb\",\"itemListElement\":[{\"@type\":\"ListItem\",\"position\":1,\"name\":\"Hem\",\"item\":\"https:\\\/\\\/www.ivinio.com\\\/sv\\\/\"},{\"@type\":\"ListItem\",\"position\":2,\"name\":\"Vinbutik\",\"item\":\"https:\\\/\\\/www.ivinio.com\\\/sv\\\/vinbutik\\\/\"},{\"@type\":\"ListItem\",\"position\":3,\"name\":\"La Polenza &#8211; Cinque Terre &#8211; vit\"}]},{\"@type\":\"WebSite\",\"@id\":\"https:\\\/\\\/www.ivinio.com\\\/sv\\\/#website\",\"url\":\"https:\\\/\\\/www.ivinio.com\\\/sv\\\/\",\"name\":\"IVINIO Vinbutik\",\"description\":\"Vin fr\u00e5n Frankrike och Italien med leverans hem till din d\u00f6rr\",\"publisher\":{\"@id\":\"https:\\\/\\\/www.ivinio.com\\\/sv\\\/#organization\"},\"potentialAction\":[{\"@type\":\"SearchAction\",\"target\":{\"@type\":\"EntryPoint\",\"urlTemplate\":\"https:\\\/\\\/www.ivinio.com\\\/sv\\\/?s={search_term_string}\"},\"query-input\":{\"@type\":\"PropertyValueSpecification\",\"valueRequired\":true,\"valueName\":\"search_term_string\"}}],\"inLanguage\":\"sv-SE\"},{\"@type\":\"Organization\",\"@id\":\"https:\\\/\\\/www.ivinio.com\\\/sv\\\/#organization\",\"name\":\"IVINIO\",\"url\":\"https:\\\/\\\/www.ivinio.com\\\/sv\\\/\",\"logo\":{\"@type\":\"ImageObject\",\"inLanguage\":\"sv-SE\",\"@id\":\"https:\\\/\\\/www.ivinio.com\\\/sv\\\/#\\\/schema\\\/logo\\\/image\\\/\",\"url\":\"https:\\\/\\\/www.ivinio.com\\\/wp-content\\\/uploads\\\/2021\\\/01\\\/Logo-Ivinio-v2.jpg\",\"contentUrl\":\"https:\\\/\\\/www.ivinio.com\\\/wp-content\\\/uploads\\\/2021\\\/01\\\/Logo-Ivinio-v2.jpg\",\"width\":1194,\"height\":1194,\"caption\":\"IVINIO\"},\"image\":{\"@id\":\"https:\\\/\\\/www.ivinio.com\\\/sv\\\/#\\\/schema\\\/logo\\\/image\\\/\"},\"sameAs\":[\"https:\\\/\\\/www.facebook.com\\\/groups\\\/165217837022391\\\/?ref=bookmarks\",\"https:\\\/\\\/www.instagram.com\\\/_ivinio_\\\/?hl=fr\"]}]}<\/script>\n<!-- \/ Yoast SEO plugin. -->","yoast_head_json":{"title":"K\u00f6pa La Polenza - Cinque Terre - vitvin - IVINIO Vinbutik","description":"K\u00f6pa La Polenza - Cinque Terre - vitvin. Av Vermentino, Albarola och Boscodruvor och har odlats p\u00e5 de sv\u00e5r\u00e5tkomliga terrassplanteringarna ovan medelhavet och byarna i Cinque Terre.","robots":{"index":"index","follow":"follow","max-snippet":"max-snippet:-1","max-image-preview":"max-image-preview:large","max-video-preview":"max-video-preview:-1"},"canonical":"https:\/\/www.ivinio.com\/sv\/produkt\/la-polenza-cinque-terre-vit\/","og_locale":"sv_SE","og_type":"article","og_title":"K\u00f6pa La Polenza - Cinque Terre - vitvin - IVINIO Vinbutik","og_description":"K\u00f6pa La Polenza - Cinque Terre - vitvin. Av Vermentino, Albarola och Boscodruvor och har odlats p\u00e5 de sv\u00e5r\u00e5tkomliga terrassplanteringarna ovan medelhavet och byarna i Cinque Terre.","og_url":"https:\/\/www.ivinio.com\/sv\/produkt\/la-polenza-cinque-terre-vit\/","og_site_name":"IVINIO Vinbutik","article_publisher":"https:\/\/www.facebook.com\/groups\/165217837022391\/?ref=bookmarks","article_modified_time":"2025-09-18T16:11:31+00:00","og_image":[{"width":500,"height":500,"url":"https:\/\/www.ivinio.com\/wp-content\/uploads\/nc\/public\/modules\/file\/pictures\/4619.polenza5terre.jpg","type":"image\/jpeg"}],"twitter_card":"summary_large_image","twitter_misc":{"Ber\u00e4knad l\u00e4stid":"1 minut"},"schema":{"@context":"https:\/\/schema.org","@graph":[{"@type":"WebPage","@id":"https:\/\/www.ivinio.com\/sv\/produkt\/la-polenza-cinque-terre-vit\/","url":"https:\/\/www.ivinio.com\/sv\/produkt\/la-polenza-cinque-terre-vit\/","name":"K\u00f6pa La Polenza - Cinque Terre - vitvin - IVINIO Vinbutik","isPartOf":{"@id":"https:\/\/www.ivinio.com\/sv\/#website"},"primaryImageOfPage":{"@id":"https:\/\/www.ivinio.com\/sv\/produkt\/la-polenza-cinque-terre-vit\/#primaryimage"},"image":{"@id":"https:\/\/www.ivinio.com\/sv\/produkt\/la-polenza-cinque-terre-vit\/#primaryimage"},"thumbnailUrl":"https:\/\/www.ivinio.com\/wp-content\/uploads\/nc\/public\/modules\/file\/pictures\/4619.polenza5terre.jpg","datePublished":"2014-07-01T18:58:57+00:00","dateModified":"2025-09-18T16:11:31+00:00","description":"K\u00f6pa La Polenza - Cinque Terre - vitvin. Av Vermentino, Albarola och Boscodruvor och har odlats p\u00e5 de sv\u00e5r\u00e5tkomliga terrassplanteringarna ovan medelhavet och byarna i Cinque Terre.","breadcrumb":{"@id":"https:\/\/www.ivinio.com\/sv\/produkt\/la-polenza-cinque-terre-vit\/#breadcrumb"},"inLanguage":"sv-SE","potentialAction":[{"@type":"ReadAction","target":["https:\/\/www.ivinio.com\/sv\/produkt\/la-polenza-cinque-terre-vit\/"]}]},{"@type":"ImageObject","inLanguage":"sv-SE","@id":"https:\/\/www.ivinio.com\/sv\/produkt\/la-polenza-cinque-terre-vit\/#primaryimage","url":"https:\/\/www.ivinio.com\/wp-content\/uploads\/nc\/public\/modules\/file\/pictures\/4619.polenza5terre.jpg","contentUrl":"https:\/\/www.ivinio.com\/wp-content\/uploads\/nc\/public\/modules\/file\/pictures\/4619.polenza5terre.jpg","width":500,"height":500,"caption":"La Polenza - Cinque Terre"},{"@type":"BreadcrumbList","@id":"https:\/\/www.ivinio.com\/sv\/produkt\/la-polenza-cinque-terre-vit\/#breadcrumb","itemListElement":[{"@type":"ListItem","position":1,"name":"Hem","item":"https:\/\/www.ivinio.com\/sv\/"},{"@type":"ListItem","position":2,"name":"Vinbutik","item":"https:\/\/www.ivinio.com\/sv\/vinbutik\/"},{"@type":"ListItem","position":3,"name":"La Polenza &#8211; Cinque Terre &#8211; vit"}]},{"@type":"WebSite","@id":"https:\/\/www.ivinio.com\/sv\/#website","url":"https:\/\/www.ivinio.com\/sv\/","name":"IVINIO Vinbutik","description":"Vin fr\u00e5n Frankrike och Italien med leverans hem till din d\u00f6rr","publisher":{"@id":"https:\/\/www.ivinio.com\/sv\/#organization"},"potentialAction":[{"@type":"SearchAction","target":{"@type":"EntryPoint","urlTemplate":"https:\/\/www.ivinio.com\/sv\/?s={search_term_string}"},"query-input":{"@type":"PropertyValueSpecification","valueRequired":true,"valueName":"search_term_string"}}],"inLanguage":"sv-SE"},{"@type":"Organization","@id":"https:\/\/www.ivinio.com\/sv\/#organization","name":"IVINIO","url":"https:\/\/www.ivinio.com\/sv\/","logo":{"@type":"ImageObject","inLanguage":"sv-SE","@id":"https:\/\/www.ivinio.com\/sv\/#\/schema\/logo\/image\/","url":"https:\/\/www.ivinio.com\/wp-content\/uploads\/2021\/01\/Logo-Ivinio-v2.jpg","contentUrl":"https:\/\/www.ivinio.com\/wp-content\/uploads\/2021\/01\/Logo-Ivinio-v2.jpg","width":1194,"height":1194,"caption":"IVINIO"},"image":{"@id":"https:\/\/www.ivinio.com\/sv\/#\/schema\/logo\/image\/"},"sameAs":["https:\/\/www.facebook.com\/groups\/165217837022391\/?ref=bookmarks","https:\/\/www.instagram.com\/_ivinio_\/?hl=fr"]}]}},"jetpack_sharing_enabled":true,"_links":{"self":[{"href":"https:\/\/www.ivinio.com\/sv\/wp-json\/wp\/v2\/product\/118092","targetHints":{"allow":["GET"]}}],"collection":[{"href":"https:\/\/www.ivinio.com\/sv\/wp-json\/wp\/v2\/product"}],"about":[{"href":"https:\/\/www.ivinio.com\/sv\/wp-json\/wp\/v2\/types\/product"}],"replies":[{"embeddable":true,"href":"https:\/\/www.ivinio.com\/sv\/wp-json\/wp\/v2\/comments?post=118092"}],"wp:featuredmedia":[{"embeddable":true,"href":"https:\/\/www.ivinio.com\/sv\/wp-json\/wp\/v2\/media\/118093"}],"wp:attachment":[{"href":"https:\/\/www.ivinio.com\/sv\/wp-json\/wp\/v2\/media?parent=118092"}],"wp:term":[{"taxonomy":"product_brand","embeddable":true,"href":"https:\/\/www.ivinio.com\/sv\/wp-json\/wp\/v2\/product_brand?post=118092"},{"taxonomy":"product_cat","embeddable":true,"href":"https:\/\/www.ivinio.com\/sv\/wp-json\/wp\/v2\/product_cat?post=118092"},{"taxonomy":"product_tag","embeddable":true,"href":"https:\/\/www.ivinio.com\/sv\/wp-json\/wp\/v2\/product_tag?post=118092"}],"curies":[{"name":"wp","href":"https:\/\/api.w.org\/{rel}","templated":true}]}}