{"id":118067,"date":"2014-06-28T13:33:14","date_gmt":"2014-06-28T11:33:14","guid":{"rendered":"https:\/\/henrik.www.ivinio.com\/?product=giol-pinot-grigio"},"modified":"2023-01-07T19:44:59","modified_gmt":"2023-01-07T18:44:59","slug":"giol-pinot-grigio","status":"publish","type":"product","link":"https:\/\/www.ivinio.com\/sv\/produkt\/giol-pinot-grigio\/","title":{"rendered":"Giol &#8211; Pinot grigio &#8211; Vit"},"content":{"rendered":"<p>Pinot Grigio fr\u00e5n Giol framst\u00e4lls av handplockade druvor som pressas med hj\u00e4lp av den modernaste teknik f\u00f6r att p\u00e5 s\u00e4tt utvinna den klarast och renast m\u00f6jliga fruktjuicen. Saften f\u00e5r sedan &#8220;st\u00e5&#8221; f\u00f6r att l\u00e5ta biprodukter falla till botten. D\u00e4refter f\u00f6rs den rena saften \u00e4ver till en ny tank, j\u00e4st tillf\u00f6rs och kallj\u00e4sningsprocessen p\u00e5b\u00f6rjas vid 16\u00b0 temperatur. Vinet f\u00f6rs \u00e5terigen \u00f6ver till nya tankar och f\u00e5r sedan vila med regelbundet omr\u00f6rning av bottensatsen. Det f\u00e4rdiga vinet bevaras p\u00e5 luftt\u00e4ta fat och vinet tappas p\u00e5 flaska flera g\u00e5nger om \u00e5ret f\u00f6r att p\u00e5 s\u00e5 s\u00e4tt alltid erbjuda ett friskt och fr\u00e4scht vin. Vinet stabiliseras och buteljeras under sterila f\u00f6rh\u00e5llanden efter aseptisk filtrering.<\/p>\n","protected":false},"excerpt":{"rendered":"<p>Pinot Grigio fr\u00e5n Giol \u00e4r ett l\u00e4tt och mjukt vitvin som passar utm\u00e4rkt till aperitif. En fruktig,\u00a0fyllig\u00a0och aromatisk smak g\u00f6r det \u00e4ven idealiskt som dryck till en fiskr\u00e4tt med s\u00e5s eller i grat\u00e4ng. Vinerna fr\u00e5n Giol \u00e4r biologiskt odlade.<\/p>\n","protected":false},"featured_media":118068,"comment_status":"open","ping_status":"closed","template":"","meta":{"_monsterinsights_skip_tracking":false,"_monsterinsights_sitenote_active":false,"_monsterinsights_sitenote_note":"","_monsterinsights_sitenote_category":0,"_uf_show_specific_survey":0,"_uf_disable_surveys":false},"product_brand":[],"product_cat":[36591,36594],"product_tag":[],"class_list":{"0":"post-118067","1":"product","2":"type-product","3":"status-publish","4":"has-post-thumbnail","6":"product_cat-italienska-viner","7":"product_cat-sv-veneto-friuli","8":"pa_alcohol-degree-12-sv","9":"pa_classification-doc-delle-venezie","10":"pa_color-vit-sv","11":"pa_country-italien-sv","12":"pa_grape-variety-pinot-grigio-sv","13":"pa_region-veneto-sv","14":"pa_storage-potential-3-ar-sv","15":"pa_vintage-41019","16":"pa_volume-75-cl-sv","18":"first","19":"instock","20":"taxable","21":"shipping-taxable","22":"purchasable","23":"product-type-simple"},"bundled_by":[],"bundle_stock_status":"instock","bundle_stock_quantity":null,"bundle_virtual":false,"bundle_layout":"","bundle_add_to_cart_form_location":"","bundle_editable_in_cart":false,"bundle_sold_individually_context":"","bundle_item_grouping":"","bundle_min_size":"","bundle_max_size":"","bundle_price":[],"bundled_items":[],"bundle_sell_ids":[],"yoast_head":"<!-- This site is optimized with the Yoast SEO plugin v27.5 - https:\/\/yoast.com\/product\/yoast-seo-wordpress\/ -->\n<title>K\u00f6pa Giol - Pinot grigio - Vitvin - IVINIO Vinbutik<\/title>\n<meta name=\"description\" content=\"Giol - Pinot grigio - Vitvin. L\u00e4tt och mjukt vitvin som passar utm\u00e4rkt till aperitif. En fruktig, fyllig och aromatisk smak g\u00f6r det \u00e4ven idealiskt som dryck till en fiskr\u00e4tt med s\u00e5s.\" \/>\n<meta name=\"robots\" content=\"index, follow, max-snippet:-1, max-image-preview:large, max-video-preview:-1\" \/>\n<link rel=\"canonical\" href=\"https:\/\/www.ivinio.com\/sv\/produkt\/giol-pinot-grigio\/\" \/>\n<meta property=\"og:locale\" content=\"sv_SE\" \/>\n<meta property=\"og:type\" content=\"article\" \/>\n<meta property=\"og:title\" content=\"K\u00f6pa Giol - Pinot grigio - Vitvin - IVINIO Vinbutik\" \/>\n<meta property=\"og:description\" content=\"Giol - Pinot grigio - Vitvin. L\u00e4tt och mjukt vitvin som passar utm\u00e4rkt till aperitif. En fruktig, fyllig och aromatisk smak g\u00f6r det \u00e4ven idealiskt som dryck till en fiskr\u00e4tt med s\u00e5s.\" \/>\n<meta property=\"og:url\" content=\"https:\/\/www.ivinio.com\/sv\/produkt\/giol-pinot-grigio\/\" \/>\n<meta property=\"og:site_name\" content=\"IVINIO Vinbutik\" \/>\n<meta property=\"article:publisher\" content=\"https:\/\/www.facebook.com\/groups\/165217837022391\/?ref=bookmarks\" \/>\n<meta property=\"article:modified_time\" content=\"2023-01-07T18:44:59+00:00\" \/>\n<meta property=\"og:image\" content=\"https:\/\/www.ivinio.com\/wp-content\/uploads\/nc\/public\/modules\/file\/pictures\/6901.giol-pinot-grigio-IVINIO.jpg\" \/>\n\t<meta property=\"og:image:width\" content=\"500\" \/>\n\t<meta property=\"og:image:height\" content=\"500\" \/>\n\t<meta property=\"og:image:type\" content=\"image\/jpeg\" \/>\n<meta name=\"twitter:card\" content=\"summary_large_image\" \/>\n<meta name=\"twitter:label1\" content=\"Ber\u00e4knad l\u00e4stid\" \/>\n\t<meta name=\"twitter:data1\" content=\"1 minut\" \/>\n<script type=\"application\/ld+json\" class=\"yoast-schema-graph\">{\"@context\":\"https:\\\/\\\/schema.org\",\"@graph\":[{\"@type\":\"WebPage\",\"@id\":\"https:\\\/\\\/www.ivinio.com\\\/sv\\\/produkt\\\/giol-pinot-grigio\\\/\",\"url\":\"https:\\\/\\\/www.ivinio.com\\\/sv\\\/produkt\\\/giol-pinot-grigio\\\/\",\"name\":\"K\u00f6pa Giol - Pinot grigio - Vitvin - IVINIO Vinbutik\",\"isPartOf\":{\"@id\":\"https:\\\/\\\/www.ivinio.com\\\/sv\\\/#website\"},\"primaryImageOfPage\":{\"@id\":\"https:\\\/\\\/www.ivinio.com\\\/sv\\\/produkt\\\/giol-pinot-grigio\\\/#primaryimage\"},\"image\":{\"@id\":\"https:\\\/\\\/www.ivinio.com\\\/sv\\\/produkt\\\/giol-pinot-grigio\\\/#primaryimage\"},\"thumbnailUrl\":\"https:\\\/\\\/www.ivinio.com\\\/wp-content\\\/uploads\\\/nc\\\/public\\\/modules\\\/file\\\/pictures\\\/6901.giol-pinot-grigio-IVINIO.jpg\",\"datePublished\":\"2014-06-28T11:33:14+00:00\",\"dateModified\":\"2023-01-07T18:44:59+00:00\",\"description\":\"Giol - Pinot grigio - Vitvin. L\u00e4tt och mjukt vitvin som passar utm\u00e4rkt till aperitif. En fruktig, fyllig och aromatisk smak g\u00f6r det \u00e4ven idealiskt som dryck till en fiskr\u00e4tt med s\u00e5s.\",\"breadcrumb\":{\"@id\":\"https:\\\/\\\/www.ivinio.com\\\/sv\\\/produkt\\\/giol-pinot-grigio\\\/#breadcrumb\"},\"inLanguage\":\"sv-SE\",\"potentialAction\":[{\"@type\":\"ReadAction\",\"target\":[\"https:\\\/\\\/www.ivinio.com\\\/sv\\\/produkt\\\/giol-pinot-grigio\\\/\"]}]},{\"@type\":\"ImageObject\",\"inLanguage\":\"sv-SE\",\"@id\":\"https:\\\/\\\/www.ivinio.com\\\/sv\\\/produkt\\\/giol-pinot-grigio\\\/#primaryimage\",\"url\":\"https:\\\/\\\/www.ivinio.com\\\/wp-content\\\/uploads\\\/nc\\\/public\\\/modules\\\/file\\\/pictures\\\/6901.giol-pinot-grigio-IVINIO.jpg\",\"contentUrl\":\"https:\\\/\\\/www.ivinio.com\\\/wp-content\\\/uploads\\\/nc\\\/public\\\/modules\\\/file\\\/pictures\\\/6901.giol-pinot-grigio-IVINIO.jpg\",\"width\":500,\"height\":500},{\"@type\":\"BreadcrumbList\",\"@id\":\"https:\\\/\\\/www.ivinio.com\\\/sv\\\/produkt\\\/giol-pinot-grigio\\\/#breadcrumb\",\"itemListElement\":[{\"@type\":\"ListItem\",\"position\":1,\"name\":\"Hem\",\"item\":\"https:\\\/\\\/www.ivinio.com\\\/sv\\\/\"},{\"@type\":\"ListItem\",\"position\":2,\"name\":\"Vinbutik\",\"item\":\"https:\\\/\\\/www.ivinio.com\\\/sv\\\/vinbutik\\\/\"},{\"@type\":\"ListItem\",\"position\":3,\"name\":\"Giol &#8211; Pinot grigio &#8211; Vit\"}]},{\"@type\":\"WebSite\",\"@id\":\"https:\\\/\\\/www.ivinio.com\\\/sv\\\/#website\",\"url\":\"https:\\\/\\\/www.ivinio.com\\\/sv\\\/\",\"name\":\"IVINIO Vinbutik\",\"description\":\"Vin fr\u00e5n Frankrike och Italien med leverans hem till din d\u00f6rr\",\"publisher\":{\"@id\":\"https:\\\/\\\/www.ivinio.com\\\/sv\\\/#organization\"},\"potentialAction\":[{\"@type\":\"SearchAction\",\"target\":{\"@type\":\"EntryPoint\",\"urlTemplate\":\"https:\\\/\\\/www.ivinio.com\\\/sv\\\/?s={search_term_string}\"},\"query-input\":{\"@type\":\"PropertyValueSpecification\",\"valueRequired\":true,\"valueName\":\"search_term_string\"}}],\"inLanguage\":\"sv-SE\"},{\"@type\":\"Organization\",\"@id\":\"https:\\\/\\\/www.ivinio.com\\\/sv\\\/#organization\",\"name\":\"IVINIO\",\"url\":\"https:\\\/\\\/www.ivinio.com\\\/sv\\\/\",\"logo\":{\"@type\":\"ImageObject\",\"inLanguage\":\"sv-SE\",\"@id\":\"https:\\\/\\\/www.ivinio.com\\\/sv\\\/#\\\/schema\\\/logo\\\/image\\\/\",\"url\":\"https:\\\/\\\/www.ivinio.com\\\/wp-content\\\/uploads\\\/2021\\\/01\\\/Logo-Ivinio-v2.jpg\",\"contentUrl\":\"https:\\\/\\\/www.ivinio.com\\\/wp-content\\\/uploads\\\/2021\\\/01\\\/Logo-Ivinio-v2.jpg\",\"width\":1194,\"height\":1194,\"caption\":\"IVINIO\"},\"image\":{\"@id\":\"https:\\\/\\\/www.ivinio.com\\\/sv\\\/#\\\/schema\\\/logo\\\/image\\\/\"},\"sameAs\":[\"https:\\\/\\\/www.facebook.com\\\/groups\\\/165217837022391\\\/?ref=bookmarks\",\"https:\\\/\\\/www.instagram.com\\\/_ivinio_\\\/?hl=fr\"]}]}<\/script>\n<!-- \/ Yoast SEO plugin. -->","yoast_head_json":{"title":"K\u00f6pa Giol - Pinot grigio - Vitvin - IVINIO Vinbutik","description":"Giol - Pinot grigio - Vitvin. L\u00e4tt och mjukt vitvin som passar utm\u00e4rkt till aperitif. En fruktig, fyllig och aromatisk smak g\u00f6r det \u00e4ven idealiskt som dryck till en fiskr\u00e4tt med s\u00e5s.","robots":{"index":"index","follow":"follow","max-snippet":"max-snippet:-1","max-image-preview":"max-image-preview:large","max-video-preview":"max-video-preview:-1"},"canonical":"https:\/\/www.ivinio.com\/sv\/produkt\/giol-pinot-grigio\/","og_locale":"sv_SE","og_type":"article","og_title":"K\u00f6pa Giol - Pinot grigio - Vitvin - IVINIO Vinbutik","og_description":"Giol - Pinot grigio - Vitvin. L\u00e4tt och mjukt vitvin som passar utm\u00e4rkt till aperitif. En fruktig, fyllig och aromatisk smak g\u00f6r det \u00e4ven idealiskt som dryck till en fiskr\u00e4tt med s\u00e5s.","og_url":"https:\/\/www.ivinio.com\/sv\/produkt\/giol-pinot-grigio\/","og_site_name":"IVINIO Vinbutik","article_publisher":"https:\/\/www.facebook.com\/groups\/165217837022391\/?ref=bookmarks","article_modified_time":"2023-01-07T18:44:59+00:00","og_image":[{"width":500,"height":500,"url":"https:\/\/www.ivinio.com\/wp-content\/uploads\/nc\/public\/modules\/file\/pictures\/6901.giol-pinot-grigio-IVINIO.jpg","type":"image\/jpeg"}],"twitter_card":"summary_large_image","twitter_misc":{"Ber\u00e4knad l\u00e4stid":"1 minut"},"schema":{"@context":"https:\/\/schema.org","@graph":[{"@type":"WebPage","@id":"https:\/\/www.ivinio.com\/sv\/produkt\/giol-pinot-grigio\/","url":"https:\/\/www.ivinio.com\/sv\/produkt\/giol-pinot-grigio\/","name":"K\u00f6pa Giol - Pinot grigio - Vitvin - IVINIO Vinbutik","isPartOf":{"@id":"https:\/\/www.ivinio.com\/sv\/#website"},"primaryImageOfPage":{"@id":"https:\/\/www.ivinio.com\/sv\/produkt\/giol-pinot-grigio\/#primaryimage"},"image":{"@id":"https:\/\/www.ivinio.com\/sv\/produkt\/giol-pinot-grigio\/#primaryimage"},"thumbnailUrl":"https:\/\/www.ivinio.com\/wp-content\/uploads\/nc\/public\/modules\/file\/pictures\/6901.giol-pinot-grigio-IVINIO.jpg","datePublished":"2014-06-28T11:33:14+00:00","dateModified":"2023-01-07T18:44:59+00:00","description":"Giol - Pinot grigio - Vitvin. L\u00e4tt och mjukt vitvin som passar utm\u00e4rkt till aperitif. En fruktig, fyllig och aromatisk smak g\u00f6r det \u00e4ven idealiskt som dryck till en fiskr\u00e4tt med s\u00e5s.","breadcrumb":{"@id":"https:\/\/www.ivinio.com\/sv\/produkt\/giol-pinot-grigio\/#breadcrumb"},"inLanguage":"sv-SE","potentialAction":[{"@type":"ReadAction","target":["https:\/\/www.ivinio.com\/sv\/produkt\/giol-pinot-grigio\/"]}]},{"@type":"ImageObject","inLanguage":"sv-SE","@id":"https:\/\/www.ivinio.com\/sv\/produkt\/giol-pinot-grigio\/#primaryimage","url":"https:\/\/www.ivinio.com\/wp-content\/uploads\/nc\/public\/modules\/file\/pictures\/6901.giol-pinot-grigio-IVINIO.jpg","contentUrl":"https:\/\/www.ivinio.com\/wp-content\/uploads\/nc\/public\/modules\/file\/pictures\/6901.giol-pinot-grigio-IVINIO.jpg","width":500,"height":500},{"@type":"BreadcrumbList","@id":"https:\/\/www.ivinio.com\/sv\/produkt\/giol-pinot-grigio\/#breadcrumb","itemListElement":[{"@type":"ListItem","position":1,"name":"Hem","item":"https:\/\/www.ivinio.com\/sv\/"},{"@type":"ListItem","position":2,"name":"Vinbutik","item":"https:\/\/www.ivinio.com\/sv\/vinbutik\/"},{"@type":"ListItem","position":3,"name":"Giol &#8211; Pinot grigio &#8211; Vit"}]},{"@type":"WebSite","@id":"https:\/\/www.ivinio.com\/sv\/#website","url":"https:\/\/www.ivinio.com\/sv\/","name":"IVINIO Vinbutik","description":"Vin fr\u00e5n Frankrike och Italien med leverans hem till din d\u00f6rr","publisher":{"@id":"https:\/\/www.ivinio.com\/sv\/#organization"},"potentialAction":[{"@type":"SearchAction","target":{"@type":"EntryPoint","urlTemplate":"https:\/\/www.ivinio.com\/sv\/?s={search_term_string}"},"query-input":{"@type":"PropertyValueSpecification","valueRequired":true,"valueName":"search_term_string"}}],"inLanguage":"sv-SE"},{"@type":"Organization","@id":"https:\/\/www.ivinio.com\/sv\/#organization","name":"IVINIO","url":"https:\/\/www.ivinio.com\/sv\/","logo":{"@type":"ImageObject","inLanguage":"sv-SE","@id":"https:\/\/www.ivinio.com\/sv\/#\/schema\/logo\/image\/","url":"https:\/\/www.ivinio.com\/wp-content\/uploads\/2021\/01\/Logo-Ivinio-v2.jpg","contentUrl":"https:\/\/www.ivinio.com\/wp-content\/uploads\/2021\/01\/Logo-Ivinio-v2.jpg","width":1194,"height":1194,"caption":"IVINIO"},"image":{"@id":"https:\/\/www.ivinio.com\/sv\/#\/schema\/logo\/image\/"},"sameAs":["https:\/\/www.facebook.com\/groups\/165217837022391\/?ref=bookmarks","https:\/\/www.instagram.com\/_ivinio_\/?hl=fr"]}]}},"jetpack_sharing_enabled":true,"_links":{"self":[{"href":"https:\/\/www.ivinio.com\/sv\/wp-json\/wp\/v2\/product\/118067","targetHints":{"allow":["GET"]}}],"collection":[{"href":"https:\/\/www.ivinio.com\/sv\/wp-json\/wp\/v2\/product"}],"about":[{"href":"https:\/\/www.ivinio.com\/sv\/wp-json\/wp\/v2\/types\/product"}],"replies":[{"embeddable":true,"href":"https:\/\/www.ivinio.com\/sv\/wp-json\/wp\/v2\/comments?post=118067"}],"wp:featuredmedia":[{"embeddable":true,"href":"https:\/\/www.ivinio.com\/sv\/wp-json\/wp\/v2\/media\/118068"}],"wp:attachment":[{"href":"https:\/\/www.ivinio.com\/sv\/wp-json\/wp\/v2\/media?parent=118067"}],"wp:term":[{"taxonomy":"product_brand","embeddable":true,"href":"https:\/\/www.ivinio.com\/sv\/wp-json\/wp\/v2\/product_brand?post=118067"},{"taxonomy":"product_cat","embeddable":true,"href":"https:\/\/www.ivinio.com\/sv\/wp-json\/wp\/v2\/product_cat?post=118067"},{"taxonomy":"product_tag","embeddable":true,"href":"https:\/\/www.ivinio.com\/sv\/wp-json\/wp\/v2\/product_tag?post=118067"}],"curies":[{"name":"wp","href":"https:\/\/api.w.org\/{rel}","templated":true}]}}