{"id":118057,"date":"2014-06-26T00:57:47","date_gmt":"2014-06-25T22:57:47","guid":{"rendered":"https:\/\/henrik.www.ivinio.com\/?product=domaine-des-masques-essentielle-2018-vit"},"modified":"2025-01-13T18:50:27","modified_gmt":"2025-01-13T17:50:27","slug":"domaine-des-masques-essentielle-vit","status":"publish","type":"product","link":"https:\/\/www.ivinio.com\/sv\/produkt\/domaine-des-masques-essentielle-vit\/","title":{"rendered":"Domaine des Masques &#8211; Essentielle &#8211; Vit"},"content":{"rendered":"<p>&#8220;Essentielle&#8221; \u00e4r ett torrt men aromatiskt vitvin som framst\u00e4llts av 70 % Chardonnaydruvor och 30 % Grenache blanc. Elegant och med stor finess \u00e4r det ett ypperligt alternativ till finare viner fr\u00e5n Bourgogne. Druvorna sk\u00f6rdas p\u00e5 natten eller tidig morgon. Generaliserad avstj\u00e4lkning och l\u00e4tt krossning av druvorna beroende p\u00e5 druvsort och \u00e5rg\u00e5ng. Musten skyddas med koldioxid fr\u00e5n och med pressen och bibeh\u00e5lls under hela processen. Detta inneb\u00e4r att ingen tillsats av sulfiter g\u00f6rs f\u00f6rr\u00e4n i slutet av j\u00e4sningen.\u00a0Kylmacerering vid n\u00e4stan 0\u00b0C. Musten tappas sedan av och temperaturen regleras till 15-17\u00b0C f\u00f6r\u00a0 j\u00e4sningen. Vinet s\u00e4tts samman och filtrerades i december, f\u00f6r buteljering fr\u00e5n januari till juni.<\/p>\n","protected":false},"excerpt":{"rendered":"<p>Essentielle\u00a0 \u00e4r ett exklusivt vitvin fr\u00e5n Domaine des Masques. Endast 16 av ving\u00e5rdens 145 hektar utnyttjas till vinodling och utbudet \u00e4r d\u00e4rf\u00f6r begr\u00e4nsat. Kvalitet g\u00e5r h\u00e4r f\u00f6re kvantitet. Ett torrt men aromatiskt vitvin till fisk och skaldjur.<\/p>\n","protected":false},"featured_media":129194,"comment_status":"open","ping_status":"closed","template":"","meta":{"_monsterinsights_skip_tracking":false,"_monsterinsights_sitenote_active":false,"_monsterinsights_sitenote_note":"","_monsterinsights_sitenote_category":0,"_uf_show_specific_survey":0,"_uf_disable_surveys":false},"product_brand":[],"product_cat":[36587,36623],"product_tag":[],"class_list":{"0":"post-118057","1":"product","2":"type-product","3":"status-publish","4":"has-post-thumbnail","6":"product_cat-french-wines","7":"product_cat-en-provence","8":"pa_alcohol-degree-13-en","9":"pa_classification-igp-bouches-du-rhone-en","10":"pa_color-white-en","11":"pa_country-france-en","12":"pa_grape-variety-chardonnay-en","13":"pa_grape-variety-grenache-blanc-en","14":"pa_region-provence-en","15":"pa_storage-potential-3-years-en","16":"pa_vintage-2022-en","17":"pa_volume-75-cl-en","19":"first","20":"instock","21":"taxable","22":"shipping-taxable","23":"purchasable","24":"product-type-simple"},"bundled_by":[],"bundle_stock_status":"instock","bundle_stock_quantity":null,"bundle_virtual":false,"bundle_layout":"","bundle_add_to_cart_form_location":"","bundle_editable_in_cart":false,"bundle_sold_individually_context":"","bundle_item_grouping":"","bundle_min_size":"","bundle_max_size":"","bundle_price":[],"bundled_items":[],"bundle_sell_ids":[],"yoast_head":"<!-- This site is optimized with the Yoast SEO plugin v27.3 - https:\/\/yoast.com\/product\/yoast-seo-wordpress\/ -->\n<title>K\u00f6pa Domaine des Masques - Essentielle - IVINIO Wine Shop<\/title>\n<meta name=\"description\" content=\"K\u00f6pa Domaine des Masques - Essentielle. Ett vitvin fr\u00e5n gjort av chardonnay och lite Grenache blanc. Ett torrt men aromatiskt vitvin.\" \/>\n<meta name=\"robots\" content=\"index, follow, max-snippet:-1, max-image-preview:large, max-video-preview:-1\" \/>\n<link rel=\"canonical\" href=\"https:\/\/www.ivinio.com\/sv\/produkt\/domaine-des-masques-essentielle-vit\/\" \/>\n<meta property=\"og:locale\" content=\"sv_SE\" \/>\n<meta property=\"og:type\" content=\"article\" \/>\n<meta property=\"og:title\" content=\"K\u00f6pa Domaine des Masques - Essentielle - IVINIO Wine Shop\" \/>\n<meta property=\"og:description\" content=\"K\u00f6pa Domaine des Masques - Essentielle. Ett vitvin fr\u00e5n gjort av chardonnay och lite Grenache blanc. Ett torrt men aromatiskt vitvin.\" \/>\n<meta property=\"og:url\" content=\"https:\/\/www.ivinio.com\/sv\/produkt\/domaine-des-masques-essentielle-vit\/\" \/>\n<meta property=\"og:site_name\" content=\"IVINIO Wine Shop\" \/>\n<meta property=\"article:publisher\" content=\"https:\/\/www.facebook.com\/groups\/165217837022391\/?ref=bookmarks\" \/>\n<meta property=\"article:modified_time\" content=\"2025-01-13T17:50:27+00:00\" \/>\n<meta property=\"og:image\" content=\"https:\/\/www.ivinio.com\/wp-content\/uploads\/2014\/06\/domaine-des-masques-essentielle-chardonnay-ivinio.jpg\" \/>\n\t<meta property=\"og:image:width\" content=\"500\" \/>\n\t<meta property=\"og:image:height\" content=\"500\" \/>\n\t<meta property=\"og:image:type\" content=\"image\/jpeg\" \/>\n<meta name=\"twitter:card\" content=\"summary_large_image\" \/>\n<meta name=\"twitter:label1\" content=\"Ber\u00e4knad l\u00e4stid\" \/>\n\t<meta name=\"twitter:data1\" content=\"1 minut\" \/>\n<script type=\"application\/ld+json\" class=\"yoast-schema-graph\">{\"@context\":\"https:\\\/\\\/schema.org\",\"@graph\":[{\"@type\":\"WebPage\",\"@id\":\"https:\\\/\\\/www.ivinio.com\\\/sv\\\/produkt\\\/domaine-des-masques-essentielle-vit\\\/\",\"url\":\"https:\\\/\\\/www.ivinio.com\\\/sv\\\/produkt\\\/domaine-des-masques-essentielle-vit\\\/\",\"name\":\"K\u00f6pa Domaine des Masques - Essentielle - IVINIO Wine Shop\",\"isPartOf\":{\"@id\":\"https:\\\/\\\/www.ivinio.com\\\/sv\\\/#website\"},\"primaryImageOfPage\":{\"@id\":\"https:\\\/\\\/www.ivinio.com\\\/sv\\\/produkt\\\/domaine-des-masques-essentielle-vit\\\/#primaryimage\"},\"image\":{\"@id\":\"https:\\\/\\\/www.ivinio.com\\\/sv\\\/produkt\\\/domaine-des-masques-essentielle-vit\\\/#primaryimage\"},\"thumbnailUrl\":\"https:\\\/\\\/www.ivinio.com\\\/wp-content\\\/uploads\\\/2014\\\/06\\\/domaine-des-masques-essentielle-chardonnay-ivinio.jpg\",\"datePublished\":\"2014-06-25T22:57:47+00:00\",\"dateModified\":\"2025-01-13T17:50:27+00:00\",\"description\":\"K\u00f6pa Domaine des Masques - Essentielle. Ett vitvin fr\u00e5n gjort av chardonnay och lite Grenache blanc. Ett torrt men aromatiskt vitvin.\",\"breadcrumb\":{\"@id\":\"https:\\\/\\\/www.ivinio.com\\\/sv\\\/produkt\\\/domaine-des-masques-essentielle-vit\\\/#breadcrumb\"},\"inLanguage\":\"sv-SE\",\"potentialAction\":[{\"@type\":\"ReadAction\",\"target\":[\"https:\\\/\\\/www.ivinio.com\\\/sv\\\/produkt\\\/domaine-des-masques-essentielle-vit\\\/\"]}]},{\"@type\":\"ImageObject\",\"inLanguage\":\"sv-SE\",\"@id\":\"https:\\\/\\\/www.ivinio.com\\\/sv\\\/produkt\\\/domaine-des-masques-essentielle-vit\\\/#primaryimage\",\"url\":\"https:\\\/\\\/www.ivinio.com\\\/wp-content\\\/uploads\\\/2014\\\/06\\\/domaine-des-masques-essentielle-chardonnay-ivinio.jpg\",\"contentUrl\":\"https:\\\/\\\/www.ivinio.com\\\/wp-content\\\/uploads\\\/2014\\\/06\\\/domaine-des-masques-essentielle-chardonnay-ivinio.jpg\",\"width\":500,\"height\":500,\"caption\":\"Domaine des Masques - Essentielle\"},{\"@type\":\"BreadcrumbList\",\"@id\":\"https:\\\/\\\/www.ivinio.com\\\/sv\\\/produkt\\\/domaine-des-masques-essentielle-vit\\\/#breadcrumb\",\"itemListElement\":[{\"@type\":\"ListItem\",\"position\":1,\"name\":\"Hem\",\"item\":\"https:\\\/\\\/www.ivinio.com\\\/sv\\\/\"},{\"@type\":\"ListItem\",\"position\":2,\"name\":\"Vinbutik\",\"item\":\"https:\\\/\\\/www.ivinio.com\\\/sv\\\/vinbutik\\\/\"},{\"@type\":\"ListItem\",\"position\":3,\"name\":\"Domaine des Masques &#8211; Essentielle &#8211; Vit\"}]},{\"@type\":\"WebSite\",\"@id\":\"https:\\\/\\\/www.ivinio.com\\\/sv\\\/#website\",\"url\":\"https:\\\/\\\/www.ivinio.com\\\/sv\\\/\",\"name\":\"IVINIO Wine Shop\",\"description\":\"French and Italian wines with delivery to your door\",\"publisher\":{\"@id\":\"https:\\\/\\\/www.ivinio.com\\\/sv\\\/#organization\"},\"potentialAction\":[{\"@type\":\"SearchAction\",\"target\":{\"@type\":\"EntryPoint\",\"urlTemplate\":\"https:\\\/\\\/www.ivinio.com\\\/sv\\\/?s={search_term_string}\"},\"query-input\":{\"@type\":\"PropertyValueSpecification\",\"valueRequired\":true,\"valueName\":\"search_term_string\"}}],\"inLanguage\":\"sv-SE\"},{\"@type\":\"Organization\",\"@id\":\"https:\\\/\\\/www.ivinio.com\\\/sv\\\/#organization\",\"name\":\"IVINIO\",\"url\":\"https:\\\/\\\/www.ivinio.com\\\/sv\\\/\",\"logo\":{\"@type\":\"ImageObject\",\"inLanguage\":\"sv-SE\",\"@id\":\"https:\\\/\\\/www.ivinio.com\\\/sv\\\/#\\\/schema\\\/logo\\\/image\\\/\",\"url\":\"https:\\\/\\\/www.ivinio.com\\\/wp-content\\\/uploads\\\/2021\\\/01\\\/Logo-Ivinio-v2.jpg\",\"contentUrl\":\"https:\\\/\\\/www.ivinio.com\\\/wp-content\\\/uploads\\\/2021\\\/01\\\/Logo-Ivinio-v2.jpg\",\"width\":1194,\"height\":1194,\"caption\":\"IVINIO\"},\"image\":{\"@id\":\"https:\\\/\\\/www.ivinio.com\\\/sv\\\/#\\\/schema\\\/logo\\\/image\\\/\"},\"sameAs\":[\"https:\\\/\\\/www.facebook.com\\\/groups\\\/165217837022391\\\/?ref=bookmarks\",\"https:\\\/\\\/www.instagram.com\\\/_ivinio_\\\/?hl=fr\"]}]}<\/script>\n<!-- \/ Yoast SEO plugin. -->","yoast_head_json":{"title":"K\u00f6pa Domaine des Masques - Essentielle - IVINIO Wine Shop","description":"K\u00f6pa Domaine des Masques - Essentielle. Ett vitvin fr\u00e5n gjort av chardonnay och lite Grenache blanc. Ett torrt men aromatiskt vitvin.","robots":{"index":"index","follow":"follow","max-snippet":"max-snippet:-1","max-image-preview":"max-image-preview:large","max-video-preview":"max-video-preview:-1"},"canonical":"https:\/\/www.ivinio.com\/sv\/produkt\/domaine-des-masques-essentielle-vit\/","og_locale":"sv_SE","og_type":"article","og_title":"K\u00f6pa Domaine des Masques - Essentielle - IVINIO Wine Shop","og_description":"K\u00f6pa Domaine des Masques - Essentielle. Ett vitvin fr\u00e5n gjort av chardonnay och lite Grenache blanc. Ett torrt men aromatiskt vitvin.","og_url":"https:\/\/www.ivinio.com\/sv\/produkt\/domaine-des-masques-essentielle-vit\/","og_site_name":"IVINIO Wine Shop","article_publisher":"https:\/\/www.facebook.com\/groups\/165217837022391\/?ref=bookmarks","article_modified_time":"2025-01-13T17:50:27+00:00","og_image":[{"width":500,"height":500,"url":"https:\/\/www.ivinio.com\/wp-content\/uploads\/2014\/06\/domaine-des-masques-essentielle-chardonnay-ivinio.jpg","type":"image\/jpeg"}],"twitter_card":"summary_large_image","twitter_misc":{"Ber\u00e4knad l\u00e4stid":"1 minut"},"schema":{"@context":"https:\/\/schema.org","@graph":[{"@type":"WebPage","@id":"https:\/\/www.ivinio.com\/sv\/produkt\/domaine-des-masques-essentielle-vit\/","url":"https:\/\/www.ivinio.com\/sv\/produkt\/domaine-des-masques-essentielle-vit\/","name":"K\u00f6pa Domaine des Masques - Essentielle - IVINIO Wine Shop","isPartOf":{"@id":"https:\/\/www.ivinio.com\/sv\/#website"},"primaryImageOfPage":{"@id":"https:\/\/www.ivinio.com\/sv\/produkt\/domaine-des-masques-essentielle-vit\/#primaryimage"},"image":{"@id":"https:\/\/www.ivinio.com\/sv\/produkt\/domaine-des-masques-essentielle-vit\/#primaryimage"},"thumbnailUrl":"https:\/\/www.ivinio.com\/wp-content\/uploads\/2014\/06\/domaine-des-masques-essentielle-chardonnay-ivinio.jpg","datePublished":"2014-06-25T22:57:47+00:00","dateModified":"2025-01-13T17:50:27+00:00","description":"K\u00f6pa Domaine des Masques - Essentielle. Ett vitvin fr\u00e5n gjort av chardonnay och lite Grenache blanc. Ett torrt men aromatiskt vitvin.","breadcrumb":{"@id":"https:\/\/www.ivinio.com\/sv\/produkt\/domaine-des-masques-essentielle-vit\/#breadcrumb"},"inLanguage":"sv-SE","potentialAction":[{"@type":"ReadAction","target":["https:\/\/www.ivinio.com\/sv\/produkt\/domaine-des-masques-essentielle-vit\/"]}]},{"@type":"ImageObject","inLanguage":"sv-SE","@id":"https:\/\/www.ivinio.com\/sv\/produkt\/domaine-des-masques-essentielle-vit\/#primaryimage","url":"https:\/\/www.ivinio.com\/wp-content\/uploads\/2014\/06\/domaine-des-masques-essentielle-chardonnay-ivinio.jpg","contentUrl":"https:\/\/www.ivinio.com\/wp-content\/uploads\/2014\/06\/domaine-des-masques-essentielle-chardonnay-ivinio.jpg","width":500,"height":500,"caption":"Domaine des Masques - Essentielle"},{"@type":"BreadcrumbList","@id":"https:\/\/www.ivinio.com\/sv\/produkt\/domaine-des-masques-essentielle-vit\/#breadcrumb","itemListElement":[{"@type":"ListItem","position":1,"name":"Hem","item":"https:\/\/www.ivinio.com\/sv\/"},{"@type":"ListItem","position":2,"name":"Vinbutik","item":"https:\/\/www.ivinio.com\/sv\/vinbutik\/"},{"@type":"ListItem","position":3,"name":"Domaine des Masques &#8211; Essentielle &#8211; Vit"}]},{"@type":"WebSite","@id":"https:\/\/www.ivinio.com\/sv\/#website","url":"https:\/\/www.ivinio.com\/sv\/","name":"IVINIO Wine Shop","description":"French and Italian wines with delivery to your door","publisher":{"@id":"https:\/\/www.ivinio.com\/sv\/#organization"},"potentialAction":[{"@type":"SearchAction","target":{"@type":"EntryPoint","urlTemplate":"https:\/\/www.ivinio.com\/sv\/?s={search_term_string}"},"query-input":{"@type":"PropertyValueSpecification","valueRequired":true,"valueName":"search_term_string"}}],"inLanguage":"sv-SE"},{"@type":"Organization","@id":"https:\/\/www.ivinio.com\/sv\/#organization","name":"IVINIO","url":"https:\/\/www.ivinio.com\/sv\/","logo":{"@type":"ImageObject","inLanguage":"sv-SE","@id":"https:\/\/www.ivinio.com\/sv\/#\/schema\/logo\/image\/","url":"https:\/\/www.ivinio.com\/wp-content\/uploads\/2021\/01\/Logo-Ivinio-v2.jpg","contentUrl":"https:\/\/www.ivinio.com\/wp-content\/uploads\/2021\/01\/Logo-Ivinio-v2.jpg","width":1194,"height":1194,"caption":"IVINIO"},"image":{"@id":"https:\/\/www.ivinio.com\/sv\/#\/schema\/logo\/image\/"},"sameAs":["https:\/\/www.facebook.com\/groups\/165217837022391\/?ref=bookmarks","https:\/\/www.instagram.com\/_ivinio_\/?hl=fr"]}]}},"jetpack_sharing_enabled":true,"_links":{"self":[{"href":"https:\/\/www.ivinio.com\/sv\/wp-json\/wp\/v2\/product\/118057","targetHints":{"allow":["GET"]}}],"collection":[{"href":"https:\/\/www.ivinio.com\/sv\/wp-json\/wp\/v2\/product"}],"about":[{"href":"https:\/\/www.ivinio.com\/sv\/wp-json\/wp\/v2\/types\/product"}],"replies":[{"embeddable":true,"href":"https:\/\/www.ivinio.com\/sv\/wp-json\/wp\/v2\/comments?post=118057"}],"wp:featuredmedia":[{"embeddable":true,"href":"https:\/\/www.ivinio.com\/sv\/wp-json\/wp\/v2\/media\/129194"}],"wp:attachment":[{"href":"https:\/\/www.ivinio.com\/sv\/wp-json\/wp\/v2\/media?parent=118057"}],"wp:term":[{"taxonomy":"product_brand","embeddable":true,"href":"https:\/\/www.ivinio.com\/sv\/wp-json\/wp\/v2\/product_brand?post=118057"},{"taxonomy":"product_cat","embeddable":true,"href":"https:\/\/www.ivinio.com\/sv\/wp-json\/wp\/v2\/product_cat?post=118057"},{"taxonomy":"product_tag","embeddable":true,"href":"https:\/\/www.ivinio.com\/sv\/wp-json\/wp\/v2\/product_tag?post=118057"}],"curies":[{"name":"wp","href":"https:\/\/api.w.org\/{rel}","templated":true}]}}