{"id":118019,"date":"2014-05-21T12:20:34","date_gmt":"2014-05-21T10:20:34","guid":{"rendered":"https:\/\/henrik.www.ivinio.com\/?product=cremant-de-loire-amirault-les-quarterons"},"modified":"2023-01-07T19:44:40","modified_gmt":"2023-01-07T18:44:40","slug":"cremant-de-loire-amirault-les-quarterons","status":"publish","type":"product","link":"https:\/\/www.ivinio.com\/sv\/produkt\/cremant-de-loire-amirault-les-quarterons\/","title":{"rendered":"Cr\u00e9mant de Loire &#8211; Amirault &#8220;Les Quarterons&#8221;"},"content":{"rendered":"<p>Thierry Amirault\u00a0&#8220;Les Quarterons&#8221;<\/strong> framst\u00e4lls av fr\u00e4mst den lokala Chenindruvan och i mindre dosering \u00e4ven Chardonnay och Cabernet Francdruvor. Druvrankorna v\u00e4xer i lerig sandjord. Sk\u00f6rden g\u00f6rs manuellt och varje druvsort behandlas separat. Vinet framst\u00e4lls enligt den klassiska metoden och det\u00a0tar mellan 18-24 m\u00e5nader att tillverka det f\u00e4rdiga vinet.<\/p>\n","protected":false},"excerpt":{"rendered":"<p>&#8220;Les Quarterons&#8221; fr\u00e5n Xavier &amp; Thierry Amirault \u00e4r ett ekologiskt odlat bubbel fr\u00e5n Loire-dalen. Ett vin som gjorts\u00a0enligt den traditionella metoden med aromatiska inslag av rosor, citron och honung.<\/p>\n","protected":false},"featured_media":118020,"comment_status":"open","ping_status":"closed","template":"","meta":{"_monsterinsights_skip_tracking":false,"_monsterinsights_sitenote_active":false,"_monsterinsights_sitenote_note":"","_monsterinsights_sitenote_category":0,"_uf_show_specific_survey":0,"_uf_disable_surveys":false},"product_brand":[],"product_cat":[36588,36630],"product_tag":[],"class_list":{"0":"post-118019","1":"product","2":"type-product","3":"status-publish","4":"has-post-thumbnail","6":"product_cat-franska-viner","7":"product_cat-sv-loire","8":"pa_alcohol-degree-12-sv","9":"pa_classification-aop-cremant-de-loire-sv","10":"pa_color-mousserande-sv","11":"pa_country-frankrike-sv","12":"pa_grape-variety-cabernet-franc-sv","13":"pa_grape-variety-chardonnay-sv","14":"pa_grape-variety-chenin-sv","15":"pa_storage-potential-2-ar-sv","16":"pa_volume-75-cl-sv","18":"first","19":"outofstock","20":"taxable","21":"shipping-taxable","22":"purchasable","23":"product-type-simple"},"bundled_by":["118004"],"bundle_stock_status":"outofstock","bundle_stock_quantity":null,"bundle_virtual":false,"bundle_layout":"","bundle_add_to_cart_form_location":"","bundle_editable_in_cart":false,"bundle_sold_individually_context":"","bundle_item_grouping":"","bundle_min_size":"","bundle_max_size":"","bundle_price":[],"bundled_items":[],"bundle_sell_ids":[],"yoast_head":"<!-- This site is optimized with the Yoast SEO plugin v27.4 - https:\/\/yoast.com\/product\/yoast-seo-wordpress\/ -->\n<title>Cr\u00e9mant de Loire - Amirault &quot;Les Quarterons&quot; - Mousserande vin - Loiredalen - vin fr\u00e5n Loire - franska viner - Chenin<\/title>\n<meta name=\"description\" content=\"Cr\u00e9mant de Loire - &quot;The Quarterons&quot; dom\u00e4n Amirault \u00e4r ett mousserande vitt vin, mousserande vin odlas i ekologiskt jordbruk, med den traditionella metoden. Aromer av ros, citron och honung.\" \/>\n<meta name=\"robots\" content=\"index, follow, max-snippet:-1, max-image-preview:large, max-video-preview:-1\" \/>\n<link rel=\"canonical\" href=\"https:\/\/www.ivinio.com\/sv\/produkt\/cremant-de-loire-amirault-les-quarterons\/\" \/>\n<meta property=\"og:locale\" content=\"sv_SE\" \/>\n<meta property=\"og:type\" content=\"article\" \/>\n<meta property=\"og:title\" content=\"Cr\u00e9mant de Loire - Amirault &quot;Les Quarterons&quot; - Mousserande vin - Loiredalen - vin fr\u00e5n Loire - franska viner - Chenin\" \/>\n<meta property=\"og:description\" content=\"Cr\u00e9mant de Loire - &quot;The Quarterons&quot; dom\u00e4n Amirault \u00e4r ett mousserande vitt vin, mousserande vin odlas i ekologiskt jordbruk, med den traditionella metoden. Aromer av ros, citron och honung.\" \/>\n<meta property=\"og:url\" content=\"https:\/\/www.ivinio.com\/sv\/produkt\/cremant-de-loire-amirault-les-quarterons\/\" \/>\n<meta property=\"og:site_name\" content=\"IVINIO Vinbutik\" \/>\n<meta property=\"article:publisher\" content=\"https:\/\/www.facebook.com\/groups\/165217837022391\/?ref=bookmarks\" \/>\n<meta property=\"article:modified_time\" content=\"2023-01-07T18:44:40+00:00\" \/>\n<meta property=\"og:image\" content=\"https:\/\/www.ivinio.com\/wp-content\/uploads\/nc\/public\/modules\/file\/pictures\/4886.amiraultcremantloire500x500.jpg\" \/>\n\t<meta property=\"og:image:width\" content=\"500\" \/>\n\t<meta property=\"og:image:height\" content=\"500\" \/>\n\t<meta property=\"og:image:type\" content=\"image\/jpeg\" \/>\n<meta name=\"twitter:card\" content=\"summary_large_image\" \/>\n<script type=\"application\/ld+json\" class=\"yoast-schema-graph\">{\"@context\":\"https:\\\/\\\/schema.org\",\"@graph\":[{\"@type\":\"WebPage\",\"@id\":\"https:\\\/\\\/www.ivinio.com\\\/sv\\\/produkt\\\/cremant-de-loire-amirault-les-quarterons\\\/\",\"url\":\"https:\\\/\\\/www.ivinio.com\\\/sv\\\/produkt\\\/cremant-de-loire-amirault-les-quarterons\\\/\",\"name\":\"Cr\u00e9mant de Loire - Amirault \\\"Les Quarterons\\\" - Mousserande vin - Loiredalen - vin fr\u00e5n Loire - franska viner - Chenin\",\"isPartOf\":{\"@id\":\"https:\\\/\\\/www.ivinio.com\\\/sv\\\/#website\"},\"primaryImageOfPage\":{\"@id\":\"https:\\\/\\\/www.ivinio.com\\\/sv\\\/produkt\\\/cremant-de-loire-amirault-les-quarterons\\\/#primaryimage\"},\"image\":{\"@id\":\"https:\\\/\\\/www.ivinio.com\\\/sv\\\/produkt\\\/cremant-de-loire-amirault-les-quarterons\\\/#primaryimage\"},\"thumbnailUrl\":\"https:\\\/\\\/www.ivinio.com\\\/wp-content\\\/uploads\\\/nc\\\/public\\\/modules\\\/file\\\/pictures\\\/4886.amiraultcremantloire500x500.jpg\",\"datePublished\":\"2014-05-21T10:20:34+00:00\",\"dateModified\":\"2023-01-07T18:44:40+00:00\",\"description\":\"Cr\u00e9mant de Loire - \\\"The Quarterons\\\" dom\u00e4n Amirault \u00e4r ett mousserande vitt vin, mousserande vin odlas i ekologiskt jordbruk, med den traditionella metoden. Aromer av ros, citron och honung.\",\"breadcrumb\":{\"@id\":\"https:\\\/\\\/www.ivinio.com\\\/sv\\\/produkt\\\/cremant-de-loire-amirault-les-quarterons\\\/#breadcrumb\"},\"inLanguage\":\"sv-SE\",\"potentialAction\":[{\"@type\":\"ReadAction\",\"target\":[\"https:\\\/\\\/www.ivinio.com\\\/sv\\\/produkt\\\/cremant-de-loire-amirault-les-quarterons\\\/\"]}]},{\"@type\":\"ImageObject\",\"inLanguage\":\"sv-SE\",\"@id\":\"https:\\\/\\\/www.ivinio.com\\\/sv\\\/produkt\\\/cremant-de-loire-amirault-les-quarterons\\\/#primaryimage\",\"url\":\"https:\\\/\\\/www.ivinio.com\\\/wp-content\\\/uploads\\\/nc\\\/public\\\/modules\\\/file\\\/pictures\\\/4886.amiraultcremantloire500x500.jpg\",\"contentUrl\":\"https:\\\/\\\/www.ivinio.com\\\/wp-content\\\/uploads\\\/nc\\\/public\\\/modules\\\/file\\\/pictures\\\/4886.amiraultcremantloire500x500.jpg\",\"width\":500,\"height\":500,\"caption\":\"Cr\u00e9mant de Loire - Amirault \\\"Les Quarterons\\\"\"},{\"@type\":\"BreadcrumbList\",\"@id\":\"https:\\\/\\\/www.ivinio.com\\\/sv\\\/produkt\\\/cremant-de-loire-amirault-les-quarterons\\\/#breadcrumb\",\"itemListElement\":[{\"@type\":\"ListItem\",\"position\":1,\"name\":\"Hem\",\"item\":\"https:\\\/\\\/www.ivinio.com\\\/sv\\\/\"},{\"@type\":\"ListItem\",\"position\":2,\"name\":\"Vinbutik\",\"item\":\"https:\\\/\\\/www.ivinio.com\\\/sv\\\/vinbutik\\\/\"},{\"@type\":\"ListItem\",\"position\":3,\"name\":\"Cr\u00e9mant de Loire &#8211; Amirault &#8220;Les Quarterons&#8221;\"}]},{\"@type\":\"WebSite\",\"@id\":\"https:\\\/\\\/www.ivinio.com\\\/sv\\\/#website\",\"url\":\"https:\\\/\\\/www.ivinio.com\\\/sv\\\/\",\"name\":\"IVINIO Vinbutik\",\"description\":\"Vin fr\u00e5n Frankrike och Italien med leverans hem till din d\u00f6rr\",\"publisher\":{\"@id\":\"https:\\\/\\\/www.ivinio.com\\\/sv\\\/#organization\"},\"potentialAction\":[{\"@type\":\"SearchAction\",\"target\":{\"@type\":\"EntryPoint\",\"urlTemplate\":\"https:\\\/\\\/www.ivinio.com\\\/sv\\\/?s={search_term_string}\"},\"query-input\":{\"@type\":\"PropertyValueSpecification\",\"valueRequired\":true,\"valueName\":\"search_term_string\"}}],\"inLanguage\":\"sv-SE\"},{\"@type\":\"Organization\",\"@id\":\"https:\\\/\\\/www.ivinio.com\\\/sv\\\/#organization\",\"name\":\"IVINIO\",\"url\":\"https:\\\/\\\/www.ivinio.com\\\/sv\\\/\",\"logo\":{\"@type\":\"ImageObject\",\"inLanguage\":\"sv-SE\",\"@id\":\"https:\\\/\\\/www.ivinio.com\\\/sv\\\/#\\\/schema\\\/logo\\\/image\\\/\",\"url\":\"https:\\\/\\\/www.ivinio.com\\\/wp-content\\\/uploads\\\/2021\\\/01\\\/Logo-Ivinio-v2.jpg\",\"contentUrl\":\"https:\\\/\\\/www.ivinio.com\\\/wp-content\\\/uploads\\\/2021\\\/01\\\/Logo-Ivinio-v2.jpg\",\"width\":1194,\"height\":1194,\"caption\":\"IVINIO\"},\"image\":{\"@id\":\"https:\\\/\\\/www.ivinio.com\\\/sv\\\/#\\\/schema\\\/logo\\\/image\\\/\"},\"sameAs\":[\"https:\\\/\\\/www.facebook.com\\\/groups\\\/165217837022391\\\/?ref=bookmarks\",\"https:\\\/\\\/www.instagram.com\\\/_ivinio_\\\/?hl=fr\"]}]}<\/script>\n<!-- \/ Yoast SEO plugin. -->","yoast_head_json":{"title":"Cr\u00e9mant de Loire - Amirault \"Les Quarterons\" - Mousserande vin - Loiredalen - vin fr\u00e5n Loire - franska viner - Chenin","description":"Cr\u00e9mant de Loire - \"The Quarterons\" dom\u00e4n Amirault \u00e4r ett mousserande vitt vin, mousserande vin odlas i ekologiskt jordbruk, med den traditionella metoden. Aromer av ros, citron och honung.","robots":{"index":"index","follow":"follow","max-snippet":"max-snippet:-1","max-image-preview":"max-image-preview:large","max-video-preview":"max-video-preview:-1"},"canonical":"https:\/\/www.ivinio.com\/sv\/produkt\/cremant-de-loire-amirault-les-quarterons\/","og_locale":"sv_SE","og_type":"article","og_title":"Cr\u00e9mant de Loire - Amirault \"Les Quarterons\" - Mousserande vin - Loiredalen - vin fr\u00e5n Loire - franska viner - Chenin","og_description":"Cr\u00e9mant de Loire - \"The Quarterons\" dom\u00e4n Amirault \u00e4r ett mousserande vitt vin, mousserande vin odlas i ekologiskt jordbruk, med den traditionella metoden. Aromer av ros, citron och honung.","og_url":"https:\/\/www.ivinio.com\/sv\/produkt\/cremant-de-loire-amirault-les-quarterons\/","og_site_name":"IVINIO Vinbutik","article_publisher":"https:\/\/www.facebook.com\/groups\/165217837022391\/?ref=bookmarks","article_modified_time":"2023-01-07T18:44:40+00:00","og_image":[{"width":500,"height":500,"url":"https:\/\/www.ivinio.com\/wp-content\/uploads\/nc\/public\/modules\/file\/pictures\/4886.amiraultcremantloire500x500.jpg","type":"image\/jpeg"}],"twitter_card":"summary_large_image","schema":{"@context":"https:\/\/schema.org","@graph":[{"@type":"WebPage","@id":"https:\/\/www.ivinio.com\/sv\/produkt\/cremant-de-loire-amirault-les-quarterons\/","url":"https:\/\/www.ivinio.com\/sv\/produkt\/cremant-de-loire-amirault-les-quarterons\/","name":"Cr\u00e9mant de Loire - Amirault \"Les Quarterons\" - Mousserande vin - Loiredalen - vin fr\u00e5n Loire - franska viner - Chenin","isPartOf":{"@id":"https:\/\/www.ivinio.com\/sv\/#website"},"primaryImageOfPage":{"@id":"https:\/\/www.ivinio.com\/sv\/produkt\/cremant-de-loire-amirault-les-quarterons\/#primaryimage"},"image":{"@id":"https:\/\/www.ivinio.com\/sv\/produkt\/cremant-de-loire-amirault-les-quarterons\/#primaryimage"},"thumbnailUrl":"https:\/\/www.ivinio.com\/wp-content\/uploads\/nc\/public\/modules\/file\/pictures\/4886.amiraultcremantloire500x500.jpg","datePublished":"2014-05-21T10:20:34+00:00","dateModified":"2023-01-07T18:44:40+00:00","description":"Cr\u00e9mant de Loire - \"The Quarterons\" dom\u00e4n Amirault \u00e4r ett mousserande vitt vin, mousserande vin odlas i ekologiskt jordbruk, med den traditionella metoden. Aromer av ros, citron och honung.","breadcrumb":{"@id":"https:\/\/www.ivinio.com\/sv\/produkt\/cremant-de-loire-amirault-les-quarterons\/#breadcrumb"},"inLanguage":"sv-SE","potentialAction":[{"@type":"ReadAction","target":["https:\/\/www.ivinio.com\/sv\/produkt\/cremant-de-loire-amirault-les-quarterons\/"]}]},{"@type":"ImageObject","inLanguage":"sv-SE","@id":"https:\/\/www.ivinio.com\/sv\/produkt\/cremant-de-loire-amirault-les-quarterons\/#primaryimage","url":"https:\/\/www.ivinio.com\/wp-content\/uploads\/nc\/public\/modules\/file\/pictures\/4886.amiraultcremantloire500x500.jpg","contentUrl":"https:\/\/www.ivinio.com\/wp-content\/uploads\/nc\/public\/modules\/file\/pictures\/4886.amiraultcremantloire500x500.jpg","width":500,"height":500,"caption":"Cr\u00e9mant de Loire - Amirault \"Les Quarterons\""},{"@type":"BreadcrumbList","@id":"https:\/\/www.ivinio.com\/sv\/produkt\/cremant-de-loire-amirault-les-quarterons\/#breadcrumb","itemListElement":[{"@type":"ListItem","position":1,"name":"Hem","item":"https:\/\/www.ivinio.com\/sv\/"},{"@type":"ListItem","position":2,"name":"Vinbutik","item":"https:\/\/www.ivinio.com\/sv\/vinbutik\/"},{"@type":"ListItem","position":3,"name":"Cr\u00e9mant de Loire &#8211; Amirault &#8220;Les Quarterons&#8221;"}]},{"@type":"WebSite","@id":"https:\/\/www.ivinio.com\/sv\/#website","url":"https:\/\/www.ivinio.com\/sv\/","name":"IVINIO Vinbutik","description":"Vin fr\u00e5n Frankrike och Italien med leverans hem till din d\u00f6rr","publisher":{"@id":"https:\/\/www.ivinio.com\/sv\/#organization"},"potentialAction":[{"@type":"SearchAction","target":{"@type":"EntryPoint","urlTemplate":"https:\/\/www.ivinio.com\/sv\/?s={search_term_string}"},"query-input":{"@type":"PropertyValueSpecification","valueRequired":true,"valueName":"search_term_string"}}],"inLanguage":"sv-SE"},{"@type":"Organization","@id":"https:\/\/www.ivinio.com\/sv\/#organization","name":"IVINIO","url":"https:\/\/www.ivinio.com\/sv\/","logo":{"@type":"ImageObject","inLanguage":"sv-SE","@id":"https:\/\/www.ivinio.com\/sv\/#\/schema\/logo\/image\/","url":"https:\/\/www.ivinio.com\/wp-content\/uploads\/2021\/01\/Logo-Ivinio-v2.jpg","contentUrl":"https:\/\/www.ivinio.com\/wp-content\/uploads\/2021\/01\/Logo-Ivinio-v2.jpg","width":1194,"height":1194,"caption":"IVINIO"},"image":{"@id":"https:\/\/www.ivinio.com\/sv\/#\/schema\/logo\/image\/"},"sameAs":["https:\/\/www.facebook.com\/groups\/165217837022391\/?ref=bookmarks","https:\/\/www.instagram.com\/_ivinio_\/?hl=fr"]}]}},"jetpack_sharing_enabled":true,"_links":{"self":[{"href":"https:\/\/www.ivinio.com\/sv\/wp-json\/wp\/v2\/product\/118019","targetHints":{"allow":["GET"]}}],"collection":[{"href":"https:\/\/www.ivinio.com\/sv\/wp-json\/wp\/v2\/product"}],"about":[{"href":"https:\/\/www.ivinio.com\/sv\/wp-json\/wp\/v2\/types\/product"}],"replies":[{"embeddable":true,"href":"https:\/\/www.ivinio.com\/sv\/wp-json\/wp\/v2\/comments?post=118019"}],"wp:featuredmedia":[{"embeddable":true,"href":"https:\/\/www.ivinio.com\/sv\/wp-json\/wp\/v2\/media\/118020"}],"wp:attachment":[{"href":"https:\/\/www.ivinio.com\/sv\/wp-json\/wp\/v2\/media?parent=118019"}],"wp:term":[{"taxonomy":"product_brand","embeddable":true,"href":"https:\/\/www.ivinio.com\/sv\/wp-json\/wp\/v2\/product_brand?post=118019"},{"taxonomy":"product_cat","embeddable":true,"href":"https:\/\/www.ivinio.com\/sv\/wp-json\/wp\/v2\/product_cat?post=118019"},{"taxonomy":"product_tag","embeddable":true,"href":"https:\/\/www.ivinio.com\/sv\/wp-json\/wp\/v2\/product_tag?post=118019"}],"curies":[{"name":"wp","href":"https:\/\/api.w.org\/{rel}","templated":true}]}}