{"id":117943,"date":"2014-05-21T10:20:34","date_gmt":"2014-05-21T10:20:34","guid":{"rendered":"https:\/\/henrik.www.ivinio.com\/?product=domaine-de-tanella-clos-marc-aurele-2016-rod"},"modified":"2023-01-07T19:44:30","modified_gmt":"2023-01-07T18:44:30","slug":"domaine-de-tanella-clos-marc-aurele-rod","status":"publish","type":"product","link":"https:\/\/www.ivinio.com\/sv\/produkt\/domaine-de-tanella-clos-marc-aurele-rod\/","title":{"rendered":"Domaine de Tanella &#8211; Clos Marc Aur\u00e8le &#8211; R\u00f6d"},"content":{"rendered":"<p>Clos Marc-Aur\u00e8le har uppkallats efter sonen i familjen, Marc-aur\u00e8le. Vinet framst\u00e4lls av 50% Sciaccarellu-, 40% Niellucciu- och 10% Syrahdruvor. Druvorna separeras fr\u00e5n klasarna direkt efter sk\u00f6rden och f\u00e5r sedan kylmacereras f\u00f6r att bevara de naturliga aromerna. Efter j\u00e4sning lagras vinet p\u00e5 glast\u00e4ckt betong tank vilket ger en fruktig och fyllig smak.<\/p>\n","protected":false},"excerpt":{"rendered":"<p>Clos Marc Aur\u00e8le har uppkallats efter sonen Marc-Aur\u00e8le i familjen Peretti della Rocca. Ett fylligt och typiskt Korsikanskt r\u00f6dvin med inslag av kaffe och lakrits, gjort av Sciaccarellu-, Niellucciu- och syrahdruvor. Mycket gott och mycket sp\u00e4nnande!<\/p>\n","protected":false},"featured_media":117944,"comment_status":"open","ping_status":"closed","template":"","meta":{"_monsterinsights_skip_tracking":false,"_monsterinsights_sitenote_active":false,"_monsterinsights_sitenote_note":"","_monsterinsights_sitenote_category":0,"_uf_show_specific_survey":0,"_uf_disable_surveys":false},"product_brand":[],"product_cat":[36588,36636],"product_tag":[],"class_list":{"0":"post-117943","1":"product","2":"type-product","3":"status-publish","4":"has-post-thumbnail","6":"product_cat-franska-viner","7":"product_cat-sv-korsika","8":"pa_alcohol-degree-13-sv","9":"pa_awards-guide-hachette-sv","10":"pa_classification-aop-corse-figari-sv","11":"pa_color-rod-sv","12":"pa_country-frankrike-sv","13":"pa_grape-variety-niellucciu-2","14":"pa_grape-variety-sciaccarellu-2","15":"pa_grape-variety-syrah-sv","16":"pa_region-korsika-sv","17":"pa_storage-potential-8-ar","18":"pa_vintage-2019-sv","19":"pa_volume-75-cl-sv","21":"first","22":"instock","23":"taxable","24":"shipping-taxable","25":"purchasable","26":"product-type-simple"},"bundled_by":["117953"],"bundle_stock_status":"instock","bundle_stock_quantity":null,"bundle_virtual":false,"bundle_layout":"","bundle_add_to_cart_form_location":"","bundle_editable_in_cart":false,"bundle_sold_individually_context":"","bundle_item_grouping":"","bundle_min_size":"","bundle_max_size":"","bundle_price":[],"bundled_items":[],"bundle_sell_ids":[],"yoast_head":"<!-- This site is optimized with the Yoast SEO plugin v27.4 - https:\/\/yoast.com\/product\/yoast-seo-wordpress\/ -->\n<title>K\u00f6pa Domaine de Tanella - Clos Marc Aur\u00e8le - R\u00f6d - IVINIO Vinbutik<\/title>\n<meta name=\"description\" content=\"K\u00f6pa Domaine de Tanella - Clos Marc Aur\u00e8le - R\u00f6dvin. Fylligt och typiskt korsikanskt mycket v\u00e4lgjort med inslag av kaffe och lakrits.\" \/>\n<meta name=\"robots\" content=\"index, follow, max-snippet:-1, max-image-preview:large, max-video-preview:-1\" \/>\n<link rel=\"canonical\" href=\"https:\/\/www.ivinio.com\/sv\/produkt\/domaine-de-tanella-clos-marc-aurele-rod\/\" \/>\n<meta property=\"og:locale\" content=\"sv_SE\" \/>\n<meta property=\"og:type\" content=\"article\" \/>\n<meta property=\"og:title\" content=\"K\u00f6pa Domaine de Tanella - Clos Marc Aur\u00e8le - R\u00f6d - IVINIO Vinbutik\" \/>\n<meta property=\"og:description\" content=\"K\u00f6pa Domaine de Tanella - Clos Marc Aur\u00e8le - R\u00f6dvin. Fylligt och typiskt korsikanskt mycket v\u00e4lgjort med inslag av kaffe och lakrits.\" \/>\n<meta property=\"og:url\" content=\"https:\/\/www.ivinio.com\/sv\/produkt\/domaine-de-tanella-clos-marc-aurele-rod\/\" \/>\n<meta property=\"og:site_name\" content=\"IVINIO Vinbutik\" \/>\n<meta property=\"article:publisher\" content=\"https:\/\/www.facebook.com\/groups\/165217837022391\/?ref=bookmarks\" \/>\n<meta property=\"article:modified_time\" content=\"2023-01-07T18:44:30+00:00\" \/>\n<meta property=\"og:image\" content=\"https:\/\/www.ivinio.com\/wp-content\/uploads\/nc\/public\/modules\/file\/pictures\/4784.tanellamarcaurele500x500.jpg\" \/>\n\t<meta property=\"og:image:width\" content=\"500\" \/>\n\t<meta property=\"og:image:height\" content=\"500\" \/>\n\t<meta property=\"og:image:type\" content=\"image\/jpeg\" \/>\n<meta name=\"twitter:card\" content=\"summary_large_image\" \/>\n<script type=\"application\/ld+json\" class=\"yoast-schema-graph\">{\"@context\":\"https:\\\/\\\/schema.org\",\"@graph\":[{\"@type\":\"WebPage\",\"@id\":\"https:\\\/\\\/www.ivinio.com\\\/sv\\\/produkt\\\/domaine-de-tanella-clos-marc-aurele-rod\\\/\",\"url\":\"https:\\\/\\\/www.ivinio.com\\\/sv\\\/produkt\\\/domaine-de-tanella-clos-marc-aurele-rod\\\/\",\"name\":\"K\u00f6pa Domaine de Tanella - Clos Marc Aur\u00e8le - R\u00f6d - IVINIO Vinbutik\",\"isPartOf\":{\"@id\":\"https:\\\/\\\/www.ivinio.com\\\/sv\\\/#website\"},\"primaryImageOfPage\":{\"@id\":\"https:\\\/\\\/www.ivinio.com\\\/sv\\\/produkt\\\/domaine-de-tanella-clos-marc-aurele-rod\\\/#primaryimage\"},\"image\":{\"@id\":\"https:\\\/\\\/www.ivinio.com\\\/sv\\\/produkt\\\/domaine-de-tanella-clos-marc-aurele-rod\\\/#primaryimage\"},\"thumbnailUrl\":\"https:\\\/\\\/www.ivinio.com\\\/wp-content\\\/uploads\\\/nc\\\/public\\\/modules\\\/file\\\/pictures\\\/4784.tanellamarcaurele500x500.jpg\",\"datePublished\":\"2014-05-21T10:20:34+00:00\",\"dateModified\":\"2023-01-07T18:44:30+00:00\",\"description\":\"K\u00f6pa Domaine de Tanella - Clos Marc Aur\u00e8le - R\u00f6dvin. Fylligt och typiskt korsikanskt mycket v\u00e4lgjort med inslag av kaffe och lakrits.\",\"breadcrumb\":{\"@id\":\"https:\\\/\\\/www.ivinio.com\\\/sv\\\/produkt\\\/domaine-de-tanella-clos-marc-aurele-rod\\\/#breadcrumb\"},\"inLanguage\":\"sv-SE\",\"potentialAction\":[{\"@type\":\"ReadAction\",\"target\":[\"https:\\\/\\\/www.ivinio.com\\\/sv\\\/produkt\\\/domaine-de-tanella-clos-marc-aurele-rod\\\/\"]}]},{\"@type\":\"ImageObject\",\"inLanguage\":\"sv-SE\",\"@id\":\"https:\\\/\\\/www.ivinio.com\\\/sv\\\/produkt\\\/domaine-de-tanella-clos-marc-aurele-rod\\\/#primaryimage\",\"url\":\"https:\\\/\\\/www.ivinio.com\\\/wp-content\\\/uploads\\\/nc\\\/public\\\/modules\\\/file\\\/pictures\\\/4784.tanellamarcaurele500x500.jpg\",\"contentUrl\":\"https:\\\/\\\/www.ivinio.com\\\/wp-content\\\/uploads\\\/nc\\\/public\\\/modules\\\/file\\\/pictures\\\/4784.tanellamarcaurele500x500.jpg\",\"width\":500,\"height\":500,\"caption\":\"Domaine de Tanella - Clos Marc Aur\u00e8le\"},{\"@type\":\"BreadcrumbList\",\"@id\":\"https:\\\/\\\/www.ivinio.com\\\/sv\\\/produkt\\\/domaine-de-tanella-clos-marc-aurele-rod\\\/#breadcrumb\",\"itemListElement\":[{\"@type\":\"ListItem\",\"position\":1,\"name\":\"Hem\",\"item\":\"https:\\\/\\\/www.ivinio.com\\\/sv\\\/\"},{\"@type\":\"ListItem\",\"position\":2,\"name\":\"Vinbutik\",\"item\":\"https:\\\/\\\/www.ivinio.com\\\/sv\\\/vinbutik\\\/\"},{\"@type\":\"ListItem\",\"position\":3,\"name\":\"Domaine de Tanella &#8211; Clos Marc Aur\u00e8le &#8211; R\u00f6d\"}]},{\"@type\":\"WebSite\",\"@id\":\"https:\\\/\\\/www.ivinio.com\\\/sv\\\/#website\",\"url\":\"https:\\\/\\\/www.ivinio.com\\\/sv\\\/\",\"name\":\"IVINIO Vinbutik\",\"description\":\"Vin fr\u00e5n Frankrike och Italien med leverans hem till din d\u00f6rr\",\"publisher\":{\"@id\":\"https:\\\/\\\/www.ivinio.com\\\/sv\\\/#organization\"},\"potentialAction\":[{\"@type\":\"SearchAction\",\"target\":{\"@type\":\"EntryPoint\",\"urlTemplate\":\"https:\\\/\\\/www.ivinio.com\\\/sv\\\/?s={search_term_string}\"},\"query-input\":{\"@type\":\"PropertyValueSpecification\",\"valueRequired\":true,\"valueName\":\"search_term_string\"}}],\"inLanguage\":\"sv-SE\"},{\"@type\":\"Organization\",\"@id\":\"https:\\\/\\\/www.ivinio.com\\\/sv\\\/#organization\",\"name\":\"IVINIO\",\"url\":\"https:\\\/\\\/www.ivinio.com\\\/sv\\\/\",\"logo\":{\"@type\":\"ImageObject\",\"inLanguage\":\"sv-SE\",\"@id\":\"https:\\\/\\\/www.ivinio.com\\\/sv\\\/#\\\/schema\\\/logo\\\/image\\\/\",\"url\":\"https:\\\/\\\/www.ivinio.com\\\/wp-content\\\/uploads\\\/2021\\\/01\\\/Logo-Ivinio-v2.jpg\",\"contentUrl\":\"https:\\\/\\\/www.ivinio.com\\\/wp-content\\\/uploads\\\/2021\\\/01\\\/Logo-Ivinio-v2.jpg\",\"width\":1194,\"height\":1194,\"caption\":\"IVINIO\"},\"image\":{\"@id\":\"https:\\\/\\\/www.ivinio.com\\\/sv\\\/#\\\/schema\\\/logo\\\/image\\\/\"},\"sameAs\":[\"https:\\\/\\\/www.facebook.com\\\/groups\\\/165217837022391\\\/?ref=bookmarks\",\"https:\\\/\\\/www.instagram.com\\\/_ivinio_\\\/?hl=fr\"]}]}<\/script>\n<!-- \/ Yoast SEO plugin. -->","yoast_head_json":{"title":"K\u00f6pa Domaine de Tanella - Clos Marc Aur\u00e8le - R\u00f6d - IVINIO Vinbutik","description":"K\u00f6pa Domaine de Tanella - Clos Marc Aur\u00e8le - R\u00f6dvin. Fylligt och typiskt korsikanskt mycket v\u00e4lgjort med inslag av kaffe och lakrits.","robots":{"index":"index","follow":"follow","max-snippet":"max-snippet:-1","max-image-preview":"max-image-preview:large","max-video-preview":"max-video-preview:-1"},"canonical":"https:\/\/www.ivinio.com\/sv\/produkt\/domaine-de-tanella-clos-marc-aurele-rod\/","og_locale":"sv_SE","og_type":"article","og_title":"K\u00f6pa Domaine de Tanella - Clos Marc Aur\u00e8le - R\u00f6d - IVINIO Vinbutik","og_description":"K\u00f6pa Domaine de Tanella - Clos Marc Aur\u00e8le - R\u00f6dvin. Fylligt och typiskt korsikanskt mycket v\u00e4lgjort med inslag av kaffe och lakrits.","og_url":"https:\/\/www.ivinio.com\/sv\/produkt\/domaine-de-tanella-clos-marc-aurele-rod\/","og_site_name":"IVINIO Vinbutik","article_publisher":"https:\/\/www.facebook.com\/groups\/165217837022391\/?ref=bookmarks","article_modified_time":"2023-01-07T18:44:30+00:00","og_image":[{"width":500,"height":500,"url":"https:\/\/www.ivinio.com\/wp-content\/uploads\/nc\/public\/modules\/file\/pictures\/4784.tanellamarcaurele500x500.jpg","type":"image\/jpeg"}],"twitter_card":"summary_large_image","schema":{"@context":"https:\/\/schema.org","@graph":[{"@type":"WebPage","@id":"https:\/\/www.ivinio.com\/sv\/produkt\/domaine-de-tanella-clos-marc-aurele-rod\/","url":"https:\/\/www.ivinio.com\/sv\/produkt\/domaine-de-tanella-clos-marc-aurele-rod\/","name":"K\u00f6pa Domaine de Tanella - Clos Marc Aur\u00e8le - R\u00f6d - IVINIO Vinbutik","isPartOf":{"@id":"https:\/\/www.ivinio.com\/sv\/#website"},"primaryImageOfPage":{"@id":"https:\/\/www.ivinio.com\/sv\/produkt\/domaine-de-tanella-clos-marc-aurele-rod\/#primaryimage"},"image":{"@id":"https:\/\/www.ivinio.com\/sv\/produkt\/domaine-de-tanella-clos-marc-aurele-rod\/#primaryimage"},"thumbnailUrl":"https:\/\/www.ivinio.com\/wp-content\/uploads\/nc\/public\/modules\/file\/pictures\/4784.tanellamarcaurele500x500.jpg","datePublished":"2014-05-21T10:20:34+00:00","dateModified":"2023-01-07T18:44:30+00:00","description":"K\u00f6pa Domaine de Tanella - Clos Marc Aur\u00e8le - R\u00f6dvin. Fylligt och typiskt korsikanskt mycket v\u00e4lgjort med inslag av kaffe och lakrits.","breadcrumb":{"@id":"https:\/\/www.ivinio.com\/sv\/produkt\/domaine-de-tanella-clos-marc-aurele-rod\/#breadcrumb"},"inLanguage":"sv-SE","potentialAction":[{"@type":"ReadAction","target":["https:\/\/www.ivinio.com\/sv\/produkt\/domaine-de-tanella-clos-marc-aurele-rod\/"]}]},{"@type":"ImageObject","inLanguage":"sv-SE","@id":"https:\/\/www.ivinio.com\/sv\/produkt\/domaine-de-tanella-clos-marc-aurele-rod\/#primaryimage","url":"https:\/\/www.ivinio.com\/wp-content\/uploads\/nc\/public\/modules\/file\/pictures\/4784.tanellamarcaurele500x500.jpg","contentUrl":"https:\/\/www.ivinio.com\/wp-content\/uploads\/nc\/public\/modules\/file\/pictures\/4784.tanellamarcaurele500x500.jpg","width":500,"height":500,"caption":"Domaine de Tanella - Clos Marc Aur\u00e8le"},{"@type":"BreadcrumbList","@id":"https:\/\/www.ivinio.com\/sv\/produkt\/domaine-de-tanella-clos-marc-aurele-rod\/#breadcrumb","itemListElement":[{"@type":"ListItem","position":1,"name":"Hem","item":"https:\/\/www.ivinio.com\/sv\/"},{"@type":"ListItem","position":2,"name":"Vinbutik","item":"https:\/\/www.ivinio.com\/sv\/vinbutik\/"},{"@type":"ListItem","position":3,"name":"Domaine de Tanella &#8211; Clos Marc Aur\u00e8le &#8211; R\u00f6d"}]},{"@type":"WebSite","@id":"https:\/\/www.ivinio.com\/sv\/#website","url":"https:\/\/www.ivinio.com\/sv\/","name":"IVINIO Vinbutik","description":"Vin fr\u00e5n Frankrike och Italien med leverans hem till din d\u00f6rr","publisher":{"@id":"https:\/\/www.ivinio.com\/sv\/#organization"},"potentialAction":[{"@type":"SearchAction","target":{"@type":"EntryPoint","urlTemplate":"https:\/\/www.ivinio.com\/sv\/?s={search_term_string}"},"query-input":{"@type":"PropertyValueSpecification","valueRequired":true,"valueName":"search_term_string"}}],"inLanguage":"sv-SE"},{"@type":"Organization","@id":"https:\/\/www.ivinio.com\/sv\/#organization","name":"IVINIO","url":"https:\/\/www.ivinio.com\/sv\/","logo":{"@type":"ImageObject","inLanguage":"sv-SE","@id":"https:\/\/www.ivinio.com\/sv\/#\/schema\/logo\/image\/","url":"https:\/\/www.ivinio.com\/wp-content\/uploads\/2021\/01\/Logo-Ivinio-v2.jpg","contentUrl":"https:\/\/www.ivinio.com\/wp-content\/uploads\/2021\/01\/Logo-Ivinio-v2.jpg","width":1194,"height":1194,"caption":"IVINIO"},"image":{"@id":"https:\/\/www.ivinio.com\/sv\/#\/schema\/logo\/image\/"},"sameAs":["https:\/\/www.facebook.com\/groups\/165217837022391\/?ref=bookmarks","https:\/\/www.instagram.com\/_ivinio_\/?hl=fr"]}]}},"jetpack_sharing_enabled":true,"_links":{"self":[{"href":"https:\/\/www.ivinio.com\/sv\/wp-json\/wp\/v2\/product\/117943","targetHints":{"allow":["GET"]}}],"collection":[{"href":"https:\/\/www.ivinio.com\/sv\/wp-json\/wp\/v2\/product"}],"about":[{"href":"https:\/\/www.ivinio.com\/sv\/wp-json\/wp\/v2\/types\/product"}],"replies":[{"embeddable":true,"href":"https:\/\/www.ivinio.com\/sv\/wp-json\/wp\/v2\/comments?post=117943"}],"wp:featuredmedia":[{"embeddable":true,"href":"https:\/\/www.ivinio.com\/sv\/wp-json\/wp\/v2\/media\/117944"}],"wp:attachment":[{"href":"https:\/\/www.ivinio.com\/sv\/wp-json\/wp\/v2\/media?parent=117943"}],"wp:term":[{"taxonomy":"product_brand","embeddable":true,"href":"https:\/\/www.ivinio.com\/sv\/wp-json\/wp\/v2\/product_brand?post=117943"},{"taxonomy":"product_cat","embeddable":true,"href":"https:\/\/www.ivinio.com\/sv\/wp-json\/wp\/v2\/product_cat?post=117943"},{"taxonomy":"product_tag","embeddable":true,"href":"https:\/\/www.ivinio.com\/sv\/wp-json\/wp\/v2\/product_tag?post=117943"}],"curies":[{"name":"wp","href":"https:\/\/api.w.org\/{rel}","templated":true}]}}