{"id":117923,"date":"2014-05-21T10:20:34","date_gmt":"2014-05-21T10:20:34","guid":{"rendered":"https:\/\/henrik.www.ivinio.com\/?product=chateau-dor-de-gueules-blandad-vinlada-3x2-flaskor-les-cimels"},"modified":"2025-03-26T11:02:47","modified_gmt":"2025-03-26T10:02:47","slug":"chateau-dor-de-gueules-blandad-vinlada-3x2-flaskor-les-cimels","status":"publish","type":"product","link":"https:\/\/www.ivinio.com\/sv\/produkt\/chateau-dor-de-gueules-blandad-vinlada-3x2-flaskor-les-cimels\/","title":{"rendered":"Ch\u00e2teau d&#8217;Or &#038; de Gueules &#8211; Blandad vinl\u00e5da 3&#215;2 flaskor  &#8220;Les Cimels&#8221;"},"content":{"rendered":"<p>Domaine d&#8217;Or &amp; de Gueules ligger i utkanten av Camargue i s\u00f6dra Frankrike, mellan St Gilles och G\u00e9n\u00e9rac i den s\u00f6dra delen av det vindistrikt som kallas &#8220;Costi\u00e8res de Nimes&#8221;. En spontan \u00f6vers\u00e4ttning av ving\u00e5rdens namn ger det n\u00e5got\u00a0besynnerliga namnet &#8220;Guld och k\u00e4ftving\u00e5rden&#8221;. Vad som gl\u00f6mts bort \u00e4r dock att &#8220;Gueule&#8221; inte bara betyder &#8220;k\u00e4ft&#8221;, men det \u00e4r ocks\u00e5 ordet f\u00f6r den r\u00f6da f\u00e4rgen p\u00e5 gammelfranska. Ving\u00e5rdens r\u00e4tta namn \u00e4r d\u00e4rf\u00f6r &#8220;Den R\u00f6da och Guldiga ving\u00e5rden&#8221;. Namnet kommer fr\u00e5n Diane de Puymorin&#8217;s\u00a0sl\u00e4ktvapen\u00a0som man tycker passar bra f\u00f6r att karakt\u00e4risera familjens vinproduktion. Guldet st\u00e5r f\u00f6r den sydfranska solens kraft och styrka och den r\u00f6da f\u00e4rgen symboliserar\u00a0karakt\u00e4r och fyllighet.\u00a0Och visst \u00e4r det viner med stor personlighet, finess och elegans\u00a0som framst\u00e4lls h\u00e4r! Vinet odlas p\u00e5 mark som \u00e4r exponerad i idealisk sydlig\/syd\u00f6stlig riktning \u00f6ver 50 hektars mark.<\/p>\n","protected":false},"excerpt":{"rendered":"<p>I denna l\u00e5da\u00a0ing\u00e5r 2 flaskor &#8220;Les Cimels&#8221; av var sort. Ett utm\u00e4rkt provsmakarpaket med 2 r\u00f6da, 2 vita och 2 ros\u00e9viner!<\/p>\n","protected":false},"featured_media":117924,"comment_status":"open","ping_status":"closed","template":"","meta":{"_monsterinsights_skip_tracking":false,"_monsterinsights_sitenote_active":false,"_monsterinsights_sitenote_note":"","_monsterinsights_sitenote_category":0,"_uf_show_specific_survey":0,"_uf_disable_surveys":false},"product_brand":[],"product_cat":[36645],"product_tag":[],"class_list":{"0":"post-117923","1":"product","2":"type-product","3":"status-publish","4":"has-post-thumbnail","6":"product_cat-blandade-provsmakningslador","7":"pa_classification-aop-costieres-de-nimes-sv","8":"pa_color-rod-sv","9":"pa_color-rose-sv","10":"pa_color-vit-sv","11":"pa_country-frankrike-sv","12":"pa_package-1x6-sv","13":"pa_region-rhonedalen-sv","14":"pa_volume-75-cl-sv","16":"first","17":"instock","18":"taxable","19":"shipping-taxable","20":"purchasable","21":"product-type-bundle"},"bundled_by":[],"bundle_stock_status":"instock","bundle_stock_quantity":"","bundle_virtual":false,"bundle_layout":"grid","bundle_add_to_cart_form_location":"after_summary","bundle_editable_in_cart":false,"bundle_sold_individually_context":"product","bundle_item_grouping":"noindent","bundle_min_size":"","bundle_max_size":"","bundle_price":{"price":{"min":{"incl_tax":"55","excl_tax":"55"},"max":{"incl_tax":"55","excl_tax":"55"}},"regular_price":{"min":{"incl_tax":"55","excl_tax":"55"},"max":{"incl_tax":"55","excl_tax":"55"}}},"bundled_items":[{"bundled_item_id":8370,"product_id":117896,"menu_order":0,"quantity_min":2,"quantity_max":2,"quantity_default":2,"priced_individually":false,"shipped_individually":false,"override_title":false,"title":"Ch\u00e2teau d'Or & de Gueules - Les Cimels - Vit","override_description":false,"description":"Ch\u00e2teau d&#8217;Or &#038; de Gueules &#8211; Les Cimels &#8211; Vit","optional":false,"hide_thumbnail":false,"discount":"","override_variations":true,"allowed_variations":[""],"override_default_variation_attributes":true,"default_variation_attributes":[],"single_product_visibility":"visible","cart_visibility":"hidden","order_visibility":"visible","single_product_price_visibility":"visible","cart_price_visibility":"visible","order_price_visibility":"visible","stock_status":"in_stock"},{"bundled_item_id":8371,"product_id":117901,"menu_order":1,"quantity_min":2,"quantity_max":2,"quantity_default":2,"priced_individually":false,"shipped_individually":false,"override_title":false,"title":"Ch\u00e2teau d'Or & de Gueules - Les Cimels - Ros\u00e9","override_description":false,"description":"Ch\u00e2teau d&#8217;Or &#038; de Gueules &#8211; Les Cimels &#8211; Ros\u00e9","optional":false,"hide_thumbnail":false,"discount":"","override_variations":true,"allowed_variations":[""],"override_default_variation_attributes":true,"default_variation_attributes":[],"single_product_visibility":"visible","cart_visibility":"hidden","order_visibility":"visible","single_product_price_visibility":"visible","cart_price_visibility":"visible","order_price_visibility":"visible","stock_status":"in_stock"},{"bundled_item_id":8372,"product_id":117906,"menu_order":2,"quantity_min":2,"quantity_max":2,"quantity_default":2,"priced_individually":false,"shipped_individually":false,"override_title":false,"title":"Ch\u00e2teau d'Or & de Gueules - Les Cimels r\u00f6d","override_description":false,"description":"Ch\u00e2teau d&#8217;Or &#038; de Gueules &#8211; Les Cimels r\u00f6d","optional":false,"hide_thumbnail":false,"discount":"","override_variations":true,"allowed_variations":[""],"override_default_variation_attributes":true,"default_variation_attributes":[],"single_product_visibility":"visible","cart_visibility":"hidden","order_visibility":"visible","single_product_price_visibility":"visible","cart_price_visibility":"visible","order_price_visibility":"visible","stock_status":"in_stock"}],"bundle_sell_ids":[],"yoast_head":"<!-- This site is optimized with the Yoast SEO plugin v27.3 - https:\/\/yoast.com\/product\/yoast-seo-wordpress\/ -->\n<title>K\u00f6pa Ch\u00e2teau d&#039;Or &amp; de Gueules - Blandad vinl\u00e5da - IVINIO Vinbutik<\/title>\n<meta name=\"description\" content=\"K\u00f6pa Ch\u00e2teau d&#039;Or &amp; de Gueules - Blandad vinl\u00e5da. En blandad vinl\u00e5da med vin 3x2 flaskor les cimels fr\u00e5n Domaine d&#039;or &amp; de gueules.\" \/>\n<meta name=\"robots\" content=\"index, follow, max-snippet:-1, max-image-preview:large, max-video-preview:-1\" \/>\n<link rel=\"canonical\" href=\"https:\/\/www.ivinio.com\/sv\/produkt\/chateau-dor-de-gueules-blandad-vinlada-3x2-flaskor-les-cimels\/\" \/>\n<meta property=\"og:locale\" content=\"sv_SE\" \/>\n<meta property=\"og:type\" content=\"article\" \/>\n<meta property=\"og:title\" content=\"K\u00f6pa Ch\u00e2teau d&#039;Or &amp; de Gueules - Blandad vinl\u00e5da - IVINIO Vinbutik\" \/>\n<meta property=\"og:description\" content=\"K\u00f6pa Ch\u00e2teau d&#039;Or &amp; de Gueules - Blandad vinl\u00e5da. En blandad vinl\u00e5da med vin 3x2 flaskor les cimels fr\u00e5n Domaine d&#039;or &amp; de gueules.\" \/>\n<meta property=\"og:url\" content=\"https:\/\/www.ivinio.com\/sv\/produkt\/chateau-dor-de-gueules-blandad-vinlada-3x2-flaskor-les-cimels\/\" \/>\n<meta property=\"og:site_name\" content=\"IVINIO Vinbutik\" \/>\n<meta property=\"article:publisher\" content=\"https:\/\/www.facebook.com\/groups\/165217837022391\/?ref=bookmarks\" \/>\n<meta property=\"article:modified_time\" content=\"2025-03-26T10:02:47+00:00\" \/>\n<meta property=\"og:image\" content=\"https:\/\/www.ivinio.com\/wp-content\/uploads\/nc\/public\/modules\/file\/pictures\/4583.packlescimels500x500.jpg\" \/>\n\t<meta property=\"og:image:width\" content=\"500\" \/>\n\t<meta property=\"og:image:height\" content=\"500\" \/>\n\t<meta property=\"og:image:type\" content=\"image\/jpeg\" \/>\n<meta name=\"twitter:card\" content=\"summary_large_image\" \/>\n<meta name=\"twitter:label1\" content=\"Ber\u00e4knad l\u00e4stid\" \/>\n\t<meta name=\"twitter:data1\" content=\"1 minut\" \/>\n<script type=\"application\/ld+json\" class=\"yoast-schema-graph\">{\"@context\":\"https:\\\/\\\/schema.org\",\"@graph\":[{\"@type\":\"WebPage\",\"@id\":\"https:\\\/\\\/www.ivinio.com\\\/sv\\\/produkt\\\/chateau-dor-de-gueules-blandad-vinlada-3x2-flaskor-les-cimels\\\/\",\"url\":\"https:\\\/\\\/www.ivinio.com\\\/sv\\\/produkt\\\/chateau-dor-de-gueules-blandad-vinlada-3x2-flaskor-les-cimels\\\/\",\"name\":\"K\u00f6pa Ch\u00e2teau d'Or & de Gueules - Blandad vinl\u00e5da - IVINIO Vinbutik\",\"isPartOf\":{\"@id\":\"https:\\\/\\\/www.ivinio.com\\\/sv\\\/#website\"},\"primaryImageOfPage\":{\"@id\":\"https:\\\/\\\/www.ivinio.com\\\/sv\\\/produkt\\\/chateau-dor-de-gueules-blandad-vinlada-3x2-flaskor-les-cimels\\\/#primaryimage\"},\"image\":{\"@id\":\"https:\\\/\\\/www.ivinio.com\\\/sv\\\/produkt\\\/chateau-dor-de-gueules-blandad-vinlada-3x2-flaskor-les-cimels\\\/#primaryimage\"},\"thumbnailUrl\":\"https:\\\/\\\/www.ivinio.com\\\/wp-content\\\/uploads\\\/nc\\\/public\\\/modules\\\/file\\\/pictures\\\/4583.packlescimels500x500.jpg\",\"datePublished\":\"2014-05-21T10:20:34+00:00\",\"dateModified\":\"2025-03-26T10:02:47+00:00\",\"description\":\"K\u00f6pa Ch\u00e2teau d'Or & de Gueules - Blandad vinl\u00e5da. En blandad vinl\u00e5da med vin 3x2 flaskor les cimels fr\u00e5n Domaine d'or & de gueules.\",\"breadcrumb\":{\"@id\":\"https:\\\/\\\/www.ivinio.com\\\/sv\\\/produkt\\\/chateau-dor-de-gueules-blandad-vinlada-3x2-flaskor-les-cimels\\\/#breadcrumb\"},\"inLanguage\":\"sv-SE\",\"potentialAction\":[{\"@type\":\"ReadAction\",\"target\":[\"https:\\\/\\\/www.ivinio.com\\\/sv\\\/produkt\\\/chateau-dor-de-gueules-blandad-vinlada-3x2-flaskor-les-cimels\\\/\"]}]},{\"@type\":\"ImageObject\",\"inLanguage\":\"sv-SE\",\"@id\":\"https:\\\/\\\/www.ivinio.com\\\/sv\\\/produkt\\\/chateau-dor-de-gueules-blandad-vinlada-3x2-flaskor-les-cimels\\\/#primaryimage\",\"url\":\"https:\\\/\\\/www.ivinio.com\\\/wp-content\\\/uploads\\\/nc\\\/public\\\/modules\\\/file\\\/pictures\\\/4583.packlescimels500x500.jpg\",\"contentUrl\":\"https:\\\/\\\/www.ivinio.com\\\/wp-content\\\/uploads\\\/nc\\\/public\\\/modules\\\/file\\\/pictures\\\/4583.packlescimels500x500.jpg\",\"width\":500,\"height\":500},{\"@type\":\"BreadcrumbList\",\"@id\":\"https:\\\/\\\/www.ivinio.com\\\/sv\\\/produkt\\\/chateau-dor-de-gueules-blandad-vinlada-3x2-flaskor-les-cimels\\\/#breadcrumb\",\"itemListElement\":[{\"@type\":\"ListItem\",\"position\":1,\"name\":\"Hem\",\"item\":\"https:\\\/\\\/www.ivinio.com\\\/sv\\\/\"},{\"@type\":\"ListItem\",\"position\":2,\"name\":\"Vinbutik\",\"item\":\"https:\\\/\\\/www.ivinio.com\\\/sv\\\/vinbutik\\\/\"},{\"@type\":\"ListItem\",\"position\":3,\"name\":\"Ch\u00e2teau d&#8217;Or &#038; de Gueules &#8211; Blandad vinl\u00e5da 3&#215;2 flaskor &#8220;Les Cimels&#8221;\"}]},{\"@type\":\"WebSite\",\"@id\":\"https:\\\/\\\/www.ivinio.com\\\/sv\\\/#website\",\"url\":\"https:\\\/\\\/www.ivinio.com\\\/sv\\\/\",\"name\":\"IVINIO Vinbutik\",\"description\":\"Vin fr\u00e5n Frankrike och Italien med leverans hem till din d\u00f6rr\",\"publisher\":{\"@id\":\"https:\\\/\\\/www.ivinio.com\\\/sv\\\/#organization\"},\"potentialAction\":[{\"@type\":\"SearchAction\",\"target\":{\"@type\":\"EntryPoint\",\"urlTemplate\":\"https:\\\/\\\/www.ivinio.com\\\/sv\\\/?s={search_term_string}\"},\"query-input\":{\"@type\":\"PropertyValueSpecification\",\"valueRequired\":true,\"valueName\":\"search_term_string\"}}],\"inLanguage\":\"sv-SE\"},{\"@type\":\"Organization\",\"@id\":\"https:\\\/\\\/www.ivinio.com\\\/sv\\\/#organization\",\"name\":\"IVINIO\",\"url\":\"https:\\\/\\\/www.ivinio.com\\\/sv\\\/\",\"logo\":{\"@type\":\"ImageObject\",\"inLanguage\":\"sv-SE\",\"@id\":\"https:\\\/\\\/www.ivinio.com\\\/sv\\\/#\\\/schema\\\/logo\\\/image\\\/\",\"url\":\"https:\\\/\\\/www.ivinio.com\\\/wp-content\\\/uploads\\\/2021\\\/01\\\/Logo-Ivinio-v2.jpg\",\"contentUrl\":\"https:\\\/\\\/www.ivinio.com\\\/wp-content\\\/uploads\\\/2021\\\/01\\\/Logo-Ivinio-v2.jpg\",\"width\":1194,\"height\":1194,\"caption\":\"IVINIO\"},\"image\":{\"@id\":\"https:\\\/\\\/www.ivinio.com\\\/sv\\\/#\\\/schema\\\/logo\\\/image\\\/\"},\"sameAs\":[\"https:\\\/\\\/www.facebook.com\\\/groups\\\/165217837022391\\\/?ref=bookmarks\",\"https:\\\/\\\/www.instagram.com\\\/_ivinio_\\\/?hl=fr\"]}]}<\/script>\n<!-- \/ Yoast SEO plugin. -->","yoast_head_json":{"title":"K\u00f6pa Ch\u00e2teau d'Or & de Gueules - Blandad vinl\u00e5da - IVINIO Vinbutik","description":"K\u00f6pa Ch\u00e2teau d'Or & de Gueules - Blandad vinl\u00e5da. En blandad vinl\u00e5da med vin 3x2 flaskor les cimels fr\u00e5n Domaine d'or & de gueules.","robots":{"index":"index","follow":"follow","max-snippet":"max-snippet:-1","max-image-preview":"max-image-preview:large","max-video-preview":"max-video-preview:-1"},"canonical":"https:\/\/www.ivinio.com\/sv\/produkt\/chateau-dor-de-gueules-blandad-vinlada-3x2-flaskor-les-cimels\/","og_locale":"sv_SE","og_type":"article","og_title":"K\u00f6pa Ch\u00e2teau d'Or & de Gueules - Blandad vinl\u00e5da - IVINIO Vinbutik","og_description":"K\u00f6pa Ch\u00e2teau d'Or & de Gueules - Blandad vinl\u00e5da. En blandad vinl\u00e5da med vin 3x2 flaskor les cimels fr\u00e5n Domaine d'or & de gueules.","og_url":"https:\/\/www.ivinio.com\/sv\/produkt\/chateau-dor-de-gueules-blandad-vinlada-3x2-flaskor-les-cimels\/","og_site_name":"IVINIO Vinbutik","article_publisher":"https:\/\/www.facebook.com\/groups\/165217837022391\/?ref=bookmarks","article_modified_time":"2025-03-26T10:02:47+00:00","og_image":[{"width":500,"height":500,"url":"https:\/\/www.ivinio.com\/wp-content\/uploads\/nc\/public\/modules\/file\/pictures\/4583.packlescimels500x500.jpg","type":"image\/jpeg"}],"twitter_card":"summary_large_image","twitter_misc":{"Ber\u00e4knad l\u00e4stid":"1 minut"},"schema":{"@context":"https:\/\/schema.org","@graph":[{"@type":"WebPage","@id":"https:\/\/www.ivinio.com\/sv\/produkt\/chateau-dor-de-gueules-blandad-vinlada-3x2-flaskor-les-cimels\/","url":"https:\/\/www.ivinio.com\/sv\/produkt\/chateau-dor-de-gueules-blandad-vinlada-3x2-flaskor-les-cimels\/","name":"K\u00f6pa Ch\u00e2teau d'Or & de Gueules - Blandad vinl\u00e5da - IVINIO Vinbutik","isPartOf":{"@id":"https:\/\/www.ivinio.com\/sv\/#website"},"primaryImageOfPage":{"@id":"https:\/\/www.ivinio.com\/sv\/produkt\/chateau-dor-de-gueules-blandad-vinlada-3x2-flaskor-les-cimels\/#primaryimage"},"image":{"@id":"https:\/\/www.ivinio.com\/sv\/produkt\/chateau-dor-de-gueules-blandad-vinlada-3x2-flaskor-les-cimels\/#primaryimage"},"thumbnailUrl":"https:\/\/www.ivinio.com\/wp-content\/uploads\/nc\/public\/modules\/file\/pictures\/4583.packlescimels500x500.jpg","datePublished":"2014-05-21T10:20:34+00:00","dateModified":"2025-03-26T10:02:47+00:00","description":"K\u00f6pa Ch\u00e2teau d'Or & de Gueules - Blandad vinl\u00e5da. En blandad vinl\u00e5da med vin 3x2 flaskor les cimels fr\u00e5n Domaine d'or & de gueules.","breadcrumb":{"@id":"https:\/\/www.ivinio.com\/sv\/produkt\/chateau-dor-de-gueules-blandad-vinlada-3x2-flaskor-les-cimels\/#breadcrumb"},"inLanguage":"sv-SE","potentialAction":[{"@type":"ReadAction","target":["https:\/\/www.ivinio.com\/sv\/produkt\/chateau-dor-de-gueules-blandad-vinlada-3x2-flaskor-les-cimels\/"]}]},{"@type":"ImageObject","inLanguage":"sv-SE","@id":"https:\/\/www.ivinio.com\/sv\/produkt\/chateau-dor-de-gueules-blandad-vinlada-3x2-flaskor-les-cimels\/#primaryimage","url":"https:\/\/www.ivinio.com\/wp-content\/uploads\/nc\/public\/modules\/file\/pictures\/4583.packlescimels500x500.jpg","contentUrl":"https:\/\/www.ivinio.com\/wp-content\/uploads\/nc\/public\/modules\/file\/pictures\/4583.packlescimels500x500.jpg","width":500,"height":500},{"@type":"BreadcrumbList","@id":"https:\/\/www.ivinio.com\/sv\/produkt\/chateau-dor-de-gueules-blandad-vinlada-3x2-flaskor-les-cimels\/#breadcrumb","itemListElement":[{"@type":"ListItem","position":1,"name":"Hem","item":"https:\/\/www.ivinio.com\/sv\/"},{"@type":"ListItem","position":2,"name":"Vinbutik","item":"https:\/\/www.ivinio.com\/sv\/vinbutik\/"},{"@type":"ListItem","position":3,"name":"Ch\u00e2teau d&#8217;Or &#038; de Gueules &#8211; Blandad vinl\u00e5da 3&#215;2 flaskor &#8220;Les Cimels&#8221;"}]},{"@type":"WebSite","@id":"https:\/\/www.ivinio.com\/sv\/#website","url":"https:\/\/www.ivinio.com\/sv\/","name":"IVINIO Vinbutik","description":"Vin fr\u00e5n Frankrike och Italien med leverans hem till din d\u00f6rr","publisher":{"@id":"https:\/\/www.ivinio.com\/sv\/#organization"},"potentialAction":[{"@type":"SearchAction","target":{"@type":"EntryPoint","urlTemplate":"https:\/\/www.ivinio.com\/sv\/?s={search_term_string}"},"query-input":{"@type":"PropertyValueSpecification","valueRequired":true,"valueName":"search_term_string"}}],"inLanguage":"sv-SE"},{"@type":"Organization","@id":"https:\/\/www.ivinio.com\/sv\/#organization","name":"IVINIO","url":"https:\/\/www.ivinio.com\/sv\/","logo":{"@type":"ImageObject","inLanguage":"sv-SE","@id":"https:\/\/www.ivinio.com\/sv\/#\/schema\/logo\/image\/","url":"https:\/\/www.ivinio.com\/wp-content\/uploads\/2021\/01\/Logo-Ivinio-v2.jpg","contentUrl":"https:\/\/www.ivinio.com\/wp-content\/uploads\/2021\/01\/Logo-Ivinio-v2.jpg","width":1194,"height":1194,"caption":"IVINIO"},"image":{"@id":"https:\/\/www.ivinio.com\/sv\/#\/schema\/logo\/image\/"},"sameAs":["https:\/\/www.facebook.com\/groups\/165217837022391\/?ref=bookmarks","https:\/\/www.instagram.com\/_ivinio_\/?hl=fr"]}]}},"jetpack_sharing_enabled":true,"_links":{"self":[{"href":"https:\/\/www.ivinio.com\/sv\/wp-json\/wp\/v2\/product\/117923","targetHints":{"allow":["GET"]}}],"collection":[{"href":"https:\/\/www.ivinio.com\/sv\/wp-json\/wp\/v2\/product"}],"about":[{"href":"https:\/\/www.ivinio.com\/sv\/wp-json\/wp\/v2\/types\/product"}],"replies":[{"embeddable":true,"href":"https:\/\/www.ivinio.com\/sv\/wp-json\/wp\/v2\/comments?post=117923"}],"wp:featuredmedia":[{"embeddable":true,"href":"https:\/\/www.ivinio.com\/sv\/wp-json\/wp\/v2\/media\/117924"}],"wp:attachment":[{"href":"https:\/\/www.ivinio.com\/sv\/wp-json\/wp\/v2\/media?parent=117923"}],"wp:term":[{"taxonomy":"product_brand","embeddable":true,"href":"https:\/\/www.ivinio.com\/sv\/wp-json\/wp\/v2\/product_brand?post=117923"},{"taxonomy":"product_cat","embeddable":true,"href":"https:\/\/www.ivinio.com\/sv\/wp-json\/wp\/v2\/product_cat?post=117923"},{"taxonomy":"product_tag","embeddable":true,"href":"https:\/\/www.ivinio.com\/sv\/wp-json\/wp\/v2\/product_tag?post=117923"}],"curies":[{"name":"wp","href":"https:\/\/api.w.org\/{rel}","templated":true}]}}