{"id":117856,"date":"2014-05-21T10:20:33","date_gmt":"2014-05-21T10:20:33","guid":{"rendered":"https:\/\/henrik.www.ivinio.com\/?product=foss-marai-prosecco-strada-di-guia-109-extra-dry"},"modified":"2023-07-01T11:23:12","modified_gmt":"2023-07-01T09:23:12","slug":"foss-marai-prosecco-strada-di-guia-109-extra-dry","status":"publish","type":"product","link":"https:\/\/www.ivinio.com\/sv\/produkt\/foss-marai-prosecco-strada-di-guia-109-extra-dry\/","title":{"rendered":"Foss Marai Prosecco Strada di Guia 109 &#8211; Extra Dry"},"content":{"rendered":"<p>Foss Marai Prosecco Strada di Guia 109 &#8211; Extra Dry. Strada di Guia, 109 eller p\u00e5 svenska &#8220;Guiav\u00e4gen 109&#8221; Extra Dry framst\u00e4lls av 100% Gleradruvor, efter metoder f\u00f6r att f\u00f6rh\u00f6ja proseccodruvornas friska och fr\u00e4scha karakt\u00e4r med aromer av gr\u00f6na \u00e4pplen. Flaskan \u00e4r mycket elegant med personlig stil. Strada di Guia kommer fr\u00e5n appelationen DOCG Prosecco di Cognegliano Valdobbiadene som ocks\u00e5 kallas Prosecco Superiore.<\/p>\n","protected":false},"excerpt":{"rendered":"<p>Foss Marai&#8217;s Prosecco &#8220;Strada di Guia, 109&#8221; \u00e4r en &#8220;riktig&#8221; Prosecco spumante vilket inneb\u00e4r ett h\u00f6gre tryck i flaskan, klarare f\u00e4rg och elegantare bubblor \u00e4n i den enklare och billigare &#8220;Frizzante&#8221;. En riktig kvalitetsProsecco!<\/p>\n","protected":false},"featured_media":128998,"comment_status":"open","ping_status":"closed","template":"","meta":{"_monsterinsights_skip_tracking":false,"_monsterinsights_sitenote_active":false,"_monsterinsights_sitenote_note":"","_monsterinsights_sitenote_category":0,"_uf_show_specific_survey":0,"_uf_disable_surveys":false},"product_brand":[],"product_cat":[36590,36593],"product_tag":[],"class_list":{"0":"post-117856","1":"product","2":"type-product","3":"status-publish","4":"has-post-thumbnail","6":"product_cat-italian-wines","7":"product_cat-en-veneto-friuli","8":"pa_alcohol-degree-11-en","9":"pa_classification-docg-conegliano-valdobbiadene-prosecco-superiore-en","10":"pa_color-sparkling-en","11":"pa_country-italy-en","12":"pa_grape-variety-glera-en","13":"pa_region-veneto-en","14":"pa_storage-potential-3-years-en","15":"pa_volume-75-cl-en","17":"first","18":"instock","19":"taxable","20":"shipping-taxable","21":"purchasable","22":"product-type-simple"},"bundled_by":["118945"],"bundle_stock_status":"instock","bundle_stock_quantity":null,"bundle_virtual":false,"bundle_layout":"","bundle_add_to_cart_form_location":"","bundle_editable_in_cart":false,"bundle_sold_individually_context":"","bundle_item_grouping":"","bundle_min_size":"","bundle_max_size":"","bundle_price":[],"bundled_items":[],"bundle_sell_ids":[],"yoast_head":"<!-- This site is optimized with the Yoast SEO plugin v27.5 - https:\/\/yoast.com\/product\/yoast-seo-wordpress\/ -->\n<title>K\u00f6pa Foss Marai Prosecco Strada di Guia 109 - Extra Dry - IVINIO Vinbutik<\/title>\n<meta name=\"description\" content=\"K\u00f6pa Foss Marai Prosecco Strada di Guia 109 - Extra Dry. Ett typiskt italienskt mousserande vin Prosecco Spumante fr\u00e5n Veneto.\" \/>\n<meta name=\"robots\" content=\"index, follow, max-snippet:-1, max-image-preview:large, max-video-preview:-1\" \/>\n<link rel=\"canonical\" href=\"https:\/\/www.ivinio.com\/sv\/produkt\/foss-marai-prosecco-strada-di-guia-109-extra-dry\/\" \/>\n<meta property=\"og:locale\" content=\"sv_SE\" \/>\n<meta property=\"og:type\" content=\"article\" \/>\n<meta property=\"og:title\" content=\"K\u00f6pa Foss Marai Prosecco Strada di Guia 109 - Extra Dry - IVINIO Vinbutik\" \/>\n<meta property=\"og:description\" content=\"K\u00f6pa Foss Marai Prosecco Strada di Guia 109 - Extra Dry. Ett typiskt italienskt mousserande vin Prosecco Spumante fr\u00e5n Veneto.\" \/>\n<meta property=\"og:url\" content=\"https:\/\/www.ivinio.com\/sv\/produkt\/foss-marai-prosecco-strada-di-guia-109-extra-dry\/\" \/>\n<meta property=\"og:site_name\" content=\"IVINIO Vinbutik\" \/>\n<meta property=\"article:publisher\" content=\"https:\/\/www.facebook.com\/groups\/165217837022391\/?ref=bookmarks\" \/>\n<meta property=\"article:modified_time\" content=\"2023-07-01T09:23:12+00:00\" \/>\n<meta property=\"og:image\" content=\"https:\/\/www.ivinio.com\/wp-content\/uploads\/2014\/05\/fossmarai500x500.jpg\" \/>\n\t<meta property=\"og:image:width\" content=\"500\" \/>\n\t<meta property=\"og:image:height\" content=\"500\" \/>\n\t<meta property=\"og:image:type\" content=\"image\/jpeg\" \/>\n<meta name=\"twitter:card\" content=\"summary_large_image\" \/>\n<meta name=\"twitter:label1\" content=\"Ber\u00e4knad l\u00e4stid\" \/>\n\t<meta name=\"twitter:data1\" content=\"1 minut\" \/>\n<script type=\"application\/ld+json\" class=\"yoast-schema-graph\">{\"@context\":\"https:\\\/\\\/schema.org\",\"@graph\":[{\"@type\":\"WebPage\",\"@id\":\"https:\\\/\\\/www.ivinio.com\\\/sv\\\/produkt\\\/foss-marai-prosecco-strada-di-guia-109-extra-dry\\\/\",\"url\":\"https:\\\/\\\/www.ivinio.com\\\/sv\\\/produkt\\\/foss-marai-prosecco-strada-di-guia-109-extra-dry\\\/\",\"name\":\"K\u00f6pa Foss Marai Prosecco Strada di Guia 109 - Extra Dry - IVINIO Vinbutik\",\"isPartOf\":{\"@id\":\"https:\\\/\\\/www.ivinio.com\\\/sv\\\/#website\"},\"primaryImageOfPage\":{\"@id\":\"https:\\\/\\\/www.ivinio.com\\\/sv\\\/produkt\\\/foss-marai-prosecco-strada-di-guia-109-extra-dry\\\/#primaryimage\"},\"image\":{\"@id\":\"https:\\\/\\\/www.ivinio.com\\\/sv\\\/produkt\\\/foss-marai-prosecco-strada-di-guia-109-extra-dry\\\/#primaryimage\"},\"thumbnailUrl\":\"https:\\\/\\\/www.ivinio.com\\\/wp-content\\\/uploads\\\/2014\\\/05\\\/fossmarai500x500.jpg\",\"datePublished\":\"2014-05-21T10:20:33+00:00\",\"dateModified\":\"2023-07-01T09:23:12+00:00\",\"description\":\"K\u00f6pa Foss Marai Prosecco Strada di Guia 109 - Extra Dry. Ett typiskt italienskt mousserande vin Prosecco Spumante fr\u00e5n Veneto.\",\"breadcrumb\":{\"@id\":\"https:\\\/\\\/www.ivinio.com\\\/sv\\\/produkt\\\/foss-marai-prosecco-strada-di-guia-109-extra-dry\\\/#breadcrumb\"},\"inLanguage\":\"sv-SE\",\"potentialAction\":[{\"@type\":\"ReadAction\",\"target\":[\"https:\\\/\\\/www.ivinio.com\\\/sv\\\/produkt\\\/foss-marai-prosecco-strada-di-guia-109-extra-dry\\\/\"]}]},{\"@type\":\"ImageObject\",\"inLanguage\":\"sv-SE\",\"@id\":\"https:\\\/\\\/www.ivinio.com\\\/sv\\\/produkt\\\/foss-marai-prosecco-strada-di-guia-109-extra-dry\\\/#primaryimage\",\"url\":\"https:\\\/\\\/www.ivinio.com\\\/wp-content\\\/uploads\\\/2014\\\/05\\\/fossmarai500x500.jpg\",\"contentUrl\":\"https:\\\/\\\/www.ivinio.com\\\/wp-content\\\/uploads\\\/2014\\\/05\\\/fossmarai500x500.jpg\",\"width\":500,\"height\":500,\"caption\":\"Foss marai\"},{\"@type\":\"BreadcrumbList\",\"@id\":\"https:\\\/\\\/www.ivinio.com\\\/sv\\\/produkt\\\/foss-marai-prosecco-strada-di-guia-109-extra-dry\\\/#breadcrumb\",\"itemListElement\":[{\"@type\":\"ListItem\",\"position\":1,\"name\":\"Hem\",\"item\":\"https:\\\/\\\/www.ivinio.com\\\/sv\\\/\"},{\"@type\":\"ListItem\",\"position\":2,\"name\":\"Vinbutik\",\"item\":\"https:\\\/\\\/www.ivinio.com\\\/sv\\\/vinbutik\\\/\"},{\"@type\":\"ListItem\",\"position\":3,\"name\":\"Foss Marai Prosecco Strada di Guia 109 &#8211; Extra Dry\"}]},{\"@type\":\"WebSite\",\"@id\":\"https:\\\/\\\/www.ivinio.com\\\/sv\\\/#website\",\"url\":\"https:\\\/\\\/www.ivinio.com\\\/sv\\\/\",\"name\":\"IVINIO Vinbutik\",\"description\":\"Vin fr\u00e5n Frankrike och Italien med leverans hem till din d\u00f6rr\",\"publisher\":{\"@id\":\"https:\\\/\\\/www.ivinio.com\\\/sv\\\/#organization\"},\"potentialAction\":[{\"@type\":\"SearchAction\",\"target\":{\"@type\":\"EntryPoint\",\"urlTemplate\":\"https:\\\/\\\/www.ivinio.com\\\/sv\\\/?s={search_term_string}\"},\"query-input\":{\"@type\":\"PropertyValueSpecification\",\"valueRequired\":true,\"valueName\":\"search_term_string\"}}],\"inLanguage\":\"sv-SE\"},{\"@type\":\"Organization\",\"@id\":\"https:\\\/\\\/www.ivinio.com\\\/sv\\\/#organization\",\"name\":\"IVINIO\",\"url\":\"https:\\\/\\\/www.ivinio.com\\\/sv\\\/\",\"logo\":{\"@type\":\"ImageObject\",\"inLanguage\":\"sv-SE\",\"@id\":\"https:\\\/\\\/www.ivinio.com\\\/sv\\\/#\\\/schema\\\/logo\\\/image\\\/\",\"url\":\"https:\\\/\\\/www.ivinio.com\\\/wp-content\\\/uploads\\\/2021\\\/01\\\/Logo-Ivinio-v2.jpg\",\"contentUrl\":\"https:\\\/\\\/www.ivinio.com\\\/wp-content\\\/uploads\\\/2021\\\/01\\\/Logo-Ivinio-v2.jpg\",\"width\":1194,\"height\":1194,\"caption\":\"IVINIO\"},\"image\":{\"@id\":\"https:\\\/\\\/www.ivinio.com\\\/sv\\\/#\\\/schema\\\/logo\\\/image\\\/\"},\"sameAs\":[\"https:\\\/\\\/www.facebook.com\\\/groups\\\/165217837022391\\\/?ref=bookmarks\",\"https:\\\/\\\/www.instagram.com\\\/_ivinio_\\\/?hl=fr\"]}]}<\/script>\n<!-- \/ Yoast SEO plugin. -->","yoast_head_json":{"title":"K\u00f6pa Foss Marai Prosecco Strada di Guia 109 - Extra Dry - IVINIO Vinbutik","description":"K\u00f6pa Foss Marai Prosecco Strada di Guia 109 - Extra Dry. Ett typiskt italienskt mousserande vin Prosecco Spumante fr\u00e5n Veneto.","robots":{"index":"index","follow":"follow","max-snippet":"max-snippet:-1","max-image-preview":"max-image-preview:large","max-video-preview":"max-video-preview:-1"},"canonical":"https:\/\/www.ivinio.com\/sv\/produkt\/foss-marai-prosecco-strada-di-guia-109-extra-dry\/","og_locale":"sv_SE","og_type":"article","og_title":"K\u00f6pa Foss Marai Prosecco Strada di Guia 109 - Extra Dry - IVINIO Vinbutik","og_description":"K\u00f6pa Foss Marai Prosecco Strada di Guia 109 - Extra Dry. Ett typiskt italienskt mousserande vin Prosecco Spumante fr\u00e5n Veneto.","og_url":"https:\/\/www.ivinio.com\/sv\/produkt\/foss-marai-prosecco-strada-di-guia-109-extra-dry\/","og_site_name":"IVINIO Vinbutik","article_publisher":"https:\/\/www.facebook.com\/groups\/165217837022391\/?ref=bookmarks","article_modified_time":"2023-07-01T09:23:12+00:00","og_image":[{"width":500,"height":500,"url":"https:\/\/www.ivinio.com\/wp-content\/uploads\/2014\/05\/fossmarai500x500.jpg","type":"image\/jpeg"}],"twitter_card":"summary_large_image","twitter_misc":{"Ber\u00e4knad l\u00e4stid":"1 minut"},"schema":{"@context":"https:\/\/schema.org","@graph":[{"@type":"WebPage","@id":"https:\/\/www.ivinio.com\/sv\/produkt\/foss-marai-prosecco-strada-di-guia-109-extra-dry\/","url":"https:\/\/www.ivinio.com\/sv\/produkt\/foss-marai-prosecco-strada-di-guia-109-extra-dry\/","name":"K\u00f6pa Foss Marai Prosecco Strada di Guia 109 - Extra Dry - IVINIO Vinbutik","isPartOf":{"@id":"https:\/\/www.ivinio.com\/sv\/#website"},"primaryImageOfPage":{"@id":"https:\/\/www.ivinio.com\/sv\/produkt\/foss-marai-prosecco-strada-di-guia-109-extra-dry\/#primaryimage"},"image":{"@id":"https:\/\/www.ivinio.com\/sv\/produkt\/foss-marai-prosecco-strada-di-guia-109-extra-dry\/#primaryimage"},"thumbnailUrl":"https:\/\/www.ivinio.com\/wp-content\/uploads\/2014\/05\/fossmarai500x500.jpg","datePublished":"2014-05-21T10:20:33+00:00","dateModified":"2023-07-01T09:23:12+00:00","description":"K\u00f6pa Foss Marai Prosecco Strada di Guia 109 - Extra Dry. Ett typiskt italienskt mousserande vin Prosecco Spumante fr\u00e5n Veneto.","breadcrumb":{"@id":"https:\/\/www.ivinio.com\/sv\/produkt\/foss-marai-prosecco-strada-di-guia-109-extra-dry\/#breadcrumb"},"inLanguage":"sv-SE","potentialAction":[{"@type":"ReadAction","target":["https:\/\/www.ivinio.com\/sv\/produkt\/foss-marai-prosecco-strada-di-guia-109-extra-dry\/"]}]},{"@type":"ImageObject","inLanguage":"sv-SE","@id":"https:\/\/www.ivinio.com\/sv\/produkt\/foss-marai-prosecco-strada-di-guia-109-extra-dry\/#primaryimage","url":"https:\/\/www.ivinio.com\/wp-content\/uploads\/2014\/05\/fossmarai500x500.jpg","contentUrl":"https:\/\/www.ivinio.com\/wp-content\/uploads\/2014\/05\/fossmarai500x500.jpg","width":500,"height":500,"caption":"Foss marai"},{"@type":"BreadcrumbList","@id":"https:\/\/www.ivinio.com\/sv\/produkt\/foss-marai-prosecco-strada-di-guia-109-extra-dry\/#breadcrumb","itemListElement":[{"@type":"ListItem","position":1,"name":"Hem","item":"https:\/\/www.ivinio.com\/sv\/"},{"@type":"ListItem","position":2,"name":"Vinbutik","item":"https:\/\/www.ivinio.com\/sv\/vinbutik\/"},{"@type":"ListItem","position":3,"name":"Foss Marai Prosecco Strada di Guia 109 &#8211; Extra Dry"}]},{"@type":"WebSite","@id":"https:\/\/www.ivinio.com\/sv\/#website","url":"https:\/\/www.ivinio.com\/sv\/","name":"IVINIO Vinbutik","description":"Vin fr\u00e5n Frankrike och Italien med leverans hem till din d\u00f6rr","publisher":{"@id":"https:\/\/www.ivinio.com\/sv\/#organization"},"potentialAction":[{"@type":"SearchAction","target":{"@type":"EntryPoint","urlTemplate":"https:\/\/www.ivinio.com\/sv\/?s={search_term_string}"},"query-input":{"@type":"PropertyValueSpecification","valueRequired":true,"valueName":"search_term_string"}}],"inLanguage":"sv-SE"},{"@type":"Organization","@id":"https:\/\/www.ivinio.com\/sv\/#organization","name":"IVINIO","url":"https:\/\/www.ivinio.com\/sv\/","logo":{"@type":"ImageObject","inLanguage":"sv-SE","@id":"https:\/\/www.ivinio.com\/sv\/#\/schema\/logo\/image\/","url":"https:\/\/www.ivinio.com\/wp-content\/uploads\/2021\/01\/Logo-Ivinio-v2.jpg","contentUrl":"https:\/\/www.ivinio.com\/wp-content\/uploads\/2021\/01\/Logo-Ivinio-v2.jpg","width":1194,"height":1194,"caption":"IVINIO"},"image":{"@id":"https:\/\/www.ivinio.com\/sv\/#\/schema\/logo\/image\/"},"sameAs":["https:\/\/www.facebook.com\/groups\/165217837022391\/?ref=bookmarks","https:\/\/www.instagram.com\/_ivinio_\/?hl=fr"]}]}},"jetpack_sharing_enabled":true,"_links":{"self":[{"href":"https:\/\/www.ivinio.com\/sv\/wp-json\/wp\/v2\/product\/117856","targetHints":{"allow":["GET"]}}],"collection":[{"href":"https:\/\/www.ivinio.com\/sv\/wp-json\/wp\/v2\/product"}],"about":[{"href":"https:\/\/www.ivinio.com\/sv\/wp-json\/wp\/v2\/types\/product"}],"replies":[{"embeddable":true,"href":"https:\/\/www.ivinio.com\/sv\/wp-json\/wp\/v2\/comments?post=117856"}],"wp:featuredmedia":[{"embeddable":true,"href":"https:\/\/www.ivinio.com\/sv\/wp-json\/wp\/v2\/media\/128998"}],"wp:attachment":[{"href":"https:\/\/www.ivinio.com\/sv\/wp-json\/wp\/v2\/media?parent=117856"}],"wp:term":[{"taxonomy":"product_brand","embeddable":true,"href":"https:\/\/www.ivinio.com\/sv\/wp-json\/wp\/v2\/product_brand?post=117856"},{"taxonomy":"product_cat","embeddable":true,"href":"https:\/\/www.ivinio.com\/sv\/wp-json\/wp\/v2\/product_cat?post=117856"},{"taxonomy":"product_tag","embeddable":true,"href":"https:\/\/www.ivinio.com\/sv\/wp-json\/wp\/v2\/product_tag?post=117856"}],"curies":[{"name":"wp","href":"https:\/\/api.w.org\/{rel}","templated":true}]}}