{"id":117828,"date":"2014-05-21T12:20:33","date_gmt":"2014-05-21T10:20:33","guid":{"rendered":"https:\/\/henrik.www.ivinio.com\/?product=brezza-barolo-sarmassa-2014-rod"},"modified":"2025-12-02T14:17:18","modified_gmt":"2025-12-02T13:17:18","slug":"brezza-barolo-sarmassa-rod","status":"publish","type":"product","link":"https:\/\/www.ivinio.com\/sv\/produkt\/brezza-barolo-sarmassa-rod\/","title":{"rendered":"Brezza Barolo Sarmassa &#8211; R\u00f6d"},"content":{"rendered":"<p>Jordm\u00e5nen eller &#8220;le terroir&#8221; som gr\u00e4nsar till La Morra i norra delen av byn\u00a0Barolo kallas &#8220;Marne di Santa&#8217;Agata Fossili&#8221; (kalkhaltig lera). De b\u00e4sta vinerna framst\u00e4lls h\u00e4r de \u00e5r som varit torra d\u00e5\u00a0torrt v\u00e4der\u00a0ger en b\u00e4ttre koncentration till druvorna. Det \u00e4r dessa lite torrare \u00e5r som den leriga kalkjorden kan spela sin roll d\u00e5 den trots liten nederb\u00f6rd\u00a0kan\u00a0kvarh\u00e5lla en viss\u00a0fuktighet f\u00f6r vinstockarna.\u00a0Brezzas Sarmassa tillverkas p\u00e5 samma s\u00e4tt som Brezza&#8217;s andra Barolos med den enda skillnaden att macereringsprocessen \u00e4r n\u00e5got l\u00e4ngre eftersom Sarmassadruvorna har n\u00e5got mjukare tanniner. L\u00e5ng macerering brukar \u00e4ven f\u00f6renas med en modernare framst\u00e4llningen av Barolos.<\/p>\n","protected":false},"excerpt":{"rendered":"<p>H\u00e4r erbjuder vi Brezzas flaggskepp, en Barolo fr\u00e5n druvor odlade p\u00e5\u00a0Sarmassakullen. En mycket elegant Barolo f\u00f6r fantaster och finsmakare !<\/p>\n","protected":false},"featured_media":117829,"comment_status":"open","ping_status":"closed","template":"","meta":{"_monsterinsights_skip_tracking":false,"_monsterinsights_sitenote_active":false,"_monsterinsights_sitenote_note":"","_monsterinsights_sitenote_category":0,"_uf_show_specific_survey":0,"_uf_disable_surveys":false},"product_brand":[],"product_cat":[36590,36599],"product_tag":[],"class_list":{"0":"post-117828","1":"product","2":"type-product","3":"status-publish","4":"has-post-thumbnail","6":"product_cat-italian-wines","7":"product_cat-en-piedmont","8":"pa_alcohol-degree-13-5-en","9":"pa_classification-docg-barolo-en","10":"pa_color-red","11":"pa_country-italy-en","12":"pa_grape-variety-nebbiolo-en","13":"pa_package-1x1-en","14":"pa_package-1x6-en","15":"pa_region-piedmont-en","16":"pa_storage-potential-more-than-10-years","17":"pa_vintage-2020-en","18":"pa_volume-75-cl-en","20":"first","21":"instock","22":"taxable","23":"shipping-taxable","24":"purchasable","25":"product-type-variable"},"bundled_by":["117846"],"bundle_stock_status":"instock","bundle_stock_quantity":null,"bundle_virtual":false,"bundle_layout":"","bundle_add_to_cart_form_location":"","bundle_editable_in_cart":false,"bundle_sold_individually_context":"","bundle_item_grouping":"","bundle_min_size":"","bundle_max_size":"","bundle_price":[],"bundled_items":[],"bundle_sell_ids":[],"yoast_head":"<!-- This site is optimized with the Yoast SEO plugin v27.4 - https:\/\/yoast.com\/product\/yoast-seo-wordpress\/ -->\n<title>K\u00f6pa Brezza Barolo Sarmassa - R\u00f6dvin<\/title>\n<meta name=\"description\" content=\"K\u00f6pa Brezza Barolo Sarmassa - R\u00f6dvin. Fantastisk italienskt vin fr\u00e5n regionen Piemonte att njuta av vid speciella tillf\u00e4llen med r\u00f6tt k\u00f6tt!\" \/>\n<meta name=\"robots\" content=\"index, follow, max-snippet:-1, max-image-preview:large, max-video-preview:-1\" \/>\n<link rel=\"canonical\" href=\"https:\/\/www.ivinio.com\/sv\/produkt\/brezza-barolo-sarmassa-rod\/\" \/>\n<meta property=\"og:locale\" content=\"sv_SE\" \/>\n<meta property=\"og:type\" content=\"article\" \/>\n<meta property=\"og:title\" content=\"K\u00f6pa Brezza Barolo Sarmassa - R\u00f6dvin\" \/>\n<meta property=\"og:description\" content=\"K\u00f6pa Brezza Barolo Sarmassa - R\u00f6dvin. Fantastisk italienskt vin fr\u00e5n regionen Piemonte att njuta av vid speciella tillf\u00e4llen med r\u00f6tt k\u00f6tt!\" \/>\n<meta property=\"og:url\" content=\"https:\/\/www.ivinio.com\/sv\/produkt\/brezza-barolo-sarmassa-rod\/\" \/>\n<meta property=\"og:site_name\" content=\"IVINIO Vinbutik\" \/>\n<meta property=\"article:publisher\" content=\"https:\/\/www.facebook.com\/groups\/165217837022391\/?ref=bookmarks\" \/>\n<meta property=\"article:modified_time\" content=\"2025-12-02T13:17:18+00:00\" \/>\n<meta property=\"og:image\" content=\"https:\/\/www.ivinio.com\/wp-content\/uploads\/nc\/public\/modules\/file\/pictures\/4398.brezzasarmassa500x500.jpg\" \/>\n\t<meta property=\"og:image:width\" content=\"500\" \/>\n\t<meta property=\"og:image:height\" content=\"500\" \/>\n\t<meta property=\"og:image:type\" content=\"image\/jpeg\" \/>\n<meta name=\"twitter:card\" content=\"summary_large_image\" \/>\n<meta name=\"twitter:label1\" content=\"Ber\u00e4knad l\u00e4stid\" \/>\n\t<meta name=\"twitter:data1\" content=\"1 minut\" \/>\n<script type=\"application\/ld+json\" class=\"yoast-schema-graph\">{\"@context\":\"https:\\\/\\\/schema.org\",\"@graph\":[{\"@type\":\"WebPage\",\"@id\":\"https:\\\/\\\/www.ivinio.com\\\/sv\\\/produkt\\\/brezza-barolo-sarmassa-rod\\\/\",\"url\":\"https:\\\/\\\/www.ivinio.com\\\/sv\\\/produkt\\\/brezza-barolo-sarmassa-rod\\\/\",\"name\":\"K\u00f6pa Brezza Barolo Sarmassa - R\u00f6dvin\",\"isPartOf\":{\"@id\":\"https:\\\/\\\/www.ivinio.com\\\/sv\\\/#website\"},\"primaryImageOfPage\":{\"@id\":\"https:\\\/\\\/www.ivinio.com\\\/sv\\\/produkt\\\/brezza-barolo-sarmassa-rod\\\/#primaryimage\"},\"image\":{\"@id\":\"https:\\\/\\\/www.ivinio.com\\\/sv\\\/produkt\\\/brezza-barolo-sarmassa-rod\\\/#primaryimage\"},\"thumbnailUrl\":\"https:\\\/\\\/www.ivinio.com\\\/wp-content\\\/uploads\\\/nc\\\/public\\\/modules\\\/file\\\/pictures\\\/4398.brezzasarmassa500x500.jpg\",\"datePublished\":\"2014-05-21T10:20:33+00:00\",\"dateModified\":\"2025-12-02T13:17:18+00:00\",\"description\":\"K\u00f6pa Brezza Barolo Sarmassa - R\u00f6dvin. Fantastisk italienskt vin fr\u00e5n regionen Piemonte att njuta av vid speciella tillf\u00e4llen med r\u00f6tt k\u00f6tt!\",\"breadcrumb\":{\"@id\":\"https:\\\/\\\/www.ivinio.com\\\/sv\\\/produkt\\\/brezza-barolo-sarmassa-rod\\\/#breadcrumb\"},\"inLanguage\":\"sv-SE\",\"potentialAction\":[{\"@type\":\"ReadAction\",\"target\":[\"https:\\\/\\\/www.ivinio.com\\\/sv\\\/produkt\\\/brezza-barolo-sarmassa-rod\\\/\"]}]},{\"@type\":\"ImageObject\",\"inLanguage\":\"sv-SE\",\"@id\":\"https:\\\/\\\/www.ivinio.com\\\/sv\\\/produkt\\\/brezza-barolo-sarmassa-rod\\\/#primaryimage\",\"url\":\"https:\\\/\\\/www.ivinio.com\\\/wp-content\\\/uploads\\\/nc\\\/public\\\/modules\\\/file\\\/pictures\\\/4398.brezzasarmassa500x500.jpg\",\"contentUrl\":\"https:\\\/\\\/www.ivinio.com\\\/wp-content\\\/uploads\\\/nc\\\/public\\\/modules\\\/file\\\/pictures\\\/4398.brezzasarmassa500x500.jpg\",\"width\":500,\"height\":500,\"caption\":\"Brezza Barolo Sarmassa\"},{\"@type\":\"BreadcrumbList\",\"@id\":\"https:\\\/\\\/www.ivinio.com\\\/sv\\\/produkt\\\/brezza-barolo-sarmassa-rod\\\/#breadcrumb\",\"itemListElement\":[{\"@type\":\"ListItem\",\"position\":1,\"name\":\"Hem\",\"item\":\"https:\\\/\\\/www.ivinio.com\\\/sv\\\/\"},{\"@type\":\"ListItem\",\"position\":2,\"name\":\"Vinbutik\",\"item\":\"https:\\\/\\\/www.ivinio.com\\\/sv\\\/vinbutik\\\/\"},{\"@type\":\"ListItem\",\"position\":3,\"name\":\"Brezza Barolo Sarmassa &#8211; R\u00f6d\"}]},{\"@type\":\"WebSite\",\"@id\":\"https:\\\/\\\/www.ivinio.com\\\/sv\\\/#website\",\"url\":\"https:\\\/\\\/www.ivinio.com\\\/sv\\\/\",\"name\":\"IVINIO Vinbutik\",\"description\":\"Vin fr\u00e5n Frankrike och Italien med leverans hem till din d\u00f6rr\",\"publisher\":{\"@id\":\"https:\\\/\\\/www.ivinio.com\\\/sv\\\/#organization\"},\"potentialAction\":[{\"@type\":\"SearchAction\",\"target\":{\"@type\":\"EntryPoint\",\"urlTemplate\":\"https:\\\/\\\/www.ivinio.com\\\/sv\\\/?s={search_term_string}\"},\"query-input\":{\"@type\":\"PropertyValueSpecification\",\"valueRequired\":true,\"valueName\":\"search_term_string\"}}],\"inLanguage\":\"sv-SE\"},{\"@type\":\"Organization\",\"@id\":\"https:\\\/\\\/www.ivinio.com\\\/sv\\\/#organization\",\"name\":\"IVINIO\",\"url\":\"https:\\\/\\\/www.ivinio.com\\\/sv\\\/\",\"logo\":{\"@type\":\"ImageObject\",\"inLanguage\":\"sv-SE\",\"@id\":\"https:\\\/\\\/www.ivinio.com\\\/sv\\\/#\\\/schema\\\/logo\\\/image\\\/\",\"url\":\"https:\\\/\\\/www.ivinio.com\\\/wp-content\\\/uploads\\\/2021\\\/01\\\/Logo-Ivinio-v2.jpg\",\"contentUrl\":\"https:\\\/\\\/www.ivinio.com\\\/wp-content\\\/uploads\\\/2021\\\/01\\\/Logo-Ivinio-v2.jpg\",\"width\":1194,\"height\":1194,\"caption\":\"IVINIO\"},\"image\":{\"@id\":\"https:\\\/\\\/www.ivinio.com\\\/sv\\\/#\\\/schema\\\/logo\\\/image\\\/\"},\"sameAs\":[\"https:\\\/\\\/www.facebook.com\\\/groups\\\/165217837022391\\\/?ref=bookmarks\",\"https:\\\/\\\/www.instagram.com\\\/_ivinio_\\\/?hl=fr\"]}]}<\/script>\n<!-- \/ Yoast SEO plugin. -->","yoast_head_json":{"title":"K\u00f6pa Brezza Barolo Sarmassa - R\u00f6dvin","description":"K\u00f6pa Brezza Barolo Sarmassa - R\u00f6dvin. Fantastisk italienskt vin fr\u00e5n regionen Piemonte att njuta av vid speciella tillf\u00e4llen med r\u00f6tt k\u00f6tt!","robots":{"index":"index","follow":"follow","max-snippet":"max-snippet:-1","max-image-preview":"max-image-preview:large","max-video-preview":"max-video-preview:-1"},"canonical":"https:\/\/www.ivinio.com\/sv\/produkt\/brezza-barolo-sarmassa-rod\/","og_locale":"sv_SE","og_type":"article","og_title":"K\u00f6pa Brezza Barolo Sarmassa - R\u00f6dvin","og_description":"K\u00f6pa Brezza Barolo Sarmassa - R\u00f6dvin. Fantastisk italienskt vin fr\u00e5n regionen Piemonte att njuta av vid speciella tillf\u00e4llen med r\u00f6tt k\u00f6tt!","og_url":"https:\/\/www.ivinio.com\/sv\/produkt\/brezza-barolo-sarmassa-rod\/","og_site_name":"IVINIO Vinbutik","article_publisher":"https:\/\/www.facebook.com\/groups\/165217837022391\/?ref=bookmarks","article_modified_time":"2025-12-02T13:17:18+00:00","og_image":[{"width":500,"height":500,"url":"https:\/\/www.ivinio.com\/wp-content\/uploads\/nc\/public\/modules\/file\/pictures\/4398.brezzasarmassa500x500.jpg","type":"image\/jpeg"}],"twitter_card":"summary_large_image","twitter_misc":{"Ber\u00e4knad l\u00e4stid":"1 minut"},"schema":{"@context":"https:\/\/schema.org","@graph":[{"@type":"WebPage","@id":"https:\/\/www.ivinio.com\/sv\/produkt\/brezza-barolo-sarmassa-rod\/","url":"https:\/\/www.ivinio.com\/sv\/produkt\/brezza-barolo-sarmassa-rod\/","name":"K\u00f6pa Brezza Barolo Sarmassa - R\u00f6dvin","isPartOf":{"@id":"https:\/\/www.ivinio.com\/sv\/#website"},"primaryImageOfPage":{"@id":"https:\/\/www.ivinio.com\/sv\/produkt\/brezza-barolo-sarmassa-rod\/#primaryimage"},"image":{"@id":"https:\/\/www.ivinio.com\/sv\/produkt\/brezza-barolo-sarmassa-rod\/#primaryimage"},"thumbnailUrl":"https:\/\/www.ivinio.com\/wp-content\/uploads\/nc\/public\/modules\/file\/pictures\/4398.brezzasarmassa500x500.jpg","datePublished":"2014-05-21T10:20:33+00:00","dateModified":"2025-12-02T13:17:18+00:00","description":"K\u00f6pa Brezza Barolo Sarmassa - R\u00f6dvin. Fantastisk italienskt vin fr\u00e5n regionen Piemonte att njuta av vid speciella tillf\u00e4llen med r\u00f6tt k\u00f6tt!","breadcrumb":{"@id":"https:\/\/www.ivinio.com\/sv\/produkt\/brezza-barolo-sarmassa-rod\/#breadcrumb"},"inLanguage":"sv-SE","potentialAction":[{"@type":"ReadAction","target":["https:\/\/www.ivinio.com\/sv\/produkt\/brezza-barolo-sarmassa-rod\/"]}]},{"@type":"ImageObject","inLanguage":"sv-SE","@id":"https:\/\/www.ivinio.com\/sv\/produkt\/brezza-barolo-sarmassa-rod\/#primaryimage","url":"https:\/\/www.ivinio.com\/wp-content\/uploads\/nc\/public\/modules\/file\/pictures\/4398.brezzasarmassa500x500.jpg","contentUrl":"https:\/\/www.ivinio.com\/wp-content\/uploads\/nc\/public\/modules\/file\/pictures\/4398.brezzasarmassa500x500.jpg","width":500,"height":500,"caption":"Brezza Barolo Sarmassa"},{"@type":"BreadcrumbList","@id":"https:\/\/www.ivinio.com\/sv\/produkt\/brezza-barolo-sarmassa-rod\/#breadcrumb","itemListElement":[{"@type":"ListItem","position":1,"name":"Hem","item":"https:\/\/www.ivinio.com\/sv\/"},{"@type":"ListItem","position":2,"name":"Vinbutik","item":"https:\/\/www.ivinio.com\/sv\/vinbutik\/"},{"@type":"ListItem","position":3,"name":"Brezza Barolo Sarmassa &#8211; R\u00f6d"}]},{"@type":"WebSite","@id":"https:\/\/www.ivinio.com\/sv\/#website","url":"https:\/\/www.ivinio.com\/sv\/","name":"IVINIO Vinbutik","description":"Vin fr\u00e5n Frankrike och Italien med leverans hem till din d\u00f6rr","publisher":{"@id":"https:\/\/www.ivinio.com\/sv\/#organization"},"potentialAction":[{"@type":"SearchAction","target":{"@type":"EntryPoint","urlTemplate":"https:\/\/www.ivinio.com\/sv\/?s={search_term_string}"},"query-input":{"@type":"PropertyValueSpecification","valueRequired":true,"valueName":"search_term_string"}}],"inLanguage":"sv-SE"},{"@type":"Organization","@id":"https:\/\/www.ivinio.com\/sv\/#organization","name":"IVINIO","url":"https:\/\/www.ivinio.com\/sv\/","logo":{"@type":"ImageObject","inLanguage":"sv-SE","@id":"https:\/\/www.ivinio.com\/sv\/#\/schema\/logo\/image\/","url":"https:\/\/www.ivinio.com\/wp-content\/uploads\/2021\/01\/Logo-Ivinio-v2.jpg","contentUrl":"https:\/\/www.ivinio.com\/wp-content\/uploads\/2021\/01\/Logo-Ivinio-v2.jpg","width":1194,"height":1194,"caption":"IVINIO"},"image":{"@id":"https:\/\/www.ivinio.com\/sv\/#\/schema\/logo\/image\/"},"sameAs":["https:\/\/www.facebook.com\/groups\/165217837022391\/?ref=bookmarks","https:\/\/www.instagram.com\/_ivinio_\/?hl=fr"]}]}},"jetpack_sharing_enabled":true,"_links":{"self":[{"href":"https:\/\/www.ivinio.com\/sv\/wp-json\/wp\/v2\/product\/117828","targetHints":{"allow":["GET"]}}],"collection":[{"href":"https:\/\/www.ivinio.com\/sv\/wp-json\/wp\/v2\/product"}],"about":[{"href":"https:\/\/www.ivinio.com\/sv\/wp-json\/wp\/v2\/types\/product"}],"replies":[{"embeddable":true,"href":"https:\/\/www.ivinio.com\/sv\/wp-json\/wp\/v2\/comments?post=117828"}],"wp:featuredmedia":[{"embeddable":true,"href":"https:\/\/www.ivinio.com\/sv\/wp-json\/wp\/v2\/media\/117829"}],"wp:attachment":[{"href":"https:\/\/www.ivinio.com\/sv\/wp-json\/wp\/v2\/media?parent=117828"}],"wp:term":[{"taxonomy":"product_brand","embeddable":true,"href":"https:\/\/www.ivinio.com\/sv\/wp-json\/wp\/v2\/product_brand?post=117828"},{"taxonomy":"product_cat","embeddable":true,"href":"https:\/\/www.ivinio.com\/sv\/wp-json\/wp\/v2\/product_cat?post=117828"},{"taxonomy":"product_tag","embeddable":true,"href":"https:\/\/www.ivinio.com\/sv\/wp-json\/wp\/v2\/product_tag?post=117828"}],"curies":[{"name":"wp","href":"https:\/\/api.w.org\/{rel}","templated":true}]}}