{"id":117615,"date":"2014-05-21T10:20:32","date_gmt":"2014-05-21T10:20:32","guid":{"rendered":"https:\/\/henrik.www.ivinio.com\/?product=forchir-blandad-vinlada-2211-flaskor"},"modified":"2023-01-07T19:43:26","modified_gmt":"2023-01-07T18:43:26","slug":"forchir-blandad-vinlada-2211-flaskor","status":"publish","type":"product","link":"https:\/\/www.ivinio.com\/sv\/produkt\/forchir-blandad-vinlada-2211-flaskor\/","title":{"rendered":"Forchir &#8211; Blandad vinl\u00e5da 2+2+1+1 flaskor"},"content":{"rendered":"<p>Forchir \u00e4r en ving\u00e5rd bel\u00e4gen i nord\u00f6stra Italien, n\u00e4rmare best\u00e4mt i &#8220;Friuli&#8221;-regionen som \u00e4r sista utposten i Italien innan gr\u00e4nsen till Slovenien. G\u00e5rden har anor sedan mer \u00e4n 100 \u00e5r tillbaka, men\u00a0de nuvarande\u00a0\u00e4garna Gianfranco Bianchini och Enzo Deana tog \u00f6ver r\u00f6relsen f\u00f6rst\u00a01984. Dock\u00a0utan att f\u00f6r den skull \u00e4ndra ving\u00e5rdens historiska namn uppkommet fr\u00e5n familjen Forchir.\u00a0S\u00e5dan \u00e4r filosofin hos Forchir och det g\u00e4ller ocks\u00e5 f\u00f6r\u00a0vinframst\u00e4llningen &#8211;\u00a0man \u00e4ndrar\u00a0inte f\u00f6r \u00e4ndrandets skull. Id\u00e9n \u00e4r att l\u00e5ta de naturliga druvorna tillsammans med jordm\u00e5nen, &#8220;le terroir&#8221;\u00a0och det specifika\u00a0klimatet, skapa viner utan n\u00e5gon st\u00f6rre yttre inverkan. M\u00e5ls\u00e4ttningen\u00a0\u00e4r att\u00a0framst\u00e4lla viner med personlighet\u00a0med\u00a0en f\u00f6r regionen typisk karakt\u00e4r.<\/p>\n","protected":false},"excerpt":{"rendered":"<p>Denna provsmakarl\u00e5da inneh\u00e5ller 1 flaska Undis Neri,\u00a01 flaska Undis Blanc,\u00a02 flaskor Sauvignon Soresere och e2 flaskor Refoscone.<\/p>\n","protected":false},"featured_media":117616,"comment_status":"open","ping_status":"closed","template":"","meta":{"_monsterinsights_skip_tracking":false,"_monsterinsights_sitenote_active":false,"_monsterinsights_sitenote_note":"","_monsterinsights_sitenote_category":0,"_uf_show_specific_survey":0,"_uf_disable_surveys":false},"product_brand":[],"product_cat":[36645],"product_tag":[],"class_list":{"0":"post-117615","1":"product","2":"type-product","3":"status-publish","4":"has-post-thumbnail","6":"product_cat-blandade-provsmakningslador","7":"pa_alcohol-degree-11-5-sv","8":"pa_alcohol-degree-13-sv","9":"pa_classification-doc-sauvignon-friuli-grave-sv","10":"pa_classification-igp-venezia-giulia-sv","11":"pa_color-rod-sv","12":"pa_color-vit-sv","13":"pa_country-italien-sv","14":"pa_package-1x1-sv","15":"pa_package-1x6-sv","16":"pa_region-friuli-sv","17":"pa_storage-potential-3-ar-sv","18":"pa_vintage-2018-sv","19":"pa_vintage-39899","20":"pa_volume-75-cl-sv","22":"first","23":"instock","24":"taxable","25":"shipping-taxable","26":"purchasable","27":"product-type-bundle"},"bundled_by":[],"bundle_stock_status":"insufficientstock","bundle_stock_quantity":0,"bundle_virtual":false,"bundle_layout":"grid","bundle_add_to_cart_form_location":"after_summary","bundle_editable_in_cart":false,"bundle_sold_individually_context":"product","bundle_item_grouping":"noindent","bundle_min_size":"","bundle_max_size":"","bundle_price":{"price":{"min":{"incl_tax":"65.1","excl_tax":"65.083333"},"max":{"incl_tax":"65.1","excl_tax":"65.083333"}},"regular_price":{"min":{"incl_tax":"65.1","excl_tax":"65.083333"},"max":{"incl_tax":"65.1","excl_tax":"65.083333"}}},"bundled_items":[{"bundled_item_id":7285,"product_id":117608,"menu_order":0,"quantity_min":2,"quantity_max":2,"quantity_default":2,"priced_individually":false,"shipped_individually":false,"override_title":false,"title":null,"override_description":false,"description":null,"optional":false,"hide_thumbnail":false,"discount":"","override_variations":true,"allowed_variations":[""],"override_default_variation_attributes":true,"default_variation_attributes":[],"single_product_visibility":"visible","cart_visibility":"hidden","order_visibility":"visible","single_product_price_visibility":"visible","cart_price_visibility":"visible","order_price_visibility":"visible","stock_status":"in_stock"},{"bundled_item_id":7286,"product_id":117602,"menu_order":1,"quantity_min":2,"quantity_max":2,"quantity_default":2,"priced_individually":false,"shipped_individually":false,"override_title":false,"title":null,"override_description":false,"description":null,"optional":false,"hide_thumbnail":false,"discount":"","override_variations":true,"allowed_variations":[""],"override_default_variation_attributes":true,"default_variation_attributes":[],"single_product_visibility":"visible","cart_visibility":"hidden","order_visibility":"visible","single_product_price_visibility":"visible","cart_price_visibility":"visible","order_price_visibility":"visible","stock_status":"out_of_stock"},{"bundled_item_id":7287,"product_id":117592,"menu_order":2,"quantity_min":1,"quantity_max":1,"quantity_default":1,"priced_individually":false,"shipped_individually":false,"override_title":false,"title":null,"override_description":false,"description":null,"optional":false,"hide_thumbnail":false,"discount":"","override_variations":true,"allowed_variations":[""],"override_default_variation_attributes":true,"default_variation_attributes":[],"single_product_visibility":"visible","cart_visibility":"hidden","order_visibility":"visible","single_product_price_visibility":"visible","cart_price_visibility":"visible","order_price_visibility":"visible","stock_status":"out_of_stock"},{"bundled_item_id":7288,"product_id":117597,"menu_order":3,"quantity_min":1,"quantity_max":1,"quantity_default":1,"priced_individually":false,"shipped_individually":false,"override_title":false,"title":null,"override_description":false,"description":null,"optional":false,"hide_thumbnail":false,"discount":"","override_variations":true,"allowed_variations":[""],"override_default_variation_attributes":true,"default_variation_attributes":[],"single_product_visibility":"visible","cart_visibility":"hidden","order_visibility":"visible","single_product_price_visibility":"visible","cart_price_visibility":"visible","order_price_visibility":"visible","stock_status":"out_of_stock"}],"bundle_sell_ids":[],"yoast_head":"<!-- This site is optimized with the Yoast SEO plugin v27.3 - https:\/\/yoast.com\/product\/yoast-seo-wordpress\/ -->\n<title>K\u00f6pa Forchir - Blandad vinl\u00e5da Friuli - IVINIO Vinbutik<\/title>\n<meta name=\"description\" content=\"K\u00f6pa Forchir - Blandad vinl\u00e5da Friuli. Inneh\u00e5ller 4 olika viner fr\u00e5n Forchir. Italienska kvalitetsviner som levereras direkt hem till d\u00f6rren.\" \/>\n<meta name=\"robots\" content=\"index, follow, max-snippet:-1, max-image-preview:large, max-video-preview:-1\" \/>\n<link rel=\"canonical\" href=\"https:\/\/www.ivinio.com\/sv\/produkt\/forchir-blandad-vinlada-2211-flaskor\/\" \/>\n<meta property=\"og:locale\" content=\"sv_SE\" \/>\n<meta property=\"og:type\" content=\"article\" \/>\n<meta property=\"og:title\" content=\"K\u00f6pa Forchir - Blandad vinl\u00e5da Friuli - IVINIO Vinbutik\" \/>\n<meta property=\"og:description\" content=\"K\u00f6pa Forchir - Blandad vinl\u00e5da Friuli. Inneh\u00e5ller 4 olika viner fr\u00e5n Forchir. Italienska kvalitetsviner som levereras direkt hem till d\u00f6rren.\" \/>\n<meta property=\"og:url\" content=\"https:\/\/www.ivinio.com\/sv\/produkt\/forchir-blandad-vinlada-2211-flaskor\/\" \/>\n<meta property=\"og:site_name\" content=\"IVINIO Vinbutik\" \/>\n<meta property=\"article:publisher\" content=\"https:\/\/www.facebook.com\/groups\/165217837022391\/?ref=bookmarks\" \/>\n<meta property=\"article:modified_time\" content=\"2023-01-07T18:43:26+00:00\" \/>\n<meta property=\"og:image\" content=\"https:\/\/www.ivinio.com\/wp-content\/uploads\/nc\/public\/modules\/file\/pictures\/4589.packforchir500x500.jpg\" \/>\n\t<meta property=\"og:image:width\" content=\"500\" \/>\n\t<meta property=\"og:image:height\" content=\"500\" \/>\n\t<meta property=\"og:image:type\" content=\"image\/jpeg\" \/>\n<meta name=\"twitter:card\" content=\"summary_large_image\" \/>\n<meta name=\"twitter:label1\" content=\"Ber\u00e4knad l\u00e4stid\" \/>\n\t<meta name=\"twitter:data1\" content=\"1 minut\" \/>\n<script type=\"application\/ld+json\" class=\"yoast-schema-graph\">{\"@context\":\"https:\\\/\\\/schema.org\",\"@graph\":[{\"@type\":\"WebPage\",\"@id\":\"https:\\\/\\\/www.ivinio.com\\\/sv\\\/produkt\\\/forchir-blandad-vinlada-2211-flaskor\\\/\",\"url\":\"https:\\\/\\\/www.ivinio.com\\\/sv\\\/produkt\\\/forchir-blandad-vinlada-2211-flaskor\\\/\",\"name\":\"K\u00f6pa Forchir - Blandad vinl\u00e5da Friuli - IVINIO Vinbutik\",\"isPartOf\":{\"@id\":\"https:\\\/\\\/www.ivinio.com\\\/sv\\\/#website\"},\"primaryImageOfPage\":{\"@id\":\"https:\\\/\\\/www.ivinio.com\\\/sv\\\/produkt\\\/forchir-blandad-vinlada-2211-flaskor\\\/#primaryimage\"},\"image\":{\"@id\":\"https:\\\/\\\/www.ivinio.com\\\/sv\\\/produkt\\\/forchir-blandad-vinlada-2211-flaskor\\\/#primaryimage\"},\"thumbnailUrl\":\"https:\\\/\\\/www.ivinio.com\\\/wp-content\\\/uploads\\\/nc\\\/public\\\/modules\\\/file\\\/pictures\\\/4589.packforchir500x500.jpg\",\"datePublished\":\"2014-05-21T10:20:32+00:00\",\"dateModified\":\"2023-01-07T18:43:26+00:00\",\"description\":\"K\u00f6pa Forchir - Blandad vinl\u00e5da Friuli. Inneh\u00e5ller 4 olika viner fr\u00e5n Forchir. Italienska kvalitetsviner som levereras direkt hem till d\u00f6rren.\",\"breadcrumb\":{\"@id\":\"https:\\\/\\\/www.ivinio.com\\\/sv\\\/produkt\\\/forchir-blandad-vinlada-2211-flaskor\\\/#breadcrumb\"},\"inLanguage\":\"sv-SE\",\"potentialAction\":[{\"@type\":\"ReadAction\",\"target\":[\"https:\\\/\\\/www.ivinio.com\\\/sv\\\/produkt\\\/forchir-blandad-vinlada-2211-flaskor\\\/\"]}]},{\"@type\":\"ImageObject\",\"inLanguage\":\"sv-SE\",\"@id\":\"https:\\\/\\\/www.ivinio.com\\\/sv\\\/produkt\\\/forchir-blandad-vinlada-2211-flaskor\\\/#primaryimage\",\"url\":\"https:\\\/\\\/www.ivinio.com\\\/wp-content\\\/uploads\\\/nc\\\/public\\\/modules\\\/file\\\/pictures\\\/4589.packforchir500x500.jpg\",\"contentUrl\":\"https:\\\/\\\/www.ivinio.com\\\/wp-content\\\/uploads\\\/nc\\\/public\\\/modules\\\/file\\\/pictures\\\/4589.packforchir500x500.jpg\",\"width\":500,\"height\":500},{\"@type\":\"BreadcrumbList\",\"@id\":\"https:\\\/\\\/www.ivinio.com\\\/sv\\\/produkt\\\/forchir-blandad-vinlada-2211-flaskor\\\/#breadcrumb\",\"itemListElement\":[{\"@type\":\"ListItem\",\"position\":1,\"name\":\"Hem\",\"item\":\"https:\\\/\\\/www.ivinio.com\\\/sv\\\/\"},{\"@type\":\"ListItem\",\"position\":2,\"name\":\"Vinbutik\",\"item\":\"https:\\\/\\\/www.ivinio.com\\\/sv\\\/vinbutik\\\/\"},{\"@type\":\"ListItem\",\"position\":3,\"name\":\"Forchir &#8211; Blandad vinl\u00e5da 2+2+1+1 flaskor\"}]},{\"@type\":\"WebSite\",\"@id\":\"https:\\\/\\\/www.ivinio.com\\\/sv\\\/#website\",\"url\":\"https:\\\/\\\/www.ivinio.com\\\/sv\\\/\",\"name\":\"IVINIO Vinbutik\",\"description\":\"Vin fr\u00e5n Frankrike och Italien med leverans hem till din d\u00f6rr\",\"publisher\":{\"@id\":\"https:\\\/\\\/www.ivinio.com\\\/sv\\\/#organization\"},\"potentialAction\":[{\"@type\":\"SearchAction\",\"target\":{\"@type\":\"EntryPoint\",\"urlTemplate\":\"https:\\\/\\\/www.ivinio.com\\\/sv\\\/?s={search_term_string}\"},\"query-input\":{\"@type\":\"PropertyValueSpecification\",\"valueRequired\":true,\"valueName\":\"search_term_string\"}}],\"inLanguage\":\"sv-SE\"},{\"@type\":\"Organization\",\"@id\":\"https:\\\/\\\/www.ivinio.com\\\/sv\\\/#organization\",\"name\":\"IVINIO\",\"url\":\"https:\\\/\\\/www.ivinio.com\\\/sv\\\/\",\"logo\":{\"@type\":\"ImageObject\",\"inLanguage\":\"sv-SE\",\"@id\":\"https:\\\/\\\/www.ivinio.com\\\/sv\\\/#\\\/schema\\\/logo\\\/image\\\/\",\"url\":\"https:\\\/\\\/www.ivinio.com\\\/wp-content\\\/uploads\\\/2021\\\/01\\\/Logo-Ivinio-v2.jpg\",\"contentUrl\":\"https:\\\/\\\/www.ivinio.com\\\/wp-content\\\/uploads\\\/2021\\\/01\\\/Logo-Ivinio-v2.jpg\",\"width\":1194,\"height\":1194,\"caption\":\"IVINIO\"},\"image\":{\"@id\":\"https:\\\/\\\/www.ivinio.com\\\/sv\\\/#\\\/schema\\\/logo\\\/image\\\/\"},\"sameAs\":[\"https:\\\/\\\/www.facebook.com\\\/groups\\\/165217837022391\\\/?ref=bookmarks\",\"https:\\\/\\\/www.instagram.com\\\/_ivinio_\\\/?hl=fr\"]}]}<\/script>\n<!-- \/ Yoast SEO plugin. -->","yoast_head_json":{"title":"K\u00f6pa Forchir - Blandad vinl\u00e5da Friuli - IVINIO Vinbutik","description":"K\u00f6pa Forchir - Blandad vinl\u00e5da Friuli. Inneh\u00e5ller 4 olika viner fr\u00e5n Forchir. Italienska kvalitetsviner som levereras direkt hem till d\u00f6rren.","robots":{"index":"index","follow":"follow","max-snippet":"max-snippet:-1","max-image-preview":"max-image-preview:large","max-video-preview":"max-video-preview:-1"},"canonical":"https:\/\/www.ivinio.com\/sv\/produkt\/forchir-blandad-vinlada-2211-flaskor\/","og_locale":"sv_SE","og_type":"article","og_title":"K\u00f6pa Forchir - Blandad vinl\u00e5da Friuli - IVINIO Vinbutik","og_description":"K\u00f6pa Forchir - Blandad vinl\u00e5da Friuli. Inneh\u00e5ller 4 olika viner fr\u00e5n Forchir. Italienska kvalitetsviner som levereras direkt hem till d\u00f6rren.","og_url":"https:\/\/www.ivinio.com\/sv\/produkt\/forchir-blandad-vinlada-2211-flaskor\/","og_site_name":"IVINIO Vinbutik","article_publisher":"https:\/\/www.facebook.com\/groups\/165217837022391\/?ref=bookmarks","article_modified_time":"2023-01-07T18:43:26+00:00","og_image":[{"width":500,"height":500,"url":"https:\/\/www.ivinio.com\/wp-content\/uploads\/nc\/public\/modules\/file\/pictures\/4589.packforchir500x500.jpg","type":"image\/jpeg"}],"twitter_card":"summary_large_image","twitter_misc":{"Ber\u00e4knad l\u00e4stid":"1 minut"},"schema":{"@context":"https:\/\/schema.org","@graph":[{"@type":"WebPage","@id":"https:\/\/www.ivinio.com\/sv\/produkt\/forchir-blandad-vinlada-2211-flaskor\/","url":"https:\/\/www.ivinio.com\/sv\/produkt\/forchir-blandad-vinlada-2211-flaskor\/","name":"K\u00f6pa Forchir - Blandad vinl\u00e5da Friuli - IVINIO Vinbutik","isPartOf":{"@id":"https:\/\/www.ivinio.com\/sv\/#website"},"primaryImageOfPage":{"@id":"https:\/\/www.ivinio.com\/sv\/produkt\/forchir-blandad-vinlada-2211-flaskor\/#primaryimage"},"image":{"@id":"https:\/\/www.ivinio.com\/sv\/produkt\/forchir-blandad-vinlada-2211-flaskor\/#primaryimage"},"thumbnailUrl":"https:\/\/www.ivinio.com\/wp-content\/uploads\/nc\/public\/modules\/file\/pictures\/4589.packforchir500x500.jpg","datePublished":"2014-05-21T10:20:32+00:00","dateModified":"2023-01-07T18:43:26+00:00","description":"K\u00f6pa Forchir - Blandad vinl\u00e5da Friuli. Inneh\u00e5ller 4 olika viner fr\u00e5n Forchir. Italienska kvalitetsviner som levereras direkt hem till d\u00f6rren.","breadcrumb":{"@id":"https:\/\/www.ivinio.com\/sv\/produkt\/forchir-blandad-vinlada-2211-flaskor\/#breadcrumb"},"inLanguage":"sv-SE","potentialAction":[{"@type":"ReadAction","target":["https:\/\/www.ivinio.com\/sv\/produkt\/forchir-blandad-vinlada-2211-flaskor\/"]}]},{"@type":"ImageObject","inLanguage":"sv-SE","@id":"https:\/\/www.ivinio.com\/sv\/produkt\/forchir-blandad-vinlada-2211-flaskor\/#primaryimage","url":"https:\/\/www.ivinio.com\/wp-content\/uploads\/nc\/public\/modules\/file\/pictures\/4589.packforchir500x500.jpg","contentUrl":"https:\/\/www.ivinio.com\/wp-content\/uploads\/nc\/public\/modules\/file\/pictures\/4589.packforchir500x500.jpg","width":500,"height":500},{"@type":"BreadcrumbList","@id":"https:\/\/www.ivinio.com\/sv\/produkt\/forchir-blandad-vinlada-2211-flaskor\/#breadcrumb","itemListElement":[{"@type":"ListItem","position":1,"name":"Hem","item":"https:\/\/www.ivinio.com\/sv\/"},{"@type":"ListItem","position":2,"name":"Vinbutik","item":"https:\/\/www.ivinio.com\/sv\/vinbutik\/"},{"@type":"ListItem","position":3,"name":"Forchir &#8211; Blandad vinl\u00e5da 2+2+1+1 flaskor"}]},{"@type":"WebSite","@id":"https:\/\/www.ivinio.com\/sv\/#website","url":"https:\/\/www.ivinio.com\/sv\/","name":"IVINIO Vinbutik","description":"Vin fr\u00e5n Frankrike och Italien med leverans hem till din d\u00f6rr","publisher":{"@id":"https:\/\/www.ivinio.com\/sv\/#organization"},"potentialAction":[{"@type":"SearchAction","target":{"@type":"EntryPoint","urlTemplate":"https:\/\/www.ivinio.com\/sv\/?s={search_term_string}"},"query-input":{"@type":"PropertyValueSpecification","valueRequired":true,"valueName":"search_term_string"}}],"inLanguage":"sv-SE"},{"@type":"Organization","@id":"https:\/\/www.ivinio.com\/sv\/#organization","name":"IVINIO","url":"https:\/\/www.ivinio.com\/sv\/","logo":{"@type":"ImageObject","inLanguage":"sv-SE","@id":"https:\/\/www.ivinio.com\/sv\/#\/schema\/logo\/image\/","url":"https:\/\/www.ivinio.com\/wp-content\/uploads\/2021\/01\/Logo-Ivinio-v2.jpg","contentUrl":"https:\/\/www.ivinio.com\/wp-content\/uploads\/2021\/01\/Logo-Ivinio-v2.jpg","width":1194,"height":1194,"caption":"IVINIO"},"image":{"@id":"https:\/\/www.ivinio.com\/sv\/#\/schema\/logo\/image\/"},"sameAs":["https:\/\/www.facebook.com\/groups\/165217837022391\/?ref=bookmarks","https:\/\/www.instagram.com\/_ivinio_\/?hl=fr"]}]}},"jetpack_sharing_enabled":true,"_links":{"self":[{"href":"https:\/\/www.ivinio.com\/sv\/wp-json\/wp\/v2\/product\/117615","targetHints":{"allow":["GET"]}}],"collection":[{"href":"https:\/\/www.ivinio.com\/sv\/wp-json\/wp\/v2\/product"}],"about":[{"href":"https:\/\/www.ivinio.com\/sv\/wp-json\/wp\/v2\/types\/product"}],"replies":[{"embeddable":true,"href":"https:\/\/www.ivinio.com\/sv\/wp-json\/wp\/v2\/comments?post=117615"}],"wp:featuredmedia":[{"embeddable":true,"href":"https:\/\/www.ivinio.com\/sv\/wp-json\/wp\/v2\/media\/117616"}],"wp:attachment":[{"href":"https:\/\/www.ivinio.com\/sv\/wp-json\/wp\/v2\/media?parent=117615"}],"wp:term":[{"taxonomy":"product_brand","embeddable":true,"href":"https:\/\/www.ivinio.com\/sv\/wp-json\/wp\/v2\/product_brand?post=117615"},{"taxonomy":"product_cat","embeddable":true,"href":"https:\/\/www.ivinio.com\/sv\/wp-json\/wp\/v2\/product_cat?post=117615"},{"taxonomy":"product_tag","embeddable":true,"href":"https:\/\/www.ivinio.com\/sv\/wp-json\/wp\/v2\/product_tag?post=117615"}],"curies":[{"name":"wp","href":"https:\/\/api.w.org\/{rel}","templated":true}]}}