{"id":117608,"date":"2014-05-21T10:20:32","date_gmt":"2014-05-21T10:20:32","guid":{"rendered":"https:\/\/henrik.www.ivinio.com\/?product=forchir-refoscone-2014-rod"},"modified":"2023-01-07T19:43:14","modified_gmt":"2023-01-07T18:43:14","slug":"forchir-refoscone-2014-rod","status":"publish","type":"product","link":"https:\/\/www.ivinio.com\/sv\/produkt\/forchir-refoscone-2014-rod\/","title":{"rendered":"Forchir &#8211; Refoscone &#8211; R\u00f6d"},"content":{"rendered":"<p>&#8220;Refoscone&#8221; \u00e4r det ursprungliga namnet f\u00f6r Refoscodruvan med ursprung fr\u00e5n Friuli. Druvan har funnits sedan romartiden och det \u00e4r kanske den\u00a0r\u00f6da\u00a0italienska druvsorten som b\u00e4st konkurrerat med de\u00a0franska r\u00f6da druvsorternas framfart under 1800-talet. Forchirs &#8220;Refoscone&#8221;\u00a0tillverkas enligt en egen metod; n\u00e4r druvorna mognat och klippts l\u00e4mnas de att torka en vecka\u00a0i h\u00f6stsolen. Efter j\u00e4sningsprocessen h\u00e4lls vinet p\u00e5 ekfat\u00a0f\u00f6r lagring i 12 m\u00e5nader. D\u00e4refter tappas det p\u00e5 flaska f\u00f6r att sedan lagras ytterligare 12 m\u00e5nader innan f\u00f6rs\u00e4ljning. Man\u00a0varken klarifierar eller filtrerar vinet f\u00f6r att p\u00e5\u00a0s\u00e4tt bevara de naturliga aromerna i vinet.<\/p>\n","protected":false},"excerpt":{"rendered":"<p>Forchir &#8220;Refosco&#8221; \u00e4r ett relativt kraftigt r\u00f6dvin gjort av den lokala\u00a0refoscodruvan.Ett sp\u00e4nnande och ovanligt r\u00f6dvin med inslag av r\u00f6da frukter och\u00a0kryddor.<\/p>\n","protected":false},"featured_media":117609,"comment_status":"open","ping_status":"closed","template":"","meta":{"_monsterinsights_skip_tracking":false,"_monsterinsights_sitenote_active":false,"_monsterinsights_sitenote_note":"","_monsterinsights_sitenote_category":0,"_uf_show_specific_survey":0,"_uf_disable_surveys":false},"product_brand":[],"product_cat":[36589],"product_tag":[],"class_list":{"0":"post-117608","1":"product","2":"type-product","3":"status-publish","4":"has-post-thumbnail","6":"product_cat-vins-italiens","7":"pa_alcohol-degree-13-5","8":"pa_awards-annuario-dei-migliori-vini-italiani-fr","9":"pa_awards-duemila-vini-fr","10":"pa_awards-il-golosario-fr","11":"pa_classification-igp-venezia-giulia-sv","12":"pa_color-rouge-fr","13":"pa_country-italie-fr","14":"pa_grape-variety-refosco-fr","15":"pa_region-friuli-fr","16":"pa_storage-potential-5-ans-fr","17":"pa_vintage-2019-fr","18":"pa_volume-75-cl-fr","20":"first","21":"instock","22":"taxable","23":"shipping-taxable","24":"purchasable","25":"product-type-simple"},"bundled_by":["117615"],"bundle_stock_status":"instock","bundle_stock_quantity":null,"bundle_virtual":false,"bundle_layout":"","bundle_add_to_cart_form_location":"","bundle_editable_in_cart":false,"bundle_sold_individually_context":"","bundle_item_grouping":"","bundle_min_size":"","bundle_max_size":"","bundle_price":[],"bundled_items":[],"bundle_sell_ids":[],"yoast_head":"<!-- This site is optimized with the Yoast SEO plugin v27.4 - https:\/\/yoast.com\/product\/yoast-seo-wordpress\/ -->\n<title>K\u00f6pa Forchir - Refoscone - IVINIO Vinbutik<\/title>\n<meta name=\"description\" content=\"K\u00f6pa Forchir - Refoscone. Ett relativt kraftigt r\u00f6dvin gjort av lokal refosco. Ett sp\u00e4nnande r\u00f6dvin med inslag av r\u00f6da frukter och kryddor.\" \/>\n<meta name=\"robots\" content=\"index, follow, max-snippet:-1, max-image-preview:large, max-video-preview:-1\" \/>\n<link rel=\"canonical\" href=\"https:\/\/www.ivinio.com\/sv\/produkt\/forchir-refoscone-2014-rod\/\" \/>\n<meta property=\"og:locale\" content=\"sv_SE\" \/>\n<meta property=\"og:type\" content=\"article\" \/>\n<meta property=\"og:title\" content=\"K\u00f6pa Forchir - Refoscone - IVINIO Vinbutik\" \/>\n<meta property=\"og:description\" content=\"K\u00f6pa Forchir - Refoscone. Ett relativt kraftigt r\u00f6dvin gjort av lokal refosco. Ett sp\u00e4nnande r\u00f6dvin med inslag av r\u00f6da frukter och kryddor.\" \/>\n<meta property=\"og:url\" content=\"https:\/\/www.ivinio.com\/sv\/produkt\/forchir-refoscone-2014-rod\/\" \/>\n<meta property=\"og:site_name\" content=\"IVINIO Vinbutik\" \/>\n<meta property=\"article:publisher\" content=\"https:\/\/www.facebook.com\/groups\/165217837022391\/?ref=bookmarks\" \/>\n<meta property=\"article:modified_time\" content=\"2023-01-07T18:43:14+00:00\" \/>\n<meta property=\"og:image\" content=\"https:\/\/www.ivinio.com\/wp-content\/uploads\/nc\/public\/modules\/file\/pictures\/4470.forchirrefoscone500x500.jpg\" \/>\n\t<meta property=\"og:image:width\" content=\"500\" \/>\n\t<meta property=\"og:image:height\" content=\"500\" \/>\n\t<meta property=\"og:image:type\" content=\"image\/jpeg\" \/>\n<meta name=\"twitter:card\" content=\"summary_large_image\" \/>\n<meta name=\"twitter:label1\" content=\"Ber\u00e4knad l\u00e4stid\" \/>\n\t<meta name=\"twitter:data1\" content=\"1 minut\" \/>\n<script type=\"application\/ld+json\" class=\"yoast-schema-graph\">{\"@context\":\"https:\\\/\\\/schema.org\",\"@graph\":[{\"@type\":\"WebPage\",\"@id\":\"https:\\\/\\\/www.ivinio.com\\\/sv\\\/produkt\\\/forchir-refoscone-2014-rod\\\/\",\"url\":\"https:\\\/\\\/www.ivinio.com\\\/sv\\\/produkt\\\/forchir-refoscone-2014-rod\\\/\",\"name\":\"K\u00f6pa Forchir - Refoscone - IVINIO Vinbutik\",\"isPartOf\":{\"@id\":\"https:\\\/\\\/www.ivinio.com\\\/sv\\\/#website\"},\"primaryImageOfPage\":{\"@id\":\"https:\\\/\\\/www.ivinio.com\\\/sv\\\/produkt\\\/forchir-refoscone-2014-rod\\\/#primaryimage\"},\"image\":{\"@id\":\"https:\\\/\\\/www.ivinio.com\\\/sv\\\/produkt\\\/forchir-refoscone-2014-rod\\\/#primaryimage\"},\"thumbnailUrl\":\"https:\\\/\\\/www.ivinio.com\\\/wp-content\\\/uploads\\\/nc\\\/public\\\/modules\\\/file\\\/pictures\\\/4470.forchirrefoscone500x500.jpg\",\"datePublished\":\"2014-05-21T10:20:32+00:00\",\"dateModified\":\"2023-01-07T18:43:14+00:00\",\"description\":\"K\u00f6pa Forchir - Refoscone. Ett relativt kraftigt r\u00f6dvin gjort av lokal refosco. Ett sp\u00e4nnande r\u00f6dvin med inslag av r\u00f6da frukter och kryddor.\",\"breadcrumb\":{\"@id\":\"https:\\\/\\\/www.ivinio.com\\\/sv\\\/produkt\\\/forchir-refoscone-2014-rod\\\/#breadcrumb\"},\"inLanguage\":\"sv-SE\",\"potentialAction\":[{\"@type\":\"ReadAction\",\"target\":[\"https:\\\/\\\/www.ivinio.com\\\/sv\\\/produkt\\\/forchir-refoscone-2014-rod\\\/\"]}]},{\"@type\":\"ImageObject\",\"inLanguage\":\"sv-SE\",\"@id\":\"https:\\\/\\\/www.ivinio.com\\\/sv\\\/produkt\\\/forchir-refoscone-2014-rod\\\/#primaryimage\",\"url\":\"https:\\\/\\\/www.ivinio.com\\\/wp-content\\\/uploads\\\/nc\\\/public\\\/modules\\\/file\\\/pictures\\\/4470.forchirrefoscone500x500.jpg\",\"contentUrl\":\"https:\\\/\\\/www.ivinio.com\\\/wp-content\\\/uploads\\\/nc\\\/public\\\/modules\\\/file\\\/pictures\\\/4470.forchirrefoscone500x500.jpg\",\"width\":500,\"height\":500,\"caption\":\"K\u00f6pa Forchir - Refoscone\"},{\"@type\":\"BreadcrumbList\",\"@id\":\"https:\\\/\\\/www.ivinio.com\\\/sv\\\/produkt\\\/forchir-refoscone-2014-rod\\\/#breadcrumb\",\"itemListElement\":[{\"@type\":\"ListItem\",\"position\":1,\"name\":\"Hem\",\"item\":\"https:\\\/\\\/www.ivinio.com\\\/sv\\\/\"},{\"@type\":\"ListItem\",\"position\":2,\"name\":\"Vinbutik\",\"item\":\"https:\\\/\\\/www.ivinio.com\\\/sv\\\/vinbutik\\\/\"},{\"@type\":\"ListItem\",\"position\":3,\"name\":\"Forchir &#8211; Refoscone &#8211; R\u00f6d\"}]},{\"@type\":\"WebSite\",\"@id\":\"https:\\\/\\\/www.ivinio.com\\\/sv\\\/#website\",\"url\":\"https:\\\/\\\/www.ivinio.com\\\/sv\\\/\",\"name\":\"IVINIO Vinbutik\",\"description\":\"Vin fr\u00e5n Frankrike och Italien med leverans hem till din d\u00f6rr\",\"publisher\":{\"@id\":\"https:\\\/\\\/www.ivinio.com\\\/sv\\\/#organization\"},\"potentialAction\":[{\"@type\":\"SearchAction\",\"target\":{\"@type\":\"EntryPoint\",\"urlTemplate\":\"https:\\\/\\\/www.ivinio.com\\\/sv\\\/?s={search_term_string}\"},\"query-input\":{\"@type\":\"PropertyValueSpecification\",\"valueRequired\":true,\"valueName\":\"search_term_string\"}}],\"inLanguage\":\"sv-SE\"},{\"@type\":\"Organization\",\"@id\":\"https:\\\/\\\/www.ivinio.com\\\/sv\\\/#organization\",\"name\":\"IVINIO\",\"url\":\"https:\\\/\\\/www.ivinio.com\\\/sv\\\/\",\"logo\":{\"@type\":\"ImageObject\",\"inLanguage\":\"sv-SE\",\"@id\":\"https:\\\/\\\/www.ivinio.com\\\/sv\\\/#\\\/schema\\\/logo\\\/image\\\/\",\"url\":\"https:\\\/\\\/www.ivinio.com\\\/wp-content\\\/uploads\\\/2021\\\/01\\\/Logo-Ivinio-v2.jpg\",\"contentUrl\":\"https:\\\/\\\/www.ivinio.com\\\/wp-content\\\/uploads\\\/2021\\\/01\\\/Logo-Ivinio-v2.jpg\",\"width\":1194,\"height\":1194,\"caption\":\"IVINIO\"},\"image\":{\"@id\":\"https:\\\/\\\/www.ivinio.com\\\/sv\\\/#\\\/schema\\\/logo\\\/image\\\/\"},\"sameAs\":[\"https:\\\/\\\/www.facebook.com\\\/groups\\\/165217837022391\\\/?ref=bookmarks\",\"https:\\\/\\\/www.instagram.com\\\/_ivinio_\\\/?hl=fr\"]}]}<\/script>\n<!-- \/ Yoast SEO plugin. -->","yoast_head_json":{"title":"K\u00f6pa Forchir - Refoscone - IVINIO Vinbutik","description":"K\u00f6pa Forchir - Refoscone. Ett relativt kraftigt r\u00f6dvin gjort av lokal refosco. Ett sp\u00e4nnande r\u00f6dvin med inslag av r\u00f6da frukter och kryddor.","robots":{"index":"index","follow":"follow","max-snippet":"max-snippet:-1","max-image-preview":"max-image-preview:large","max-video-preview":"max-video-preview:-1"},"canonical":"https:\/\/www.ivinio.com\/sv\/produkt\/forchir-refoscone-2014-rod\/","og_locale":"sv_SE","og_type":"article","og_title":"K\u00f6pa Forchir - Refoscone - IVINIO Vinbutik","og_description":"K\u00f6pa Forchir - Refoscone. Ett relativt kraftigt r\u00f6dvin gjort av lokal refosco. Ett sp\u00e4nnande r\u00f6dvin med inslag av r\u00f6da frukter och kryddor.","og_url":"https:\/\/www.ivinio.com\/sv\/produkt\/forchir-refoscone-2014-rod\/","og_site_name":"IVINIO Vinbutik","article_publisher":"https:\/\/www.facebook.com\/groups\/165217837022391\/?ref=bookmarks","article_modified_time":"2023-01-07T18:43:14+00:00","og_image":[{"width":500,"height":500,"url":"https:\/\/www.ivinio.com\/wp-content\/uploads\/nc\/public\/modules\/file\/pictures\/4470.forchirrefoscone500x500.jpg","type":"image\/jpeg"}],"twitter_card":"summary_large_image","twitter_misc":{"Ber\u00e4knad l\u00e4stid":"1 minut"},"schema":{"@context":"https:\/\/schema.org","@graph":[{"@type":"WebPage","@id":"https:\/\/www.ivinio.com\/sv\/produkt\/forchir-refoscone-2014-rod\/","url":"https:\/\/www.ivinio.com\/sv\/produkt\/forchir-refoscone-2014-rod\/","name":"K\u00f6pa Forchir - Refoscone - IVINIO Vinbutik","isPartOf":{"@id":"https:\/\/www.ivinio.com\/sv\/#website"},"primaryImageOfPage":{"@id":"https:\/\/www.ivinio.com\/sv\/produkt\/forchir-refoscone-2014-rod\/#primaryimage"},"image":{"@id":"https:\/\/www.ivinio.com\/sv\/produkt\/forchir-refoscone-2014-rod\/#primaryimage"},"thumbnailUrl":"https:\/\/www.ivinio.com\/wp-content\/uploads\/nc\/public\/modules\/file\/pictures\/4470.forchirrefoscone500x500.jpg","datePublished":"2014-05-21T10:20:32+00:00","dateModified":"2023-01-07T18:43:14+00:00","description":"K\u00f6pa Forchir - Refoscone. Ett relativt kraftigt r\u00f6dvin gjort av lokal refosco. Ett sp\u00e4nnande r\u00f6dvin med inslag av r\u00f6da frukter och kryddor.","breadcrumb":{"@id":"https:\/\/www.ivinio.com\/sv\/produkt\/forchir-refoscone-2014-rod\/#breadcrumb"},"inLanguage":"sv-SE","potentialAction":[{"@type":"ReadAction","target":["https:\/\/www.ivinio.com\/sv\/produkt\/forchir-refoscone-2014-rod\/"]}]},{"@type":"ImageObject","inLanguage":"sv-SE","@id":"https:\/\/www.ivinio.com\/sv\/produkt\/forchir-refoscone-2014-rod\/#primaryimage","url":"https:\/\/www.ivinio.com\/wp-content\/uploads\/nc\/public\/modules\/file\/pictures\/4470.forchirrefoscone500x500.jpg","contentUrl":"https:\/\/www.ivinio.com\/wp-content\/uploads\/nc\/public\/modules\/file\/pictures\/4470.forchirrefoscone500x500.jpg","width":500,"height":500,"caption":"K\u00f6pa Forchir - Refoscone"},{"@type":"BreadcrumbList","@id":"https:\/\/www.ivinio.com\/sv\/produkt\/forchir-refoscone-2014-rod\/#breadcrumb","itemListElement":[{"@type":"ListItem","position":1,"name":"Hem","item":"https:\/\/www.ivinio.com\/sv\/"},{"@type":"ListItem","position":2,"name":"Vinbutik","item":"https:\/\/www.ivinio.com\/sv\/vinbutik\/"},{"@type":"ListItem","position":3,"name":"Forchir &#8211; Refoscone &#8211; R\u00f6d"}]},{"@type":"WebSite","@id":"https:\/\/www.ivinio.com\/sv\/#website","url":"https:\/\/www.ivinio.com\/sv\/","name":"IVINIO Vinbutik","description":"Vin fr\u00e5n Frankrike och Italien med leverans hem till din d\u00f6rr","publisher":{"@id":"https:\/\/www.ivinio.com\/sv\/#organization"},"potentialAction":[{"@type":"SearchAction","target":{"@type":"EntryPoint","urlTemplate":"https:\/\/www.ivinio.com\/sv\/?s={search_term_string}"},"query-input":{"@type":"PropertyValueSpecification","valueRequired":true,"valueName":"search_term_string"}}],"inLanguage":"sv-SE"},{"@type":"Organization","@id":"https:\/\/www.ivinio.com\/sv\/#organization","name":"IVINIO","url":"https:\/\/www.ivinio.com\/sv\/","logo":{"@type":"ImageObject","inLanguage":"sv-SE","@id":"https:\/\/www.ivinio.com\/sv\/#\/schema\/logo\/image\/","url":"https:\/\/www.ivinio.com\/wp-content\/uploads\/2021\/01\/Logo-Ivinio-v2.jpg","contentUrl":"https:\/\/www.ivinio.com\/wp-content\/uploads\/2021\/01\/Logo-Ivinio-v2.jpg","width":1194,"height":1194,"caption":"IVINIO"},"image":{"@id":"https:\/\/www.ivinio.com\/sv\/#\/schema\/logo\/image\/"},"sameAs":["https:\/\/www.facebook.com\/groups\/165217837022391\/?ref=bookmarks","https:\/\/www.instagram.com\/_ivinio_\/?hl=fr"]}]}},"jetpack_sharing_enabled":true,"_links":{"self":[{"href":"https:\/\/www.ivinio.com\/sv\/wp-json\/wp\/v2\/product\/117608","targetHints":{"allow":["GET"]}}],"collection":[{"href":"https:\/\/www.ivinio.com\/sv\/wp-json\/wp\/v2\/product"}],"about":[{"href":"https:\/\/www.ivinio.com\/sv\/wp-json\/wp\/v2\/types\/product"}],"replies":[{"embeddable":true,"href":"https:\/\/www.ivinio.com\/sv\/wp-json\/wp\/v2\/comments?post=117608"}],"wp:featuredmedia":[{"embeddable":true,"href":"https:\/\/www.ivinio.com\/sv\/wp-json\/wp\/v2\/media\/117609"}],"wp:attachment":[{"href":"https:\/\/www.ivinio.com\/sv\/wp-json\/wp\/v2\/media?parent=117608"}],"wp:term":[{"taxonomy":"product_brand","embeddable":true,"href":"https:\/\/www.ivinio.com\/sv\/wp-json\/wp\/v2\/product_brand?post=117608"},{"taxonomy":"product_cat","embeddable":true,"href":"https:\/\/www.ivinio.com\/sv\/wp-json\/wp\/v2\/product_cat?post=117608"},{"taxonomy":"product_tag","embeddable":true,"href":"https:\/\/www.ivinio.com\/sv\/wp-json\/wp\/v2\/product_tag?post=117608"}],"curies":[{"name":"wp","href":"https:\/\/api.w.org\/{rel}","templated":true}]}}