{"id":117569,"date":"2014-05-21T12:20:32","date_gmt":"2014-05-21T10:20:32","guid":{"rendered":"https:\/\/henrik.www.ivinio.com\/?product=domaine-des-hautes-collines-de-la-cote-dazur-blandad-vinlada-2x3-flaskor"},"modified":"2023-01-07T19:43:09","modified_gmt":"2023-01-07T18:43:09","slug":"domaine-des-hautes-collines-de-la-cote-dazur-blandad-vinlada-2x3-flaskor","status":"publish","type":"product","link":"https:\/\/www.ivinio.com\/sv\/produkt\/domaine-des-hautes-collines-de-la-cote-dazur-blandad-vinlada-2x3-flaskor\/","title":{"rendered":"Domaine-des-hautes-collines-de-la-cote-dazur &#8211; Blandad vinl\u00e5da 2&#215;3 flaskor"},"content":{"rendered":"<p>Domaine des hautes Collines de la C\u00f4te d&#8217;Azur \u00e4r inte bara en ving\u00e5rd d\u00e4r man tillverkar gott vin sedan \u00e5rtusenden tillbaka, det \u00e4r ocks\u00e5 en lika bed\u00e5rande som unik plats i n\u00e4rheten av byn St Jeannet, bel\u00e4get p\u00e5 h\u00f6jderna ovan Nice i s\u00f6dra Frankrike. Vintillverkningen i St Jeannet inleddes av romarna redan f\u00f6r \u00f6ver 2000 \u00e5r sedan och \u00e4nda in p\u00e5 1960-talet kunde man njuta av den storslagna vykortsutsikten fr\u00e5n St Jeannet, med vy \u00f6ver vinlundarna och det azurbl\u00e5a havet i bakgrunden. Tyv\u00e4rr blev det kris i vinbranschen p\u00e5 60-talet och markpriserna steg i s\u00e5dan kraft att de flesta vinb\u00f6nderna i St Jeannet lockades att s\u00e4lja sina vin\u00e5krar till byggnadsentrepren\u00f6rer. Idag \u00e4r faktiskt Domaine des Hautes Collines de la C\u00f4te d&#8217;Azur den enda kvarvarande ving\u00e5rden i St Jeannet, men f\u00f6r den nostalgiske g\u00e5r det \u00e4nnu idag att \u00e5teruppleva bilden av St Jeannet&#8217;s vinlundar i Hitchcocks film &#8220;Ta fast tjuven! I B\u00f6rjan av filmen kan man se Cary Grant st\u00e5 som frontfigur framf\u00f6r de vackra vinodlingarna. Idag \u00e4r det Georges Rasse som stolt representerar vad som finns kvar av de flertusen\u00e5riga vinlundarna i St Jeannet. Vinet framst\u00e4lls p\u00e5 ett ur\u00e5ldrigt och helt unikt s\u00e4tt. Det j\u00e4sta vinet tappas i genomskinliga glasurnor som placeras utomhus helt utl\u00e4mnade \u00e5t v\u00e4drets makter. Varken ljus, kyla eller v\u00e4rme inverkar p\u00e5 den ur\u00e5ldriga processen att l\u00e5ta vinet mogna utomhus. Inte nog med att det \u00e4r en fr\u00f6jd f\u00f6r \u00f6gonen att se alla vinfyllda urnor uppradade utomhus, det hela har ocks\u00e5 en funktion d\u00e5 vistelsen utomhus bidrar till att stabilisera vinet och skapa de typiska aromerna f\u00f6r vin fr\u00e5n St Jeannet. Stabilisering- och klarifieringsprocessen \u00e4r allst\u00e5 helt naturlig och vinet har inga som helst tillsatser. Flaskettiketterna \u00e4r unika f\u00f6r varje \u00e5rg\u00e5ng och det \u00e4r Georges bror Denis som \u00e4r konstn\u00e4ren. De stora lagrings\u00e5ren representeras av mycket f\u00e4rgglada och detaljerade ettiketter, mindre och mer snabbdruckna \u00e5rg\u00e5ngar har mindre f\u00e4rgglada ettiketter. P\u00e5 s\u00e5 s\u00e4tt kan man sj\u00e4lv bed\u00f6mma n\u00e4r flaskan ska \u00f6ppnas och vilken lagringspotential flaskan har. Ving\u00e5rden har endast 4-5 hektars mark och vinet framst\u00e4lls n\u00e4st intill manuellt. En fantastisk ving\u00e5rd som har sin givna plats i den vinintresserades vink\u00e4llare.<\/p>\n<p>&nbsp;<\/p>\n<p>&nbsp;<\/p>\n","protected":false},"excerpt":{"rendered":"<p>Detta \u00e4r en blandad vinl\u00e5da med\u00a03 flaskor av r\u00f6d &#8220;Cuv\u00e9e Pressoir Romain&#8221; och 3 flaskor av den vita varianten.<\/p>\n<p>&nbsp;<\/p>\n","protected":false},"featured_media":117570,"comment_status":"open","ping_status":"closed","template":"","meta":{"_monsterinsights_skip_tracking":false,"_monsterinsights_sitenote_active":false,"_monsterinsights_sitenote_note":"","_monsterinsights_sitenote_category":0,"_uf_show_specific_survey":0,"_uf_disable_surveys":false},"product_brand":[],"product_cat":[36645],"product_tag":[],"class_list":{"0":"post-117569","1":"product","2":"type-product","3":"status-publish","4":"has-post-thumbnail","6":"product_cat-blandade-provsmakningslador","7":"pa_alcohol-degree-13-5-sv","8":"pa_awards-guide-hachette-sv","9":"pa_classification-igp-alpes-maritimes-sv","10":"pa_color-rod-sv","11":"pa_color-vit-sv","12":"pa_country-frankrike-sv","13":"pa_package-1x1-sv","14":"pa_package-1x6-sv","15":"pa_region-cote-dazur-sv","16":"pa_storage-potential-10-ar-sv","17":"pa_volume-75-cl-sv","19":"first","20":"instock","21":"taxable","22":"shipping-taxable","23":"purchasable","24":"product-type-bundle"},"bundled_by":[],"bundle_stock_status":"instock","bundle_stock_quantity":"","bundle_virtual":false,"bundle_layout":"grid","bundle_add_to_cart_form_location":"after_summary","bundle_editable_in_cart":false,"bundle_sold_individually_context":"product","bundle_item_grouping":"noindent","bundle_min_size":"","bundle_max_size":"","bundle_price":{"price":{"min":{"incl_tax":"110","excl_tax":"110"},"max":{"incl_tax":"110","excl_tax":"110"}},"regular_price":{"min":{"incl_tax":"110","excl_tax":"110"},"max":{"incl_tax":"110","excl_tax":"110"}}},"bundled_items":[{"bundled_item_id":7272,"product_id":117564,"menu_order":0,"quantity_min":1,"quantity_max":1,"quantity_default":1,"priced_individually":false,"shipped_individually":false,"override_title":false,"title":null,"override_description":false,"description":null,"optional":false,"hide_thumbnail":false,"discount":"","override_variations":true,"allowed_variations":[""],"override_default_variation_attributes":true,"default_variation_attributes":[],"single_product_visibility":"visible","cart_visibility":"hidden","order_visibility":"visible","single_product_price_visibility":"visible","cart_price_visibility":"visible","order_price_visibility":"visible","stock_status":"in_stock"},{"bundled_item_id":7273,"product_id":117559,"menu_order":1,"quantity_min":1,"quantity_max":1,"quantity_default":1,"priced_individually":false,"shipped_individually":false,"override_title":false,"title":null,"override_description":false,"description":null,"optional":false,"hide_thumbnail":false,"discount":"","override_variations":true,"allowed_variations":[""],"override_default_variation_attributes":true,"default_variation_attributes":[],"single_product_visibility":"visible","cart_visibility":"hidden","order_visibility":"visible","single_product_price_visibility":"visible","cart_price_visibility":"visible","order_price_visibility":"visible","stock_status":"in_stock"}],"bundle_sell_ids":[],"yoast_head":"<!-- This site is optimized with the Yoast SEO plugin v27.4 - https:\/\/yoast.com\/product\/yoast-seo-wordpress\/ -->\n<title>Domaine-des-hautes-collines-de-la-cote-dazur - Blandad vinl\u00e5da - IVINIO Vinbutik<\/title>\n<meta name=\"description\" content=\"K\u00f6pa Domaine-des-hautes-collines-de-la-cote-dazur - Blandad vinl\u00e5da med 3 r\u00f6da och 3 vita flaskor av &quot;Cuv\u00e9e Pressoir Romain&quot;.\" \/>\n<meta name=\"robots\" content=\"index, follow, max-snippet:-1, max-image-preview:large, max-video-preview:-1\" \/>\n<link rel=\"canonical\" href=\"https:\/\/www.ivinio.com\/sv\/produkt\/domaine-des-hautes-collines-de-la-cote-dazur-blandad-vinlada-2x3-flaskor\/\" \/>\n<meta property=\"og:locale\" content=\"sv_SE\" \/>\n<meta property=\"og:type\" content=\"article\" \/>\n<meta property=\"og:title\" content=\"Domaine-des-hautes-collines-de-la-cote-dazur - Blandad vinl\u00e5da - IVINIO Vinbutik\" \/>\n<meta property=\"og:description\" content=\"K\u00f6pa Domaine-des-hautes-collines-de-la-cote-dazur - Blandad vinl\u00e5da med 3 r\u00f6da och 3 vita flaskor av &quot;Cuv\u00e9e Pressoir Romain&quot;.\" \/>\n<meta property=\"og:url\" content=\"https:\/\/www.ivinio.com\/sv\/produkt\/domaine-des-hautes-collines-de-la-cote-dazur-blandad-vinlada-2x3-flaskor\/\" \/>\n<meta property=\"og:site_name\" content=\"IVINIO Vinbutik\" \/>\n<meta property=\"article:publisher\" content=\"https:\/\/www.facebook.com\/groups\/165217837022391\/?ref=bookmarks\" \/>\n<meta property=\"article:modified_time\" content=\"2023-01-07T18:43:09+00:00\" \/>\n<meta property=\"og:image\" content=\"https:\/\/www.ivinio.com\/wp-content\/uploads\/nc\/public\/modules\/file\/pictures\/6521.domaine-des-hautes-collines-cuv-e-du-pressoir-romain-pack-ivinio.jpg\" \/>\n\t<meta property=\"og:image:width\" content=\"500\" \/>\n\t<meta property=\"og:image:height\" content=\"500\" \/>\n\t<meta property=\"og:image:type\" content=\"image\/jpeg\" \/>\n<meta name=\"twitter:card\" content=\"summary_large_image\" \/>\n<meta name=\"twitter:label1\" content=\"Ber\u00e4knad l\u00e4stid\" \/>\n\t<meta name=\"twitter:data1\" content=\"2 minuter\" \/>\n<script type=\"application\/ld+json\" class=\"yoast-schema-graph\">{\"@context\":\"https:\\\/\\\/schema.org\",\"@graph\":[{\"@type\":\"WebPage\",\"@id\":\"https:\\\/\\\/www.ivinio.com\\\/sv\\\/produkt\\\/domaine-des-hautes-collines-de-la-cote-dazur-blandad-vinlada-2x3-flaskor\\\/\",\"url\":\"https:\\\/\\\/www.ivinio.com\\\/sv\\\/produkt\\\/domaine-des-hautes-collines-de-la-cote-dazur-blandad-vinlada-2x3-flaskor\\\/\",\"name\":\"Domaine-des-hautes-collines-de-la-cote-dazur - Blandad vinl\u00e5da - IVINIO Vinbutik\",\"isPartOf\":{\"@id\":\"https:\\\/\\\/www.ivinio.com\\\/sv\\\/#website\"},\"primaryImageOfPage\":{\"@id\":\"https:\\\/\\\/www.ivinio.com\\\/sv\\\/produkt\\\/domaine-des-hautes-collines-de-la-cote-dazur-blandad-vinlada-2x3-flaskor\\\/#primaryimage\"},\"image\":{\"@id\":\"https:\\\/\\\/www.ivinio.com\\\/sv\\\/produkt\\\/domaine-des-hautes-collines-de-la-cote-dazur-blandad-vinlada-2x3-flaskor\\\/#primaryimage\"},\"thumbnailUrl\":\"https:\\\/\\\/www.ivinio.com\\\/wp-content\\\/uploads\\\/nc\\\/public\\\/modules\\\/file\\\/pictures\\\/6521.domaine-des-hautes-collines-cuv-e-du-pressoir-romain-pack-ivinio.jpg\",\"datePublished\":\"2014-05-21T10:20:32+00:00\",\"dateModified\":\"2023-01-07T18:43:09+00:00\",\"description\":\"K\u00f6pa Domaine-des-hautes-collines-de-la-cote-dazur - Blandad vinl\u00e5da med 3 r\u00f6da och 3 vita flaskor av \\\"Cuv\u00e9e Pressoir Romain\\\".\",\"breadcrumb\":{\"@id\":\"https:\\\/\\\/www.ivinio.com\\\/sv\\\/produkt\\\/domaine-des-hautes-collines-de-la-cote-dazur-blandad-vinlada-2x3-flaskor\\\/#breadcrumb\"},\"inLanguage\":\"sv-SE\",\"potentialAction\":[{\"@type\":\"ReadAction\",\"target\":[\"https:\\\/\\\/www.ivinio.com\\\/sv\\\/produkt\\\/domaine-des-hautes-collines-de-la-cote-dazur-blandad-vinlada-2x3-flaskor\\\/\"]}]},{\"@type\":\"ImageObject\",\"inLanguage\":\"sv-SE\",\"@id\":\"https:\\\/\\\/www.ivinio.com\\\/sv\\\/produkt\\\/domaine-des-hautes-collines-de-la-cote-dazur-blandad-vinlada-2x3-flaskor\\\/#primaryimage\",\"url\":\"https:\\\/\\\/www.ivinio.com\\\/wp-content\\\/uploads\\\/nc\\\/public\\\/modules\\\/file\\\/pictures\\\/6521.domaine-des-hautes-collines-cuv-e-du-pressoir-romain-pack-ivinio.jpg\",\"contentUrl\":\"https:\\\/\\\/www.ivinio.com\\\/wp-content\\\/uploads\\\/nc\\\/public\\\/modules\\\/file\\\/pictures\\\/6521.domaine-des-hautes-collines-cuv-e-du-pressoir-romain-pack-ivinio.jpg\",\"width\":500,\"height\":500,\"caption\":\"Domaine-des-hautes-collines-de-la-cote-dazur\"},{\"@type\":\"BreadcrumbList\",\"@id\":\"https:\\\/\\\/www.ivinio.com\\\/sv\\\/produkt\\\/domaine-des-hautes-collines-de-la-cote-dazur-blandad-vinlada-2x3-flaskor\\\/#breadcrumb\",\"itemListElement\":[{\"@type\":\"ListItem\",\"position\":1,\"name\":\"Hem\",\"item\":\"https:\\\/\\\/www.ivinio.com\\\/sv\\\/\"},{\"@type\":\"ListItem\",\"position\":2,\"name\":\"Vinbutik\",\"item\":\"https:\\\/\\\/www.ivinio.com\\\/sv\\\/vinbutik\\\/\"},{\"@type\":\"ListItem\",\"position\":3,\"name\":\"Domaine-des-hautes-collines-de-la-cote-dazur &#8211; Blandad vinl\u00e5da 2&#215;3 flaskor\"}]},{\"@type\":\"WebSite\",\"@id\":\"https:\\\/\\\/www.ivinio.com\\\/sv\\\/#website\",\"url\":\"https:\\\/\\\/www.ivinio.com\\\/sv\\\/\",\"name\":\"IVINIO Vinbutik\",\"description\":\"Vin fr\u00e5n Frankrike och Italien med leverans hem till din d\u00f6rr\",\"publisher\":{\"@id\":\"https:\\\/\\\/www.ivinio.com\\\/sv\\\/#organization\"},\"potentialAction\":[{\"@type\":\"SearchAction\",\"target\":{\"@type\":\"EntryPoint\",\"urlTemplate\":\"https:\\\/\\\/www.ivinio.com\\\/sv\\\/?s={search_term_string}\"},\"query-input\":{\"@type\":\"PropertyValueSpecification\",\"valueRequired\":true,\"valueName\":\"search_term_string\"}}],\"inLanguage\":\"sv-SE\"},{\"@type\":\"Organization\",\"@id\":\"https:\\\/\\\/www.ivinio.com\\\/sv\\\/#organization\",\"name\":\"IVINIO\",\"url\":\"https:\\\/\\\/www.ivinio.com\\\/sv\\\/\",\"logo\":{\"@type\":\"ImageObject\",\"inLanguage\":\"sv-SE\",\"@id\":\"https:\\\/\\\/www.ivinio.com\\\/sv\\\/#\\\/schema\\\/logo\\\/image\\\/\",\"url\":\"https:\\\/\\\/www.ivinio.com\\\/wp-content\\\/uploads\\\/2021\\\/01\\\/Logo-Ivinio-v2.jpg\",\"contentUrl\":\"https:\\\/\\\/www.ivinio.com\\\/wp-content\\\/uploads\\\/2021\\\/01\\\/Logo-Ivinio-v2.jpg\",\"width\":1194,\"height\":1194,\"caption\":\"IVINIO\"},\"image\":{\"@id\":\"https:\\\/\\\/www.ivinio.com\\\/sv\\\/#\\\/schema\\\/logo\\\/image\\\/\"},\"sameAs\":[\"https:\\\/\\\/www.facebook.com\\\/groups\\\/165217837022391\\\/?ref=bookmarks\",\"https:\\\/\\\/www.instagram.com\\\/_ivinio_\\\/?hl=fr\"]}]}<\/script>\n<!-- \/ Yoast SEO plugin. -->","yoast_head_json":{"title":"Domaine-des-hautes-collines-de-la-cote-dazur - Blandad vinl\u00e5da - IVINIO Vinbutik","description":"K\u00f6pa Domaine-des-hautes-collines-de-la-cote-dazur - Blandad vinl\u00e5da med 3 r\u00f6da och 3 vita flaskor av \"Cuv\u00e9e Pressoir Romain\".","robots":{"index":"index","follow":"follow","max-snippet":"max-snippet:-1","max-image-preview":"max-image-preview:large","max-video-preview":"max-video-preview:-1"},"canonical":"https:\/\/www.ivinio.com\/sv\/produkt\/domaine-des-hautes-collines-de-la-cote-dazur-blandad-vinlada-2x3-flaskor\/","og_locale":"sv_SE","og_type":"article","og_title":"Domaine-des-hautes-collines-de-la-cote-dazur - Blandad vinl\u00e5da - IVINIO Vinbutik","og_description":"K\u00f6pa Domaine-des-hautes-collines-de-la-cote-dazur - Blandad vinl\u00e5da med 3 r\u00f6da och 3 vita flaskor av \"Cuv\u00e9e Pressoir Romain\".","og_url":"https:\/\/www.ivinio.com\/sv\/produkt\/domaine-des-hautes-collines-de-la-cote-dazur-blandad-vinlada-2x3-flaskor\/","og_site_name":"IVINIO Vinbutik","article_publisher":"https:\/\/www.facebook.com\/groups\/165217837022391\/?ref=bookmarks","article_modified_time":"2023-01-07T18:43:09+00:00","og_image":[{"width":500,"height":500,"url":"https:\/\/www.ivinio.com\/wp-content\/uploads\/nc\/public\/modules\/file\/pictures\/6521.domaine-des-hautes-collines-cuv-e-du-pressoir-romain-pack-ivinio.jpg","type":"image\/jpeg"}],"twitter_card":"summary_large_image","twitter_misc":{"Ber\u00e4knad l\u00e4stid":"2 minuter"},"schema":{"@context":"https:\/\/schema.org","@graph":[{"@type":"WebPage","@id":"https:\/\/www.ivinio.com\/sv\/produkt\/domaine-des-hautes-collines-de-la-cote-dazur-blandad-vinlada-2x3-flaskor\/","url":"https:\/\/www.ivinio.com\/sv\/produkt\/domaine-des-hautes-collines-de-la-cote-dazur-blandad-vinlada-2x3-flaskor\/","name":"Domaine-des-hautes-collines-de-la-cote-dazur - Blandad vinl\u00e5da - IVINIO Vinbutik","isPartOf":{"@id":"https:\/\/www.ivinio.com\/sv\/#website"},"primaryImageOfPage":{"@id":"https:\/\/www.ivinio.com\/sv\/produkt\/domaine-des-hautes-collines-de-la-cote-dazur-blandad-vinlada-2x3-flaskor\/#primaryimage"},"image":{"@id":"https:\/\/www.ivinio.com\/sv\/produkt\/domaine-des-hautes-collines-de-la-cote-dazur-blandad-vinlada-2x3-flaskor\/#primaryimage"},"thumbnailUrl":"https:\/\/www.ivinio.com\/wp-content\/uploads\/nc\/public\/modules\/file\/pictures\/6521.domaine-des-hautes-collines-cuv-e-du-pressoir-romain-pack-ivinio.jpg","datePublished":"2014-05-21T10:20:32+00:00","dateModified":"2023-01-07T18:43:09+00:00","description":"K\u00f6pa Domaine-des-hautes-collines-de-la-cote-dazur - Blandad vinl\u00e5da med 3 r\u00f6da och 3 vita flaskor av \"Cuv\u00e9e Pressoir Romain\".","breadcrumb":{"@id":"https:\/\/www.ivinio.com\/sv\/produkt\/domaine-des-hautes-collines-de-la-cote-dazur-blandad-vinlada-2x3-flaskor\/#breadcrumb"},"inLanguage":"sv-SE","potentialAction":[{"@type":"ReadAction","target":["https:\/\/www.ivinio.com\/sv\/produkt\/domaine-des-hautes-collines-de-la-cote-dazur-blandad-vinlada-2x3-flaskor\/"]}]},{"@type":"ImageObject","inLanguage":"sv-SE","@id":"https:\/\/www.ivinio.com\/sv\/produkt\/domaine-des-hautes-collines-de-la-cote-dazur-blandad-vinlada-2x3-flaskor\/#primaryimage","url":"https:\/\/www.ivinio.com\/wp-content\/uploads\/nc\/public\/modules\/file\/pictures\/6521.domaine-des-hautes-collines-cuv-e-du-pressoir-romain-pack-ivinio.jpg","contentUrl":"https:\/\/www.ivinio.com\/wp-content\/uploads\/nc\/public\/modules\/file\/pictures\/6521.domaine-des-hautes-collines-cuv-e-du-pressoir-romain-pack-ivinio.jpg","width":500,"height":500,"caption":"Domaine-des-hautes-collines-de-la-cote-dazur"},{"@type":"BreadcrumbList","@id":"https:\/\/www.ivinio.com\/sv\/produkt\/domaine-des-hautes-collines-de-la-cote-dazur-blandad-vinlada-2x3-flaskor\/#breadcrumb","itemListElement":[{"@type":"ListItem","position":1,"name":"Hem","item":"https:\/\/www.ivinio.com\/sv\/"},{"@type":"ListItem","position":2,"name":"Vinbutik","item":"https:\/\/www.ivinio.com\/sv\/vinbutik\/"},{"@type":"ListItem","position":3,"name":"Domaine-des-hautes-collines-de-la-cote-dazur &#8211; Blandad vinl\u00e5da 2&#215;3 flaskor"}]},{"@type":"WebSite","@id":"https:\/\/www.ivinio.com\/sv\/#website","url":"https:\/\/www.ivinio.com\/sv\/","name":"IVINIO Vinbutik","description":"Vin fr\u00e5n Frankrike och Italien med leverans hem till din d\u00f6rr","publisher":{"@id":"https:\/\/www.ivinio.com\/sv\/#organization"},"potentialAction":[{"@type":"SearchAction","target":{"@type":"EntryPoint","urlTemplate":"https:\/\/www.ivinio.com\/sv\/?s={search_term_string}"},"query-input":{"@type":"PropertyValueSpecification","valueRequired":true,"valueName":"search_term_string"}}],"inLanguage":"sv-SE"},{"@type":"Organization","@id":"https:\/\/www.ivinio.com\/sv\/#organization","name":"IVINIO","url":"https:\/\/www.ivinio.com\/sv\/","logo":{"@type":"ImageObject","inLanguage":"sv-SE","@id":"https:\/\/www.ivinio.com\/sv\/#\/schema\/logo\/image\/","url":"https:\/\/www.ivinio.com\/wp-content\/uploads\/2021\/01\/Logo-Ivinio-v2.jpg","contentUrl":"https:\/\/www.ivinio.com\/wp-content\/uploads\/2021\/01\/Logo-Ivinio-v2.jpg","width":1194,"height":1194,"caption":"IVINIO"},"image":{"@id":"https:\/\/www.ivinio.com\/sv\/#\/schema\/logo\/image\/"},"sameAs":["https:\/\/www.facebook.com\/groups\/165217837022391\/?ref=bookmarks","https:\/\/www.instagram.com\/_ivinio_\/?hl=fr"]}]}},"jetpack_sharing_enabled":true,"_links":{"self":[{"href":"https:\/\/www.ivinio.com\/sv\/wp-json\/wp\/v2\/product\/117569","targetHints":{"allow":["GET"]}}],"collection":[{"href":"https:\/\/www.ivinio.com\/sv\/wp-json\/wp\/v2\/product"}],"about":[{"href":"https:\/\/www.ivinio.com\/sv\/wp-json\/wp\/v2\/types\/product"}],"replies":[{"embeddable":true,"href":"https:\/\/www.ivinio.com\/sv\/wp-json\/wp\/v2\/comments?post=117569"}],"wp:featuredmedia":[{"embeddable":true,"href":"https:\/\/www.ivinio.com\/sv\/wp-json\/wp\/v2\/media\/117570"}],"wp:attachment":[{"href":"https:\/\/www.ivinio.com\/sv\/wp-json\/wp\/v2\/media?parent=117569"}],"wp:term":[{"taxonomy":"product_brand","embeddable":true,"href":"https:\/\/www.ivinio.com\/sv\/wp-json\/wp\/v2\/product_brand?post=117569"},{"taxonomy":"product_cat","embeddable":true,"href":"https:\/\/www.ivinio.com\/sv\/wp-json\/wp\/v2\/product_cat?post=117569"},{"taxonomy":"product_tag","embeddable":true,"href":"https:\/\/www.ivinio.com\/sv\/wp-json\/wp\/v2\/product_tag?post=117569"}],"curies":[{"name":"wp","href":"https:\/\/api.w.org\/{rel}","templated":true}]}}