{"id":117564,"date":"2014-05-21T10:20:32","date_gmt":"2014-05-21T10:20:32","guid":{"rendered":"https:\/\/henrik.www.ivinio.com\/?product=domaine-des-hautes-collines-de-la-cote-dazur-cuvee-du-pressoir-romain-2017-rod"},"modified":"2023-01-07T19:43:08","modified_gmt":"2023-01-07T18:43:08","slug":"domaine-des-hautes-collines-de-la-cote-dazur-cuvee-du-pressoir-romain-2017-rod","status":"publish","type":"product","link":"https:\/\/www.ivinio.com\/sv\/produkt\/domaine-des-hautes-collines-de-la-cote-dazur-cuvee-du-pressoir-romain-2017-rod\/","title":{"rendered":"Domaine des hautes Collines de la C\u00f4te d&#8217;Azur, Cuv\u00e9e du Pressoir Romain &#8211; R\u00f6d"},"content":{"rendered":"<p>Cuv\u00e9e du Pressoir Romain g\u00f6rs av inte mindre \u00e4n 5 olika druvsorter; Mourv\u00e8dre, Merlot, Cabernet Sauvignon, Syrah, Grenache och Braquet. Vinet framst\u00e4lls p\u00e5 samma s\u00e4tt som det gjorts de senaste 2 \u00e5rtusendena. Mognadsgraden av varje druvsort bed\u00f6ms varje \u00e5r innan sk\u00f6rden och den avg\u00f6r\u00a0sedan vilken andel druvor av var sort som ska anv\u00e4ndas till \u00e5rets vin. Efter att vinet har j\u00e4sts tappas det p\u00e5 glasurnor och st\u00e4lls ut utomhus f\u00f6r att mogna och stabiliseras i 3 m\u00e5nader. D\u00e4refter lagras vinet i ytterligare 12 m\u00e5nader p\u00e5 kvalitetsekfat fr\u00e5n Bordeaux innan det tappas p\u00e5 flaska. Vinet \u00e4r helt naturligt\u00a0och framst\u00e4lls biologiskt. Inga tillsatser tillf\u00f6rs och vinet filtreras inte.<\/p>\n","protected":false},"excerpt":{"rendered":"<p>Cuv\u00e9e du Pressoir Romain \u00e4r ett fruktigt och kryddigt r\u00f6dvin\u00a0som mognat utomhus i glasurnor i 3 m\u00e5nader och sedan p\u00e5 ekfat i ytterligare 12 m\u00e5nader.\u00a0Biologiskt och helt\u00a0naturligt, ett mycket annorlunda och sp\u00e4nnande r\u00f6dvin!<\/p>\n","protected":false},"featured_media":117565,"comment_status":"open","ping_status":"closed","template":"","meta":{"_monsterinsights_skip_tracking":false,"_monsterinsights_sitenote_active":false,"_monsterinsights_sitenote_note":"","_monsterinsights_sitenote_category":0,"_uf_show_specific_survey":0,"_uf_disable_surveys":false},"product_brand":[],"product_cat":[36588,36624],"product_tag":[],"class_list":{"0":"post-117564","1":"product","2":"type-product","3":"status-publish","4":"has-post-thumbnail","6":"product_cat-franska-viner","7":"product_cat-sv-provence","8":"pa_alcohol-degree-13-5-sv","9":"pa_classification-igp-alpes-maritimes-sv","10":"pa_color-rod-sv","11":"pa_country-frankrike-sv","12":"pa_grape-variety-braquet","13":"pa_grape-variety-cabernet-sauvignon","14":"pa_grape-variety-grenache-sv","15":"pa_grape-variety-merlot-sv","16":"pa_grape-variety-mourvedre-sv","17":"pa_grape-variety-syrah-sv","18":"pa_region-cote-dazur-sv","19":"pa_storage-potential-8-ar","20":"pa_vintage-2018-sv","21":"pa_volume-75-cl-sv","23":"first","24":"instock","25":"taxable","26":"shipping-taxable","27":"purchasable","28":"product-type-simple"},"bundled_by":["117569"],"bundle_stock_status":"instock","bundle_stock_quantity":null,"bundle_virtual":false,"bundle_layout":"","bundle_add_to_cart_form_location":"","bundle_editable_in_cart":false,"bundle_sold_individually_context":"","bundle_item_grouping":"","bundle_min_size":"","bundle_max_size":"","bundle_price":[],"bundled_items":[],"bundle_sell_ids":[],"yoast_head":"<!-- This site is optimized with the Yoast SEO plugin v27.4 - https:\/\/yoast.com\/product\/yoast-seo-wordpress\/ -->\n<title>domaine des hautes Collines de la C\u00f4te d&#039;Azur - k\u00f6pa franska viner fr\u00e5n provence p\u00e5 n\u00e4tet - vinbutik online Ivinio.com<\/title>\n<meta name=\"description\" content=\"Cuv\u00e9e du Pressoir Romain \u00e4r ett fruktigt och kryddigt r\u00f6dvin som mognat utomhus i glasurnor i 3 m\u00e5nader och sedan p\u00e5 ekfat i ytterligare 12 m\u00e5nader. Biologiskt och helt naturligt, ett mycket annorlunda och sp\u00e4nnande r\u00f6dvin!\" \/>\n<meta name=\"robots\" content=\"index, follow, max-snippet:-1, max-image-preview:large, max-video-preview:-1\" \/>\n<link rel=\"canonical\" href=\"https:\/\/www.ivinio.com\/sv\/produkt\/domaine-des-hautes-collines-de-la-cote-dazur-cuvee-du-pressoir-romain-2017-rod\/\" \/>\n<meta property=\"og:locale\" content=\"sv_SE\" \/>\n<meta property=\"og:type\" content=\"article\" \/>\n<meta property=\"og:title\" content=\"domaine des hautes Collines de la C\u00f4te d&#039;Azur - k\u00f6pa franska viner fr\u00e5n provence p\u00e5 n\u00e4tet - vinbutik online Ivinio.com\" \/>\n<meta property=\"og:description\" content=\"Cuv\u00e9e du Pressoir Romain \u00e4r ett fruktigt och kryddigt r\u00f6dvin som mognat utomhus i glasurnor i 3 m\u00e5nader och sedan p\u00e5 ekfat i ytterligare 12 m\u00e5nader. Biologiskt och helt naturligt, ett mycket annorlunda och sp\u00e4nnande r\u00f6dvin!\" \/>\n<meta property=\"og:url\" content=\"https:\/\/www.ivinio.com\/sv\/produkt\/domaine-des-hautes-collines-de-la-cote-dazur-cuvee-du-pressoir-romain-2017-rod\/\" \/>\n<meta property=\"og:site_name\" content=\"IVINIO Vinbutik\" \/>\n<meta property=\"article:publisher\" content=\"https:\/\/www.facebook.com\/groups\/165217837022391\/?ref=bookmarks\" \/>\n<meta property=\"article:modified_time\" content=\"2023-01-07T18:43:08+00:00\" \/>\n<meta property=\"og:image\" content=\"https:\/\/www.ivinio.com\/wp-content\/uploads\/nc\/public\/modules\/file\/pictures\/6516.domaine-des-hautes-collines-de-la-c-te-d-azur-cuv-e-du-pressoir-romain-rouge-ivinio.jpg\" \/>\n\t<meta property=\"og:image:width\" content=\"500\" \/>\n\t<meta property=\"og:image:height\" content=\"500\" \/>\n\t<meta property=\"og:image:type\" content=\"image\/jpeg\" \/>\n<meta name=\"twitter:card\" content=\"summary_large_image\" \/>\n<meta name=\"twitter:label1\" content=\"Ber\u00e4knad l\u00e4stid\" \/>\n\t<meta name=\"twitter:data1\" content=\"1 minut\" \/>\n<script type=\"application\/ld+json\" class=\"yoast-schema-graph\">{\"@context\":\"https:\\\/\\\/schema.org\",\"@graph\":[{\"@type\":\"WebPage\",\"@id\":\"https:\\\/\\\/www.ivinio.com\\\/sv\\\/produkt\\\/domaine-des-hautes-collines-de-la-cote-dazur-cuvee-du-pressoir-romain-2017-rod\\\/\",\"url\":\"https:\\\/\\\/www.ivinio.com\\\/sv\\\/produkt\\\/domaine-des-hautes-collines-de-la-cote-dazur-cuvee-du-pressoir-romain-2017-rod\\\/\",\"name\":\"domaine des hautes Collines de la C\u00f4te d'Azur - k\u00f6pa franska viner fr\u00e5n provence p\u00e5 n\u00e4tet - vinbutik online Ivinio.com\",\"isPartOf\":{\"@id\":\"https:\\\/\\\/www.ivinio.com\\\/sv\\\/#website\"},\"primaryImageOfPage\":{\"@id\":\"https:\\\/\\\/www.ivinio.com\\\/sv\\\/produkt\\\/domaine-des-hautes-collines-de-la-cote-dazur-cuvee-du-pressoir-romain-2017-rod\\\/#primaryimage\"},\"image\":{\"@id\":\"https:\\\/\\\/www.ivinio.com\\\/sv\\\/produkt\\\/domaine-des-hautes-collines-de-la-cote-dazur-cuvee-du-pressoir-romain-2017-rod\\\/#primaryimage\"},\"thumbnailUrl\":\"https:\\\/\\\/www.ivinio.com\\\/wp-content\\\/uploads\\\/nc\\\/public\\\/modules\\\/file\\\/pictures\\\/6516.domaine-des-hautes-collines-de-la-c-te-d-azur-cuv-e-du-pressoir-romain-rouge-ivinio.jpg\",\"datePublished\":\"2014-05-21T10:20:32+00:00\",\"dateModified\":\"2023-01-07T18:43:08+00:00\",\"description\":\"Cuv\u00e9e du Pressoir Romain \u00e4r ett fruktigt och kryddigt r\u00f6dvin som mognat utomhus i glasurnor i 3 m\u00e5nader och sedan p\u00e5 ekfat i ytterligare 12 m\u00e5nader. Biologiskt och helt naturligt, ett mycket annorlunda och sp\u00e4nnande r\u00f6dvin!\",\"breadcrumb\":{\"@id\":\"https:\\\/\\\/www.ivinio.com\\\/sv\\\/produkt\\\/domaine-des-hautes-collines-de-la-cote-dazur-cuvee-du-pressoir-romain-2017-rod\\\/#breadcrumb\"},\"inLanguage\":\"sv-SE\",\"potentialAction\":[{\"@type\":\"ReadAction\",\"target\":[\"https:\\\/\\\/www.ivinio.com\\\/sv\\\/produkt\\\/domaine-des-hautes-collines-de-la-cote-dazur-cuvee-du-pressoir-romain-2017-rod\\\/\"]}]},{\"@type\":\"ImageObject\",\"inLanguage\":\"sv-SE\",\"@id\":\"https:\\\/\\\/www.ivinio.com\\\/sv\\\/produkt\\\/domaine-des-hautes-collines-de-la-cote-dazur-cuvee-du-pressoir-romain-2017-rod\\\/#primaryimage\",\"url\":\"https:\\\/\\\/www.ivinio.com\\\/wp-content\\\/uploads\\\/nc\\\/public\\\/modules\\\/file\\\/pictures\\\/6516.domaine-des-hautes-collines-de-la-c-te-d-azur-cuv-e-du-pressoir-romain-rouge-ivinio.jpg\",\"contentUrl\":\"https:\\\/\\\/www.ivinio.com\\\/wp-content\\\/uploads\\\/nc\\\/public\\\/modules\\\/file\\\/pictures\\\/6516.domaine-des-hautes-collines-de-la-c-te-d-azur-cuv-e-du-pressoir-romain-rouge-ivinio.jpg\",\"width\":500,\"height\":500},{\"@type\":\"BreadcrumbList\",\"@id\":\"https:\\\/\\\/www.ivinio.com\\\/sv\\\/produkt\\\/domaine-des-hautes-collines-de-la-cote-dazur-cuvee-du-pressoir-romain-2017-rod\\\/#breadcrumb\",\"itemListElement\":[{\"@type\":\"ListItem\",\"position\":1,\"name\":\"Hem\",\"item\":\"https:\\\/\\\/www.ivinio.com\\\/sv\\\/\"},{\"@type\":\"ListItem\",\"position\":2,\"name\":\"Vinbutik\",\"item\":\"https:\\\/\\\/www.ivinio.com\\\/sv\\\/vinbutik\\\/\"},{\"@type\":\"ListItem\",\"position\":3,\"name\":\"Domaine des hautes Collines de la C\u00f4te d&#8217;Azur, Cuv\u00e9e du Pressoir Romain &#8211; R\u00f6d\"}]},{\"@type\":\"WebSite\",\"@id\":\"https:\\\/\\\/www.ivinio.com\\\/sv\\\/#website\",\"url\":\"https:\\\/\\\/www.ivinio.com\\\/sv\\\/\",\"name\":\"IVINIO Vinbutik\",\"description\":\"Vin fr\u00e5n Frankrike och Italien med leverans hem till din d\u00f6rr\",\"publisher\":{\"@id\":\"https:\\\/\\\/www.ivinio.com\\\/sv\\\/#organization\"},\"potentialAction\":[{\"@type\":\"SearchAction\",\"target\":{\"@type\":\"EntryPoint\",\"urlTemplate\":\"https:\\\/\\\/www.ivinio.com\\\/sv\\\/?s={search_term_string}\"},\"query-input\":{\"@type\":\"PropertyValueSpecification\",\"valueRequired\":true,\"valueName\":\"search_term_string\"}}],\"inLanguage\":\"sv-SE\"},{\"@type\":\"Organization\",\"@id\":\"https:\\\/\\\/www.ivinio.com\\\/sv\\\/#organization\",\"name\":\"IVINIO\",\"url\":\"https:\\\/\\\/www.ivinio.com\\\/sv\\\/\",\"logo\":{\"@type\":\"ImageObject\",\"inLanguage\":\"sv-SE\",\"@id\":\"https:\\\/\\\/www.ivinio.com\\\/sv\\\/#\\\/schema\\\/logo\\\/image\\\/\",\"url\":\"https:\\\/\\\/www.ivinio.com\\\/wp-content\\\/uploads\\\/2021\\\/01\\\/Logo-Ivinio-v2.jpg\",\"contentUrl\":\"https:\\\/\\\/www.ivinio.com\\\/wp-content\\\/uploads\\\/2021\\\/01\\\/Logo-Ivinio-v2.jpg\",\"width\":1194,\"height\":1194,\"caption\":\"IVINIO\"},\"image\":{\"@id\":\"https:\\\/\\\/www.ivinio.com\\\/sv\\\/#\\\/schema\\\/logo\\\/image\\\/\"},\"sameAs\":[\"https:\\\/\\\/www.facebook.com\\\/groups\\\/165217837022391\\\/?ref=bookmarks\",\"https:\\\/\\\/www.instagram.com\\\/_ivinio_\\\/?hl=fr\"]}]}<\/script>\n<!-- \/ Yoast SEO plugin. -->","yoast_head_json":{"title":"domaine des hautes Collines de la C\u00f4te d'Azur - k\u00f6pa franska viner fr\u00e5n provence p\u00e5 n\u00e4tet - vinbutik online Ivinio.com","description":"Cuv\u00e9e du Pressoir Romain \u00e4r ett fruktigt och kryddigt r\u00f6dvin som mognat utomhus i glasurnor i 3 m\u00e5nader och sedan p\u00e5 ekfat i ytterligare 12 m\u00e5nader. Biologiskt och helt naturligt, ett mycket annorlunda och sp\u00e4nnande r\u00f6dvin!","robots":{"index":"index","follow":"follow","max-snippet":"max-snippet:-1","max-image-preview":"max-image-preview:large","max-video-preview":"max-video-preview:-1"},"canonical":"https:\/\/www.ivinio.com\/sv\/produkt\/domaine-des-hautes-collines-de-la-cote-dazur-cuvee-du-pressoir-romain-2017-rod\/","og_locale":"sv_SE","og_type":"article","og_title":"domaine des hautes Collines de la C\u00f4te d'Azur - k\u00f6pa franska viner fr\u00e5n provence p\u00e5 n\u00e4tet - vinbutik online Ivinio.com","og_description":"Cuv\u00e9e du Pressoir Romain \u00e4r ett fruktigt och kryddigt r\u00f6dvin som mognat utomhus i glasurnor i 3 m\u00e5nader och sedan p\u00e5 ekfat i ytterligare 12 m\u00e5nader. Biologiskt och helt naturligt, ett mycket annorlunda och sp\u00e4nnande r\u00f6dvin!","og_url":"https:\/\/www.ivinio.com\/sv\/produkt\/domaine-des-hautes-collines-de-la-cote-dazur-cuvee-du-pressoir-romain-2017-rod\/","og_site_name":"IVINIO Vinbutik","article_publisher":"https:\/\/www.facebook.com\/groups\/165217837022391\/?ref=bookmarks","article_modified_time":"2023-01-07T18:43:08+00:00","og_image":[{"width":500,"height":500,"url":"https:\/\/www.ivinio.com\/wp-content\/uploads\/nc\/public\/modules\/file\/pictures\/6516.domaine-des-hautes-collines-de-la-c-te-d-azur-cuv-e-du-pressoir-romain-rouge-ivinio.jpg","type":"image\/jpeg"}],"twitter_card":"summary_large_image","twitter_misc":{"Ber\u00e4knad l\u00e4stid":"1 minut"},"schema":{"@context":"https:\/\/schema.org","@graph":[{"@type":"WebPage","@id":"https:\/\/www.ivinio.com\/sv\/produkt\/domaine-des-hautes-collines-de-la-cote-dazur-cuvee-du-pressoir-romain-2017-rod\/","url":"https:\/\/www.ivinio.com\/sv\/produkt\/domaine-des-hautes-collines-de-la-cote-dazur-cuvee-du-pressoir-romain-2017-rod\/","name":"domaine des hautes Collines de la C\u00f4te d'Azur - k\u00f6pa franska viner fr\u00e5n provence p\u00e5 n\u00e4tet - vinbutik online Ivinio.com","isPartOf":{"@id":"https:\/\/www.ivinio.com\/sv\/#website"},"primaryImageOfPage":{"@id":"https:\/\/www.ivinio.com\/sv\/produkt\/domaine-des-hautes-collines-de-la-cote-dazur-cuvee-du-pressoir-romain-2017-rod\/#primaryimage"},"image":{"@id":"https:\/\/www.ivinio.com\/sv\/produkt\/domaine-des-hautes-collines-de-la-cote-dazur-cuvee-du-pressoir-romain-2017-rod\/#primaryimage"},"thumbnailUrl":"https:\/\/www.ivinio.com\/wp-content\/uploads\/nc\/public\/modules\/file\/pictures\/6516.domaine-des-hautes-collines-de-la-c-te-d-azur-cuv-e-du-pressoir-romain-rouge-ivinio.jpg","datePublished":"2014-05-21T10:20:32+00:00","dateModified":"2023-01-07T18:43:08+00:00","description":"Cuv\u00e9e du Pressoir Romain \u00e4r ett fruktigt och kryddigt r\u00f6dvin som mognat utomhus i glasurnor i 3 m\u00e5nader och sedan p\u00e5 ekfat i ytterligare 12 m\u00e5nader. Biologiskt och helt naturligt, ett mycket annorlunda och sp\u00e4nnande r\u00f6dvin!","breadcrumb":{"@id":"https:\/\/www.ivinio.com\/sv\/produkt\/domaine-des-hautes-collines-de-la-cote-dazur-cuvee-du-pressoir-romain-2017-rod\/#breadcrumb"},"inLanguage":"sv-SE","potentialAction":[{"@type":"ReadAction","target":["https:\/\/www.ivinio.com\/sv\/produkt\/domaine-des-hautes-collines-de-la-cote-dazur-cuvee-du-pressoir-romain-2017-rod\/"]}]},{"@type":"ImageObject","inLanguage":"sv-SE","@id":"https:\/\/www.ivinio.com\/sv\/produkt\/domaine-des-hautes-collines-de-la-cote-dazur-cuvee-du-pressoir-romain-2017-rod\/#primaryimage","url":"https:\/\/www.ivinio.com\/wp-content\/uploads\/nc\/public\/modules\/file\/pictures\/6516.domaine-des-hautes-collines-de-la-c-te-d-azur-cuv-e-du-pressoir-romain-rouge-ivinio.jpg","contentUrl":"https:\/\/www.ivinio.com\/wp-content\/uploads\/nc\/public\/modules\/file\/pictures\/6516.domaine-des-hautes-collines-de-la-c-te-d-azur-cuv-e-du-pressoir-romain-rouge-ivinio.jpg","width":500,"height":500},{"@type":"BreadcrumbList","@id":"https:\/\/www.ivinio.com\/sv\/produkt\/domaine-des-hautes-collines-de-la-cote-dazur-cuvee-du-pressoir-romain-2017-rod\/#breadcrumb","itemListElement":[{"@type":"ListItem","position":1,"name":"Hem","item":"https:\/\/www.ivinio.com\/sv\/"},{"@type":"ListItem","position":2,"name":"Vinbutik","item":"https:\/\/www.ivinio.com\/sv\/vinbutik\/"},{"@type":"ListItem","position":3,"name":"Domaine des hautes Collines de la C\u00f4te d&#8217;Azur, Cuv\u00e9e du Pressoir Romain &#8211; R\u00f6d"}]},{"@type":"WebSite","@id":"https:\/\/www.ivinio.com\/sv\/#website","url":"https:\/\/www.ivinio.com\/sv\/","name":"IVINIO Vinbutik","description":"Vin fr\u00e5n Frankrike och Italien med leverans hem till din d\u00f6rr","publisher":{"@id":"https:\/\/www.ivinio.com\/sv\/#organization"},"potentialAction":[{"@type":"SearchAction","target":{"@type":"EntryPoint","urlTemplate":"https:\/\/www.ivinio.com\/sv\/?s={search_term_string}"},"query-input":{"@type":"PropertyValueSpecification","valueRequired":true,"valueName":"search_term_string"}}],"inLanguage":"sv-SE"},{"@type":"Organization","@id":"https:\/\/www.ivinio.com\/sv\/#organization","name":"IVINIO","url":"https:\/\/www.ivinio.com\/sv\/","logo":{"@type":"ImageObject","inLanguage":"sv-SE","@id":"https:\/\/www.ivinio.com\/sv\/#\/schema\/logo\/image\/","url":"https:\/\/www.ivinio.com\/wp-content\/uploads\/2021\/01\/Logo-Ivinio-v2.jpg","contentUrl":"https:\/\/www.ivinio.com\/wp-content\/uploads\/2021\/01\/Logo-Ivinio-v2.jpg","width":1194,"height":1194,"caption":"IVINIO"},"image":{"@id":"https:\/\/www.ivinio.com\/sv\/#\/schema\/logo\/image\/"},"sameAs":["https:\/\/www.facebook.com\/groups\/165217837022391\/?ref=bookmarks","https:\/\/www.instagram.com\/_ivinio_\/?hl=fr"]}]}},"jetpack_sharing_enabled":true,"_links":{"self":[{"href":"https:\/\/www.ivinio.com\/sv\/wp-json\/wp\/v2\/product\/117564","targetHints":{"allow":["GET"]}}],"collection":[{"href":"https:\/\/www.ivinio.com\/sv\/wp-json\/wp\/v2\/product"}],"about":[{"href":"https:\/\/www.ivinio.com\/sv\/wp-json\/wp\/v2\/types\/product"}],"replies":[{"embeddable":true,"href":"https:\/\/www.ivinio.com\/sv\/wp-json\/wp\/v2\/comments?post=117564"}],"wp:featuredmedia":[{"embeddable":true,"href":"https:\/\/www.ivinio.com\/sv\/wp-json\/wp\/v2\/media\/117565"}],"wp:attachment":[{"href":"https:\/\/www.ivinio.com\/sv\/wp-json\/wp\/v2\/media?parent=117564"}],"wp:term":[{"taxonomy":"product_brand","embeddable":true,"href":"https:\/\/www.ivinio.com\/sv\/wp-json\/wp\/v2\/product_brand?post=117564"},{"taxonomy":"product_cat","embeddable":true,"href":"https:\/\/www.ivinio.com\/sv\/wp-json\/wp\/v2\/product_cat?post=117564"},{"taxonomy":"product_tag","embeddable":true,"href":"https:\/\/www.ivinio.com\/sv\/wp-json\/wp\/v2\/product_tag?post=117564"}],"curies":[{"name":"wp","href":"https:\/\/api.w.org\/{rel}","templated":true}]}}